{"id":1631,"date":"2024-12-23T06:59:20","date_gmt":"2024-12-23T06:59:20","guid":{"rendered":"https:\/\/fmp-components.com\/product\/durable-10-ton-hydraulic-telescopic-cylinder-for-trailer\/"},"modified":"2024-12-23T08:38:42","modified_gmt":"2024-12-23T08:38:42","slug":"durable-10-ton-hydraulic-telescopic-cylinder-for-trailer","status":"publish","type":"product","link":"https:\/\/fmp-components.com\/sl\/product\/durable-10-ton-hydraulic-telescopic-cylinder-for-trailer\/","title":{"rendered":"Trpe\u017een 10-tonski hidravli\u010dni teleskopski cilinder za prikolico"},"content":{"rendered":"<h2>Predstavljamo vam vzdr\u017eljiv 10-tonski hidravli\u010dni teleskopski cilinder za prikolico:<\/h2>\n<p>Vzdr\u017eljiv 10-tonski hidravli\u010dni teleskopski cilinder za prikolico je visokokakovosten in zanesljiv izdelek, zasnovan za zagotavljanje vrhunske zmogljivosti pri razli\u010dnih aplikacijah s prikolicami. S svojo robustno konstrukcijo in napredno hidravli\u010dno tehnologijo ta cilinder ponuja izjemno dvi\u017eno zmogljivost in stabilnost.<\/p>\n<p>Klju\u010dne lastnosti:<br \/>\n1. Vrhunska trdnost: Cilinder je izdelan tako, da prenese velike obremenitve z najve\u010djo dvi\u017eno zmogljivostjo 10 ton. Zagotavlja optimalno delovanje tudi v zahtevnih delovnih pogojih.<\/p>\n<p>2. Teleskopska zasnova: Teleskopska funkcija omogo\u010da enostavno prilagajanje dol\u017eine cilindra, kar zagotavlja fleksibilnost in prilagodljivost razli\u010dnim vi\u0161inam priklopnikov in zahtevam glede obremenitve.<\/p>\n<p>3. Precizna izdelava: Cilinder je natan\u010dno zasnovan za zagotavljanje gladkih in nadzorovanih gibov. Omogo\u010da natan\u010dno pozicioniranje in nadzorovano dvigovanje, kar pove\u010duje splo\u0161no operativno u\u010dinkovitost.<\/p>\n<p>4. Trpe\u017ena konstrukcija: Jeklenka je izdelana iz visokokakovostnih materialov in je izdelana tako, da prenese zahtevno in neprekinjeno uporabo. Odporna je na korozijo, obrabo in trganje, kar zagotavlja dolgotrajno vzdr\u017eljivost.<\/p>\n<p>5. Enostavna namestitev: Cilinder je zasnovan za enostavno namestitev, ki zahteva minimalen \u010das in trud. Prilo\u017eeni so vsi potrebni dodatki za monta\u017eo in jasna navodila za enostavno namestitev.<\/p>\n<p>6. Vsestranska uporaba: Cilinder je primeren za razli\u010dne tipe priklopnikov, vklju\u010dno s priklopniki s plo\u0161\u010dadjo, kiperji in delovnimi priklopniki, zasnovan pa je tako, da ustreza razli\u010dnim potrebam dvigovanja in prevoza v panogah, kot so gradbeni\u0161tvo, kmetijstvo in transport.<\/p>\n<p>7. Varnostni ukrepi: Jeklenka je opremljena z varnostnimi funkcijami za zagotavljanje varnega in zanesljivega delovanja. Vklju\u010duje za\u0161\u010dito pred preobremenitvijo, tesnila proti pu\u0161\u010danju in vgrajen sistem varnostnega zaklepanja za dodatno brezskrbnost.<\/p>\n<table style=\"width: 100%;\" border=\"1\" width=\"100%\" cellspacing=\"0\" cellpadding=\"0\">\n<tbody>\n<tr>\n<th>Ime izdelka<\/th>\n<td>Trpe\u017een 10-tonski hidravli\u010dni teleskopski cilinder za prikolico<\/td>\n<\/tr>\n<tr>\n<th>Stanje<\/th>\n<td>Novo<\/td>\n<\/tr>\n<tr>\n<th>Garancija<\/th>\n<td>1 leto<\/td>\n<\/tr>\n<tr>\n<th>Te\u017ea (kg)<\/th>\n<td>78<\/td>\n<\/tr>\n<tr>\n<th>Najve\u010dji potisk<\/th>\n<td>3000<\/td>\n<\/tr>\n<tr>\n<th>Najve\u010dji vlek<\/th>\n<td>20 ton<\/td>\n<\/tr>\n<tr>\n<th>Zmogljivost<\/th>\n<td>Izjemna zmogljivost in vzdr\u017eljivost<\/td>\n<\/tr>\n<tr>\n<th>Vsestranskost<\/th>\n<td>Idealno za te\u017eka dela<\/td>\n<\/tr>\n<tr>\n<th>Uporabne panoge<\/th>\n<td>Proizvodni obrati, delavnice za popravilo strojev, kmetije, energetika in rudarstvo, proizvodnja strojev, tovarne strojev<\/td>\n<\/tr>\n<\/tbody>\n<\/table>\n<h2>Klju\u010dne zna\u010dilnosti hidravli\u010dnega teleskopskega cilindra<\/h2>\n<p><img decoding=\"async\" src=\"https:\/\/hzpt.com\/wp-content\/uploads\/2023\/11\/Inverted-Telescopic-Cylinder-23.webp\" alt=\"\" title=\"\"><\/p>\n<ul>\n<li>Standardna konstrukcija bata in cilindra s hidravli\u010dno mo\u010djo.<\/li>\n<li>Izdelano z visokokakovostnim jeklenim ohi\u0161jem za ve\u010djo vzdr\u017eljivost.<\/li>\n<li>Ima obrnjene teleskopske cilindre.<\/li>\n<li>Ponuja najve\u010dji vle\u010dni napor 20 ton in najve\u010dji potisk 3000.<\/li>\n<li>Certifikat ISO9001:2000, ki zagotavlja kakovost in zanesljivost.<\/li>\n<\/ul>\n<h2>Uporaba hidravli\u010dnega teleskopskega cilindra<\/h2>\n<ul>\n<li>Idealno za uporabo v proizvodnih obratih in strojnih tovarnah.<\/li>\n<li>Uporablja se lahko v delavnicah za popravila strojev za te\u017eka popravila.<\/li>\n<li>Uporabno na kmetijah za razli\u010dne kmetijske stroje.<\/li>\n<li>Primerno za energetsko in rudarsko industrijo.<\/li>\n<li>Uporablja se lahko v strojni industriji za razli\u010dne namene.<\/li>\n<\/ul>\n<p><img decoding=\"async\" src=\"https:\/\/hzpt.com\/wp-content\/uploads\/2023\/11\/Inverted-Telescopic-Cylinder-Applications.webp\" alt=\"Uporaba teleskopskega cilindra\" title=\"\"><\/p>\n<h2>Na\u010delo delovanja in vzdr\u017eevanje hidravli\u010dnega teleskopskega cilindra<\/h2>\n<p>Hidravli\u010dni teleskopski cilinder deluje na preprostem principu. Hidravli\u010dna teko\u010dina se \u010drpa v cilinder, ki pritiska na bat in ustvarja silo na izhodu cilindra. To silo je mogo\u010de uporabiti za opravljanje razli\u010dnih nalog, kot sta dvigovanje te\u017ekih bremen ali upravljanje strojev.<\/p>\n<ul>\n<li>Konfiguracija: Cilinder je konfiguriran s standardno batno strukturo, ki jo poganja hidravli\u010dna teko\u010dina.<\/li>\n<li>Vhod hidravli\u010dne teko\u010dine: Cilinder deluje tako, da \u010drpa hidravli\u010dno teko\u010dino v batno komoro.<\/li>\n<li>Izhodna sila: Hidravli\u010dna teko\u010dina ustvarja silo, ki jo je mogo\u010de uporabiti za izvajanje razli\u010dnih nalog.<\/li>\n<li>Vzdr\u017eevanje: Redni pregled, \u010di\u0161\u010denje in mazanje hidravli\u010dnega cilindra je klju\u010dnega pomena za njegovo optimalno delovanje in dolgo \u017eivljenjsko dobo.<\/li>\n<li>Zamenjava tesnila: S\u010dasoma se tesnila v valju lahko obrabijo in jih je treba zamenjati, da se prepre\u010di pu\u0161\u010danje in ohrani u\u010dinkovitost.<\/li>\n<\/ul>\n<p><img decoding=\"async\" src=\"https:\/\/hzpt.com\/wp-content\/uploads\/2023\/11\/Inverted-Telescopic-Cylinder-18.webp\" alt=\"\" title=\"\"><\/p>\n<h2>Obrnjen teleskopski valj<\/h2>\n<p>Trpe\u017een 10-tonski hidravli\u010dni teleskopski cilinder za prikolice je klju\u010dna komponenta, ki je odgovorna za dvigovanje in spu\u0161\u010danje te\u017ekih bremen. Obrnjen teleskopski cilinder je inovativna zasnova teleskopskih cilindrov, ki zagotavlja vrhunsko zmogljivost in vzdr\u017eljivost v primerjavi z drugimi izvedbami. V tem \u010dlanku bomo raziskali zasnovo in zna\u010dilnosti obrnjenega teleskopskega cilindra.<\/p>\n<h3>Zna\u010dilnosti oblikovanja<\/h3>\n<p>Obrnjen teleskopski valj ima edinstveno zasnovo, ki vklju\u010duje batnico, pritrjeno na dno valja. Podno\u017eje valja je pritrjeno na prikolico, batnica pa sega navzgor v valj. Batnica je povezana z batom, ki se premika znotraj valja. Valj je sestavljen iz ve\u010d stopenj, kar omogo\u010da, da se valj raztegne in umakne na razli\u010dne dol\u017eine. Stopnje so povezane z zatesnjenimi spoji, ki prepre\u010dujejo pu\u0161\u010danje teko\u010dine in vzdr\u017eujejo tlak.<\/p>\n<p>Ena klju\u010dnih zna\u010dilnosti zasnove obrnjenega teleskopskega cilindra je uporaba enosmernega hidravli\u010dnega sistema. Ta sistem za iztegovanje cilindra uporablja tlak teko\u010dine, za vrnitev pa gravitacijo. Ta zasnova odpravlja potrebo po povratnem vodu, kar poenostavi hidravli\u010dni sistem in zmanj\u0161a tveganje pu\u0161\u010danja. Poleg tega obrnjena zasnova cilindra zagotavlja vrhunsko stabilnost in zmanj\u0161uje tveganje prevra\u010danja, kar je klju\u010dnega pomena pri dvigovanju te\u017ekih bremen.<\/p>\n<h3>Prednosti za u\u010dinkovitost delovanja<\/h3>\n<p>Obrnjeni teleskopski valj ponuja ve\u010d prednosti v primerjavi z drugimi izvedbami. Uporaba enosmernega hidravli\u010dnega sistema zmanj\u0161uje tveganje pu\u0161\u010danja in poenostavlja sistem, kar izbolj\u0161a zanesljivost in zmanj\u0161a stro\u0161ke vzdr\u017eevanja. Obrnjena zasnova valja zagotavlja vrhunsko stabilnost in zmanj\u0161uje tveganje prevra\u010danja, kar je klju\u010dnega pomena pri dvigovanju te\u017ekih bremen. Poleg tega uporaba ve\u010d stopenj omogo\u010da, da se valj raztegne in umakne na razli\u010dne dol\u017eine, kar zagotavlja prilagodljivost pri dvigovanju in prevozu bremen.<\/p>\n<p>Zatesnjeni spoji v valju prepre\u010dujejo pu\u0161\u010danje teko\u010dine in vzdr\u017eujejo tlak, kar izbolj\u0161a splo\u0161no u\u010dinkovitost hidravli\u010dnega sistema. Uporaba visokokakovostnih materialov in natan\u010dnih proizvodnih tehnik zagotavlja, da je cilinder vzdr\u017eljiv in lahko prenese intenzivno uporabo v dalj\u0161em \u010dasovnem obdobju. Obrnjen teleskopski cilinder je zasnovan tako, da zagotavlja zanesljivo delovanje v zahtevnih okoljih, zaradi \u010desar je idealen za uporabo v gradbeni\u0161tvu, rudarstvu in transportni industriji.<\/p>\n<p>Obrnjeni teleskopski valj je inovativna zasnova teleskopskih valjev, ki zagotavlja vrhunsko zmogljivost in vzdr\u017eljivost v primerjavi z drugimi izvedbami. Uporaba enosmernega hidravli\u010dnega sistema, zatesnjenih spojev in natan\u010dnih proizvodnih tehnik zagotavlja zanesljivost in vzdr\u017eljivost valja. Poleg tega obrnjena zasnova valja zagotavlja vrhunsko stabilnost in zmanj\u0161uje tveganje prevra\u010danja, kar je klju\u010dnega pomena pri dvigovanju te\u017ekih bremen. Obrnjeni teleskopski valj je idealna izbira za vse, ki potrebujejo trpe\u017een in zanesljiv hidravli\u010dni valj za dvigovanje in prevoz te\u017ekih bremen.<\/p>\n<h3>O FMP-ju<\/h3>\n<p>FMP je podjetje, specializirano za proizvodnjo in prodajo hidravli\u010dnih cilindrov. S sede\u017eem v Italiji ponujamo visokokakovostne in zanesljive hidravli\u010dne cilindre, ki jih izdelujemo z dolgoletnimi izku\u0161njami v industriji in profesionalno ekipo.<\/p>\n<p><img decoding=\"async\" src=\"https:\/\/fmp-components.com\/wp-content\/uploads\/2024\/12\/Adjustable-Clevis-Type-Cylinders-6.webp\" alt=\"Nastavljiv valj tipa Clevis\" width=\"817\" title=\"\"><\/p>\n<ol>\n<li>\u0160iroka paleta izdelkov: Ponujamo raznoliko paleto hidravli\u010dnih cilindrov, primernih za razli\u010dne aplikacije v gradbeni mehanizaciji.<\/li>\n<li>Vrhunska kakovost: Vsi na\u0161i hidravli\u010dni cilindri so izdelani iz vrhunskih materialov in so podvr\u017eeni strogim kontrolam kakovosti, da se zagotovi njihova vzdr\u017eljivost in zmogljivost.<\/li>\n<li>Mo\u017enosti prilagajanja: Ponujamo storitve prilagajanja, da zadostimo specifi\u010dnim zahtevam na\u0161ih strank in zagotovimo re\u0161itve po meri za njihove potrebe glede gradbenih strojev.<\/li>\n<li>Strokovna prodajna ekipa: Na\u0161a izku\u0161ena prodajna ekipa ima poglobljeno znanje o industriji gradbenih strojev in lahko nudi strokovna svetovanja o izdelkih, da bi strankam pomagala pri sprejemanju premi\u0161ljenih odlo\u010ditev o nakupu.<\/li>\n<li>U\u010dinkovita logistika: Z na\u0161im u\u010dinkovitim logisti\u010dnim distribucijskim sistemom zagotavljamo pravo\u010dasno in natan\u010dno dobavo hidravli\u010dnih cilindrov na\u0161im strankam, s \u010dimer zagotavljamo nemoten potek projektov brez zamud.<\/li>\n<\/ol>\n<p>Za vse va\u0161e potrebe po hidravli\u010dnih cilindrih sodelujte s podjetjem FMP in izkusite zanesljivost, kakovost in profesionalnost, ki nas lo\u010dijo od drugih v industriji gradbenih strojev.<\/p>\n<p>Avtor: CX<\/p>","protected":false},"excerpt":{"rendered":"<p>Introducing the Durable 10 Ton Hydraulic Telescopic Cylinder for Trailer: The Durable 10 Ton Hydraulic Telescopic Cylinder for Trailer is a high-quality and reliable product designed to provide superior performance in various trailer applications. With its sturdy construction and advanced hydraulic technology, this cylinder offers exceptional lifting capacity and stability. Key Features: 1. Superior Strength: [&hellip;]<\/p>","protected":false},"featured_media":1632,"comment_status":"closed","ping_status":"closed","template":"","meta":{"_et_pb_use_builder":"","_et_pb_old_content":"","_et_gb_content_width":""},"product_brand":[],"product_cat":[45],"product_tag":[34,48],"class_list":{"0":"post-1631","1":"product","2":"type-product","3":"status-publish","4":"has-post-thumbnail","6":"product_cat-inverted-telescopic-cylinder","7":"product_tag-hydraulic-cylinder","8":"product_tag-inverted-telescopic-cylinder","10":"first","11":"instock","12":"product-type-simple"},"_links":{"self":[{"href":"https:\/\/fmp-components.com\/sl\/wp-json\/wp\/v2\/product\/1631","targetHints":{"allow":["GET"]}}],"collection":[{"href":"https:\/\/fmp-components.com\/sl\/wp-json\/wp\/v2\/product"}],"about":[{"href":"https:\/\/fmp-components.com\/sl\/wp-json\/wp\/v2\/types\/product"}],"replies":[{"embeddable":true,"href":"https:\/\/fmp-components.com\/sl\/wp-json\/wp\/v2\/comments?post=1631"}],"wp:featuredmedia":[{"embeddable":true,"href":"https:\/\/fmp-components.com\/sl\/wp-json\/wp\/v2\/media\/1632"}],"wp:attachment":[{"href":"https:\/\/fmp-components.com\/sl\/wp-json\/wp\/v2\/media?parent=1631"}],"wp:term":[{"taxonomy":"product_brand","embeddable":true,"href":"https:\/\/fmp-components.com\/sl\/wp-json\/wp\/v2\/product_brand?post=1631"},{"taxonomy":"product_cat","embeddable":true,"href":"https:\/\/fmp-components.com\/sl\/wp-json\/wp\/v2\/product_cat?post=1631"},{"taxonomy":"product_tag","embeddable":true,"href":"https:\/\/fmp-components.com\/sl\/wp-json\/wp\/v2\/product_tag?post=1631"}],"curies":[{"name":"delovni list","href":"https:\/\/api.w.org\/{rel}","templated":true}]}}