{"id":1619,"date":"2024-12-23T06:59:20","date_gmt":"2024-12-23T06:59:20","guid":{"rendered":"https:\/\/fmp-components.com\/product\/factory-serving-hydraulic-cylinder-double-acting-small-dump-truck-hydraulic-cylinder\/"},"modified":"2024-12-23T08:37:33","modified_gmt":"2024-12-23T08:37:33","slug":"factory-serving-hydraulic-cylinder-double-acting-small-dump-truck-hydraulic-cylinder","status":"publish","type":"product","link":"https:\/\/fmp-components.com\/sl\/product\/factory-serving-hydraulic-cylinder-double-acting-small-dump-truck-hydraulic-cylinder\/","title":{"rendered":"Tovarni\u0161ko serviran hidravli\u010dni cilinder dvojno delujo\u010di hidravli\u010dni cilinder za mala prekucnika"},"content":{"rendered":"<p>Tovarni\u0161ko dobavljen hidravli\u010dni cilinder z dvojnim delovanjem za majhne prekucnike je visokokakovosten izdelek, zasnovan za uporabo v prekucnikih. S svojo dvojno delujo\u010do funkcijo ta hidravli\u010dni cilinder ponuja u\u010dinkovito in zmogljivo delovanje. Izdeluje ga ugledna tovarna, specializirana za proizvodnjo hidravli\u010dnih cilindrov, kar zagotavlja zanesljivost in vzdr\u017eljivost.<\/p>\n<p>Ta hidravli\u010dni cilinder je posebej zasnovan za prekucnike, zaradi \u010desar je idealen za razli\u010dne aplikacije v gradbeni\u0161tvu in logistiki. Njegova kompaktna velikost omogo\u010da enostavno namestitev in integracijo v sisteme prekucnikov.<\/p>\n<p>Tovarni\u0161ko delujo\u010di hidravli\u010dni cilinder za majhne prekucnike je izdelan tako, da prenese velike obremenitve in te\u017eke delovne pogoje. Njegova robustna konstrukcija in visokokakovostni materiali zagotavljajo dolgotrajno delovanje in minimalne potrebe po vzdr\u017eevanju.<\/p>\n<p>Ta hidravli\u010dni cilinder, opremljen z dvojnim delovanjem, omogo\u010da tako iztegovanje kot vle\u010denje, kar zagotavlja gladek in natan\u010den nadzor nad dvigovanjem in praznjenjem prekucnika. Ta funkcija pove\u010duje produktivnost in u\u010dinkovitost, kar omogo\u010da kraj\u0161e \u010dase ciklov in ve\u010djo operativno zmogljivost.<\/p>\n<p>Pri tem hidravli\u010dnem cilindru je varnost na prvem mestu. Opremljen je z zanesljivimi tesnili in mehanizmi za prepre\u010devanje pu\u0161\u010danja in zagotavljanje pravilnega delovanja. To zagotavlja varnost tako upravljavca kot okolice.<\/p>\n<p>Skratka, tovarni\u0161ko delujo\u010di hidravli\u010dni cilinder za majhne prekucnike je zanesljiv in u\u010dinkovit izdelek, zasnovan za prekucnike. Zaradi svoje dvojno delujo\u010de funkcije, kompaktne velikosti in vzdr\u017eljivosti je odli\u010dna izbira za razli\u010dne aplikacije v gradbeni\u0161tvu in logistiki. Zaradi visokokakovostne konstrukcije in varnostnih lastnosti je ta hidravli\u010dni cilinder dragocen dodatek k vsakemu sistemu prekucnikov.<\/p>\n<h2>Predstavljamo vam dvostranski hidravli\u010dni cilinder za mala tovornjaka<\/h2>\n<p>I\u0161\u010dete najnovej\u0161o hidravli\u010dno tehnologijo? Ne i\u0161\u010dite dlje kot na\u0161 najnovej\u0161i izdelek za leto 2023! Na\u0161 dvosmerni hidravli\u010dni cilinder za manj\u0161e prekucnike je najsodobnej\u0161a hidravli\u010dna komponenta, zasnovana in izdelana v na\u0161i tovarni. Z razli\u010dnimi funkcijami je ta hidravli\u010dni cilinder idealen za panoge, kot so proizvodni obrati, delavnice za popravilo strojev, kmetije, energetika in rudarstvo ter proizvodnja strojev.<\/p>\n<h3>Klju\u010dne zna\u010dilnosti na\u0161ega hidravli\u010dnega cilindra<\/h3>\n<ul>\n<li>Novo oblikovano: To je povsem nov izdelek, predstavljen leta 2023, ki zagotavlja, da dobite najnovej\u0161o tehnologijo.<\/li>\n<li>Zagotavljanje kakovosti: Hidravli\u010dni cilinder ima 1-letno garancijo, za zagotavljanje kakovosti pa je prilo\u017een tudi videoposnetek pregleda.<\/li>\n<li>Trpe\u017ene osrednje komponente: Opremljen je z trpe\u017enimi osrednjimi komponentami, kot sta le\u017eaj in batni valj.<\/li>\n<li>Za te\u017eka dela: Z najve\u010djim potiskom 3000 in najve\u010djim vle\u010dnim pogonom 20 ton je zasnovan za te\u017eka dela.<\/li>\n<li>Standardne specifikacije: Cilinder je standarden, z batno strukturo cilindra, jeklenim ohi\u0161jem in hidravli\u010dno mo\u010djo.<\/li>\n<\/ul>\n<p><img decoding=\"async\" src=\"https:\/\/hzpt.com\/wp-content\/uploads\/2023\/11\/Inverted-Telescopic-Cylinder-22.webp\" alt=\"\" title=\"\"><\/p>\n<h3>Uporaba hidravli\u010dnega cilindra<\/h3>\n<p>Na\u0161 hidravli\u010dni cilinder je vsestranski in se lahko uporablja v razli\u010dnih panogah in aplikacijah, vklju\u010dno z:<\/p>\n<ul>\n<li>Proizvodni obrati: Za uporabo v te\u017ekih strojih in opremi.<\/li>\n<li>Strojne delavnice: Idealne za popravilo in vzdr\u017eevanje te\u017ekih strojev.<\/li>\n<li>Kmetije: Uporablja se lahko v kmetijski opremi za razli\u010dne operacije.<\/li>\n<li>Energija in rudarstvo: Idealno za uporabo v te\u017eki rudarski opremi.<\/li>\n<li>Strojna proizvodnja: Idealno za izdelavo razli\u010dnih strojnih delov.<\/li>\n<\/ul>\n<p><img decoding=\"async\" src=\"https:\/\/hzpt.com\/wp-content\/uploads\/2023\/11\/Inverted-Telescopic-Cylinder-Applications.webp\" alt=\"Uporaba hidravli\u010dnih cilindrov\" title=\"\"><\/p>\n<h3>Na\u010delo delovanja in vzdr\u017eevanje hidravli\u010dnega cilindra<\/h3>\n<p>Hidravli\u010dni cilinder deluje na principu ustvarjanja linearnega gibanja in sile s tlakom hidravli\u010dne teko\u010dine. Pravilno vzdr\u017eevanje hidravli\u010dnega cilindra je klju\u010dnega pomena, kar vklju\u010duje:<\/p>\n<ul>\n<li>Redni pregled: Redni pregled cilindra glede morebitnih znakov obrabe.<\/li>\n<li>\u010ci\u0161\u010denje: Redno \u010distite valj, da prepre\u010dite nabiranje prahu in umazanije.<\/li>\n<li>Mazanje: Zagotavljanje, da so gibljivi deli valja dobro mazani.<\/li>\n<li>Redni pregledi in popravila: Redno pregledovanje in izvajanje potrebnih popravil za zagotovitev brezhibnega delovanja cilindra.<\/li>\n<li>Zamenjava tesnil: Redno preverjajte in menjajte tesnila, da prepre\u010dite pu\u0161\u010danje.<\/li>\n<\/ul>\n<p><img decoding=\"async\" src=\"https:\/\/hzpt.com\/wp-content\/uploads\/2023\/11\/Inverted-Telescopic-Cylinder-4.webp\" alt=\"\" title=\"\"><\/p>\n<h2>Obrnjen teleskopski valj<\/h2>\n<p>Tovarni\u0161ko servirani hidravli\u010dni cilinder:<\/p>\n<p>Hidravli\u010dni cilindri so bistveni sestavni deli v razli\u010dnih industrijskih aplikacijah, saj zagotavljajo mo\u010d in silo, potrebno za premikanje te\u017ekih strojev in opreme. Ena vrsta hidravli\u010dnega cilindra, ki izstopa po zasnovi in \u200b\u200bfunkcionalnosti, je obrnjen teleskopski cilinder.<\/p>\n<p>Ta tip hidravli\u010dnega cilindra, ki ga je zasnovala in izdelala na\u0161a tovarna, ponuja vrhunsko zmogljivost in zanesljivost, zaradi \u010desar je idealna izbira za razli\u010dne aplikacije, vklju\u010dno z majhnimi prekucniki.<\/p>\n<p>Dvojno igranje:<\/p>\n<p>Obrnjeni teleskopski cilinder je dvosmerno delujo\u010d cilinder, kar pomeni, da lahko ustvarja silo v obe smeri. Ta funkcija omogo\u010da natan\u010dnej\u0161i nadzor in u\u010dinkovitej\u0161e delovanje hidravli\u010dnega sistema. Ne glede na to, ali gre za iztegovanje ali umikanje, lahko cilinder zagotavlja dosledno in mo\u010dno silo za dosego \u017eelene naloge.<\/p>\n<p>Hidravli\u010dni cilinder za majhne tovornjake:<\/p>\n<p>Obrnjeni teleskopski cilinder, zasnovan posebej za majhne prekucnike, ponuja ve\u010d prednosti pred drugimi vrstami hidravli\u010dnih cilindrov. Zaradi kompaktne velikosti in lahke zasnove je odli\u010dna izbira za aplikacije, kjer je prostor omejen in je treba zmanj\u0161ati te\u017eo.<\/p>\n<p>Hidravli\u010dni cilinder za majhne prekucnike je sposoben preva\u017eati te\u017eke tovore, hkrati pa zagotavlja gladko in nadzorovano gibanje med postopkom odlaganja. Z natan\u010dnim pozicioniranjem in visoko dvi\u017eno zmogljivostjo zagotavlja u\u010dinkovito delovanje in ve\u010djo produktivnost.<\/p>\n<p>Klju\u010dne lastnosti:<\/p>\n<ul>\n<li>Visokokakovostni materiali: Cilinder je izdelan iz visokokakovostnih materialov, ki zagotavljajo vzdr\u017eljivost in dolgo \u017eivljenjsko dobo tudi v zahtevnih delovnih pogojih.<\/li>\n<li>Brezhibno delovanje: Zasnova in in\u017eeniring cilindra zagotavljata gladko in u\u010dinkovito delovanje, kar zmanj\u0161uje izgubo energije in pove\u010duje zmogljivost.<\/li>\n<li>Tesnila in pu\u0161e: Cilinder je opremljen z visokozmogljivimi tesnili in pu\u0161ami, ki nudijo odli\u010dno odpornost proti obrabi in podalj\u0161ujejo \u017eivljenjsko dobo cilindra.<\/li>\n<li>Enostavno vzdr\u017eevanje: Zasnova cilindra omogo\u010da enostaven dostop do notranjih komponent, kar poenostavlja vzdr\u017eevanje in skraj\u0161a \u010das izpada.<\/li>\n<\/ul>\n<p>Z izjemno zmogljivostjo, zanesljivostjo in vzdr\u017eljivostjo je obrnjeni teleskopski cilinder, ki ga izdelujemo v na\u0161i tovarni, idealna izbira za majhne prekucnike in razli\u010dne druge aplikacije, ki zahtevajo visokokakovostne hidravli\u010dne cilindre. Zaupajte na\u0161emu strokovnemu znanju in izku\u0161njam, da vam zagotovimo najbolj\u0161e hidravli\u010dne re\u0161itve za va\u0161e specifi\u010dne potrebe.<\/p>\n<h3>O FMP-ju<\/h3>\n<p>FMP je podjetje, specializirano za proizvodnjo in prodajo hidravli\u010dnih cilindrov. Predani smo temu, da svojim strankam zagotavljamo visokokakovostne in zanesljive hidravli\u010dne cilindre za razli\u010dne vrste gradbenih strojev. Z dolgoletnimi izku\u0161njami v industriji in profesionalno ekipo ponujamo izjemne izdelke in storitve, ki ustrezajo potrebam na\u0161ih strank.<\/p>\n<p><strong>1. \u0160iroka paleta hidravli\u010dnih cilindrov:<\/strong> Na\u0161a ponudba izdelkov vklju\u010duje razli\u010dne hidravli\u010dne cilindre, kot so cilindri z nastavljivim u\u0161esom, teleskopski cilindri in dvostransko delujo\u010di cilindri. Ponujamo re\u0161itve za razli\u010dne vrste gradbenih strojev, kar zagotavlja zdru\u017eljivost in u\u010dinkovitost v razli\u010dnih aplikacijah.<\/p>\n<p><strong>2. Vrhunska kakovost:<\/strong> Pri FMP dajemo prednost kakovosti na\u0161ih izdelkov. Z visokokakovostnimi dobavitelji vzpostavljamo dolgoro\u010dne in stabilne odnose sodelovanja, da zagotovimo, da vsi hidravli\u010dni cilindri, ki jih dobavljamo, izpolnjujejo stroge standarde kakovosti. Na\u0161a zavezanost kakovosti zagotavlja vzdr\u017eljivost, zanesljivost in optimalno delovanje.<\/p>\n<p><strong>3. Profesionalna prodajna ekipa:<\/strong> Imamo izku\u0161eno in usposobljeno prodajno ekipo, ki dobro pozna razvojne trende in potrebe strank v industriji gradbenih strojev. Na\u0161im strankam lahko nudijo strokovno svetovanje o izdelkih in pametne predloge za nakup, s \u010dimer jim pomagajo pri sprejemanju premi\u0161ljenih odlo\u010ditev.<\/p>\n<p><strong>4. U\u010dinkovita logisti\u010dna distribucija:<\/strong> Razumemo pomen pravo\u010dasne dobave. FMP ima vzpostavljen u\u010dinkovit logisti\u010dni distribucijski sistem, ki zagotavlja, da na\u0161e stranke pravo\u010dasno in natan\u010dno prejmejo potrebne hidravli\u010dne cilindre. Dajemo prednost zadovoljstvu strank in si prizadevamo izpolniti njihova pri\u010dakovanja glede dobave.<\/p>\n<p><strong>5. Zavezanost k uspehu strank:<\/strong> Pri FMP verjamemo v gradnjo dolgoro\u010dnih partnerstev z na\u0161imi strankami. Predani smo njihovemu uspehu in zadovoljstvu. Na\u0161a ekipa je zavezana zagotavljanju izjemne storitve za stranke, hitremu re\u0161evanju vseh pomislekov ali vpra\u0161anj ter zagotavljanju nemotene in prijetne izku\u0161nje skozi celoten nakupni proces.<\/p>\n<p><img decoding=\"async\" src=\"https:\/\/fmp-components.com\/wp-content\/uploads\/2024\/12\/Adjustable-Clevis-Type-Cylinders-6.webp\" alt=\"Nastavljiv valj tipa Clevis\" width=\"811\" title=\"\"><br \/>\nAvtor: CX<\/p>","protected":false},"excerpt":{"rendered":"<p>Factory Serving Hydraulic Cylinder Double Acting Small Dump Truck Hydraulic Cylinder is a high-quality product designed for use in dump trucks. With its double-acting feature, this hydraulic cylinder offers efficient and powerful performance. It is manufactured by a reputable factory that specializes in producing hydraulic cylinders, ensuring reliability and durability. This hydraulic cylinder is specifically [&hellip;]<\/p>","protected":false},"featured_media":1620,"comment_status":"closed","ping_status":"closed","template":"","meta":{"_et_pb_use_builder":"","_et_pb_old_content":"","_et_gb_content_width":""},"product_brand":[],"product_cat":[45],"product_tag":[34,48],"class_list":{"0":"post-1619","1":"product","2":"type-product","3":"status-publish","4":"has-post-thumbnail","6":"product_cat-inverted-telescopic-cylinder","7":"product_tag-hydraulic-cylinder","8":"product_tag-inverted-telescopic-cylinder","10":"first","11":"instock","12":"product-type-simple"},"_links":{"self":[{"href":"https:\/\/fmp-components.com\/sl\/wp-json\/wp\/v2\/product\/1619","targetHints":{"allow":["GET"]}}],"collection":[{"href":"https:\/\/fmp-components.com\/sl\/wp-json\/wp\/v2\/product"}],"about":[{"href":"https:\/\/fmp-components.com\/sl\/wp-json\/wp\/v2\/types\/product"}],"replies":[{"embeddable":true,"href":"https:\/\/fmp-components.com\/sl\/wp-json\/wp\/v2\/comments?post=1619"}],"wp:featuredmedia":[{"embeddable":true,"href":"https:\/\/fmp-components.com\/sl\/wp-json\/wp\/v2\/media\/1620"}],"wp:attachment":[{"href":"https:\/\/fmp-components.com\/sl\/wp-json\/wp\/v2\/media?parent=1619"}],"wp:term":[{"taxonomy":"product_brand","embeddable":true,"href":"https:\/\/fmp-components.com\/sl\/wp-json\/wp\/v2\/product_brand?post=1619"},{"taxonomy":"product_cat","embeddable":true,"href":"https:\/\/fmp-components.com\/sl\/wp-json\/wp\/v2\/product_cat?post=1619"},{"taxonomy":"product_tag","embeddable":true,"href":"https:\/\/fmp-components.com\/sl\/wp-json\/wp\/v2\/product_tag?post=1619"}],"curies":[{"name":"delovni list","href":"https:\/\/api.w.org\/{rel}","templated":true}]}}