{"id":1613,"date":"2024-12-23T06:59:20","date_gmt":"2024-12-23T06:59:20","guid":{"rendered":"https:\/\/fmp-components.com\/product\/factory-serving-small-dump-truck-double-acting-hydraulic-cylinder\/"},"modified":"2024-12-23T08:23:17","modified_gmt":"2024-12-23T08:23:17","slug":"factory-serving-small-dump-truck-double-acting-hydraulic-cylinder","status":"publish","type":"product","link":"https:\/\/fmp-components.com\/sl\/product\/factory-serving-small-dump-truck-double-acting-hydraulic-cylinder\/","title":{"rendered":"Tovarni\u0161ko serviranje hidravli\u010dnega cilindra z dvojnim delovanjem za mala tovornjaka"},"content":{"rendered":"<h2>Predstavljamo tovarni\u0161ko delujo\u010di hidravli\u010dni cilinder za mala prekucnika<\/h2>\n<p>Tovarni\u0161ko delujo\u010di hidravli\u010dni cilinder za majhne prekucnike je visokokakovosten in vsestranski sestavni del, zasnovan posebej za majhne prekucnike. S svojimi naprednimi funkcijami in zanesljivim delovanjem je ta hidravli\u010dni cilinder bistveni del vsakega sistema prekucnika.<\/p>\n<p>Ena klju\u010dnih zna\u010dilnosti tega hidravli\u010dnega cilindra je njegova dvojno delujo\u010da funkcionalnost. To pomeni, da lahko ustvarja silo v obe smeri, kar omogo\u010da u\u010dinkovit in natan\u010den nadzor nad gibanjem tovornjaka. Ne glede na to, ali gre za dvigovanje ali spu\u0161\u010danje kesona tovornjaka, ta cilinder zagotavlja nemoteno in zanesljivo delovanje.<\/p>\n<p>Ta hidravli\u010dni cilinder je izdelan tako, da prenese zahtevne pogoje, iz trpe\u017enih materialov in je podvr\u017een strogim testiranjem, da se zagotovi njegova trdnost in dolga \u017eivljenjska doba. Zmore prena\u0161ati velike obremenitve in brezhibno delovati tudi v zahtevnih okoljih.<\/p>\n<p>Dvosmerni hidravli\u010dni cilinder za majhne prekucnike, ki se uporablja v tovarni, je zasnovan z mislijo na varnost. Vklju\u010duje napredne funkcije, kot so varnostni ventili in tesnila, ki prepre\u010dujejo pu\u0161\u010danje in ohranjajo optimalno delovanje. Njegova robustna konstrukcija in zanesljivi tesnilni mehanizmi zagotavljajo minimalno vzdr\u017eevanje in izpade, kar pove\u010duje produktivnost.<\/p>\n<p>Zaradi svoje kompaktne velikosti je ta hidravli\u010dni cilinder posebej zasnovan za majhne prekucnike. Njegovo odli\u010dno razmerje med mo\u010djo in velikostjo omogo\u010da u\u010dinkovito izrabo prostora v hidravli\u010dnem sistemu tovornjaka. To ne le izbolj\u0161a splo\u0161no zmogljivost prekucnika, temve\u010d prispeva tudi k u\u010dinkovitosti porabe goriva.<\/p>\n<p>Skratka, tovarni\u0161ko dobavljeni dvosmerni hidravli\u010dni cilinder za majhne prekucnike je vrhunski sestavni del, ki zagotavlja izjemno zmogljivost za majhne prekucnike. Zaradi svoje dvosmerne funkcionalnosti, vzdr\u017eljivosti in varnostnih lastnosti je idealna izbira za pove\u010danje u\u010dinkovitosti in produktivnosti delovanja prekucnikov.<\/p>\n<h2>Zna\u010dilnosti dvosmerno delujo\u010dega hidravli\u010dnega cilindra<\/h2>\n<ul>\n<li>Standardni hidravli\u010dno gnani batni valj za optimalno delovanje<\/li>\n<li>Jekleni material ohi\u0161ja za ve\u010djo vzdr\u017eljivost<\/li>\n<li>Najve\u010dji potisk 3000 in najve\u010dja vle\u010dna sila 20 ton za te\u017eke operacije<\/li>\n<li>Razli\u010dne velikosti izvrtine, palice, hoda in zati\u010da za razli\u010dne zahteve<\/li>\n<li>Certifikat ISO9001:2000, ki zagotavlja kakovost in zanesljivost<\/li>\n<\/ul>\n<p><img decoding=\"async\" src=\"https:\/\/hzpt.com\/wp-content\/uploads\/2023\/11\/Inverted-Telescopic-Cylinder-15.webp\" alt=\"\" title=\"\"><\/p>\n<h2>Uporaba dvosmerno delujo\u010dega hidravli\u010dnega cilindra<\/h2>\n<p>Dvostransko delujo\u010di hidravli\u010dni cilindri so vsestranske naprave, ki se pogosto uporabljajo v razli\u010dnih aplikacijah, kjer je potrebno nadzorovano linearno gibanje in sila. Delujejo s hidravli\u010dnim tlakom za premikanje bata naprej in nazaj znotraj cilindra, kar zagotavlja silo v obe smeri. Tukaj je nekaj aplikacij, kjer se dvostransko delujo\u010di hidravli\u010dni cilindri pogosto uporabljajo:<\/p>\n<h3>Gradbena oprema<\/h3>\n<p>Dvosmerno delujo\u010di hidravli\u010dni cilindri se pogosto uporabljajo v gradbenih strojih, kot so bagri, nakladalci, buldo\u017eerji in \u017eerjavi. Pomagajo pri nalogah, kot so dvigovanje, potiskanje, kopanje in premikanje te\u017ekih bremen, ter zagotavljajo potrebno silo za te operacije.<\/p>\n<h3>Industrijski stroji<\/h3>\n<p>Hidravli\u010dni cilindri se uporabljajo v najrazli\u010dnej\u0161ih industrijskih strojih. Uporabljajo se v stiskalnicah, opremi za obdelavo kovin, sistemih za ravnanje z materiali in obdelovalnih strojih za zagotavljanje nadzorovane sile pri upogibanju, stri\u017eenju, prebijanju, oblikovanju in drugih proizvodnih procesih.<\/p>\n<h3>Kmetijska mehanizacija<\/h3>\n<p>Hidravli\u010dni cilindri igrajo klju\u010dno vlogo v kmetijski opremi, kot so traktorji, \u017eetveni stroji in \u0161kropilnice. Ti cilindri se uporabljajo v razli\u010dnih funkcijah, vklju\u010dno z upravljanjem rok in priklju\u010dkov, krmiljenjem orodij, prilagajanjem vi\u0161ine in kota opreme ter omogo\u010danjem delovanja krmilnih mehanizmov.<\/p>\n<p><img decoding=\"async\" src=\"https:\/\/hzpt.com\/wp-content\/uploads\/2023\/11\/Inverted-Telescopic-Cylinder-Applications.webp\" alt=\"Uporaba obrnjenega teleskopskega cilindra\" title=\"\"><\/p>\n<h2>Na\u010delo delovanja in metode vzdr\u017eevanja<\/h2>\n<ul>\n<li>Redni pregledi: Redni pregledi zagotavljajo pravilno delovanje cilindra in pomagajo pri zgodnjem odkrivanju morebitnih te\u017eav.<\/li>\n<li>\u010ci\u0161\u010denje: Redno \u010di\u0161\u010denje prepre\u010duje nabiranje prahu in umazanije, ki lahko vplivata na delovanje cilindra.<\/li>\n<li>Mazanje: Pravilno mazanje pomaga pri nemotenem delovanju in zmanj\u0161uje obrabo.<\/li>\n<li>Redni pregledi in popravila: Redno vzdr\u017eevanje pomaga podalj\u0161ati \u017eivljenjsko dobo jeklenke.<\/li>\n<li>Zamenjava tesnil: Pravo\u010dasna zamenjava tesnil pomaga prepre\u010diti pu\u0161\u010danje in ohranja u\u010dinkovitost valja.<\/li>\n<\/ul>\n<p><img decoding=\"async\" src=\"https:\/\/hzpt.com\/wp-content\/uploads\/2023\/11\/Inverted-Telescopic-Cylinder-14.webp\" alt=\"\" title=\"\"><\/p>\n<h2>Obrnjen teleskopski valj<\/h2>\n<h3>Uvod<\/h3>\n<p>Obrnjeni teleskopski cilinder je vrsta hidravli\u010dnega cilindra, ki se uporablja v razli\u010dnih industrijskih aplikacijah. Gre za dvostransko delujo\u010di hidravli\u010dni cilinder, zasnovan za uporabo v aplikacijah z omejenim prostorom. Cilinder je sestavljen iz vrste koncentri\u010dnih cevi, ki so vstavljene ena v drugo. Zunanja cev je fiksna, medtem ko se notranja cev premika v zunanjo cev in iz nje. Cilinder se pogosto uporablja v majhnih prekucnikih, tovarni\u0161ki opremi in drugih strojih.<\/p>\n<h3>Zna\u010dilnosti obrnjenega teleskopskega cilindra<\/h3>\n<p>Obrnjeni teleskopski valj je zasnovan z ve\u010d lastnostmi, zaradi katerih je idealen za uporabo v razli\u010dnih industrijskih aplikacijah. Nekatere od teh lastnosti vklju\u010dujejo:<\/p>\n<ul>\n<li>Kompaktna zasnova, ki omogo\u010da enostavno namestitev v tesnih prostorih<\/li>\n<li>Dvostransko delujo\u010di cilinder, ki zagotavlja gladko in nadzorovano gibanje v obe smeri<\/li>\n<li>Zelo vzdr\u017eljiva in odporna proti obrabi<\/li>\n<li>U\u010dinkovita uporaba hidravli\u010dne teko\u010dine, ki pomaga zmanj\u0161ati obratovalne stro\u0161ke<\/li>\n<li>Enostavno vzdr\u017eevanje in popravilo, kar pomaga zmanj\u0161ati \u010das izpada in stro\u0161ke popravil<\/li>\n<\/ul>\n<h3>Uporaba obrnjenega teleskopskega cilindra<\/h3>\n<p>Obrnjeni teleskopski valj se pogosto uporablja v razli\u010dnih industrijskih aplikacijah. Nekatere najpogostej\u0161e aplikacije vklju\u010dujejo:<\/p>\n<ol>\n<li>Majhni prekucniki \u2013 Cilinder se uporablja za dvigovanje in spu\u0161\u010danje odlagalne povr\u0161ine majhnih prekucnikov. Zaradi kompaktne zasnove je cilindra idealen za uporabo v teh vrstah vozil.<\/li>\n<li>Tovarni\u0161ka oprema \u2013 Valj se uporablja v razli\u010dni tovarni\u0161ki opremi, kot so transportni sistemi, dvi\u017ene mize in pakirni stroji. Zaradi gladkega in nadzorovanega gibanja je valja idealen za uporabo v teh aplikacijah.<\/li>\n<li>Gradbena oprema \u2013 Cilinder se uporablja v razli\u010dni gradbeni opremi, kot so bagri, nakladalniki in \u017eerjavi. Zaradi vzdr\u017eljivosti in odpornosti proti obrabi je cilindra idealen za uporabo v teh aplikacijah.<\/li>\n<li>Oprema za ravnanje z materiali \u2013 Cilinder se uporablja v razli\u010dni opremi za ravnanje z materiali, kot so vili\u010darji, paletni dvigalci in \u0161karjaste dvi\u017ene plo\u0161\u010dadi. Zaradi u\u010dinkovite uporabe hidravli\u010dne teko\u010dine je cilinder idealen za uporabo v teh aplikacijah.<\/li>\n<\/ol>\n<p>Obrnjeni teleskopski cilinder je zelo vsestranski in u\u010dinkovit hidravli\u010dni cilinder, ki se uporablja v razli\u010dnih industrijskih aplikacijah. Zaradi kompaktne zasnove, dvojno delujo\u010dega cilindra, vzdr\u017eljivosti in u\u010dinkovite uporabe hidravli\u010dne teko\u010dine je idealen za uporabo v majhnih prekucnikih, tovarni\u0161ki opremi, gradbeni opremi in opremi za ravnanje z materiali. \u010ce i\u0161\u010dete zanesljiv in u\u010dinkovit hidravli\u010dni cilinder za svojo industrijsko uporabo, je obrnjeni teleskopski cilinder odli\u010dna izbira. Z naprednimi funkcijami in visoko zmogljivostjo bo zagotovo izpolnil va\u0161e specifi\u010dne potrebe in zahteve.<\/p>\n<h3>O FMP-ju<\/h3>\n<p><img decoding=\"async\" src=\"https:\/\/fmp-components.com\/wp-content\/uploads\/2024\/12\/Adjustable-Clevis-Type-Cylinders-6.webp\" alt=\"Nastavljiv valj tipa Clevis\" width=\"808\" title=\"\"><\/p>\n<p>FMP je vodilno podjetje, specializirano za proizvodnjo in prodajo hidravli\u010dnih cilindrov. Z dolgoletnimi izku\u0161njami v industriji in profesionalno ekipo smo zavezani k temu, da svojim strankam zagotavljamo visokokakovostne in zanesljive hidravli\u010dne cilindre za razli\u010dne aplikacije v industriji gradbenih strojev.<\/p>\n<p>1. \u0160iroka paleta izdelkov: Ponujamo raznoliko paleto hidravli\u010dnih cilindrov, vklju\u010dno z nastavljivimi cilindri z vidno glavo, teleskopskimi cilindri, varjenimi cilindri, cilindri z vezno palico in drugimi. Ne glede na va\u0161e specifi\u010dne potrebe imamo pravo re\u0161itev za hidravli\u010dni cilinder.<\/p>\n<p>2. Vrhunska kakovost: Pri FMP dajemo prednost kakovosti in zagotavljamo, da vsi na\u0161i hidravli\u010dni cilindri izpolnjujejo stroge standarde kakovosti. Vzpostavili smo dolgoro\u010dne in stabilne odnose z visokokakovostnimi dobavitelji, tako doma kot v tujini, da zagotovimo trajnost in zmogljivost na\u0161ih izdelkov.<\/p>\n<p>3. Strokovna prodajna ekipa: Na\u0161a izku\u0161ena in usposobljena prodajna ekipa je dobro seznanjena z najnovej\u0161imi trendi v panogi in potrebami strank. Pripravljeni so vam nuditi strokovno svetovanje o izdelkih in ponuditi pametne predloge za nakup, s \u010dimer zagotovijo, da se boste odlo\u010dili za najbolj\u0161o izbiro gradbenih strojev za va\u0161e potrebe.<\/p>\n<p>4. U\u010dinkovita logisti\u010dna distribucija: Razumemo pomen pravo\u010dasne dostave. Z na\u0161im u\u010dinkovitim logisti\u010dnim distribucijskim sistemom zagotavljamo, da stranke pravo\u010dasno in natan\u010dno prejmejo potrebne hidravli\u010dne cilindre. Na nas se lahko zanesete za hitro in zanesljivo storitev.<\/p>\n<p>5. Prilagodljive re\u0161itve: Razumemo, da je vsak projekt gradbenih strojev edinstven. Zato ponujamo prilagodljive re\u0161itve hidravli\u010dnih cilindrov, ki ustrezajo va\u0161im specifi\u010dnim zahtevam. Ne glede na to, ali potrebujete valj z dolo\u010deno dol\u017eino hoda, na\u010dinom monta\u017ee ali katero koli drugo prilagoditvijo, vam lahko zagotovimo re\u0161itve po meri.<\/p>\n<p>Partnerstvo s FMP pomeni dostop do visokokakovostnih hidravli\u010dnih cilindrov, izku\u0161ene prodajne ekipe, u\u010dinkovite logistike in prilagodljivih re\u0161itev. Zaupajte nam, da vam bomo dobavili zanesljive in trpe\u017ene hidravli\u010dne cilindre, ki jih potrebujete za svoje projekte gradbenih strojev.<br \/>\nAvtor: CX<\/p>","protected":false},"excerpt":{"rendered":"<p>Introducing the Factory Serving Small Dump Truck Double Acting Hydraulic Cylinder The Factory Serving Small Dump Truck Double Acting Hydraulic Cylinder is a high-quality and versatile component designed specifically for small dump trucks. With its advanced features and reliable performance, this hydraulic cylinder is an essential part of any dump truck system. One of the [&hellip;]<\/p>","protected":false},"featured_media":1614,"comment_status":"closed","ping_status":"closed","template":"","meta":{"_et_pb_use_builder":"","_et_pb_old_content":"","_et_gb_content_width":""},"product_brand":[],"product_cat":[45],"product_tag":[34,48],"class_list":{"0":"post-1613","1":"product","2":"type-product","3":"status-publish","4":"has-post-thumbnail","6":"product_cat-inverted-telescopic-cylinder","7":"product_tag-hydraulic-cylinder","8":"product_tag-inverted-telescopic-cylinder","10":"first","11":"instock","12":"product-type-simple"},"_links":{"self":[{"href":"https:\/\/fmp-components.com\/sl\/wp-json\/wp\/v2\/product\/1613","targetHints":{"allow":["GET"]}}],"collection":[{"href":"https:\/\/fmp-components.com\/sl\/wp-json\/wp\/v2\/product"}],"about":[{"href":"https:\/\/fmp-components.com\/sl\/wp-json\/wp\/v2\/types\/product"}],"replies":[{"embeddable":true,"href":"https:\/\/fmp-components.com\/sl\/wp-json\/wp\/v2\/comments?post=1613"}],"wp:featuredmedia":[{"embeddable":true,"href":"https:\/\/fmp-components.com\/sl\/wp-json\/wp\/v2\/media\/1614"}],"wp:attachment":[{"href":"https:\/\/fmp-components.com\/sl\/wp-json\/wp\/v2\/media?parent=1613"}],"wp:term":[{"taxonomy":"product_brand","embeddable":true,"href":"https:\/\/fmp-components.com\/sl\/wp-json\/wp\/v2\/product_brand?post=1613"},{"taxonomy":"product_cat","embeddable":true,"href":"https:\/\/fmp-components.com\/sl\/wp-json\/wp\/v2\/product_cat?post=1613"},{"taxonomy":"product_tag","embeddable":true,"href":"https:\/\/fmp-components.com\/sl\/wp-json\/wp\/v2\/product_tag?post=1613"}],"curies":[{"name":"delovni list","href":"https:\/\/api.w.org\/{rel}","templated":true}]}}