{"id":1611,"date":"2024-12-23T06:59:20","date_gmt":"2024-12-23T06:59:20","guid":{"rendered":"https:\/\/fmp-components.com\/product\/factory-direct-sale-long-stroke-hydraulic-cylinder-telescopic-hydraulic-cylinder-for-dump-trailer\/"},"modified":"2024-12-23T08:31:12","modified_gmt":"2024-12-23T08:31:12","slug":"factory-direct-sale-long-stroke-hydraulic-cylinder-telescopic-hydraulic-cylinder-for-dump-trailer","status":"publish","type":"product","link":"https:\/\/fmp-components.com\/sl\/product\/factory-direct-sale-long-stroke-hydraulic-cylinder-telescopic-hydraulic-cylinder-for-dump-trailer\/","title":{"rendered":"Hidravli\u010dni cilinder z dolgim \u200b\u200bhodom, teleskopski hidravli\u010dni cilinder za prikolico za prekucnike, neposredna prodaja iz tovarne"},"content":{"rendered":"<h2>Hidravli\u010dni cilinder z dolgim \u200b\u200bhodom, teleskopski hidravli\u010dni cilinder za prikolico za prekucnike, neposredna prodaja iz tovarne<\/h2>\n<p>Predstavljamo vam teleskopski hidravli\u010dni cilinder z dolgim \u200b\u200bhodom iz tovarne, ki je neposredno naprodaj za prekucne prikolice:<\/p>\n<p>Potrebujete visokokakovosten hidravli\u010dni cilinder za svojo prikolico? Ne i\u0161\u010dite dlje od na\u0161ega tovarni\u0161ko prodajnega hidravli\u010dnega cilindra z dolgim \u200b\u200bhodom, teleskopskega hidravli\u010dnega cilindra. S svojo vrhunsko konstrukcijo in izjemno zmogljivostjo je ta hidravli\u010dni cilinder zasnovan tako, da izpolnjuje vse va\u0161e potrebe po dvigovanju in razkladanju prikolic.<\/p>\n<p>Na\u0161 hidravli\u010dni cilinder z dolgim \u200b\u200bhodom ponuja dalj\u0161i doseg in maksimalno dvi\u017eno zmogljivost. To pomeni, da lahko brez napora dvignete in spustite svojo prekucno prikolico, kar omogo\u010da u\u010dinkovito nakladanje in razkladanje materialov. Njegova teleskopska funkcija zagotavlja gladko in natan\u010dno delovanje ter natan\u010den nadzor nad postopkom odlaganja.<\/p>\n<p>Na\u0161 hidravli\u010dni cilinder je izdelan iz vrhunskih materialov, kar zagotavlja vzdr\u017eljivost in dolgo \u017eivljenjsko dobo. Zaradi robustne konstrukcije lahko prenese velike obremenitve in te\u017eke delovne pogoje ter zagotavlja zanesljivo delovanje tudi v najte\u017ejih okoljih. Poleg tega je zasnovan tako, da je odporen proti koroziji in obrabi, zaradi \u010desar je dolgoro\u010dno stro\u0161kovno u\u010dinkovita nalo\u017eba.<\/p>\n<p><img decoding=\"async\" src=\"https:\/\/hzpt.com\/wp-content\/uploads\/2023\/11\/Inverted-Telescopic-Cylinder-2.webp\" alt=\"\" title=\"\"><\/p>\n<p>Na\u0161 hidravli\u010dni cilinder je zasnovan za neposredno prodajo in odpravlja potrebo po posrednikih, kar zagotavlja konkuren\u010dne cene brez kompromisov pri kakovosti. Z izlo\u010ditvijo posrednikov vam lahko ponudimo najbolj\u0161e razmerje med ceno in kakovostjo, zaradi \u010desar je na\u0161 izdelek odli\u010dna izbira tako za posameznike kot za podjetja.<\/p>\n<p>Skratka, tovarni\u0161ko prodajni teleskopski hidravli\u010dni cilinder z dolgim \u200b\u200bhodom za prekucne prikolice je idealna re\u0161itev za tiste, ki i\u0161\u010dejo zanesljiv in u\u010dinkovit hidravli\u010dni cilinder za svoje prekucne prikolice. Njegov dolg hod, teleskopska zasnova, vzdr\u017eljivost in konkuren\u010dna cena ga uvr\u0161\u010dajo med izstopajo\u010de izdelke na trgu. Investirajte v ta hidravli\u010dni cilinder in izkusite izbolj\u0161ano produktivnost ter udobje pri delovanju s prekucnimi prikolicami. Investirajte v na\u0161 tovarni\u0161ko prodajni teleskopski hidravli\u010dni cilinder z dolgim \u200b\u200bhodom za prekucne prikolice in izkusite vrhunsko hidravli\u010dno zmogljivost. Ta vsestranski izdelek je idealen za razli\u010dne panoge, vklju\u010dno s proizvodnimi obrati, delavnicami za popravilo strojev, kmetijstvom, energetiko in rudarstvom ter tovarnami strojev. Njegove klju\u010dne komponente, le\u017eaj in bat, zagotavljajo vzdr\u017eljivost in u\u010dinkovitost. Robustni jekleni material in konstrukcija bata, ki delujeta na hidravli\u010dno mo\u010d, naredita ta izdelek zanesljiv in dolgotrajen.<\/p>\n<p>Na\u0161 obrnjeni teleskopski valj navdu\u0161uje s svojimi najsodobnej\u0161imi lastnostmi, vklju\u010dno s standardno strukturo in hidravli\u010dno mo\u010djo za zanesljivo delovanje, trpe\u017enim jeklenim ohi\u0161jem za dolgo \u017eivljenjsko dobo ter najve\u010djim potiskom 3000 ton in najve\u010djim vle\u010dnim naporom 20 ton za te\u017eka opravila. Poleg tega je primeren za razli\u010dne tipe priklju\u010dkov: G\/SAE\/NPT\/M in ima certifikat ISO9001:2000, kar zagotavlja kakovost in varnost.<\/p>\n<p>Ta hidravli\u010dni cilinder je vsestranski in se uporablja v \u0161tevilnih panogah, kot so proizvodni obrati, delavnice za popravilo strojev, kmetije, energetika in rudarstvo, proizvodnja strojev in tovarne strojev.<\/p>\n<p>Razumevanje na\u010dela delovanja in metod vzdr\u017eevanja va\u0161ega hidravli\u010dnega cilindra je klju\u010dnega pomena. Nekatere klju\u010dne to\u010dke, ki jih je treba upo\u0161tevati, vklju\u010dujejo redno pregledovanje cilindra glede obrabe, \u010di\u0161\u010denje cilindra za prepre\u010devanje nabiranja in zagotavljanje nemotenega delovanja ter mazanje gibljivih delov za zmanj\u0161anje trenja. Poleg tega zagotovite redne preglede in popravila, da odkrijete morebitne te\u017eave, po potrebi zamenjajte tesnila in vedno upo\u0161tevajte navodila za uporabo za varno in u\u010dinkovito uporabo.<\/p>\n<h2>Obrnjen teleskopski valj<\/h2>\n<p>Hidravli\u010dni cilinder je mehanska naprava, ki pretvarja hidravli\u010dno energijo v linearno gibanje. Ena vrsta hidravli\u010dnega cilindra je obrnjeni teleskopski cilinder, ki se zaradi svoje edinstvene zasnove in funkcionalnosti pogosto uporablja v razli\u010dnih panogah. V tej objavi na blogu bomo raziskali zna\u010dilnosti in uporabo obrnjenega teleskopskega cilindra, s poudarkom na njegovih prednostih in koristih, ki jih prina\u0161a razli\u010dnim hidravli\u010dnim sistemom.<\/p>\n<h3>Neposredna prodaja iz tovarne<\/h3>\n<p>Obrnjeni teleskopski valj je na voljo za neposredno prodajo iz tovarne, kar strankam zagotavlja neposreden nakup brez posrednikov. To ne le zmanj\u0161a stro\u0161ke, temve\u010d tudi zagotavlja pristnost in kakovost izdelka. Z odpravo posrednikov lahko stranke u\u017eivajo v konkuren\u010dnih cenah in imajo neposredno komunikacijo s proizvajalcem, kar omogo\u010da bolj\u0161o prilagoditev in poprodajne storitve.<\/p>\n<h3>Dolga poteza<\/h3>\n<p>Obrnjeni teleskopski valj je znan po svoji dolgi zmogljivosti hoda. S svojo edinstveno zasnovo lahko dose\u017ee dalj\u0161o dol\u017eino hoda brez \u017ertvovanja stabilnosti ali zmogljivosti. Zaradi tega je idealen za aplikacije, ki zahtevajo velik obseg gibanja, kot so prekucniki, \u017eerjavi in \u200b\u200bgradbena oprema. Dolga zmogljivost hoda obrnjenega teleskopskega cilindra pove\u010duje u\u010dinkovitost in produktivnost ter omogo\u010da bolj gladko in natan\u010dnej\u0161e delovanje.<\/p>\n<h3>Hidravli\u010dni cilinder za priklopnik<\/h3>\n<p>Ena od pomembnih uporab obrnjenega teleskopskega cilindra so prekucniki. Zaradi robustne konstrukcije cilindra in visoko trdnih materialov je primeren za dvigovanje in razkladanje te\u017ekih bremen. Dolg hod in izjemna nosilnost cilindra zagotavljata gladko in nadzorovano prekucovanje prikolice, kar omogo\u010da u\u010dinkovito razkladanje materialov. Zaradi zanesljivosti in vzdr\u017eljivosti obrnjenega teleskopskega cilindra je to prednostna izbira proizvajalcev prekucnikov.<\/p>\n<h3>Teleskopski hidravli\u010dni cilinder<\/h3>\n<p>Teleskopska zasnova obrnjenega cilindra omogo\u010da ve\u010d stopenj iztega, kar zagotavlja dodatno fleksibilnost in vsestranskost. Vsako stopnjo cilindra je mogo\u010de individualno krmiliti, kar omogo\u010da natan\u010dne nastavitve in optimizirano delovanje v razli\u010dnih obratovalnih pogojih. Teleskopski hidravli\u010dni cilinder se pogosto uporablja v aplikacijah z omejenim prostorom, saj lahko dose\u017ee znatno dol\u017eino hoda tudi v omejenih obmo\u010djih. Zaradi kompaktne velikosti in u\u010dinkovitega delovanja je primeren za \u0161irok spekter panog, vklju\u010dno s kmetijstvom, gradbeni\u0161tvom in ravnanjem z materiali.<\/p>\n<p>Skratka, obrnjeni teleskopski cilinder ponuja edinstvene prednosti in koristi v hidravli\u010dnih sistemih. Njegova razpolo\u017eljivost neposredno v tovarni zagotavlja stro\u0161kovno u\u010dinkovitost, medtem ko njegova dolga zmogljivost hoda pove\u010duje produktivnost. Cilinder, posebej zasnovan za prekucnike, zagotavlja zanesljivo dvigovanje in razkladanje. Teleskopska zasnova cilindra \u0161e dodatno pove\u010duje njegovo fleksibilnost in prilagodljivost. Ne glede na to, ali se uporablja v gradbeni opremi ali strojih za ravnanje z materiali, se obrnjeni teleskopski cilinder izka\u017ee za dragoceno komponento v razli\u010dnih panogah.<\/p>\n<h3>O FMP \u2013 hidravli\u010dnem cilindru<\/h3>\n<p>FMP je vodilno podjetje na podro\u010dju prodaje in servisa delov in celotnih strojev za gradbeno mehanizacijo. Imamo dolgoletne izku\u0161nje v panogi in ekipo strokovnih strokovnjakov, ki zagotavljajo visokokakovostne in zanesljive dele za gradbeno mehanizacijo ter celovite strojne re\u0161itve. Na\u0161a \u0161iroka paleta izdelkov vklju\u010duje menjalnike za kmetijsko mehanizacijo, planetne menjalnike, industrijske menjalnike, dele za kmetijsko mehanizacijo in vrsto vrhunske dodatne opreme, ki se ujema z njimi. Zavezani smo k zagotavljanju najbolj\u0161ih izdelkov in storitev strankam. Tukaj je nekaj razlogov, zakaj bi morali izbrati FMP za hidravli\u010dne cilindre:<\/p>\n<ol>\n<li><strong>Visokokakovostni in zanesljivi izdelki:<\/strong> Pri FMP dajemo prednost kakovosti na\u0161ih izdelkov. Vzpostavljamo dolgoro\u010dne in stabilne odnose sodelovanja z visokokakovostnimi dobavitelji z vsega sveta. Vsi na\u0161i dobavljeni deli izpolnjujejo stroge standarde kakovosti.<\/li>\n<li><strong>\u0160iroka paleta izdelkov:<\/strong> Ponujamo \u0161iroko paleto hidravli\u010dnih cilindrov, vklju\u010dno s standardnimi in prilagojenimi cilindri. Na\u0161 nastavljiv valj z vili\u010dasto glavo je priljubljen izdelek, ki je zelo vzdr\u017eljiv in prilagodljiv razli\u010dnim potrebam.<\/li>\n<li><strong>Profesionalna prodajna ekipa:<\/strong> Na\u0161a prodajna ekipa je izku\u0161ena in usposobljena v industriji gradbenih strojev. Poznajo najnovej\u0161e razvojne trende in potrebe strank ter vam lahko nudijo strokovno svetovanje o izdelkih in pametne predloge za nakup.<\/li>\n<li><strong>U\u010dinkovita logisti\u010dna distribucija:<\/strong> Razumemo, da je pravo\u010dasna dostava klju\u010dnega pomena za na\u0161e stranke. Zato smo vzpostavili u\u010dinkovit logisti\u010dni distribucijski sistem, ki zagotavlja, da stranke pravo\u010dasno in natan\u010dno prejmejo potrebne dele.<\/li>\n<li><strong>Konkuren\u010dne cene:<\/strong> Pri FMP ponujamo konkuren\u010dne cene brez kompromisov pri kakovosti. Prizadevamo si, da strankam zagotovimo najbolj\u0161e razmerje med ceno in kakovostjo.<\/li>\n<\/ol>\n<p><img decoding=\"async\" src=\"https:\/\/fmp-components.com\/wp-content\/uploads\/2024\/12\/Adjustable-Clevis-Type-Cylinders-6.webp\" alt=\"Nastavljiv valj tipa Clevis\" width=\"807\" title=\"\"><\/p>\n<p>Predani smo zagotavljanju visokokakovostnih izdelkov in storitev na\u0161im strankam in prepri\u010dani smo, da lahko izpolnimo va\u0161e potrebe po hidravli\u010dnih cilindrih. Za dodatna vpra\u0161anja ali naro\u010dilo nas kontaktirajte.<\/p>\n<p>Avtor: CX<\/p>","protected":false},"excerpt":{"rendered":"<p>Factory Direct Sale Long Stroke Hydraulic Cylinder Telescopic Hydraulic Cylinder For Dump Trailer Introducing the Factory Direct Sale Long Stroke Hydraulic Cylinder Telescopic Hydraulic Cylinder For Dump Trailer: Are you in need of a high-quality hydraulic cylinder for your dump trailer? Look no further than our Factory Direct Sale Long Stroke Hydraulic Cylinder Telescopic Hydraulic [&hellip;]<\/p>","protected":false},"featured_media":1612,"comment_status":"closed","ping_status":"closed","template":"","meta":{"_et_pb_use_builder":"","_et_pb_old_content":"","_et_gb_content_width":""},"product_brand":[],"product_cat":[45],"product_tag":[34,48],"class_list":{"0":"post-1611","1":"product","2":"type-product","3":"status-publish","4":"has-post-thumbnail","6":"product_cat-inverted-telescopic-cylinder","7":"product_tag-hydraulic-cylinder","8":"product_tag-inverted-telescopic-cylinder","10":"first","11":"instock","12":"product-type-simple"},"_links":{"self":[{"href":"https:\/\/fmp-components.com\/sl\/wp-json\/wp\/v2\/product\/1611","targetHints":{"allow":["GET"]}}],"collection":[{"href":"https:\/\/fmp-components.com\/sl\/wp-json\/wp\/v2\/product"}],"about":[{"href":"https:\/\/fmp-components.com\/sl\/wp-json\/wp\/v2\/types\/product"}],"replies":[{"embeddable":true,"href":"https:\/\/fmp-components.com\/sl\/wp-json\/wp\/v2\/comments?post=1611"}],"wp:featuredmedia":[{"embeddable":true,"href":"https:\/\/fmp-components.com\/sl\/wp-json\/wp\/v2\/media\/1612"}],"wp:attachment":[{"href":"https:\/\/fmp-components.com\/sl\/wp-json\/wp\/v2\/media?parent=1611"}],"wp:term":[{"taxonomy":"product_brand","embeddable":true,"href":"https:\/\/fmp-components.com\/sl\/wp-json\/wp\/v2\/product_brand?post=1611"},{"taxonomy":"product_cat","embeddable":true,"href":"https:\/\/fmp-components.com\/sl\/wp-json\/wp\/v2\/product_cat?post=1611"},{"taxonomy":"product_tag","embeddable":true,"href":"https:\/\/fmp-components.com\/sl\/wp-json\/wp\/v2\/product_tag?post=1611"}],"curies":[{"name":"delovni list","href":"https:\/\/api.w.org\/{rel}","templated":true}]}}