{"id":1544,"date":"2024-12-23T05:51:36","date_gmt":"2024-12-23T05:51:36","guid":{"rendered":"https:\/\/fmp-components.com\/product\/high-quality-double-acting-hydraulic-cylinder-hydraulic-ram-cylinder-snow-plow-hydraulic-cylinder\/"},"modified":"2025-03-18T02:08:49","modified_gmt":"2025-03-18T02:08:49","slug":"high-quality-double-acting-hydraulic-cylinder-hydraulic-ram-cylinder-snow-plow-hydraulic-cylinder","status":"publish","type":"product","link":"https:\/\/fmp-components.com\/sl\/product\/high-quality-double-acting-hydraulic-cylinder-hydraulic-ram-cylinder-snow-plow-hydraulic-cylinder\/","title":{"rendered":"Visokokakovostni dvosmerni hidravli\u010dni cilinder ... sne\u017enega pluga hidravli\u010dni cilinder"},"content":{"rendered":"<p>Visokokakovostni dvosmerni hidravli\u010dni cilinder ... sne\u017eni plug hidravli\u010dni cilinderPredstavitev izdelka: Visokokakovostni dvosmerni hidravli\u010dni cilinder hidravli\u010dni cilinder hidravli\u010dni cilinder sne\u017eni plug hidravli\u010dni cilinder<\/p>\n<p>Visokokakovosten dvosmerni hidravli\u010dni cilinder Hidravli\u010dni cilinder za sne\u017eni plug je zanesljiv in vzdr\u017eljiv izdelek, zasnovan za te\u017eka dela. Ta hidravli\u010dni cilinder je izdelan iz visokokakovostnih materialov, kar zagotavlja njegovo trdnost in vzdr\u017eljivost v te\u017ekih okoljih.<\/p>\n<p>Ena glavnih zna\u010dilnosti tega izdelka je njegova dvojno delujo\u010da zasnova, ki omogo\u010da u\u010dinkovito delovanje v obe smeri. Hidravli\u010dni cilinder je opremljen tudi s hidravli\u010dnim cilindrom, ki zagotavlja ve\u010djo silo in hitrost, zaradi \u010desar je idealen za uporabo pri velikih aplikacijah, kot so sne\u017eni plugi.<\/p>\n<p>Poleg tega je ta hidravli\u010dni cilinder zasnovan tako, da ne zahteva veliko vzdr\u017eevanja, kar zmanj\u0161uje \u010das izpada in pove\u010duje produktivnost. Njegova enostavna zasnova prihrani \u010das in trud med monta\u017eo, zaradi \u010desar je idealna izbira za industrijsko in komercialno uporabo.<\/p>\n<p>Na splo\u0161no je visokokakovosten dvosmerni hidravli\u010dni cilinder, hidravli\u010dni cilinder za sne\u017eni plug, vrhunski izdelek, ki ponuja zanesljivo delovanje in vzdr\u017eljivost, zaradi \u010desar je bistveno orodje za te\u017eka dela.<\/p>\n<div>\n<h2>Zna\u010dilnosti izdelka<\/h2>\n<ul>\n<li>Najve\u010dji potisk: 3000<\/li>\n<li>Najve\u010dja vle\u010dna sila: 20 ton<\/li>\n<li>Velikost izvrtine: 2-6 palcev<\/li>\n<li>Velikost palice: 1,125-4 palca<\/li>\n<li>Velikost giba: 4-100 palcev<\/li>\n<li>Velikost zati\u010da: 0,5-2 palca<\/li>\n<li>Barva: elegantna \u010drna<\/li>\n<li>Priklju\u010dki: na voljo so modeli G\/SAE\/NPT\/M<\/li>\n<li>Certificirano po ISO9001:2000 za visoko kakovost in zanesljivost<\/li>\n<\/ul>\n<h2>Uporaba in vzdr\u017eevanje<\/h2>\n<p>Hidravli\u010dni cilinder za sne\u017eni plug je idealen za razli\u010dne panoge, kot so delavnice za popravilo strojev, kmetije, energetska in rudarska industrija, proizvodnja strojev in tovarne strojev. Je enostaven za vzdr\u017eevanje in ima prilo\u017eeno obse\u017eno poro\u010dilo o preizkusu strojev ter video izhodni pregled. Osrednji sestavni deli cilindra vklju\u010dujejo le\u017eaj in sam hidravli\u010dni cilinder.<\/p>\n<p><img decoding=\"async\" src=\"https:\/\/hzpt.com\/wp-content\/uploads\/2023\/11\/Snow-Plow-Hydraulic-Cylinder-4Factory.webp\" alt=\"Tovarna prenosov Ever-Power\" title=\"\"><\/p>\n<\/div>\n<h2>Prednosti nastavljivih cilindrov tipa Clevis<\/h2>\n<p>Nastavljivi cilindri z vidno glavo, kot je visokokakovostni dvosmerni hidravli\u010dni cilinder, se zaradi \u0161tevilnih prednosti pogosto uporabljajo v razli\u010dnih panogah. Ti hidravli\u010dni cilindri ponujajo vrhunsko zmogljivost in zanesljivost, zaradi \u010desar so odli\u010dna izbira za aplikacije, kot so hidravli\u010dni cilindri za sne\u017ene pluge. V tem \u010dlanku bomo podrobneje raziskali klju\u010dne prednosti nastavljivih cilindrov z vidno glavo.<\/p>\n<h3>1. Izbolj\u0161ana prilagodljivost<\/h3>\n<p>Ena glavnih prednosti nastavljivih cilindrov z vidno glavo je njihova sposobnost zagotavljanja ve\u010dje fleksibilnosti v razli\u010dnih aplikacijah. Ti cilindri omogo\u010dajo natan\u010dno nastavitev pritrditve vidne glave, kar uporabniku omogo\u010da doseganje \u017eelene dol\u017eine hoda in polo\u017eaja vgradnje. Ta fleksibilnost zagotavlja optimalno delovanje in prilagodljivost, zaradi \u010desar so primerni za \u0161irok spekter hidravli\u010dnih sistemov.<\/p>\n<h3>2. Izbolj\u0161ana u\u010dinkovitost<\/h3>\n<p>Nastavljivi cilindri z vili\u010dasto glavo so zasnovani za bolj\u0161o u\u010dinkovitost v primerjavi z drugimi tipi cilindrov. Nastavljiv nosilec z vili\u010dasto glavo omogo\u010da pravilno poravnavo med cilindrom in bremenom, kar zmanj\u0161uje izgube energije in maksimizira prenos mo\u010di. To u\u010dinkovito delovanje ima za posledico manj\u0161o porabo energije in pove\u010dano produktivnost, zaradi \u010desar so zelo za\u017eeleni v hidravli\u010dnih sistemih.<\/p>\n<h3>3. Optimalna porazdelitev obremenitve<\/h3>\n<p>Druga pomembna prednost nastavljivih cilindrov z vidno glavo je njihova sposobnost zagotavljanja optimalne porazdelitve obremenitve. Ti cilindri so zasnovani tako, da enakomerno porazdelijo obremenitev po pritrdilnih to\u010dkah, kar zmanj\u0161uje koncentracijo napetosti in zagotavlja enakomerno porazdelitev sile. Ta lastnost ne le podalj\u0161a \u017eivljenjsko dobo cilindra, temve\u010d izbolj\u0161a tudi splo\u0161no delovanje in varnost sistema.<\/p>\n<h3>4. Enostavna namestitev in vzdr\u017eevanje<\/h3>\n<p>Nastavljivi cilindri z vili\u010dasto glavo so zasnovani za enostavno namestitev in vzdr\u017eevanje. Vili\u010dasta pritrditev omogo\u010da hitro in enostavno pritrditev na hidravli\u010dni sistem, kar prihrani dragoceni \u010das in trud. Poleg tega so ti cilindri pogosto opremljeni z uporabniku prijaznimi funkcijami, kot so lahko dostopne mazalke in tesnila, kar poenostavlja rutinska vzdr\u017eevalna opravila in skraj\u0161a \u010das izpada.<\/p>\n<h3>5. Visoka vzdr\u017eljivost<\/h3>\n<p>Visokokakovostni dvostransko delujo\u010di hidravli\u010dni cilindri, vklju\u010dno z nastavljivimi cilindri z vidno glavo, so znani po svoji izjemni vzdr\u017eljivosti. Ti cilindri so izdelani iz vrhunskih materialov, kar zagotavlja njihovo sposobnost, da prenesejo te\u017eke obratovalne pogoje in velike obremenitve. Z ustreznim vzdr\u017eevanjem lahko ti cilindri zagotavljajo zanesljivo in dolgotrajno delovanje, kar zmanj\u0161uje potrebo po pogostih zamenjavah in skupne stro\u0161ke.<\/p>\n<p>Skratka, nastavljivi cilindri z vidno glavo, kot je visokokakovostni dvosmerno delujo\u010di hidravli\u010dni cilinder, ponujajo \u0161tevilne prednosti glede fleksibilnosti, u\u010dinkovitosti, porazdelitve obremenitve, namestitve in vzdr\u017eljivosti. Ti cilindri so bistveni sestavni deli razli\u010dnih hidravli\u010dnih sistemov, vklju\u010dno s hidravli\u010dnimi cilindri sne\u017enih plugov, saj zagotavljajo optimalno delovanje in zanesljivost. Njihova vklju\u010ditev v va\u0161o hidravli\u010dno nastavitev lahko mo\u010dno pove\u010da splo\u0161no u\u010dinkovitost in produktivnost va\u0161ega delovanja.<\/p>\n<h3>O FMP-ju<\/h3>\n<p>FMP je ugledno podjetje, specializirano za proizvodnjo in prodajo hidravli\u010dnih cilindrov. Predani smo temu, da svojim strankam zagotavljamo visokokakovostne in zanesljive hidravli\u010dne cilindre za gradbeno mehanizacijo. Z dolgoletnimi izku\u0161njami v industriji in profesionalno ekipo je FMP va\u0161 zaupanja vreden partner za vse va\u0161e potrebe po hidravli\u010dnih cilindrih.<\/p>\n<p><img decoding=\"async\" src=\"https:\/\/fmp-components.com\/wp-content\/uploads\/2024\/12\/Adjustable-Clevis-Type-Cylinders-6.webp\" alt=\"Nastavljiv valj tipa Clevis\" width=\"850\" title=\"\"><\/p>\n<p>Tukaj je 5 razlogov, zakaj bi morali izbrati FMP za va\u0161e potrebe po hidravli\u010dnih cilindrih:<\/p>\n<p>1. \u0160iroka paleta izdelkov: FMP ponuja raznoliko paleto hidravli\u010dnih cilindrov, ki zadovoljujejo razli\u010dne potrebe gradbenih strojev. Od standardnih cilindrov do re\u0161itev po meri imamo pravi izdelek, ki ustreza va\u0161im specifi\u010dnim zahtevam.<\/p>\n<p>2. Vrhunska kakovost: Pri vsem, kar po\u010dnemo, dajemo prednost kakovosti. Vsi na\u0161i hidravli\u010dni cilindri so izdelani iz vrhunskih materialov in v skladu s strogimi standardi kakovosti. To zagotavlja, da so na\u0161i izdelki trpe\u017eni, zanesljivi in \u200b\u200boptimalno delujejo v zahtevnih pogojih.<\/p>\n<p>3. Strokovno znanje in izku\u0161nje: Z na\u0161im obse\u017enim znanjem in izku\u0161njami v panogi razumemo edinstvene izzive in zahteve sektorja gradbenih strojev. Na\u0161a ekipa strokovnjakov je dobro opremljena za strokovno svetovanje in re\u0161itve po meri, ki ustrezajo va\u0161im specifi\u010dnim potrebam.<\/p>\n<p>4. Mo\u010dni odnosi z dobavitelji: FMP je vzpostavil dolgoro\u010dna in stabilna partnerstva z uglednimi dobavitelji tako doma kot v tujini. To nam omogo\u010da, da dobavljamo visokokakovostne komponente in materiale, kar zagotavlja zanesljivost in delovanje na\u0161ih hidravli\u010dnih cilindrov.<\/p>\n<p>5. U\u010dinkovita logistika in pravo\u010dasna dostava: Zavedamo se pomena pravo\u010dasne dostave za nemoten potek va\u0161ih projektov. FMP ima vzpostavljen u\u010dinkovit logisti\u010dni distribucijski sistem, ki zagotavlja, da boste potrebne hidravli\u010dne cilindre prejeli pravo\u010dasno in natan\u010dno, s \u010dimer se zmanj\u0161a \u010das izpada in pove\u010da produktivnost.<\/p>\n<p>Izberite FMP za svoje potrebe po hidravli\u010dnih cilindrih in izkusite razliko v kakovosti, zanesljivosti in zadovoljstvu strank. Za brezhibno izku\u0161njo z gradbenimi stroji sodelujte z nami \u0161e danes.<\/p>\n<h2>Pogosto zastavljena vpra\u0161anja<\/h2>\n<h3>V: Koliko \u010dasa traja va\u0161a dobavni rok?<\/h3>\n<p>A: Na splo\u0161no je na\u0161 dobavni rok 25-35 dni.<\/p>\n<h3>V: Ali ponujate vzorce? So brezpla\u010dni ali dodatni?<\/h3>\n<p>O: Da, nudimo vzorce, vendar niso brezpla\u010dni.<\/p>\n<h3>V: Ali lahko izdelujete po vzorcih?<\/h3>\n<p>O: Da, izdelamo lahko po va\u0161ih vzorcih ali tehni\u010dnih risbah. Izdelamo lahko tudi kalupe in vpenjala.<\/p>\n<p><img decoding=\"async\" title=\"Hidravli\u010dni cilinder za sne\u017eni plug\" src=\"https:\/\/hzpt.com\/wp-content\/uploads\/2023\/11\/Snow-Plow-Hydraulic-Cylinder-3.webp\" alt=\"Hidravli\u010dni cilinder za sne\u017eni plug\" \/><\/p>\n<p>Avtor: CX<\/p>","protected":false},"excerpt":{"rendered":"<p>High Quality Double Acting Hydraulic Cylinder Hydraulic Ram Cylinder Snow Plow Hydraulic CylinderProduct Introduction: High Quality Double Acting Hydraulic Cylinder Hydraulic Ram Cylinder Snow Plow Hydraulic Cylinder High Quality Double Acting Hydraulic Cylinder Hydraulic Ram Cylinder Snow Plow Hydraulic Cylinder is a reliable and durable product designed for heavy-duty applications. This hydraulic cylinder is made [&hellip;]<\/p>","protected":false},"featured_media":1545,"comment_status":"closed","ping_status":"closed","template":"","meta":{"_et_pb_use_builder":"","_et_pb_old_content":"","_et_gb_content_width":""},"product_brand":[],"product_cat":[42],"product_tag":[34,44],"class_list":{"0":"post-1544","1":"product","2":"type-product","3":"status-publish","4":"has-post-thumbnail","6":"product_cat-snow-plow-hydraulic-cylinder","7":"product_tag-hydraulic-cylinder","8":"product_tag-snow-plow-hydraulic-cylinder","10":"first","11":"instock","12":"product-type-simple"},"_links":{"self":[{"href":"https:\/\/fmp-components.com\/sl\/wp-json\/wp\/v2\/product\/1544","targetHints":{"allow":["GET"]}}],"collection":[{"href":"https:\/\/fmp-components.com\/sl\/wp-json\/wp\/v2\/product"}],"about":[{"href":"https:\/\/fmp-components.com\/sl\/wp-json\/wp\/v2\/types\/product"}],"replies":[{"embeddable":true,"href":"https:\/\/fmp-components.com\/sl\/wp-json\/wp\/v2\/comments?post=1544"}],"wp:featuredmedia":[{"embeddable":true,"href":"https:\/\/fmp-components.com\/sl\/wp-json\/wp\/v2\/media\/1545"}],"wp:attachment":[{"href":"https:\/\/fmp-components.com\/sl\/wp-json\/wp\/v2\/media?parent=1544"}],"wp:term":[{"taxonomy":"product_brand","embeddable":true,"href":"https:\/\/fmp-components.com\/sl\/wp-json\/wp\/v2\/product_brand?post=1544"},{"taxonomy":"product_cat","embeddable":true,"href":"https:\/\/fmp-components.com\/sl\/wp-json\/wp\/v2\/product_cat?post=1544"},{"taxonomy":"product_tag","embeddable":true,"href":"https:\/\/fmp-components.com\/sl\/wp-json\/wp\/v2\/product_tag?post=1544"}],"curies":[{"name":"delovni list","href":"https:\/\/api.w.org\/{rel}","templated":true}]}}