{"id":1540,"date":"2024-12-23T05:51:36","date_gmt":"2024-12-23T05:51:36","guid":{"rendered":"https:\/\/fmp-components.com\/product\/premium-quality-double-acting-mini-hydraulic-cylinder-for-snow-plow\/"},"modified":"2025-05-10T13:04:30","modified_gmt":"2025-05-10T13:04:30","slug":"premium-quality-double-acting-mini-hydraulic-cylinder-for-snow-plow","status":"publish","type":"product","link":"https:\/\/fmp-components.com\/sl\/product\/premium-quality-double-acting-mini-hydraulic-cylinder-for-snow-plow\/","title":{"rendered":"Visokokakovostni dvodelni mini hidravli\u010dni cilinder za sne\u017eni plug"},"content":{"rendered":"<p>&nbsp;<\/p>\n<p><img decoding=\"async\" class=\"aligncenter\" title=\"Hidravli\u010dni cilinder za sne\u017eni plug\" src=\"https:\/\/hzpt.com\/wp-content\/uploads\/2023\/11\/Snow-Plow-Hydraulic-Cylinder-3.webp\" alt=\"Hidravli\u010dni cilinder za sne\u017eni plug\" \/><\/p>\n<p>Mini hidravli\u010dni cilinder za sne\u017eni plug je zasnovan za enostavno namestitev in vzdr\u017eevanje. Njegova uporabniku prijazna zasnova omogo\u010da hitro namestitev in brezskrbno delovanje. Z ustrezno nego in rednim vzdr\u017eevanjem bo ta cilinder \u0161e naprej zagotavljal odli\u010dno delovanje sezono za sezono.<\/p>\n<p>Nalo\u017eba v visokokakovosten dvosmerno delujo\u010di mini hidravli\u010dni cilinder za sne\u017eni plug pomeni nalo\u017ebo v zanesljivo in u\u010dinkovito re\u0161itev za odstranjevanje snega. Ne glede na to, ali ste profesionalni ponudnik storitev \u010di\u0161\u010denja snega ali lastnik stanovanja, ki \u010disti dovoz, bo ta hidravli\u010dni cilinder zagotovo izpolnil va\u0161e potrebe in presegel va\u0161a pri\u010dakovanja. Poslovite se od ovir, povezanih s snegom, in pozdravite bolj gladko in u\u010dinkovitej\u0161o izku\u0161njo plu\u017eenja snega.<\/p>\n<h1>Visokokakovostni dvodelni mini hidravli\u010dni cilinder za sne\u017eni plug<\/h1>\n<p>Predstavljamo vam vrhunski izdelek, zasnovan za u\u010dinkovitost in vzdr\u017eljivost. Dvosmerno delujo\u010di mini hidravli\u010dni cilinder vrhunske kakovosti za sne\u017eni plug je nov izdelek, ki vam zagotavlja izjemno zmogljivost in zanesljivost. Ta izdelek je bil strokovno zasnovan in izdelan tako, da izpolnjuje najvi\u0161je standarde kakovosti in funkcionalnosti.<\/p>\n<h2>Pregled izdelka<\/h2>\n<p>Na\u0161 dvostransko delujo\u010di mini hidravli\u010dni cilinder je standardni batni cilinder, ki ga poganja hidravli\u010dna sila. Izdelan je iz robustnega jekla, kar zagotavlja, da lahko prenese najzahtevnej\u0161e pogoje. Z najve\u010djim potiskom 3000 in najve\u010djim vle\u010dnim naporom 20 ton je ta cilinder dovolj mo\u010dan za uporabo v te\u017ekih pogojih. Cilinder ima certifikat ISO9001:2000, kar vam zagotavlja njegovo vrhunsko kakovost.<\/p>\n<h3>Specifikacije izdelka<\/h3>\n<ul>\n<li>Velikost izvrtine: 2-6 palcev<\/li>\n<li>Velikost palice: 1,125-4 palca<\/li>\n<li>Velikost giba: 4-100 palcev<\/li>\n<li>Velikost zati\u010da: 0,5-2 palca<\/li>\n<li>Priklju\u010dki: G\/SAE\/NPT\/M<\/li>\n<\/ul>\n<p><img decoding=\"async\" src=\"https:\/\/hzpt.com\/wp-content\/uploads\/2023\/11\/Snow-Plow-Hydraulic-Cylinder-4Factory.webp\" alt=\"Na\u0161a tovarna\" title=\"\"><\/p>\n<h2>Prednosti nastavljivih cilindrov tipa Clevis<\/h2>\n<p>Nastavljivi cilindri z vili\u010dasto glavo, kot so <em>Visokokakovostni dvodelni mini hidravli\u010dni cilinder za sne\u017eni plug<\/em>, ponujajo vrsto prednosti in se pogosto uporabljajo v razli\u010dnih panogah. V tem \u010dlanku bomo podrobneje raziskali prednosti teh valjev.<\/p>\n<h3>1. Izbolj\u0161ana fleksibilnost in prilagodljivost<\/h3>\n<p>Ena klju\u010dnih prednosti nastavljivih cilindrov z vidno glavo je njihova sposobnost zagotavljanja ve\u010dje fleksibilnosti in prilagodljivosti v razli\u010dnih aplikacijah. Ti cilindri imajo nastavljivo pritrditev z vidno glavo, kar omogo\u010da enostavno prilagajanje in natan\u010dno pozicioniranje. Ta fleksibilnost zagotavlja, da se cilinder enostavno integrira v razli\u010dne sisteme, zaradi \u010desar je vsestranska izbira za razli\u010dne hidravli\u010dne aplikacije.<\/p>\n<h3>2. Optimalna zmogljivost in u\u010dinkovitost<\/h3>\n<p>Z napredno zasnovo in konstrukcijo nastavljivi cilindri z vidno glavo ponujajo optimalno delovanje in u\u010dinkovitost. Ti cilindri so zasnovani tako, da zagotavljajo gladke in natan\u010dne gibe, kar zagotavlja zanesljivo delovanje v zahtevnih pogojih. Uporaba visokokakovostnih materialov in natan\u010dnih proizvodnih tehnik zagotavlja dosledno delovanje, kar zmanj\u0161uje \u010das izpada in pove\u010duje produktivnost.<\/p>\n<h3>3. Pove\u010dana vzdr\u017eljivost in dolgo\u017eivost<\/h3>\n<p>Druga pomembna prednost nastavljivih cilindrov z vidno glavo je njihova ve\u010dja vzdr\u017eljivost in \u017eivljenjska doba. Ti cilindri so izdelani tako, da prenesejo velike obremenitve, zahtevna okolja in pogosto uporabo. Visokokakovostni materiali, uporabljeni pri njihovi izdelavi, skupaj z naprednimi tehnologijami tesnjenja zagotavljajo odli\u010dno odpornost proti obrabi, koroziji in pu\u0161\u010danju. Ta vzdr\u017eljivost se odra\u017ea v dalj\u0161i \u017eivljenjski dobi in ni\u017ejih stro\u0161kih vzdr\u017eevanja.<\/p>\n<h3>4. Izbolj\u0161ane varnostne funkcije<\/h3>\n<p>Nastavljivi cilindri z vidno glavo so pogosto opremljeni z izbolj\u0161animi varnostnimi funkcijami, zaradi \u010desar so zanesljiva izbira za kriti\u010dne aplikacije. Te varnostne funkcije lahko vklju\u010dujejo za\u0161\u010dito pred previsokim tlakom, ventile za zadr\u017eevanje obremenitve in funkcije zasilne zaustavitve. Tak\u0161ni za\u0161\u010ditni ukrepi ne \u0161\u010ditijo le samega cilindra, temve\u010d zagotavljajo tudi varnost osebja in opreme v okoli\u0161kem okolju.<\/p>\n<h3>5. Enostavna namestitev in vzdr\u017eevanje<\/h3>\n<p>Zaradi uporabniku prijazne zasnove nastavljivi cilindri z vidno glavo omogo\u010dajo enostavno namestitev in vzdr\u017eevanje. Sistem nastavljive pritrditve z vidno glavo omogo\u010da hitro in enostavno namestitev, kar prihrani \u010das in trud. Poleg tega imajo ti cilindri pogosto priro\u010dne dostopne to\u010dke za vzdr\u017eevanje in pregled, kar olaj\u0161a redno servisiranje in zmanj\u0161a \u010das izpada.<\/p>\n<p>Nastavljivi cilindri z vidno glavo, kot jih predstavlja vrhunski dvodelni mini hidravli\u010dni cilinder za sne\u017eni plug, ponujajo \u0161tevilne prednosti glede prilagodljivosti, zmogljivosti, vzdr\u017eljivosti, varnosti in enostavnosti uporabe. Ti cilindri so zanesljiva izbira za \u0161irok spekter hidravli\u010dnih aplikacij, saj ponujajo izbolj\u0161ano funkcionalnost in u\u010dinkovitost.<\/p>\n<h3>O FMP \u2013 hidravli\u010dnem cilindru<\/h3>\n<p>\u010ce i\u0161\u010dete zanesljive in visokokakovostne hidravli\u010dne cilindre, ste pri\u0161li na pravo mesto. FMP je ugledno podjetje, specializirano za prodajo in servis delov in celotnih strojev za gradbeno mehanizacijo. Z dolgoletnimi izku\u0161njami v panogi in profesionalno ekipo svojim strankam zagotavljamo vrhunske hidravli\u010dne cilindre, ki so zasnovani tako, da ustrezajo njihovim specifi\u010dnim potrebam.<\/p>\n<p>Tukaj je pet razlogov, zakaj bi morali izbrati FMP za va\u0161e potrebe po hidravli\u010dnih cilindrih:<\/p>\n<p>1. \u0160iroka paleta izdelkov: V podjetju FMP ponujamo \u0161iroko paleto hidravli\u010dnih cilindrov, vklju\u010dno z nastavljivimi cilindri z u\u0161esnim klobukom, varjenimi cilindri z u\u0161esnim klobukom in \u0161tevilnimi drugimi. Na\u0161i izdelki so primerni za razli\u010dne vrste gradbenih strojev, vklju\u010dno s kmetijskimi stroji, industrijskimi stroji in drugimi.<\/p>\n<p>2. Vrhunski materiali: V na\u0161ih izdelkih uporabljamo le najkakovostnej\u0161e materiale, s \u010dimer zagotavljamo, da izpolnjujejo stroge standarde kakovosti. Na\u0161i hidravli\u010dni cilindri so izdelani iz visokokakovostnega jekla, kar zagotavlja vzdr\u017eljivost in dolgotrajno delovanje.<\/p>\n<p>3. Strokovno svetovanje: Na\u0161a izku\u0161ena prodajna ekipa je vedno pripravljena zagotoviti strokovno svetovanje in nasvete. Razumemo razvojne trende in potrebe strank v industriji gradbenih strojev ter vam lahko pomagamo izbrati pravi hidravli\u010dni cilinder za va\u0161e potrebe.<\/p>\n<p>4. U\u010dinkovit logisti\u010dni distribucijski sistem: Imamo u\u010dinkovit logisti\u010dni distribucijski sistem, ki zagotavlja, da na\u0161e stranke pravo\u010dasno in natan\u010dno prejmejo potrebne dele. To pomeni, da se lahko zanesete na nas, da vam bomo dostavili hidravli\u010dni valj, ko ga potrebujete.<\/p>\n<p>5. Konkuren\u010dne cene: Pri FMP ponujamo svoje izdelke po konkuren\u010dnih cenah, ne da bi pri tem ogrozili kakovost. Verjamemo, da bi moral imeti vsakdo dostop do visokokakovostnih hidravli\u010dnih cilindrov po dostopni ceni.<\/p>\n<p>\u010ce torej i\u0161\u010dete zanesljivega in profesionalnega dobavitelja hidravli\u010dnih cilindrov, je FMP prava izbira. Za ve\u010d informacij o na\u0161ih izdelkih in storitvah nas kontaktirajte \u0161e danes.<\/p>\n<p><img decoding=\"async\" class=\"aligncenter\" src=\"https:\/\/fmp-components.com\/wp-content\/uploads\/2024\/12\/Adjustable-Clevis-Type-Cylinders-6.webp\" alt=\"Nastavljiv valj tipa Clevis\" width=\"848\" title=\"\"><\/p>\n<h2>Pogosta vpra\u0161anja<\/h2>\n<ol>\n<li><b>V: Kak\u0161en je postopek izdelave va\u0161ih hidravli\u010dnih cilindrov?<\/b><br \/>\nA: Na\u0161e jeklenke so izdelane po strogih standardih ISO9001:2000, kar zagotavlja njihovo kakovost in zanesljivost.<\/li>\n<li><b>V: Ali nudite poprodajne storitve?<\/b><br \/>\nO: Da, nudimo odli\u010dne poprodajne storitve, vklju\u010dno z 1-letno garancijo na klju\u010dne komponente.<\/li>\n<li><b>V: Ali lahko prilagodite hidravli\u010dni cilinder glede na posebne zahteve?<\/b><br \/>\nO: Da, izdelek lahko prilagodimo na podlagi va\u0161ih vzorcev ali tehni\u010dnih risb.<\/li>\n<\/ol>\n<p>Avtor: CX<\/p>","protected":false},"excerpt":{"rendered":"<p>&nbsp; The Mini Hydraulic Cylinder for Snow Plow is engineered for easy installation and maintenance. Its user-friendly design allows for quick setup and hassle-free operation. With proper care and regular maintenance, this cylinder will continue to deliver excellent performance season after season. Investing in the Premium Quality Double Acting Mini Hydraulic Cylinder for Snow Plow [&hellip;]<\/p>","protected":false},"featured_media":1541,"comment_status":"closed","ping_status":"closed","template":"","meta":{"_et_pb_use_builder":"","_et_pb_old_content":"","_et_gb_content_width":""},"product_brand":[],"product_cat":[42],"product_tag":[34,44],"class_list":{"0":"post-1540","1":"product","2":"type-product","3":"status-publish","4":"has-post-thumbnail","6":"product_cat-snow-plow-hydraulic-cylinder","7":"product_tag-hydraulic-cylinder","8":"product_tag-snow-plow-hydraulic-cylinder","10":"first","11":"instock","12":"product-type-simple"},"_links":{"self":[{"href":"https:\/\/fmp-components.com\/sl\/wp-json\/wp\/v2\/product\/1540","targetHints":{"allow":["GET"]}}],"collection":[{"href":"https:\/\/fmp-components.com\/sl\/wp-json\/wp\/v2\/product"}],"about":[{"href":"https:\/\/fmp-components.com\/sl\/wp-json\/wp\/v2\/types\/product"}],"replies":[{"embeddable":true,"href":"https:\/\/fmp-components.com\/sl\/wp-json\/wp\/v2\/comments?post=1540"}],"wp:featuredmedia":[{"embeddable":true,"href":"https:\/\/fmp-components.com\/sl\/wp-json\/wp\/v2\/media\/1541"}],"wp:attachment":[{"href":"https:\/\/fmp-components.com\/sl\/wp-json\/wp\/v2\/media?parent=1540"}],"wp:term":[{"taxonomy":"product_brand","embeddable":true,"href":"https:\/\/fmp-components.com\/sl\/wp-json\/wp\/v2\/product_brand?post=1540"},{"taxonomy":"product_cat","embeddable":true,"href":"https:\/\/fmp-components.com\/sl\/wp-json\/wp\/v2\/product_cat?post=1540"},{"taxonomy":"product_tag","embeddable":true,"href":"https:\/\/fmp-components.com\/sl\/wp-json\/wp\/v2\/product_tag?post=1540"}],"curies":[{"name":"delovni list","href":"https:\/\/api.w.org\/{rel}","templated":true}]}}