{"id":1534,"date":"2024-12-23T05:51:36","date_gmt":"2024-12-23T05:51:36","guid":{"rendered":"https:\/\/fmp-components.com\/product\/china-supplier-two-way-hydraulic-piston-cylinder-welded-hydraulic-cylinder\/"},"modified":"2024-12-23T08:46:15","modified_gmt":"2024-12-23T08:46:15","slug":"italy-supplier-two-way-hydraulic-piston-cylinder-welded-hydraulic-cylinder","status":"publish","type":"product","link":"https:\/\/fmp-components.com\/sl\/product\/italy-supplier-two-way-hydraulic-piston-cylinder-welded-hydraulic-cylinder\/","title":{"rendered":"Italijanski dobavitelj dvosmerni hidravli\u010dni batni valj varjeni hidravli\u010dni valj"},"content":{"rendered":"<h2>Italijanski dobavitelj dvosmerni hidravli\u010dni batni valj varjeni hidravli\u010dni valj<\/h2>\n<p>Dvosmerni hidravli\u010dni batni valj italijanskega dobavitelja Varjeni hidravli\u010dni valj je visokokakovosten hidravli\u010dni valj, zasnovan za te\u017eke aplikacije. Ta hidravli\u010dni valj je posebej zasnovan tako, da prenese visok tlak, visoko temperaturo in te\u017eke okoljske pogoje.<\/p>\n<p>Batni valj je izdelan iz visokokakovostnih materialov, ki zagotavljajo vzdr\u017eljivost in trdnost. Valj je varjen z naprednimi tehnikami, ki zagotavljajo natan\u010dnost in zanesljivost. S svojo dvosmerno zasnovo ta hidravli\u010dni valj zagotavlja gladko in enakomerno gibanje v obe smeri.<\/p>\n<p>Ta hidravli\u010dni batni cilinder je idealen za uporabo v gradbeni\u0161tvu, rudarstvu, kmetijstvu in drugih te\u017ekih panogah. Zasnovan je posebej za te\u017eke pogoje in je izdelan za dolgo \u017eivljenjsko dobo.<\/p>\n<p><img decoding=\"async\" title=\"Hidravli\u010dni cilinder za sne\u017eni plug\" src=\"https:\/\/hzpt.com\/wp-content\/uploads\/2023\/11\/Snow-Plow-Hydraulic-Cylinder-2.webp\" alt=\"Hidravli\u010dni cilinder za sne\u017eni plug\" \/><\/p>\n<p>Skratka, dvosmerni hidravli\u010dni batni hidravli\u010dni cilinder italijanskega dobavitelja je vrhunski hidravli\u010dni cilinder, ki ponuja izjemno zmogljivost in zanesljivost. Ne glede na to, ali i\u0161\u010dete hidravli\u010dni cilinder za svoje te\u017eke stroje ali opremo, je ta izdelek odli\u010dna izbira.<\/p>\n<h2>O izdelku<\/h2>\n<p>Kot vodilni dobavitelj iz Italije z veseljem predstavljamo na\u0161 novi, standardni dvosmerni hidravli\u010dni batni cilinder. Ta visokokakovosten varjen hidravli\u010dni cilinder je zasnovan tako, da ustreza potrebam delavnic za popravilo strojev, kmetij, energetskih in rudarskih podjetij, proizvodnje strojev in drugih podjetij. S te\u017eo 6,4 kg je lahek in vzdr\u017eljiv, kar zagotavlja zanesljivo delovanje tudi pri te\u017ekih aplikacijah.<\/p>\n<h3>Zna\u010dilnosti izdelka<\/h3>\n<ul>\n<li>\n<ul>\n<li><strong>Mo\u010dan sunek in vlek:<\/strong> Na\u0161 batni valj ponuja najve\u010dji potisk 3000 in najve\u010dji vle\u010dni moment 20 ton, kar zagotavlja izjemno zmogljivost v razli\u010dnih aplikacijah.<\/li>\n<li><strong>Kakovosten material:<\/strong> Telo cilindra je izdelano iz jekla, kar zagotavlja dolgotrajno vzdr\u017eljivost in odpornost proti obrabi.<\/li>\n<li><strong>Vsestranski:<\/strong> Zasnovan je posebej kot hidravli\u010dni cilinder za sne\u017eni plug in ima priklju\u010dke G\/SAE\/NPT\/M, zaradi \u010desar je primeren za \u0161irok spekter uporabe.<\/li>\n<li><strong>Zagotovljena kakovost:<\/strong> Izdelek ima 1-letno garancijo in vklju\u010duje klju\u010dne komponente, kot so le\u017eaji in hidravli\u010dni cilindri. Poleg tega ima certifikat ISO9001:2000, kar zagotavlja vrhunsko kakovost.<\/li>\n<\/ul>\n<\/li>\n<\/ul>\n<p><img decoding=\"async\" src=\"https:\/\/hzpt.com\/wp-content\/uploads\/2023\/11\/Snow-Plow-Hydraulic-Cylinder-4Factory.webp\" alt=\"Tovarni\u0161ka slika\" title=\"\"><\/p>\n<h2>Prednosti nastavljivih cilindrov tipa Clevis<\/h2>\n<p>Nastavljivi cilindri z vidno glavo so hidravli\u010dne naprave, ki se uporabljajo v razli\u010dnih industrijskih aplikacijah. Ti cilindri ponujajo ve\u010d prednosti pred drugimi vrstami hidravli\u010dnih cilindrov, zaradi \u010desar so priljubljena izbira za \u0161tevilne panoge. V tem \u010dlanku bomo razpravljali o prednostih nastavljivih cilindrov z vidno glavo in zakaj so koristni za razli\u010dne aplikacije.<\/p>\n<p>1. Izbolj\u0161ana prilagodljivost:<br \/>\nNastavljivi cilindri z vili\u010dasto glavo zagotavljajo ve\u010djo fleksibilnost pri prilagajanju dol\u017eine hoda. Z nastavljivimi vili\u010dastimi pritrditvami ti cilindri omogo\u010dajo enostavno prilagajanje in prilagoditev razli\u010dnim zahtevam vgradnje. Zaradi te fleksibilnosti so primerni za \u0161irok spekter uporabe, vklju\u010dno z gradbeni\u0161tvom, ravnanjem z materiali in proizvodno industrijo.<\/p>\n<p>2. Natan\u010dno pozicioniranje:<br \/>\nEna klju\u010dnih prednosti nastavljivih cilindrov z vidno glavo je njihova sposobnost natan\u010dnega pozicioniranja. Nastavljivi nosilci z vidno glavo omogo\u010dajo fino nastavitev dol\u017eine hoda cilindra, kar omogo\u010da natan\u010den nadzor nad gibanjem iztegovanja in umika cilindra. Ta sposobnost natan\u010dnega pozicioniranja je bistvena v aplikacijah, kjer sta natan\u010dnost in nadzor klju\u010dnega pomena, na primer v robotiki in avtomatizacijskih sistemih.<\/p>\n<p>3. Vzdr\u017eljivost in trdnost:<br \/>\nNastavljivi cilindri z vidno glavo so zasnovani tako, da prenesejo velike obremenitve in te\u017eke obratovalne pogoje. Ti cilindri so izdelani iz visokokakovostnih materialov in so podvr\u017eeni strogim preizkusom, ki zagotavljajo vzdr\u017eljivost in trdnost. Zaradi svoje robustne konstrukcije lahko prenesejo visokotla\u010dna okolja in ponavljajo\u010do se uporabo brez ogro\u017eanja zmogljivosti, zaradi \u010desar so idealni za zahtevne aplikacije v panogah, kot sta rudarstvo in kmetijstvo.<\/p>\n<p>4. U\u010dinkovita pretvorba energije:<br \/>\nDruga prednost nastavljivih cilindrov z vidno glavo je njihova u\u010dinkovita pretvorba energije. Ti cilindri uporabljajo hidravli\u010dni tlak za pretvorbo mehanske energije v linearno gibanje. Z izkori\u0161\u010danjem mo\u010di teko\u010din lahko cilindri ustvarijo znatno silo z relativno majhno vhodno mo\u010djo. To energetsko u\u010dinkovito delovanje zmanj\u0161uje porabo energije in prispeva k splo\u0161nim prihrankom pri obratovalnih stro\u0161kih.<\/p>\n<p>5. Enostavno vzdr\u017eevanje:<br \/>\nNastavljivi cilindri z vidno glavo so zasnovani za enostavno vzdr\u017eevanje in servisiranje. Pogosto so opremljeni s funkcijami, kot so odstranljivi zati\u010di in kompleti tesnil, kar omogo\u010da priro\u010dno izvajanje rutinskih vzdr\u017eevalnih opravil. Poleg tega imajo ti cilindri dalj\u0161o \u017eivljenjsko dobo v primerjavi z drugimi tipi, kar zmanj\u0161uje pogostost zamenjav in s tem povezan \u010das izpada.<\/p>\n<p>Skratka, nastavljivi cilindri z vili\u010dasto glavo ponujajo \u0161tevilne prednosti, zaradi katerih so zanesljiva izbira za razli\u010dne industrijske aplikacije. Njihova ve\u010dja fleksibilnost, natan\u010dno pozicioniranje, vzdr\u017eljivost in trdnost, u\u010dinkovita pretvorba energije ter enostavno vzdr\u017eevanje prispevajo k izbolj\u0161ani zmogljivosti in stro\u0161kovni u\u010dinkovitosti. Ne glede na to, ali gre za gradbeni\u0161tvo, ravnanje z materiali ali predelovalno industrijo, lahko ti cilindri zagotovijo potrebno mo\u010d in nadzor za izpolnjevanje specifi\u010dnih zahtev aplikacije. Razmislite o izbiri italijanskega dobavitelja nastavljivih cilindrov z vili\u010dasto glavo, kot so dvosmerni hidravli\u010dni batni cilinder ali varjeni hidravli\u010dni cilinder, da zagotovite visokokakovostne izdelke in zanesljivo delovanje.<\/p>\n<h3>O FMP-ju<\/h3>\n<p>V podjetju FMP smo specializirani za prodajo in servis delov in celotnih strojev za gradbeno mehanizacijo. Na\u0161a ponudba izdelkov je \u0161iroka in vklju\u010duje razli\u010dne vrste gradbene mehanizacije, kot so menjalniki za kmetijsko mehanizacijo, hidravli\u010dni cilindri, planetarni menjalniki, industrijski menjalniki, deli za kmetijsko mehanizacijo in vrsta vrhunske dodatne opreme, ki se ujema z njimi. Eden na\u0161ih najbolj priljubljenih izdelkov je hidravli\u010dni cilinder.<\/p>\n<p>Tukaj je pet razlogov, zakaj so hidravli\u010dni cilindri FMP najbolj\u0161a izbira za va\u0161e stroje:<\/p>\n<p>1. Visokokakovostni materiali: Na\u0161i hidravli\u010dni cilindri so izdelani iz visokokakovostnih materialov, kar zagotavlja njihovo vzdr\u017eljivost in zanesljivost.<\/p>\n<p>2. Prilagodljiva zasnova: Ponujamo nastavljive cilindre z vili\u010dasto glavo, ki jih je mogo\u010de enostavno prilagoditi va\u0161im specifi\u010dnim potrebam in zahtevam.<\/p>\n<p>3. Strokovna ekipa: Na\u0161a izku\u0161ena in usposobljena prodajna ekipa je dobro seznanjena z gradbeno mehanizacijo in vam lahko nudi strokovno svetovanje o izdelkih ter pametne predloge za nakup.<\/p>\n<p>4. Strogi standardi kakovosti: Z vzpostavljanjem dolgoro\u010dnih in stabilnih partnerskih odnosov s \u0161tevilnimi visokokakovostnimi dobavitelji doma in v tujini zagotavljamo, da vsi dobavljeni deli izpolnjujejo stroge standarde kakovosti.<\/p>\n<p>5. U\u010dinkovit logisti\u010dni distribucijski sistem: Imamo u\u010dinkovit logisti\u010dni distribucijski sistem, ki zagotavlja, da stranke pravo\u010dasno in natan\u010dno prejmejo potrebne dele.<\/p>\n<p>Na\u0161i hidravli\u010dni cilindri so idealni za razli\u010dne aplikacije, vklju\u010dno s kmetijsko mehanizacijo, gradbeno mehanizacijo in industrijsko mehanizacijo. Z FMP ste lahko prepri\u010dani, da dobivate izdelke in storitve najbolj\u0161e kakovosti, ki jih podpirajo dolgoletne izku\u0161nje v industriji in profesionalna ekipa. Prepri\u010dajte se sami, zakaj je FMP prva izbira za dele gradbene mehanizacije in celovite strojne re\u0161itve.<\/p>\n<p><img decoding=\"async\" src=\"https:\/\/fmp-components.com\/wp-content\/uploads\/2024\/12\/Adjustable-Clevis-Type-Cylinders-6.webp\" alt=\"Nastavljiv valj tipa Clevis\" width=\"845\" title=\"\"><\/p>\n<h2>Pogosto zastavljena vpra\u0161anja<\/h2>\n<ol>\n<li><strong>V: Ali ste trgovsko podjetje ali proizvajalec?<\/strong><br \/>\nO: Smo proizvajalec.<\/li>\n<li><strong>V: Koliko \u010dasa traja va\u0161a dobavni rok?<\/strong><br \/>\nA: Na splo\u0161no traja 25-35 dni.<\/li>\n<li><strong>V: Ali ponujate vzorce? Je to brezpla\u010dno ali dodatno?<\/strong><br \/>\nO: Da, ponujamo vzorce, vendar niso brezpla\u010dni.<\/li>\n<\/ol>\n<p>Avtor: CX<\/p>","protected":false},"excerpt":{"rendered":"<p>Italy Supplier Two Way Hydraulic Piston Cylinder Welded Hydraulic Cylinder Italy Supplier Two Way Hydraulic Piston Cylinder Welded Hydraulic Cylinder is a high-quality hydraulic cylinder designed for heavy-duty applications. This hydraulic cylinder is specifically designed to withstand high pressure, high temperature, and harsh environmental conditions. The piston cylinder is made of high-quality materials that ensure [&hellip;]<\/p>","protected":false},"featured_media":1535,"comment_status":"closed","ping_status":"closed","template":"","meta":{"_et_pb_use_builder":"","_et_pb_old_content":"","_et_gb_content_width":""},"product_brand":[],"product_cat":[42],"product_tag":[34,44],"class_list":{"0":"post-1534","1":"product","2":"type-product","3":"status-publish","4":"has-post-thumbnail","6":"product_cat-snow-plow-hydraulic-cylinder","7":"product_tag-hydraulic-cylinder","8":"product_tag-snow-plow-hydraulic-cylinder","10":"first","11":"instock","12":"product-type-simple"},"_links":{"self":[{"href":"https:\/\/fmp-components.com\/sl\/wp-json\/wp\/v2\/product\/1534","targetHints":{"allow":["GET"]}}],"collection":[{"href":"https:\/\/fmp-components.com\/sl\/wp-json\/wp\/v2\/product"}],"about":[{"href":"https:\/\/fmp-components.com\/sl\/wp-json\/wp\/v2\/types\/product"}],"replies":[{"embeddable":true,"href":"https:\/\/fmp-components.com\/sl\/wp-json\/wp\/v2\/comments?post=1534"}],"wp:featuredmedia":[{"embeddable":true,"href":"https:\/\/fmp-components.com\/sl\/wp-json\/wp\/v2\/media\/1535"}],"wp:attachment":[{"href":"https:\/\/fmp-components.com\/sl\/wp-json\/wp\/v2\/media?parent=1534"}],"wp:term":[{"taxonomy":"product_brand","embeddable":true,"href":"https:\/\/fmp-components.com\/sl\/wp-json\/wp\/v2\/product_brand?post=1534"},{"taxonomy":"product_cat","embeddable":true,"href":"https:\/\/fmp-components.com\/sl\/wp-json\/wp\/v2\/product_cat?post=1534"},{"taxonomy":"product_tag","embeddable":true,"href":"https:\/\/fmp-components.com\/sl\/wp-json\/wp\/v2\/product_tag?post=1534"}],"curies":[{"name":"delovni list","href":"https:\/\/api.w.org\/{rel}","templated":true}]}}