{"id":1532,"date":"2024-12-23T05:51:36","date_gmt":"2024-12-23T05:51:36","guid":{"rendered":"https:\/\/fmp-components.com\/product\/customized-two-way-double-effect-hydraulic-piston-cylinder\/"},"modified":"2024-12-23T06:02:52","modified_gmt":"2024-12-23T06:02:52","slug":"customized-two-way-double-effect-hydraulic-piston-cylinder","status":"publish","type":"product","link":"https:\/\/fmp-components.com\/sl\/product\/customized-two-way-double-effect-hydraulic-piston-cylinder\/","title":{"rendered":"Prilagojen dvosmerni hidravli\u010dni batni valj z dvojnim u\u010dinkom"},"content":{"rendered":"<p>Prilagojen dvosmerni hidravli\u010dni batni cilinder z dvojnim u\u010dinkomPrilagojen dvosmerni hidravli\u010dni batni cilinder z dvojnim u\u010dinkom je visokokakovosten izdelek, zasnovan za izpolnjevanje zahtev razli\u010dnih industrijskih aplikacij. S svojo napredno hidravli\u010dno tehnologijo ta batni cilinder ponuja vrhunsko zmogljivost in zanesljivost.<\/p>\n<p>Ta hidravli\u010dni batni cilinder z dvosmerno zasnovo z dvojnim u\u010dinkom omogo\u010da u\u010dinkovito in natan\u010dno krmiljenje hidravli\u010dnih sistemov. Omogo\u010da tako iztegovanje kot vle\u010denje bata, kar zagotavlja gladko in natan\u010dno gibanje.<\/p>\n<p>Jeklenka je izdelana iz trpe\u017enih materialov, ki zagotavljajo dolgo \u017eivljenjsko dobo in odpornost proti obrabi. Zasnovana je tako, da prenese visok tlak in velike obremenitve, zaradi \u010desar je primerna za zahtevna industrijska okolja.<\/p>\n<p><img loading=\"lazy\" decoding=\"async\" class=\"\" title=\"Hidravli\u010dni cilinder za sne\u017eni plug\" src=\"https:\/\/hzpt.com\/wp-content\/uploads\/2023\/11\/Snow-Plow-Hydraulic-Cylinder-3.webp\" alt=\"Hidravli\u010dni cilinder za sne\u017eni plug\" width=\"922\" height=\"922\" \/><\/p>\n<p>Prilagojeni dvosmerni hidravli\u010dni batni cilinder z dvojnim u\u010dinkom je zelo prilagodljiv specifi\u010dnim zahtevam. Prilagoditi ga je mogo\u010de razli\u010dnim dol\u017einam hoda, velikostim izvrtin in mo\u017enostim monta\u017ee. Ta vsestranskost omogo\u010da brezhibno integracijo v obstoje\u010de hidravli\u010dne sisteme ali ustvarjanje novih sistemov.<\/p>\n<p>Poleg izjemne zmogljivosti je ta batni valj zasnovan z mislijo na varnost. Vklju\u010duje funkcije, kot so tesnila in odbija\u010di, ki prepre\u010dujejo pu\u0161\u010danje in zmanj\u0161ujejo vibracije, kar zagotavlja varno in stabilno delovanje.<\/p>\n<p>Na splo\u0161no je prilagojen dvosmerni hidravli\u010dni batni cilinder z dvojnim u\u010dinkom zanesljiva in u\u010dinkovita re\u0161itev za razli\u010dne industrijske aplikacije. Zaradi prilagodljivosti, vrhunske zmogljivosti in varnostnih funkcij je idealna izbira za podjetja, ki \u017eelijo izbolj\u0161ati svoje hidravli\u010dne sisteme.<\/p>\n<div>\n<p>Nadgradite svojo mehanizacijo z dvosmernim hidravli\u010dnim batnim cilindrom z dvojnim u\u010dinkom za maksimalno prilagoditev in u\u010dinkovitost. Ta hidravli\u010dni batni cilinder, izdelan z natan\u010dnostjo in strokovnim znanjem, zagotavlja vrhunsko zmogljivost in zanesljivost.<\/p>\n<p><img decoding=\"async\" title=\"Hidravli\u010dni cilinder za sne\u017eni plug\" src=\"https:\/\/hzpt.com\/wp-content\/uploads\/2023\/11\/Snow-Plow-Hydraulic-Cylinder-2.webp\" alt=\"Hidravli\u010dni cilinder za sne\u017eni plug\" \/><\/p>\n<h2>Zna\u010dilnosti izdelka<\/h2>\n<table style=\"width: 100%;\" border=\"1\" width=\"100%\" cellspacing=\"0\" cellpadding=\"0\">\n<tbody>\n<tr>\n<th>Ime izdelka<\/th>\n<td>Hidravli\u010dni cilinder za sne\u017eni plug<\/td>\n<\/tr>\n<tr>\n<th>Stanje<\/th>\n<td>Novo<\/td>\n<\/tr>\n<tr>\n<th>Garancija<\/th>\n<td>1 leto<\/td>\n<\/tr>\n<tr>\n<th>Uporabne panoge<\/th>\n<td>Strojne delavnice, Kmetije, Energetika in rudarstvo, Proizvodnja strojev, Tovarna strojev<\/td>\n<\/tr>\n<tr>\n<th>Te\u017ea (kg)<\/th>\n<td>6.4<\/td>\n<\/tr>\n<tr>\n<th>Vrsta tr\u017eenja<\/th>\n<td>Nov izdelek 2023<\/td>\n<\/tr>\n<tr>\n<th>Osnovne komponente<\/th>\n<td>Le\u017eaj, hidravli\u010dni valj<\/td>\n<\/tr>\n<tr>\n<th>Struktura<\/th>\n<td>Batni valj<\/td>\n<\/tr>\n<tr>\n<th>Vir napajanja<\/th>\n<td>Hidravli\u010dni<\/td>\n<\/tr>\n<\/tbody>\n<\/table>\n<h2>Vzdr\u017eevanje in nega<\/h2>\n<p>Ta hidravli\u010dni batni cilinder z enoletno garancijo in osrednjim sestavnim delom le\u017eajev in hidravli\u010dnih cilindrov je zasnovan za dolgo \u017eivljenjsko dobo. Njegovo jekleno ohi\u0161je pove\u010duje njegovo vzdr\u017eljivost in omogo\u010da, da prenese tudi najte\u017eje pogoje. Z najve\u010djim potiskom 3000 in najve\u010djim vle\u010dnim naporom 20 ton je pravi vir u\u010dinkovitosti.<\/p>\n<h2>Aplikacije<\/h2>\n<p>Zaradi kompaktne velikosti in majhne te\u017ee 6,4 kg je ta hidravli\u010dni batni cilinder primeren za uporabo v delavnicah za popravilo strojev, na kmetijah, v energetski in rudarski industriji, proizvodnji strojev in tovarnah strojev. Zaradi vsestranskosti uporabe je idealna izbira za razli\u010dne strojne nastavitve.<\/p>\n<p><img decoding=\"async\" src=\"https:\/\/hzpt.com\/wp-content\/uploads\/2023\/11\/Snow-Plow-Hydraulic-Cylinder-4Factory.webp\" alt=\"Tovarni\u0161ka slika\" title=\"\"><\/p>\n<\/div>\n<h2>Prednosti nastavljivih cilindrov tipa Clevis<\/h2>\n<ul>\n<li style=\"list-style-type: none;\">\n<ul>\n<li>Pove\u010dana vsestranskost<\/li>\n<\/ul>\n<\/li>\n<\/ul>\n<p>Nastavljiv valj z vidno glavo ponuja \u0161iroko paleto prilagodljivosti pri uporabi, saj ga je mogo\u010de prilagoditi specifi\u010dnim primerom uporabe. To \u0161e posebej velja za prilagojen dvosmerni hidravli\u010dni batni valj z dvojnim u\u010dinkom. Mo\u017enost prilagajanja pritrdilnih to\u010dk omogo\u010da la\u017ejo namestitev in uporabo v razli\u010dnih aplikacijah.<\/p>\n<ul>\n<li style=\"list-style-type: none;\">\n<ul>\n<li>Izbolj\u0161ana u\u010dinkovitost<\/li>\n<\/ul>\n<\/li>\n<\/ul>\n<p>Uporaba nastavljivih cilindrov z vidno glavo zagotavlja, da je valj optimiziran za predvideno uporabo. To pomeni, da valj ni preve\u010d ali premalo izkori\u0161\u010den, kar vodi do izbolj\u0161ane u\u010dinkovitosti. To je \u0161e posebej pomembno za prilagojen dvosmerni hidravli\u010dni batni valj z dvojnim u\u010dinkom, saj ga je mogo\u010de optimizirati za dvosmerno uporabo, kar vodi do ve\u010djega nadzora nad obremenitvijo.<\/p>\n<ul>\n<li style=\"list-style-type: none;\">\n<ul>\n<li>Izbolj\u0161ana varnost<\/li>\n<\/ul>\n<\/li>\n<\/ul>\n<p>Nastavljivi cilindri z vidno glavo so zasnovani tako, da jih je mogo\u010de enostavno nastaviti, kar mo\u010dno zmanj\u0161a mo\u017enost nesre\u010d. To je \u0161e posebej pomembno za prilagojene dvosmerne hidravli\u010dne batne cilindre z dvojnim u\u010dinkom, ki jih je mogo\u010de optimizirati za varnost pri dvosmernih aplikacijah. Poleg tega uporaba visokokakovostnih materialov zagotavlja, da so ti cilindri zanesljivi in \u200b\u200bvarni za uporabo.<\/p>\n<ul>\n<li style=\"list-style-type: none;\">\n<ul>\n<li>Pove\u010dana vzdr\u017eljivost<\/li>\n<\/ul>\n<\/li>\n<\/ul>\n<p>Nastavljivi cilindri tipa clevis so izdelani za dolgo \u017eivljenjsko dobo. Izdelani so iz visokokakovostnih materialov, ki lahko prenesejo obremenitve te\u017eke uporabe. To \u0161e posebej velja za prilagojen dvosmerni hidravli\u010dni batni cilinder z dvojnim u\u010dinkom, ki je zasnovan tako, da prenese tlake dvosmernih aplikacij. To zagotavlja, da bo cilinder zdr\u017eal dlje in bo potreboval manj zamenjav, kar s\u010dasoma vodi do prihranka stro\u0161kov.<\/p>\n<ul>\n<li style=\"list-style-type: none;\">\n<ul>\n<li>Izbolj\u0161ana zmogljivost<\/li>\n<\/ul>\n<\/li>\n<\/ul>\n<p>Nastavljivi cilindri z vidno glavo so zasnovani za optimizacijo delovanja. Mo\u017enost prilagajanja pritrdilnih to\u010dk omogo\u010da ve\u010dji nadzor nad obremenitvijo, kar vodi do izbolj\u0161ane zmogljivosti. To je \u0161e posebej pomembno za prilagojene dvosmerne hidravli\u010dne batne cilindre z dvojnim u\u010dinkom, ki jih je mogo\u010de optimizirati za izbolj\u0161ano delovanje v dvosmernih aplikacijah. Poleg tega uporaba visokokakovostnih materialov zagotavlja, da bodo ti cilindri delovali optimalno dlje \u010dasa.<\/p>\n<p>Skratka, uporaba nastavljivih cilindrov z vidno glavo, zlasti prilagojenih dvosmernih hidravli\u010dnih batnih cilindrov z dvojnim u\u010dinkom, ponuja \u0161iroko paleto prednosti. Ti cilindri so vsestranski, u\u010dinkoviti, varni, vzdr\u017eljivi in \u200b\u200bponujajo izbolj\u0161ano delovanje. Ker jih je mogo\u010de prilagoditi specifi\u010dnim primerom uporabe, so ti cilindri odli\u010dna izbira za vse te\u017eke aplikacije.<\/p>\n<h3>O podjetju FMP \u2013 va\u0161em profesionalnem dobavitelju hidravli\u010dnih cilindrov<\/h3>\n<p>V podjetju FMP smo specializirani za prodajo in servis delov in celotnih strojev za gradbeno mehanizacijo ter ponosni smo, da smo vodilni dobavitelj visokokakovostnih in zanesljivih hidravli\u010dnih cilindrov. Tukaj je le nekaj razlogov, zakaj verjamemo, da so na\u0161i hidravli\u010dni cilindri najbolj\u0161i na trgu:<\/p>\n<p>1. Precizno in\u017eenirstvo \u2013 Na\u0161i hidravli\u010dni cilindri so zasnovani s preciznim in\u017eeniringom, kar zagotavlja njihovo vzdr\u017eljivost in zanesljivost tudi v najte\u017ejih pogojih.<\/p>\n<p>2. \u0160irok spekter uporabe \u2013 Na\u0161i hidravli\u010dni cilindri se lahko uporabljajo v najrazli\u010dnej\u0161ih aplikacijah, vklju\u010dno s kmetijsko mehanizacijo, industrijsko opremo in gradbenimi stroji.<\/p>\n<p>3. Zasnova po meri \u2013 Zasnovo na\u0161ih hidravli\u010dnih cilindrov lahko prilagodimo specifi\u010dnim potrebam na\u0161ih strank in jim zagotovimo najbolj\u0161o mo\u017eno zmogljivost na\u0161ih izdelkov.<\/p>\n<p>4. Visokokakovostni materiali \u2013 Pri izdelavi na\u0161ih hidravli\u010dnih cilindrov uporabljamo le najkakovostnej\u0161e materiale, kar zagotavlja, da so odporni na obrabo skozi \u010das.<\/p>\n<p>5. Odli\u010dna podpora strankam \u2013 Pri FMP smo ponosni na to, da vsem svojim strankam zagotavljamo odli\u010dno podporo. Na\u0161a izku\u0161ena prodajna ekipa je vedno na voljo za pomo\u010d, od svetovanja o izdelkih do pametnih predlogov za nakup.<\/p>\n<p>\u010ce torej i\u0161\u010dete zanesljivega in trpe\u017enega dobavitelja hidravli\u010dnih cilindrov, je FMP prava izbira. Za ve\u010d informacij o na\u0161ih izdelkih in storitvah ter o tem, kako vam lahko pomagamo izpolniti va\u0161e potrebe po gradbeni mehanizaciji, nas kontaktirajte \u0161e danes!<\/p>\n<p><img decoding=\"async\" src=\"https:\/\/fmp-components.com\/wp-content\/uploads\/2024\/12\/Adjustable-Clevis-Type-Cylinders-6.webp\" alt=\"Nastavljiv valj tipa Clevis\" width=\"844\" title=\"\"><\/p>\n<h2>Pogosta vpra\u0161anja<\/h2>\n<ol>\n<li><strong>V: Ali ste trgovsko podjetje ali proizvajalec?<\/strong>A: Smo tovarna.<\/li>\n<li><strong>V: Koliko \u010dasa traja va\u0161a dobavni rok?<\/strong>A: Na splo\u0161no traja 25-35 dni.<\/li>\n<li><strong>V: Ali ponujate vzorce? Je to brezpla\u010dno ali dodatno?<\/strong>O: Da, lahko ponudimo vzorec, vendar ni brezpla\u010den.<\/li>\n<\/ol>\n<p>Avtor: CX<\/p>","protected":false},"excerpt":{"rendered":"<p>Prilagojen dvosmerni hidravli\u010dni batni cilinder z dvojnim u\u010dinkomPrilagojen dvosmerni hidravli\u010dni batni cilinder z dvojnim u\u010dinkom je visokokakovosten izdelek, zasnovan za izpolnjevanje zahtev razli\u010dnih industrijskih aplikacij. S svojo napredno hidravli\u010dno tehnologijo ta batni cilinder ponuja vrhunsko zmogljivost in zanesljivost. Z dvosmerno zasnovo z dvojnim u\u010dinkom ta hidravli\u010dni batni cilinder omogo\u010da u\u010dinkovito in [\u2026]<\/p>","protected":false},"featured_media":1533,"comment_status":"closed","ping_status":"closed","template":"","meta":{"_et_pb_use_builder":"","_et_pb_old_content":"","_et_gb_content_width":""},"product_brand":[],"product_cat":[42],"product_tag":[34,44],"class_list":{"0":"post-1532","1":"product","2":"type-product","3":"status-publish","4":"has-post-thumbnail","6":"product_cat-snow-plow-hydraulic-cylinder","7":"product_tag-hydraulic-cylinder","8":"product_tag-snow-plow-hydraulic-cylinder","10":"first","11":"instock","12":"product-type-simple"},"_links":{"self":[{"href":"https:\/\/fmp-components.com\/sl\/wp-json\/wp\/v2\/product\/1532","targetHints":{"allow":["GET"]}}],"collection":[{"href":"https:\/\/fmp-components.com\/sl\/wp-json\/wp\/v2\/product"}],"about":[{"href":"https:\/\/fmp-components.com\/sl\/wp-json\/wp\/v2\/types\/product"}],"replies":[{"embeddable":true,"href":"https:\/\/fmp-components.com\/sl\/wp-json\/wp\/v2\/comments?post=1532"}],"wp:featuredmedia":[{"embeddable":true,"href":"https:\/\/fmp-components.com\/sl\/wp-json\/wp\/v2\/media\/1533"}],"wp:attachment":[{"href":"https:\/\/fmp-components.com\/sl\/wp-json\/wp\/v2\/media?parent=1532"}],"wp:term":[{"taxonomy":"product_brand","embeddable":true,"href":"https:\/\/fmp-components.com\/sl\/wp-json\/wp\/v2\/product_brand?post=1532"},{"taxonomy":"product_cat","embeddable":true,"href":"https:\/\/fmp-components.com\/sl\/wp-json\/wp\/v2\/product_cat?post=1532"},{"taxonomy":"product_tag","embeddable":true,"href":"https:\/\/fmp-components.com\/sl\/wp-json\/wp\/v2\/product_tag?post=1532"}],"curies":[{"name":"delovni list","href":"https:\/\/api.w.org\/{rel}","templated":true}]}}