{"id":1528,"date":"2024-12-23T05:51:36","date_gmt":"2024-12-23T05:51:36","guid":{"rendered":"https:\/\/fmp-components.com\/product\/hot-sale-stainless-steel-double-acting-hydraulic-cylinder-for-snow-plow\/"},"modified":"2024-12-23T06:00:40","modified_gmt":"2024-12-23T06:00:40","slug":"hot-sale-stainless-steel-double-acting-hydraulic-cylinder-for-snow-plow","status":"publish","type":"product","link":"https:\/\/fmp-components.com\/sl\/product\/hot-sale-stainless-steel-double-acting-hydraulic-cylinder-for-snow-plow\/","title":{"rendered":"Vro\u010de prodajno nerjave\u010de jeklo z dvojnim delovanjem hidravli\u010dnega cilindra za sne\u017eni plug"},"content":{"rendered":"<h2>Vro\u010de prodajno nerjave\u010de jeklo z dvojnim delovanjem hidravli\u010dnega cilindra za sne\u017eni plug<\/h2>\n<p>Vro\u010da prodaja dvosmernega hidravli\u010dnega cilindra iz nerjave\u010dega jekla za sne\u017eni plug je visokokakovosten izdelek, zasnovan za u\u010dinkovito plu\u017eenje v najte\u017ejih zimskih razmerah. Ta hidravli\u010dni cilinder je izdelan iz trpe\u017enega nerjave\u010dega jekla in je zasnovan tako, da prenese ekstremne temperature in korozijo.<\/p>\n<p>Dvojno delovanje omogo\u010da gladko in u\u010dinkovito gibanje v obe smeri, kar olaj\u0161a nastavitev rezila pluga na \u017eeleni kot. Poleg tega kompaktna zasnova hidravli\u010dnega cilindra omogo\u010da enostavno namestitev na razli\u010dne sne\u017ene pluge.<\/p>\n<p>Z vrhunsko zmogljivostjo in vzdr\u017eljivostjo je vro\u010de prodajani dvosmerni hidravli\u010dni cilinder iz nerjave\u010dega jekla za sne\u017eni plug popoln dodatek k vsaki nastavitvi za sne\u017eni plug. Ne dovolite, da vas zimsko vreme upo\u010dasni \u2013 investirajte v ta zanesljiv in u\u010dinkovit hidravli\u010dni cilinder \u0161e danes. Dvosmerni hidravli\u010dni cilinder iz nerjave\u010dega jekla, zasnovan za te\u017eke aplikacije, ponuja vrhunsko zmogljivost in vzdr\u017eljivost za delovanje sne\u017enega pluga. Z novim stanjem in 1-letno garancijo ta hidravli\u010dni cilinder uporabniku obljublja zanesljivost in brezskrbnost.<img decoding=\"async\" title=\"Hidravli\u010dni cilinder za sne\u017eni plug\" src=\"https:\/\/hzpt.com\/wp-content\/uploads\/2023\/11\/Snow-Plow-Hydraulic-Cylinder-2.webp\" alt=\"Hidravli\u010dni cilinder za sne\u017eni plug\" \/><\/p>\n<h2>Zna\u010dilnosti izdelka<\/h2>\n<h3>Vrhunska kakovost in dizajn<\/h3>\n<p>Hidravli\u010dni cilinder je izdelan iz robustnega jeklenega ohi\u0161ja in se pona\u0161a s standardno strukturo z batnim cilindrom. Deluje na hidravli\u010dno mo\u010d in zmore najve\u010dji potisk 3000 ton ter najve\u010dji vle\u010dni napor 20 ton. Cilinder je na voljo v elegantni \u010drni barvi in \u200b\u200bima priklju\u010dke G\/SAE\/NPT\/M.<\/p>\n<h3>Dimenzije<\/h3>\n<p>Hidravli\u010dni cilinder ima izvrtino od 2 do 6 palcev, velikost palice od 1,125 do 4 palcev, velikost hoda od 4 do 100 palcev in velikost zati\u010da od 0,5 do 2 palcev. Ta raznolikost dimenzij zagotavlja, da se lahko uporablja v najrazli\u010dnej\u0161ih strojih in operacijah.<\/p>\n<h3>Zagotavljanje kakovosti<\/h3>\n<p>Hidravli\u010dni cilinder s certifikatom ISO9001:2000 zagotavlja vrhunsko kakovost in zmogljivost. Vsaka enota je podvr\u017eena video izhodnemu pregledu in je opremljena s poro\u010dilom o preizkusu stroja. Klju\u010dne komponente, le\u017eaj in hidravli\u010dni cilinder imajo 1-letno garancijo.<\/p>\n<h3>Aplikacije<\/h3>\n<p>Hidravli\u010dni cilinder je idealen za razli\u010dne panoge, vklju\u010dno s servisnimi delavnicami, kmetijstvom, energetiko in rudarstvom, proizvodnjo strojev in tovarnami strojev.<\/p>\n<h2>Prednosti nastavljivih cilindrov tipa Clevis<\/h2>\n<p>Nastavljivi cilindri z vidno glavo so vrsta hidravli\u010dnega cilindra, ki lahko s hidravli\u010dnim tlakom ustvarja linearno gibanje. Imajo ve\u010d prednosti, zaradi katerih so odli\u010dna izbira za \u0161tevilne aplikacije. Tukaj je nekaj prednosti nastavljivih cilindrov z vidno glavo:<\/p>\n<ul>\n<li><strong>Nastavljivost:<\/strong> Ena najpomembnej\u0161ih prednosti nastavljivih cilindrov z vidno glavo je njihova prilagodljivost. Ta vrsta cilindra omogo\u010da natan\u010den nadzor nad polo\u017eajem batne palice, zaradi \u010desar je idealna za aplikacije, ki zahtevajo natan\u010dno pozicioniranje. Na primer, vro\u010de prodajani dvodelni hidravli\u010dni cilinder iz nerjave\u010dega jekla za sne\u017eni plug je mogo\u010de nastaviti tako, da se zagotovi pravilen kot pluga za u\u010dinkovito odstranjevanje snega.<\/li>\n<li><strong>Visoka sila:<\/strong> Nastavljivi cilindri z vidno glavo lahko ustvarijo velike sile, zaradi \u010desar so idealni za aplikacije, ki zahtevajo veliko mo\u010di. To je posledica dejstva, da lahko hidravli\u010dni sistemi ustvarijo veliko ve\u010dje sile kot pnevmatski sistemi. Zaradi te lastnosti so idealni za te\u017eke aplikacije, kot so rudarska oprema ali gradbeni stroji.<\/li>\n<li><strong>Zanesljivost:<\/strong> Nastavljivi cilindri z vili\u010dasto glavo so zaradi svoje preproste zasnove zelo zanesljivi. Imajo malo gibljivih delov, ki se lahko zlomijo ali pokvarijo, zaradi \u010desar so odli\u010dna izbira za aplikacije, ki zahtevajo visoko stopnjo zanesljivosti.<\/li>\n<li><strong>U\u010dinkovitost:<\/strong> Hidravli\u010dni sistemi so znani po svoji visoki u\u010dinkovitosti, kar je posledica dejstva, da namesto elektri\u010dne energije uporabljajo teko\u010dinsko energijo. To pomeni, da lahko nastavljivi cilindri z vili\u010dasto glavo ustvarijo veliko sile z zelo malo energije, zaradi \u010desar so odli\u010dna izbira za aplikacije, kjer je pomembna energetska u\u010dinkovitost.<\/li>\n<li><strong>Prilagoditev:<\/strong> Nastavljive cilindre z vili\u010dasto glavo je mogo\u010de prilagoditi specifi\u010dnim zahtevam uporabe. Zasnovani so lahko za delovanje pri dolo\u010denih tlakih, temperaturah in hitrostih, zaradi \u010desar so odli\u010dna izbira za aplikacije z edinstvenimi zahtevami.<\/li>\n<\/ul>\n<p>Vro\u010da prodaja nerjave\u010dega jekla z dvojnim delovanjem hidravli\u010dnega cilindra za sne\u017eni plug je odli\u010den primer prednosti nastavljivih cilindrov z vidno glavo. Ta cilinder je mogo\u010de nastaviti tako, da je rezilo sne\u017enega pluga pod pravilnim kotom za u\u010dinkovito odstranjevanje snega. Poleg tega lahko ustvari velike sile, zaradi \u010desar je idealen za te\u017eka opravila pri odstranjevanju snega. Zaradi zanesljivosti in u\u010dinkovitosti hidravli\u010dnih sistemov je ta cilinder odli\u010dna izbira tudi za opremo za odstranjevanje snega.<\/p>\n<p>Skratka, nastavljivi cilindri z vili\u010dasto glavo imajo ve\u010d prednosti, zaradi katerih so odli\u010dna izbira za \u0161tevilne aplikacije. Zaradi svoje prilagodljivosti, velike sile, zanesljivosti, u\u010dinkovitosti in mo\u017enosti prilagajanja so odli\u010dna izbira za \u0161irok spekter aplikacij, vklju\u010dno z opremo za odstranjevanje snega, kot je vro\u010de prodajani dvosmerni hidravli\u010dni cilinder iz nerjave\u010dega jekla za sne\u017eni plug.<\/p>\n<h3>O FMP-ju<\/h3>\n<p>FMP je podjetje, specializirano za proizvodnjo in prodajo hidravli\u010dnih cilindrov. S sede\u017eem v Italiji imamo bogate izku\u0161nje v industriji gradbenih strojev in predano ekipo strokovnjakov. Ponujamo visokokakovostne in zanesljive hidravli\u010dne cilindre ter \u0161iroko paleto drugih delov in re\u0161itev za gradbene stroje.<\/p>\n<p><strong>1. \u0160iroka paleta izdelkov:<\/strong> Na\u0161a ponudba izdelkov vklju\u010duje razli\u010dne vrste hidravli\u010dnih cilindrov, ki zadovoljujejo razli\u010dne potrebe v gradbeni industriji.<\/p>\n<p><strong>2. Vrhunska kakovost:<\/strong> Vzpostavili smo dolgoro\u010dna in stabilna partnerstva z visokokakovostnimi dobavitelji tako na doma\u010dem kot na mednarodnem trgu. To zagotavlja, da vsi na\u0161i hidravli\u010dni cilindri izpolnjujejo stroge standarde kakovosti in na\u0161im strankam zagotavljajo zanesljive in trpe\u017ene izdelke.<\/p>\n<p><strong>3. Profesionalna prodajna ekipa:<\/strong> Na\u0161a izku\u0161ena prodajna ekipa dobro pozna najnovej\u0161e trende in zahteve strank v industriji gradbenih strojev. Zagotavlja strokovne nasvete o izdelkih in ponuja pametne predloge za nakup, s katerimi strankam pomaga izbrati najprimernej\u0161i hidravli\u010dni cilinder za njihove specifi\u010dne potrebe.<\/p>\n<p><strong>4. U\u010dinkovita logisti\u010dna distribucija:<\/strong> V podjetju FMP razumemo pomen pravo\u010dasne in natan\u010dne dostave. Na\u0161 u\u010dinkovit logisti\u010dni distribucijski sistem zagotavlja, da stranke pravo\u010dasno prejmejo potrebne dele, s \u010dimer se zmanj\u0161a \u010das izpada in pove\u010da produktivnost.<\/p>\n<p><strong>5. Zavezanost k zadovoljstvu strank:<\/strong> Na prvo mesto dajemo zadovoljstvo strank in si prizadevamo za zagotavljanje izjemnih storitev. Na\u0161a ekipa je predana temu, da vsa vpra\u0161anja ali pomisleke obravnava hitro in zagotavlja nemoteno ter prijetno izku\u0161njo za na\u0161e cenjene stranke.<\/p>\n<p><img decoding=\"async\" src=\"https:\/\/fmp-components.com\/wp-content\/uploads\/2024\/12\/Adjustable-Clevis-Type-Cylinders-6.webp\" alt=\"Nastavljiv valj tipa Clevis\" width=\"842\" title=\"\"><\/p>\n<h2>Pogosta vpra\u0161anja<\/h2>\n<h3>V: Ali ste trgovsko podjetje ali proizvajalec?<\/h3>\n<p>A: Smo tovarna, ki izdeluje visokokakovostne hidravli\u010dne cilindre in druge strojne dele.<\/p>\n<h3>V: Kak\u0161en je dobavni rok za va\u0161 hidravli\u010dni cilinder?<\/h3>\n<p>A: Na splo\u0161no je dobavni rok 25-35 dni.<\/p>\n<h3>V: Ali lahko izdelujete po vzorcih?<\/h3>\n<p>O: Da, lahko izdelamo po va\u0161ih vzorcih ali tehni\u010dnih risbah. Izdelamo lahko kalupe in vpenjala.<\/p>\n<p>Avtor: CX<\/p>","protected":false},"excerpt":{"rendered":"<p>Hot Sale Stainless Steel Double Acting Hydraulic Cylinder for Snow Plow The Hot Sale Stainless Steel Double Acting Hydraulic Cylinder for Snow Plow is a high-quality product engineered to provide efficient plowing in the harshest winter conditions. Made with durable stainless steel, this hydraulic cylinder is designed to withstand extreme temperatures and resist corrosion. The [&hellip;]<\/p>","protected":false},"featured_media":1529,"comment_status":"closed","ping_status":"closed","template":"","meta":{"_et_pb_use_builder":"","_et_pb_old_content":"","_et_gb_content_width":""},"product_brand":[],"product_cat":[42],"product_tag":[34,44],"class_list":{"0":"post-1528","1":"product","2":"type-product","3":"status-publish","4":"has-post-thumbnail","6":"product_cat-snow-plow-hydraulic-cylinder","7":"product_tag-hydraulic-cylinder","8":"product_tag-snow-plow-hydraulic-cylinder","10":"first","11":"instock","12":"product-type-simple"},"_links":{"self":[{"href":"https:\/\/fmp-components.com\/sl\/wp-json\/wp\/v2\/product\/1528","targetHints":{"allow":["GET"]}}],"collection":[{"href":"https:\/\/fmp-components.com\/sl\/wp-json\/wp\/v2\/product"}],"about":[{"href":"https:\/\/fmp-components.com\/sl\/wp-json\/wp\/v2\/types\/product"}],"replies":[{"embeddable":true,"href":"https:\/\/fmp-components.com\/sl\/wp-json\/wp\/v2\/comments?post=1528"}],"wp:featuredmedia":[{"embeddable":true,"href":"https:\/\/fmp-components.com\/sl\/wp-json\/wp\/v2\/media\/1529"}],"wp:attachment":[{"href":"https:\/\/fmp-components.com\/sl\/wp-json\/wp\/v2\/media?parent=1528"}],"wp:term":[{"taxonomy":"product_brand","embeddable":true,"href":"https:\/\/fmp-components.com\/sl\/wp-json\/wp\/v2\/product_brand?post=1528"},{"taxonomy":"product_cat","embeddable":true,"href":"https:\/\/fmp-components.com\/sl\/wp-json\/wp\/v2\/product_cat?post=1528"},{"taxonomy":"product_tag","embeddable":true,"href":"https:\/\/fmp-components.com\/sl\/wp-json\/wp\/v2\/product_tag?post=1528"}],"curies":[{"name":"delovni list","href":"https:\/\/api.w.org\/{rel}","templated":true}]}}