{"id":1524,"date":"2024-12-23T05:51:36","date_gmt":"2024-12-23T05:51:36","guid":{"rendered":"https:\/\/fmp-components.com\/product\/high-quality-double-effect-snow-plow-hydraulic-cylinder\/"},"modified":"2024-12-23T05:54:59","modified_gmt":"2024-12-23T05:54:59","slug":"high-quality-double-effect-snow-plow-hydraulic-cylinder","status":"publish","type":"product","link":"https:\/\/fmp-components.com\/sl\/product\/high-quality-double-effect-snow-plow-hydraulic-cylinder\/","title":{"rendered":"Visokokakovostni hidravli\u010dni cilinder za sne\u017eni plug z dvojnim u\u010dinkom"},"content":{"rendered":"<p>Visokokakovosten hidravli\u010dni cilinder za sne\u017eni plug z dvojnim u\u010dinkom Visokokakovosten hidravli\u010dni cilinder za sne\u017eni plug z dvojnim u\u010dinkom je bistvena komponenta vsakega sne\u017enega pluga. Zaradi svoje trpe\u017ene konstrukcije in zanesljive zasnove z dvojnim u\u010dinkom je ta hidravli\u010dni cilinder izdelan za dolgo \u017eivljenjsko dobo.<\/p>\n<p>Valj je zasnovan tako, da sneg brez napora premika na stran pluga, kar olaj\u0161a odstranjevanje snega. Prav tako lahko plug dvigne in spusti, da se prilagodi spreminjajo\u010dim se nivojem snega.<\/p>\n<p>Visokokakovostni hidravli\u010dni cilinder za sne\u017eni plug z dvojnim u\u010dinkom, izdelan iz visokokakovostnih materialov in natan\u010dne in\u017eeniringa, je nepogre\u0161ljiv za vsakega upravljavca sne\u017enega pluga. Z vrhunsko zmogljivostjo in dolgotrajno vzdr\u017eljivostjo bo ta izdelek zagotovo presegel va\u0161a pri\u010dakovanja in olaj\u0161al odstranjevanje snega kot kdaj koli prej.<\/p>\n<p><img decoding=\"async\" title=\"Hidravli\u010dni cilinder za sne\u017eni plug\" src=\"https:\/\/hzpt.com\/wp-content\/uploads\/2023\/11\/Snow-Plow-Hydraulic-Cylinder-1.webp\" alt=\"Hidravli\u010dni cilinder za sne\u017eni plug\" \/><\/p>\n<h3>Specifikacije<\/h3>\n<ul>\n<li>Velikost izvrtine: 2-6 palcev<\/li>\n<li>Velikost palice: 1,125-4 palca<\/li>\n<li>Velikost giba: 4-100 palcev<\/li>\n<li>Velikost zati\u010da: 0,5-2 palca<\/li>\n<li>Priklju\u010dki: G\/SAE\/NPT\/M<\/li>\n<\/ul>\n<h2>Zagotavljanje kakovosti<\/h2>\n<p>Na\u0161 izdelek ima certifikat ISO9001:2000, kar zagotavlja, da izpolnjuje mednarodne standarde kakovosti. Zagotavljamo tudi 1-letno garancijo na klju\u010dne komponente, vklju\u010dno z le\u017eajem in samim hidravli\u010dnim cilindrom. Za va\u0161e zagotovilo sta na voljo video posnetek izhodnega pregleda in poro\u010dilo o preizkusu strojev.<\/p>\n<p><img decoding=\"async\" title=\"Hidravli\u010dni cilinder za sne\u017eni plug\" src=\"https:\/\/hzpt.com\/wp-content\/uploads\/2023\/11\/Snow-Plow-Hydraulic-Cylinder-3.webp\" alt=\"Hidravli\u010dni cilinder za sne\u017eni plug\" \/><\/p>\n<h2>Prednosti nastavljivih cilindrov tipa Clevis<\/h2>\n<p>Nastavljivi cilindri z vidno glavo so pomemben del hidravli\u010dnih sistemov, ki se uporabljajo v razli\u010dnih industrijskih in komercialnih aplikacijah. Ti cilindri ponujajo ve\u010d prednosti pred fiksnimi cilindri z vidno glavo. V tem \u010dlanku bomo podrobneje obravnavali prednosti nastavljivih cilindrov z vidno glavo.<\/p>\n<p>1. <b>Ve\u010dja prilagodljivost pri namestitvi in \u200b\u200bdelovanju<\/b> \u2013 Nastavljivi cilindri z vidno glavo ponujajo ve\u010djo stopnjo prilagodljivosti pri namestitvi in \u200b\u200bdelovanju. Za razliko od fiksnih cilindrov z vidno glavo, nastavljivi cilindri z vidno glavo uporabniku omogo\u010dajo manj\u0161e prilagoditve dol\u017eine in kota cilindra, kar lahko pomaga dose\u010di \u017eeleno raven delovanja. Zaradi tega so idealni za uporabo v aplikacijah, kjer je pomembna natan\u010dnost, kot na primer v primeru visokokakovostnega hidravli\u010dnega cilindra za sne\u017eni plug z dvojnim u\u010dinkom.<\/p>\n<p>2. <b>Izbolj\u0161ana zmogljivost in u\u010dinkovitost<\/b> \u2013 Nastavljivost cilindrov z vili\u010dasto glavo omogo\u010da natan\u010dnej\u0161i nadzor hidravli\u010dnega sistema. To pa lahko posledi\u010dno izbolj\u0161a delovanje in u\u010dinkovitost. \u010ce je na primer cilinder nastavljen na pravilno dol\u017eino in kot, se lahko premika bolj gladko in za delovanje potrebuje manj energije, kar lahko privede do prihranka energije in izbolj\u0161ane produktivnosti.<\/p>\n<p>3. <b>Zmanj\u0161ano vzdr\u017eevanje in izpadi<\/b> \u2013 Nastavljivi cilindri z vidno glavo so zasnovani tako, da so bolj vzdr\u017eljivi in \u200b\u200bzahtevajo manj vzdr\u017eevanja v primerjavi s fiksnimi cilindri z vidno glavo. To je zato, ker so izdelani iz visokokakovostnih materialov, kot sta ogljikovo in nerjave\u010de jeklo, ki so odporni proti obrabi in koroziji. Poleg tega nastavljivost teh cilindrov omogo\u010da la\u017eje vzdr\u017eevanje, kar zmanj\u0161uje \u010das izpada in stro\u0161ke popravil.<\/p>\n<p>4. <b>Izbolj\u0161ane varnostne funkcije<\/b> \u2013 Nastavljivi cilindri z vidno glavo so opremljeni z izbolj\u0161animi varnostnimi funkcijami, zaradi katerih je njihova uporaba v industrijskih in komercialnih aplikacijah varnej\u0161a. Opremljeni so lahko na primer z napravami za za\u0161\u010dito pred preobremenitvijo, ki prepre\u010dujejo preseganje najve\u010dje nosilnosti, kar lahko pomaga prepre\u010diti nesre\u010de in po\u0161kodbe na delovnem mestu.<\/p>\n<p>Skratka, nastavljivi cilindri z vili\u010dasto glavo ponujajo ve\u010d prednosti pred fiksnimi cilindri z vili\u010dasto glavo, vklju\u010dno z ve\u010djo fleksibilnostjo pri namestitvi in \u200b\u200bdelovanju, izbolj\u0161ano zmogljivostjo in u\u010dinkovitostjo, kraj\u0161im \u010dasom vzdr\u017eevanja in izpadov ter izbolj\u0161animi varnostnimi funkcijami. Zaradi teh prednosti so odli\u010dna izbira za uporabo v razli\u010dnih aplikacijah, vklju\u010dno z visokokakovostnim hidravli\u010dnim cilindrom za sne\u017eni plug z dvojnim u\u010dinkom, kjer so natan\u010dnost, vzdr\u017eljivost in varnost izjemnega pomena.<\/p>\n<h3>O FMP-ju<\/h3>\n<p>FMP je podjetje, specializirano za proizvodnjo in prodajo hidravli\u010dnih cilindrov. Z bogatimi izku\u0161njami v panogi in profesionalno ekipo smo predani temu, da svojim strankam zagotavljamo visokokakovostne in zanesljive hidravli\u010dne cilindre.<\/p>\n<p><img decoding=\"async\" src=\"https:\/\/fmp-components.com\/wp-content\/uploads\/2024\/12\/Adjustable-Clevis-Type-Cylinders-6.webp\" alt=\"Nastavljiv valj tipa Clevis\" width=\"840\" title=\"\"><\/p>\n<p>1. Visokokakovostni izdelki: Pri FMP smo ponosni na to, da ponujamo vrhunske hidravli\u010dne cilindre, ki so izdelani za dolgo \u017eivljenjsko dobo. Na\u0161i izdelki so podvr\u017eeni strogim ukrepom nadzora kakovosti, ki zagotavljajo njihovo vzdr\u017eljivost in zmogljivost.<\/p>\n<p>2. \u0160iroka paleta mo\u017enosti: Ponujamo raznoliko paleto hidravli\u010dnih cilindrov, ki ustrezajo specifi\u010dnim potrebam na\u0161ih strank. Ne glede na to, ali potrebujete nastavljive cilindre z vidno glavo, cilindre z veznimi palicami ali varjene cilindre, imamo vse, kar potrebujete.<\/p>\n<p>3. Strogi standardi kakovosti: Vzdr\u017eujemo dolgoro\u010dna in stabilna partnerstva z uglednimi dobavitelji, da zagotovimo, da vsi na\u0161i hidravli\u010dni cilindri izpolnjujejo stroge standarde kakovosti. Vsak izdelek je pred dostavo na\u0161im strankam temeljito pregledan.<\/p>\n<p>4. Strokovna prodajna ekipa: Na\u0161a izku\u0161ena in dobro podkovana prodajna ekipa je dobro seznanjena z najnovej\u0161imi trendi in zahtevami strank v panogi. Vedno so pripravljeni nuditi strokovne nasvete o izdelkih in ponuditi pametne predloge za nakup, da zagotovijo zadovoljstvo strank.<\/p>\n<p>5. U\u010dinkovit logisti\u010dni sistem: Razumemo pomen pravo\u010dasne dostave. Z na\u0161im u\u010dinkovitim logisti\u010dnim distribucijskim sistemom zagotavljamo, da na\u0161e stranke prejmejo potrebne hidravli\u010dne cilindre hitro in natan\u010dno.<\/p>\n<p>Izberite FMP za va\u0161e potrebe po hidravli\u010dnih cilindrih in izkusite kakovost in zanesljivost, ki nas lo\u010dujeta od konkurence. Za za\u010detek plodnega partnerstva nas kontaktirajte \u0161e danes.<\/p>\n<p>Avtor: CX<\/p>","protected":false},"excerpt":{"rendered":"<p>High Quality Double Effect Snow Plow Hydraulic CylinderThe High Quality Double Effect Snow Plow Hydraulic Cylinder is an essential component for any snow plow. With its durable construction and reliable double-effect design, this hydraulic cylinder is built to last. The cylinder is designed to effortlessly move snow to the side of the plow, making snow [&hellip;]<\/p>","protected":false},"featured_media":1525,"comment_status":"closed","ping_status":"closed","template":"","meta":{"_et_pb_use_builder":"","_et_pb_old_content":"","_et_gb_content_width":""},"product_brand":[],"product_cat":[42],"product_tag":[34,44],"class_list":{"0":"post-1524","1":"product","2":"type-product","3":"status-publish","4":"has-post-thumbnail","6":"product_cat-snow-plow-hydraulic-cylinder","7":"product_tag-hydraulic-cylinder","8":"product_tag-snow-plow-hydraulic-cylinder","10":"first","11":"instock","12":"product-type-simple"},"_links":{"self":[{"href":"https:\/\/fmp-components.com\/sl\/wp-json\/wp\/v2\/product\/1524","targetHints":{"allow":["GET"]}}],"collection":[{"href":"https:\/\/fmp-components.com\/sl\/wp-json\/wp\/v2\/product"}],"about":[{"href":"https:\/\/fmp-components.com\/sl\/wp-json\/wp\/v2\/types\/product"}],"replies":[{"embeddable":true,"href":"https:\/\/fmp-components.com\/sl\/wp-json\/wp\/v2\/comments?post=1524"}],"wp:featuredmedia":[{"embeddable":true,"href":"https:\/\/fmp-components.com\/sl\/wp-json\/wp\/v2\/media\/1525"}],"wp:attachment":[{"href":"https:\/\/fmp-components.com\/sl\/wp-json\/wp\/v2\/media?parent=1524"}],"wp:term":[{"taxonomy":"product_brand","embeddable":true,"href":"https:\/\/fmp-components.com\/sl\/wp-json\/wp\/v2\/product_brand?post=1524"},{"taxonomy":"product_cat","embeddable":true,"href":"https:\/\/fmp-components.com\/sl\/wp-json\/wp\/v2\/product_cat?post=1524"},{"taxonomy":"product_tag","embeddable":true,"href":"https:\/\/fmp-components.com\/sl\/wp-json\/wp\/v2\/product_tag?post=1524"}],"curies":[{"name":"delovni list","href":"https:\/\/api.w.org\/{rel}","templated":true}]}}