{"id":1514,"date":"2024-12-23T05:50:37","date_gmt":"2024-12-23T05:50:37","guid":{"rendered":"https:\/\/fmp-components.com\/product\/factory-direct-sale-2-ton-double-effect-small-snow-plow-hydraulic-cylinder\/"},"modified":"2025-05-10T13:02:11","modified_gmt":"2025-05-10T13:02:11","slug":"factory-direct-sale-2-ton-double-effect-small-snow-plow-hydraulic-cylinder","status":"publish","type":"product","link":"https:\/\/fmp-components.com\/sl\/product\/factory-direct-sale-2-ton-double-effect-small-snow-plow-hydraulic-cylinder\/","title":{"rendered":"Hidravli\u010dni cilinder za majhen sne\u017eni plug z dvojnim u\u010dinkom iz tovarne, neposredna prodaja"},"content":{"rendered":"<h2>Predstavljamo 2-tonski hidravli\u010dni cilinder za majhen sne\u017eni plug z dvojnim u\u010dinkom, ki je naprodaj neposredno iz tovarne<\/h2>\n<p>\u010ce potrebujete zanesljivo in u\u010dinkovito orodje za plu\u017eenje snega, je na\u0161 hidravli\u010dni cilinder za plu\u017eenje snega prava izbira. Z odli\u010dno konstrukcijo in visoko zmogljivostjo je idealna izbira za tiste, ki potrebujejo vrhunsko re\u0161itev za svoje potrebe plu\u017eenja snega.<\/p>\n<h3>Zna\u010dilnosti izdelka<\/h3>\n<p>Na\u0161 hidravli\u010dni cilinder za sne\u017eni plug je povsem nov izdelek, ki ima vrsto impresivnih lastnosti, zaradi katerih izstopa od konkurence. Ponuja enoletno garancijo in najve\u010dji potisk 3000. Ta standardni batni cilinder je hidravli\u010dno gnan in je izdelan iz trpe\u017enega jekla, kar zagotavlja dolgo \u017eivljenjsko dobo.<\/p>\n<h3>Specifikacije izdelka<\/h3>\n<p>Hidravli\u010dni cilinder ima izvrtino od 2 do 6 palcev, velikost palice od 1,125 do 4 palcev in velikost hoda od 4 do 100 palcev. Velikost sornika je 0,5\u20132 palca, najve\u010dja vle\u010dna zmogljivost pa je 20 ton. Certificiran je po standardu ISO9001:2000, kar zagotavlja njegovo visoko kakovost in zanesljivo delovanje.<\/p>\n<h3>Vzdr\u017eevanje izdelka<\/h3>\n<p>Na\u0161 hidravli\u010dni cilinder za sne\u017eni plug ni le enostaven za namestitev, ampak tudi za vzdr\u017eevanje. S te\u017eo le 10 KG garancija krije klju\u010dne komponente, vklju\u010dno z le\u017eajem in samim hidravli\u010dnim cilindrom. Za va\u0161e udobje sta na voljo video izhodni pregled in poro\u010dilo o preizkusu stroja.<\/p>\n<h3>Uporabne panoge<\/h3>\n<p>Na\u0161 hidravli\u010dni cilinder za sne\u017eni plug je vsestranski in slu\u017ei razli\u010dnim panogam, vklju\u010dno s servisnimi delavnicami, kmetijstvom, energetiko in rudarstvom, proizvodnjo strojev in tovarnami strojev. Zaradi visoke zmogljivosti in vzdr\u017eljivosti je dragocen dodatek k vsakemu arzenalu te\u017ekih strojev.<\/p>\n<h2>Prednosti nastavljivih cilindrov tipa Clevis<\/h2>\n<p><strong>Hidravli\u010dni cilinder za majhen sne\u017eni plug z dvojnim u\u010dinkom iz tovarne, neposredna prodaja<\/strong><\/p>\n<p>Nastavljivi cilindri z vili\u010dasto glavo so zelo u\u010dinkovita in vsestranska hidravli\u010dna komponenta, ki ponuja \u0161tevilne prednosti v razli\u010dnih industrijskih aplikacijah. V tem \u010dlanku bomo raziskali klju\u010dne prednosti uporabe nastavljivih cilindrov z vili\u010dasto glavo in zakaj so prednostni v razli\u010dnih hidravli\u010dnih sistemih.<\/p>\n<p><strong>1. Izbolj\u0161ana vsestranskost<\/strong><\/p>\n<p>Ena glavnih prednosti nastavljivih cilindrov z vidno glavo je njihova vsestranskost. Ti cilindri so zasnovani tako, da so nastavljivi, kar omogo\u010da enostavno prilagajanje in prilagajanje razli\u010dnim operativnim zahtevam. Z enostavno nastavitvijo polo\u017eaja vidne glave je mogo\u010de spremeniti dol\u017eino hoda cilindra, kar omogo\u010da natan\u010den nadzor nad delovanjem hidravli\u010dnega sistema. Zaradi te vsestranskosti so nastavljivi cilindri z vidno glavo primerni za \u0161irok spekter uporabe, od sistemov za plu\u017eenje snega do opreme za ravnanje z materiali.<\/p>\n<p><strong>2. Optimalna zmogljivost<\/strong><\/p>\n<p>Nastavljivi cilindri z vili\u010dasto glavo so zasnovani za optimalno delovanje hidravli\u010dnih sistemov. Z natan\u010dnimi nastavitvami ti cilindri omogo\u010dajo upravljavcem natan\u010dno nastavitev hidravli\u010dne sile, hitrosti in dol\u017eine hoda, s \u010dimer se pove\u010da u\u010dinkovitost in produktivnost. Ne glede na to, ali gre za dvigovanje te\u017ekih bremen ali potiskanje\/vle\u010denje, nastavljivi cilindri z vili\u010dasto glavo zagotavljajo izjemno zmogljivost ter zagotavljajo nemoten in zanesljiv hidravli\u010dni prenos mo\u010di.<\/p>\n<p><strong>3. Pove\u010dana vzdr\u017eljivost<\/strong><\/p>\n<p>Druga pomembna prednost nastavljivih cilindrov z vidno glavo je njihova robustna konstrukcija in vzdr\u017eljivost. Ti cilindri so izdelani tako, da prenesejo okolja z visokim tlakom in te\u017eke aplikacije. Uporaba visokokakovostnih materialov, naprednih proizvodnih tehnik in strogih postopkov nadzora kakovosti zagotavlja, da cilindri prenesejo ekstremne pogoje, so odporni na obrabo in imajo dalj\u0161o \u017eivljenjsko dobo. Zaradi te vzdr\u017eljivosti so nastavljivi cilindri z vidno glavo stro\u0161kovno u\u010dinkovita re\u0161itev, ki zmanj\u0161uje potrebo po pogostih zamenjavah in \u010das izpada.<\/p>\n<p><strong>4. Natan\u010den nadzor<\/strong><\/p>\n<p>Nastavljivi cilindri z vidno glavo omogo\u010dajo natan\u010den nadzor nad hidravli\u010dnimi sistemi, zaradi \u010desar so idealni za aplikacije, ki zahtevajo natan\u010dno pozicioniranje in nadzor. Mo\u017enost prilagajanja dol\u017eine hoda omogo\u010da fino nastavitev gibanja cilindra, kar zagotavlja natan\u010dne in ponovljive operacije. Ta raven nadzora je klju\u010dnega pomena v panogah, kot so gradbeni\u0161tvo, kmetijstvo in proizvodnja, kjer so natan\u010dni gibi potrebni za optimalne rezultate.<\/p>\n<p><strong>5. Enostavna namestitev in vzdr\u017eevanje<\/strong><\/p>\n<p>Namestitev in vzdr\u017eevanje nastavljivih cilindrov z vidno glavo je relativno enostavno. Ti cilindri so zasnovani za enostavno integracijo v hidravli\u010dne sisteme, s standardiziranimi dimenzijami in mo\u017enostmi monta\u017ee. Poleg tega zahtevajo minimalno vzdr\u017eevanje zaradi robustne konstrukcije in visokokakovostnih komponent. Redni pregledi in mazanje so obi\u010dajno zadostni, da ti cilindri ostanejo v optimalnem delovnem stanju, kar zmanj\u0161a stro\u0161ke vzdr\u017eevanja in izpade.<\/p>\n<p>Na splo\u0161no nastavljivi cilindri z vidno glavo ponujajo \u0161tevilne prednosti glede vsestranskosti, zmogljivosti, vzdr\u017eljivosti, natan\u010dnega krmiljenja ter enostavnosti namestitve in vzdr\u017eevanja. Zaradi svoje prilagodljivosti in sposobnosti prilagajanja razli\u010dnim operativnim zahtevam so priljubljena izbira v \u0161irokem naboru hidravli\u010dnih aplikacij. Ne glede na to, ali gre za majhen sne\u017eni plug ali sistem za ravnanje s te\u017ekimi materiali, nastavljivi cilindri z vidno glavo zagotavljajo zanesljivost in u\u010dinkovitost, potrebno za optimalno delovanje.<\/p>\n<h3>O FMP-ju<\/h3>\n<p>FMP je vodilno podjetje, specializirano za proizvodnjo in prodajo hidravli\u010dnih cilindrov. Z bogatimi izku\u0161njami v industriji in profesionalno ekipo smo predani zagotavljanju visokokakovostnih in zanesljivih hidravli\u010dnih cilindrov strankam za razli\u010dne aplikacije gradbenih strojev.<\/p>\n<p><img decoding=\"async\" class=\"aligncenter\" src=\"https:\/\/fmp-components.com\/wp-content\/uploads\/2024\/12\/Adjustable-Clevis-Type-Cylinders-6.webp\" alt=\"Nastavljiv valj tipa Clevis\" width=\"835\" title=\"\"><\/p>\n<p>Tukaj je pet razlogov, zakaj je izbira FMP za va\u0161e potrebe po hidravli\u010dnih cilindrih prava odlo\u010ditev:<\/p>\n<ol>\n<li><strong>\u0160iroka paleta izdelkov:<\/strong> Ponujamo \u0161iroko paleto hidravli\u010dnih cilindrov, primernih za razli\u010dne aplikacije v gradbeni mehanizaciji. Ne glede na to, ali potrebujete cilindre za kmetijsko mehanizacijo, industrijske menjalnike ali planetne menjalnike, imamo vse, kar potrebujete.<\/li>\n<li><strong>Strogi standardi kakovosti:<\/strong> Pri FMP dajemo prednost kakovosti in zagotavljamo, da vsi na\u0161i dobavljeni hidravli\u010dni cilindri izpolnjujejo stroge standarde kakovosti. Z dolgoro\u010dnimi in stabilnimi partnerstvi z visokokakovostnimi dobavitelji zagotavljamo zanesljivost in vzdr\u017eljivost na\u0161ih izdelkov.<\/li>\n<li><strong>Izku\u0161ena prodajna ekipa:<\/strong> Na\u0161a izku\u0161ena prodajna ekipa dobro pozna najnovej\u0161e trende in zahteve strank v industriji gradbenih strojev. Ponuja vam lahko strokovno svetovanje o izdelkih, vam pomaga pri sprejemanju premi\u0161ljenih odlo\u010ditev in iskanju popolnega hidravli\u010dnega cilindra za va\u0161e specifi\u010dne zahteve.<\/li>\n<li><strong>U\u010dinkovita logisti\u010dna distribucija:<\/strong> Razumemo pomen pravo\u010dasne dostave. Na\u0161 u\u010dinkovit logisti\u010dni distribucijski sistem zagotavlja, da boste potrebne hidravli\u010dne cilindre prejeli hitro in natan\u010dno, s \u010dimer se zmanj\u0161a \u010das izpada in zagotovi nemoteno delovanje.<\/li>\n<li><strong>Celovita poprodajna podpora:<\/strong> Pri FMP cenimo zadovoljstvo strank. Na\u0161a predana ekipa za podporo vam je vedno pripravljena pomagati pri vseh va\u0161ih vpra\u0161anjih ali pomislekih ter vam nudi celovito poprodajno podporo, da zagotovimo va\u0161e maksimalno zadovoljstvo z na\u0161imi hidravli\u010dnimi cilindri.<\/li>\n<\/ol>\n<p>Sodelujte s FMP \u0161e danes in izkusite kakovost, zanesljivost in izjemno zmogljivost na\u0161ih hidravli\u010dnih cilindrov. Za razpravo o va\u0161ih specifi\u010dnih potrebah in za\u010detek plodnega sodelovanja nas kontaktirajte zdaj.<\/p>\n<h2>Pogosta vpra\u0161anja<\/h2>\n<p><img decoding=\"async\" class=\"aligncenter\" title=\"Hidravli\u010dni cilinder za sne\u017eni plug\" src=\"https:\/\/hzpt.com\/wp-content\/uploads\/2023\/11\/Snow-Plow-Hydraulic-Cylinder-1.webp\" alt=\"Hidravli\u010dni cilinder za sne\u017eni plug\" \/><\/p>\n<h3>V: Kak\u0161en je dobavni rok za va\u0161e hidravli\u010dne cilindre?<\/h3>\n<p>A: Splo\u0161ni dobavni rok je 25-35 dni.<\/p>\n<h3>V: Ali lahko zahtevam vzorec va\u0161ega izdelka?<\/h3>\n<p>A: Da, ponujamo vzorce izdelkov, vendar niso brezpla\u010dni.<\/p>\n<h3>V: Ali lahko izdelate hidravli\u010dne cilindre po posebnih vzorcih ali tehni\u010dnih risbah?<\/h3>\n<p>O: Da, izdelke lahko izdelamo po va\u0161ih vzorcih ali tehni\u010dnih risbah. Izdelamo lahko tudi kalupe in vpenjala.<\/p>\n<p>Avtor: CX<\/p>","protected":false},"excerpt":{"rendered":"<p>Introducing the Factory Direct Sale 2 Ton Double Effect Small Snow Plow Hydraulic Cylinder If you are in need of a reliable and efficient snow plowing tool, look no further than our Snow Plow Hydraulic Cylinder. With its excellent construction and high capacity, it is an ideal choice for those in need of a top-notch [&hellip;]<\/p>","protected":false},"featured_media":1515,"comment_status":"closed","ping_status":"closed","template":"","meta":{"_et_pb_use_builder":"","_et_pb_old_content":"","_et_gb_content_width":""},"product_brand":[],"product_cat":[42],"product_tag":[34,44],"class_list":{"0":"post-1514","1":"product","2":"type-product","3":"status-publish","4":"has-post-thumbnail","6":"product_cat-snow-plow-hydraulic-cylinder","7":"product_tag-hydraulic-cylinder","8":"product_tag-snow-plow-hydraulic-cylinder","10":"first","11":"instock","12":"product-type-simple"},"_links":{"self":[{"href":"https:\/\/fmp-components.com\/sl\/wp-json\/wp\/v2\/product\/1514","targetHints":{"allow":["GET"]}}],"collection":[{"href":"https:\/\/fmp-components.com\/sl\/wp-json\/wp\/v2\/product"}],"about":[{"href":"https:\/\/fmp-components.com\/sl\/wp-json\/wp\/v2\/types\/product"}],"replies":[{"embeddable":true,"href":"https:\/\/fmp-components.com\/sl\/wp-json\/wp\/v2\/comments?post=1514"}],"wp:featuredmedia":[{"embeddable":true,"href":"https:\/\/fmp-components.com\/sl\/wp-json\/wp\/v2\/media\/1515"}],"wp:attachment":[{"href":"https:\/\/fmp-components.com\/sl\/wp-json\/wp\/v2\/media?parent=1514"}],"wp:term":[{"taxonomy":"product_brand","embeddable":true,"href":"https:\/\/fmp-components.com\/sl\/wp-json\/wp\/v2\/product_brand?post=1514"},{"taxonomy":"product_cat","embeddable":true,"href":"https:\/\/fmp-components.com\/sl\/wp-json\/wp\/v2\/product_cat?post=1514"},{"taxonomy":"product_tag","embeddable":true,"href":"https:\/\/fmp-components.com\/sl\/wp-json\/wp\/v2\/product_tag?post=1514"}],"curies":[{"name":"delovni list","href":"https:\/\/api.w.org\/{rel}","templated":true}]}}