{"id":1512,"date":"2024-12-23T05:50:37","date_gmt":"2024-12-23T05:50:37","guid":{"rendered":"https:\/\/fmp-components.com\/product\/guaranteed-quality-small-hydraulic-cylinder-double-effect-hydraulic-cylinder-for-snow-plow\/"},"modified":"2024-12-23T06:24:04","modified_gmt":"2024-12-23T06:24:04","slug":"guaranteed-quality-small-hydraulic-cylinder-double-effect-hydraulic-cylinder-for-snow-plow","status":"publish","type":"product","link":"https:\/\/fmp-components.com\/sl\/product\/guaranteed-quality-small-hydraulic-cylinder-double-effect-hydraulic-cylinder-for-snow-plow\/","title":{"rendered":"Zagotovljena kakovost Majhen hidravli\u010dni cilinder Dvojni hidravli\u010dni cilinder za sne\u017eni plug"},"content":{"rendered":"<p>Zagotovljena kakovost Majhen hidravli\u010dni cilinder z dvojnim u\u010dinkom Hidravli\u010dni cilinder za sne\u017eni plug Predstavljamo Zagotovljeno kakovost Majhen hidravli\u010dni cilinder z dvojnim u\u010dinkom Hidravli\u010dni cilinder za sne\u017eni plug!<\/p>\n<p>Ta hidravli\u010dni cilinder, zasnovan z mislijo na natan\u010dnost in kakovost, je popoln dodatek k vsakemu sne\u017enemu plugu. Njegova dvojna zmogljivost pomeni ve\u010djo u\u010dinkovitost in mo\u010d, zaradi \u010desar je odstranjevanje tudi najmo\u010dnej\u0161ih sne\u017enih padavin la\u017eje kot kdaj koli prej.<\/p>\n<p>Ta hidravli\u010dni cilinder, izdelan izklju\u010dno iz najkakovostnej\u0161ih materialov, je zasnovan tako, da prenese tudi najte\u017eje pogoje. Njegova kompaktna velikost omogo\u010da enostavno namestitev, zaradi \u010desar je idealna izbira za vse upravljavce sne\u017enih plugov, ki \u017eelijo kar najbolje izkoristiti svoje zmogljivosti \u010di\u0161\u010denja snega.<\/p>\n<p><img decoding=\"async\" title=\"Hidravli\u010dni cilinder za sne\u017eni plug\" src=\"https:\/\/hzpt.com\/wp-content\/uploads\/2023\/11\/Snow-Plow-Hydraulic-Cylinder-3.webp\" alt=\"Hidravli\u010dni cilinder za sne\u017eni plug\" \/><\/p>\n<p>Z zagotovljeno kakovostjo in zanesljivostjo je ta majhen hidravli\u010dni cilinder odli\u010dna nalo\u017eba za vsakega strokovnjaka za odstranjevanje snega. Ne dovolite, da vas zimsko vreme upo\u010dasni \u2013 izberite majhen hidravli\u010dni cilinder z dvojnim u\u010dinkom za sne\u017eni plug z zagotovljeno kakovostjo in delo vsaki\u010d opravite pravilno.<\/p>\n<h2>Prednosti nastavljivih cilindrov tipa Clevis<\/h2>\n<p>Nastavljivi cilindri z vili\u010dasto glavo, kot sta majhen hidravli\u010dni cilinder z zagotovljeno kakovostjo in hidravli\u010dni cilinder z dvojnim u\u010dinkom za sne\u017eni plug, ponujajo vrsto prednosti, zaradi katerih so priljubljena izbira v razli\u010dnih aplikacijah. V tem \u010dlanku bomo te prednosti podrobneje raziskali.<\/p>\n<p>1. Izbolj\u0161ana prilagodljivost:<br \/>\nNastavljivi cilindri z vidno glavo zagotavljajo vrhunsko prilagodljivost zaradi nastavljivih pritrdilnih elementov. Ta lastnost omogo\u010da enostavno namestitev in nastavitev v razli\u010dnih polo\u017eajih, zaradi \u010desar so primerni za \u0161irok spekter uporabe. Ne glede na to, ali gre za sne\u017eni plug ali katero koli drugo opremo, mo\u017enost nastavitve polo\u017eaja cilindra zagotavlja optimalno delovanje.<\/p>\n<p>2. Natan\u010den nadzor:<br \/>\nTi cilindri ponujajo natan\u010den nadzor nad gibanjem in pozicioniranjem razli\u010dne opreme. Z nastavljivimi dol\u017einami hoda in mo\u017enostmi natan\u010dnega pozicioniranja omogo\u010dajo fino nastavitev delovanja glede na specifi\u010dne zahteve. Ta raven nadzora je klju\u010dnega pomena v aplikacijah, kjer je natan\u010dnost najpomembnej\u0161a, kot so gradbeni ali industrijski stroji.<\/p>\n<p>3. Vzdr\u017eljivost in zanesljivost:<br \/>\nMajhni hidravli\u010dni cilindri in hidravli\u010dni cilindri z dvojnim u\u010dinkom za sne\u017eni plug z zagotovljeno kakovostjo so izdelani tako, da prenesejo zahtevne pogoje. Izdelani so iz visokokakovostnih materialov in zasnovani tako, da prenesejo velike obremenitve, zato zagotavljajo izjemno vzdr\u017eljivost in zanesljivost. To zagotavlja, da lahko obvladajo najte\u017eja opravila brez kompromisov pri zmogljivosti.<\/p>\n<p>4. U\u010dinkovit prenos mo\u010di:<br \/>\nZasnova nastavljivih cilindrov z vidno glavo optimizira prenos mo\u010di, kar ima za posledico u\u010dinkovito delovanje. Uporaba napredne hidravli\u010dne tehnologije omogo\u010da gladko in enakomerno gibanje, kar zmanj\u0161uje izgubo energije. Ta u\u010dinkovitost ne le izbolj\u0161a splo\u0161no zmogljivost, temve\u010d dolgoro\u010dno prispeva tudi k prihranku stro\u0161kov.<\/p>\n<p>5. Vsestranske uporabe:<br \/>\nZaradi svoje vsestranske zasnove se nastavljivi cilindri z vidno glavo uporabljajo v najrazli\u010dnej\u0161ih panogah. Od kmetijstva do gradbeni\u0161tva in ravnanja z materiali ter transporta, te cilindre je mogo\u010de vgraditi v razli\u010dno opremo in stroje. Zaradi njihove prilagodljivosti so stro\u0161kovno u\u010dinkovita re\u0161itev za razli\u010dne operativne potrebe.<\/p>\n<p>Skratka, nastavljivi cilindri z vili\u010dasto glavo, vklju\u010dno z majhnim hidravli\u010dnim cilindrom z zagotovljeno kakovostjo in hidravli\u010dnim cilindrom z dvojnim u\u010dinkom za sne\u017eni plug, ponujajo \u0161tevilne prednosti. Zaradi svoje prilagodljivosti, natan\u010dnega krmiljenja, vzdr\u017eljivosti, u\u010dinkovitega prenosa mo\u010di in vsestranskosti so odli\u010dna izbira za razli\u010dne aplikacije. Z vgradnjo teh cilindrov v opremo ali stroje lahko podjetja optimizirajo delovanje, pove\u010dajo produktivnost in u\u010dinkovito dose\u017eejo svoje operativne cilje.<\/p>\n<h3>O FMP-ju<\/h3>\n<p>FMP je vodilno podjetje v Italiji, specializirano za prodajo in servis delov in celotnih strojev za gradbeno mehanizacijo. Z dolgoletnimi izku\u0161njami v panogi in ekipo strokovnjakov svojim strankam ponujamo visokokakovostne in zanesljive re\u0161itve.<\/p>\n<h3>Hidravli\u010dni cilinder<\/h3>\n<p>Eden na\u0161ih glavnih izdelkov je hidravli\u010dni valj. Na\u0161i valji so izdelani iz visokokakovostnih materialov in so zasnovani tako, da prenesejo ekstremne pritiske in velike obremenitve. Tukaj je pet razlogov, zakaj bi morali izbrati hidravli\u010dni valj FMP:<\/p>\n<ol>\n<li><strong>Visokokakovostni materiali:<\/strong> Na\u0161i hidravli\u010dni cilindri so izdelani iz visokokakovostnih materialov, ki zagotavljajo vzdr\u017eljivost in dolgotrajno delovanje. Uporabljamo le najbolj\u0161e materiale, da zagotovimo, da na\u0161i cilindri prenesejo najte\u017eje pogoje.<\/li>\n<li><strong>Prilagodljivo:<\/strong> Ponujamo \u0161iroko paleto hidravli\u010dnih cilindrov, ki jih lahko prilagodimo va\u0161im specifi\u010dnim potrebam. Na\u0161i cilindri so na voljo v razli\u010dnih velikostih, oblikah in izvedbah, mi pa vam lahko pomagamo izbrati tistega, ki je popoln za va\u0161o uporabo.<\/li>\n<li><strong>Zanesljivost:<\/strong> Na\u0161i hidravli\u010dni cilindri so zasnovani tako, da zagotavljajo zanesljivo delovanje tudi v najte\u017ejih pogojih. Razumemo pomen zanesljivosti in sprejemamo vse potrebne ukrepe, da zagotovimo, da so na\u0161i cilindri kos nalogi.<\/li>\n<li><strong>Strokovno posvetovanje:<\/strong> Na\u0161o prodajno ekipo sestavljajo strokovnjaki iz industrije gradbenih strojev. Seznanjeni so z najnovej\u0161imi trendi in vam lahko strokovno svetujejo, kateri hidravli\u010dni cilinder je pravi za vas.<\/li>\n<li><strong>U\u010dinkovita logistika:<\/strong> Imamo u\u010dinkovit logisti\u010dni distribucijski sistem, ki zagotavlja, da boste svoj hidravli\u010dni valj prejeli pravo\u010dasno in natan\u010dno. Razumemo pomen pravo\u010dasne dostave in sprejmemo vse potrebne ukrepe, da zagotovimo pravo\u010dasno dostavo va\u0161ega naro\u010dila.<\/li>\n<\/ol>\n<p>\u010ce i\u0161\u010dete zanesljiv in visokokakovosten hidravli\u010dni cilinder, je FMP prava izbira. Imamo izku\u0161nje in strokovno znanje, da vam zagotovimo popolno re\u0161itev za va\u0161e potrebe.<\/p>\n<p><img decoding=\"async\" src=\"https:\/\/fmp-components.com\/wp-content\/uploads\/2024\/12\/Adjustable-Clevis-Type-Cylinders-6.webp\" alt=\"Nastavljiv valj tipa Clevis\" width=\"834\" title=\"\"><\/p>\n<h2>Pogosta vpra\u0161anja<\/h2>\n<h3>Ste trgovsko podjetje ali proizvajalec?<\/h3>\n<p>Smo proizvajalec z lastno tovarno.<\/p>\n<h3>Kako dolgo traja va\u0161a dobavna dobava?<\/h3>\n<p>Na\u0161 dobavni rok je obi\u010dajno 25-35 dni.<\/p>\n<h3>Ali ponujate vzorce? Je to brezpla\u010dno ali dodatno?<\/h3>\n<p>\u010ceprav nudimo vzorce, niso brezpla\u010dni.<\/p>\n<p><img decoding=\"async\" title=\"Hidravli\u010dni cilinder za sne\u017eni plug\" src=\"https:\/\/hzpt.com\/wp-content\/uploads\/2023\/11\/Snow-Plow-Hydraulic-Cylinder-1.webp\" alt=\"Hidravli\u010dni cilinder za sne\u017eni plug\" \/><\/p>\n<p>Avtor: CX<\/p>","protected":false},"excerpt":{"rendered":"<p>Guaranteed Quality Small Hydraulic Cylinder Double Effect Hydraulic Cylinder For Snow PlowIntroducing the Guaranteed Quality Small Hydraulic Cylinder Double Effect Hydraulic Cylinder for Snow Plow! Designed with precision and quality in mind, this hydraulic cylinder is the perfect addition to any snow plow. Its double effect capability means increased efficiency and power, making it easier [&hellip;]<\/p>","protected":false},"featured_media":1513,"comment_status":"closed","ping_status":"closed","template":"","meta":{"_et_pb_use_builder":"","_et_pb_old_content":"","_et_gb_content_width":""},"product_brand":[],"product_cat":[42],"product_tag":[34,44],"class_list":{"0":"post-1512","1":"product","2":"type-product","3":"status-publish","4":"has-post-thumbnail","6":"product_cat-snow-plow-hydraulic-cylinder","7":"product_tag-hydraulic-cylinder","8":"product_tag-snow-plow-hydraulic-cylinder","10":"first","11":"instock","12":"product-type-simple"},"_links":{"self":[{"href":"https:\/\/fmp-components.com\/sl\/wp-json\/wp\/v2\/product\/1512","targetHints":{"allow":["GET"]}}],"collection":[{"href":"https:\/\/fmp-components.com\/sl\/wp-json\/wp\/v2\/product"}],"about":[{"href":"https:\/\/fmp-components.com\/sl\/wp-json\/wp\/v2\/types\/product"}],"replies":[{"embeddable":true,"href":"https:\/\/fmp-components.com\/sl\/wp-json\/wp\/v2\/comments?post=1512"}],"wp:featuredmedia":[{"embeddable":true,"href":"https:\/\/fmp-components.com\/sl\/wp-json\/wp\/v2\/media\/1513"}],"wp:attachment":[{"href":"https:\/\/fmp-components.com\/sl\/wp-json\/wp\/v2\/media?parent=1512"}],"wp:term":[{"taxonomy":"product_brand","embeddable":true,"href":"https:\/\/fmp-components.com\/sl\/wp-json\/wp\/v2\/product_brand?post=1512"},{"taxonomy":"product_cat","embeddable":true,"href":"https:\/\/fmp-components.com\/sl\/wp-json\/wp\/v2\/product_cat?post=1512"},{"taxonomy":"product_tag","embeddable":true,"href":"https:\/\/fmp-components.com\/sl\/wp-json\/wp\/v2\/product_tag?post=1512"}],"curies":[{"name":"delovni list","href":"https:\/\/api.w.org\/{rel}","templated":true}]}}