{"id":1510,"date":"2024-12-23T05:50:37","date_gmt":"2024-12-23T05:50:37","guid":{"rendered":"https:\/\/fmp-components.com\/product\/2-ton-small-hydraulic-oil-cylinder-hydraulic-cylinder-for-snow-plow\/"},"modified":"2024-12-23T06:25:59","modified_gmt":"2024-12-23T06:25:59","slug":"2-ton-small-hydraulic-oil-cylinder-hydraulic-cylinder-for-snow-plow","status":"publish","type":"product","link":"https:\/\/fmp-components.com\/sl\/product\/2-ton-small-hydraulic-oil-cylinder-hydraulic-cylinder-for-snow-plow\/","title":{"rendered":"2-tonski majhen hidravli\u010dni oljni valj hidravli\u010dni valj za sne\u017eni plug"},"content":{"rendered":"<h2>2-tonski majhen hidravli\u010dni oljni valj hidravli\u010dni valj za sne\u017eni plug<\/h2>\n<p>2-tonski majhen hidravli\u010dni oljni cilinder za sne\u017eni plug je visokokakovosten in vzdr\u017eljiv hidravli\u010dni cilinder, zasnovan posebej za sne\u017ene pluge. S svojo kompaktno velikostjo in impresivno mo\u010djo je ta hidravli\u010dni cilinder sposoben dvigovati te\u017eke tovore ter zagotavljati nemoteno in u\u010dinkovito delovanje.<\/p>\n<p>Majhen hidravli\u010dni oljni valj z nosilnostjo 2 tone je robustne konstrukcije in je izdelan tako, da prenese te\u017eke pogoje, s katerimi se pogosto sre\u010dujemo med plu\u017eenjem snega. Izdelan je iz vrhunskih materialov, ki zagotavljajo njegovo dolgo \u017eivljenjsko dobo in zanesljivost tudi pri ekstremnih temperaturah.<\/p>\n<p>Ta hidravli\u010dni cilinder je opremljen z napredno hidravli\u010dno tehnologijo, ki omogo\u010da natan\u010den nadzor in nastavitev plu\u017ene lopatice. Ponuja odli\u010dno mo\u010d in u\u010dinkovitost, kar zagotavlja optimalno delovanje pri odstranjevanju snega in \u010di\u0161\u010denju poti.<\/p>\n<p>2-tonski majhen hidravli\u010dni oljni cilinder za sne\u017eni plug je enostaven za namestitev in zdru\u017eljiv s \u0161iroko paleto modelov sne\u017enih plugov. Njegova kompaktna zasnova omogo\u010da prilagodljivost pri namestitvi in \u200b\u200bzagotavlja, da ne bo motil celotnega delovanja sne\u017enega pluga.<\/p>\n<p>Skratka, 2-tonski majhen hidravli\u010dni oljni cilinder za sne\u017eni plug je vrhunski hidravli\u010dni cilinder, ki zagotavlja izjemno zmogljivost pri plu\u017eenju snega. Zaradi svoje zanesljivosti, vzdr\u017eljivosti in u\u010dinkovite zasnove je idealna izbira za tiste, ki potrebujejo mo\u010dan hidravli\u010dni cilinder za svoje sne\u017ene pluge.<\/p>\n<p>Predstavljamo vam na\u0161 visokokakovosten, robusten 2-tonski majhen hidravli\u010dni oljni cilinder za sne\u017eni plug. Ta na novo zasnovan izdelek, ki bo na trg iz\u0161el leta 2023, je posebej zasnovan za zahtevne aplikacije v razli\u010dnih panogah, vklju\u010dno s strojnimi delavnicami, kmetijstvom, energetiko in rudarstvom, proizvodnjo strojev in tovarnami strojev.<\/p>\n<h2>Zna\u010dilnosti izdelka<\/h2>\n<p>Hidravli\u010dni cilinder ima enoletno garancijo in je izdelan iz trpe\u017enega, visokokakovostnega jekla, ki zagotavlja dolgotrajno delovanje. Gre za standardni batni cilinder s hidravli\u010dno mo\u010djo, ki ponuja najve\u010dji potisk 3000 in najve\u010dji vle\u010dni napor 20 ton.<\/p>\n<h3>Dimenzije in specifikacije<\/h3>\n<ul>\n<li>Velikost izvrtine: 2-6 palcev<\/li>\n<li>Velikost palice: 1,125-4 palca<\/li>\n<li>Velikost giba: 4-100 palcev<\/li>\n<li>Velikost zati\u010da: 0,5-2 palca<\/li>\n<\/ul>\n<p>Hidravli\u010dni cilinder je na voljo v elegantni \u010drni barvi, ki mu daje profesionalen in robusten videz. Primeren je za hidravli\u010dne cilindre sne\u017enih plugov in ima certifikat ISO9001:2000.<\/p>\n<p><img decoding=\"async\" title=\"Hidravli\u010dni cilinder za sne\u017eni plug\" src=\"https:\/\/hzpt.com\/wp-content\/uploads\/2023\/11\/Snow-Plow-Hydraulic-Cylinder-2.webp\" alt=\"Hidravli\u010dni cilinder za sne\u017eni plug\" \/><\/p>\n<h2>Prednosti nastavljivih cilindrov tipa Clevis<\/h2>\n<p>Nastavljivi cilindri z vidno glavo, kot je 2-tonski majhen hidravli\u010dni oljni cilinder za sne\u017eni plug, ponujajo \u0161tevilne prednosti v razli\u010dnih aplikacijah. Ti cilindri, zasnovani s pritrditvijo na vidno glavo, zagotavljajo fleksibilnost, vzdr\u017eljivost in zanesljivost za \u0161irok spekter industrijskih in mehanskih operacij. V tem \u010dlanku bomo raziskali klju\u010dne prednosti nastavljivih cilindrov z vidno glavo.<\/p>\n<h3>1. Izbolj\u0161ana prilagodljivost<\/h3>\n<p>Ena glavnih prednosti nastavljivih cilindrov z vili\u010dasto glavo je njihova ve\u010dja fleksibilnost. Ti cilindri so zasnovani tako, da omogo\u010dajo nastavljive polo\u017eaje monta\u017ee, kar zagotavlja ve\u010djo vsestranskost pri razli\u010dnih aplikacijah. Z mo\u017enostjo nastavitve pritrditve vili\u010daste glave je mogo\u010de valj enostavno poravnati in priklju\u010diti na razli\u010dne komponente, s \u010dimer se prilagodi razli\u010dnim mehanskim nastavitvam. Ta fleksibilnost zagotavlja optimalno delovanje in u\u010dinkovitost v razli\u010dnih obratovalnih pogojih.<\/p>\n<h3>2. Natan\u010dno pozicioniranje<\/h3>\n<p>Druga pomembna prednost nastavljivih cilindrov z vidno glavo je njihova sposobnost natan\u010dnega pozicioniranja. Pritrditev z vidno glavo omogo\u010da fino nastavitev in natan\u010dno poravnavo cilindra glede na druge mehanske dele. To natan\u010dno pozicioniranje omogo\u010da bolj\u0161i nadzor in manipulacijo sil, kar zagotavlja gladke in natan\u010dne gibe pri kriti\u010dnih operacijah. Ne glede na to, ali gre za dvigovanje te\u017ekih bremen ali nadzor gibanja opreme, nastavljivi cilindri z vidno glavo zagotavljajo potrebno natan\u010dnost za optimalno delovanje.<\/p>\n<h3>3. Pove\u010dana vzdr\u017eljivost<\/h3>\n<p>Nastavljivi cilindri z vidno glavo so izdelani iz visokokakovostnih materialov, zaradi \u010desar so zelo vzdr\u017eljivi in \u200b\u200bdolgotrajni. Ti cilindri so zasnovani tako, da prenesejo zahtevne obratovalne pogoje, vklju\u010dno z velikimi obremenitvami, ekstremnimi temperaturami in te\u017ekimi okolji. Robustna konstrukcija in zanesljivi tesnilni mehanizmi zagotavljajo, da lahko valj prenese te\u017eke aplikacije, ne da bi pri tem ogrozil svojo zmogljivost ali strukturno celovitost. Ta pove\u010dana vzdr\u017eljivost se odra\u017ea v ni\u017ejih stro\u0161kih vzdr\u017eevanja in zamenjave, zaradi \u010desar so nastavljivi cilindri z vidno glavo dolgoro\u010dno stro\u0161kovno u\u010dinkovita izbira.<\/p>\n<h3>4. Izbolj\u0161ana u\u010dinkovitost<\/h3>\n<p>Pri hidravli\u010dnih sistemih je u\u010dinkovitost najpomembnej\u0161a. Nastavljivi cilindri z u\u0161esno glavo se v tem pogledu odli\u010dno odre\u017eejo, saj ponujajo izbolj\u0161ano u\u010dinkovitost v razli\u010dnih aplikacijah. Natan\u010dno pozicioniranje in prilagodljivost, ki ju zagotavljajo ti cilindri, zmanj\u0161ujeta izgube energije in zagotavljata u\u010dinkovito izrabo hidravli\u010dne mo\u010di. Z optimizacijo prenosa sile in zmanj\u0161anjem nepotrebnega trenja nastavljivi cilindri z u\u0161esno glavo prispevajo k celotni u\u010dinkovitosti sistema, kar ima za posledico ve\u010djo produktivnost in manj\u0161o porabo energije.<\/p>\n<h3>5. Vsestranske uporabe<\/h3>\n<p>Zaradi vsestranskosti so nastavljivi cilindri z vidno glavo primerni za \u0161irok spekter uporabe v razli\u010dnih panogah. Ne glede na to, ali gre za gradbeni\u0161tvo, proizvodnjo, kmetijstvo ali transport, se ti cilindri lahko uporabljajo v razli\u010dni opremi in strojih. Od sne\u017enih plugov do kmetijskih orodij, nastavljivi cilindri z vidno glavo ponujajo zanesljivo delovanje in prilagodljivost v razli\u010dnih operativnih scenarijih.<\/p>\n<p>Skratka, nastavljivi cilindri z vidno glavo, kot jih predstavlja 2-tonski majhen hidravli\u010dni oljni cilinder za sne\u017eni plug, zagotavljajo \u0161tevilne prednosti v smislu fleksibilnosti, natan\u010dnega pozicioniranja, vzdr\u017eljivosti, u\u010dinkovitosti in vsestranskosti. S svojo edinstveno zasnovo in robustno konstrukcijo ti cilindri ponujajo zanesljivo delovanje in prispevajo k nemotenemu delovanju industrijskih in mehanskih sistemov.<\/p>\n<h3>O podjetju FMP \u2013 profesionalnem proizvajalcu in prodajalcu hidravli\u010dnih cilindrov<\/h3>\n<p>I\u0161\u010dete zanesljiv in visokokakovosten hidravli\u010dni valj za svojo gradbeno mehanizacijo? FMP je prava izbira za vas! Kot profesionalni proizvajalec in prodajalec delov in celotnih strojev za gradbeno mehanizacijo ponujamo \u0161iroko paleto hidravli\u010dnih valjev, zasnovanih za potrebe razli\u010dnih aplikacij.<\/p>\n<p>Tukaj je nekaj razlogov, zakaj bi morali izbrati hidravli\u010dne cilindre FMP:<\/p>\n<p>1. Visokokakovostni materiali \u2013 Na\u0161i hidravli\u010dni cilindri so izdelani iz vrhunskih materialov, kar zagotavlja vzdr\u017eljivost, zanesljivost in dolgo \u017eivljenjsko dobo. Materiale dobavljamo od visokokakovostnih dobaviteljev doma in v tujini ter jih podvr\u017eemo strogim standardom nadzora kakovosti.<\/p>\n<p>2. Prilagodljive zasnove \u2013 Ponujamo \u0161iroko paleto zasnov hidravli\u010dnih cilindrov in jih lahko prilagodimo tudi potrebam in specifikacijam strank. Ne glede na to, ali potrebujete standardni cilinder ali re\u0161itev po meri, vam lahko pomagamo najti pravi izdelek.<\/p>\n<p>3. \u0160irok spekter uporabe \u2013 Na\u0161i hidravli\u010dni cilindri so primerni za razli\u010dne gradbene stroje, vklju\u010dno s kmetijskimi stroji, industrijsko opremo in drugo. Od cilindrov sejalnic do cilindrov bagrov imamo pravi izdelek za va\u0161e potrebe.<\/p>\n<p>4. Strokovno svetovanje \u2013 Na\u0161a izku\u0161ena prodajna ekipa je vedno na voljo za strokovno svetovanje o izdelkih in pametne predloge za nakup. Sproti spremljamo najnovej\u0161e trende in potrebe strank v industriji gradbenih strojev, da bi na\u0161im strankam zagotovili najbolj\u0161o storitev.<\/p>\n<p>5. U\u010dinkovita logistika \u2013 Imamo u\u010dinkovit logisti\u010dni distribucijski sistem, ki zagotavlja, da stranke pravo\u010dasno in natan\u010dno prejmejo potrebne dele. Razumemo pomen zmanj\u0161anja izpadov in nemotenega delovanja va\u0161ih strojev.<\/p>\n<p>S hidravli\u010dnimi cilindri FMP ste lahko prepri\u010dani v kakovost in zanesljivost svoje gradbene mehanizacije. Za ve\u010d informacij o na\u0161ih izdelkih in o tem, kako vam lahko pomagamo najti pravo re\u0161itev za va\u0161e potrebe, nas kontaktirajte \u0161e danes.<\/p>\n<p><img decoding=\"async\" src=\"https:\/\/fmp-components.com\/wp-content\/uploads\/2024\/12\/Adjustable-Clevis-Type-Cylinders-6.webp\" alt=\"Nastavljiv valj tipa Clevis\" width=\"833\" title=\"\"><\/p>\n<p>Avtor: CX<\/p>","protected":false},"excerpt":{"rendered":"<p>2 Ton Small Hydraulic Oil Cylinder Hydraulic Cylinder For Snow Plow The 2 Ton Small Hydraulic Oil Cylinder Hydraulic Cylinder For Snow Plow is a high-quality and durable hydraulic cylinder designed specifically for snow plows. With its compact size and impressive strength, this hydraulic cylinder is capable of lifting heavy loads and providing smooth and [&hellip;]<\/p>","protected":false},"featured_media":1511,"comment_status":"closed","ping_status":"closed","template":"","meta":{"_et_pb_use_builder":"","_et_pb_old_content":"","_et_gb_content_width":""},"product_brand":[],"product_cat":[42],"product_tag":[34,44],"class_list":{"0":"post-1510","1":"product","2":"type-product","3":"status-publish","4":"has-post-thumbnail","6":"product_cat-snow-plow-hydraulic-cylinder","7":"product_tag-hydraulic-cylinder","8":"product_tag-snow-plow-hydraulic-cylinder","10":"first","11":"instock","12":"product-type-simple"},"_links":{"self":[{"href":"https:\/\/fmp-components.com\/sl\/wp-json\/wp\/v2\/product\/1510","targetHints":{"allow":["GET"]}}],"collection":[{"href":"https:\/\/fmp-components.com\/sl\/wp-json\/wp\/v2\/product"}],"about":[{"href":"https:\/\/fmp-components.com\/sl\/wp-json\/wp\/v2\/types\/product"}],"replies":[{"embeddable":true,"href":"https:\/\/fmp-components.com\/sl\/wp-json\/wp\/v2\/comments?post=1510"}],"wp:featuredmedia":[{"embeddable":true,"href":"https:\/\/fmp-components.com\/sl\/wp-json\/wp\/v2\/media\/1511"}],"wp:attachment":[{"href":"https:\/\/fmp-components.com\/sl\/wp-json\/wp\/v2\/media?parent=1510"}],"wp:term":[{"taxonomy":"product_brand","embeddable":true,"href":"https:\/\/fmp-components.com\/sl\/wp-json\/wp\/v2\/product_brand?post=1510"},{"taxonomy":"product_cat","embeddable":true,"href":"https:\/\/fmp-components.com\/sl\/wp-json\/wp\/v2\/product_cat?post=1510"},{"taxonomy":"product_tag","embeddable":true,"href":"https:\/\/fmp-components.com\/sl\/wp-json\/wp\/v2\/product_tag?post=1510"}],"curies":[{"name":"delovni list","href":"https:\/\/api.w.org\/{rel}","templated":true}]}}