{"id":1508,"date":"2024-12-23T05:50:37","date_gmt":"2024-12-23T05:50:37","guid":{"rendered":"https:\/\/fmp-components.com\/product\/cost-effective-customized-stainless-steel-hydraulic-cylinder-double-acting-hydraulic-cylinder\/"},"modified":"2024-12-23T06:24:34","modified_gmt":"2024-12-23T06:24:34","slug":"cost-effective-customized-stainless-steel-hydraulic-cylinder-double-acting-hydraulic-cylinder","status":"publish","type":"product","link":"https:\/\/fmp-components.com\/sl\/product\/cost-effective-customized-stainless-steel-hydraulic-cylinder-double-acting-hydraulic-cylinder\/","title":{"rendered":"Stro\u0161kovno u\u010dinkovit hidravli\u010dni cilinder iz nerjave\u010dega jekla po meri z dvojnim delovanjem"},"content":{"rendered":"<p>Stro\u0161kovno ugoden hidravli\u010dni cilinder iz nerjave\u010dega jekla po meri z dvosmernim delovanjem hidravli\u010dni cilinder Stro\u0161kovno ugoden hidravli\u010dni cilinder iz nerjave\u010dega jekla po meri z dvosmernim delovanjem je visokokakovosten hidravli\u010dni cilinder, zasnovan za razli\u010dne industrijske potrebe. Ta izdelek je izdelan iz nerjave\u010dega jekla, kar zagotavlja vzdr\u017eljivost in odpornost proti koroziji. Prilagojen je tudi specifi\u010dnim zahtevam stranke.<\/p>\n<p>Ena najpomembnej\u0161ih lastnosti tega hidravli\u010dnega cilindra je, da je dvosmerno delujo\u010d. To pomeni, da lahko ustvarja silo v obe smeri, zaradi \u010desar je v primerjavi z enosmerno delujo\u010dimi cilindri u\u010dinkovitej\u0161i in vsestranski. Primeren je za \u0161iroko paleto industrijskih aplikacij, kot so gradbeni\u0161tvo, rudarstvo in proizvodnja.<\/p>\n<p>Stro\u0161kovno u\u010dinkovit hidravli\u010dni cilinder iz nerjave\u010dega jekla z dvojnim delovanjem je zasnovan tako, da je stro\u0161kovno u\u010dinkovit, kar pomeni, da zagotavlja odli\u010dno razmerje med ceno in kakovostjo. Zgrajen je za dolgo \u017eivljenjsko dobo in zahteva minimalno vzdr\u017eevanje, kar s\u010dasoma pomaga zmanj\u0161ati stro\u0161ke. Poleg tega njegova prilagojena zasnova pomeni, da je prilagojen specifi\u010dnim potrebam stranke, kar pomaga zmanj\u0161ati odpadke in optimizirati u\u010dinkovitost.<\/p>\n<p>Skratka, cenovno ugoden hidravli\u010dni valj iz nerjave\u010dega jekla z dvojnim delovanjem je zanesljiv in vsestranski hidravli\u010dni valj, zasnovan za razli\u010dne industrijske potrebe. Zaradi svoje konstrukcije iz nerjave\u010dega jekla, dvojnega delovanja in prilagodljive zasnove je cenovno ugodna re\u0161itev za panoge, ki zahtevajo visokokakovostne hidravli\u010dne cilindre.<\/p>\n<div>\n<h2>Stro\u0161kovno u\u010dinkovit hidravli\u010dni valj iz nerjave\u010dega jekla po meri za va\u0161e hidravli\u010dne potrebe<\/h2>\n<p>Predstavljamo vam na\u0161 hidravli\u010dni valj iz nerjave\u010dega jekla po meri z dvojnim delovanjem \u2013 popolno re\u0161itev za va\u0161e hidravli\u010dne potrebe. Na\u0161 izdelek je zasnovan z mislijo na natan\u010dnost, vzdr\u017eljivost in kakovost, zaradi \u010desar je idealen za razli\u010dne panoge, kot so delavnice za popravilo strojev, kmetije, energetika in rudarstvo, proizvodnja strojev in tovarne strojev.<\/p>\n<p><img decoding=\"async\" title=\"Hidravli\u010dni cilinder za sne\u017eni plug\" src=\"https:\/\/hzpt.com\/wp-content\/uploads\/2023\/11\/Snow-Plow-Hydraulic-Cylinder-3.webp\" alt=\"Hidravli\u010dni cilinder za sne\u017eni plug\" \/><\/p>\n<h2>Zna\u010dilnosti izdelka<\/h2>\n<p>Na\u0161 hidravli\u010dni cilinder se pona\u0161a s \u0161tevilnimi lastnostmi, ki ga lo\u010dijo od konkurence. Izdelan je iz robustnega nerjave\u010dega jekla, kar zagotavlja dolgotrajno delovanje in minimalno vzdr\u017eevanje. Prav tako ga je mogo\u010de prilagoditi svojim specifi\u010dnim potrebam.<\/p>\n<ul>\n<li><b>Stanje:<\/b> Novo<\/li>\n<li><b>Garancija:<\/b> 1 leto<\/li>\n<li><b>Najve\u010dji potisk:<\/b> 3000<\/li>\n<li><b>Najve\u010dji vlek:<\/b> 20 ton<\/li>\n<li><b>Certificiranje:<\/b> ISO9001:2000<\/li>\n<li><b>Velikost izvrtine:<\/b> 2\u20136 palcev<\/li>\n<li><b>Velikost palice:<\/b> 1,125-4 palca<\/li>\n<li><b>Velikost poteze:<\/b> 4\u2013100 palcev<\/li>\n<li><b>Velikost zati\u010da:<\/b> 0,5\u20132 palca<\/li>\n<\/ul>\n<\/div>\n<h2>Prednosti nastavljivih cilindrov tipa Clevis<\/h2>\n<p>Nastavljivi cilindri z vidno glavo so bistveni sestavni del hidravli\u010dnih sistemov. Ti cilindri se uporabljajo za pretvorbo hidravli\u010dne energije v mehansko silo. Pogosto jih najdemo v razli\u010dnih aplikacijah, vklju\u010dno z gradbeni\u0161tvom, proizvodnjo in transportom. V tem \u010dlanku bomo obravnavali prednosti nastavljivih cilindrov z vidno glavo.<\/p>\n<p>1. <b>Stro\u0161kovno u\u010dinkovito<\/b><\/p>\n<p>Ena glavnih prednosti nastavljivih cilindrov z vidno glavo je njihova stro\u0161kovna u\u010dinkovitost. Zasnovani so tako, da so vzdr\u017eljivi in \u200b\u200bdolgotrajni, kar pomeni, da s\u010dasoma zahtevajo manj vzdr\u017eevanja in manj popravil. Poleg tega so izdelani iz visokokakovostnih materialov, kot je nerjave\u010de jeklo, kar prispeva k njihovi dolgi \u017eivljenjski dobi in zanesljivosti.<\/p>\n<p>2. <b>Prilagodljivo<\/b><\/p>\n<p>Druga prednost nastavljivih cilindrov z vidno glavo je, da jih je mogo\u010de prilagoditi specifi\u010dnim industrijskim ali komercialnim zahtevam. Proizvajalci lahko spremenijo velikost, obliko in lastnosti teh cilindrov, kot so dodajanje odprtin in mo\u017enosti pritrditve, da ustrezajo potrebam svojih strank. Ta prilagoditev zagotavlja, da so cilindri optimizirani za predvideno uporabo, kar pove\u010da njihovo u\u010dinkovitost in uspe\u0161nost.<\/p>\n<p>3. <b>Konstrukcija iz nerjave\u010dega jekla<\/b><\/p>\n<p>Nastavljivi cilindri z vidno glavo so pogosto izdelani iz nerjave\u010dega jekla, ki ponuja vrhunsko vzdr\u017eljivost, odpornost proti koroziji in trdnost. Zaradi uporabe nerjave\u010dega jekla lahko ti cilindri prenesejo ostre okoljske pogoje, kot so visoke temperature in izpostavljenost kemikalijam. Poleg tega so cilindri iz nerjave\u010dega jekla enostavni za \u010di\u0161\u010denje in vzdr\u017eevanje, kar lahko podalj\u0161a njihovo \u017eivljenjsko dobo.<\/p>\n<p>4. <b>Dvojno igranje<\/b><\/p>\n<p>Nastavljivi cilindri z vili\u010dasto glavo so lahko zasnovani kot dvosmerno delujo\u010di cilindri, kar pomeni, da lahko ustvarjajo silo v obe smeri. Ta lastnost je uporabna v aplikacijah, kjer sta potrebna natan\u010dna kontrola in gibanje, na primer v proizvodnji in gradbeni\u0161tvu. Dvosmerno delujo\u010di cilindri so tudi u\u010dinkovitej\u0161i od enosmerno delujo\u010dih cilindrov, kar lahko prispeva k splo\u0161nim prihrankom stro\u0161kov.<\/p>\n<p>Skratka, nastavljivi cilindri z vidno glavo ponujajo ve\u010d prednosti pred drugimi vrstami hidravli\u010dnih cilindrov. So stro\u0161kovno u\u010dinkoviti, prilagodljivi, izdelani iz nerjave\u010dega jekla in jih je mogo\u010de zasnovati kot dvostransko delujo\u010de cilindre. Zaradi teh lastnosti so odli\u010dna izbira za industrijske in komercialne aplikacije, ki zahtevajo zanesljive, u\u010dinkovite in dolgotrajne hidravli\u010dne cilindre.<\/p>\n<h3>O FMP-ju<\/h3>\n<p>FMP je vodilno podjetje, specializirano za proizvodnjo in prodajo hidravli\u010dnih cilindrov. Z bogatimi izku\u0161njami v panogi in strokovno ekipo smo zavezani k zagotavljanju visokokakovostnih in zanesljivih re\u0161itev za hidravli\u010dne cilindre na\u0161im strankam.<\/p>\n<p>Tukaj je 5 klju\u010dnih prednosti na\u0161ih izdelkov in podjetja:<\/p>\n<p>1. \u0160iroka paleta izdelkov: Ponujamo raznoliko paleto hidravli\u010dnih cilindrov, vklju\u010dno z nastavljivimi cilindri z vili\u010dasto glavo, kot je prikazano spodaj:<\/p>\n<p><img decoding=\"async\" src=\"https:\/\/fmp-components.com\/wp-content\/uploads\/2024\/12\/Adjustable-Clevis-Type-Cylinders-6.webp\" alt=\"Nastavljiv valj tipa Clevis\" width=\"832\" title=\"\"><\/p>\n<p>2. Vrhunska kakovost: Vzpostavili smo dolgoro\u010dne in stabilne odnose sodelovanja z visokokakovostnimi dobavitelji, kar zagotavlja, da vsi na\u0161i hidravli\u010dni cilindri izpolnjujejo stroge standarde kakovosti. Na\u0161a zavezanost kakovosti nas lo\u010di od konkurence.<\/p>\n<p>3. Profesionalna prodajna ekipa: Na\u0161a izku\u0161ena in usposobljena prodajna ekipa dobro pozna razvojne trende in potrebe strank v industriji hidravli\u010dnih cilindrov. Predani so zagotavljanju strokovnih svetovanj o izdelkih in pametnih predlogov za nakup.<\/p>\n<p>4. U\u010dinkovita logisti\u010dna distribucija: Razumemo pomen pravo\u010dasnih in natan\u010dnih dobav. Z na\u0161im u\u010dinkovitim logisti\u010dnim distribucijskim sistemom zagotavljamo, da stranke pravo\u010dasno prejmejo potrebne hidravli\u010dne cilindre.<\/p>\n<p>5. Celovite re\u0161itve: Poleg hidravli\u010dnih cilindrov ponujamo \u0161iroko paleto delov za gradbeno mehanizacijo in celovite strojne re\u0161itve. To na\u0161im strankam omogo\u010da, da najdejo vse potrebne komponente in dodatke na enem mestu, kar prihrani \u010das in trud.<\/p>\n<p>Vabimo vas, da sodelujete z nami in izkusite odli\u010dnost hidravli\u010dnih cilindrov FMP. Za ve\u010d informacij o va\u0161ih specifi\u010dnih zahtevah nas kontaktirajte \u0161e danes in naj vam na\u0161a ekipa pomaga najti popolno re\u0161itev za va\u0161e potrebe.<\/p>\n<h2>Pogosta vpra\u0161anja<\/h2>\n<h3>V: Ali ste trgovsko podjetje ali proizvajalec?<\/h3>\n<p>A: Smo tovarna, ki proizvaja hidravli\u010dne cilindre in druge dele kmetijske mehanizacije.<\/p>\n<h3>V: Koliko \u010dasa traja va\u0161a dobavni rok?<\/h3>\n<p>A: Na\u0161 standardni dobavni rok je 25-35 dni.<\/p>\n<h3>V: Ali ponujate vzorce? So brezpla\u010dni ali dodatni?<\/h3>\n<p>O: Da, nudimo vzorce, vendar niso brezpla\u010dni.<\/p>\n<p>Avtor: CX<\/p>","protected":false},"excerpt":{"rendered":"<p>Cost Effective Customized Stainless Steel Hydraulic Cylinder Double Acting Hydraulic CylinderCost Effective Customized Stainless Steel Hydraulic Cylinder Double Acting Hydraulic Cylinder is a high-quality hydraulic cylinder designed to meet various industrial needs. This product is made of stainless steel, which ensures durability and resistance to corrosion. It is also customized to meet the specific requirements [&hellip;]<\/p>","protected":false},"featured_media":1509,"comment_status":"closed","ping_status":"closed","template":"","meta":{"_et_pb_use_builder":"","_et_pb_old_content":"","_et_gb_content_width":""},"product_brand":[],"product_cat":[42],"product_tag":[34,44],"class_list":{"0":"post-1508","1":"product","2":"type-product","3":"status-publish","4":"has-post-thumbnail","6":"product_cat-snow-plow-hydraulic-cylinder","7":"product_tag-hydraulic-cylinder","8":"product_tag-snow-plow-hydraulic-cylinder","10":"first","11":"instock","12":"product-type-simple"},"_links":{"self":[{"href":"https:\/\/fmp-components.com\/sl\/wp-json\/wp\/v2\/product\/1508","targetHints":{"allow":["GET"]}}],"collection":[{"href":"https:\/\/fmp-components.com\/sl\/wp-json\/wp\/v2\/product"}],"about":[{"href":"https:\/\/fmp-components.com\/sl\/wp-json\/wp\/v2\/types\/product"}],"replies":[{"embeddable":true,"href":"https:\/\/fmp-components.com\/sl\/wp-json\/wp\/v2\/comments?post=1508"}],"wp:featuredmedia":[{"embeddable":true,"href":"https:\/\/fmp-components.com\/sl\/wp-json\/wp\/v2\/media\/1509"}],"wp:attachment":[{"href":"https:\/\/fmp-components.com\/sl\/wp-json\/wp\/v2\/media?parent=1508"}],"wp:term":[{"taxonomy":"product_brand","embeddable":true,"href":"https:\/\/fmp-components.com\/sl\/wp-json\/wp\/v2\/product_brand?post=1508"},{"taxonomy":"product_cat","embeddable":true,"href":"https:\/\/fmp-components.com\/sl\/wp-json\/wp\/v2\/product_cat?post=1508"},{"taxonomy":"product_tag","embeddable":true,"href":"https:\/\/fmp-components.com\/sl\/wp-json\/wp\/v2\/product_tag?post=1508"}],"curies":[{"name":"delovni list","href":"https:\/\/api.w.org\/{rel}","templated":true}]}}