{"id":1504,"date":"2024-12-23T05:50:37","date_gmt":"2024-12-23T05:50:37","guid":{"rendered":"https:\/\/fmp-components.com\/product\/professional-craftsmanship-small-2-ton-double-acting-snow-plow-hydraulic-cylinder\/"},"modified":"2024-12-23T06:13:08","modified_gmt":"2024-12-23T06:13:08","slug":"professional-craftsmanship-small-2-ton-double-acting-snow-plow-hydraulic-cylinder","status":"publish","type":"product","link":"https:\/\/fmp-components.com\/sl\/product\/professional-craftsmanship-small-2-ton-double-acting-snow-plow-hydraulic-cylinder\/","title":{"rendered":"Profesionalna izdelava Majhen 2-tonski dvosmerni hidravli\u010dni cilinder za sne\u017eni plug"},"content":{"rendered":"<h2>Profesionalna izdelava Majhen 2-tonski dvosmerni hidravli\u010dni cilinder za sne\u017eni plug<\/h2>\n<p>Predstavljamo vam profesionalni hidravli\u010dni cilinder za majhen 2-tonski sne\u017eni plug z dvojnim delovanjem \u2013 popoln dodatek k va\u0161i opremi za sne\u017eni plug. Ta hidravli\u010dni cilinder je izdelan iz vrhunskih materialov in strokovne izdelave ter je zasnovan tako, da prenese tudi najte\u017eje zimske razmere.<\/p>\n<p>Z nosilnostjo 2 toni in dvojnim delovanjem ta valj zagotavlja mo\u010dno in u\u010dinkovito delovanje, kar vam omogo\u010da enostavno \u010di\u0161\u010denje snega. Valj je tudi zelo vzdr\u017eljiv, saj ima premaz, odporen proti koroziji, in robustno konstrukcijo, ki zagotavljata dolgoletno uporabo.<\/p>\n<p>Kar pa ta hidravli\u010dni cilinder resni\u010dno lo\u010di od drugih, je njegova profesionalna izdelava. Vsaka podrobnost je bila skrbno premi\u0161ljena in izvedena, da se zagotovi najvi\u0161ja mo\u017ena raven kakovosti. Od natan\u010dne izdelave do brezhibne kon\u010dne obdelave je ta cilinder dokaz strokovnega znanja in predanosti njegovih izdelovalcev.<\/p>\n<p><img decoding=\"async\" title=\"Hidravli\u010dni cilinder za sne\u017eni plug\" src=\"https:\/\/hzpt.com\/wp-content\/uploads\/2023\/11\/Snow-Plow-Hydraulic-Cylinder-3.webp\" alt=\"Hidravli\u010dni cilinder za sne\u017eni plug\" \/><\/p>\n<p>\u010ce torej i\u0161\u010dete zanesljiv in visokozmogljiv hidravli\u010dni cilinder za svoj sne\u017eni plug, je Professional Craftsmanship Small 2 Ton Double Acting Snow Plow hidravli\u010dni cilinder prava izbira za vas. Z vrhunsko konstrukcijo in neprekosljivo zmogljivostjo bo zagotovo postal nepogre\u0161ljivo orodje v va\u0161em zimskem arzenalu. Predstavljamo vam Professional Craftsmanship Small 2 Ton Double Acting Snow Plow hidravli\u010dni cilinder, ki je utele\u0161enje profesionalne izdelave v svetu hidravli\u010dnih cilindrov. Ta nov in inovativen izdelek je zasnovan tako, da zadovolji potrebe razli\u010dnih industrij, kot so delavnice za popravilo strojev, kmetije, energetika in rudarstvo, proizvodnja strojev in tovarne strojev.<\/p>\n<h2>Zna\u010dilnosti in specifikacije<\/h2>\n<table style=\"width: 100%;\" border=\"1\" width=\"100%\" cellspacing=\"0\" cellpadding=\"0\">\n<tbody>\n<tr>\n<th>Ime izdelka<\/th>\n<td>Hidravli\u010dni cilinder za sne\u017eni plug<\/td>\n<\/tr>\n<tr>\n<th>Vrsta<\/th>\n<td>Standardni batni valj<\/td>\n<\/tr>\n<tr>\n<th>Vir napajanja<\/th>\n<td>Hidravli\u010dna energija<\/td>\n<\/tr>\n<tr>\n<th>Material ohi\u0161ja<\/th>\n<td>Trpe\u017eno jeklo<\/td>\n<\/tr>\n<tr>\n<th>Najve\u010dji potisk<\/th>\n<td>3000<\/td>\n<\/tr>\n<tr>\n<th>Najve\u010dji vlek<\/th>\n<td>20 ton<\/td>\n<\/tr>\n<tr>\n<th>Velikost izvrtine<\/th>\n<td>2 \u2013 6 palcev<\/td>\n<\/tr>\n<tr>\n<th>Velikost palice<\/th>\n<td>1,125 \u2013 4 palce<\/td>\n<\/tr>\n<tr>\n<th>Velikost poteze<\/th>\n<td>4 \u2013 100 palcev<\/td>\n<\/tr>\n<tr>\n<th>Velikost zati\u010da<\/th>\n<td>0,5 \u2013 2 palca<\/td>\n<\/tr>\n<tr>\n<th>Certificiranje<\/th>\n<td>ISO 9001:2000<\/td>\n<\/tr>\n<tr>\n<th>Zagotavljanje kakovosti<\/th>\n<td>Zanesljivo in visokokakovostno<\/td>\n<\/tr>\n<\/tbody>\n<\/table>\n<h2>Prednosti nastavljivih cilindrov tipa Clevis<\/h2>\n<p>Nastavljivi cilindri z vidno glavo, znani tudi kot hidravli\u010dni cilindri za sne\u017eni plug, so klju\u010dni sestavni del razli\u010dnih te\u017ekih strojev in opreme. Ponujajo \u0161tevilne prednosti, zaradi katerih so v industriji zelo za\u017eeleni. V tem \u010dlanku bomo podrobno raziskali prednosti teh cilindrov, pri \u010demer bomo poudarili njihovo profesionalno izdelavo, odli\u010dno delovanje in majhne 2-tonske dvojno delujo\u010de zmogljivosti.<\/p>\n<p>1. Profesionalna izdelava:<br \/>\nNastavljivi cilindri z vidno glavo so skrbno izdelani iz visokokakovostnih materialov in naprednih proizvodnih tehnik. Ti cilindri so zasnovani tako, da prenesejo ekstremne pogoje in velike obremenitve, kar zagotavlja optimalno delovanje in vzdr\u017eljivost. Pozornost do detajlov pri njihovi konstrukciji zagotavlja zanesljivo in dolgotrajno delovanje, zaradi \u010desar so priljubljena izbira za strokovnjake na tem podro\u010dju.<\/p>\n<p>2. Majhna 2-tonska dvojno delujo\u010da zmogljivost:<br \/>\nEna klju\u010dnih prednosti nastavljivih cilindrov z vidno glavo je njihova majhnost v kombinaciji z dvotonsko nosilnostjo. Ta kompaktna zasnova omogo\u010da enostavno namestitev in integracijo v razli\u010dne hidravli\u010dne sisteme, kjer je prostora malo. Kljub majhnosti imajo ti cilindri izjemno trdnost in mo\u010d, kar jim omogo\u010da u\u010dinkovito obvladovanje te\u017ekih bremen. Z dvojnim delovanjem zagotavljajo tako potisne kot vle\u010dne sile, kar pove\u010duje vsestranskost in produktivnost v \u0161irokem naboru aplikacij.<\/p>\n<p>3. Izbolj\u0161ana zmogljivost:<br \/>\nNastavljivi cilindri z vili\u010dasto glavo zagotavljajo vrhunsko zmogljivost zaradi natan\u010dne in\u017eeniringa in inovativne zasnove. Ti cilindri so zasnovani tako, da zagotavljajo gladke in nadzorovane gibe, kar zagotavlja natan\u010dno pozicioniranje priklju\u010dkov ali orodij. Mo\u017enost nastavitve pritrditve vili\u010daste glave omogo\u010da natan\u010dno nastavitev in prilagoditev specifi\u010dnim zahtevam, kar izbolj\u0161a splo\u0161no u\u010dinkovitost in uspe\u0161nost. Ne glede na to, ali gre za dvigovanje, potiskanje ali vle\u010denje, ti cilindri ponujajo optimalen prenos sile in dosledno delovanje.<\/p>\n<p>4. Ve\u010dja vsestranskost:<br \/>\nNastavljiv nosilec z vili\u010dasto glavo na teh cilindrih omogo\u010da enostavno pritrditev in odstranitev razli\u010dnih priklju\u010dkov, zaradi \u010desar so zelo vsestranski. Uporabljajo se lahko v aplikacijah, kot so sne\u017eni plugi, \u010delni nakladalniki, kmetijska oprema in drugo. Prilagodljivost, ki jo ponujajo ti cilindri, omogo\u010da upravljavcem, da se prilagodijo razli\u010dnim nalogam in pogojem, kar pove\u010da splo\u0161no produktivnost in zmanj\u0161a \u010das izpada. Z zmo\u017enostjo obvladovanja razli\u010dnih obremenitev in dela v razli\u010dnih okoljih so nastavljivi cilindri z vili\u010dasto glavo neprecenljivo sredstvo za strokovnjake v razli\u010dnih panogah.<\/p>\n<p>Skratka, nastavljivi cilindri z vidno glavo ponujajo \u0161tevilne prednosti, zaradi \u010desar so priljubljena izbira med profesionalci. Zaradi profesionalne izdelave, majhnih 2-tonskih zmogljivosti dvojnega delovanja, izbolj\u0161ane zmogljivosti in ve\u010dje vsestranskosti so zanesljiva in u\u010dinkovita re\u0161itev za te\u017eke aplikacije. Ne glede na to, ali gre za natan\u010dne gibe, sposobnost prena\u0161anja te\u017ekih pogojev ali enostavno integracijo v hidravli\u010dne sisteme, ti cilindri blestijo pri zagotavljanju optimalne zmogljivosti.<\/p>\n<h3>O hidravli\u010dnem cilindru FMP<\/h3>\n<p>FMP je podjetje, specializirano za dobavo visokokakovostnih delov in celotnih strojev za gradbeno mehanizacijo. Ponosni smo, da ponujamo \u0161iroko paleto izdelkov, vklju\u010dno s hidravli\u010dnimi cilindri, ki so zasnovani tako, da ustrezajo potrebam na\u0161ih strank. Z dolgoletnimi izku\u0161njami v industriji in profesionalno ekipo smo prepri\u010dani, da vam lahko zagotovimo najbolj\u0161e izdelke in storitve.<\/p>\n<p>Tukaj je nekaj razlogov, zakaj bi morali izbrati hidravli\u010dni cilinder FMP:<\/p>\n<ol>\n<li><strong>Visokokakovostni materiali:<\/strong> Za izdelavo na\u0161ih hidravli\u010dnih cilindrov uporabljamo visokokakovostne materiale, kar zagotavlja njihovo vzdr\u017eljivost in dolgo \u017eivljenjsko dobo.<\/li>\n<li><strong>Prilagodljive re\u0161itve:<\/strong> Ponujamo prilagodljive re\u0161itve, ki ustrezajo edinstvenim potrebam na\u0161ih strank. Na\u0161i hidravli\u010dni cilindri so na voljo v razli\u010dnih velikostih in konfiguracijah.<\/li>\n<li><strong>Strokovno posvetovanje:<\/strong> Na\u0161a izku\u0161ena prodajna ekipa vam je vedno pripravljena nuditi strokovno svetovanje in pametne predloge za nakup. Razumemo razvojne trende in potrebe strank v industriji gradbenih strojev ter vam lahko pomagamo pri sprejemanju premi\u0161ljenih odlo\u010ditev.<\/li>\n<li><strong>U\u010dinkovita logistika:<\/strong> Imamo u\u010dinkovit logisti\u010dni distribucijski sistem, ki zagotavlja, da boste potrebne dele prejeli pravo\u010dasno in natan\u010dno.<\/li>\n<li><strong>\u0160iroka paleta izdelkov:<\/strong> Poleg hidravli\u010dnih cilindrov ponujamo tudi razli\u010dne dele gradbenih strojev, kot so menjalniki za kmetijske stroje, planetarni menjalniki in industrijski menjalniki, ter vrhunsko dodatno opremo, ki se ujema z njimi.<\/li>\n<\/ol>\n<p>Pri FMP smo zavezani k zagotavljanju najbolj\u0161ih izdelkov in storitev na\u0161im strankam. Na\u0161i hidravli\u010dni cilindri so zasnovani tako, da izpolnjujejo najvi\u0161je standarde kakovosti, in ponosni smo na to, da vsi na\u0161i dobavljeni deli izpolnjujejo stroge standarde kakovosti. Verjamemo, da smo zaradi na\u0161ega strokovnega znanja in predanosti kakovosti idealen partner za va\u0161e potrebe po gradbeni mehanizaciji.<\/p>\n<p><img decoding=\"async\" src=\"https:\/\/fmp-components.com\/wp-content\/uploads\/2024\/12\/Adjustable-Clevis-Type-Cylinders-6.webp\" alt=\"Nastavljiv valj tipa Clevis\" width=\"830\" title=\"\"><\/p>\n<h2>Pogosta vpra\u0161anja<\/h2>\n<p><strong>V: Ali ste trgovsko podjetje ali proizvajalec?<\/strong><\/p>\n<p>A: Smo tovarna, ki izdeluje vrhunske hidravli\u010dne cilindre in druge dele kmetijske mehanizacije.<\/p>\n<p><strong>V: Kak\u0161en je dobavni rok za hidravli\u010dni cilinder za sne\u017eni plug?<\/strong><\/p>\n<p>A: Na splo\u0161no traja pribli\u017eno 25-35 dni za dostavo.<\/p>\n<p><strong>V: Ali lahko izdelujete po vzorcih?<\/strong><\/p>\n<p>O: Da, lahko izdelamo po va\u0161ih vzorcih ali tehni\u010dnih risbah. Izdelamo lahko kalupe in vpenjala.<\/p>\n<p><img decoding=\"async\" src=\"https:\/\/hzpt.com\/wp-content\/uploads\/2023\/11\/Snow-Plow-Hydraulic-Cylinder-4Factory.webp\" alt=\"Tovarna hidravli\u010dnih cilindrov za sne\u017ene pluge\" title=\"\"><\/p>\n<p>Avtor: CX<\/p>","protected":false},"excerpt":{"rendered":"<p>Professional Craftsmanship Small 2 Ton Double Acting Snow Plow Hydraulic Cylinder Introducing the Professional Craftsmanship Small 2 Ton Double Acting Snow Plow Hydraulic Cylinder &#8211; the perfect addition to your snow plow equipment. Built with superior materials and expert craftsmanship, this hydraulic cylinder is designed to withstand even the toughest winter conditions. With a 2 [&hellip;]<\/p>","protected":false},"featured_media":1505,"comment_status":"closed","ping_status":"closed","template":"","meta":{"_et_pb_use_builder":"","_et_pb_old_content":"","_et_gb_content_width":""},"product_brand":[],"product_cat":[42],"product_tag":[34,44],"class_list":{"0":"post-1504","1":"product","2":"type-product","3":"status-publish","4":"has-post-thumbnail","6":"product_cat-snow-plow-hydraulic-cylinder","7":"product_tag-hydraulic-cylinder","8":"product_tag-snow-plow-hydraulic-cylinder","10":"first","11":"instock","12":"product-type-simple"},"_links":{"self":[{"href":"https:\/\/fmp-components.com\/sl\/wp-json\/wp\/v2\/product\/1504","targetHints":{"allow":["GET"]}}],"collection":[{"href":"https:\/\/fmp-components.com\/sl\/wp-json\/wp\/v2\/product"}],"about":[{"href":"https:\/\/fmp-components.com\/sl\/wp-json\/wp\/v2\/types\/product"}],"replies":[{"embeddable":true,"href":"https:\/\/fmp-components.com\/sl\/wp-json\/wp\/v2\/comments?post=1504"}],"wp:featuredmedia":[{"embeddable":true,"href":"https:\/\/fmp-components.com\/sl\/wp-json\/wp\/v2\/media\/1505"}],"wp:attachment":[{"href":"https:\/\/fmp-components.com\/sl\/wp-json\/wp\/v2\/media?parent=1504"}],"wp:term":[{"taxonomy":"product_brand","embeddable":true,"href":"https:\/\/fmp-components.com\/sl\/wp-json\/wp\/v2\/product_brand?post=1504"},{"taxonomy":"product_cat","embeddable":true,"href":"https:\/\/fmp-components.com\/sl\/wp-json\/wp\/v2\/product_cat?post=1504"},{"taxonomy":"product_tag","embeddable":true,"href":"https:\/\/fmp-components.com\/sl\/wp-json\/wp\/v2\/product_tag?post=1504"}],"curies":[{"name":"delovni list","href":"https:\/\/api.w.org\/{rel}","templated":true}]}}