{"id":1502,"date":"2024-12-23T05:50:37","date_gmt":"2024-12-23T05:50:37","guid":{"rendered":"https:\/\/fmp-components.com\/product\/high-quality-customized-snow-plow-hydraulic-piston-cylinder\/"},"modified":"2024-12-23T06:26:31","modified_gmt":"2024-12-23T06:26:31","slug":"high-quality-customized-snow-plow-hydraulic-piston-cylinder","status":"publish","type":"product","link":"https:\/\/fmp-components.com\/sl\/product\/high-quality-customized-snow-plow-hydraulic-piston-cylinder\/","title":{"rendered":"Visokokakovosten hidravli\u010dni batni valj za sne\u017eni plug po meri"},"content":{"rendered":"<p>Visokokakovosten hidravli\u010dni batni valj za sne\u017eni plug po meriVisokokakovosten hidravli\u010dni batni valj za sne\u017eni plug po meri je obvezen za vse, ki \u017eelijo zagotoviti nemoteno in u\u010dinkovito plu\u017eenje snega. Ta izdelek je zasnovan tako, da zagotavlja najvi\u0161jo raven zmogljivosti in zanesljivosti tudi v najte\u017ejih pogojih.<\/p>\n<p>Ta hidravli\u010dni batni cilinder, izdelan iz najbolj\u0161ih materialov in izdelan za dolgo \u017eivljenjsko dobo, je trpe\u017een in zanesljiv. Zmo\u017een je prena\u0161ati te\u017eke obremenitve in zlahka prenese ekstremne temperature, zaradi \u010desar je odli\u010dna izbira za vse, ki potrebujejo visokokakovosten in dolgotrajen hidravli\u010dni batni cilinder za sne\u017eni plug.<\/p>\n<p>Poleg tega je ta izdelek mogo\u010de prilagoditi edinstvenim potrebam vsake stranke, s \u010dimer se zagotovi popolna skladnost z njenimi specifi\u010dnimi zahtevami. Ne glede na to, ali potrebujete batni valj, ki je ve\u010dji ali manj\u0161i, ali takega, ki je zasnovan za dolo\u010deno vrsto sne\u017enega pluga, je ta izdelek mogo\u010de prilagoditi va\u0161im potrebam.<\/p>\n<p>\u010ce na splo\u0161no potrebujete visokokakovosten, vzdr\u017eljiv in zanesljiv hidravli\u010dni batni valj za sne\u017eni plug, je to prava izbira za vas. Visokokakovosten hidravli\u010dni batni valj za sne\u017eni plug po meri. Z vrhunsko zmogljivostjo in prilagodljivo zasnovo vam bo ta izdelek zagotovo zagotovil potrebne rezultate. Predstavljamo vam na\u0161 visokokakovosten hidravli\u010dni batni valj za sne\u017eni plug po meri, nov, vrhunski izdelek, zasnovan za revolucijo v va\u0161ih delavnicah za popravilo strojev, kmetijstvu, energetski in rudarski industriji, proizvodnji strojev in drugih ustreznih panogah. Hidravli\u010dni batni valj za sne\u017eni plug, izdelan z natan\u010dnostjo, zagotavlja robustnost, zanesljivost in izjemno zmogljivost.<\/p>\n<p><img decoding=\"async\" title=\"Hidravli\u010dni cilinder za sne\u017eni plug\" src=\"https:\/\/hzpt.com\/wp-content\/uploads\/2023\/11\/Snow-Plow-Hydraulic-Cylinder-1.webp\" alt=\"Hidravli\u010dni cilinder za sne\u017eni plug\" \/><\/p>\n<h2>Zna\u010dilnosti hidravli\u010dnega batnega cilindra<\/h2>\n<p>Na\u0161 hidravli\u010dni batni valj za sne\u017eni plug odlikujejo izjemne lastnosti, ki vklju\u010dujejo:<\/p>\n<ul>\n<li>Enoletna garancija vam zagotavlja kakovost in trajnost.<\/li>\n<li>Certifikat ISO 9001:2000, kar dokazuje visoke standarde proizvodnje.<\/li>\n<li>Standardna zasnova in struktura bata in cilindra zagotavljata zdru\u017eljivost z ve\u010dino strojev.<\/li>\n<li>Izdelano iz jekla, kar obljublja robustnost in dolgo \u017eivljenjsko dobo.<\/li>\n<li>Najve\u010dji potisk 3000 in najve\u010dji vle\u010dni napor 20 ton zagotavljata mo\u010dno zmogljivost.<\/li>\n<li>Razli\u010dne velikosti izvrtine, palice, hoda in zati\u010da, ki ustrezajo va\u0161im specifi\u010dnim potrebam.<\/li>\n<li>Na voljo s priklju\u010dki G\/SAE\/NPT\/M.<\/li>\n<li>Njegova elegantna \u010drna barva poudarja njegov profesionalen videz.<\/li>\n<\/ul>\n<h2>Vzdr\u017eevanje in uporaba hidravli\u010dnega batnega cilindra<\/h2>\n<p>Vzdr\u017eevanje na\u0161ega hidravli\u010dnega batnega cilindra za sne\u017eni plug je preprosto in enostavno, kar zagotavlja dolgo \u017eivljenjsko dobo izdelka in optimalno delovanje. Z enoletno garancijo na klju\u010dne komponente, vklju\u010dno z le\u017eajem in hidravli\u010dnim cilindrom, na\u0161 izdelek zagotavlja zanesljivost in robustnost. Njegova uporaba je obse\u017ena in raznolika, od delavnic za popravilo strojev, kmetijstva, energetike in rudarstva, proizvodnje strojev in \u0161e ve\u010d, zaradi \u010desar je vsestransko in nepogre\u0161ljivo orodje v \u0161tevilnih panogah.<img decoding=\"async\" title=\"Hidravli\u010dni cilinder za sne\u017eni plug\" src=\"https:\/\/hzpt.com\/wp-content\/uploads\/2023\/11\/Snow-Plow-Hydraulic-Cylinder-3.webp\" alt=\"Hidravli\u010dni cilinder za sne\u017eni plug\" \/><\/p>\n<h2>Prednosti nastavljivih cilindrov tipa Clevis<\/h2>\n<p>Nastavljivi cilindri z vidno glavo, kot je visokokakovosten hidravli\u010dni batni cilinder za sne\u017eni plug po meri, ponujajo \u0161tevilne prednosti v razli\u010dnih aplikacijah. Ti cilindri so zasnovani s posebnimi lastnostmi, ki izbolj\u0161ujejo njihovo funkcionalnost in zmogljivost, zaradi \u010desar so priljubljena izbira v \u0161tevilnih panogah. Spodaj je navedenih nekaj klju\u010dnih prednosti nastavljivih cilindrov z vidno glavo:<\/p>\n<p>1. Izbolj\u0161ana prilagodljivost: Nastavljivi cilindri z vili\u010dasto glavo zagotavljajo visoko stopnjo prilagodljivosti glede mo\u017enosti monta\u017ee. Zasnova z nastavljivo vili\u010dasto glavo omogo\u010da enostavno pritrditev na razli\u010dno opremo ali stroje, kar zagotavlja vsestransko re\u0161itev za razli\u010dne aplikacije. Ta prilagodljivost odpravlja potrebo po nosilcih po meri, kar prihrani \u010das in stro\u0161ke pri namestitvi.<\/p>\n<p>2. Natan\u010dna nastavitev dol\u017eine: Ena od pomembnih prednosti nastavljivih cilindrov z vidno glavo je mo\u017enost nastavitve dol\u017eine cilindra glede na posebne zahteve. Ta funkcija omogo\u010da natan\u010dno pozicioniranje, kar zagotavlja optimalno delovanje in funkcionalnost. Z enostavno nastavitvijo dol\u017eine se lahko cilinder prilagodi razli\u010dnim dol\u017einam hoda, zaradi \u010desar je primeren za \u0161irok spekter nalog.<\/p>\n<p>3. Optimizirana zmogljivost: Nastavljivi cilindri z vidno glavo so zasnovani za zagotavljanje visokokakovostne zmogljivosti v zahtevnih pogojih. Ti cilindri so izdelani z napredno tehnologijo tesnjenja, ki zagotavlja zanesljivo in u\u010dinkovito delovanje tudi v te\u017ekih okoljih. Natan\u010dna izdelava in uporaba visokokakovostnih materialov prispevata k vzdr\u017eljivosti in dolgo\u017eivosti teh cilindrov.<\/p>\n<p>4. Pove\u010dana nosilnost: Druga prednost uporabe nastavljivih cilindrov z vidno glavo je njihova sposobnost prena\u0161anja te\u017ekih bremen. Ti cilindri so zasnovani tako, da zagotavljajo robustne zmogljivosti dvigovanja in potiskanja, zaradi \u010desar so primerni za aplikacije, ki zahtevajo veliko silo. Robustna konstrukcija in natan\u010dna in\u017eeniringa omogo\u010data, da cilindri prenesejo te\u017eke obremenitve, ne da bi pri tem ogrozili zmogljivost ali varnost.<\/p>\n<p>5. Izbolj\u0161ane varnostne funkcije: Nastavljivi cilindri z vili\u010dasto glavo dajejo prednost varnosti z vklju\u010devanjem razli\u010dnih funkcij za prepre\u010devanje nesre\u010d ali po\u0161kodb. Ti cilindri pogosto vklju\u010dujejo vgrajene varnostne klju\u010davnice ali mehanizme za zagotavljanje varne pritrditve in prepre\u010devanje nenamernega premikanja. Poleg tega imajo lahko nekateri modeli sisteme za za\u0161\u010dito pred preobremenitvijo ali varnostne ventile za za\u0161\u010dito pred prekomerno silo ali tlakom.<\/p>\n<p>Skratka, nastavljivi cilindri z vidno glavo, kot je visokokakovosten hidravli\u010dni batni cilinder za sne\u017eni plug po meri, ponujajo \u0161tevilne prednosti, zaradi katerih so priljubljena izbira v \u0161tevilnih aplikacijah. K njihovi priljubljenosti prispevajo njihova prilagodljivost pri mo\u017enostih monta\u017ee, natan\u010dna nastavitev dol\u017eine, optimizirana zmogljivost, pove\u010dana nosilnost in izbolj\u0161ane varnostne funkcije. Ne glede na to, ali se uporabljajo v sne\u017enih plugih, gradbeni opremi ali drugih industrijskih strojih, ti cilindri zagotavljajo zanesljivo in u\u010dinkovito hidravli\u010dno mo\u010d za razli\u010dne naloge.<\/p>\n<h3>O hidravli\u010dnem cilindru FMP<\/h3>\n<p>FMP je podjetje, ki strankam zagotavlja visokokakovostne in zanesljive hidravli\u010dne cilindre ter celovite strojne re\u0161itve. Na\u0161i hidravli\u010dni cilindri se pogosto uporabljajo v razli\u010dnih vrstah gradbenih strojev, vklju\u010dno z menjalniki kmetijskih strojev, planetarnimi menjalniki, industrijskimi menjalniki in deli kmetijskih strojev. Tukaj je 5 razlogov, zakaj bi morali izbrati FMP:<\/p>\n<p>1. Visoki standardi kakovosti: V podjetju FMP vzpostavljamo dolgoro\u010dne in stabilne partnerske odnose s \u0161tevilnimi visokokakovostnimi dobavitelji doma in v tujini, s \u010dimer zagotavljamo, da vsi dobavljeni hidravli\u010dni cilindri izpolnjujejo stroge standarde kakovosti. Na\u0161i hidravli\u010dni cilindri so vzdr\u017eljivi, u\u010dinkoviti in imajo dolgo \u017eivljenjsko dobo, kar strankam prihrani stro\u0161ke vzdr\u017eevanja in popravil.<\/p>\n<p>2. Strokovna ekipa: FMP ima izku\u0161eno in usposobljeno prodajno ekipo, ki je seznanjena z razvojnimi trendi in potrebami strank v industriji gradbenih strojev. Zagotavljajo lahko strokovno svetovanje o izdelkih in pametne predloge za nakup, s \u010dimer strankam pomagajo izbrati najprimernej\u0161e hidravli\u010dne cilindre za njihove stroje.<\/p>\n<p>3. \u0160iroka paleta izdelkov: FMP-jeva paleta izdelkov je \u0161iroka in vklju\u010duje razli\u010dne vrste hidravli\u010dnih cilindrov, kot so cilindri z nastavljivim klobukom, teleskopski cilindri in varjeni hidravli\u010dni cilindri. Ponujamo tudi vrsto vrhunskih dodatkov, ki se ujemajo z njimi, kot so hidravli\u010dne \u010drpalke, ventili in filtri, da zadostimo razli\u010dnim potrebam strank.<\/p>\n<p>4. U\u010dinkovita logisti\u010dna distribucija: FMP ima u\u010dinkovit logisti\u010dni distribucijski sistem, ki zagotavlja, da stranke pravo\u010dasno in natan\u010dno prejmejo potrebne hidravli\u010dne cilindre. Zagotavljamo hitre in zanesljive prevozne storitve, s katerimi strankam prihranimo \u010das in se izognemo izgubam zaradi zamud.<\/p>\n<p>5. Profesionalna poprodajna storitev: FMP se zavezuje, da bo strankam zagotavljal profesionalno poprodajno storitev. \u010ce imajo stranke med uporabo na\u0161ih hidravli\u010dnih cilindrov kakr\u0161na koli vpra\u0161anja ali te\u017eave, bo na\u0161a poprodajna ekipa zagotovila pravo\u010dasne in u\u010dinkovite re\u0161itve, s katerimi bo zagotovila nemoteno delovanje strojev strank.<\/p>\n<p><img decoding=\"async\" src=\"https:\/\/fmp-components.com\/wp-content\/uploads\/2024\/12\/Adjustable-Clevis-Type-Cylinders-6.webp\" alt=\"Nastavljiv valj tipa Clevis\" width=\"829\" title=\"\"><\/p>\n<p>Izberite FMP, izberite visokokakovostne in zanesljive hidravli\u010dne cilindre za va\u0161o gradbeno mehanizacijo.<\/p>\n<h2>Pogosta vpra\u0161anja<\/h2>\n<h3>V: Ali ste trgovsko podjetje ali proizvajalec?<\/h3>\n<p>O: Smo proizvajalec.<\/p>\n<h3>V: Koliko \u010dasa traja va\u0161a dobavni rok?<\/h3>\n<p>A: Na splo\u0161no je na\u0161 dobavni rok 25-35 dni.<\/p>\n<h3>V: Ali ponujate vzorce? Je to brezpla\u010dno ali dodatno?<\/h3>\n<p>O: Da, nudimo vzorce, vendar niso brezpla\u010dni.<\/p>\n<p>Avtor: CX<\/p>","protected":false},"excerpt":{"rendered":"<p>High Quality Customized Snow Plow Hydraulic Piston CylinderHigh Quality Customized Snow Plow Hydraulic Piston Cylinder is a must-have for anyone who wants to ensure a smooth and efficient snow plowing experience. This product is designed to provide the highest level of performance and reliability in even the harshest conditions. Crafted from the finest materials and [&hellip;]<\/p>","protected":false},"featured_media":1503,"comment_status":"closed","ping_status":"closed","template":"","meta":{"_et_pb_use_builder":"","_et_pb_old_content":"","_et_gb_content_width":""},"product_brand":[],"product_cat":[42],"product_tag":[34,44],"class_list":{"0":"post-1502","1":"product","2":"type-product","3":"status-publish","4":"has-post-thumbnail","6":"product_cat-snow-plow-hydraulic-cylinder","7":"product_tag-hydraulic-cylinder","8":"product_tag-snow-plow-hydraulic-cylinder","10":"first","11":"instock","12":"product-type-simple"},"_links":{"self":[{"href":"https:\/\/fmp-components.com\/sl\/wp-json\/wp\/v2\/product\/1502","targetHints":{"allow":["GET"]}}],"collection":[{"href":"https:\/\/fmp-components.com\/sl\/wp-json\/wp\/v2\/product"}],"about":[{"href":"https:\/\/fmp-components.com\/sl\/wp-json\/wp\/v2\/types\/product"}],"replies":[{"embeddable":true,"href":"https:\/\/fmp-components.com\/sl\/wp-json\/wp\/v2\/comments?post=1502"}],"wp:featuredmedia":[{"embeddable":true,"href":"https:\/\/fmp-components.com\/sl\/wp-json\/wp\/v2\/media\/1503"}],"wp:attachment":[{"href":"https:\/\/fmp-components.com\/sl\/wp-json\/wp\/v2\/media?parent=1502"}],"wp:term":[{"taxonomy":"product_brand","embeddable":true,"href":"https:\/\/fmp-components.com\/sl\/wp-json\/wp\/v2\/product_brand?post=1502"},{"taxonomy":"product_cat","embeddable":true,"href":"https:\/\/fmp-components.com\/sl\/wp-json\/wp\/v2\/product_cat?post=1502"},{"taxonomy":"product_tag","embeddable":true,"href":"https:\/\/fmp-components.com\/sl\/wp-json\/wp\/v2\/product_tag?post=1502"}],"curies":[{"name":"delovni list","href":"https:\/\/api.w.org\/{rel}","templated":true}]}}