{"id":1492,"date":"2024-12-23T05:50:37","date_gmt":"2024-12-23T05:50:37","guid":{"rendered":"https:\/\/fmp-components.com\/product\/new-arrival-snow-plow-stainless-steel-hydraulic-oil-cylinder\/"},"modified":"2024-12-23T06:27:49","modified_gmt":"2024-12-23T06:27:49","slug":"new-arrival-snow-plow-stainless-steel-hydraulic-oil-cylinder","status":"publish","type":"product","link":"https:\/\/fmp-components.com\/sl\/product\/new-arrival-snow-plow-stainless-steel-hydraulic-oil-cylinder\/","title":{"rendered":"Nov hidravli\u010dni oljni valj iz nerjave\u010dega jekla za sne\u017eni plug"},"content":{"rendered":"<h2>Nov hidravli\u010dni oljni valj iz nerjave\u010dega jekla za sne\u017eni plug<\/h2>\n<p>Nov hidravli\u010dni oljni valj iz nerjave\u010dega jekla za sne\u017eni plug je vrhunski izdelek, zasnovan posebej za sne\u017ene pluge. Ta hidravli\u010dni oljni valj, izdelan iz visokokakovostnega nerjave\u010dega jekla, ponuja izjemno vzdr\u017eljivost in dolgo \u017eivljenjsko dobo, kar zagotavlja, da lahko prenese tudi najzahtevnej\u0161e zimske razmere.<\/p>\n<p>Ta oljni valj, opremljen z napredno hidravli\u010dno tehnologijo, zagotavlja mo\u010dno in zanesljivo delovanje, kar omogo\u010da u\u010dinkovito in uspe\u0161no plu\u017eenje snega. Njegov hidravli\u010dni sistem omogo\u010da gladko in natan\u010dno delovanje, kar uporabnikom omogo\u010da enostavno in natan\u010dno upravljanje pluga.<\/p>\n<p>Izdelava te oljne jeklenke iz nerjave\u010dega jekla ponuja odli\u010dno odpornost proti koroziji, rji in obrabi, zaradi \u010desar je idealna za uporabo v zasne\u017eenih in ledenih okoljih. To zagotavlja, da jeklenka ostane v optimalnem stanju skozi celotno \u017eivljenjsko dobo in zagotavlja dosledno in zanesljivo delovanje leto za letom.<\/p>\n<p>Zasnovan z mislijo na uporabnika, je nov hidravli\u010dni oljni valj iz nerjave\u010dega jekla za sne\u017eni plug enostaven za namestitev in upravljanje. Njegova kompaktna in lahka zasnova omogo\u010da enostavno namestitev, uporabniku prijazni gumbi pa omogo\u010dajo preprosto in enostavno upravljanje.<\/p>\n<p>Z vrhunsko kakovostjo in zmogljivostjo je nov hidravli\u010dni oljni valj iz nerjave\u010dega jekla za sne\u017eni plug nepogre\u0161ljiv za vsakega upravljavca sne\u017enega pluga. Ne glede na to, ali ste profesionalec ali lastnik stanovanja, ki \u017eeli o\u010distiti sneg s svojega dovoza, bo ta izdelek presegel va\u0161a pri\u010dakovanja in plu\u017eenje snega naredil izjemno enostavno.<\/p>\n<p>Investirajte v nov hidravli\u010dni oljni valj iz nerjave\u010dega jekla za sne\u017eni plug \u0161e danes in izkusite razliko, ki jo lahko naredi pri va\u0161ih prizadevanjih za plu\u017eenje snega. Bodite korak pred zimskim vremenom in poskrbite, da je va\u0161a okolica \u010dista in varna s tem vrhunskim hidravli\u010dnim oljnim cilindrom.<\/p>\n<div>\n<h2>Predstavljamo hidravli\u010dni oljni valj iz nerjave\u010dega jekla za sne\u017eni plug<\/h2>\n<p>Hidravli\u010dni oljni valj iz nerjave\u010dega jekla za plug snega je inovativna naprava, ki bo spremenila na\u010din, kako upravljate s plu\u017eenjem snega. Gre za vrhunski hidravli\u010dni oljni valj, zasnovan za u\u010dinkovitost, vzdr\u017eljivost in vrhunsko delovanje. Ta naprava ni le \u0161e en kos opreme, temve\u010d nalo\u017eba, ki bo va\u0161e plu\u017eenje snega naredila enostavno in u\u010dinkovito.<\/p>\n<h2>Zna\u010dilnosti izdelka<\/h2>\n<ul>\n<li>Vrhunski batni valj standardne velikosti, ki deluje na hidravli\u010dno mo\u010d<\/li>\n<li>Jekleno ohi\u0161je za vzdr\u017eljivost in dolgotrajno delovanje<\/li>\n<li>Najve\u010dji potisk 3000 in najve\u010dja vle\u010dna sila 20 ton za najzahtevnej\u0161e naloge plu\u017eenja snega<\/li>\n<li>Velikost izvrtine se giblje od 2 do 6 palcev, velikost palice od 1,125 do 4 palcev, velikost hoda pa od 4 do 100 palcev.<\/li>\n<li>Velikost zati\u010dev med 0,5 in 2 palci za enostavno namestitev, uporabo in vzdr\u017eevanje<\/li>\n<li>Jedro ima le\u017eaj in hidravli\u010dni cilinder, ki imata oba enoletno garancijo<\/li>\n<\/ul>\n<\/div>\n<h2>Prednosti nastavljivih cilindrov tipa Clevis<\/h2>\n<ul>\n<li style=\"list-style-type: none;\">\n<ul>\n<li><strong>Prilagoditev:<\/strong> Ena klju\u010dnih prednosti nastavljivih cilindrov z vili\u010dasto glavo je njihova mo\u017enost prilagoditve specifi\u010dnim hidravli\u010dnim aplikacijam. Zaradi nastavljive zasnove z vili\u010dasto glavo jih je mogo\u010de enostavno prilagoditi razli\u010dnim konfiguracijam monta\u017ee, zaradi \u010desar so vsestranski in primerni za \u0161irok spekter aplikacij.<\/li>\n<\/ul>\n<\/li>\n<\/ul>\n<p>Na primer, nov hidravli\u010dni oljni valj iz nerjave\u010dega jekla za sne\u017eni plug je odli\u010den primer nastavljivih valjev z vili\u010dasto glavo, ki so prilagojeni za uporabo v sne\u017enih plugih. Zaradi konstrukcije iz nerjave\u010dega jekla je zelo odporen proti koroziji in zasnovan tako, da prenese ostre zimske razmere. Njegova zasnova z nastavljivo vili\u010dasto glavo omogo\u010da tudi enostavno namestitev na razli\u010dne vrste sne\u017enih plugov, zaradi \u010desar je vsestranska re\u0161itev za odstranjevanje snega.<\/p>\n<ul>\n<li style=\"list-style-type: none;\">\n<ul>\n<li><strong>Visoko u\u010dinkovito:<\/strong> Druga prednost nastavljivih cilindrov z vidno glavo je njihova visoka u\u010dinkovitost. Zaradi natan\u010dne izdelave in visokokakovostnih materialov so sposobni zagotavljati dosledno in zanesljivo delovanje, tudi v zahtevnih aplikacijah.<\/li>\n<\/ul>\n<\/li>\n<\/ul>\n<p>Na primer, nov hidravli\u010dni oljni valj iz nerjave\u010dega jekla za sne\u017eni plug je zasnovan tako, da zagotavlja maksimalno dvi\u017eno silo z minimalnim naporom. Njegov visokotla\u010dni hidravli\u010dni sistem zagotavlja enostavno dvigovanje te\u017ekih sne\u017enih plugov, medtem ko njegova nastavljiva zasnova z vilicami omogo\u010da natan\u010den nadzor nad kotom in polo\u017eajem rezila pluga, kar zagotavlja optimalno delovanje \u010di\u0161\u010denja snega.<\/p>\n<ul>\n<li style=\"list-style-type: none;\">\n<ul>\n<li><strong>Trpe\u017eno:<\/strong> Nastavljivi cilindri z vidno glavo so znani tudi po svoji vzdr\u017eljivosti in dolgi \u017eivljenjski dobi. Izdelani so tako, da prenesejo ostre okoljske razmere, ekstremne temperature in velike obremenitve, zaradi \u010desar so idealni za uporabo v razli\u010dnih industrijskih aplikacijah.<\/li>\n<\/ul>\n<\/li>\n<\/ul>\n<p>Nov hidravli\u010dni oljni valj iz nerjave\u010dega jekla za sne\u017eni plug je izdelan iz visokokakovostnega nerjave\u010dega jekla, ki ni le zelo odporno proti koroziji, temve\u010d zagotavlja tudi odli\u010dno trdnost in vzdr\u017eljivost. Poleg tega natan\u010dna izdelava in visokokakovostni materiali zagotavljajo, da lahko prenese ekstremne temperature in velike obremenitve, zaradi \u010desar je zanesljiva in trpe\u017ena re\u0161itev za odstranjevanje snega.<\/p>\n<ul>\n<li style=\"list-style-type: none;\">\n<ul>\n<li><strong>Enostavnost vzdr\u017eevanja:<\/strong> Nenazadnje so nastavljivi cilindri z vidno glavo zasnovani za enostavno vzdr\u017eevanje. Zaradi svoje preproste, a robustne zasnove jih je mogo\u010de enostavno razstaviti in servisirati, kar omogo\u010da hitra in u\u010dinkovita popravila ter vzdr\u017eevanje.<\/li>\n<\/ul>\n<\/li>\n<\/ul>\n<p>Na primer, nov hidravli\u010dni oljni valj iz nerjave\u010dega jekla za sne\u017eni plug je zasnovan z modularno konstrukcijo, ki omogo\u010da enostavno razstavljanje in zamenjavo posameznih komponent. Njegovi visokokakovostni materiali zagotavljajo tudi minimalno vzdr\u017eevanje, zaradi \u010desar je stro\u0161kovno u\u010dinkovita re\u0161itev za odstranjevanje snega.<\/p>\n<p>Skratka, nastavljivi cilindri z vidno glavo ponujajo vrsto prednosti, vklju\u010dno s prilagoditvijo, u\u010dinkovitostjo, vzdr\u017eljivostjo in enostavnim vzdr\u017eevanjem. Nov hidravli\u010dni oljni valj iz nerjave\u010dega jekla za sne\u017eni plug je odli\u010den primer nastavljivih cilindrov z vidno glavo, ki so prilagojeni za uporabo v sne\u017enih plugih in ponujajo izjemno zmogljivost in zanesljivost v te\u017ekih zimskih razmerah.<\/p>\n<h3>O podjetju FMP \u2013 Proizvajalec in dobavitelj profesionalnega hidravli\u010dnega cilindra<\/h3>\n<p>FMP je podjetje, specializirano za proizvodnjo in prodajo visokokakovostnih in zanesljivih delov in celotnih strojev za gradbeno mehanizacijo. Imamo dolgoletne izku\u0161nje v panogi in profesionalno ekipo, ki na\u0161im strankam zagotavlja najbolj\u0161e izdelke in storitve.<\/p>\n<p>Na\u0161 hidravli\u010dni valj je eden na\u0161ih najbolj priljubljenih izdelkov in to z dobrim razlogom. Tukaj je le nekaj razlogov, zakaj bi morali izbrati FMP za svojega dobavitelja hidravli\u010dnih valjev:<\/p>\n<p>1. Visokokakovostni materiali \u2013 Za izdelavo na\u0161ih hidravli\u010dnih cilindrov uporabljamo le najkakovostnej\u0161e materiale. To zagotavlja, da so vzdr\u017eljivi, zanesljivi in \u200b\u200bdolgo obstojni.<\/p>\n<p>2. Raznolikost mo\u017enosti \u2013 Ponujamo \u0161iroko paleto hidravli\u010dnih cilindrov, med katerimi lahko izbirate, vklju\u010dno z nastavljivimi cilindri z vidno glavo, dvostransko delujo\u010dimi hidravli\u010dnimi cilindri in varjenimi hidravli\u010dnimi cilindri. To strankam omogo\u010da, da izberejo cilinder, ki najbolje ustreza njihovim potrebam.<\/p>\n<p>3. Prilagoditev \u2013 Razumemo, da ima vsaka stranka edinstvene zahteve, zato ponujamo hidravli\u010dne cilindre po meri, ki ustrezajo specifi\u010dnim potrebam.<\/p>\n<p>4. Profesionalna prodajna ekipa \u2013 Na\u0161a izku\u0161ena in usposobljena prodajna ekipa je vedno pripravljena nuditi strokovno svetovanje o izdelkih in strankam ponuditi pametne predloge za nakup.<\/p>\n<p>5. U\u010dinkovit logisti\u010dni distribucijski sistem \u2013 Imamo u\u010dinkovit logisti\u010dni distribucijski sistem, ki zagotavlja, da stranke pravo\u010dasno in natan\u010dno prejmejo potrebne hidravli\u010dne cilindre.<\/p>\n<p><img decoding=\"async\" src=\"https:\/\/fmp-components.com\/wp-content\/uploads\/2024\/12\/Adjustable-Clevis-Type-Cylinders-6.webp\" alt=\"Nastavljiv valj tipa Clevis\" width=\"824\" title=\"\"><\/p>\n<p>Poleg teh prednosti se FMP zavezuje k vzpostavljanju dolgoro\u010dnih in stabilnih partnerskih odnosov z visokokakovostnimi dobavitelji doma in v tujini, da bi zagotovil, da vsi dobavljeni deli izpolnjujejo stroge standarde kakovosti. Zato zagotavljamo, da so na\u0161i hidravli\u010dni cilindri najvi\u0161je kakovosti in bodo ustrezali va\u0161im potrebam.<\/p>\n<p>Izberite FMP za svojega proizvajalca in dobavitelja hidravli\u010dnih cilindrov. Za ve\u010d informacij o na\u0161ih izdelkih in storitvah nas kontaktirajte \u0161e danes.<\/p>\n<h2>Pogosta vpra\u0161anja<\/h2>\n<h3>V: Ali ste trgovsko podjetje ali proizvajalec?<\/h3>\n<p>A: Smo tovarna, ki proizvaja na\u0161e izdelke.<\/p>\n<h3>V: Koliko \u010dasa traja va\u0161a dobavni rok?<\/h3>\n<p>A: Na splo\u0161no je na\u0161 dobavni rok 25-35 dni.<\/p>\n<h3>V: Ali ponujate vzorce?<\/h3>\n<p>O: Da, nudimo vzorce, vendar niso brezpla\u010dni.<\/p>\n<p><img decoding=\"async\" title=\"Hidravli\u010dni cilinder za sne\u017eni plug\" src=\"https:\/\/hzpt.com\/wp-content\/uploads\/2023\/11\/Snow-Plow-Hydraulic-Cylinder-3.webp\" alt=\"Hidravli\u010dni cilinder za sne\u017eni plug\" \/><\/p>\n<p>Avtor: CX<\/p>","protected":false},"excerpt":{"rendered":"<p>Nov hidravli\u010dni oljni valj iz nerjave\u010dega jekla za sne\u017eni plug Nov hidravli\u010dni oljni valj iz nerjave\u010dega jekla za sne\u017eni plug je vrhunski izdelek, zasnovan posebej za sne\u017ene pluge. Ta hidravli\u010dni oljni valj, izdelan iz visokokakovostnega nerjave\u010dega jekla, ponuja izjemno vzdr\u017eljivost in dolgo \u017eivljenjsko dobo, kar zagotavlja, da lahko prenese tudi najzahtevnej\u0161e zimske razmere. Opremljen je z naprednim hidravli\u010dnim [\u2026]<\/p>","protected":false},"featured_media":1493,"comment_status":"closed","ping_status":"closed","template":"","meta":{"_et_pb_use_builder":"","_et_pb_old_content":"","_et_gb_content_width":""},"product_brand":[],"product_cat":[42],"product_tag":[34,44],"class_list":{"0":"post-1492","1":"product","2":"type-product","3":"status-publish","4":"has-post-thumbnail","6":"product_cat-snow-plow-hydraulic-cylinder","7":"product_tag-hydraulic-cylinder","8":"product_tag-snow-plow-hydraulic-cylinder","10":"first","11":"instock","12":"product-type-simple"},"_links":{"self":[{"href":"https:\/\/fmp-components.com\/sl\/wp-json\/wp\/v2\/product\/1492","targetHints":{"allow":["GET"]}}],"collection":[{"href":"https:\/\/fmp-components.com\/sl\/wp-json\/wp\/v2\/product"}],"about":[{"href":"https:\/\/fmp-components.com\/sl\/wp-json\/wp\/v2\/types\/product"}],"replies":[{"embeddable":true,"href":"https:\/\/fmp-components.com\/sl\/wp-json\/wp\/v2\/comments?post=1492"}],"wp:featuredmedia":[{"embeddable":true,"href":"https:\/\/fmp-components.com\/sl\/wp-json\/wp\/v2\/media\/1493"}],"wp:attachment":[{"href":"https:\/\/fmp-components.com\/sl\/wp-json\/wp\/v2\/media?parent=1492"}],"wp:term":[{"taxonomy":"product_brand","embeddable":true,"href":"https:\/\/fmp-components.com\/sl\/wp-json\/wp\/v2\/product_brand?post=1492"},{"taxonomy":"product_cat","embeddable":true,"href":"https:\/\/fmp-components.com\/sl\/wp-json\/wp\/v2\/product_cat?post=1492"},{"taxonomy":"product_tag","embeddable":true,"href":"https:\/\/fmp-components.com\/sl\/wp-json\/wp\/v2\/product_tag?post=1492"}],"curies":[{"name":"delovni list","href":"https:\/\/api.w.org\/{rel}","templated":true}]}}