{"id":1490,"date":"2024-12-23T05:50:37","date_gmt":"2024-12-23T05:50:37","guid":{"rendered":"https:\/\/fmp-components.com\/product\/competitive-price-piston-hydraulic-cylinder-double-acting\/"},"modified":"2024-12-23T06:14:10","modified_gmt":"2024-12-23T06:14:10","slug":"competitive-price-piston-hydraulic-cylinder-double-acting","status":"publish","type":"product","link":"https:\/\/fmp-components.com\/sl\/product\/competitive-price-piston-hydraulic-cylinder-double-acting\/","title":{"rendered":"Konkuren\u010dna cena batni hidravli\u010dni cilinder z dvojnim delovanjem"},"content":{"rendered":"<h2>Predstavljamo konkuren\u010dno ceno batni hidravli\u010dni cilinder z dvojnim delovanjem:<\/h2>\n<p>Dvosmerno delujo\u010di batni hidravli\u010dni cilinder po konkuren\u010dni ceni je visokokakovosten izdelek, zasnovan za razli\u010dne industrijske aplikacije. Ta hidravli\u010dni cilinder je izdelan z uporabo napredne tehnologije in vrhunskih materialov, kar zagotavlja vzdr\u017eljivost in zanesljivost.<\/p>\n<p>Ta hidravli\u010dni cilinder z batno zasnovo ponuja gladko in natan\u010dno gibanje, kar omogo\u010da u\u010dinkovito in uspe\u0161no delovanje. Zasnovan je za dvojno delovanje, kar omogo\u010da izvajanje sile v obe smeri, kar pove\u010duje produktivnost in vsestranskost.<\/p>\n<p>S svojo konkuren\u010dno ceno ta hidravli\u010dni cilinder ponuja odli\u010dno razmerje med ceno in kakovostjo. Ponuja vrhunsko zmogljivost in vzdr\u017eljivost, zaradi \u010desar je stro\u0161kovno u\u010dinkovita izbira za podjetja vseh velikosti. Ne glede na to, ali se uporablja v gradbeni\u0161tvu, kmetijstvu ali proizvodnji, je ta hidravli\u010dni cilinder izdelan tako, da prenese zahtevne pogoje in zagotavlja izjemne rezultate.<\/p>\n<p><img decoding=\"async\" title=\"Hidravli\u010dni cilinder za sne\u017eni plug\" src=\"https:\/\/hzpt.com\/wp-content\/uploads\/2023\/11\/Snow-Plow-Hydraulic-Cylinder-2.webp\" alt=\"Hidravli\u010dni cilinder za sne\u017eni plug\" \/><\/p>\n<p>Dvosmerno delujo\u010di batni hidravli\u010dni cilinder po konkuren\u010dni ceni je enostaven za namestitev in vzdr\u017eevanje, kar zmanj\u0161uje \u010das izpada in pove\u010duje produktivnost. Zdru\u017eljiv je z razli\u010dnimi hidravli\u010dnimi sistemi in ga je mogo\u010de brezhibno integrirati v obstoje\u010do opremo.<\/p>\n<p>Skratka, konkuren\u010dna cena batni hidravli\u010dni cilinder z dvojnim delovanjem je zanesljiva in u\u010dinkovita re\u0161itev za va\u0161e hidravli\u010dne potrebe. Zaradi konkuren\u010dne cene je v kombinaciji z visokokakovostno izdelavo in zmogljivostjo odli\u010dna izbira za podjetja, ki \u017eelijo izbolj\u0161ati svoje poslovanje. Investirajte v ta hidravli\u010dni cilinder \u0161e danes in izkusite izbolj\u0161ano produktivnost in stro\u0161kovno u\u010dinkovitost. \u010ce i\u0161\u010dete trpe\u017een in u\u010dinkovit batni hidravli\u010dni cilinder, ste na pravem mestu. Ta dvosmerni hidravli\u010dni cilinder je na voljo po konkuren\u010dni ceni, kar zagotavlja najbolj\u0161e razmerje med ceno in kakovostjo. Zaradi edinstvene zasnove in konstrukcije je primeren za razli\u010dna podro\u010dja, vklju\u010dno s strojnimi delavnicami, kmetijstvom, energetiko in rudarstvom ter strojegradnjo in tovarnami.<\/p>\n<h2>Specifikacije izdelka<\/h2>\n<p>Ta novi batni hidravli\u010dni cilinder ima enoletno garancijo, ki obljublja zanesljivo delovanje in vzdr\u017eljivost. Cilinder ima standardno strukturo, hidravli\u010dno gnan in izdelan iz robustnega jeklenega ohi\u0161ja. To zagotavlja, da lahko prenese intenzivno uporabo, ne da bi pri tem ogrozil svojo u\u010dinkovitost in dolgo \u017eivljenjsko dobo.<\/p>\n<h3>Osnovne komponente<\/h3>\n<p>Osrednji sestavni deli tega hidravli\u010dnega cilindra sta le\u017eaj in sam hidravli\u010dni cilinder. To so klju\u010dni deli, ki igrajo pomembno vlogo pri celotni funkcionalnosti in u\u010dinkovitosti opreme.<\/p>\n<h3>Mo\u010d in zmogljivost<\/h3>\n<p>Hidravli\u010dni cilinder se pona\u0161a z najve\u010djim potisnim tlakom 3000 in najve\u010djo vle\u010dno zmogljivostjo 20 ton, kar zagotavlja enostavno prena\u0161anje te\u017ekih bremen. Primeren je za uporabo kot hidravli\u010dni cilinder za sne\u017eni plug, zaradi \u010desar je vsestransko orodje za vrsto aplikacij.<\/p>\n<h3>Velikost in oblika<\/h3>\n<p>Cilinder ima izvrtino od 2 do 6 palcev (5\u201315 cm), palico od 1,125 do 4 palce (3,8\u201310 cm), hod od 4 do 100 palcev (10\u201326 cm) in zati\u010d od 0,5 do 2 palca (0,5\u20135 cm). Zasnovan je s priklju\u010dki G\/SAE\/NPT\/M in je na voljo v elegantni \u010drni barvi.<\/p>\n<h2>Prednosti nastavljivih cilindrov tipa Clevis<\/h2>\n<p>Nastavljivi cilindri z vidno glavo, kot je na primer cenovno ugoden batni hidravli\u010dni cilinder z dvojnim delovanjem, ponujajo \u0161tevilne prednosti v razli\u010dnih aplikacijah. Ti cilindri so zasnovani z mislijo na natan\u010dnost in u\u010dinkovitost, kar omogo\u010da optimalno delovanje in vsestranskost. Spodaj je navedenih nekaj klju\u010dnih prednosti uporabe nastavljivih cilindrov z vidno glavo:<\/p>\n<h3>1. Izbolj\u0161ana prilagodljivost<\/h3>\n<p>Ena glavnih prednosti nastavljivih cilindrov z vidno glavo je njihova sposobnost zagotavljanja ve\u010dje fleksibilnosti v razli\u010dnih obratovalnih pogojih. Zasnova nastavljive vidne glave omogo\u010da enostavno prilagajanje in nastavitev dol\u017eine hoda, kar omogo\u010da, da se cilindru prilagodijo specifi\u010dnim zahtevam. Ta fleksibilnost zagotavlja, da se lahko cilinder uporablja v \u0161irokem naboru aplikacij, zaradi \u010desar je vsestranska izbira za razli\u010dne panoge.<\/p>\n<h3>2. Vrhunska nosilnost<\/h3>\n<p>Druga pomembna prednost nastavljivih cilindrov z vidno glavo je njihova vrhunska nosilnost. Ti cilindri so zasnovani za prena\u0161anje te\u017ekih bremen in zagotavljajo izjemno silo. Zlasti cenovno konkuren\u010den batni hidravli\u010dni cilinder z dvojnim delovanjem je sposoben ustvariti velike sile tako pri iztegovanju kot pri umikanju, zaradi \u010desar je idealen za aplikacije, ki zahtevajo veliko mo\u010d in u\u010dinkovitost.<\/p>\n<h3>3. Natan\u010dno pozicioniranje<\/h3>\n<p>Nastavljivi cilindri z vili\u010dasto glavo so znani po svojih natan\u010dnih pozicioniranjih. Uporaba napredne hidravli\u010dne tehnologije omogo\u010da natan\u010dne in nadzorovane gibe, kar zagotavlja, da lahko valj dose\u017ee natan\u010dno linearno gibanje. Ta raven natan\u010dnosti je klju\u010dnega pomena v aplikacijah, kjer je potrebno natan\u010dno pozicioniranje, na primer v robotiki, avtomatizaciji in sistemih za ravnanje z materiali.<\/p>\n<h3>4. Vzdr\u017eljivost in dolgo\u017eivost<\/h3>\n<p>Nastavljivi cilindri z vidno glavo so izdelani iz visokokakovostnih materialov in so podvr\u017eeni strogim testiranjem, da se zagotovi vzdr\u017eljivost in dolgo \u017eivljenjsko dobo. Cenovno konkuren\u010dni batni hidravli\u010dni cilinder z dvojnim delovanjem je izdelan tako, da prenese te\u017eke obratovalne pogoje in zahtevne aplikacije. Robustna konstrukcija cilindra in zanesljiv tesnilni sistem prispevata k njegovi dalj\u0161i \u017eivljenjski dobi, kar zmanj\u0161uje potrebe po vzdr\u017eevanju in skupne stro\u0161ke.<\/p>\n<h3>5. U\u010dinkovita poraba energije<\/h3>\n<p>U\u010dinkovita poraba energije je klju\u010dna prednost nastavljivih cilindrov z vidno glavo. Ti cilindri so zasnovani tako, da zmanj\u0161ajo izgube energije in optimizirajo porabo energije, kar ima za posledico izbolj\u0161ano splo\u0161no u\u010dinkovitost. Napredna hidravli\u010dna zasnova in natan\u010dni krmilni mehanizmi cenovno konkuren\u010dnega batnega hidravli\u010dnega cilindra z dvojnim delovanjem prispevajo k njegovim zmogljivostim var\u010devanja z energijo, zaradi \u010desar je stro\u0161kovno u\u010dinkovita izbira za dolgoro\u010dno uporabo.<\/p>\n<h3>6. Enostavna namestitev in vzdr\u017eevanje<\/h3>\n<p>Nastavljivi cilindri z vili\u010dasto glavo so zasnovani za enostavno namestitev in vzdr\u017eevanje. Njihova kompaktna zasnova in standardizirane mo\u017enosti monta\u017ee poenostavljajo postopek namestitve in skraj\u0161ujejo \u010das izpada. Poleg tega modularna konstrukcija cilindra omogo\u010da enostaven dostop do notranjih komponent, kar omogo\u010da hitro in brezskrbno vzdr\u017eevanje.<\/p>\n<p>Skratka, nastavljivi cilindri z vidno glavo, kot je na primer cenovno ugoden batni hidravli\u010dni cilinder z dvojnim delovanjem, ponujajo \u0161tevilne prednosti v \u0161irokem naboru uporab. Zaradi svoje izbolj\u0161ane fleksibilnosti, vrhunske nosilnosti, natan\u010dnih pozicionirnih zmogljivosti, vzdr\u017eljivosti, u\u010dinkovite porabe energije ter enostavne namestitve in vzdr\u017eevanja so za\u017eelena izbira za panoge, ki i\u0161\u010dejo zanesljive in visokozmogljive hidravli\u010dne re\u0161itve.<\/p>\n<h3>O hidravli\u010dnem cilindru FMP<\/h3>\n<p>FMP je vodilno podjetje v Italiji, specializirano za prodajo in servis delov in celotnih strojev za gradbeno mehanizacijo. Na\u0161 hidravli\u010dni cilinder je eden na\u0161ih najbolje prodajanih izdelkov in ponosni smo na njegovo vrhunsko kakovost in funkcionalnost. Tukaj je pet razlogov, zakaj bi morali izbrati hidravli\u010dni cilinder FMP:<\/p>\n<ol>\n<li><strong>Vrhunska kakovost:<\/strong> Hidravli\u010dni cilinder FMP je izdelan iz visokokakovostnih materialov, ki zagotavljajo vzdr\u017eljivost in zanesljivost. Materiale dobavljamo od zaupanja vrednih dobaviteljev, ki izpolnjujejo na\u0161e stroge standarde kakovosti, s \u010dimer zagotavljamo najvi\u0161jo kakovost na\u0161ih izdelkov.<\/li>\n<li><strong>Razli\u010dne specifikacije:<\/strong> Na\u0161i hidravli\u010dni cilindri so na voljo v razli\u010dnih velikostih in specifikacijah, da ustrezajo va\u0161im specifi\u010dnim potrebam. Ponujamo \u0161iroko paleto izdelkov, vklju\u010dno z nastavljivimi cilindri z vidno glavo, hidravli\u010dnimi cilindri z vezno palico in varjenimi hidravli\u010dnimi cilindri.<\/li>\n<li><strong>Strokovno svetovanje:<\/strong> Na\u0161a izku\u0161ena prodajna ekipa ima znanje o gradbeni mehanizaciji in vam lahko nudi strokovno svetovanje o izdelkih. Pomagamo vam lahko dolo\u010diti, kateri hidravli\u010dni cilinder je primeren za va\u0161 projekt, s \u010dimer zagotovimo, da se boste informirano odlo\u010dili.<\/li>\n<li><strong>U\u010dinkovita logistika:<\/strong> Razumemo, da je \u010das bistvenega pomena, zato imamo vzpostavljen u\u010dinkovit logisti\u010dni distribucijski sistem. Zagotavljamo vam pravo\u010dasno in natan\u010dno dostavo va\u0161ega hidravli\u010dnega cilindra.<\/li>\n<li><strong>Odli\u010dna storitev za stranke:<\/strong> V podjetju FMP cenimo svoje stranke in si prizadevamo zagotavljati odli\u010dno storitev za stranke. Zavezani smo k izpolnjevanju in preseganju va\u0161ih pri\u010dakovanj ter smo vam vedno pripravljeni pomagati pri vseh vpra\u0161anjih ali pomislekih.<\/li>\n<\/ol>\n<p>Pri FMP smo ponosni, da svojim strankam zagotavljamo visokokakovostne in zanesljive re\u0161itve za hidravli\u010dne cilindre. Na\u0161e izdelke in storitve podpirajo dolgoletne izku\u0161nje v panogi in profesionalna ekipa. Izberite hidravli\u010dni cilinder FMP za svoj naslednji projekt in izkusite razliko.<\/p>\n<p><img decoding=\"async\" src=\"https:\/\/fmp-components.com\/wp-content\/uploads\/2024\/12\/Adjustable-Clevis-Type-Cylinders-6.webp\" alt=\"Nastavljiv valj tipa Clevis\" width=\"823\" title=\"\"><\/p>\n<h2>Zakaj izbrati na\u0161 batni hidravli\u010dni cilinder?<\/h2>\n<p>Na\u0161 batni hidravli\u010dni valj z dvojnim delovanjem ponuja konkuren\u010dno ceno brez kompromisov glede kakovosti in zanesljivosti izdelka. Predani smo izpolnjevanju potreb na\u0161ih strank in jim zagotavljamo izdelke, ki so trpe\u017eni, u\u010dinkoviti in zanesljivi.<\/p>\n<p>Vabimo vas, da razi\u0161\u010dete na\u0161 izdelek in se sami prepri\u010date o tem, kak\u0161no razliko lahko prinese v va\u0161e poslovanje. Z na\u0161imi konkuren\u010dnimi cenami in visokokakovostnimi izdelki smo prepri\u010dani, da boste na\u0161li vrednost in zmogljivost, ki jo i\u0161\u010dete.<\/p>\n<h2>Pogosto zastavljena vpra\u0161anja<\/h2>\n<h3>V: Koliko \u010dasa traja dobavni rok?<\/h3>\n<p>A: Tipi\u010dni dobavni rok je 25-35 dni.<\/p>\n<h3>V: Ali ponujate vzorce? Je to brezpla\u010dno ali dodatno?<\/h3>\n<p>O: Da, nudimo vzorce, vendar niso brezpla\u010dni.<\/p>\n<h3>V: Ali lahko izdelujete po vzorcih?<\/h3>\n<p>A: Da, lahko izdelamo na podlagi va\u0161ih vzorcev ali tehni\u010dnih risb. Prav tako imamo mo\u017enost izdelave kalupov in vpenjalnih elementov.<\/p>\n<p><img decoding=\"async\" title=\"Hidravli\u010dni cilinder za sne\u017eni plug\" src=\"https:\/\/hzpt.com\/wp-content\/uploads\/2023\/11\/Snow-Plow-Hydraulic-Cylinder-3.webp\" alt=\"Hidravli\u010dni cilinder za sne\u017eni plug\" \/><\/p>\n<p>Avtor: CX<\/p>","protected":false},"excerpt":{"rendered":"<p>Introducing Competitive Price Piston Hydraulic Cylinder Double Acting: The Competitive Price Piston Hydraulic Cylinder Double Acting is a high-quality product designed for various industrial applications. This hydraulic cylinder is manufactured using advanced technology and premium materials, ensuring durability and reliability. Featuring a piston design, this hydraulic cylinder offers smooth and precise movement, allowing for efficient [&hellip;]<\/p>","protected":false},"featured_media":1491,"comment_status":"closed","ping_status":"closed","template":"","meta":{"_et_pb_use_builder":"","_et_pb_old_content":"","_et_gb_content_width":""},"product_brand":[],"product_cat":[42],"product_tag":[34,44],"class_list":{"0":"post-1490","1":"product","2":"type-product","3":"status-publish","4":"has-post-thumbnail","6":"product_cat-snow-plow-hydraulic-cylinder","7":"product_tag-hydraulic-cylinder","8":"product_tag-snow-plow-hydraulic-cylinder","10":"first","11":"instock","12":"product-type-simple"},"_links":{"self":[{"href":"https:\/\/fmp-components.com\/sl\/wp-json\/wp\/v2\/product\/1490","targetHints":{"allow":["GET"]}}],"collection":[{"href":"https:\/\/fmp-components.com\/sl\/wp-json\/wp\/v2\/product"}],"about":[{"href":"https:\/\/fmp-components.com\/sl\/wp-json\/wp\/v2\/types\/product"}],"replies":[{"embeddable":true,"href":"https:\/\/fmp-components.com\/sl\/wp-json\/wp\/v2\/comments?post=1490"}],"wp:featuredmedia":[{"embeddable":true,"href":"https:\/\/fmp-components.com\/sl\/wp-json\/wp\/v2\/media\/1491"}],"wp:attachment":[{"href":"https:\/\/fmp-components.com\/sl\/wp-json\/wp\/v2\/media?parent=1490"}],"wp:term":[{"taxonomy":"product_brand","embeddable":true,"href":"https:\/\/fmp-components.com\/sl\/wp-json\/wp\/v2\/product_brand?post=1490"},{"taxonomy":"product_cat","embeddable":true,"href":"https:\/\/fmp-components.com\/sl\/wp-json\/wp\/v2\/product_cat?post=1490"},{"taxonomy":"product_tag","embeddable":true,"href":"https:\/\/fmp-components.com\/sl\/wp-json\/wp\/v2\/product_tag?post=1490"}],"curies":[{"name":"delovni list","href":"https:\/\/api.w.org\/{rel}","templated":true}]}}