{"id":1488,"date":"2024-12-23T05:50:37","date_gmt":"2024-12-23T05:50:37","guid":{"rendered":"https:\/\/fmp-components.com\/product\/customized-double-effect-stainless-steel-hydraulic-ram-cylinder\/"},"modified":"2025-05-10T12:28:50","modified_gmt":"2025-05-10T12:28:50","slug":"customized-double-effect-stainless-steel-hydraulic-ram-cylinder","status":"publish","type":"product","link":"https:\/\/fmp-components.com\/sl\/product\/customized-double-effect-stainless-steel-hydraulic-ram-cylinder\/","title":{"rendered":"Prilagojen hidravli\u010dni valj iz nerjave\u010dega jekla z dvojnim u\u010dinkom"},"content":{"rendered":"<h2>Prilagojen hidravli\u010dni valj iz nerjave\u010dega jekla z dvojnim u\u010dinkom<\/h2>\n<p>Predstavljamo vam prilagojen hidravli\u010dni cilinder iz nerjave\u010dega jekla z dvojnim u\u010dinkom:<\/p>\n<p>Hidravli\u010dni cilinder iz nerjave\u010dega jekla z dvojnim u\u010dinkom po meri je visokokakovosten izdelek, zasnovan za optimalno delovanje v razli\u010dnih industrijskih aplikacijah. Ta hidravli\u010dni cilinder je izdelan iz trpe\u017enega nerjave\u010dega jekla, kar zagotavlja njegovo dolgo \u017eivljenjsko dobo in odpornost proti koroziji.<\/p>\n<p>Z dvojno zasnovo ta valj zagotavlja u\u010dinkovito in zanesljivo delovanje. Funkcija dvojnega delovanja omogo\u010da tako iztegovanje kot umikanje bata, kar pove\u010da produktivnost in zmanj\u0161a \u010das izpada. Zaradi tega je idealna izbira za zahtevna opravila, ki zahtevajo natan\u010den nadzor in nemoteno delovanje.<\/p>\n<p>Hidravli\u010dni cilinder z dvojnim u\u010dinkom iz nerjave\u010dega jekla po meri je zasnovan za izjemno delovanje pod visokim tlakom. Njegova robustna konstrukcija in napredna tehnologija tesnjenja zagotavljata minimalno pu\u0161\u010danje in ve\u010djo varnost med delovanjem.<\/p>\n<p>Ta hidravli\u010dni cilinder je zelo prilagodljiv specifi\u010dnim zahtevam. Na voljo je v razli\u010dnih velikostih in dol\u017einah hoda, kar omogo\u010da enostavno integracijo v razli\u010dne hidravli\u010dne sisteme. Poleg tega ga je mogo\u010de prilagoditi specifi\u010dnim tla\u010dnim in temperaturnim obmo\u010djem, zaradi \u010desar je primeren za \u0161irok spekter uporabe v razli\u010dnih panogah.<\/p>\n<p>Skratka, prilagojeni hidravli\u010dni cilinder iz nerjave\u010dega jekla z dvojnim u\u010dinkom ponuja vzdr\u017eljivost, u\u010dinkovitost in vsestranskost. Zaradi vrhunske zmogljivosti in prilagodljivih funkcij je idealna izbira za industrijske aplikacije, kjer sta zanesljivost in natan\u010dnost najpomembnej\u0161i.<\/p>\n<h2>Prilagojen hidravli\u010dni cilinder iz nerjave\u010dega jekla z dvojnim u\u010dinkom za te\u017eke stroje<\/h2>\n<p>Predstavljamo vam nov in napreden, prilagojen hidravli\u010dni cilinder iz nerjave\u010dega jekla z dvojnim u\u010dinkom, ki je najbolj\u0161a re\u0161itev za va\u0161e potrebe te\u017ekih strojev. Ta najsodobnej\u0161i hidravli\u010dni cilinder je izdelan iz vrhunskega jekla, kar zagotavlja maksimalno vzdr\u017eljivost in u\u010dinkovitost. Njegova funkcionalnost dvojnega u\u010dinka omogo\u010da nemoteno delovanje v delavnicah za popravilo strojev, na kmetijah, v energetskem in rudarskem sektorju, proizvodnji strojev in tovarnah.<\/p>\n<h2>Poudarki izdelka<\/h2>\n<ul>\n<li>Stanje: \u010cisto novo<\/li>\n<li>Garancija: 1 leto<\/li>\n<li>Te\u017ea: 11 kg<\/li>\n<li>Najve\u010dji potisk: 3000<\/li>\n<li>Tip: Hidravli\u010dni cilindri za sne\u017eni plug<\/li>\n<li>Najve\u010dja vle\u010dna sila: 20 ton<\/li>\n<li>Certifikat: ISO9001:2000<\/li>\n<li>Barva: \u010drna<\/li>\n<\/ul>\n<h2>Neprimerljiva kakovost in u\u010dinkovitost<\/h2>\n<p>Na\u0161 prilagojeni hidravli\u010dni cilinder iz nerjave\u010dega jekla z dvojnim u\u010dinkom ima impresivno 1-letno garancijo, ki zagotavlja, da boste za svoj denar dobili najbolj\u0161e razmerje med ceno in kakovostjo. Njegove glavne komponente so le\u017eaj in hidravli\u010dni cilinder, zaradi \u010desar gre za standardno batnico. Ta izdelek ponuja tudi najve\u010dji potisk 3000, zaradi \u010desar je zanesljiva izbira za te\u017eka dela.<\/p>\n<h2>Prednosti nastavljivih cilindrov tipa Clevis<\/h2>\n<p>Nastavljivi cilindri z vidno glavo, znani tudi kot hidravli\u010dni cilindri, so klju\u010dni sestavni del v razli\u010dnih panogah, ki se zana\u0161ajo na te\u017eke stroje in opremo. Ti cilindri ponujajo ve\u010d prednosti pred drugimi vrstami cilindrov, zaradi \u010desar so priljubljena izbira za \u0161tevilne aplikacije. V tej objavi na blogu bomo podrobneje raziskali prednosti nastavljivih cilindrov z vidno glavo.<\/p>\n<h3>1. Izbolj\u0161ana prilagodljivost in prilagoditev<\/h3>\n<p>Ena klju\u010dnih prednosti nastavljivih cilindrov z vidno glavo je njihova ve\u010dja fleksibilnost in mo\u017enosti prilagajanja. Ti cilindri so zasnovani tako, da so nastavljivi, kar omogo\u010da natan\u010dno pozicioniranje in poravnavo v razli\u010dnih aplikacijah. Ta funkcija nastavljivosti omogo\u010da operaterjem, da optimizirajo delovanje in u\u010dinkovitost strojev, ki jih uporabljajo, kar ima za posledico ve\u010djo produktivnost in kraj\u0161i \u010das izpada.<\/p>\n<p>Prilagoditev je \u0161e ena pomembna prednost nastavljivih cilindrov z vidno glavo. Te cilindre je mogo\u010de prilagoditi specifi\u010dnim zahtevam, kot so velikost, dol\u017eina hoda in mo\u017enosti monta\u017ee. Mo\u017enost prilagoditve cilindra zagotavlja zdru\u017eljivost z razli\u010dno opremo in sistemi, zaradi \u010desar je vsestranska izbira za razli\u010dne panoge.<\/p>\n<h3>2. Zasnova z dvojnim u\u010dinkom za u\u010dinkovito delovanje<\/h3>\n<p>Nastavljivi cilindri z vidno glavo so obi\u010dajno zasnovani z mehanizmom z dvojnim u\u010dinkom, ki omogo\u010da u\u010dinkovito delovanje in izbolj\u0161ano zmogljivost. Ta zasnova omogo\u010da tako iztegovanje kot vle\u010denje cilindra, kar zagotavlja uravnote\u017eeno in nadzorovano gibanje. Zasnova z dvojnim u\u010dinkom odpravlja potrebo po zunanjih silah ali ro\u010dnih nastavitvah, zaradi \u010desar je valj zanesljivej\u0161i in la\u017eji za upravljanje.<\/p>\n<p>Poleg tega dvojna zasnova teh cilindrov zagotavlja ve\u010djo izhodno silo v primerjavi z enojnimi cilindri. Zaradi te pove\u010dane sile so nastavljivi cilindri z vili\u010dasto glavo primerni za te\u017eka dela, ki zahtevajo dvigovanje ali potiskanje znatnih bremen. U\u010dinkovito delovanje teh cilindrov pove\u010duje splo\u0161no produktivnost in zagotavlja uspe\u0161no opravljanje zahtevnih nalog.<\/p>\n<h3>3. Visokokakovostna konstrukcija iz nerjave\u010dega jekla<\/h3>\n<p>Nastavljivi cilindri z vili\u010dasto glavo so izdelani iz visokokakovostnega nerjave\u010dega jekla, ki ponuja \u0161tevilne prednosti glede vzdr\u017eljivosti in odpornosti proti koroziji. Nerjave\u010de jeklo je znano po svoji izjemni trdnosti in odpornosti proti obrabi, zaradi \u010desar je idealno za zahtevna delovna okolja.<\/p>\n<p>Z uporabo nerjave\u010dega jekla pri izdelavi nastavljivih cilindrov z vidno glavo proizvajalci zagotavljajo, da ti cilindri prenesejo te\u017eke pogoje, kot so ekstremne temperature, izpostavljenost kemikalijam in mo\u010dne vibracije. Ta vzdr\u017eljivost podalj\u0161a \u017eivljenjsko dobo cilindrov in zmanj\u0161a potrebe po vzdr\u017eevanju, kar povzro\u010di prihranek stro\u0161kov za upravljavce.<\/p>\n<h3>4. Izbolj\u0161ana varnost in zanesljivost<\/h3>\n<p>Nastavljivi cilindri z vili\u010dasto glavo dajejo prednost varnosti in zanesljivosti, zaradi \u010desar so priljubljena izbira v kriti\u010dnih aplikacijah. Ti cilindri so zasnovani z naprednimi varnostnimi funkcijami, kot sta za\u0161\u010dita pred preobremenitvijo in mehanizmi za zaustavitev v sili, da se prepre\u010dijo nesre\u010de in po\u0161kodbe opreme.<\/p>\n<p>Poleg tega natan\u010den nadzor in pozicioniranje, ki ga omogo\u010dajo nastavljivi cilindri z vidno glavo, prispevata k splo\u0161ni varnosti strojev. Upravljavci lahko natan\u010dno prilagodijo dol\u017eino in hitrost giba cilindra, kar zagotavlja gladke in nadzorovane gibe. Ta raven nadzora zmanj\u0161uje tveganje nenadnih sunkov ali nepri\u010dakovanih gibov, ki bi lahko ogrozili varnost upravljavcev in okoli\u0161kega osebja.<\/p>\n<p>Skratka, prednosti nastavljivih cilindrov z vili\u010dasto glavo jih delajo odli\u010dno izbiro za razli\u010dne panoge. Prilagodljivost, mo\u017enosti prilagajanja, u\u010dinkovito delovanje, visokokakovostna izdelava in izbolj\u0161ana varnost, ki jih ponujajo, prispevajo k izbolj\u0161ani zmogljivosti opreme, produktivnosti in splo\u0161ni operativni u\u010dinkovitosti. S svojimi edinstvenimi lastnostmi in zmogljivostmi so nastavljivi cilindri z vili\u010dasto glavo dragocena komponenta v sodobni industrijski krajini.<\/p>\n<h3>O hidravli\u010dnem cilindru FMP<\/h3>\n<p>FMP je vodilni dobavitelj visokokakovostnih hidravli\u010dnih cilindrov za gradbeno mehanizacijo. Na\u0161i izdelki so znani po svoji vzdr\u017eljivosti, zanesljivosti in odli\u010dni zmogljivosti. Tukaj je nekaj razlogov, zakaj bi morali izbrati hidravli\u010dni cilinder FMP za svoje potrebe po gradbeni mehanizaciji:<\/p>\n<p>1. Kakovost: Na\u0161i hidravli\u010dni cilindri so izdelani iz visokokakovostnih materialov, ki zagotavljajo njihovo dolgotrajno vzdr\u017eljivost in vrhunsko delovanje.<\/p>\n<p>2. \u0160iroka paleta izdelkov: FMP ponuja razli\u010dne hidravli\u010dne cilindre za razli\u010dne vrste gradbenih strojev, vklju\u010dno z nastavljivimi cilindri z vidno glavo (glejte sliko spodaj), cilindri z vezno palico, varjenimi cilindri in \u0161tevilnimi drugimi.<\/p>\n<p><img decoding=\"async\" src=\"https:\/\/fmp-components.com\/wp-content\/uploads\/2024\/12\/Adjustable-Clevis-Type-Cylinders-6.webp\" alt=\"Nastavljiv valj tipa Clevis\" width=\"822\" title=\"\"><\/p>\n<p>3. Konkuren\u010dne cene: FMP ponuja svoje izdelke po zelo konkuren\u010dnih cenah, zaradi \u010desar so dostopni \u0161irokemu krogu strank.<\/p>\n<p>4. Strokovna ekipa: Na\u0161a izku\u0161ena prodajna ekipa je dobro seznanjena z gradbeno mehanizacijo in lahko strankam nudi strokovne nasvete in podporo.<\/p>\n<p>5. U\u010dinkovita logistika: Imamo dobro uveljavljen logisti\u010dni distribucijski sistem, ki zagotavlja pravo\u010dasno in natan\u010dno dostavo izdelkov strankam.<\/p>\n<p>Skratka, hidravli\u010dni cilinder FMP je zanesljiva in zaupanja vredna izbira za vse va\u0161e potrebe po gradbeni mehanizaciji. Za ve\u010d informacij o na\u0161ih izdelkih in storitvah nas kontaktirajte \u0161e danes.<\/p>\n<h2>Pogosta vpra\u0161anja<\/h2>\n<h3>V: Ali ste trgovsko podjetje ali proizvajalec?<\/h3>\n<p>A: Smo tovarna, specializirana za proizvodnjo hidravli\u010dnih cilindrov in delov kmetijske mehanizacije.<\/p>\n<h3>V: Koliko \u010dasa traja va\u0161a dobavni rok?<\/h3>\n<p>A: Na splo\u0161no je na\u0161 dobavni rok med 25 in 35 dnevi.<\/p>\n<h3>V: Ali ponujate vzorce?<\/h3>\n<p>O: Da, nudimo vzorce, vendar niso brezpla\u010dni.<\/p>\n<p>Avtor: CX<\/p>","protected":false},"excerpt":{"rendered":"<p>Customized Double Effect Stainless Steel Hydraulic Ram Cylinder Introducing the Customized Double Effect Stainless Steel Hydraulic Ram Cylinder: The Customized Double Effect Stainless Steel Hydraulic Ram Cylinder is a high-quality product designed for optimal performance in various industrial applications. This hydraulic ram cylinder is manufactured using durable stainless steel, ensuring its longevity and resistance to [&hellip;]<\/p>","protected":false},"featured_media":1489,"comment_status":"closed","ping_status":"closed","template":"","meta":{"_et_pb_use_builder":"","_et_pb_old_content":"","_et_gb_content_width":""},"product_brand":[],"product_cat":[42],"product_tag":[34,44],"class_list":{"0":"post-1488","1":"product","2":"type-product","3":"status-publish","4":"has-post-thumbnail","6":"product_cat-snow-plow-hydraulic-cylinder","7":"product_tag-hydraulic-cylinder","8":"product_tag-snow-plow-hydraulic-cylinder","10":"first","11":"instock","12":"product-type-simple"},"_links":{"self":[{"href":"https:\/\/fmp-components.com\/sl\/wp-json\/wp\/v2\/product\/1488","targetHints":{"allow":["GET"]}}],"collection":[{"href":"https:\/\/fmp-components.com\/sl\/wp-json\/wp\/v2\/product"}],"about":[{"href":"https:\/\/fmp-components.com\/sl\/wp-json\/wp\/v2\/types\/product"}],"replies":[{"embeddable":true,"href":"https:\/\/fmp-components.com\/sl\/wp-json\/wp\/v2\/comments?post=1488"}],"wp:featuredmedia":[{"embeddable":true,"href":"https:\/\/fmp-components.com\/sl\/wp-json\/wp\/v2\/media\/1489"}],"wp:attachment":[{"href":"https:\/\/fmp-components.com\/sl\/wp-json\/wp\/v2\/media?parent=1488"}],"wp:term":[{"taxonomy":"product_brand","embeddable":true,"href":"https:\/\/fmp-components.com\/sl\/wp-json\/wp\/v2\/product_brand?post=1488"},{"taxonomy":"product_cat","embeddable":true,"href":"https:\/\/fmp-components.com\/sl\/wp-json\/wp\/v2\/product_cat?post=1488"},{"taxonomy":"product_tag","embeddable":true,"href":"https:\/\/fmp-components.com\/sl\/wp-json\/wp\/v2\/product_tag?post=1488"}],"curies":[{"name":"delovni list","href":"https:\/\/api.w.org\/{rel}","templated":true}]}}