{"id":1486,"date":"2024-12-23T05:50:37","date_gmt":"2024-12-23T05:50:37","guid":{"rendered":"https:\/\/fmp-components.com\/product\/good-quality-snow-plow-customized-double-acting-hydraulic-cylinder\/"},"modified":"2024-12-23T06:15:03","modified_gmt":"2024-12-23T06:15:03","slug":"good-quality-snow-plow-customized-double-acting-hydraulic-cylinder","status":"publish","type":"product","link":"https:\/\/fmp-components.com\/sl\/product\/good-quality-snow-plow-customized-double-acting-hydraulic-cylinder\/","title":{"rendered":"Kakovosten sne\u017eni plug po meri z dvojnim delovanjem hidravli\u010dnim cilindrom"},"content":{"rendered":"<p>Kakovosten sne\u017eni plug po meri z dvosmernim delovanjem hidravli\u010dnim valjem Kakovosten sne\u017eni plug po meri z dvosmernim delovanjem hidravli\u010dnim valjem<\/p>\n<p>\u010ce i\u0161\u010dete zanesljiv in u\u010dinkovit hidravli\u010dni cilinder za svoj sne\u017eni plug, potem je na\u0161 kakovosten, prilagojen dvosmerni hidravli\u010dni cilinder za sne\u017eni plug prava izbira za vas. Ta visokokakovosten cilinder je zasnovan in prilagojen tako, da ustreza edinstvenim potrebam in specifikacijam va\u0161ega sne\u017enega pluga, kar zagotavlja optimalno delovanje in dolgo \u017eivljenjsko dobo.<\/p>\n<p>Z dvojno delujo\u010do zasnovo na\u0161 hidravli\u010dni cilinder zagotavlja gladko in dosledno delovanje, kar vam omogo\u010da enostavno plu\u017eenje tudi skozi najtr\u0161i sneg. Na\u0161 cilinder je izdelan iz trpe\u017enih in visokokakovostnih materialov, zato je zasnovan tako, da prenese te\u017eke vremenske razmere in intenzivno uporabo, kar zagotavlja zanesljivo delovanje sezono za sezono.<\/p>\n<p><img decoding=\"async\" title=\"Hidravli\u010dni cilinder za sne\u017eni plug\" src=\"https:\/\/hzpt.com\/wp-content\/uploads\/2023\/11\/Snow-Plow-Hydraulic-Cylinder-3.webp\" alt=\"Hidravli\u010dni cilinder za sne\u017eni plug\" \/><\/p>\n<p>Poleg tega je na\u0161 visokokakovostni prilagojeni dvosmerni hidravli\u010dni cilinder za sne\u017eni plug enostaven za namestitev in vzdr\u017eevanje, zaradi \u010desar je odli\u010dna izbira tako za upravljavce sne\u017enih plugov kot za vzdr\u017eevalce. \u010ce torej potrebujete visokokakovosten hidravli\u010dni cilinder za svoj sne\u017eni plug, zaupajte na\u0161i ekipi, da vam bo zagotovila zmogljivost in zanesljivost, ki ju potrebujete za pravilno opravljeno delo. Predstavljamo vam vrhunski, prilagojen dvosmerni hidravli\u010dni cilinder, posebej zasnovan za sne\u017ene pluge. Ta izdelek zagotavlja vrhunsko zmogljivost, vzdr\u017eljivost in rezultate tudi v najbolj ekstremnih vremenskih razmerah. To ni le izdelek, ampak nalo\u017eba v kakovost in u\u010dinkovitost.<\/p>\n<h2>Pregled izdelka<\/h2>\n<p>Na\u0161 hidravli\u010dni cilinder za sne\u017eni plug je nov in izbolj\u0161an model iz leta 2023, ki ponuja vzdr\u017eljivost jeklenega ohi\u0161ja in mo\u010d hidravli\u010dne funkcije. Gre za standardno batno konstrukcijo z najve\u010djim potiskom 3000 in najve\u010djim vle\u010dnim momentom 20 ton. Velikost izvrtine se giblje od 2 do 6 palcev, velikost palice od 1,125 do 4 palcev, velikost hoda pa od 4 do 100 palcev. Velikost zati\u010da se giblje od 0,5 do 2 palcev in je na voljo v elegantni \u010drni barvi.<\/p>\n<h3>Prilagodljivost in vsestranskost<\/h3>\n<p>Cilinder je mogo\u010de prilagoditi z priklju\u010dki G\/SAE\/NPT\/M, zaradi \u010desar je vsestranski in prilagodljiv razli\u010dnim modelom in znamkam sne\u017enih plugov. To ni samo valj, ampak re\u0161itev, prilagojena va\u0161im specifi\u010dnim potrebam.<\/p>\n<h3>Vzdr\u017eevanje in garancija<\/h3>\n<p>Stojimo za kakovostjo na\u0161ih izdelkov. Zato ponujamo enoletno garancijo ne le na izdelek, temve\u010d tudi na njegove klju\u010dne sestavne dele \u2013 le\u017eaj in hidravli\u010dni valj. Za va\u0161o brezskrbnost zagotavljamo tudi video izhodne preglede in poro\u010dila o preizkusih strojev.<\/p>\n<h2>Prednosti nastavljivih cilindrov tipa Clevis<\/h2>\n<p>Nastavljivi cilindri z vidno glavo ponujajo ve\u010d prednosti pred drugimi izvedbami hidravli\u010dnih cilindrov. Ti cilindri se zaradi svoje vsestranskosti in zmogljivosti pogosto uporabljajo v razli\u010dnih panogah. V tem \u010dlanku bomo podrobneje obravnavali klju\u010dne prednosti nastavljivih cilindrov z vidno glavo.<\/p>\n<p>1. Izbolj\u0161ana prilagodljivost: Nastavljivi cilindri z vili\u010dastim pritrjevanjem zagotavljajo ve\u010djo prilagodljivost glede mo\u017enosti monta\u017ee. Pritrditev z vili\u010dastim pritrjevanjem omogo\u010da enostavno in nastavljivo povezavo z razli\u010dnimi vrstami opreme ali strojev. Ta prilagodljivost omogo\u010da enostavno integracijo cilindrov v razli\u010dne aplikacije, zaradi \u010desar so zelo vsestranski.<\/p>\n<p>2. Vrhunska trdnost in togost: Ti cilindri so zasnovani za vrhunsko trdnost in togost. To jim omogo\u010da, da prenesejo velike obremenitve in u\u010dinkovito delujejo v zahtevnih pogojih. Nastavljiv nosilec z vili\u010dasto glavo pove\u010da splo\u0161no trdnost in stabilnost cilindra ter zagotavlja zanesljivo delovanje tudi v zahtevnih okoljih.<\/p>\n<p>3. Natan\u010dno pozicioniranje: Nastavljivi cilindri z vili\u010dasto glavo omogo\u010dajo natan\u010dno pozicioniranje. Nastavljiv nosilec z vili\u010dasto glavo omogo\u010da natan\u010dno poravnavo in pozicioniranje cilindra, kar zagotavlja optimalno delovanje in u\u010dinkovitost. Ta funkcija je \u0161e posebej koristna v aplikacijah, kjer sta natan\u010den nadzor in pozicioniranje klju\u010dnega pomena, na primer pri ravnanju z materiali ali gradbeni opremi.<\/p>\n<p>4. Mo\u017enosti prilagoditve: Nastavljive cilindre z vili\u010dasto glavo je mogo\u010de prilagoditi specifi\u010dnim zahtevam. Ta prilagoditev vklju\u010duje mo\u017enosti za dol\u017eino hoda, velikost izvrtine in na\u010din monta\u017ee. S prilagoditvijo cilindra potrebam aplikacije je mogo\u010de dose\u010di optimalno delovanje, kar ima za posledico izbolj\u0161ano produktivnost in u\u010dinkovitost.<\/p>\n<p>5. Funkcionalnost dvojnega delovanja: Ti cilindri delujejo na principu dvojnega delovanja, kar pomeni, da zagotavljajo silo v obe smeri gibanja. To omogo\u010da u\u010dinkovito delovanje in nadzor opreme, saj se cilinder lahko gladko in natan\u010dno iztegne in umakne. Zaradi dvojnega delovanja so nastavljivi cilindri z vili\u010dasto glavo primerni za \u0161iroko paleto uporabe, vklju\u010dno s sne\u017enimi plugi.<\/p>\n<p>6. Uporaba kakovostnega sne\u017enega pluga: Nastavljivi cilindri z vidno glavo se pogosto uporabljajo v sne\u017enih plugih zaradi svoje sposobnosti, da prenesejo te\u017eke in zahtevne pogoje. Cilindri zagotavljajo potrebno silo in nadzor za u\u010dinkovito plu\u017eenje snega. Zaradi svoje vzdr\u017eljivosti in zanesljivosti so prednostna izbira za uporabo sne\u017enih plugov.<\/p>\n<p>Skratka, nastavljivi cilindri z vili\u010dasto glavo ponujajo \u0161tevilne prednosti, zaradi \u010desar so priljubljena izbira v razli\u010dnih panogah. Zaradi svoje fleksibilnosti, trdnosti, natan\u010dnega pozicioniranja, mo\u017enosti prilagajanja, dvojnega delovanja in primernosti za uporabo pri sne\u017enih plugih so idealna re\u0161itev za hidravli\u010dne cilindre. Pri izbiri cilindra za va\u0161 naslednji projekt upo\u0161tevajte prednosti in koristi, ki jih prina\u0161ajo nastavljivi cilindri z vili\u010dasto glavo.<\/p>\n<p>Opomba: Visokokakovosten sne\u017eni plug po meri z dvojnim delovanjem hidravli\u010dni cilinder<\/p>\n<h3>O FMP-ju<\/h3>\n<p>FMP je va\u0161 zaupanja vreden vir visokokakovostnih hidravli\u010dnih cilindrov v industriji gradbenih strojev. Z dolgoletnimi izku\u0161njami v industriji in profesionalno ekipo smo predani zagotavljanju vrhunskih delov za gradbene stroje in celovitih strojnih re\u0161itev na\u0161im cenjenim strankam.<\/p>\n<p>Tukaj je pet razlogov, zakaj bi morali izbrati FMP za va\u0161e potrebe po hidravli\u010dnih cilindrih:<\/p>\n<ol>\n<li><strong>\u0160iroka paleta mo\u017enosti:<\/strong> Na\u0161a ponudba izdelkov vklju\u010duje razli\u010dne hidravli\u010dne cilindre, primerne za razli\u010dne vrste gradbenih strojev. Ne glede na to, ali potrebujete enosmerne ali dvosmerne cilindre, teleskopske ali ojnice, imamo pravo re\u0161itev za va\u0161e potrebe.<\/li>\n<li><strong>Vrhunska kakovost:<\/strong> Vzpostavili smo dolgoro\u010dne in stabilne odnose z visokokakovostnimi dobavitelji, tako doma kot v tujini. To zagotavlja, da vsi na\u0161i hidravli\u010dni cilindri izpolnjujejo stroge standarde kakovosti, kar vam zagotavlja zanesljive in trpe\u017ene komponente, ki bodo kos zahtevam va\u0161ih projektov.<\/li>\n<li><strong>Strokovna prodajna ekipa:<\/strong> Na\u0161a izku\u0161ena in dobro podkovana prodajna ekipa dobro pozna najnovej\u0161e trende in potrebe strank v industriji gradbenih strojev. Pripravljeni so vam nuditi strokovno svetovanje o izdelkih in pametne predloge za nakup, kar vam bo pomagalo pri sprejemanju premi\u0161ljenih odlo\u010ditev.<\/li>\n<li><strong>U\u010dinkovita logistika:<\/strong> Razumemo pomen pravo\u010dasne dostave. Z na\u0161im u\u010dinkovitim logisti\u010dnim distribucijskim sistemom zagotavljamo, da boste potrebne hidravli\u010dne cilindre prejeli pravo\u010dasno in natan\u010dno. Lahko se zanesete na nas, da bomo va\u0161e projekte izpeljali v skladu z urnikom.<\/li>\n<li><strong>Izjemna storitev za stranke:<\/strong> Pri FMP cenimo na\u0161e stranke in si prizadevamo zagotavljati izjemne storitve. Na\u0161a predana ekipa je zavezana k temu, da bo va\u0161e poizvedbe in pomisleke obravnavala hitro in zagotavljala nemoteno ter zadovoljivo izku\u0161njo med va\u0161im sodelovanjem z nami.<\/li>\n<\/ol>\n<p>Spodaj si podrobneje oglejte na\u0161 nastavljiv valj tipa Clevis:<\/p>\n<p><img decoding=\"async\" src=\"https:\/\/fmp-components.com\/wp-content\/uploads\/2024\/12\/Adjustable-Clevis-Type-Cylinders-6.webp\" alt=\"Nastavljiv valj tipa Clevis\" width=\"821\" title=\"\"><\/p>\n<h2>Pogosto zastavljena vpra\u0161anja<\/h2>\n<h3>V: Ali ste trgovsko podjetje ali proizvajalec?<\/h3>\n<p>A: Smo tovarna, ki izdeluje visokokakovostne hidravli\u010dne cilindre in druge strojne dele.<\/p>\n<h3>V: Koliko \u010dasa traja va\u0161a dobavni rok?<\/h3>\n<p>A: Na splo\u0161no je to 25-35 dni.<\/p>\n<h3>V: Ali ponujate vzorce? Je to brezpla\u010dno ali dodatno?<\/h3>\n<p>O: Da, lahko ponudimo vzorec, vendar ni brezpla\u010den.<\/p>\n<p><img decoding=\"async\" title=\"Hidravli\u010dni cilinder za sne\u017eni plug\" src=\"https:\/\/hzpt.com\/wp-content\/uploads\/2023\/11\/Snow-Plow-Hydraulic-Cylinder-1.webp\" alt=\"Hidravli\u010dni cilinder za sne\u017eni plug\" \/><\/p>\n<p>Avtor: CX<\/p>","protected":false},"excerpt":{"rendered":"<p>Good Quality Snow Plow Customized Double Acting Hydraulic CylinderGood Quality Snow Plow Customized Double Acting Hydraulic Cylinder If you&#8217;re looking for a reliable and efficient hydraulic cylinder for your snow plow, look no further than our Good Quality Snow Plow Customized Double Acting Hydraulic Cylinder. This high-quality cylinder is custom designed and tailored to meet [&hellip;]<\/p>","protected":false},"featured_media":1487,"comment_status":"closed","ping_status":"closed","template":"","meta":{"_et_pb_use_builder":"","_et_pb_old_content":"","_et_gb_content_width":""},"product_brand":[],"product_cat":[42],"product_tag":[34,44],"class_list":{"0":"post-1486","1":"product","2":"type-product","3":"status-publish","4":"has-post-thumbnail","6":"product_cat-snow-plow-hydraulic-cylinder","7":"product_tag-hydraulic-cylinder","8":"product_tag-snow-plow-hydraulic-cylinder","10":"first","11":"instock","12":"product-type-simple"},"_links":{"self":[{"href":"https:\/\/fmp-components.com\/sl\/wp-json\/wp\/v2\/product\/1486","targetHints":{"allow":["GET"]}}],"collection":[{"href":"https:\/\/fmp-components.com\/sl\/wp-json\/wp\/v2\/product"}],"about":[{"href":"https:\/\/fmp-components.com\/sl\/wp-json\/wp\/v2\/types\/product"}],"replies":[{"embeddable":true,"href":"https:\/\/fmp-components.com\/sl\/wp-json\/wp\/v2\/comments?post=1486"}],"wp:featuredmedia":[{"embeddable":true,"href":"https:\/\/fmp-components.com\/sl\/wp-json\/wp\/v2\/media\/1487"}],"wp:attachment":[{"href":"https:\/\/fmp-components.com\/sl\/wp-json\/wp\/v2\/media?parent=1486"}],"wp:term":[{"taxonomy":"product_brand","embeddable":true,"href":"https:\/\/fmp-components.com\/sl\/wp-json\/wp\/v2\/product_brand?post=1486"},{"taxonomy":"product_cat","embeddable":true,"href":"https:\/\/fmp-components.com\/sl\/wp-json\/wp\/v2\/product_cat?post=1486"},{"taxonomy":"product_tag","embeddable":true,"href":"https:\/\/fmp-components.com\/sl\/wp-json\/wp\/v2\/product_tag?post=1486"}],"curies":[{"name":"delovni list","href":"https:\/\/api.w.org\/{rel}","templated":true}]}}