{"id":1482,"date":"2024-12-23T05:49:26","date_gmt":"2024-12-23T05:49:26","guid":{"rendered":"https:\/\/fmp-components.com\/product\/high-quality-mini-customized-welded-hydraulic-cylinder\/"},"modified":"2025-05-10T13:04:29","modified_gmt":"2025-05-10T13:04:29","slug":"high-quality-mini-customized-welded-hydraulic-cylinder","status":"publish","type":"product","link":"https:\/\/fmp-components.com\/sl\/product\/high-quality-mini-customized-welded-hydraulic-cylinder\/","title":{"rendered":"Visokokakovostni mini prilagojeni varjeni hidravli\u010dni cilinder"},"content":{"rendered":"<h2><span style=\"color: #333333; font-size: 30px;\">Nadgradite svoje stroje z na\u0161im prilagojenim varjenim hidravli\u010dnim cilindrom<\/span><\/h2>\n<div>\n<p>Izkusite mo\u010d na\u0161ega visokokakovostnega mini varjenega hidravli\u010dnega cilindra po meri, novega standarda v u\u010dinkovitosti strojev. Na\u0161 hidravli\u010dni cilinder je idealen za delavnice za popravilo strojev, kmetije, energetiko in rudarstvo, proizvodnjo strojev in tovarne strojev, saj je zasnovan za optimalno delovanje s kompaktno strukturo in robustno zasnovo.<\/p>\n<h3>Poudarki izdelka<\/h3>\n<ul>\n<li>Hidravli\u010dna mo\u010d: Hidravli\u010dni cilinder deluje na hidravli\u010dno mo\u010d, ki zagotavlja ogromno silo za razli\u010dne aplikacije.<\/li>\n<li>Vzdr\u017eljivost: Ohi\u0161je iz visokokakovostnega jekla zagotavlja vzdr\u017eljivost in dolgo \u017eivljenjsko dobo cilindra.<\/li>\n<li>Specifikacije: Z najve\u010djim potiskom 3000 in najve\u010djim vle\u010dnim momentom 20 ton je ta hidravli\u010dni cilinder zasnovan za te\u017eka dela.<\/li>\n<li>Prilagodljivo: Velikost izvrtine, velikost palice, velikost hoda in velikost zati\u010da je mogo\u010de prilagoditi va\u0161im potrebam.<\/li>\n<li>Garancija: Izdelek ima enoletno garancijo, kar stranki zagotavlja brezskrbnost.<\/li>\n<\/ul>\n<\/div>\n<h2>Prednosti nastavljivih cilindrov tipa Clevis<\/h2>\n<p>Hidravli\u010dni cilindri so bistveni sestavni del \u0161tevilnih strojev in opreme, ki se uporabljajo v razli\u010dnih panogah. Ena vrsta hidravli\u010dnih cilindrov, ki izstopa zaradi svoje edinstvene zasnove in funkcionalnosti, je nastavljiv cilindri\u010dni valj z vidno glavo. V tem \u010dlanku bomo raziskali prednosti nastavljivih cilindri\u010dnih valjev z vidno glavo in zakaj so priljubljena izbira v \u0161tevilnih aplikacijah.<\/p>\n<h3>1. Vsestranskost<\/h3>\n<p>Ena glavnih prednosti nastavljivih cilindrov z vidno glavo je njihova vsestranskost. Zaradi mo\u017enosti prilagajanja specifi\u010dnim potrebam se ti cilindri lahko uporabljajo v najrazli\u010dnej\u0161ih aplikacijah. Zaradi tega so idealna izbira za aplikacije, ki zahtevajo hidravli\u010dni cilinder po meri. Poleg tega se lahko uporabljajo tako v potisnih kot vle\u010dnih aplikacijah, kar \u0161e dodatno pove\u010duje njihovo vsestranskost.<\/p>\n<h3>2. Natan\u010dno pozicioniranje<\/h3>\n<p>Nastavljivi cilindri z vili\u010dasto glavo so zasnovani za natan\u010dno pozicioniranje, kar je klju\u010dnega pomena v \u0161tevilnih aplikacijah. S temi cilindri lahko prilagodite dol\u017eino hoda cilindra, da dose\u017eete natan\u010den polo\u017eaj, potreben za va\u0161o aplikacijo. Zaradi tega so idealna izbira za aplikacije, ki zahtevajo natan\u010dno pozicioniranje, na primer v proizvodni industriji.<\/p>\n<h3>3. Visoka kakovost<\/h3>\n<p>Nastavljivi cilindri z vili\u010dasto glavo so izdelani iz visokokakovostnih materialov, kar zagotavlja vzdr\u017eljivost in dolgo \u017eivljenjsko dobo. Zasnovani so tako, da prenesejo zahtevna okolja in te\u017eke aplikacije, zaradi \u010desar so priljubljena izbira v panogah, kot sta gradbeni\u0161tvo in rudarstvo. Poleg tega proizvajalci, kot je High Quality Mini Customized Welded Hydraulic Cylinder, izdelujejo nastavljive cilindre z vili\u010dasto glavo, ki so preizku\u0161eni v skladu z mednarodnimi standardi, kar zagotavlja njihovo kakovost.<\/p>\n<h3>4. Prilagodljivo<\/h3>\n<p>Nastavljive cilindre z vili\u010dasto glavo je mogo\u010de prilagoditi specifi\u010dnim potrebam in aplikacijam. Ta prilagoditev lahko vklju\u010duje razli\u010dne mo\u017enosti pritrditve, konfiguracije koncev palic in dol\u017eine hoda. Zaradi tega so idealna izbira za aplikacije, ki zahtevajo edinstven hidravli\u010dni valj, ki ga ni mogo\u010de najti v standardnih cilindrih.<\/p>\n<h3>5. Stro\u0161kovno u\u010dinkovito<\/h3>\n<p>Nastavljivi cilindri z vili\u010dasto glavo so stro\u0161kovno u\u010dinkovita izbira za aplikacije, ki zahtevajo hidravli\u010dni cilinder po meri. Namesto vlaganja v popolnoma prilagojen cilinder je mogo\u010de nastavljive cilindre z vili\u010dasto glavo prilagoditi specifi\u010dnim potrebam, kar zmanj\u0161a stro\u0161ke in \u010das dobave. Poleg tega njihova visoka kakovost in vzdr\u017eljivost zagotavljata dolgotrajno delovanje, kar zmanj\u0161uje splo\u0161ne stro\u0161ke vzdr\u017eevanja in zamenjave.<\/p>\n<p>Skratka, nastavljivi cilindri z vili\u010dasto glavo ponujajo \u0161tevilne prednosti pred standardnimi hidravli\u010dnimi cilindri. Zaradi svoje vsestranskosti, natan\u010dnega pozicioniranja, visoke kakovosti, prilagodljivosti in stro\u0161kovne u\u010dinkovitosti so priljubljena izbira v razli\u010dnih panogah. Ne glede na to, ali potrebujete hidravli\u010dni cilinder za standardno ali prilagojeno uporabo, so nastavljivi cilindri z vili\u010dasto glavo vredni razmisleka.<\/p>\n<h3>O FMP-ju<\/h3>\n<p><img decoding=\"async\" class=\"aligncenter\" src=\"https:\/\/fmp-components.com\/wp-content\/uploads\/2024\/12\/Adjustable-Clevis-Type-Cylinders-6.webp\" alt=\"Nastavljiv valj tipa Clevis\" width=\"819\" title=\"\"><\/p>\n<p>FMP je vodilno podjetje, specializirano za proizvodnjo in prodajo hidravli\u010dnih cilindrov. Z bogatimi izku\u0161njami v industriji in strokovno ekipo smo predani temu, da svojim strankam zagotavljamo visokokakovostne in zanesljive hidravli\u010dne cilindre za razli\u010dne aplikacije gradbenih strojev.<\/p>\n<p>1. \u0160iroka paleta izdelkov:<br \/>\nPonujamo raznoliko paleto hidravli\u010dnih cilindrov, ki ustrezajo razli\u010dnim potrebam gradbenih strojev. Na\u0161a ponudba izdelkov vklju\u010duje nastavljive cilindre z vidno glavo, varjene cilindre, teleskopske cilindre in druge. Ta \u0161iroka paleta zagotavlja, da imamo pravi hidravli\u010dni cilinder za va\u0161e specifi\u010dne zahteve.<\/p>\n<p>2. Vrhunska kakovost:<br \/>\nPri FMP dajemo prednost kakovosti in zagotavljamo, da vsi na\u0161i hidravli\u010dni cilindri izpolnjujejo stroge standarde kakovosti. Vzpostavili smo dolgoro\u010dne in stabilne odnose z visokokakovostnimi dobavitelji tako doma kot v tujini. To nam omogo\u010da, da dobavljamo najbolj\u0161e materiale in komponente, kar ima za posledico hidravli\u010dne cilindre, ki so vzdr\u017eljivi, u\u010dinkoviti in zanesljivi.<\/p>\n<p>3. Profesionalna prodajna ekipa:<br \/>\nNa\u0161a izku\u0161ena in usposobljena prodajna ekipa ima poglobljeno znanje o industriji gradbenih strojev. Sledijo najnovej\u0161im trendom v industriji in razumejo specifi\u010dne potrebe na\u0161ih strank. S svojim strokovnim znanjem vam nudijo strokovno svetovanje o izdelkih in vas vodijo do hidravli\u010dnega cilindra, ki najbolje ustreza va\u0161im zahtevam.<\/p>\n<p>4. Predlogi za pameten nakup:<br \/>\nKer razumemo, da ima vsaka stranka edinstvene potrebe, se na\u0161a prodajna ekipa \u0161e posebej potrudi, da ponudi pametne predloge za nakup. Upo\u0161tevajo dejavnike, kot so zahteve uporabe, prora\u010dunske omejitve in zahteve projekta, da priporo\u010dijo najprimernej\u0161i hidravli\u010dni cilinder. Ta osebni pristop zagotavlja, da se boste informirano odlo\u010dili in na\u0161li pravo re\u0161itev za hidravli\u010dni cilinder.<\/p>\n<p>5. U\u010dinkovita logisti\u010dna distribucija:<br \/>\nPonosni smo na na\u0161 u\u010dinkovit logisti\u010dni distribucijski sistem, ki zagotavlja pravo\u010dasno in natan\u010dno dobavo hidravli\u010dnih cilindrov na\u0161im strankam. Z na\u0161o dobro organizirano dobavno verigo vam zagotavljamo, da boste potrebne hidravli\u010dne cilindre prejeli pravo\u010dasno, s \u010dimer boste zmanj\u0161ali morebitne zamude ali motnje pri va\u0161ih gradbenih projektih.<\/p>\n<p>Za vrhunske hidravli\u010dne cilindre, ki jih podpira strokovno znanje v panogi, vrhunska kakovost in u\u010dinkovita storitev, sodelujte s FMP. Za razpravo o va\u0161ih potrebah po gradbenih strojih in izkusite razliko, ki jo ponuja FMP, nas kontaktirajte \u0161e danes.<\/p>\n<h2>Pogosto zastavljena vpra\u0161anja<\/h2>\n<h3>V: Ali ste trgovsko podjetje ali proizvajalec?<\/h3>\n<p>A: Smo tovarna, ki proizvaja izdelke.<\/p>\n<h3>V: Kak\u0161en je va\u0161 dobavni rok?<\/h3>\n<p>A: Na\u0161 splo\u0161ni dobavni rok je 25-35 dni.<\/p>\n<h3>V: Ali ponujate vzorce? So brezpla\u010dni ali dodatni?<\/h3>\n<p>O: Da, ponujamo vzorce, vendar niso brezpla\u010dni.<\/p>\n<p><img decoding=\"async\" class=\"aligncenter\" title=\"Hidravli\u010dni cilinder za sne\u017eni plug\" src=\"https:\/\/hzpt.com\/wp-content\/uploads\/2023\/11\/Snow-Plow-Hydraulic-Cylinder-3.webp\" alt=\"Hidravli\u010dni cilinder za sne\u017eni plug\" \/><\/p>\n<p>Avtor: CX<\/p>","protected":false},"excerpt":{"rendered":"<p>Upgrade Your Machinery with Our Customized Welded Hydraulic Cylinder Experience the power of our High Quality Mini Customized Welded Hydraulic Cylinder, the new standard in machinery efficiency. Perfect for Machinery Repair Shops, Farms, Energy &amp; Mining, Machinery Manufacturing, and Machinery Factory, our hydraulic cylinder is designed to deliver optimal performance with a compact structure and [&hellip;]<\/p>","protected":false},"featured_media":1483,"comment_status":"closed","ping_status":"closed","template":"","meta":{"_et_pb_use_builder":"","_et_pb_old_content":"","_et_gb_content_width":""},"product_brand":[],"product_cat":[42],"product_tag":[34,44],"class_list":{"0":"post-1482","1":"product","2":"type-product","3":"status-publish","4":"has-post-thumbnail","6":"product_cat-snow-plow-hydraulic-cylinder","7":"product_tag-hydraulic-cylinder","8":"product_tag-snow-plow-hydraulic-cylinder","10":"first","11":"instock","12":"product-type-simple"},"_links":{"self":[{"href":"https:\/\/fmp-components.com\/sl\/wp-json\/wp\/v2\/product\/1482","targetHints":{"allow":["GET"]}}],"collection":[{"href":"https:\/\/fmp-components.com\/sl\/wp-json\/wp\/v2\/product"}],"about":[{"href":"https:\/\/fmp-components.com\/sl\/wp-json\/wp\/v2\/types\/product"}],"replies":[{"embeddable":true,"href":"https:\/\/fmp-components.com\/sl\/wp-json\/wp\/v2\/comments?post=1482"}],"wp:featuredmedia":[{"embeddable":true,"href":"https:\/\/fmp-components.com\/sl\/wp-json\/wp\/v2\/media\/1483"}],"wp:attachment":[{"href":"https:\/\/fmp-components.com\/sl\/wp-json\/wp\/v2\/media?parent=1482"}],"wp:term":[{"taxonomy":"product_brand","embeddable":true,"href":"https:\/\/fmp-components.com\/sl\/wp-json\/wp\/v2\/product_brand?post=1482"},{"taxonomy":"product_cat","embeddable":true,"href":"https:\/\/fmp-components.com\/sl\/wp-json\/wp\/v2\/product_cat?post=1482"},{"taxonomy":"product_tag","embeddable":true,"href":"https:\/\/fmp-components.com\/sl\/wp-json\/wp\/v2\/product_tag?post=1482"}],"curies":[{"name":"delovni list","href":"https:\/\/api.w.org\/{rel}","templated":true}]}}