{"id":1480,"date":"2024-12-23T05:49:26","date_gmt":"2024-12-23T05:49:26","guid":{"rendered":"https:\/\/fmp-components.com\/product\/premium-quality-stainless-steel-hydraulic-oil-cylinder-hydraulic-piston-cylinder\/"},"modified":"2024-12-23T06:45:09","modified_gmt":"2024-12-23T06:45:09","slug":"premium-quality-stainless-steel-hydraulic-oil-cylinder-hydraulic-piston-cylinder","status":"publish","type":"product","link":"https:\/\/fmp-components.com\/sl\/product\/premium-quality-stainless-steel-hydraulic-oil-cylinder-hydraulic-piston-cylinder\/","title":{"rendered":"Visokokakovostni hidravli\u010dni oljni valj iz nerjave\u010dega jekla, hidravli\u010dni batni valj"},"content":{"rendered":"<h2>Visokokakovostni hidravli\u010dni oljni valj iz nerjave\u010dega jekla, hidravli\u010dni batni valj<\/h2>\n<p>Visokokakovostni hidravli\u010dni oljni cilinder iz nerjave\u010dega jekla z batom je visokozmogljiv hidravli\u010dni cilinder, zasnovan za razli\u010dne industrijske aplikacije. Ta cilinder je izdelan iz visokokakovostnega nerjave\u010dega jekla, kar pove\u010duje njegovo vzdr\u017eljivost in odpornost proti koroziji.<\/p>\n<p>Z napredno zasnovo hidravli\u010dnega bata ta cilinder zagotavlja gladko in u\u010dinkovito delovanje. Zmo\u017een je ustvariti mo\u010dno hidravli\u010dno silo, zaradi \u010desar je primeren za te\u017eka opravila. Ne glede na to, ali gre za dvigovanje, potiskanje ali vle\u010denje, ta hidravli\u010dni cilinder zagotavlja zanesljivo in dosledno delovanje.<\/p>\n<p>Zaradi konstrukcije iz nerjave\u010dega jekla je ta jeklenka idealna za uporabo v zahtevnih okoljih, vklju\u010dno s tistimi, kjer so izpostavljeni mo\u010dnim kemikalijam ali ekstremnim temperaturam. Zagotavlja odli\u010dno odpornost proti koroziji, kar zagotavlja dalj\u0161o \u017eivljenjsko dobo in zmanj\u0161uje potrebe po vzdr\u017eevanju.<\/p>\n<p>Ta hidravli\u010dni cilinder, opremljen z napredno tehnologijo tesnjenja, zmanj\u0161uje tveganje pu\u0161\u010danja in pove\u010duje splo\u0161no u\u010dinkovitost. Odlikuje ga natan\u010dna obdelava in tesnjenje, kar zagotavlja zanesljivo in netesno delovanje tudi pod visokim tlakom.<\/p>\n<p>Poleg tega je ta hidravli\u010dni cilinder mogo\u010de prilagoditi specifi\u010dnim zahtevam. Na voljo je v razli\u010dnih velikostih, dol\u017einah hoda in mo\u017enostih monta\u017ee, kar omogo\u010da enostavno integracijo v razli\u010dne hidravli\u010dne sisteme. Zaradi vsestranskosti je ta cilinder primeren za \u0161irok spekter panog, vklju\u010dno z gradbeni\u0161tvom, proizvodnjo, kmetijstvom in drugimi.<\/p>\n<p>Skratka, hidravli\u010dni batni cilinder iz nerjave\u010dega jekla vrhunske kakovosti je vrhunski hidravli\u010dni cilinder, ki ponuja izjemno zmogljivost in vzdr\u017eljivost. Zaradi svoje konstrukcije iz nerjave\u010dega jekla, napredne hidravli\u010dne zasnove in mo\u017enosti prilagajanja je odli\u010dna izbira za razli\u010dne industrijske aplikacije.<\/p>\n<h2>Nadgradite svoje stroje z visokokakovostnim hidravli\u010dnim oljnim cilindrom iz nerjave\u010dega jekla in hidravli\u010dnim batnim cilindrom<\/h2>\n<p>Izbolj\u0161ajte mo\u010d in delovanje svojih strojev z na\u0161im visokokakovostnim hidravli\u010dnim batnim cilindrom iz nerjave\u010dega jekla. Ta hidravli\u010dni cilinder je izdelan tako, da prenese te\u017eko uporabo, zato zagotavlja zanesljivo in u\u010dinkovito delovanje tudi v najte\u017ejih pogojih.<\/p>\n<p><img decoding=\"async\" title=\"Hidravli\u010dni cilinder za sne\u017eni plug\" src=\"https:\/\/hzpt.com\/wp-content\/uploads\/2023\/11\/Snow-Plow-Hydraulic-Cylinder-3.webp\" alt=\"Hidravli\u010dni cilinder za sne\u017eni plug\" \/><\/p>\n<h2>Zna\u010dilnosti izdelka<\/h2>\n<p>Na\u0161 hidravli\u010dni oljni hidravli\u010dni batni cilinder je izdelan iz visokokakovostnega nerjave\u010dega jekla in zagotavlja vzdr\u017eljivost ter dolgo \u017eivljenjsko dobo. Ima enoletno garancijo in je primeren za uporabo v razli\u010dnih panogah, kot so delavnice za popravilo strojev, kmetije, energetika in rudarstvo, proizvodnja strojev in drugo.<\/p>\n<ul>\n<li style=\"list-style-type: none;\">\n<ul>\n<li>Stanje: Novo<\/li>\n<li>Garancija: 1 leto<\/li>\n<li>Te\u017ea (kg): 6<\/li>\n<\/ul>\n<\/li>\n<\/ul>\n<ul>\n<li>Standardno: Standardno<\/li>\n<li>Struktura: Batni valj<\/li>\n<li>Mo\u010d: Hidravli\u010dna<\/li>\n<li>Material ohi\u0161ja: jeklo<\/li>\n<li>Najve\u010dji potisk: 3000<\/li>\n<li>Tip: Hidravli\u010dni cilindri za sne\u017eni plug<\/li>\n<li>Najve\u010dja vle\u010dna sila: 20 ton<\/li>\n<li>Certifikat: ISO9001:2000<\/li>\n<\/ul>\n<h2>Vzdr\u017eevanje in nega<\/h2>\n<p>Na\u0161 hidravli\u010dni batni valj iz nerjave\u010dega jekla je zasnovan tako, da zahteva malo vzdr\u017eevanja in je enostaven za nego. Redno \u010di\u0161\u010denje in preverjanje morebitnih znakov obrabe lahko ohranita optimalno delovanje izdelka. Prav tako je klju\u010dnega pomena uporaba hidravli\u010dnega olja, ki ga priporo\u010da proizvajalec, da se zagotovi nemoteno delovanje in dolga \u017eivljenjsko doba.<\/p>\n<h2>Pogoste uporabe<\/h2>\n<p>Na\u0161i hidravli\u010dni cilindri se pogosto uporabljajo v delih kmetijske mehanizacije, kot so kardanske gredi, menjalniki kmetijskih kardanskih gredi, jermenice in drugo. Pogosto se uporabljajo tudi v hidravli\u010dnih cilindrih sne\u017enih plugov, kjer zagotavljajo zanesljivo in nemoteno delovanje.<\/p>\n<h2>Prednosti nastavljivih cilindrov tipa Clevis<\/h2>\n<p>Nastavljivi cilindri z vidno glavo so vrsta hidravli\u010dnih batnih cilindrov, ki ponujajo ve\u010d klju\u010dnih prednosti pred drugimi izvedbami cilindrov. Ti cilindri so izdelani iz visokokakovostnega nerjave\u010dega jekla, kar zagotavlja njihovo vzdr\u017eljivost in zanesljivost v razli\u010dnih aplikacijah. V tem \u010dlanku bomo podrobneje raziskali prednosti nastavljivih cilindrov z vidno glavo.<\/p>\n<h3>1. Izbolj\u0161ana prilagodljivost<\/h3>\n<p>Ena glavnih prednosti nastavljivih cilindrov z vidno glavo je njihova ve\u010dja fleksibilnost. Ti cilindri imajo vidno glavo, ki omogo\u010da enostavno nastavitev polo\u017eaja batnice. Ta fleksibilnost omogo\u010da, da se cilindru prilagodijo razli\u010dnim konfiguracijam monta\u017ee, zaradi \u010desar je primeren za \u0161irok spekter uporabe.<\/p>\n<h3>2. Natan\u010dno pozicioniranje<\/h3>\n<p>Nastavljivi cilindri z vidno glavo so odli\u010dni v aplikacijah, ki zahtevajo natan\u010dno pozicioniranje. Mo\u017enost prilagajanja polo\u017eaja batnice omogo\u010da fino nastavitev in natan\u010den nadzor nad iztegovanjem in umikanjem cilindra. Ta raven natan\u010dnosti je klju\u010dnega pomena v aplikacijah, kot je industrijska avtomatizacija, kjer so potrebni natan\u010dni gibi.<\/p>\n<p><img decoding=\"async\" title=\"Hidravli\u010dni cilinder za sne\u017eni plug\" src=\"https:\/\/hzpt.com\/wp-content\/uploads\/2023\/11\/Snow-Plow-Hydraulic-Cylinder-1.webp\" alt=\"Hidravli\u010dni cilinder za sne\u017eni plug\" \/><\/p>\n<h3>3. Pove\u010dana dol\u017eina giba<\/h3>\n<p>V primerjavi z drugimi izvedbami valjev imajo nastavljivi valji z vidno glavo dalj\u0161i hod. Nastavljiv nosilec z vidno glavo omogo\u010da ve\u010dji obseg gibanja, kar omogo\u010da, da se batnica iztegne in umakne na dalj\u0161o razdaljo. Ta dalj\u0161i hod je prednost pri aplikacijah, ki zahtevajo ve\u010dji delovni razpon.<\/p>\n<h3>4. Optimalna porazdelitev obremenitve<\/h3>\n<p>Druga prednost nastavljivih cilindrov z vidno glavo je njihova sposobnost enakomernej\u0161e porazdelitve obremenitev. Pritrditev z vidno glavo zagotavlja stabilno in varno povezavo med cilindrom in bremenom, kar zagotavlja enakomerno porazdelitev sil. Ta enakomerna porazdelitev obremenitve zmanj\u0161uje obremenitev cilindra, kar ima za posledico izbolj\u0161ano delovanje in dolgo \u017eivljenjsko dobo.<\/p>\n<h3>5. Enostavno vzdr\u017eevanje<\/h3>\n<p>Nastavljivi cilindri z vidno glavo so zasnovani za enostavno vzdr\u017eevanje. Pritrditev z vidno glavo omogo\u010da hitro in enostavno razstavljanje ter ponovno monta\u017eo cilindra. Ta enostavnost vzdr\u017eevanja skraj\u0161a \u010das izpada in pove\u010da splo\u0161no u\u010dinkovitost sistema.<\/p>\n<p>Skratka, nastavljivi cilindri z vidno glavo ponujajo vrsto prednosti, zaradi katerih so priljubljena izbira v \u0161tevilnih aplikacijah. Zaradi ve\u010dje fleksibilnosti, natan\u010dnega pozicioniranja, dalj\u0161e dol\u017eine hoda, optimalne porazdelitve obremenitve in enostavnega vzdr\u017eevanja so zanesljiva in u\u010dinkovita mo\u017enost za hidravli\u010dne batne cilindre. Z uporabo visokokakovostnega nerjave\u010dega jekla ti cilindri zagotavljajo dolgotrajno delovanje in vzdr\u017eljivost. Ne glede na to, ali gre za industrijsko avtomatizacijo, gradbeni\u0161tvo ali katero koli drugo podro\u010dje, ki zahteva hidravli\u010dno mo\u010d, nastavljivi cilindri z vidno glavo zagotavljajo vsestranskost in zmogljivost, potrebno za izpolnjevanje zahtev razli\u010dnih aplikacij.<\/p>\n<h3>O FMP-ju<\/h3>\n<p>FMP je podjetje, specializirano za proizvodnjo in prodajo hidravli\u010dnih cilindrov. Nahajamo se v Italiji in imamo dolgoletne izku\u0161nje v industriji gradbenih strojev ter profesionalno ekipo, ki je predana zagotavljanju visokokakovostnih in zanesljivih izdelkov in storitev.<\/p>\n<p><img decoding=\"async\" src=\"https:\/\/fmp-components.com\/wp-content\/uploads\/2024\/12\/Adjustable-Clevis-Type-Cylinders-6.webp\" alt=\"Nastavljiv valj tipa Clevis\" width=\"818\" title=\"\"><\/p>\n<p>Tukaj je pet razlogov, zakaj bi morali izbrati FMP za va\u0161e potrebe po hidravli\u010dnih cilindrih:<\/p>\n<ol>\n<li>\u0160iroka paleta izdelkov: Ponujamo celovito paleto hidravli\u010dnih cilindrov, vklju\u010dno z nastavljivimi cilindri z vidno glavo, cilindri z veznimi palicami, varjenimi cilindri in drugimi. Ne glede na va\u0161e posebne zahteve imamo pravi cilinder za vas.<\/li>\n<li>Izjemna kakovost: Vsi na\u0161i hidravli\u010dni cilindri so izdelani iz vrhunskih materialov in najsodobnej\u0161e tehnologije. Dr\u017eimo se strogih standardov kakovosti, da zagotovimo, da na\u0161i izdelki izpolnjujejo ali presegajo pri\u010dakovanja strank.<\/li>\n<li>Zanesljivo delovanje: Na\u0161i hidravli\u010dni cilindri so zasnovani tako, da zagotavljajo zanesljivo in dosledno delovanje tudi v zahtevnih pogojih. Izdelani so tako, da prenesejo velike obremenitve in zagotavljajo nemoteno in u\u010dinkovito delovanje.<\/li>\n<li>Strokovno svetovanje: Na\u0161a izku\u0161ena prodajna ekipa je dobro podkovana v industriji gradbenih strojev. Poznajo najnovej\u0161e trende in potrebe strank ter vam lahko nudijo strokovno svetovanje o izdelkih, da vam pomagajo pri pravi izbiri za va\u0161e projekte.<\/li>\n<li>U\u010dinkovita dostava: Razumemo pomen pravo\u010dasne dostave. Z na\u0161im u\u010dinkovitim logisti\u010dnim distribucijskim sistemom zagotavljamo, da vam bodo potrebni hidravli\u010dni cilindri dostavljeni pravo\u010dasno in natan\u010dno, s \u010dimer se zmanj\u0161a \u010das izpada in va\u0161i projekti potekajo po na\u010drtih.<\/li>\n<\/ol>\n<p>Za va\u0161e potrebe po hidravli\u010dnih cilindrih sodelujte s FMP in izkusite razliko. Za razpravo o va\u0161ih zahtevah in iskanje popolne re\u0161itve za va\u0161o gradbeno mehanizacijo nas kontaktirajte \u0161e danes.<\/p>\n<p>Avtor: CX<\/p>","protected":false},"excerpt":{"rendered":"<p>Premium Quality Stainless Steel Hydraulic Oil Cylinder Hydraulic Piston Cylinder The Premium Quality Stainless Steel Hydraulic Oil Cylinder Hydraulic Piston Cylinder is a high-performance hydraulic cylinder designed for various industrial applications. This cylinder is made from premium quality stainless steel, which enhances its durability and resistance to corrosion. With its advanced hydraulic piston design, this [&hellip;]<\/p>","protected":false},"featured_media":1481,"comment_status":"closed","ping_status":"closed","template":"","meta":{"_et_pb_use_builder":"","_et_pb_old_content":"","_et_gb_content_width":""},"product_brand":[],"product_cat":[42],"product_tag":[34,44],"class_list":{"0":"post-1480","1":"product","2":"type-product","3":"status-publish","4":"has-post-thumbnail","6":"product_cat-snow-plow-hydraulic-cylinder","7":"product_tag-hydraulic-cylinder","8":"product_tag-snow-plow-hydraulic-cylinder","10":"first","11":"instock","12":"product-type-simple"},"_links":{"self":[{"href":"https:\/\/fmp-components.com\/sl\/wp-json\/wp\/v2\/product\/1480","targetHints":{"allow":["GET"]}}],"collection":[{"href":"https:\/\/fmp-components.com\/sl\/wp-json\/wp\/v2\/product"}],"about":[{"href":"https:\/\/fmp-components.com\/sl\/wp-json\/wp\/v2\/types\/product"}],"replies":[{"embeddable":true,"href":"https:\/\/fmp-components.com\/sl\/wp-json\/wp\/v2\/comments?post=1480"}],"wp:featuredmedia":[{"embeddable":true,"href":"https:\/\/fmp-components.com\/sl\/wp-json\/wp\/v2\/media\/1481"}],"wp:attachment":[{"href":"https:\/\/fmp-components.com\/sl\/wp-json\/wp\/v2\/media?parent=1480"}],"wp:term":[{"taxonomy":"product_brand","embeddable":true,"href":"https:\/\/fmp-components.com\/sl\/wp-json\/wp\/v2\/product_brand?post=1480"},{"taxonomy":"product_cat","embeddable":true,"href":"https:\/\/fmp-components.com\/sl\/wp-json\/wp\/v2\/product_cat?post=1480"},{"taxonomy":"product_tag","embeddable":true,"href":"https:\/\/fmp-components.com\/sl\/wp-json\/wp\/v2\/product_tag?post=1480"}],"curies":[{"name":"delovni list","href":"https:\/\/api.w.org\/{rel}","templated":true}]}}