{"id":1478,"date":"2024-12-23T05:49:26","date_gmt":"2024-12-23T05:49:26","guid":{"rendered":"https:\/\/fmp-components.com\/product\/competitive-price-2-ton-double-effect-small-hydraulic-cylinder\/"},"modified":"2024-12-23T06:39:58","modified_gmt":"2024-12-23T06:39:58","slug":"competitive-price-2-ton-double-effect-small-hydraulic-cylinder","status":"publish","type":"product","link":"https:\/\/fmp-components.com\/sl\/product\/competitive-price-2-ton-double-effect-small-hydraulic-cylinder\/","title":{"rendered":"Konkuren\u010dna cena 2-tonskega dvojnega u\u010dinka majhnega hidravli\u010dnega cilindra"},"content":{"rendered":"<h2>Konkuren\u010dna cena 2-tonskega dvojnega u\u010dinka majhnega hidravli\u010dnega cilindra<\/h2>\n<p>Predstavitev izdelka: Konkuren\u010dna cena 2-tonskega dvojnega u\u010dinka majhnega hidravli\u010dnega cilindra<\/p>\n<p>Konkuren\u010dna cena 2-tonskega majhnega hidravli\u010dnega cilindra z dvojnim u\u010dinkom je zelo u\u010dinkovit in zanesljiv hidravli\u010dni cilinder, zasnovan za vrhunsko delovanje v \u0161irokem spektru industrijskih aplikacij. Ta hidravli\u010dni cilinder ima dvojno delujo\u010do zasnovo, ki zagotavlja gladko in natan\u010dno gibanje, zaradi \u010desar je idealen za uporabo v aplikacijah, kjer sta natan\u010dnost in to\u010dnost klju\u010dnega pomena.<\/p>\n<p>Ta hidravli\u010dni cilinder je izdelan iz visokokakovostnih materialov in je zasnovan tako, da prenese najzahtevnej\u0161a industrijska okolja. Ima kompaktno in lahko zasnovo, ki omogo\u010da enostavno namestitev in upravljanje, hkrati pa zagotavlja, da zavzame minimalno prostora.<\/p>\n<p>Konkuren\u010dna cena 2-tonskega majhnega hidravli\u010dnega cilindra z dvojnim u\u010dinkom je zasnovana tako, da je zelo vzdr\u017eljiva in dolgotrajna. Ima robustno konstrukcijo, odporno proti obrabi, kar zagotavlja, da lahko prenese leta intenzivne uporabe brez potrebe po pogostem vzdr\u017eevanju ali popravilih.<\/p>\n<p>Ne glede na to, ali i\u0161\u010dete hidravli\u010dni cilinder za uporabo v proizvodnji, gradbeni\u0161tvu ali kateri koli drugi industrijski uporabi, je 2-tonski hidravli\u010dni cilinder z dvojnim u\u010dinkom po konkuren\u010dni ceni idealna izbira. S svojo vrhunsko zmogljivostjo, zanesljivostjo in vzdr\u017eljivostjo bo ta hidravli\u010dni cilinder zagotovo prinesel rezultate, ki jih potrebujete za nemoteno in u\u010dinkovito delovanje.<\/p>\n<p>Predstavljamo vam na\u0161 cenovno ugoden, majhen hidravli\u010dni cilinder z dvojnim u\u010dinkom in nosilnostjo 2 toni. Ta novi, standardni model batne cilindre ponuja zmogljivo hidravli\u010dno delovanje, zaradi \u010desar je idealen za razli\u010dne panoge, vklju\u010dno s strojnimi delavnicami, kmetijstvom, energetiko in rudarstvom, proizvodnjo strojev in tovarnami strojev.<\/p>\n<h2>Zna\u010dilnosti in specifikacije izdelka<\/h2>\n<p>Na\u0161 hidravli\u010dni cilinder je znan po svoji robustnosti in vzdr\u017eljivosti, z ohi\u0161jem iz jekla, ki prenese najzahtevnej\u0161a okolja. Pona\u0161a se z najve\u010djim potiskom 3000 in najve\u010djim vle\u010dnim momentom 20 ton, kar zagotavlja impresivno mo\u010d za svojo velikost. Ta hidravli\u010dni cilinder je zasnovan za uporabo s hidravli\u010dnimi sistemi za sne\u017ene pluge, lahko pa se uporablja tudi v razli\u010dnih drugih aplikacijah.<\/p>\n<ul>\n<li><b>Material:<\/b> Jeklo<\/li>\n<li><b>Vrsta:<\/b> Hidravli\u010dni cilindri za sne\u017eni plug<\/li>\n<li><b>Najve\u010dji potisk:<\/b> 3000<\/li>\n<li><b>Najve\u010dji vlek:<\/b> 20 ton<\/li>\n<li><b>Velikost izvrtine:<\/b> 2\u20136 palcev<\/li>\n<li><b>Velikost palice:<\/b> 1,125-4 palca<\/li>\n<li><b>Velikost poteze:<\/b> 4\u2013100 palcev<\/li>\n<li><b>Velikost zati\u010da:<\/b> 0,5\u20132 palca<\/li>\n<li><b>Barva:<\/b> \u010crna<\/li>\n<\/ul>\n<p><img decoding=\"async\" title=\"Hidravli\u010dni cilinder za sne\u017eni plug\" src=\"https:\/\/hzpt.com\/wp-content\/uploads\/2023\/11\/Snow-Plow-Hydraulic-Cylinder-2.webp\" alt=\"Hidravli\u010dni cilinder za sne\u017eni plug\" \/><\/p>\n<h2>Prednosti nastavljivih cilindrov tipa Clevis<\/h2>\n<ul>\n<li><b>Pove\u010dana vsestranskost:<\/b> Nastavljivi cilindri z vidno glavo ponujajo ve\u010dji obseg gibanja in fleksibilnosti v primerjavi s fiksno name\u0161\u010denimi cilindri. Prilagodijo se lahko razli\u010dnim aplikacijam, zaradi \u010desar so priljubljena izbira v panogah, od gradbeni\u0161tva do proizvodnje. Vsestranskost teh cilindrov lahko pomaga zmanj\u0161ati potrebo po ve\u010d cilindrih in prihraniti stro\u0161ke.<\/li>\n<li><b>Bolj\u0161i nadzor obremenitve:<\/b> Nastavljivi cilindri z vili\u010dasto glavo omogo\u010dajo bolj\u0161i nadzor nad obremenitvijo, kar omogo\u010da natan\u010dno premikanje in pozicioniranje te\u017eke opreme ali materialov. To je \u0161e posebej pomembno pri aplikacijah, ki zahtevajo natan\u010dno in nadzorovano gibanje, na primer v proizvodnih ali monta\u017enih linijah. Zmo\u017enost nadzora nad premikanjem obremenitve zagotavlja tudi varnost delavcev in zmanj\u0161uje tveganje za nesre\u010de ali po\u0161kodbe opreme.<\/li>\n<li><b>Izbolj\u0161ana u\u010dinkovitost:<\/b> Z mo\u017enostjo prilagajanja in natan\u010dnega ugla\u0161evanja dol\u017eine hoda cilindra lahko nastavljivi cilindri z vidno glavo izbolj\u0161ajo splo\u0161no u\u010dinkovitost. Z zmanj\u0161anjem koli\u010dine izgubljenega gibanja lahko ti cilindri pomagajo pove\u010dati proizvodne stopnje in zni\u017eati obratovalne stro\u0161ke. To je \u0161e posebej ugodno pri aplikacijah, ki zahtevajo visoko stopnjo natan\u010dnosti in ponovljivosti.<\/li>\n<li><b>Dalj\u0161a \u017eivljenjska doba:<\/b> Nastavljivi cilindri z vidno glavo so izdelani tako, da prenesejo intenzivno uporabo in zahtevna okolja. Izdelani so iz visokokakovostnih materialov in zasnovani tako, da so odporni na obrabo. Z ustreznim vzdr\u017eevanjem in nego lahko ti cilindri zdr\u017eijo ve\u010d let in zagotavljajo zanesljivo in stro\u0161kovno u\u010dinkovito re\u0161itev za \u0161irok spekter uporabe. Konkuren\u010dna cena 2-tonskega majhnega hidravli\u010dnega cilindra z dvojnim u\u010dinkom ga naredi priljubljeno izbiro za tiste, ki i\u0161\u010dejo zanesljivo in stro\u0161kovno u\u010dinkovito re\u0161itev.<\/li>\n<li><b>Zmanj\u0161an \u010das izpada:<\/b> V primeru okvare ali okvare je mogo\u010de nastavljive cilindre z vidno glavo enostavno popraviti ali zamenjati. Modularna zasnova teh cilindrov omogo\u010da hitro in enostavno vzdr\u017eevanje, kar skraj\u0161a \u010das izpada in zagotovi, da je oprema \u010dim prej spet v delovanju. To je \u0161e posebej pomembno v panogah, kjer lahko izpad povzro\u010di znatne finan\u010dne izgube.<\/li>\n<\/ul>\n<p>Na splo\u0161no imajo nastavljivi cilindri z vidno glavo vrsto prednosti pred fiksno name\u0161\u010denimi cilindri. Zagotavljajo ve\u010djo vsestranskost, bolj\u0161i nadzor nad obremenitvijo, izbolj\u0161ano u\u010dinkovitost, dalj\u0161o \u017eivljenjsko dobo in kraj\u0161i \u010das izpada. Konkuren\u010dna cena 2-tonskega majhnega hidravli\u010dnega cilindra z dvojnim u\u010dinkom ga naredi priljubljeno izbiro za tiste, ki i\u0161\u010dejo zanesljivo in stro\u0161kovno u\u010dinkovito re\u0161itev.<\/p>\n<h3>O FMP-ju<\/h3>\n<p>FMP je podjetje, specializirano za proizvodnjo in prodajo hidravli\u010dnih cilindrov. S sede\u017eem v Italiji ponujamo visokokakovostne in zanesljive hidravli\u010dne cilindre, ki jih izdelujemo z dolgoletnimi izku\u0161njami v industriji in profesionalno ekipo.<\/p>\n<p><img decoding=\"async\" src=\"https:\/\/fmp-components.com\/wp-content\/uploads\/2024\/12\/Adjustable-Clevis-Type-Cylinders-6.webp\" alt=\"Nastavljiv valj tipa Clevis\" width=\"817\" title=\"\"><\/p>\n<ol>\n<li>\u0160iroka paleta izdelkov: Ponujamo raznoliko paleto hidravli\u010dnih cilindrov, primernih za razli\u010dne aplikacije v gradbeni mehanizaciji.<\/li>\n<li>Vrhunska kakovost: Vsi na\u0161i hidravli\u010dni cilindri so izdelani iz vrhunskih materialov in so podvr\u017eeni strogim kontrolam kakovosti, da se zagotovi njihova vzdr\u017eljivost in zmogljivost.<\/li>\n<li>Mo\u017enosti prilagajanja: Ponujamo storitve prilagajanja, da zadostimo specifi\u010dnim zahtevam na\u0161ih strank in zagotovimo re\u0161itve po meri za njihove potrebe glede gradbenih strojev.<\/li>\n<li>Strokovna prodajna ekipa: Na\u0161a izku\u0161ena prodajna ekipa ima poglobljeno znanje o industriji gradbenih strojev in lahko nudi strokovna svetovanja o izdelkih, da bi strankam pomagala pri sprejemanju premi\u0161ljenih odlo\u010ditev o nakupu.<\/li>\n<li>U\u010dinkovita logistika: Z na\u0161im u\u010dinkovitim logisti\u010dnim distribucijskim sistemom zagotavljamo pravo\u010dasno in natan\u010dno dobavo hidravli\u010dnih cilindrov na\u0161im strankam, s \u010dimer zagotavljamo nemoten potek projektov brez zamud.<\/li>\n<\/ol>\n<p>Za vse va\u0161e potrebe po hidravli\u010dnih cilindrih sodelujte s podjetjem FMP in izkusite zanesljivost, kakovost in profesionalnost, ki nas lo\u010dijo od drugih v industriji gradbenih strojev.<\/p>\n<p>Avtor: CX<\/p>","protected":false},"excerpt":{"rendered":"<p>Competitive Price 2 Ton Double Effect Small Hydraulic Cylinder Product Introduction: Competitive Price 2 Ton Double Effect Small Hydraulic Cylinder The Competitive Price 2 Ton Double Effect Small Hydraulic Cylinder is a highly efficient and reliable hydraulic cylinder that is designed to deliver superior performance for a wide range of industrial applications. This hydraulic cylinder [&hellip;]<\/p>","protected":false},"featured_media":1479,"comment_status":"closed","ping_status":"closed","template":"","meta":{"_et_pb_use_builder":"","_et_pb_old_content":"","_et_gb_content_width":""},"product_brand":[],"product_cat":[42],"product_tag":[34,44],"class_list":{"0":"post-1478","1":"product","2":"type-product","3":"status-publish","4":"has-post-thumbnail","6":"product_cat-snow-plow-hydraulic-cylinder","7":"product_tag-hydraulic-cylinder","8":"product_tag-snow-plow-hydraulic-cylinder","10":"first","11":"instock","12":"product-type-simple"},"_links":{"self":[{"href":"https:\/\/fmp-components.com\/sl\/wp-json\/wp\/v2\/product\/1478","targetHints":{"allow":["GET"]}}],"collection":[{"href":"https:\/\/fmp-components.com\/sl\/wp-json\/wp\/v2\/product"}],"about":[{"href":"https:\/\/fmp-components.com\/sl\/wp-json\/wp\/v2\/types\/product"}],"replies":[{"embeddable":true,"href":"https:\/\/fmp-components.com\/sl\/wp-json\/wp\/v2\/comments?post=1478"}],"wp:featuredmedia":[{"embeddable":true,"href":"https:\/\/fmp-components.com\/sl\/wp-json\/wp\/v2\/media\/1479"}],"wp:attachment":[{"href":"https:\/\/fmp-components.com\/sl\/wp-json\/wp\/v2\/media?parent=1478"}],"wp:term":[{"taxonomy":"product_brand","embeddable":true,"href":"https:\/\/fmp-components.com\/sl\/wp-json\/wp\/v2\/product_brand?post=1478"},{"taxonomy":"product_cat","embeddable":true,"href":"https:\/\/fmp-components.com\/sl\/wp-json\/wp\/v2\/product_cat?post=1478"},{"taxonomy":"product_tag","embeddable":true,"href":"https:\/\/fmp-components.com\/sl\/wp-json\/wp\/v2\/product_tag?post=1478"}],"curies":[{"name":"delovni list","href":"https:\/\/api.w.org\/{rel}","templated":true}]}}