{"id":1474,"date":"2024-12-23T05:49:26","date_gmt":"2024-12-23T05:49:26","guid":{"rendered":"https:\/\/fmp-components.com\/product\/new-model-double-acting-small-hydraulic-piston-cylinder\/"},"modified":"2024-12-23T06:33:50","modified_gmt":"2024-12-23T06:33:50","slug":"new-model-double-acting-small-hydraulic-piston-cylinder","status":"publish","type":"product","link":"https:\/\/fmp-components.com\/sl\/product\/new-model-double-acting-small-hydraulic-piston-cylinder\/","title":{"rendered":"Nov model dvojno delujo\u010dega majhnega hidravli\u010dnega bata"},"content":{"rendered":"<h2>Nov model dvojno delujo\u010dega majhnega hidravli\u010dnega bata<\/h2>\n<p>Predstavljamo vam nov model dvosmerno delujo\u010dega majhnega hidravli\u010dnega batnega cilindra:<\/p>\n<p>Novi model dvosmerno delujo\u010dega majhnega hidravli\u010dnega bata je revolucionaren izdelek, zasnovan za zagotavljanje u\u010dinkovite in zanesljive hidravli\u010dne mo\u010di. Zaradi svoje kompaktne velikosti in izjemne zmogljivosti je ta valj idealen za \u0161iroko paleto industrijskih aplikacij.<\/p>\n<p>Ta hidravli\u010dni batni cilinder z dvojnim delovanjem se lahko tako iztegne kot umakne, kar omogo\u010da natan\u010den nadzor in prilagodljivost pri razli\u010dnih operacijah. Zaradi majhnosti je idealen za uporabo v tesnih prostorih, kjer ve\u010dji cilindri morda niso primerni.<\/p>\n<p>Ta batni valj, izdelan iz najkakovostnej\u0161ih materialov, je zasnovan tako, da prenese te\u017eko uporabo in zagotavlja dosledno delovanje. Njegova robustna konstrukcija zagotavlja dolgotrajno vzdr\u017eljivost, kar zmanj\u0161uje vzdr\u017eevanje in izpade.<\/p>\n<p>Ta cilinder, opremljen z napredno hidravli\u010dno tehnologijo, ponuja gladko in zanesljivo delovanje z natan\u010dnim nadzorom hitrosti in sile. To zagotavlja optimalno zmogljivost in ve\u010djo produktivnost pri vsaki uporabi.<\/p>\n<p>Novi model dvosmernega hidravli\u010dnega bata z majhnim batnim cilindrom je enostaven za namestitev in zdru\u017eljiv z ve\u010dino hidravli\u010dnih sistemov. Njegova vsestranska zasnova omogo\u010da brezhibno integracijo v obstoje\u010de nastavitve in zagotavlja stro\u0161kovno u\u010dinkovito re\u0161itev za nadgradnjo ali raz\u0161iritev hidravli\u010dnih zmogljivosti.<\/p>\n<p>Ne glede na to, ali morate poganjati stroje, nadzorovati te\u017eke obremenitve ali izvajati natan\u010dne gibe, je novi model dvosmerno delujo\u010dega majhnega hidravli\u010dnega bata popolna izbira. Zaupajte njegovi izjemni zmogljivosti in vzdr\u017eljivosti, ki bo z lahkoto izpolnila va\u0161e potrebe po hidravli\u010dni mo\u010di.<\/p>\n<p>Izberite nov model dvosmernega majhnega hidravli\u010dnega batnega cilindra in izkusite mo\u010d hidravli\u010dne tehnologije v njeni najbolj\u0161i lu\u010di. Nadgradite svojo opremo in odklenite nove mo\u017enosti s tem inovativnim izdelkom. Predstavljamo vam nov model dvosmernega majhnega hidravli\u010dnega batnega cilindra, \u010dudo sodobnega strojni\u0161tva. Ta izdelek je izdelan z inovativno tehnologijo in vrhunskimi materiali, ki zagotavljajo optimalno zmogljivost in vzdr\u017eljivost. Ta hidravli\u010dni batni cilinder je idealen za delavnice za popravila strojev, kmetije, energetsko in rudarsko industrijo ter tovarne strojev, saj je nepogre\u0161ljiv za va\u0161a te\u017eka opravila.<\/p>\n<p><img decoding=\"async\" title=\"Hidravli\u010dni cilinder za sne\u017eni plug\" src=\"https:\/\/hzpt.com\/wp-content\/uploads\/2023\/11\/Snow-Plow-Hydraulic-Cylinder-2.webp\" alt=\"Hidravli\u010dni cilinder za sne\u017eni plug\" \/><\/p>\n<h2>Izpostavljene funkcije<\/h2>\n<p>Hidravli\u010dni batni cilinder ima enoletno garancijo, kar na\u0161im strankam zagotavlja brezskrbnost. Ima standardno strukturo in ga poganja hidravli\u010dna energija. Ohi\u0161je je izdelano iz robustnega jekla, ki lahko prenese ekstremne pogoje. Z najve\u010djim potiskom 3000 in najve\u010djim vle\u010dnim momentom 20 ton je ta stroj resni\u010dno zmogljiv. Gre za vrsto hidravli\u010dnega cilindra za sne\u017eni plug s priklju\u010dki G\/SAE\/NPT\/M. Ima certifikat ISO9001:2000, ki zagotavlja njegovo kakovost in zanesljivost.<\/p>\n<p><img decoding=\"async\" title=\"Hidravli\u010dni cilinder za sne\u017eni plug\" src=\"https:\/\/hzpt.com\/wp-content\/uploads\/2023\/11\/Snow-Plow-Hydraulic-Cylinder-3.webp\" alt=\"Hidravli\u010dni cilinder za sne\u017eni plug\" \/><\/p>\n<h3>Dodatne specifikacije<\/h3>\n<ul>\n<li>Velikost izvrtine: 2-6 palcev<\/li>\n<li>Velikost palice: 1,125-4 palca<\/li>\n<li>Velikost giba: 4-100 palcev<\/li>\n<li>Velikost zati\u010da: 0,5-2 palca<\/li>\n<li>Barva: \u010drna<\/li>\n<\/ul>\n<p><img decoding=\"async\" src=\"https:\/\/hzpt.com\/wp-content\/uploads\/2023\/11\/Snow-Plow-Hydraulic-Cylinder-4Factory.webp\" alt=\"Tovarni\u0161ka slika\" title=\"\"><\/p>\n<h2>Prednosti nastavljivih cilindrov tipa Clevis<\/h2>\n<p>Nastavljivi cilindri z vidno glavo so priljubljena izbira za \u0161tevilne industrijske in gradbene aplikacije. Ti cilindri ponujajo ve\u010d prednosti pred drugimi vrstami cilindrov. V tem \u010dlanku bomo obravnavali nekatere prednosti nastavljivih cilindrov z vidno glavo, vklju\u010dno z njihovo vzdr\u017eljivostjo, vsestranskostjo in u\u010dinkovitostjo.<\/p>\n<h3>Vzdr\u017eljivost<\/h3>\n<p>Ena glavnih prednosti nastavljivih cilindrov z vidno glavo je njihova vzdr\u017eljivost. Ti cilindri so zasnovani tako, da prenesejo velike obremenitve in ekstremne obratovalne pogoje. Uporaba visokokakovostnih materialov, kot so jeklo in aluminijeve zlitine, zagotavlja, da ti cilindri prenesejo obrabo zaradi vsakodnevne uporabe.<\/p>\n<p>Poleg tega so nastavljivi cilindri z vidno glavo zasnovani tako, da so odporni proti koroziji in drugim vrstam po\u0161kodb, ki lahko nastanejo zaradi izpostavljenosti zahtevnim okoljem. Zaradi tega so idealna izbira za zunanjo uporabo, kjer so cilindri lahko izpostavljeni vlagi, soli in drugim korozivnim snovem.<\/p>\n<h3>Vsestranskost<\/h3>\n<p>Druga prednost nastavljivih cilindrov z vidno glavo je njihova vsestranskost. Ti cilindri se lahko uporabljajo v najrazli\u010dnej\u0161ih aplikacijah, vklju\u010dno s kmetijstvom, gradbeni\u0161tvom, rudarstvom in proizvodnjo. Prilagodijo se lahko razli\u010dnim vrstam strojev in opreme, zaradi \u010desar so zelo vsestranska izbira.<\/p>\n<p>Nastavljiva zasnova teh cilindrov z vili\u010dastim kljukico omogo\u010da enostavno namestitev in nastavitev, zaradi \u010desar so priro\u010dna izbira za \u0161tevilne aplikacije. Poleg tega mo\u017enost prilagajanja dol\u017eine cilindra omogo\u010da ve\u010djo prilagodljivost pri zasnovi in \u200b\u200bdelovanju opreme.<\/p>\n<h3>U\u010dinkovitost<\/h3>\n<p>Nastavljivi cilindri z vidno glavo so prav tako zelo u\u010dinkoviti. Uporaba naprednih hidravli\u010dnih sistemov, kot je na primer novi model dvostranskega majhnega hidravli\u010dnega bata, zagotavlja, da lahko ti cilindri delujejo z najve\u010djo u\u010dinkovitostjo.<\/p>\n<p>Dvostransko delujo\u010da zasnova teh cilindrov omogo\u010da ve\u010dji nadzor nad gibanjem opreme, kar ima za posledico bolj gladko in natan\u010dnej\u0161e delovanje. Poleg tega nastavljiva zasnova teh cilindrov z vidno glavo omogo\u010da ve\u010dji nadzor nad hitrostjo opreme, kar ima za posledico ve\u010djo u\u010dinkovitost in produktivnost.<\/p>\n<p>Skratka, nastavljivi cilindri z vili\u010dasto glavo ponujajo ve\u010d prednosti pred drugimi vrstami cilindrov. Zaradi svoje vzdr\u017eljivosti, vsestranskosti in u\u010dinkovitosti so idealna izbira za \u0161tevilne industrijske in gradbene aplikacije. Z naprednimi hidravli\u010dnimi sistemi in inovativnimi zasnovami bodo ti cilindri zagotovo \u0161e vrsto let igrali klju\u010dno vlogo pri delovanju strojev in opreme.<\/p>\n<h3>O FMP-ju<\/h3>\n<p>FMP je vodilno podjetje, specializirano za proizvodnjo in prodajo hidravli\u010dnih cilindrov. S sede\u017eem v Italiji strankam ponujamo \u0161iroko paleto visokokakovostnih in zanesljivih re\u0161itev za hidravli\u010dne cilindre, ki jih podpirajo na\u0161e bogate izku\u0161nje v panogi in strokovna ekipa.<\/p>\n<p><strong>1. Raznolika ponudba izdelkov:<\/strong> Na\u0161a ponudba izdelkov vklju\u010duje razli\u010dne hidravli\u010dne cilindre, zasnovane za razli\u010dne aplikacije, kar zagotavlja, da lahko zadostimo specifi\u010dnim potrebam na\u0161ih strank.<\/p>\n<p><strong>2. Vrhunska kakovost:<\/strong> Pri FMP dajemo prednost kakovosti in zagotavljamo, da vsi na\u0161i hidravli\u010dni cilindri izpolnjujejo stroge standarde kakovosti. Vzpostavili smo dolgoro\u010dne in stabilne odnose z visokokakovostnimi dobavitelji, tako doma\u010dimi kot mednarodnimi, da zagotovimo odli\u010dnost na\u0161ih izdelkov.<\/p>\n<p><strong>3. Strokovna prodajna ekipa:<\/strong> Na\u0161a izku\u0161ena in usposobljena prodajna ekipa ima poglobljeno znanje o industriji gradbenih strojev. Sledijo najnovej\u0161im trendom in razumejo potrebe strank, kar jim omogo\u010da strokovno svetovanje o izdelkih in pametne predloge za nakup.<\/p>\n<p><strong>4. U\u010dinkovita logisti\u010dna distribucija:<\/strong> Vzpostavili smo u\u010dinkovit logisti\u010dni distribucijski sistem, ki zagotavlja pravo\u010dasno in natan\u010dno dobavo potrebnih hidravli\u010dnih cilindrov na\u0161im strankam, s \u010dimer se skraj\u0161ajo izpadi in pove\u010da produktivnost.<\/p>\n<p><strong>5. Zavezanost k zadovoljstvu strank:<\/strong> Pri FMP dajemo prednost zadovoljstvu strank. Prizadevamo si graditi dolgoro\u010dne odnose z na\u0161imi strankami z zagotavljanjem izjemnih izdelkov in odli\u010dne poprodajne podpore.<\/p>\n<p><img decoding=\"async\" src=\"https:\/\/fmp-components.com\/wp-content\/uploads\/2024\/12\/Adjustable-Clevis-Type-Cylinders-6.webp\" alt=\"Nastavljiv valj tipa Clevis\" width=\"815\" title=\"\"><\/p>\n<h2>Pogosta vpra\u0161anja<\/h2>\n<ol>\n<li style=\"list-style-type: none;\">\n<ol>\n<li>V: Ali ste trgovsko podjetje ali proizvajalec? O: Smo tovarna.<\/li>\n<li>V: Koliko \u010dasa traja va\u0161a dobavnica? O: Na splo\u0161no je to 25-35 dni.<\/li>\n<li>V: Ali ponujate vzorce? Ali so brezpla\u010dni ali dodatni? O: Da, lahko ponudimo vzorec, vendar ni brezpla\u010den.<\/li>\n<\/ol>\n<\/li>\n<\/ol>\n<p>Avtor: CX<\/p>","protected":false},"excerpt":{"rendered":"<p>New Model Double Acting Small Hydraulic Piston Cylinder Introducing the New Model Double Acting Small Hydraulic Piston Cylinder: The New Model Double Acting Small Hydraulic Piston Cylinder is a revolutionary product designed to provide efficient and reliable hydraulic power. With its compact size and exceptional performance, this cylinder is perfect for a wide range of [&hellip;]<\/p>","protected":false},"featured_media":1475,"comment_status":"closed","ping_status":"closed","template":"","meta":{"_et_pb_use_builder":"","_et_pb_old_content":"","_et_gb_content_width":""},"product_brand":[],"product_cat":[42],"product_tag":[34,44],"class_list":{"0":"post-1474","1":"product","2":"type-product","3":"status-publish","4":"has-post-thumbnail","6":"product_cat-snow-plow-hydraulic-cylinder","7":"product_tag-hydraulic-cylinder","8":"product_tag-snow-plow-hydraulic-cylinder","10":"first","11":"instock","12":"product-type-simple"},"_links":{"self":[{"href":"https:\/\/fmp-components.com\/sl\/wp-json\/wp\/v2\/product\/1474","targetHints":{"allow":["GET"]}}],"collection":[{"href":"https:\/\/fmp-components.com\/sl\/wp-json\/wp\/v2\/product"}],"about":[{"href":"https:\/\/fmp-components.com\/sl\/wp-json\/wp\/v2\/types\/product"}],"replies":[{"embeddable":true,"href":"https:\/\/fmp-components.com\/sl\/wp-json\/wp\/v2\/comments?post=1474"}],"wp:featuredmedia":[{"embeddable":true,"href":"https:\/\/fmp-components.com\/sl\/wp-json\/wp\/v2\/media\/1475"}],"wp:attachment":[{"href":"https:\/\/fmp-components.com\/sl\/wp-json\/wp\/v2\/media?parent=1474"}],"wp:term":[{"taxonomy":"product_brand","embeddable":true,"href":"https:\/\/fmp-components.com\/sl\/wp-json\/wp\/v2\/product_brand?post=1474"},{"taxonomy":"product_cat","embeddable":true,"href":"https:\/\/fmp-components.com\/sl\/wp-json\/wp\/v2\/product_cat?post=1474"},{"taxonomy":"product_tag","embeddable":true,"href":"https:\/\/fmp-components.com\/sl\/wp-json\/wp\/v2\/product_tag?post=1474"}],"curies":[{"name":"delovni list","href":"https:\/\/api.w.org\/{rel}","templated":true}]}}