{"id":1472,"date":"2024-12-23T05:49:26","date_gmt":"2024-12-23T05:49:26","guid":{"rendered":"https:\/\/fmp-components.com\/product\/quality-assurance-small-welded-snow-plow-hydraulic-cylinder\/"},"modified":"2024-12-23T06:44:32","modified_gmt":"2024-12-23T06:44:32","slug":"quality-assurance-small-welded-snow-plow-hydraulic-cylinder","status":"publish","type":"product","link":"https:\/\/fmp-components.com\/sl\/product\/quality-assurance-small-welded-snow-plow-hydraulic-cylinder\/","title":{"rendered":"Zagotavljanje kakovosti Majhen varjeni hidravli\u010dni cilinder za sne\u017eni plug"},"content":{"rendered":"<h2>Zagotavljanje kakovosti Majhen varjeni hidravli\u010dni cilinder za sne\u017eni plug<\/h2>\n<p>Majhen varjeni hidravli\u010dni cilinder za sne\u017eni plug z zagotavljanjem kakovosti je visokozmogljiv izdelek, zasnovan za u\u010dinkovito plu\u017eenje snega. S svojo kompaktno velikostjo in varjeno konstrukcijo ta hidravli\u010dni cilinder ponuja vzdr\u017eljivost in zanesljivost v zahtevnih okoljih.<\/p>\n<p>Ta valj, opremljen z naprednimi tehnologijami za zagotavljanje kakovosti, je podvr\u017een strogim testiranjem, da se zagotovi, da njegova zmogljivost ustreza najvi\u0161jim standardom. Zaradi majhne velikosti je primeren za razli\u010dne aplikacije sne\u017enih plugov, saj zagotavlja odli\u010den nadzor in natan\u010dnost.<\/p>\n<p>Hidravli\u010dni sistem tega cilindra omogo\u010da gladko in u\u010dinkovito delovanje, kar omogo\u010da enostavno manevriranje in ve\u010djo produktivnost. Njegova robustna konstrukcija zagotavlja dolgotrajno delovanje, tudi v te\u017ekih vremenskih razmerah.<\/p>\n<p><img decoding=\"async\" title=\"Hidravli\u010dni cilinder za sne\u017eni plug\" src=\"https:\/\/hzpt.com\/wp-content\/uploads\/2023\/11\/Snow-Plow-Hydraulic-Cylinder-3.webp\" alt=\"Hidravli\u010dni cilinder za sne\u017eni plug\" \/><\/p>\n<p>Z vrhunsko kakovostjo in zanesljivim delovanjem je majhen varjeni hidravli\u010dni cilinder za sne\u017eni plug Quality Assurance idealna izbira za strokovnjake v industriji \u010di\u0161\u010denja snega. Ponuja odli\u010dno razmerje med ceno in kakovostjo ter zagotavlja zanesljivo re\u0161itev za vse va\u0161e potrebe po plu\u017eenju snega.<\/p>\n<h2>Predstavljamo na\u0161 hidravli\u010dni cilinder za majhen varjen sne\u017eni plug z zagotavljanjem kakovosti<\/h2>\n<p>Na\u0161 povsem novi hidravli\u010dni cilinder za sne\u017eni plug je standardni batni cilinder, zasnovan posebej za te\u017eka dela s sne\u017enim plugom. Izdelan je iz mo\u010dnega jekla, zaradi \u010desar je robusten in zelo u\u010dinkovit.<\/p>\n<h2>Zna\u010dilnosti in specifikacije izdelka<\/h2>\n<p>Na\u0161 hidravli\u010dni cilinder za sne\u017eni plug ima 1-letno garancijo in tehta le 5 kilogramov, zaradi \u010desar je enostaven za namestitev in uporabo. Idealen je za razli\u010dne panoge, vklju\u010dno s strojnimi delavnicami, kmetijstvom, energetiko, rudarstvom, proizvodnjo strojev in tovarnami strojev. Osrednji sestavni deli tega hidravli\u010dnega cilindra so le\u017eaj in hidravli\u010dni cilinder. Material ohi\u0161ja je mo\u010dno jeklo, kar zagotavlja dolgotrajno delovanje in vzdr\u017eljivost.<\/p>\n<ul>\n<li>Najve\u010dji potisk: 3000<\/li>\n<li>Najve\u010dja vle\u010dna sila: 20 ton<\/li>\n<li>Velikost izvrtine: 2-6 palcev<\/li>\n<li>Velikost palice: 1,125-4 palca<\/li>\n<li>Velikost giba: 4-100 palcev<\/li>\n<li>Velikost zati\u010da: 0,5-2 palca<\/li>\n<li>Barva: \u010drna<\/li>\n<\/ul>\n<h2>Vzdr\u017eevanje in nega<\/h2>\n<p>Za zagotovitev optimalne zmogljivosti in dolge \u017eivljenjske dobe sta pravilno vzdr\u017eevanje in nega hidravli\u010dnega cilindra bistvenega pomena. Redni pregledi, \u010di\u0161\u010denje in mazanje lahko znatno podalj\u0161ajo \u017eivljenjsko dobo izdelka in ohranijo njegovo optimalno delovanje.<\/p>\n<h2>Scenariji uporabe<\/h2>\n<p>Hidravli\u010dni cilinder za sne\u017eni plug se pogosto uporablja v razli\u010dnih panogah, vklju\u010dno s strojnimi delavnicami, kmetijstvom, energetiko in rudarstvom, proizvodnjo strojev in tovarnami strojev. Zaradi svoje kompaktne velikosti, mo\u010di in vzdr\u017eljivosti je idealna izbira za te\u017eka opravila \u010di\u0161\u010denja snega.<\/p>\n<p><img decoding=\"async\" title=\"Hidravli\u010dni cilinder za sne\u017eni plug\" src=\"https:\/\/hzpt.com\/wp-content\/uploads\/2023\/11\/Snow-Plow-Hydraulic-Cylinder-1.webp\" alt=\"Hidravli\u010dni cilinder za sne\u017eni plug\" \/><\/p>\n<h2>Prednosti nastavljivih cilindrov tipa Clevis<\/h2>\n<p>Nastavljivi cilindri z vidno glavo ponujajo ve\u010d prednosti pred tradicionalnimi hidravli\u010dnimi cilindri. Ti inovativni cilindri so zasnovani natan\u010dno in vklju\u010dujejo napredne funkcije, ki izbolj\u0161ujejo njihovo zmogljivost in vsestranskost. V tem \u010dlanku bomo podrobneje raziskali prednosti nastavljivih cilindrov z vidno glavo.<\/p>\n<h3>Izbolj\u0161ana prilagodljivost<\/h3>\n<p>Ena klju\u010dnih prednosti nastavljivih cilindrov z vili\u010dasto glavo je njihova ve\u010dja fleksibilnost. Ti cilindri so zasnovani tako, da omogo\u010dajo nastavljive mo\u017enosti monta\u017ee, kar omogo\u010da enostavno prilagajanje in prilagajanje razli\u010dnim aplikacijam. Funkcija nastavljive vili\u010daste glave omogo\u010da monta\u017eo cilindra pod razli\u010dnimi koti, kar zagotavlja ve\u010djo fleksibilnost pri namestitvi in \u200b\u200bdelovanju. Ta vsestranskost omogo\u010da uporabo cilindra v \u0161tevilnih panogah, kot so kmetijstvo, gradbeni\u0161tvo in proizvodnja.<\/p>\n<h3>Izbolj\u0161ana u\u010dinkovitost<\/h3>\n<p>Nastavljivi cilindri z vili\u010dasto glavo so zasnovani tako, da zagotavljajo bolj\u0161o u\u010dinkovitost v primerjavi s konvencionalnimi cilindri. Uporaba napredne hidravli\u010dne tehnologije zagotavlja u\u010dinkovit prenos mo\u010di, kar ima za posledico ve\u010djo produktivnost in manj\u0161o porabo energije. Ti cilindri so zasnovani tako, da zagotavljajo natan\u010den nadzor nad gibanjem in silo, kar omogo\u010da upravljavcem, da dose\u017eejo optimalno zmogljivost pri razli\u010dnih aplikacijah. Zasnova z nastavljivo vili\u010dasto glavo pomaga tudi zmanj\u0161ati obrabo, podalj\u0161a \u017eivljenjsko dobo cilindra in zmanj\u0161a stro\u0161ke vzdr\u017eevanja.<\/p>\n<h3>Izbolj\u0161ana vzdr\u017eljivost<\/h3>\n<p>Zagotavljanje kakovosti je klju\u010dni dejavnik pri izdelavi nastavljivih cilindrov tipa clevis. Ti cilindri so izdelani tako, da prenesejo te\u017eke obratovalne pogoje in zagotavljajo dolgotrajno delovanje. Uporaba visokokakovostnih materialov, kot sta kaljeno jeklo in trpe\u017ena tesnila, zagotavlja, da cilindri prenesejo velike obremenitve, ekstremne temperature in zahtevna okolja. Poleg tega so majhni varjeni hidravli\u010dni cilindri za sne\u017eni plug zasnovani tako, da so odporni proti koroziji, zaradi \u010desar so idealni za zunanjo uporabo, kjer je izpostavljenost vlagi in drugim okoljskim dejavnikom pogosta.<\/p>\n<h3>Pove\u010dana varnost<\/h3>\n<p>Nastavljivi cilindri z vidno glavo dajejo prednost varnosti. Ti cilindri so opremljeni z naprednimi varnostnimi funkcijami, kot so tla\u010dni varnostni ventili in sistemi za za\u0161\u010dito pred preobremenitvijo, da prepre\u010dijo nesre\u010de in po\u0161kodbe opreme. Nastavljive mo\u017enosti pritrditve omogo\u010dajo tudi natan\u010dno pozicioniranje, kar zmanj\u0161uje tveganje za napa\u010dno poravnavo ali nepravilno namestitev. Poleg tega cilindri prestajajo stroge preizkuse in ukrepe nadzora kakovosti, da se zagotovi skladnost z industrijskimi standardi in predpisi, kar upravljavcem zagotavlja brezskrbnost.<\/p>\n<h3>Vsestranske uporabe<\/h3>\n<p>Zaradi mo\u017enosti nastavljive monta\u017ee in naprednih funkcij se nastavljivi cilindri z vidno glavo uporabljajo v razli\u010dnih panogah. Ti cilindri se pogosto uporabljajo v kmetijski mehanizaciji za naloge, kot sta dvigovanje in nagibanje te\u017ekih bremen. Uporabljajo se tudi v gradbeni opremi za naloge, kot so zemeljska dela in ravnanje z materiali. Poleg tega se nastavljivi cilindri z vidno glavo uporabljajo v proizvodnih procesih, ki zahtevajo natan\u010den nadzor nad silo in gibanjem. Zaradi vsestranskosti teh cilindrov so dragoceno sredstvo v \u0161tevilnih aplikacijah, saj pove\u010dujejo produktivnost in u\u010dinkovitost.<\/p>\n<p>Skratka, nastavljivi cilindri z vili\u010dasto glavo ponujajo \u0161tevilne prednosti, zaradi katerih so priljubljena izbira v razli\u010dnih panogah. Njihova ve\u010dja fleksibilnost, izbolj\u0161ana u\u010dinkovitost, vzdr\u017eljivost, varnostne funkcije in vsestranska uporaba jih lo\u010dijo od obi\u010dajnih hidravli\u010dnih cilindrov. Uporaba napredne tehnologije in ukrepov za zagotavljanje kakovosti zagotavlja zanesljivo delovanje in dolgo \u017eivljenjsko dobo teh cilindrov. Na splo\u0161no so nastavljivi cilindri z vili\u010dasto glavo dragocen dodatek k vsakemu hidravli\u010dnemu sistemu, saj zagotavljajo optimalno delovanje in prilagodljivost.<\/p>\n<h3>O hidravli\u010dnem cilindru FMP<\/h3>\n<p>FMP je zaupanja vredno podjetje, specializirano za prodajo in servis delov in celotnih strojev za gradbeno mehanizacijo. Na\u0161i hidravli\u010dni cilindri so zasnovani in izdelani tako, da izpolnjujejo visoke zahteve gradbene industrije. Imamo \u0161iroko paleto izdelkov, ki vklju\u010duje razli\u010dne vrste hidravli\u010dnih cilindrov, kot so nastavljivi cilindri z vidno glavo, varjeni cilindri, teleskopski cilindri in mnogi drugi.<\/p>\n<p>Tukaj je nekaj razlogov, zakaj bi morali izbrati hidravli\u010dni cilinder FMP:<\/p>\n<ol>\n<li><strong>Visokokakovostne komponente:<\/strong> Na\u0161i hidravli\u010dni cilindri so izdelani iz visokokakovostnih komponent, ki izpolnjujejo stroge standarde kakovosti. Materiale dobavljamo od zanesljivih dobaviteljev doma in v tujini, da zagotovimo najvi\u0161jo kakovost na\u0161ih izdelkov.<\/li>\n<li><strong>Zanesljiva zmogljivost:<\/strong> Uporabljamo napredne proizvodne tehnike in tehnologijo, da zagotovimo zanesljivo delovanje na\u0161ih hidravli\u010dnih cilindrov tudi v najte\u017ejih okoljih.<\/li>\n<li><strong>Prilagoditev:<\/strong> Ponujamo storitve prilagajanja, da zadostimo specifi\u010dnim potrebam na\u0161ih strank. Na\u0161a ekipa usposobljenih in\u017eenirjev lahko zasnuje in izdela hidravli\u010dne cilindre, ki natan\u010dno ustrezajo va\u0161im zahtevam.<\/li>\n<li><strong>Konkuren\u010dne cene:<\/strong> Na\u0161e izdelke ponujamo po konkuren\u010dnih cenah brez kompromisov pri kakovosti. Na\u0161 cilj je strankam zagotoviti stro\u0161kovno u\u010dinkovite re\u0161itve.<\/li>\n<li><strong>Odli\u010dna storitev za stranke:<\/strong> Na\u0161a prodajna ekipa ima znanje in izku\u0161nje v industriji gradbenih strojev. Zagotavljajo vam lahko strokovno svetovanje o izdelkih in pametne predloge za nakup. Imamo tudi u\u010dinkovit logisti\u010dni distribucijski sistem, ki zagotavlja, da stranke pravo\u010dasno in natan\u010dno prejmejo potrebne dele.<\/li>\n<\/ol>\n<p>Stopite v stik z nami in izvedite ve\u010d o na\u0161ih hidravli\u010dnih cilindrih ter o tem, kako vam lahko pomagamo pri va\u0161ih potrebah po gradbeni mehanizaciji.<\/p>\n<p><img decoding=\"async\" src=\"https:\/\/fmp-components.com\/wp-content\/uploads\/2024\/12\/Adjustable-Clevis-Type-Cylinders-6.webp\" alt=\"Nastavljiv valj tipa Clevis\" width=\"814\" title=\"\"><\/p>\n<p>Avtor: CX<\/p>","protected":false},"excerpt":{"rendered":"<p>Quality Assurance Small Welded Snow Plow Hydraulic Cylinder The Quality Assurance Small Welded Snow Plow Hydraulic Cylinder is a high-performance product designed for efficient snow plowing operations. With its compact size and welded construction, this hydraulic cylinder offers durability and reliability in demanding environments. Equipped with advanced quality assurance technologies, this cylinder undergoes rigorous testing [&hellip;]<\/p>","protected":false},"featured_media":1473,"comment_status":"closed","ping_status":"closed","template":"","meta":{"_et_pb_use_builder":"","_et_pb_old_content":"","_et_gb_content_width":""},"product_brand":[],"product_cat":[42],"product_tag":[34,44],"class_list":{"0":"post-1472","1":"product","2":"type-product","3":"status-publish","4":"has-post-thumbnail","6":"product_cat-snow-plow-hydraulic-cylinder","7":"product_tag-hydraulic-cylinder","8":"product_tag-snow-plow-hydraulic-cylinder","10":"first","11":"instock","12":"product-type-simple"},"_links":{"self":[{"href":"https:\/\/fmp-components.com\/sl\/wp-json\/wp\/v2\/product\/1472","targetHints":{"allow":["GET"]}}],"collection":[{"href":"https:\/\/fmp-components.com\/sl\/wp-json\/wp\/v2\/product"}],"about":[{"href":"https:\/\/fmp-components.com\/sl\/wp-json\/wp\/v2\/types\/product"}],"replies":[{"embeddable":true,"href":"https:\/\/fmp-components.com\/sl\/wp-json\/wp\/v2\/comments?post=1472"}],"wp:featuredmedia":[{"embeddable":true,"href":"https:\/\/fmp-components.com\/sl\/wp-json\/wp\/v2\/media\/1473"}],"wp:attachment":[{"href":"https:\/\/fmp-components.com\/sl\/wp-json\/wp\/v2\/media?parent=1472"}],"wp:term":[{"taxonomy":"product_brand","embeddable":true,"href":"https:\/\/fmp-components.com\/sl\/wp-json\/wp\/v2\/product_brand?post=1472"},{"taxonomy":"product_cat","embeddable":true,"href":"https:\/\/fmp-components.com\/sl\/wp-json\/wp\/v2\/product_cat?post=1472"},{"taxonomy":"product_tag","embeddable":true,"href":"https:\/\/fmp-components.com\/sl\/wp-json\/wp\/v2\/product_tag?post=1472"}],"curies":[{"name":"delovni list","href":"https:\/\/api.w.org\/{rel}","templated":true}]}}