{"id":1470,"date":"2024-12-23T05:49:26","date_gmt":"2024-12-23T05:49:26","guid":{"rendered":"https:\/\/fmp-components.com\/product\/china-supplier-mini-piston-hydraulic-cylinder-double-acting\/"},"modified":"2025-03-18T02:10:05","modified_gmt":"2025-03-18T02:10:05","slug":"italy-supplier-mini-piston-hydraulic-cylinder-double-acting","status":"publish","type":"product","link":"https:\/\/fmp-components.com\/sl\/product\/italy-supplier-mini-piston-hydraulic-cylinder-double-acting\/","title":{"rendered":"Italijanski dobavitelj mini batni hidravli\u010dni cilinder z dvojnim delovanjem"},"content":{"rendered":"<h2>Italijanski dobavitelj mini batni hidravli\u010dni cilinder z dvojnim delovanjem<\/h2>\n<p>Mini batni hidravli\u010dni cilinder z dvojnim delovanjem italijanskega dobavitelja je visokokakovosten hidravli\u010dni cilinder kompaktne velikosti, ki ponuja zanesljivo delovanje. Ta izdelek je zasnoval in izdelal vodilni dobavitelj v Italiji, znan po svojem strokovnem znanju na podro\u010dju proizvodnje hidravli\u010dne opreme.<\/p>\n<p>Dvosmerno delujo\u010di mini batni hidravli\u010dni cilinder je zelo vsestranski in se lahko uporablja v razli\u010dnih aplikacijah, kot so industrijski stroji, gradbena oprema in kmetijska mehanizacija. Njegova dvosmerno delujo\u010da zasnova omogo\u010da u\u010dinkovito delovanje tako pri iztegovanju kot pri umikanju, kar pove\u010duje produktivnost in zmogljivost.<\/p>\n<p>Ta hidravli\u010dni cilinder je izdelan iz visokokakovostnih materialov, kar zagotavlja vzdr\u017eljivost in dolgo \u017eivljenjsko dobo. Zasnovan je tako, da prenese velike obremenitve in te\u017eke delovne pogoje, zaradi \u010desar je primeren za zahtevna okolja. Bat je natan\u010dno zasnovan za gladko in zanesljivo delovanje ter zmanj\u0161uje trenje in obrabo.<\/p>\n<p><img decoding=\"async\" title=\"Hidravli\u010dni cilinder za sne\u017eni plug\" src=\"https:\/\/hzpt.com\/wp-content\/uploads\/2023\/11\/Snow-Plow-Hydraulic-Cylinder-3.webp\" alt=\"Hidravli\u010dni cilinder za sne\u017eni plug\" \/><\/p>\n<p>Dvosmerno delujo\u010di mini batni hidravli\u010dni cilinder italijanskega dobavitelja je enostaven za namestitev in vzdr\u017eevanje. Opremljen je z visokokakovostnimi tesnili za prepre\u010devanje pu\u0161\u010danja in ohranjanje optimalne zmogljivosti. Poleg tega je zdru\u017eljiv z razli\u010dnimi hidravli\u010dnimi sistemi, zaradi \u010desar je vsestranska izbira za razli\u010dne panoge.<\/p>\n<p>Zaradi svoje kompaktne velikosti ta hidravli\u010dni cilinder ponuja prilagodljivost pri namestitvi, tudi v tesnih prostorih. Zagotavlja odli\u010dno dol\u017eino hoda, kar omogo\u010da natan\u010den nadzor in u\u010dinkovito delovanje. Mini batni hidravli\u010dni cilinder z dvojnim delovanjem je zasnovan tako, da zagotavlja dosledno in natan\u010dno silo, kar izbolj\u0161a splo\u0161no zmogljivost stroja, v katerega je name\u0161\u010den.<\/p>\n<p>Skratka, mini batni hidravli\u010dni cilinder z dvojnim delovanjem italijanskega dobavitelja je zanesljiv in visoko zmogljiv hidravli\u010dni cilinder, ki ponuja vsestranskost, vzdr\u017eljivost in u\u010dinkovitost. Zaradi svoje kompaktne velikosti in dvojno delujo\u010de zasnove je primeren za \u0161iroko paleto aplikacij v razli\u010dnih panogah. Izberite ta izdelek za ve\u010djo produktivnost in zanesljivo delovanje. Odkrijte nov standard u\u010dinkovitosti in mo\u010di z dvostransko delujo\u010dim mini batnim hidravli\u010dnim valjem na\u0161ih uglednih italijanskih dobaviteljev. Z enoletno garancijo in vrsto ustreznih panog je ta izdelek zanesljiva nalo\u017eba za kakovost in zmogljivost.<\/p>\n<h2>Zna\u010dilnosti izdelka<\/h2>\n<p>Na\u0161 mini batni hidravli\u010dni cilinder je dvosmerno delujo\u010di standardni batni cilinder, zasnovan za visoko zmogljivost. Z robustnim jeklenim ohi\u0161jem lahko proizvede najve\u010dji potisk 3000 in najve\u010dji vle\u010dni moment 20 ton. Ni le mo\u010dan, ampak tudi vsestranski, zato se odli\u010dno prilega hidravli\u010dnim cilindrom sne\u017enih plugov.<\/p>\n<h3>Specifikacije<\/h3>\n<ul>\n<li>Te\u017ea (KG): 5,4<\/li>\n<li>Najve\u010dji potisk: 3000<\/li>\n<li>Tip: Hidravli\u010dni cilindri za sne\u017eni plug<\/li>\n<li>Priklju\u010dki: G\/SAE\/NPT\/M<\/li>\n<li>Najve\u010dja vle\u010dna sila: 20 ton<\/li>\n<li>Velikost izvrtine: 2-6 palcev<\/li>\n<li>Velikost palice: 1,125-4 palca<\/li>\n<li>Velikost giba: 4-100 palcev<\/li>\n<li>Velikost zati\u010da: 0,5-2 palca<\/li>\n<li>Barva: \u010drna<\/li>\n<\/ul>\n<p><img decoding=\"async\" src=\"https:\/\/hzpt.com\/wp-content\/uploads\/2023\/11\/Snow-Plow-Hydraulic-Cylinder-4Factory.webp\" alt=\"Tovarna prenosov Ever-Power\" title=\"\"><\/p>\n<h2>Prednosti nastavljivih cilindrov tipa Clevis<\/h2>\n<p>Nastavljivi cilindri z vidno glavo ponujajo razli\u010dne prednosti v hidravli\u010dnih sistemih. Ti cilindri, znani tudi kot hidravli\u010dni cilindri z vidno glavo, se zaradi svoje vsestranskosti in zmogljivosti pogosto uporabljajo v industrijskih aplikacijah. V tem \u010dlanku bomo raziskali prednosti uporabe nastavljivih cilindrov z vidno glavo in zakaj so odli\u010dna izbira za hidravli\u010dne sisteme.<\/p>\n<p>1. Izbolj\u0161ana fleksibilnost in prilagodljivost:<br \/>\nNastavljivi cilindri z vili\u010dasto glavo omogo\u010dajo enostavno prilagajanje polo\u017eaja vgradnje, kar omogo\u010da ve\u010djo prilagodljivost pri zasnovi hidravli\u010dnega sistema. Ta prilagodljivost je klju\u010dnega pomena pri razli\u010dnih kotih vgradnje ali kadar prostorske omejitve zahtevajo natan\u010dno pozicioniranje. Nastavljiv nosilec z vili\u010dasto glavo ponuja \u0161irok razpon nastavitev, kar zagotavlja optimalno poravnavo cilindra za u\u010dinkovito delovanje.<\/p>\n<p>Poleg tega se lahko z mo\u017enostjo prilagajanja pritrditve vili\u010daste glave prilagodijo spremembe obremenitve ali modifikacije sistema, s \u010dimer se izognemo potrebi po popolni zamenjavi cilindra. Ta prilagodljivost prihrani \u010das, trud in stro\u0161ke, povezane s ponovno konfiguracijo sistema.<\/p>\n<p>2. Vrhunska nosilnost:<br \/>\nNastavljivi cilindri z vidno glavo so zasnovani za u\u010dinkovito prena\u0161anje te\u017ekih bremen. Pritrditev z vidno glavo zagotavlja mo\u010dno povezovalno to\u010dko med batnico in bremenom, kar zagotavlja zanesljivo nosilnost. Zaradi te lastnosti so primerni za aplikacije, ki vklju\u010dujejo dvigovanje, potiskanje ali vle\u010denje te\u017ekih predmetov.<\/p>\n<p>Robustna konstrukcija in natan\u010dna in\u017eeniring teh valjev zagotavljata njihovo sposobnost, da prenesejo visoke tlake in velike obremenitve brez ogro\u017eanja zmogljivosti. Ta zanesljivost je bistvenega pomena za industrijske operacije, kjer sta varnost in produktivnost najpomembnej\u0161i.<\/p>\n<p>3. Mo\u017enosti pove\u010dane dol\u017eine hoda:<br \/>\nDol\u017eina hoda se nana\u0161a na razdaljo, ki jo lahko batnica premakne znotraj cilindra. Nastavljivi cilindri z vili\u010dasto glavo ponujajo \u0161irok nabor mo\u017enosti dol\u017eine hoda, kar omogo\u010da natan\u010den nadzor in prilagoditev hidravli\u010dnega sistema. Mo\u017enost izbire najprimernej\u0161e dol\u017eine hoda zagotavlja optimalno delovanje za specifi\u010dne aplikacije.<\/p>\n<p>Dalj\u0161e dol\u017eine hoda so lahko koristne v situacijah, kjer je potreben ve\u010dji obseg gibanja, medtem ko so kraj\u0161e dol\u017eine hoda primerne za aplikacije, ki zahtevajo natan\u010dnej\u0161e in nadzorovanej\u0161e gibe. Nastavljiv nosilec z vili\u010dasto glavo omogo\u010da enostavno izbiro in nastavitev \u017eelene dol\u017eine hoda, kar pove\u010duje vsestranskost valja.<\/p>\n<p>4. Vzdr\u017eljivost in dolgo\u017eivost:<br \/>\nNastavljivi cilindri z vidno glavo so izdelani iz visokokakovostnih materialov in so podvr\u017eeni strogim preizkusom, ki zagotavljajo vzdr\u017eljivost in dolgo \u017eivljenjsko dobo. Uporaba robustnih materialov, kot je visokotrdno jeklo, v kombinaciji z naprednimi proizvodnimi tehnikami zagotavlja cilindre, ki lahko prenesejo te\u017eke obratovalne pogoje.<\/p>\n<p>Ti cilindri so zasnovani tako, da so odporni proti koroziji, abraziji in obrabi, kar zagotavlja, da lahko prenesejo zahteve te\u017ekih industrijskih aplikacij. Z ustreznim vzdr\u017eevanjem imajo nastavljivi cilindri z vili\u010dasto glavo dolgo \u017eivljenjsko dobo, kar zmanj\u0161uje izpade in stro\u0161ke zamenjave.<\/p>\n<p>Skratka, nastavljivi cilindri z vidno glavo ponujajo \u0161tevilne prednosti v hidravli\u010dnih sistemih. Zaradi svoje fleksibilnosti, nosilnosti, mo\u017enosti dol\u017eine hoda in vzdr\u017eljivosti so zanesljiva izbira za razli\u010dne industrijske aplikacije. Z uporabo nastavljivih cilindrov z vidno glavo lahko hidravli\u010dni sistemi dose\u017eejo optimalno delovanje, u\u010dinkovitost in dolgo \u017eivljenjsko dobo.<\/p>\n<h3>O FMP-ju<\/h3>\n<p>FMP je podjetje, specializirano za proizvodnjo in prodajo hidravli\u010dnih cilindrov. Z dolgoletnimi izku\u0161njami v industriji in profesionalno ekipo smo predani temu, da svojim strankam zagotavljamo visokokakovostne in zanesljive hidravli\u010dne cilindre za gradbeno mehanizacijo.<\/p>\n<p><img decoding=\"async\" src=\"https:\/\/fmp-components.com\/wp-content\/uploads\/2024\/12\/Adjustable-Clevis-Type-Cylinders-6.webp\" alt=\"Nastavljiv valj tipa Clevis\" width=\"813\" title=\"\"><\/p>\n<p>Tukaj je pet klju\u010dnih prednosti na\u0161ih izdelkov in podjetja:<\/p>\n<ol>\n<li>\u0160iroka paleta izdelkov: Ponujamo raznoliko paleto hidravli\u010dnih cilindrov za razli\u010dne vrste gradbenih strojev, vklju\u010dno z menjalniki za kmetijske stroje, planetarnimi menjalniki, industrijskimi menjalniki in deli za kmetijske stroje. To na\u0161im strankam omogo\u010da, da najdejo popoln hidravli\u010dni cilinder, ki ustreza njihovim specifi\u010dnim potrebam.<\/li>\n<li>Strogi standardi kakovosti: Z vzpostavljanjem dolgoro\u010dnih in stabilnih partnerstev z visokokakovostnimi dobavitelji doma in v tujini zagotavljamo, da vsi na\u0161i dobavljeni hidravli\u010dni cilindri izpolnjujejo stroge standarde kakovosti. To zagotavlja vzdr\u017eljivost, zmogljivost in zanesljivost na\u0161ih izdelkov.<\/li>\n<li>Izku\u0161ena prodajna ekipa: Na\u0161a izku\u0161ena prodajna ekipa dobro pozna razvojne trende in potrebe strank v industriji gradbenih strojev. Nudijo strokovna svetovanja o izdelkih in ponujajo pametne predloge za nakup, prilagojene zahtevam vsake stranke.<\/li>\n<li>U\u010dinkovita logisti\u010dna distribucija: Vzpostavili smo u\u010dinkovit logisti\u010dni distribucijski sistem, ki zagotavlja, da na\u0161e stranke pravo\u010dasno in natan\u010dno prejmejo potrebne hidravli\u010dne cilindre. To zmanj\u0161uje morebitne zamude ali motnje pri njihovih gradbenih projektih.<\/li>\n<li>Zadovoljstvo strank: Pri FMP dajemo prednost zadovoljstvu strank. Prizadevamo si za odli\u010dno storitev za stranke z zagotavljanjem zanesljivih izdelkov, hitre pomo\u010di in u\u010dinkovitih re\u0161itev za vsa vpra\u0161anja ali pomisleke na\u0161ih strank.<\/li>\n<\/ol>\n<p>Partnerstvo s podjetjem FMP pomeni dostop do vrhunskih hidravli\u010dnih cilindrov in zaupanja vrednega partnerja v industriji gradbenih strojev. Za razpravo o va\u0161ih potrebah po hidravli\u010dnih cilindrih in izkusite prednosti sodelovanja s podjetjem FMP nas kontaktirajte \u0161e danes.<\/p>\n<p>Avtor: CX<\/p>","protected":false},"excerpt":{"rendered":"<p>Italy Supplier Mini Piston Hydraulic Cylinder Double Acting Italy Supplier Mini Piston Hydraulic Cylinder Double Acting is a high-quality hydraulic cylinder that is compact in size and offers reliable performance. This product is designed and manufactured by a leading supplier in Italy, known for its expertise in producing hydraulic equipment. The Mini Piston Hydraulic Cylinder [&hellip;]<\/p>","protected":false},"featured_media":1471,"comment_status":"closed","ping_status":"closed","template":"","meta":{"_et_pb_use_builder":"","_et_pb_old_content":"","_et_gb_content_width":""},"product_brand":[],"product_cat":[42],"product_tag":[34,44],"class_list":{"0":"post-1470","1":"product","2":"type-product","3":"status-publish","4":"has-post-thumbnail","6":"product_cat-snow-plow-hydraulic-cylinder","7":"product_tag-hydraulic-cylinder","8":"product_tag-snow-plow-hydraulic-cylinder","10":"first","11":"instock","12":"product-type-simple"},"_links":{"self":[{"href":"https:\/\/fmp-components.com\/sl\/wp-json\/wp\/v2\/product\/1470","targetHints":{"allow":["GET"]}}],"collection":[{"href":"https:\/\/fmp-components.com\/sl\/wp-json\/wp\/v2\/product"}],"about":[{"href":"https:\/\/fmp-components.com\/sl\/wp-json\/wp\/v2\/types\/product"}],"replies":[{"embeddable":true,"href":"https:\/\/fmp-components.com\/sl\/wp-json\/wp\/v2\/comments?post=1470"}],"wp:featuredmedia":[{"embeddable":true,"href":"https:\/\/fmp-components.com\/sl\/wp-json\/wp\/v2\/media\/1471"}],"wp:attachment":[{"href":"https:\/\/fmp-components.com\/sl\/wp-json\/wp\/v2\/media?parent=1470"}],"wp:term":[{"taxonomy":"product_brand","embeddable":true,"href":"https:\/\/fmp-components.com\/sl\/wp-json\/wp\/v2\/product_brand?post=1470"},{"taxonomy":"product_cat","embeddable":true,"href":"https:\/\/fmp-components.com\/sl\/wp-json\/wp\/v2\/product_cat?post=1470"},{"taxonomy":"product_tag","embeddable":true,"href":"https:\/\/fmp-components.com\/sl\/wp-json\/wp\/v2\/product_tag?post=1470"}],"curies":[{"name":"delovni list","href":"https:\/\/api.w.org\/{rel}","templated":true}]}}