{"id":1468,"date":"2024-12-23T05:49:26","date_gmt":"2024-12-23T05:49:26","guid":{"rendered":"https:\/\/fmp-components.com\/product\/new-arrival-small-stainless-steel-double-acting-hydraulic-cylinder\/"},"modified":"2024-12-23T06:36:32","modified_gmt":"2024-12-23T06:36:32","slug":"new-arrival-small-stainless-steel-double-acting-hydraulic-cylinder","status":"publish","type":"product","link":"https:\/\/fmp-components.com\/sl\/product\/new-arrival-small-stainless-steel-double-acting-hydraulic-cylinder\/","title":{"rendered":"Nov majhen hidravli\u010dni cilinder iz nerjave\u010dega jekla z dvojnim delovanjem"},"content":{"rendered":"<h2>Nov majhen hidravli\u010dni cilinder iz nerjave\u010dega jekla z dvojnim delovanjem<\/h2>\n<p>Predstavljamo vam nov majhen dvosmerni hidravli\u010dni cilinder iz nerjave\u010dega jekla<\/p>\n<p>Majhen dvosmerni hidravli\u010dni cilinder iz nerjave\u010dega jekla je najnovej\u0161i izdelek v na\u0161i ponudbi. Zasnovan je tako, da zagotavlja visoko zmogljivost in vzdr\u017eljivost v kompaktnem in lahkem ohi\u0161ju.<\/p>\n<p>Ta hidravli\u010dni cilinder je izdelan iz visokokakovostnega nerjave\u010dega jekla, zato je odporen proti koroziji in prenese visok tlak ter ekstremne temperature. Zasnovan je z dvojno delujo\u010do tehnologijo, ki omogo\u010da nemoteno in enakomerno delovanje v obe smeri.<\/p>\n<p>Ta hidravli\u010dni cilinder je primeren za \u0161iroko paleto aplikacij, vklju\u010dno z industrijskimi stroji, kmetijsko opremo in gradbenimi vozili. Zaradi majhnosti in enostavne namestitve je idealen za uporabo v tesnih prostorih in za mobilno opremo.<\/p>\n<p>Poleg vrhunske zmogljivosti je majhen dvosmerni hidravli\u010dni cilinder iz nerjave\u010dega jekla zasnovan tudi za enostavno vzdr\u017eevanje in dolgotrajno uporabo. Za dodatno brezskrbnost ima enoletno garancijo.<\/p>\n<p>Na splo\u0161no je majhen dvosmerni hidravli\u010dni cilinder iz nerjave\u010dega jekla zanesljiva in u\u010dinkovita re\u0161itev za vsak hidravli\u010dni sistem. Naro\u010dite svojega \u0161e danes in se prepri\u010dajte, kak\u0161no razliko lahko prinese v va\u0161e poslovanje. Predstavljamo vam na\u0161 najnovej\u0161i izdelek \u2013 majhen dvosmerni hidravli\u010dni cilinder iz nerjave\u010dega jekla. Ta na novo predstavljeni izdelek je idealen za uporabo v delavnicah za popravilo strojev, na kmetijah, v energetiki in rudarstvu, proizvodnji strojev in tovarnah strojev.<\/p>\n<p><img decoding=\"async\" title=\"Hidravli\u010dni cilinder za sne\u017eni plug\" src=\"https:\/\/hzpt.com\/wp-content\/uploads\/2023\/11\/Snow-Plow-Hydraulic-Cylinder-1.webp\" alt=\"Hidravli\u010dni cilinder za sne\u017eni plug\" \/><\/p>\n<h2>Zna\u010dilnosti izdelka<\/h2>\n<p>Izdelek je zasnovan z najnaprednej\u0161o tehnologijo. Gre za standardni batni valj, ki ga poganja hidravlika. Ohi\u0161je je izdelano iz jekla, zaradi \u010desar je vzdr\u017eljiv in dolgotrajen. Ima najve\u010dji potisk 3000 in najve\u010dji vle\u010dni moment 20 ton, zaradi \u010desar je izjemno u\u010dinkovit.<\/p>\n<h3>Tip: Hidravli\u010dni cilindri za sne\u017eni plug<\/h3>\n<p>Ta hidravli\u010dni cilinder je zasnovan posebej za sne\u017ene pluge. Gre za nov izdelek za leto 2023 z enoletno garancijo na klju\u010dne komponente. Klju\u010dne komponente vklju\u010dujejo le\u017eaj in sam hidravli\u010dni cilinder.<\/p>\n<h3>Prednosti: G\/SAE\/NPT\/M<\/h3>\n<p>Priklju\u010dki hidravli\u010dnega cilindra so G\/SAE\/NPT\/M. Velikost izvrtine se giblje od 2 do 6 palcev, velikost palice od 1,125 do 4 palcev, velikost hoda od 4 do 100 palcev in velikost zati\u010da od 0,5 do 2 palcev. Ta izdelek je certificiran po standardu ISO9001:2000.<\/p>\n<p><img decoding=\"async\" title=\"Hidravli\u010dni cilinder za sne\u017eni plug\" src=\"https:\/\/hzpt.com\/wp-content\/uploads\/2023\/11\/Snow-Plow-Hydraulic-Cylinder-3.webp\" alt=\"Hidravli\u010dni cilinder za sne\u017eni plug\" \/><\/p>\n<h2>Prednosti nastavljivih cilindrov tipa Clevis<\/h2>\n<p>Nastavljivi cilindri z vidno glavo, kot je novodobni mali dvodelni hidravli\u010dni cilinder iz nerjave\u010dega jekla, ponujajo \u0161tevilne prednosti pred drugimi vrstami cilindrov. Spodaj je navedenih nekaj klju\u010dnih prednosti:<\/p>\n<ul>\n<li><strong>Prilagodljivost pri monta\u017ei:<\/strong> Nastavljivi cilindri z vili\u010dasto glavo ponujajo veliko fleksibilnosti pri monta\u017ei. Montirati jih je mogo\u010de v razli\u010dne smeri in kote, kar zagotavlja ve\u010djo vsestranskost pri njihovi uporabi. To je \u0161e posebej pomembno v aplikacijah, kjer je prostor omejen in je potrebna specifi\u010dna konfiguracija monta\u017ee.<\/li>\n<li><strong>Pove\u010dana stabilnost:<\/strong> Nastavljiv valj z vidno glavo zagotavlja ve\u010djo stabilnost v primerjavi z drugimi vrstami valjev. To je posledica dejstva, da je nosilec z vidno glavo mo\u010dnej\u0161i in bolj tog kot pri drugih vrstah pritrditve. Ta pove\u010dana stabilnost vodi do bolj\u0161ega delovanja in dalj\u0161e \u017eivljenjske dobe valja.<\/li>\n<li><strong>Enostavno vzdr\u017eevanje:<\/strong> Nastavljivi cilindri z vidno glavo so zasnovani z mislijo na enostavno vzdr\u017eevanje. Omogo\u010dajo enostaven dostop do bata in tesnil, kar omogo\u010da hitre in preproste vzdr\u017eevalne postopke. To skraj\u0161a \u010das izpada in pove\u010da produktivnost.<\/li>\n<li><strong>Prilagodljiva dol\u017eina giba:<\/strong> Dol\u017eino hoda nastavljivih cilindrov z vidno glavo je mogo\u010de enostavno prilagoditi specifi\u010dnim zahtevam uporabe. Ta prilagoditev zagotavlja, da je valj optimiziran za predvideno uporabo in zagotavlja najbolj\u0161o mo\u017eno zmogljivost.<\/li>\n<li><strong>Pove\u010dana u\u010dinkovitost:<\/strong> Uporaba nastavljivih cilindrov z vili\u010dasto glavo lahko pove\u010da u\u010dinkovitost pri uporabi. To je posledica dejstva, da je mogo\u010de valj optimizirati za specifi\u010dno uporabo, kar vodi do izbolj\u0161ane zmogljivosti in manj\u0161e porabe energije.<\/li>\n<li><strong>Izbolj\u0161ana varnost:<\/strong> Nastavljivi cilindri z vili\u010dasto glavo so zasnovani z mislijo na varnost. Ponujajo odli\u010den nadzor nad gibanjem cilindra, kar omogo\u010da natan\u010dno in varno delovanje. To je \u0161e posebej pomembno v aplikacijah, kjer je varnost najpomembnej\u0161a.<\/li>\n<\/ul>\n<p>Skratka, nastavljivi cilindri z vidno glavo, kot je novodobni mali dvodelni hidravli\u010dni cilinder iz nerjave\u010dega jekla, ponujajo \u0161iroko paleto prednosti pred drugimi tipi cilindrov. Zaradi svoje prilagodljivosti pri monta\u017ei, ve\u010dje stabilnosti, enostavnega vzdr\u017eevanja, prilagodljive dol\u017eine hoda, ve\u010dje u\u010dinkovitosti in izbolj\u0161ane varnosti so odli\u010dna izbira za razli\u010dne aplikacije.<\/p>\n<h3>O FMP-ju<\/h3>\n<p>FMP je podjetje, specializirano za proizvodnjo in prodajo hidravli\u010dnih cilindrov. Z bogatimi izku\u0161njami v industriji in profesionalno ekipo strankam zagotavljamo visokokakovostne in zanesljive hidravli\u010dne cilindre za gradbeno mehanizacijo.<\/p>\n<p>1. \u0160iroka paleta izdelkov:<\/p>\n<p>Na\u0161a ponudba izdelkov vklju\u010duje razli\u010dne hidravli\u010dne cilindre za gradbeno mehanizacijo. Ne glede na to, ali potrebujete enosmerne ali dvosmerne cilindre, teleskopske cilindre ali cilindre po meri, imamo popolno re\u0161itev za va\u0161e specifi\u010dne zahteve.<\/p>\n<p>2. Vrhunske komponente:<\/p>\n<p>Vsi na\u0161i hidravli\u010dni cilindri so izdelani iz visokokakovostnih komponent. V na\u0161em proizvodnem procesu dajemo prednost kakovosti, da zagotovimo dolgo \u017eivljenjsko dobo in delovanje na\u0161ih izdelkov.<\/p>\n<p>3. Strokovno znanje in posvetovanje:<\/p>\n<p>Na\u0161a izku\u0161ena prodajna ekipa dobro pozna razvojne trende in potrebe strank v industriji gradbenih strojev. Zagotavlja vam lahko strokovno svetovanje o izdelkih in vam pomaga izbrati pravi hidravli\u010dni cilinder za va\u0161o mehanizacijo.<\/p>\n<p>4. Zanesljiva dobavna veriga:<\/p>\n<p>Z vzpostavljanjem dolgoro\u010dnih in stabilnih partnerskih odnosov z visokokakovostnimi dobavitelji zagotavljamo, da vsi dobavljeni deli izpolnjujejo stroge standarde kakovosti. To zagotavlja zanesljivost in vzdr\u017eljivost na\u0161ih hidravli\u010dnih cilindrov.<\/p>\n<p>5. U\u010dinkovita logistika in pravo\u010dasna dostava:<\/p>\n<p>Imamo u\u010dinkovit logisti\u010dni distribucijski sistem, ki zagotavlja, da stranke pravo\u010dasno in natan\u010dno prejmejo potrebne hidravli\u010dne cilindre. Razumemo pomen zmanj\u0161anja izpadov in si prizadevamo za hitro dostavo.<\/p>\n<p><img decoding=\"async\" src=\"https:\/\/fmp-components.com\/wp-content\/uploads\/2024\/12\/Adjustable-Clevis-Type-Cylinders-6.webp\" alt=\"Nastavljiv valj tipa Clevis\" width=\"812\" title=\"\"><\/p>\n<p>Avtor: CX<\/p>","protected":false},"excerpt":{"rendered":"<p>New Arrival Small Stainless Steel Double Acting Hydraulic Cylinder Introducing the New Arrival Small Stainless Steel Double Acting Hydraulic Cylinder The Small Stainless Steel Double Acting Hydraulic Cylinder is the latest product to join our inventory. It is designed to provide high performance and durability in a compact and lightweight package. Made with high-quality stainless [&hellip;]<\/p>","protected":false},"featured_media":1469,"comment_status":"closed","ping_status":"closed","template":"","meta":{"_et_pb_use_builder":"","_et_pb_old_content":"","_et_gb_content_width":""},"product_brand":[],"product_cat":[42],"product_tag":[34,44],"class_list":{"0":"post-1468","1":"product","2":"type-product","3":"status-publish","4":"has-post-thumbnail","6":"product_cat-snow-plow-hydraulic-cylinder","7":"product_tag-hydraulic-cylinder","8":"product_tag-snow-plow-hydraulic-cylinder","10":"first","11":"instock","12":"product-type-simple"},"_links":{"self":[{"href":"https:\/\/fmp-components.com\/sl\/wp-json\/wp\/v2\/product\/1468","targetHints":{"allow":["GET"]}}],"collection":[{"href":"https:\/\/fmp-components.com\/sl\/wp-json\/wp\/v2\/product"}],"about":[{"href":"https:\/\/fmp-components.com\/sl\/wp-json\/wp\/v2\/types\/product"}],"replies":[{"embeddable":true,"href":"https:\/\/fmp-components.com\/sl\/wp-json\/wp\/v2\/comments?post=1468"}],"wp:featuredmedia":[{"embeddable":true,"href":"https:\/\/fmp-components.com\/sl\/wp-json\/wp\/v2\/media\/1469"}],"wp:attachment":[{"href":"https:\/\/fmp-components.com\/sl\/wp-json\/wp\/v2\/media?parent=1468"}],"wp:term":[{"taxonomy":"product_brand","embeddable":true,"href":"https:\/\/fmp-components.com\/sl\/wp-json\/wp\/v2\/product_brand?post=1468"},{"taxonomy":"product_cat","embeddable":true,"href":"https:\/\/fmp-components.com\/sl\/wp-json\/wp\/v2\/product_cat?post=1468"},{"taxonomy":"product_tag","embeddable":true,"href":"https:\/\/fmp-components.com\/sl\/wp-json\/wp\/v2\/product_tag?post=1468"}],"curies":[{"name":"delovni list","href":"https:\/\/api.w.org\/{rel}","templated":true}]}}