{"id":1466,"date":"2024-12-23T05:49:26","date_gmt":"2024-12-23T05:49:26","guid":{"rendered":"https:\/\/fmp-components.com\/product\/customized-mini-two-way-hydraulic-piston-cylinder-for-snow-plow\/"},"modified":"2024-12-23T06:31:54","modified_gmt":"2024-12-23T06:31:54","slug":"customized-mini-two-way-hydraulic-piston-cylinder-for-snow-plow","status":"publish","type":"product","link":"https:\/\/fmp-components.com\/sl\/product\/customized-mini-two-way-hydraulic-piston-cylinder-for-snow-plow\/","title":{"rendered":"Prilagojen mini dvosmerni hidravli\u010dni batni cilinder za sne\u017eni plug"},"content":{"rendered":"<h2>Prilagojen mini dvosmerni hidravli\u010dni batni cilinder za sne\u017eni plug<\/h2>\n<p>Prilagojeni mini dvosmerni hidravli\u010dni batni cilinder za sne\u017eni plug je vrhunski izdelek, zasnovan za u\u010dinkovito plu\u017eenje snega. Ta visokokakovosten hidravli\u010dni batni cilinder ponuja izjemno zmogljivost in zanesljivost, zaradi \u010desar je idealna izbira za uporabo s sne\u017enim plugom.<\/p>\n<p>S svojo kompaktno velikostjo in prilagodljivimi funkcijami je ta hidravli\u010dni batni cilinder posebej zasnovan za izpolnjevanje edinstvenih zahtev sistemov za plu\u017eenje snega. Zasnovan je natan\u010dno, da zagotavlja mo\u010dno in odzivno hidravli\u010dno delovanje, kar zagotavlja nemoteno in u\u010dinkovito delovanje v zahtevnih pogojih plu\u017eenja snega.<\/p>\n<p>Dvosmerna funkcionalnost tega batnega cilindra omogo\u010da nemoteno gibanje v obe smeri, kar omogo\u010da u\u010dinkovit nadzor nad rezilom snega. Ne glede na to, ali morate sneg potisniti naprej ali rezilo postaviti pod kotom za natan\u010dno manevriranje, ta hidravli\u010dni cilinder zagotavlja izjemen nadzor in mo\u010d.<\/p>\n<p>Prilagojeni mini dvosmerni hidravli\u010dni batni cilinder za sne\u017eni plug, izdelan tako, da prenese ostre zimske razmere, je izdelan iz trpe\u017enih materialov, ki zagotavljajo dolgotrajno delovanje. Njegova robustna zasnova zagotavlja zanesljivost in vzdr\u017eljivost, kar zmanj\u0161uje \u010das izpada in pove\u010duje produktivnost med plu\u017eenjem snega.<\/p>\n<p>Poleg izjemne funkcionalnosti ta hidravli\u010dni batni cilinder ponuja tudi enostavne mo\u017enosti prilagajanja. Prilagoditi ga je mogo\u010de specifi\u010dnim zahtevam sne\u017enega pluga, vklju\u010dno z dol\u017eino hoda, mo\u017enostmi pritrditve in nazivnim tlakom. To omogo\u010da brezhibno integracijo v razli\u010dne sisteme sne\u017enih plugov, kar izbolj\u0161a splo\u0161no u\u010dinkovitost in zmogljivost.<\/p>\n<p>Skratka, prilagojeni mini dvosmerni hidravli\u010dni batni cilinder za sne\u017eni plug je visokozmogljiv izdelek, ki ponuja izjemno funkcionalnost, vzdr\u017eljivost in mo\u017enosti prilagoditve. Z zanesljivo hidravli\u010dno zmogljivostjo in robustno konstrukcijo je odli\u010dna izbira za uporabo s sne\u017enim plugom, saj zagotavlja optimalen nadzor in u\u010dinkovitost v zahtevnih zimskih razmerah.<\/p>\n<p>Svet strojev je obse\u017een in raznolik, eden klju\u010dnih sestavnih delov, ki zagotavljajo nemoteno delovanje mnogih strojev, pa je <strong>Prilagojen mini dvosmerni hidravli\u010dni batni valj<\/strong> zasnovan posebej za sne\u017ene pluge.<\/p>\n<h2>Zna\u010dilnosti izdelka<\/h2>\n<p>Mini dvosmerni hidravli\u010dni batni cilinder ni navaden sestavni del. Zasnovan in izdelan je z natan\u010dnostjo in pozornostjo do detajlov. Izdelek je nov in ima 1-letno garancijo. Njegovi klju\u010dni sestavni deli vklju\u010dujejo le\u017eaj in hidravli\u010dni cilinder, ki sta oba najvi\u0161je kakovosti.<\/p>\n<p>Cilinder je standardne zasnove in ima impresiven najve\u010dji potisk 3000. Tehta le 5,9 kg, zaradi \u010desar je lahek in enostaven za namestitev. Izdelek ima tudi certifikat ISO9001:2000, kar zagotavlja njegovo kakovost in zanesljivost.<\/p>\n<p><img decoding=\"async\" title=\"Hidravli\u010dni cilinder za sne\u017eni plug\" src=\"https:\/\/hzpt.com\/wp-content\/uploads\/2023\/11\/Snow-Plow-Hydraulic-Cylinder-3.webp\" alt=\"Hidravli\u010dni cilinder za sne\u017eni plug\" \/><\/p>\n<h2>Uporabne panoge in uporabe<\/h2>\n<p>Ta hidravli\u010dni batni valj ni omejen le na eno panogo. Uporablja se v razli\u010dnih panogah, kot so delavnice za popravilo strojev, kmetije, energetika in rudarstvo ter proizvodnja strojev. Zaradi svoje vsestranskosti in visoke zmogljivosti je idealna izbira za razli\u010dne aplikacije.<\/p>\n<h2>Vzdr\u017eevanje in nega<\/h2>\n<p>Kot vsaka druga mehanska komponenta tudi dvosmerni hidravli\u010dni batni valj mini potrebuje redno vzdr\u017eevanje, da se zagotovi njegova dolga \u017eivljenjska doba. Priporo\u010dljivo je, da valj redno preverjate glede morebitnih znakov obrabe in takoj zamenjate morebitne po\u0161kodovane dele, da prepre\u010dite ve\u010dje okvare.<\/p>\n<h2>Prednosti nastavljivih cilindrov tipa Clevis<\/h2>\n<p>Nastavljivi cilindri z vidno glavo, kot je na primer prilagojeni mini dvosmerni hidravli\u010dni batni cilinder za sne\u017ene pluge, ponujajo vrsto prednosti in lastnosti, zaradi katerih so zelo primerni za razli\u010dne aplikacije. V tej objavi na blogu bomo podrobneje raziskali prednosti teh cilindrov.<\/p>\n<h3>1. Izbolj\u0161ana fleksibilnost in prilagodljivost<\/h3>\n<p>Nastavljivi cilindri z vili\u010dastim priklju\u010dkom zagotavljajo ve\u010djo fleksibilnost in prilagodljivost zaradi nastavljivih nosilcev. Ta funkcija omogo\u010da enostavno prilagajanje in natan\u010dno nastavitev polo\u017eaja namestitve cilindra specifi\u010dnim zahtevam. Z nastavitvijo vili\u010dastega priklju\u010dka je mogo\u010de valj natan\u010dno poravnati, kar zagotavlja optimalno delovanje in u\u010dinkovitost v razli\u010dnih aplikacijah.<\/p>\n<h3>2. Izbolj\u0161ana zmogljivost ravnanja s tovorom<\/h3>\n<p>Ti cilindri ponujajo odli\u010dno zmogljivost premostitve bremen, zahvaljujo\u010d napredni zasnovi bata in hidravli\u010dni mo\u010di. Natan\u010dna izdelava bata omogo\u010da gladko in nadzorovano gibanje, kar zagotavlja u\u010dinkovito premostitev te\u017ekih bremen. Hidravli\u010dna mo\u010d dodatno pove\u010da trdnost cilindra, kar mu omogo\u010da enostavno obvladovanje zahtevnih nalog.<\/p>\n<h3>3. Izjemna vzdr\u017eljivost in dolgo\u017eivost<\/h3>\n<p>Nastavljivi cilindri z vili\u010dasto glavo, izdelani iz visokokakovostnih materialov in z uporabo natan\u010dnih proizvodnih tehnik, so znani po svoji izjemni vzdr\u017eljivosti in dolgi \u017eivljenjski dobi. Ti cilindri so izdelani tako, da prenesejo te\u017eke obratovalne pogoje, kot so ekstremne temperature, mo\u010dne vibracije in korozivna okolja. Njihova robustna konstrukcija zagotavlja zanesljivo delovanje in zmanj\u0161uje potrebo po pogostem vzdr\u017eevanju ali zamenjavah.<\/p>\n<h3>4. Optimalen nadzor in natan\u010dnost<\/h3>\n<p>Ena od pomembnih prednosti nastavljivih cilindrov z vidno glavo je njihova sposobnost zagotavljanja optimalnega nadzora in natan\u010dnosti. S svojimi natan\u010dno zasnovanimi komponentami in hidravli\u010dnimi sistemi ti cilindri ponujajo natan\u010den nadzor nad gibanjem in pozicioniranjem bremen. Ta raven nadzora omogo\u010da natan\u010dno in u\u010dinkovito delovanje, zaradi \u010desar so idealni za aplikacije, ki zahtevajo natan\u010dne gibe, kot so sne\u017eni plugi.<\/p>\n<h3>5. Pove\u010dana produktivnost in u\u010dinkovitost<\/h3>\n<p>Z vgradnjo nastavljivih cilindrov z vili\u010dasto glavo v va\u0161o opremo ali stroje lahko znatno pove\u010date produktivnost in u\u010dinkovitost. Ti cilindri omogo\u010dajo nemoteno in u\u010dinkovito delovanje, kar zmanj\u0161a \u010das izpada in pove\u010da splo\u0161no produktivnost. S svojo sposobnostjo prevleke te\u017ekih bremen in natan\u010dnega nadzora prispevajo k hitrej\u0161emu opravljanju nalog in izbolj\u0161ani operativni u\u010dinkovitosti.<\/p>\n<h3>6. Vsestranske uporabe<\/h3>\n<p>Nastavljivi cilindri z vidno glavo se uporabljajo v razli\u010dnih panogah in sektorjih. Zaradi svoje vsestranskosti so primerni za \u0161irok spekter nalog, vklju\u010dno z, vendar ne omejeno na, sne\u017ene pluge, kmetijsko opremo, gradbene stroje, sisteme za ravnanje z materiali in drugo. Ne glede na specifi\u010dno uporabo ti cilindri zagotavljajo izjemno zmogljivost in zanesljivost.<\/p>\n<h3>Zaklju\u010dek<\/h3>\n<p>Skratka, prednosti nastavljivih cilindrov z vidno glavo, kot je prilagojen mini dvosmerni hidravli\u010dni batni cilinder za sne\u017ene pluge, so \u0161tevilne. Zaradi ve\u010dje fleksibilnosti, izbolj\u0161ane nosilnosti, izjemne vzdr\u017eljivosti, optimalnega nadzora, pove\u010dane produktivnosti in vsestranske uporabe so ti cilindri dragocena izbira za razli\u010dne panoge. Nalo\u017eba v nastavljive cilindre z vidno glavo lahko mo\u010dno koristi va\u0161i opremi ali strojem, saj zagotavlja zanesljivo delovanje in u\u010dinkovitost.<\/p>\n<h3>O FMP-ju<\/h3>\n<p>FMP je podjetje, specializirano za proizvodnjo in prodajo hidravli\u010dnih cilindrov. Predani smo temu, da svojim strankam zagotavljamo visokokakovostne in zanesljive hidravli\u010dne cilindre za razli\u010dne vrste gradbenih strojev. Z dolgoletnimi izku\u0161njami v industriji in profesionalno ekipo ponujamo izjemne izdelke in storitve, ki ustrezajo potrebam na\u0161ih strank.<\/p>\n<p><strong>1. \u0160iroka paleta hidravli\u010dnih cilindrov:<\/strong> Na\u0161a ponudba izdelkov vklju\u010duje razli\u010dne hidravli\u010dne cilindre, kot so cilindri z nastavljivim u\u0161esom, teleskopski cilindri in dvostransko delujo\u010di cilindri. Ponujamo re\u0161itve za razli\u010dne vrste gradbenih strojev, kar zagotavlja zdru\u017eljivost in u\u010dinkovitost v razli\u010dnih aplikacijah.<\/p>\n<p><strong>2. Vrhunska kakovost:<\/strong> Pri FMP dajemo prednost kakovosti na\u0161ih izdelkov. Z visokokakovostnimi dobavitelji vzpostavljamo dolgoro\u010dne in stabilne odnose sodelovanja, da zagotovimo, da vsi hidravli\u010dni cilindri, ki jih dobavljamo, izpolnjujejo stroge standarde kakovosti. Na\u0161a zavezanost kakovosti zagotavlja vzdr\u017eljivost, zanesljivost in optimalno delovanje.<\/p>\n<p><strong>3. Profesionalna prodajna ekipa:<\/strong> Imamo izku\u0161eno in usposobljeno prodajno ekipo, ki dobro pozna razvojne trende in potrebe strank v industriji gradbenih strojev. Na\u0161im strankam lahko nudijo strokovno svetovanje o izdelkih in pametne predloge za nakup, s \u010dimer jim pomagajo pri sprejemanju premi\u0161ljenih odlo\u010ditev.<\/p>\n<p><strong>4. U\u010dinkovita logisti\u010dna distribucija:<\/strong> Razumemo pomen pravo\u010dasne dobave. FMP ima vzpostavljen u\u010dinkovit logisti\u010dni distribucijski sistem, ki zagotavlja, da na\u0161e stranke pravo\u010dasno in natan\u010dno prejmejo potrebne hidravli\u010dne cilindre. Dajemo prednost zadovoljstvu strank in si prizadevamo izpolniti njihova pri\u010dakovanja glede dobave.<\/p>\n<p><strong>5. Zavezanost k uspehu strank:<\/strong> Pri FMP verjamemo v gradnjo dolgoro\u010dnih partnerstev z na\u0161imi strankami. Predani smo njihovemu uspehu in zadovoljstvu. Na\u0161a ekipa je zavezana zagotavljanju izjemne storitve za stranke, hitremu re\u0161evanju vseh pomislekov ali vpra\u0161anj ter zagotavljanju nemotene in prijetne izku\u0161nje skozi celoten nakupni proces.<\/p>\n<p><img decoding=\"async\" src=\"https:\/\/fmp-components.com\/wp-content\/uploads\/2024\/12\/Adjustable-Clevis-Type-Cylinders-6.webp\" alt=\"Nastavljiv valj tipa Clevis\" width=\"811\" title=\"\"><\/p>\n<h2>Pogosta vpra\u0161anja<\/h2>\n<h3>V: Ali ste trgovsko podjetje ali proizvajalec?<\/h3>\n<p>A: Smo tovarna.<\/p>\n<h3>V: Koliko \u010dasa traja va\u0161a dobavni rok?<\/h3>\n<p>A: Na splo\u0161no je to 25-35 dni.<\/p>\n<h3>V: Ali ponujate vzorce? So brezpla\u010dni ali dodatni?<\/h3>\n<p>O: Da, lahko ponudimo vzorec, vendar ni brezpla\u010den.<\/p>\n<p>Avtor: CX<\/p>","protected":false},"excerpt":{"rendered":"<p>Customized Mini Two Way Hydraulic Piston Cylinder for Snow Plow The Customized Mini Two Way Hydraulic Piston Cylinder for Snow Plow is a top-of-the-line product designed for efficient snow plowing operations. This high-quality hydraulic piston cylinder offers exceptional performance and reliability, making it an ideal choice for snow plow applications. With its compact size and [&hellip;]<\/p>","protected":false},"featured_media":1467,"comment_status":"closed","ping_status":"closed","template":"","meta":{"_et_pb_use_builder":"","_et_pb_old_content":"","_et_gb_content_width":""},"product_brand":[],"product_cat":[42],"product_tag":[34,44],"class_list":{"0":"post-1466","1":"product","2":"type-product","3":"status-publish","4":"has-post-thumbnail","6":"product_cat-snow-plow-hydraulic-cylinder","7":"product_tag-hydraulic-cylinder","8":"product_tag-snow-plow-hydraulic-cylinder","10":"first","11":"instock","12":"product-type-simple"},"_links":{"self":[{"href":"https:\/\/fmp-components.com\/sl\/wp-json\/wp\/v2\/product\/1466","targetHints":{"allow":["GET"]}}],"collection":[{"href":"https:\/\/fmp-components.com\/sl\/wp-json\/wp\/v2\/product"}],"about":[{"href":"https:\/\/fmp-components.com\/sl\/wp-json\/wp\/v2\/types\/product"}],"replies":[{"embeddable":true,"href":"https:\/\/fmp-components.com\/sl\/wp-json\/wp\/v2\/comments?post=1466"}],"wp:featuredmedia":[{"embeddable":true,"href":"https:\/\/fmp-components.com\/sl\/wp-json\/wp\/v2\/media\/1467"}],"wp:attachment":[{"href":"https:\/\/fmp-components.com\/sl\/wp-json\/wp\/v2\/media?parent=1466"}],"wp:term":[{"taxonomy":"product_brand","embeddable":true,"href":"https:\/\/fmp-components.com\/sl\/wp-json\/wp\/v2\/product_brand?post=1466"},{"taxonomy":"product_cat","embeddable":true,"href":"https:\/\/fmp-components.com\/sl\/wp-json\/wp\/v2\/product_cat?post=1466"},{"taxonomy":"product_tag","embeddable":true,"href":"https:\/\/fmp-components.com\/sl\/wp-json\/wp\/v2\/product_tag?post=1466"}],"curies":[{"name":"delovni list","href":"https:\/\/api.w.org\/{rel}","templated":true}]}}