{"id":1446,"date":"2024-12-23T05:49:26","date_gmt":"2024-12-23T05:49:26","guid":{"rendered":"https:\/\/fmp-components.com\/product\/china-factory-supply-agricultural-machinery-hydraulic-cylinders-snow-plow-hydraulic-cylinder-double-acting\/"},"modified":"2024-12-23T08:48:27","modified_gmt":"2024-12-23T08:48:27","slug":"italy-factory-supply-agricultural-machinery-hydraulic-cylinders-snow-plow-hydraulic-cylinder-double-acting","status":"publish","type":"product","link":"https:\/\/fmp-components.com\/sl\/product\/italy-factory-supply-agricultural-machinery-hydraulic-cylinders-snow-plow-hydraulic-cylinder-double-acting\/","title":{"rendered":"Italijanska tovarni\u0161ka dobava kmetijske mehanizacije hidravli\u010dni cilindri sne\u017eni plug hidravli\u010dni cilinder dvojno delujo\u010di"},"content":{"rendered":"<h2>Italijanska tovarni\u0161ka dobava kmetijske mehanizacije hidravli\u010dni cilindri sne\u017eni plug hidravli\u010dni cilinder dvojno delujo\u010di<\/h2>\n<p>Hidravli\u010dni cilindri za kmetijsko mehanizacijo iz italijanske tovarne Hidravli\u010dni cilinder za sne\u017eni plug z dvojnim delovanjem je visokokakovosten in u\u010dinkovit hidravli\u010dni cilinder, zasnovan za kmetijsko mehanizacijo. Zasnovan je posebej za sne\u017ene pluge in ima dvostranski mehanizem za izbolj\u0161ano funkcionalnost.<\/p>\n<p>Ta hidravli\u010dni cilinder je izdelan v Italiji s poudarkom na vzdr\u017eljivosti in zmogljivosti. Izdelan je iz visokokakovostnih materialov, ki zagotavljajo dolgotrajno uporabo tudi v te\u017ekih pogojih. Cilinder je zasnovan tako, da prenese velike obremenitve in zagotavlja nemoteno ter zanesljivo delovanje.<\/p>\n<p>Dvostransko delujo\u010di mehanizem omogo\u010da, da se hidravli\u010dni cilinder iztegne in umakne, kar zagotavlja fleksibilnost in nadzor med plu\u017eenjem snega. Ta funkcija zagotavlja u\u010dinkovito odstranjevanje snega, saj omogo\u010da plugu, da potiska in dviguje sneg, zaradi \u010desar je idealna izbira za \u010di\u0161\u010denje cest, dovozov in drugih povr\u0161in.<\/p>\n<p><img decoding=\"async\" title=\"Hidravli\u010dni cilinder za sne\u017eni plug\" src=\"https:\/\/hzpt.com\/wp-content\/uploads\/2023\/11\/Snow-Plow-Hydraulic-Cylinder-2.webp\" alt=\"Hidravli\u010dni cilinder za sne\u017eni plug\" \/><\/p>\n<p>Hidravli\u010dni cilindri za sne\u017eni plug, dobavljeni iz italijanske tovarne, so enostavni za namestitev in zdru\u017eljivi z razli\u010dnimi modeli kmetijske mehanizacije. Zasnovani so tako, da se brezhibno prilegajo obstoje\u010dim hidravli\u010dnim sistemom, kar zmanj\u0161a \u010das izpada in pove\u010da produktivnost.<\/p>\n<p>Zaradi robustne konstrukcije, zanesljivega delovanja in vsestranskosti je ta hidravli\u010dni cilinder bistvena komponenta za vsako kmetijsko mehanizacijo, opremljeno s sne\u017enim plugom. Zaupajte podjetju Italy Factory Supply, da vam bo dobavilo visokokakovosten izdelek, ki ustreza va\u0161im potrebam po u\u010dinkovitem odstranjevanju snega.<\/p>\n<h2>Prednosti nastavljivih cilindrov tipa Clevis<\/h2>\n<p>Nastavljivi cilindri z vidno glavo so vrsta hidravli\u010dnega cilindra, ki je opremljen z vili\u010dastim nosilcem in nastavljivim jarmom. Pogosto se uporabljajo v kmetijski mehanizaciji, sne\u017enih plugih in drugi te\u017eki opremi. V tem \u010dlanku bomo obravnavali prednosti uporabe nastavljivih cilindrov z vidno glavo.<\/p>\n<h3>1. Vsestranskost<\/h3>\n<p>Ena glavnih prednosti nastavljivih cilindrov z vidno glavo je njihova vsestranskost. Uporabljajo se lahko v razli\u010dnih aplikacijah, vklju\u010dno s kmetijsko mehanizacijo in sne\u017enimi plugi. Njihov nastavljiv vilica omogo\u010da enostavno namestitev in nastavitev, zaradi \u010desar so priljubljena izbira med proizvajalci.<\/p>\n<p>Na primer, hidravli\u010dni cilindri za kmetijsko mehanizacijo iz italijanske tovarne, hidravli\u010dni cilindri za sne\u017eni plug z dvojnim delovanjem, se pogosto uporabljajo v sne\u017enih plugih za nastavitev kota rezila. Z uporabo nastavljivega cilindra z vili\u010dasto glavo lahko upravljavec enostavno prilagodi kot rezila sne\u017enim razmeram.<\/p>\n<h3>2. Vzdr\u017eljivost<\/h3>\n<p>Nastavljivi cilindri z vili\u010dasto glavo so zasnovani tako, da prenesejo velike obremenitve in zahtevna okolja. Izdelani so iz visokokakovostnih materialov, ki so odporni proti koroziji in obrabi. Zaradi tega so idealni za uporabo v kmetijski mehanizaciji in drugi te\u017eki opremi.<\/p>\n<p>Poleg tega hidravli\u010dni cilindri za kmetijsko mehanizacijo, hidravli\u010dni cilindri za sne\u017eni plug z dvojnim delovanjem, iz italijanske tovarne uporabljajo visoko trdne materiale, ki zagotavljajo vzdr\u017eljivost in dolgo \u017eivljenjsko dobo cilindrov. Zasnovani so tako, da prenesejo ekstremne temperature, visoke tlake in velike obremenitve, zaradi \u010desar so zanesljiva izbira za uporabo v te\u017ekih okoljih.<\/p>\n<h3>3. Natan\u010dnost<\/h3>\n<p>Nastavljivi cilindri z vidno glavo so znani po svoji natan\u010dnosti. Zagotavljajo natan\u010dno in enakomerno gibanje, kar je bistvenega pomena v \u0161tevilnih aplikacijah. Njihov nastavljiv vilica omogo\u010da natan\u010dno nastavitev, kar zagotavlja gladko in u\u010dinkovito delovanje cilindra.<\/p>\n<p>Na primer, v kmetijski mehanizaciji se za nadzor gibanja pluga uporabljajo nastavljivi cilindri z vidno glavo. Z uporabo preciznega cilindra lahko upravljavec zagotovi, da se plug premika v pravilno smer in s pravo hitrostjo.<\/p>\n<h3>4. Enostavno vzdr\u017eevanje<\/h3>\n<p>Druga prednost nastavljivih cilindrov z vidno glavo je enostavno vzdr\u017eevanje. Zasnovani so tako, da jih je enostavno razstaviti in popraviti, kar je pomembno pri te\u017eki opremi. Zaradi tega so stro\u0161kovno u\u010dinkovita izbira za proizvajalce in upravljavce.<\/p>\n<p>Poleg tega so hidravli\u010dni cilindri za kmetijsko mehanizacijo, hidravli\u010dni cilindri za sne\u017eni plug z dvojnim delovanjem, zasnovani tako, da jih je enostavno vzdr\u017eevati. Opremljeni so z zamenljivimi tesnili in drugimi komponentami, ki jih je mogo\u010de po potrebi enostavno zamenjati.<\/p>\n<p>Nastavljivi cilindri z vidno glavo so vsestranski, vzdr\u017eljivi, natan\u010dni in enostavni za vzdr\u017eevanje. Njihova uporaba nastavljivega jarma omogo\u010da enostavno namestitev in nastavitev, zaradi \u010desar so priljubljena izbira v \u0161tevilnih aplikacijah, vklju\u010dno s kmetijsko mehanizacijo in sne\u017enimi plugi. Z uporabo hidravli\u010dnih cilindrov za kmetijsko mehanizacijo, dvojno delujo\u010dih hidravli\u010dnih cilindrov za sne\u017eni plug, dobavljenih iz Italije, lahko upravljavci zagotovijo, da njihova oprema deluje gladko in u\u010dinkovito, tudi v najte\u017ejih pogojih.<\/p>\n<h3>O hidravli\u010dnem cilindru FMP<\/h3>\n<p>FMP je vodilno podjetje, specializirano za prodajo in servis visokokakovostnih delov in celotnih strojev za gradbeno mehanizacijo. Na\u0161 hidravli\u010dni cilinder je eden na\u0161ih najbolje prodajanih izdelkov in ponosni smo, da lahko na\u0161im strankam predstavimo njegove lastnosti in prednosti:<\/p>\n<ol>\n<li><strong>Robustno in vzdr\u017eljivo:<\/strong> Na\u0161 hidravli\u010dni cilinder je izdelan iz visokokakovostnih materialov, ki zagotavljajo njegovo vzdr\u017eljivost in dolgo \u017eivljenjsko dobo. Zasnovan je tako, da prenese zahtevna okolja in te\u017eka dela, zaradi \u010desar je idealna izbira za gradbeno mehanizacijo.<\/li>\n<li><strong>Prilagodljivo:<\/strong> Ponujamo \u0161iroko paleto hidravli\u010dnih cilindrov, vklju\u010dno z nastavljivimi cilindri z vidno glavo, cilindri z veznimi palicami in varjenimi cilindri. Na\u0161a ekipa strokovnjakov lahko cilindre prilagodi tudi va\u0161im edinstvenim zahtevam in specifikacijam.<\/li>\n<li><strong>Gladko in u\u010dinkovito:<\/strong> Na\u0161 hidravli\u010dni cilinder ima visokokakovostno tesnilo bata in ojnice, ki zagotavlja nemoteno in u\u010dinkovito delovanje. Ima tudi kompaktno zasnovo, ki prihrani prostor za vgradnjo in zmanj\u0161a porabo energije.<\/li>\n<li><strong>Stro\u0161kovno u\u010dinkovito:<\/strong> Na\u0161 hidravli\u010dni cilinder ima konkuren\u010dno ceno, hkrati pa ohranja visoke standarde kakovosti. Njegove nizke zahteve glede vzdr\u017eevanja in dolga \u017eivljenjska doba prav tako zni\u017eujejo obratovalne stro\u0161ke za na\u0161e stranke.<\/li>\n<li><strong>Odli\u010dna storitev za stranke:<\/strong> V podjetju FMP imamo ekipo izku\u0161enih in profesionalnih prodajnih predstavnikov, ki nudijo strokovno svetovanje o izdelkih in pametne predloge za nakup. Imamo tudi u\u010dinkovit logisti\u010dni distribucijski sistem, ki zagotavlja pravo\u010dasno in natan\u010dno dostavo na\u0161ih izdelkov na\u0161im strankam.<\/li>\n<\/ol>\n<p>Kot podjetje, ki je v panogi prisotno \u017ee vrsto let, smo zavezani k zagotavljanju najbolj\u0161ih izdelkov in storitev na\u0161im strankam. S hidravli\u010dnim cilindrom FMP ste lahko prepri\u010dani, da boste dobili zanesljiv in visoko zmogljiv hidravli\u010dni sistem za svoje potrebe pri gradbeni mehanizaciji.<\/p>\n<p><img decoding=\"async\" src=\"https:\/\/fmp-components.com\/wp-content\/uploads\/2024\/12\/Adjustable-Clevis-Type-Cylinders-6.webp\" alt=\"Nastavljiv valj tipa Clevis\" width=\"801\" title=\"\">Avtor: CX<\/p>","protected":false},"excerpt":{"rendered":"<p>Italy Factory Supply Agricultural Machinery Hydraulic Cylinders Snow Plow Hydraulic Cylinder Double Acting Italy Factory Supply Agricultural Machinery Hydraulic Cylinders Snow Plow Hydraulic Cylinder Double Acting is a high-quality and efficient hydraulic cylinder designed for agricultural machinery. It is specifically designed for snow plows and features a double-acting mechanism for enhanced functionality. This hydraulic cylinder [&hellip;]<\/p>","protected":false},"featured_media":1447,"comment_status":"closed","ping_status":"closed","template":"","meta":{"_et_pb_use_builder":"","_et_pb_old_content":"","_et_gb_content_width":""},"product_brand":[],"product_cat":[42],"product_tag":[34,44],"class_list":{"0":"post-1446","1":"product","2":"type-product","3":"status-publish","4":"has-post-thumbnail","6":"product_cat-snow-plow-hydraulic-cylinder","7":"product_tag-hydraulic-cylinder","8":"product_tag-snow-plow-hydraulic-cylinder","10":"first","11":"instock","12":"product-type-simple"},"_links":{"self":[{"href":"https:\/\/fmp-components.com\/sl\/wp-json\/wp\/v2\/product\/1446","targetHints":{"allow":["GET"]}}],"collection":[{"href":"https:\/\/fmp-components.com\/sl\/wp-json\/wp\/v2\/product"}],"about":[{"href":"https:\/\/fmp-components.com\/sl\/wp-json\/wp\/v2\/types\/product"}],"replies":[{"embeddable":true,"href":"https:\/\/fmp-components.com\/sl\/wp-json\/wp\/v2\/comments?post=1446"}],"wp:featuredmedia":[{"embeddable":true,"href":"https:\/\/fmp-components.com\/sl\/wp-json\/wp\/v2\/media\/1447"}],"wp:attachment":[{"href":"https:\/\/fmp-components.com\/sl\/wp-json\/wp\/v2\/media?parent=1446"}],"wp:term":[{"taxonomy":"product_brand","embeddable":true,"href":"https:\/\/fmp-components.com\/sl\/wp-json\/wp\/v2\/product_brand?post=1446"},{"taxonomy":"product_cat","embeddable":true,"href":"https:\/\/fmp-components.com\/sl\/wp-json\/wp\/v2\/product_cat?post=1446"},{"taxonomy":"product_tag","embeddable":true,"href":"https:\/\/fmp-components.com\/sl\/wp-json\/wp\/v2\/product_tag?post=1446"}],"curies":[{"name":"delovni list","href":"https:\/\/api.w.org\/{rel}","templated":true}]}}