{"id":1391,"date":"2024-12-23T02:19:41","date_gmt":"2024-12-23T02:19:41","guid":{"rendered":"https:\/\/fmp-components.com\/product\/china-factory-supply-custom-hydraulic-cylinder-double-acting-mini-hydraulic-cylinders\/"},"modified":"2024-12-23T08:50:06","modified_gmt":"2024-12-23T08:50:06","slug":"italy-factory-supply-custom-hydraulic-cylinder-double-acting-mini-hydraulic-cylinders","status":"publish","type":"product","link":"https:\/\/fmp-components.com\/sl\/product\/italy-factory-supply-custom-hydraulic-cylinder-double-acting-mini-hydraulic-cylinders\/","title":{"rendered":"Italijanska tovarni\u0161ka dobava po meri hidravli\u010dnega cilindra dvojno delujo\u010dega mini hidravli\u010dnega cilindra"},"content":{"rendered":"<h2>Italijanska tovarni\u0161ka dobava po meri hidravli\u010dnega cilindra dvojno delujo\u010dega mini hidravli\u010dnega cilindra<\/h2>\n<p>Hidravli\u010dni cilindri z dvojnim delovanjem, dobavljeni iz italijanske tovarne po meri, so idealna re\u0161itev za manj\u0161e hidravli\u010dne aplikacije. Ti kompaktni cilindri so zasnovani tako, da zagotavljajo veliko silo v majhnem ohi\u0161ju, zaradi \u010desar so idealni za uporabo v tesnih prostorih.<\/p>\n<p>Ti hidravli\u010dni cilindri so izdelani iz visokokakovostnih materialov in so zasnovani za dolgo \u017eivljenjsko dobo. Dvostransko delujo\u010da zasnova omogo\u010da natan\u010den nadzor gibanja cilindra, medtem ko zasnova po meri zagotavlja, da se bo cilinder popolnoma prilegal va\u0161i specifi\u010dni uporabi.<\/p>\n<p>Z bogato paleto velikosti in zmogljivosti so italijanske tovarni\u0161ko dobavljene hidravli\u010dne cilindre po meri z dvojnim delovanjem, mini hidravli\u010dni cilindri, idealna izbira za vsak manj\u0161i hidravli\u010dni projekt. Ne glede na to, ali potrebujete mo\u010dan valj za dvigovanje te\u017ekih bremen ali natan\u010den valj za ob\u010dutljive stroje, bodo ti cilindri zagotovo izpolnili va\u0161e potrebe.<\/p>\n<p><img loading=\"lazy\" decoding=\"async\" class=\"alignnone size-full wp-image-1334\" src=\"https:\/\/fmp-components.com\/wp-content\/uploads\/2024\/12\/Adjustable-Clevis-Type-Cylinders-4.webp\" alt=\"Nastavljivi cilindri tipa Clevis\" width=\"800\" height=\"800\" title=\"\" srcset=\"https:\/\/fmp-components.com\/wp-content\/uploads\/2024\/12\/Adjustable-Clevis-Type-Cylinders-4.webp 800w, https:\/\/fmp-components.com\/wp-content\/uploads\/2024\/12\/Adjustable-Clevis-Type-Cylinders-4-480x480.webp 480w\" sizes=\"(min-width: 0px) and (max-width: 480px) 480px, (min-width: 481px) 800px, 100vw\" \/><\/p>\n<p>Investirajte v Italijo. Dobavite hidravli\u010dne cilindre po meri z dvojnim delovanjem, mini hidravli\u010dnimi cilindri za zanesljivo in visokozmogljivo hidravli\u010dno mo\u010d v kompaktnem ohi\u0161ju.<\/p>\n<p>Predstavljamo vam na\u0161o novo linijo hidravli\u010dnih cilindrov, neposredno iz na\u0161e najsodobnej\u0161e tovarne v Italiji. Ti mini hidravli\u010dni cilindri z dvojnim delovanjem po meri so idealni za \u0161irok spekter panog, vklju\u010dno s servisnimi delavnicami, kmetijstvom, energetiko in rudarstvom, proizvodnjo strojev in \u0161e ve\u010d. Z enoletno garancijo, osrednjimi komponentami, ki jih sestavljajo le\u017eaji in sam hidravli\u010dni cilinder, ter te\u017eo 30 kg so ti cilindri zasnovani tako, da so robustni, zanesljivi in \u200b\u200bdolgotrajni.<\/p>\n<h2>Prednosti nastavljivih cilindrov tipa Clevis<\/h2>\n<p>Nastavljivi cilindri z vidno glavo so priljubljena izbira na podro\u010dju hidravli\u010dnega prenosa mo\u010di. Ti cilindri imajo \u0161iroko paleto prednosti, zaradi katerih so idealna izbira za razli\u010dne aplikacije. V tem \u010dlanku bomo podrobneje raziskali prednosti nastavljivih cilindrov z vidno glavo.<\/p>\n<h3>1. Vsestranskost<\/h3>\n<p>Ena glavnih prednosti nastavljivih cilindrov z vidno glavo je njihova vsestranskost. Te cilindre je mogo\u010de prilagoditi \u0161irokemu naboru aplikacij, zaradi \u010desar so priljubljena izbira za razli\u010dne panoge. Od te\u017eke gradbene opreme do majhnih proizvodnih strojev je mogo\u010de nastavljive cilindre z vidno glavo prilagoditi specifi\u010dnim potrebam katerega koli projekta.<\/p>\n<h3>2. Pove\u010dana u\u010dinkovitost<\/h3>\n<p>Druga pomembna prednost nastavljivih cilindrov z vidno glavo je njihova sposobnost pove\u010danja u\u010dinkovitosti. Ti cilindri so zasnovani tako, da zagotavljajo visoko raven sile in mo\u010di, hkrati pa maksimizirajo energetsko u\u010dinkovitost. To pomeni, da lahko pomagajo zmanj\u0161ati skupno porabo energije, kar lahko s\u010dasoma povzro\u010di znatne prihranke stro\u0161kov.<\/p>\n<h3>3. Izbolj\u0161ana varnost<\/h3>\n<p>Nastavljivi cilindri z vidno glavo so zasnovani tudi z mislijo na varnost. Ti cilindri so opremljeni z razli\u010dnimi varnostnimi funkcijami, kot so tla\u010dni varnostni ventili in sistemi za za\u0161\u010dito pred preobremenitvijo, ki pomagajo prepre\u010devati nesre\u010de in po\u0161kodbe. Zaradi tega so priljubljena izbira v panogah, kjer je varnost najpomembnej\u0161a, kot sta proizvodnja in gradbeni\u0161tvo.<\/p>\n<h3>4. Vzdr\u017eljivost<\/h3>\n<p>Druga klju\u010dna prednost nastavljivih cilindrov z vidno glavo je njihova vzdr\u017eljivost. Ti cilindri so izdelani tako, da prenesejo tudi najte\u017eje delovne pogoje in so zasnovani tako, da zdr\u017eijo ve\u010d let z minimalnim vzdr\u017eevanjem. Zaradi tega so dolgoro\u010dno stro\u0161kovno u\u010dinkovita izbira, saj zahtevajo manj pogosta popravila in zamenjave kot druge vrste hidravli\u010dnih cilindrov.<\/p>\n<h3>5. Prilagodljivost<\/h3>\n<p>Nenazadnje so nastavljivi cilindri z vili\u010dasto glavo zelo prilagodljivi. Zasnovani so lahko tako, da izpolnjujejo \u0161irok spekter specifikacij in zahtev, vklju\u010dno z velikostjo, obliko in zmogljivostjo. Zaradi tega so idealna izbira za projekte, kjer standardni hidravli\u010dni cilindri morda niso primerni, kot so na primer stroji in oprema po meri.<\/p>\n<p>Skratka, nastavljivi cilindri z vidno glavo ponujajo \u0161iroko paleto prednosti, zaradi katerih so priljubljena izbira v svetu hidravli\u010dnega prenosa mo\u010di. Od ve\u010dje u\u010dinkovitosti in izbolj\u0161ane varnosti do vsestranskosti in prilagodljivosti, ti cilindri ponujajo nekaj za \u0161iroko paleto aplikacij. \u010ce potrebujete visokokakovostne hidravli\u010dne cilindre, so mini hidravli\u010dni cilindri z dvojnim delovanjem, dobavljeni po meri iz italijanske tovarne, odli\u010dna izbira!<img decoding=\"async\" src=\"https:\/\/fmp-components.com\/wp-content\/uploads\/2024\/12\/Adjustable-Clevis-Type-Cylinders5.webp\" alt=\"Nastavljiv valj tipa Clevis\" width=\"800\" title=\"\"><\/p>\n<h2>Uporaba nastavljivih cilindrov tipa Clevis<\/h2>\n<p>Nastavljivi cilindri z vidno glavo, znani tudi kot hidravli\u010dni cilindri po meri ali dvostransko delujo\u010di mini hidravli\u010dni cilindri, so zaradi svoje vsestranskosti in u\u010dinkovitosti bistveni sestavni deli v razli\u010dnih panogah. Ti cilindri ponujajo \u0161iroko paleto uporabe in prednosti, zaradi \u010desar so na trgu zelo iskani. V tem \u010dlanku bomo raziskali nekatere klju\u010dne uporabe nastavljivih cilindrov z vidno glavo in se poglobili v njihove podrobne opise.<\/p>\n<h3>1. Industrijska avtomatizacija<\/h3>\n<p>Na podro\u010dju industrijske avtomatizacije imajo nastavljivi cilindri z vidno glavo klju\u010dno vlogo pri pove\u010danju produktivnosti in poenostavitvi delovanja. Ti cilindri se pogosto uporabljajo v robotskih sistemih, kjer so potrebni natan\u010dni in nadzorovani gibi. Z zmo\u017enostjo zagotavljanja nastavljivih dol\u017ein hoda in natan\u010dnega pozicioniranja omogo\u010dajo robotom, da opravljajo kompleksne naloge z natan\u010dnostjo in u\u010dinkovitostjo. Italy Factory Supply Custom Hydraulic Cylinder je ugleden ponudnik nastavljivih cilindrov z vidno glavo, ki ponuja visokokakovostne re\u0161itve, ki ustrezajo zahtevam industrijske avtomatizacije.<\/p>\n<h3>2. Ravnanje z materiali<\/h3>\n<p>Nastavljivi cilindri z vidno glavo se pogosto uporabljajo v opremi za ravnanje z materiali, kot so vili\u010darji, \u017eerjavi in \u200b\u200btransporterji. Ti cilindri omogo\u010dajo gladko dvigovanje, spu\u0161\u010danje in pozicioniranje te\u017ekih bremen, kar zagotavlja varen in u\u010dinkovit prevoz materiala. Dvojno delujo\u010da funkcija omogo\u010da tako potiskanje kot vle\u010denje, kar zagotavlja vsestranskost pri razli\u010dnih aplikacijah ravnanja z materiali. Hidravli\u010dni cilindri po meri iz Italije ponujajo \u0161iroko paleto mo\u017enosti za hidravli\u010dne cilindre po meri, prilagojene specifi\u010dnim zahtevam ravnanja z materiali.<\/p>\n<h3>3. Gradbeni stroji<\/h3>\n<p>Gradbeni stroji se zaradi svoje robustnosti in prilagodljivosti mo\u010dno zana\u0161ajo na nastavljive cilindre z vidno glavo. Ti cilindri se pogosto nahajajo v bagrih, nakladalnikih in buldo\u017eerjih, kjer zagotavljajo potrebno silo in natan\u010dnost za kopanje, dvigovanje in potiskanje te\u017ekih materialov. Zaradi svoje vzdr\u017eljivosti in sposobnosti prena\u0161anja te\u017ekih delovnih pogojev so idealni za zahtevno naravo gradbi\u0161\u010d. Mini hidravli\u010dni cilindri z dvojnim delovanjem, dobavljeni iz italijanske tovarne, ponujajo zanesljive re\u0161itve, ki izpolnjujejo stroge standarde gradbeni\u0161tva.<\/p>\n<h3>4. Kmetijska oprema<\/h3>\n<p>Kmetijski sektor ima velike koristi od uporabe nastavljivih cilindrov tipa clevis. Ti cilindri se uporabljajo v razli\u010dni kmetijski opremi, vklju\u010dno s traktorji, \u017eetvenimi stroji in \u0161kropilnicami. Z zagotavljanjem potrebne mo\u010di in nadzora olaj\u0161ajo bistvena opravila, kot so oranje, sajenje in \u017eetev. Mo\u017enost prilagajanja dol\u017eine hoda in optimizacije delovanja zagotavlja u\u010dinkovito delovanje v razli\u010dnih kmetijskih okoljih. Podjetje Italy Factory Supply Custom Hydraulic Cylinder je specializirano za hidravli\u010dne cilindre po meri za kmetijsko opremo in zagotavlja zanesljive re\u0161itve za ve\u010djo produktivnost.<\/p>\n<h3>5. Mobilna oprema<\/h3>\n<p>Nastavljivi cilindri z vidno vidnico se pogosto uporabljajo v mobilni opremi, kot so dvi\u017ene plo\u0161\u010dadi, \u0161karjaste dvi\u017ene plo\u0161\u010dadi in dostopne plo\u0161\u010dadi. Ti cilindri omogo\u010dajo gladko in natan\u010dno gibanje, kar zagotavlja varnost in u\u010dinkovitost upravljavca. S svojo kompaktno zasnovo in visoko nosilnostjo so zelo primerni za mobilne aplikacije, kjer je prostor omejen. Dvodelni mini hidravli\u010dni cilindri po meri iz italijanske tovarne zagotavljajo prilagojene re\u0161itve za razli\u010dne zahteve mobilne opreme, ki izpolnjujejo najvi\u0161je standarde zmogljivosti in zanesljivosti.<\/p>\n<p>Skratka, nastavljivi cilindri z vidno glavo imajo \u0161iroko paleto uporabe v razli\u010dnih panogah. Zaradi svoje vsestranskosti, natan\u010dnosti in vzdr\u017eljivosti so nepogre\u0161ljivi sestavni deli v industrijski avtomatizaciji, ravnanju z materiali, gradbenih strojih, kmetijski opremi in mobilni opremi. Podjetje Italy Factory Supply Custom Hydraulic Cylinder ponuja \u0161iroko paleto hidravli\u010dnih cilindrov po meri, vklju\u010dno z dvojno delujo\u010dimi mini hidravli\u010dnimi cilindri, da bi zadostilo specifi\u010dnim potrebam teh panog. Z izkori\u0161\u010danjem prednosti nastavljivih cilindrov z vidno glavo lahko podjetja izbolj\u0161ajo svoje poslovanje, pove\u010dajo produktivnost in dose\u017eejo ve\u010djo u\u010dinkovitost.<\/p>\n<p><img decoding=\"async\" src=\"https:\/\/fmp-components.com\/wp-content\/uploads\/2024\/12\/Application-of-Adjustable-Clevis-Type-Cylinders.webp\" alt=\"Nastavljiv valj tipa Clevis\" width=\"800\" title=\"\"><\/p>\n<h3>O FMP \u2013 hidravli\u010dnem cilindru<\/h3>\n<p>Pri FMP smo specializirani za prodajo in servis visokokakovostnih delov in celotnih strojev za gradbeno mehanizacijo. Na\u0161 hidravli\u010dni cilinder je eden na\u0161ih najbolj priljubljenih izdelkov in to z dobrim razlogom. Tukaj je pet razlogov, zakaj je hidravli\u010dni cilinder FMP najbolj\u0161a izbira za va\u0161e potrebe po gradbeni mehanizaciji:<\/p>\n<p>1. <strong>Vrhunski materiali<\/strong>Na\u0161 hidravli\u010dni cilinder je izdelan iz trpe\u017enih in zanesljivih materialov, kar zagotavlja dolgotrajno delovanje in minimalne potrebe po vzdr\u017eevanju.<\/p>\n<p>2. <strong>Prilagodljive mo\u017enosti<\/strong>Ponujamo nastavljive cilindre z vili\u010dasto glavo, kot tudi druge mo\u017enosti prilagajanja, ki ustrezajo va\u0161im specifi\u010dnim potrebam. Z na\u0161im strokovnim znanjem na podro\u010dju delov gradbenih strojev lahko sodelujemo z vami, da bi na\u0161li najbolj\u0161o re\u0161itev za va\u0161o opremo.<\/p>\n<p>3. <strong>Strokovna ekipa<\/strong>Na\u0161a izku\u0161ena in usposobljena prodajna ekipa je dobro seznanjena z najnovej\u0161imi trendi v industriji in potrebami strank v industriji gradbenih strojev. Zagotavljajo vam lahko strokovno svetovanje o izdelkih in pametne predloge za nakup, ki vam bodo pomagali sprejeti najbolj\u0161o odlo\u010ditev za va\u0161e podjetje.<\/p>\n<p>4. <strong>U\u010dinkovita logistika<\/strong>Imamo u\u010dinkovit logisti\u010dni distribucijski sistem, ki zagotavlja, da stranke pravo\u010dasno in natan\u010dno prejmejo potrebne dele. To pomeni minimalen izpad va\u0161e gradbene mehanizacije in nemoteno delovanje va\u0161ega podjetja.<\/p>\n<p>5. <strong>Strog nadzor kakovosti<\/strong>Vzpostavljamo dolgoro\u010dne in stabilne odnose sodelovanja z mnogimi visokokakovostnimi dobavitelji doma in v tujini, s \u010dimer zagotavljamo, da vsi dobavljeni deli, vklju\u010dno z na\u0161im hidravli\u010dnim cilindrom, izpolnjujejo stroge standarde kakovosti.<\/p>\n<p>S hidravli\u010dnim cilindrom FMP ste lahko prepri\u010dani v kakovost in zanesljivost svoje gradbene mehanizacije. Za ve\u010d informacij o na\u0161ih izdelkih in o tem, kako vam lahko pomagamo najti najbolj\u0161e re\u0161itve za va\u0161e poslovne potrebe, nas kontaktirajte \u0161e danes.<\/p>\n<p><img decoding=\"async\" src=\"https:\/\/fmp-components.com\/wp-content\/uploads\/2024\/12\/Adjustable-Clevis-Type-Cylinders-6.webp\" alt=\"Nastavljiv valj tipa Clevis\" width=\"853\" title=\"\"><\/p>\n<h2>Pogosta vpra\u0161anja<\/h2>\n<p><b>V: Kak\u0161en je dobavni rok za va\u0161e hidravli\u010dne cilindre?<\/b><\/p>\n<p>A: Standardni dobavni rok za na\u0161e hidravli\u010dne cilindre je 25-35 dni.<\/p>\n<p><b>V: Ali ponujate vzorce va\u0161ih hidravli\u010dnih cilindrov?<\/b><\/p>\n<p>A: Da, ponujamo vzorce na\u0161ih hidravli\u010dnih cilindrov, vendar niso brezpla\u010dni.<\/p>\n<p><b>V: Ali lahko prilagodim svoje hidravli\u010dne cilindre svojim potrebam?<\/b><\/p>\n<p>A: Absolutno! Za na\u0161e hidravli\u010dne cilindre ponujamo celovite mo\u017enosti prilagoditve. Dolo\u010dite lahko svoje zahteve glede velikosti izvrtine, dol\u017eine hoda, nazivnega tlaka, nosilnosti in \u0161e ve\u010d.<\/p>\n<p><img decoding=\"async\" src=\"https:\/\/img.jiansujichilun.com\/img\/hydrauliccylinders\/C_hydrauliccylinders-5.webp\" alt=\"hidravli\u010dni cilinder\" width=\"800\" title=\"\"><\/p>\n<p>Avtor: CX<\/p>","protected":false},"excerpt":{"rendered":"<p>Italy Factory Supply Custom Hydraulic Cylinder Double Acting Mini Hydraulic Cylinders Italy Factory Supply Custom Hydraulic Cylinder Double Acting Mini Hydraulic Cylinders are the perfect solution for small scale hydraulic applications. These compact cylinders are designed to provide high force in a small package, making them ideal for use in tight spaces. Made from high-quality [&hellip;]<\/p>","protected":false},"featured_media":1340,"comment_status":"closed","ping_status":"closed","template":"","meta":{"_et_pb_use_builder":"","_et_pb_old_content":"","_et_gb_content_width":""},"product_brand":[],"product_cat":[39],"product_tag":[41,34],"class_list":{"0":"post-1391","1":"product","2":"type-product","3":"status-publish","4":"has-post-thumbnail","6":"product_cat-adjustable-clevis-type-cylinders","7":"product_tag-adjustable-clevis-type-cylinders","8":"product_tag-hydraulic-cylinder","10":"first","11":"instock","12":"product-type-simple"},"_links":{"self":[{"href":"https:\/\/fmp-components.com\/sl\/wp-json\/wp\/v2\/product\/1391","targetHints":{"allow":["GET"]}}],"collection":[{"href":"https:\/\/fmp-components.com\/sl\/wp-json\/wp\/v2\/product"}],"about":[{"href":"https:\/\/fmp-components.com\/sl\/wp-json\/wp\/v2\/types\/product"}],"replies":[{"embeddable":true,"href":"https:\/\/fmp-components.com\/sl\/wp-json\/wp\/v2\/comments?post=1391"}],"wp:featuredmedia":[{"embeddable":true,"href":"https:\/\/fmp-components.com\/sl\/wp-json\/wp\/v2\/media\/1340"}],"wp:attachment":[{"href":"https:\/\/fmp-components.com\/sl\/wp-json\/wp\/v2\/media?parent=1391"}],"wp:term":[{"taxonomy":"product_brand","embeddable":true,"href":"https:\/\/fmp-components.com\/sl\/wp-json\/wp\/v2\/product_brand?post=1391"},{"taxonomy":"product_cat","embeddable":true,"href":"https:\/\/fmp-components.com\/sl\/wp-json\/wp\/v2\/product_cat?post=1391"},{"taxonomy":"product_tag","embeddable":true,"href":"https:\/\/fmp-components.com\/sl\/wp-json\/wp\/v2\/product_tag?post=1391"}],"curies":[{"name":"delovni list","href":"https:\/\/api.w.org\/{rel}","templated":true}]}}