{"id":1387,"date":"2024-12-23T02:19:41","date_gmt":"2024-12-23T02:19:41","guid":{"rendered":"https:\/\/fmp-components.com\/product\/china-supplier-piston-double-acting-hydraulic-ram-cylinder-for-trailer\/"},"modified":"2024-12-23T08:51:38","modified_gmt":"2024-12-23T08:51:38","slug":"italy-supplier-piston-double-acting-hydraulic-ram-cylinder-for-trailer","status":"publish","type":"product","link":"https:\/\/fmp-components.com\/sl\/product\/italy-supplier-piston-double-acting-hydraulic-ram-cylinder-for-trailer\/","title":{"rendered":"Italijanski dobavitelj bata dvosmernega hidravli\u010dnega cilindra za prikolico"},"content":{"rendered":"<p>Hidravli\u010dni cilinder z dvojnim delovanjem in batom za prikolico italijanskega dobavitelja je vrhunski izdelek, zasnovan za izjemno zmogljivost in zanesljivost. Ta cilinder izdeluje ugleden dobavitelj v Italiji, znan po svojem strokovnem znanju na podro\u010dju hidravli\u010dnih sistemov.<\/p>\n<p>Ta hidravli\u010dni cilinder z batno zasnovo zagotavlja u\u010dinkovito delovanje v obe smeri. Omogo\u010da gladko in natan\u010dno gibanje, zaradi \u010desar je idealen za razli\u010dne aplikacije v prikolicah. Ne glede na to, ali gre za dvigovanje te\u017ekih bremen ali zagotavljanje stabilnosti med prevozom, je ta cilinder pripravljen na to nalogo.<\/p>\n<p>Ta hidravli\u010dni cilinder je zasnovan z mislijo na vzdr\u017eljivost in je izdelan tako, da prenese zahtevno uporabo v zahtevnih okoljih. Izdelan je iz visokokakovostnih materialov, ki zagotavljajo dolgotrajno delovanje in odpornost proti obrabi. To zagotavlja, da bo cilinder \u0161e naprej zagotavljal optimalne rezultate tudi v zahtevnih pogojih.<\/p>\n<p>Ta hidravli\u010dni cilinder z dvojnim delovanjem ponuja vsestranskost in udobje. Lahko izvaja silo tako v smeri iztegovanja kot v smeri uvleka, kar zagotavlja ve\u010dji nadzor in prilagodljivost pri upravljanju priklopnika. Ta funkcija omogo\u010da u\u010dinkovite in natan\u010dne gibe, kar omogo\u010da ve\u010djo produktivnost in u\u010dinkovitost.<\/p>\n<p><img loading=\"lazy\" decoding=\"async\" class=\"alignnone size-full wp-image-1334\" src=\"https:\/\/fmp-components.com\/wp-content\/uploads\/2024\/12\/Adjustable-Clevis-Type-Cylinders-4.webp\" alt=\"Nastavljivi cilindri tipa Clevis\" width=\"800\" height=\"800\" title=\"\" srcset=\"https:\/\/fmp-components.com\/wp-content\/uploads\/2024\/12\/Adjustable-Clevis-Type-Cylinders-4.webp 800w, https:\/\/fmp-components.com\/wp-content\/uploads\/2024\/12\/Adjustable-Clevis-Type-Cylinders-4-480x480.webp 480w\" sizes=\"(min-width: 0px) and (max-width: 480px) 480px, (min-width: 481px) 800px, 100vw\" \/><\/p>\n<p>Poleg funkcionalnih zmogljivosti je ta hidravli\u010dni cilinder zasnovan tudi z mislijo na varnost. Opremljen je z zanesljivimi tesnili in drugimi varnostnimi funkcijami, ki prepre\u010dujejo pu\u0161\u010danje in zagotavljajo nemoteno delovanje. To zagotavlja varno in zanesljivo delovanje, na katerega se lahko zanesete.<\/p>\n<p>Na splo\u0161no je batni dvosmerni hidravli\u010dni cilinder za prikolico italijanskega dobavitelja visokokakovosten izdelek, ki zdru\u017euje zmogljivost, vzdr\u017eljivost in varnost. Zaradi izjemne zasnove in funkcionalnosti je odli\u010dna izbira za razli\u010dne aplikacije priklopnikov. Zaupajte temu cilindru, da vam bo zagotovil zanesljivost in u\u010dinkovitost, ki ju potrebujete za svoje delovanje priklopnika.<\/p>\n<p>Dvosmerno delujo\u010di hidravli\u010dni cilinder Piston je vsestranski hidravli\u010dni cilinder uglednega italijanskega dobavitelja, optimiziran za uporabo v prikolicah. Z enoletno garancijo je zelo primeren za panoge, kot so delavnice za popravilo strojev, kmetije, energetika in rudarstvo, proizvodnja strojev in tovarne strojev. Ta novi izdelek iz leta 2023, ki tehta 47 kg, ima video izhodni pregled in poro\u010dilo o preizkusu strojev, osrednji sestavni deli pa sta le\u017eaj in hidravli\u010dni cilinder. Ta standardni batni cilinder deluje s hidravli\u010dno mo\u010djo in je izdelan iz robustnega jekla. Ima najve\u010dji potisk 3000 ton, nastavljiv tip z vili\u010dasto glavo in je opremljen s priklju\u010dki G\/SAE\/NPT\/M. Cilinder lahko dose\u017ee najve\u010djo vle\u010dno silo 20 ton in ima certifikat ISO9001:2000. Velikosti izvrtine, palice, hoda in zati\u010da cilindra so razli\u010dne, na voljo pa je v elegantni \u010drni barvi.<\/p>\n<table style=\"width: 100%;\" border=\"1\" width=\"100%\" cellspacing=\"0\" cellpadding=\"0\">\n<tbody>\n<tr>\n<th>Ime izdelka<\/th>\n<td>Batni dvojno delujo\u010di valj<\/td>\n<\/tr>\n<tr>\n<th>Vrsta<\/th>\n<td>Hidravli\u010dni cilinder<\/td>\n<\/tr>\n<tr>\n<th>Funkcija<\/th>\n<td>Izteguje in uvle\u010de s pomo\u010djo hidravli\u010dne mo\u010di<\/td>\n<\/tr>\n<tr>\n<th>Vrsta cilindra<\/th>\n<td>Nastavljiv tip Clevis<\/td>\n<\/tr>\n<tr>\n<th>Velikost izvrtine<\/th>\n<td>2\u20136 palcev<\/td>\n<\/tr>\n<tr>\n<th>Velikost palice<\/th>\n<td>1,125-4 palca<\/td>\n<\/tr>\n<tr>\n<th>Velikost poteze<\/th>\n<td>4\u2013100 palcev<\/td>\n<\/tr>\n<tr>\n<th>Velikost zati\u010da<\/th>\n<td>0,5\u20132 palca<\/td>\n<\/tr>\n<tr>\n<th>Najve\u010dji potisk<\/th>\n<td>3000<\/td>\n<\/tr>\n<tr>\n<th>Najve\u010dja vle\u010dna zmogljivost<\/th>\n<td>20 ton<\/td>\n<\/tr>\n<tr>\n<th>Material ohi\u0161ja<\/th>\n<td>Jeklo<\/td>\n<\/tr>\n<tr>\n<th>Vzdr\u017eljivost<\/th>\n<td>Visoka trdnost in odpornost proti obrabi<\/td>\n<\/tr>\n<\/tbody>\n<\/table>\n<h2>Prednosti nastavljivih cilindrov tipa Clevis<\/h2>\n<p>Nastavljivi cilindri z vidno glavo so zaradi \u0161tevilnih prednosti in vsestranskosti priljubljena izbira v hidravli\u010dni industriji. Ti cilindri, kot je na primer batni dvosmerni hidravli\u010dni cilinder za priklopnike italijanskega dobavitelja, ponujajo edinstvene lastnosti, zaradi katerih so zelo u\u010dinkoviti in zanesljivi v razli\u010dnih aplikacijah. V tem \u010dlanku bomo raziskali prednosti uporabe nastavljivih cilindrov z vidno glavo v hidravli\u010dnih sistemih.<\/p>\n<h3>1. Izbolj\u0161ana fleksibilnost in prilagodljivost<\/h3>\n<p>Ena od pomembnih prednosti nastavljivih cilindrov z vidno glavo je njihova sposobnost zagotavljanja ve\u010dje fleksibilnosti in prilagodljivosti v hidravli\u010dnih sistemih. Ti cilindri omogo\u010dajo enostavno nastavitev polo\u017eaja sornika vidne glave, kar omogo\u010da natan\u010dno nastavitev dol\u017eine hoda cilindra. Ta nastavljivost omogo\u010da prilagajanje razli\u010dnim delovnim pogojem in spremembam obremenitev, kar zagotavlja optimalno delovanje.<\/p>\n<h3>2. Natan\u010dno pozicioniranje in nadzor<\/h3>\n<p>Nastavljivi cilindri z vili\u010dasto glavo ponujajo natan\u010dno pozicioniranje in krmiljenje, zaradi \u010desar so idealni za aplikacije, ki zahtevajo natan\u010dne in nadzorovane gibe. Mo\u017enost natan\u010dne nastavitve dol\u017eine hoda omogo\u010da natan\u010den nadzor nad iztegom in vvle\u010denjem cilindra, kar omogo\u010da natan\u010dno pozicioniranje bremen ali strojnih komponent. Ta raven nadzora pove\u010duje operativno u\u010dinkovitost, hkrati pa zmanj\u0161uje tveganje za po\u0161kodbe ali nesre\u010de.<\/p>\n<h3>3. Pove\u010dana operativna u\u010dinkovitost<\/h3>\n<p>Z mo\u017enostjo prilagajanja dol\u017eine hoda nastavljivi cilindri z vidno glavo prispevajo k ve\u010dji operativni u\u010dinkovitosti. Te cilindre je mogo\u010de optimizirati glede na specifi\u010dne zahteve naloge, s \u010dimer se odpravijo nepotrebni premiki in zmanj\u0161a poraba energije. Mo\u017enost natan\u010dne nastavitve hoda cilindra pomaga tudi zmanj\u0161ati obrabo, podalj\u0161a \u017eivljenjsko dobo cilindra in zmanj\u0161a stro\u0161ke vzdr\u017eevanja.<\/p>\n<h3>4. Izbolj\u0161ana varnost in zanesljivost<\/h3>\n<p>Nastavljivi cilindri z vidno glavo ponujajo izbolj\u0161ano varnost in zanesljivost v primerjavi s cilindri s fiksnim hodom. Z mo\u017enostjo nastavitve dol\u017eine hoda lahko upravljavci zagotovijo, da cilinder deluje znotraj varnega delovnega obmo\u010dja. To pomaga prepre\u010diti prekomerno raztezanje ali prekomerno umikanje, kar bi lahko povzro\u010dilo po\u0161kodbe opreme ali nesre\u010de. Nastavljivost teh cilindrov omogo\u010da tudi hitro prilagajanje spreminjajo\u010dim se zahtevam glede obremenitve, kar pove\u010duje splo\u0161no zanesljivost sistema.<\/p>\n<h3>5. Vsestranske uporabe<\/h3>\n<p>Zaradi svoje fleksibilnosti in prilagodljivosti se nastavljivi cilindri z vidno glavo uporabljajo v najrazli\u010dnej\u0161ih panogah in sektorjih. Ne glede na to, ali gre za industrijske stroje, gradbeno opremo ali kmetijsko opremo, se ti cilindri odli\u010dno znajdejo v razli\u010dnih nalogah. Zaradi svoje sposobnosti prilagajanja razli\u010dnim obremenitvam in delovnim pogojem so vsestranska izbira za \u0161tevilne aplikacije hidravli\u010dnih sistemov.<\/p>\n<p>Skratka, nastavljivi cilindri z vidno glavo, kot je na primer batni dvosmerni hidravli\u010dni cilinder italijanskega dobavitelja za priklopnike, ponujajo znatne prednosti v hidravli\u010dnih sistemih. Zaradi ve\u010dje fleksibilnosti, natan\u010dnega pozicioniranja, ve\u010dje operativne u\u010dinkovitosti, izbolj\u0161ane varnosti in vsestranskosti so priljubljena izbira med hidravli\u010dnimi strokovnjaki. Z uporabo teh cilindrov lahko strokovnjaki optimizirajo svoje hidravli\u010dne sisteme za maksimalno zmogljivost in zanesljivost.<\/p>\n<p><img decoding=\"async\" src=\"https:\/\/fmp-components.com\/wp-content\/uploads\/2024\/12\/Adjustable-Clevis-Type-Cylinders5.webp\" alt=\"Nastavljiv valj tipa Clevis\" width=\"800\" title=\"\"><\/p>\n<h2>Uporaba nastavljivih cilindrov tipa Clevis<\/h2>\n<p>Nastavljivi cilindri z vili\u010dasto glavo se zaradi svoje vsestranskosti in prilagodljivosti pogosto uporabljajo v razli\u010dnih panogah. Nekatere najpogostej\u0161e uporabe teh cilindrov so:<\/p>\n<h3>1. Kmetijska oprema<\/h3>\n<p>Nastavljivi cilindri z vidno glavo igrajo klju\u010dno vlogo v sodobni kmetijski opremi. Ti cilindri se pogosto uporabljajo v traktorjih in drugi te\u017eki mehanizaciji za dvigovanje in premikanje te\u017ekih bremen. Na primer, batni dvostranski hidravli\u010dni cilinder za prikolico italijanskega dobavitelja se lahko uporablja za dvigovanje pluga ali brane, kar olaj\u0161a obdelavo zemlje in njeno pripravo na setev. Ti cilindri se lahko uporabljajo tudi za dvigovanje in premikanje druge te\u017eke kmetijske opreme, kot so namakalni sistemi in silosi za \u017eito.<\/p>\n<h3>2. Gradbena oprema<\/h3>\n<p>Nastavljivi cilindri z vidno glavo se pogosto uporabljajo tudi v gradbeni opremi, kot so \u017eerjavi, bagri in buldo\u017eerji. Ti cilindri se uporabljajo za dvigovanje in premikanje te\u017ekih bremen, kot so betonski bloki, jekleni nosilci in drugi gradbeni materiali. Dvosmerno delujo\u010di hidravli\u010dni cilinder z batom italijanskega dobavitelja za prikolico se lahko uporablja za dvigovanje in premikanje \u017elice na \u010delnem nakladalniku, kar olaj\u0161a kopanje in prevoz zemlje in drugih materialov. Ti cilindri se lahko uporabljajo tudi za dvigovanje in premikanje druge te\u017eke gradbene opreme, kot so odri in betonski opa\u017ei.<\/p>\n<h3>3. Industrijski stroji<\/h3>\n<p>Nastavljivi cilindri z vidno glavo se uporabljajo tudi v razli\u010dnih industrijskih strojih, kot so hidravli\u010dne stiskalnice, stroji za \u0161tancanje in stroji za brizganje plastike. Ti cilindri se uporabljajo za nana\u0161anje sile na materiale, kot sta kovina ali plastika, da se oblikujejo ali brizgajo. Dvosmerno delujo\u010di hidravli\u010dni cilinder z batom italijanskega dobavitelja za prikolico se lahko uporablja za nana\u0161anje sile na matrico v stroju za \u0161tancanje, kar olaj\u0161a ustvarjanje kompleksnih oblik in modelov. Ti cilindri se lahko uporabljajo tudi za nana\u0161anje sile na kalup v stroju za brizganje plastike, kar olaj\u0161a izdelavo plasti\u010dnih delov in komponent.<\/p>\n<h3>4. Pomorske in priobalne aplikacije<\/h3>\n<p>Nastavljivi cilindri z vidno glavo se uporabljajo tudi v pomorstvu in na morju, kot so naftne plo\u0161\u010dadi, ladje in podmornice. Ti cilindri se uporabljajo za razli\u010dne namene, kot so odpiranje in zapiranje vrat in loput, dvigovanje in spu\u0161\u010danje opreme ter nadzor gibanja podvodnih vozil. Dvosmerno delujo\u010di hidravli\u010dni cilinder z batom italijanskega dobavitelja za prikolico se lahko uporablja za nadzor gibanja potopnega vozila, kar olaj\u0161a navigacijo v podvodnem okolju. Ti cilindri se lahko uporabljajo tudi za dvigovanje in spu\u0161\u010danje opreme na naftni plo\u0161\u010dadi, kar olaj\u0161a vzdr\u017eevanje in popravila.<\/p>\n<p>Nastavljivi cilindri z vidno glavo so vsestranski in prilagodljivi, zaradi \u010desar so uporabni v najrazli\u010dnej\u0161ih aplikacijah. Ne glede na to, ali delate v kmetijstvu, gradbeni\u0161tvu, industrijskih strojih ali pomorstvu in na morju, vam lahko ti cilindri pomagajo opraviti delo u\u010dinkoviteje in uspe\u0161no. S pravim hidravli\u010dnim cilindrom z dvojnim delovanjem in batom za prikolico italijanskega dobavitelja lahko izbolj\u0161ate delovanje svoje opreme in dose\u017eete ve\u010dji uspeh pri delu.<\/p>\n<p><img decoding=\"async\" src=\"https:\/\/fmp-components.com\/wp-content\/uploads\/2024\/12\/Application-of-Adjustable-Clevis-Type-Cylinders.webp\" alt=\"Nastavljiv valj tipa Clevis\" width=\"800\" title=\"\"><\/p>\n<h3>O FMP-ju<\/h3>\n<p>FMP je podjetje, specializirano za proizvodnjo in prodajo hidravli\u010dnih cilindrov. Z na\u0161im poudarkom na zagotavljanju visokokakovostnih delov za gradbeno mehanizacijo in celovitih strojnih re\u0161itev smo se uveljavili kot zanesljiv partner v panogi. Na\u0161e dolgoletne izku\u0161nje in strokovna ekipa, ki se nahaja v Italiji, zagotavljajo, da strankam zagotavljamo vrhunske izdelke in storitve.<\/p>\n<p><strong>Na\u0161a ponudba izdelkov:<\/strong><\/p>\n<ol>\n<li><strong>Menjalniki za kmetijsko mehanizacijo:<\/strong> Ponujamo \u0161iroko paleto menjalnikov, posebej zasnovanih za kmetijsko mehanizacijo. Ti menjalniki so vzdr\u017eljivi in \u200b\u200bu\u010dinkoviti, kar omogo\u010da nemoteno in zanesljivo delovanje.<\/li>\n<li><strong>Hidravli\u010dni cilindri:<\/strong> Na\u0161i hidravli\u010dni cilindri so izdelani po najvi\u0161jih standardih, da zagotavljajo vrhunsko zmogljivost in vzdr\u017eljivost. Zasnovani so tako, da prenesejo velike obremenitve in te\u017eke delovne pogoje, kar zagotavlja optimalno u\u010dinkovitost in zanesljivost.<\/li>\n<li><strong>Planetni menjalniki:<\/strong> Ponujamo planetarne menjalnike, ki so zasnovani za natan\u010dnost in vzdr\u017eljivost. Ti menjalniki ponujajo visok navor in nemoteno delovanje, zaradi \u010desar so idealni za razli\u010dne aplikacije v industriji gradbenih strojev.<\/li>\n<li><strong>Industrijski menjalniki:<\/strong> Na\u0161a ponudba industrijskih menjalnikov je zasnovana tako, da zadovolji raznolike potrebe razli\u010dnih industrij. Ti menjalniki so znani po svoji zanesljivosti, u\u010dinkovitosti in dolgi \u017eivljenjski dobi.<\/li>\n<li><strong>Deli in dodatki za kmetijsko mehanizacijo:<\/strong> Poleg menjalnikov in hidravli\u010dnih cilindrov ponujamo tudi celovito paleto delov in dodatne opreme za kmetijsko mehanizacijo. Te komponente so skrbno izbrane, da se zagotovi zdru\u017eljivost in optimalno delovanje.<\/li>\n<\/ol>\n<p><strong>Prednosti na\u0161ega podjetja:<\/strong><\/p>\n<ol>\n<li><strong>Strogi standardi kakovosti:<\/strong> Vzpostavili smo dolgoro\u010dne in stabilne odnose z visokokakovostnimi dobavitelji tako doma kot v tujini. To nam omogo\u010da, da zagotovimo, da vsi deli, ki jih dobavljamo, izpolnjujejo stroge standarde kakovosti.<\/li>\n<li><strong>Izku\u0161ena prodajna ekipa:<\/strong> Na\u0161a prodajna ekipa dobro pozna razvojne trende in potrebe strank v industriji gradbenih strojev. Zagotavlja strokovna svetovanja o izdelkih in pametne predloge za nakup, da strankam pomaga pri sprejemanju premi\u0161ljenih odlo\u010ditev.<\/li>\n<li><strong>U\u010dinkovita logisti\u010dna distribucija:<\/strong> Vzpostavljen imamo u\u010dinkovit logisti\u010dni distribucijski sistem, ki zagotavlja, da stranke pravo\u010dasno in natan\u010dno prejmejo potrebne dele. To omogo\u010da minimalne izpade in maksimalno produktivnost.<\/li>\n<li><strong>Zanesljiva storitev:<\/strong> Zadovoljstvo strank nam je na prvem mestu in si vedno prizadevamo zagotavljati odli\u010dno storitev. Na\u0161a predana ekipa je vedno pripravljena odgovoriti na vsa vpra\u0161anja ali pomisleke ter tako zagotoviti nemoteno in brezskrbno izku\u0161njo za na\u0161e stranke.<\/li>\n<li><strong>Nenehno izbolj\u0161evanje:<\/strong> Zavezani smo k nenehnemu izbolj\u0161evanju in spremljanju najnovej\u0161ih dose\u017ekov v panogi. To nam omogo\u010da, da ponujamo inovativne re\u0161itve in ohranjamo polo\u017eaj zaupanja vrednega ponudnika delov in celotnih strojev za gradbeno mehanizacijo.<\/li>\n<\/ol>\n<p><img decoding=\"async\" src=\"https:\/\/fmp-components.com\/wp-content\/uploads\/2024\/12\/Adjustable-Clevis-Type-Cylinders-6.webp\" alt=\"Nastavljiv valj tipa Clevis\" width=\"849\" title=\"\"><\/p>\n<h4>Pogosto zastavljena vpra\u0161anja<\/h4>\n<p><b>V: Ali ste trgovsko podjetje ali proizvajalec?<\/b><br \/>\nA: Smo tovarna, ki proizvaja in izva\u017ea hidravli\u010dne cilindre.<\/p>\n<p><b>V: Kak\u0161en je dobavni rok za batni dvosmerni valj?<\/b><br \/>\nA: Na splo\u0161no je dobavni rok 25-35 dni.<\/p>\n<p><b>V: Ali ponujate vzorce? \u010ce da, ali so brezpla\u010dni ali pla\u010dljivi?<\/b><br \/>\nO: Da, nudimo vzorce. Vendar niso brezpla\u010dni.<\/p>\n<p><img decoding=\"async\" src=\"https:\/\/img.jiansujichilun.com\/img\/hydrauliccylinders\/C_hydrauliccylinders-4.webp\" alt=\"hidravli\u010dni cilinder\" width=\"800\" title=\"\"><\/p>\n<p>Avtor: CX<\/p>","protected":false},"excerpt":{"rendered":"<p>Italy Supplier Piston Double Acting Hydraulic Ram Cylinder For Trailer is a top-notch product that is designed to provide exceptional performance and reliability. This cylinder is manufactured by a reputable supplier in Italy, known for their expertise in hydraulic systems. Featuring a piston design, this hydraulic ram cylinder ensures efficient operation in both directions. It [&hellip;]<\/p>","protected":false},"featured_media":1338,"comment_status":"closed","ping_status":"closed","template":"","meta":{"_et_pb_use_builder":"","_et_pb_old_content":"","_et_gb_content_width":""},"product_brand":[],"product_cat":[39],"product_tag":[41,34],"class_list":{"0":"post-1387","1":"product","2":"type-product","3":"status-publish","4":"has-post-thumbnail","6":"product_cat-adjustable-clevis-type-cylinders","7":"product_tag-adjustable-clevis-type-cylinders","8":"product_tag-hydraulic-cylinder","10":"first","11":"instock","12":"product-type-simple"},"_links":{"self":[{"href":"https:\/\/fmp-components.com\/sl\/wp-json\/wp\/v2\/product\/1387","targetHints":{"allow":["GET"]}}],"collection":[{"href":"https:\/\/fmp-components.com\/sl\/wp-json\/wp\/v2\/product"}],"about":[{"href":"https:\/\/fmp-components.com\/sl\/wp-json\/wp\/v2\/types\/product"}],"replies":[{"embeddable":true,"href":"https:\/\/fmp-components.com\/sl\/wp-json\/wp\/v2\/comments?post=1387"}],"wp:featuredmedia":[{"embeddable":true,"href":"https:\/\/fmp-components.com\/sl\/wp-json\/wp\/v2\/media\/1338"}],"wp:attachment":[{"href":"https:\/\/fmp-components.com\/sl\/wp-json\/wp\/v2\/media?parent=1387"}],"wp:term":[{"taxonomy":"product_brand","embeddable":true,"href":"https:\/\/fmp-components.com\/sl\/wp-json\/wp\/v2\/product_brand?post=1387"},{"taxonomy":"product_cat","embeddable":true,"href":"https:\/\/fmp-components.com\/sl\/wp-json\/wp\/v2\/product_cat?post=1387"},{"taxonomy":"product_tag","embeddable":true,"href":"https:\/\/fmp-components.com\/sl\/wp-json\/wp\/v2\/product_tag?post=1387"}],"curies":[{"name":"delovni list","href":"https:\/\/api.w.org\/{rel}","templated":true}]}}