{"id":1386,"date":"2024-12-23T02:19:41","date_gmt":"2024-12-23T02:19:41","guid":{"rendered":"https:\/\/fmp-components.com\/product\/customized-stainless-steel-hydraulic-cylinder-for-trailer\/"},"modified":"2024-12-23T02:48:23","modified_gmt":"2024-12-23T02:48:23","slug":"customized-stainless-steel-hydraulic-cylinder-for-trailer","status":"publish","type":"product","link":"https:\/\/fmp-components.com\/sl\/product\/customized-stainless-steel-hydraulic-cylinder-for-trailer\/","title":{"rendered":"Prilagojen hidravli\u010dni cilinder iz nerjave\u010dega jekla za prikolico"},"content":{"rendered":"<h2>Predstavljamo vam prilagojen hidravli\u010dni cilinder iz nerjave\u010dega jekla za prikolico:<\/h2>\n<p>Hidravli\u010dni cilinder iz nerjave\u010dega jekla po meri je visokokakovosten izdelek, zasnovan posebej za prikolice. Ta hidravli\u010dni cilinder je izdelan iz trpe\u017enega nerjave\u010dega jekla, kar zagotavlja njegovo dolgo \u017eivljenjsko dobo in odpornost proti rji in koroziji.<\/p>\n<p>Zaradi svoje prilagojene zasnove je ta hidravli\u010dni cilinder primeren za razli\u010dne aplikacije priklopnikov. Posebej je zasnovan za nemoteno in u\u010dinkovito delovanje, kar omogo\u010da natan\u010den nadzor in stabilnost med prevozom.<\/p>\n<p>Konstrukcija iz nerjave\u010dega jekla pove\u010da trdnost in vzdr\u017eljivost cilindra, zaradi \u010desar je sposoben prenesti velike obremenitve in te\u017eke pogoje. To zagotavlja, da bo cilinder \u0161e naprej zanesljivo in u\u010dinkovito deloval skozi celotno \u017eivljenjsko dobo.<\/p>\n<p><img loading=\"lazy\" decoding=\"async\" class=\"alignnone size-full wp-image-1334\" src=\"https:\/\/fmp-components.com\/wp-content\/uploads\/2024\/12\/Adjustable-Clevis-Type-Cylinders-4.webp\" alt=\"Nastavljivi cilindri tipa Clevis\" width=\"800\" height=\"800\" title=\"\" srcset=\"https:\/\/fmp-components.com\/wp-content\/uploads\/2024\/12\/Adjustable-Clevis-Type-Cylinders-4.webp 800w, https:\/\/fmp-components.com\/wp-content\/uploads\/2024\/12\/Adjustable-Clevis-Type-Cylinders-4-480x480.webp 480w\" sizes=\"(min-width: 0px) and (max-width: 480px) 480px, (min-width: 481px) 800px, 100vw\" \/><\/p>\n<p>Hidravli\u010dni cilinder iz nerjave\u010dega jekla po meri je opremljen z naprednimi funkcijami, ki izbolj\u0161ujejo njegovo zmogljivost. Vklju\u010duje hidravli\u010dni sistem, ki omogo\u010da enostavno in priro\u010dno nastavitev hoda in tlaka cilindra, kar zagotavlja optimalno delovanje za razli\u010dne zahteve priklopnika.<\/p>\n<p>Poleg tega je ta hidravli\u010dni cilinder zasnovan za enostavno namestitev in vzdr\u017eevanje. Zasnovan je z uporabniku prijaznimi funkcijami, ki omogo\u010dajo hitro in enostavno namestitev na prikolice. Njegova zasnova z nizkimi stro\u0161ki vzdr\u017eevanja zmanj\u0161uje potrebo po pogostem servisiranju, kar prihrani \u010das in vire.<\/p>\n<p>Skratka, prilagojeni hidravli\u010dni cilinder iz nerjave\u010dega jekla za prikolico je vrhunski izdelek, ki ponuja izjemno zmogljivost in zanesljivost. Zaradi svoje vrhunske konstrukcije, naprednih funkcij in enostavne uporabe je idealna izbira za vsako uporabo priklopnika. Investirajte v ta hidravli\u010dni cilinder, da zagotovite nemoteno in u\u010dinkovito delovanje va\u0161e prikolice ter pove\u010date produktivnost in udobje.<\/p>\n<table style=\"width: 100%;\" border=\"1\" width=\"100%\" cellspacing=\"0\" cellpadding=\"0\">\n<tbody>\n<tr>\n<th>Opis izdelka<\/th>\n<td>Prilagojen hidravli\u010dni cilinder iz nerjave\u010dega jekla za prikolice<\/td>\n<\/tr>\n<tr>\n<th>Stanje<\/th>\n<td>Novo<\/td>\n<\/tr>\n<tr>\n<th>Garancija<\/th>\n<td>1 leto<\/td>\n<\/tr>\n<tr>\n<th>Uporabne panoge<\/th>\n<td>Strojne delavnice, Kmetije, Energetika in rudarstvo, Proizvodnja strojev, Tovarna strojev<\/td>\n<\/tr>\n<tr>\n<th>Te\u017ea (kg)<\/th>\n<td>47<\/td>\n<\/tr>\n<tr>\n<th>Material<\/th>\n<td>Nerjave\u010de jeklo<\/td>\n<\/tr>\n<tr>\n<th>Najve\u010dji potisk<\/th>\n<td>3000<\/td>\n<\/tr>\n<tr>\n<th>Vrsta<\/th>\n<td>Nastavljiv valj tipa Clevis<\/td>\n<\/tr>\n<tr>\n<th>Pristani\u0161\u010da<\/th>\n<td>G\/SAE\/NPT\/M<\/td>\n<\/tr>\n<tr>\n<th>Najve\u010dja vle\u010dna zmogljivost<\/th>\n<td>20 ton<\/td>\n<\/tr>\n<tr>\n<th>Certificiranje<\/th>\n<td>ISO9001:2000<\/td>\n<\/tr>\n<tr>\n<th>Barva<\/th>\n<td>\u010crna<\/td>\n<\/tr>\n<tr>\n<th>Velikost izvrtine<\/th>\n<td>2\u20136 palcev<\/td>\n<\/tr>\n<tr>\n<th>Velikost palice<\/th>\n<td>1,125-4 palca<\/td>\n<\/tr>\n<tr>\n<th>Velikost poteze<\/th>\n<td>4\u2013100 palcev<\/td>\n<\/tr>\n<tr>\n<th>Velikost zati\u010da<\/th>\n<td>0,5\u20132 palca<\/td>\n<\/tr>\n<\/tbody>\n<\/table>\n<p>&nbsp;<\/p>\n<h2>Podrobnosti hidravli\u010dnega cilindra<\/h2>\n<p>Na\u0161 hidravli\u010dni cilinder iz nerjave\u010dega jekla po meri je eden od edinstvenih izdelkov v na\u0161i ponudbi. Na voljo je v razli\u010dici z nastavljivo vidno glavo, ki je znana po svoji vsestranskosti in stabilnosti. Velikost izvrtine se giblje od 2 do 6 palcev, kar ponuja \u0161irok spekter za razli\u010dne potrebe. Velikost hoda, ki je mera celotnega gibanja bata v valju, se giblje od 4 do 100 palcev. To omogo\u010da \u0161irok razpon gibanja, zaradi \u010desar je primeren za te\u017eke aplikacije. Velikost palice se giblje od 1,125 do 4 palcev, velikost zati\u010da pa od 0,5 do 2 palcev. Ta hidravli\u010dni cilinder lahko dose\u017ee najve\u010dji potisk 3000 in vle\u010de do 20 ton, kar ka\u017ee na njegovo impresivno mo\u010d.<\/p>\n<p>Hidravli\u010dni cilinder je izdelan iz visokokakovostnega nerjave\u010dega jekla, kar zagotavlja vzdr\u017eljivost in zanesljivost. Ohi\u0161je je jeklo, zato je odporno proti koroziji in prenese te\u017eke pogoje, zaradi \u010desar je idealno za te\u017eko mehanizacijo in industrijsko uporabo. \u010crna barva mu daje profesionalen videz, jekleno ohi\u0161je pa zagotavlja robustnost.<\/p>\n<p>Na\u0161i hidravli\u010dni cilindri se uporabljajo v najrazli\u010dnej\u0161ih panogah. Uporabljajo se v delavnicah za popravilo strojev, na kmetijah, v energetski in rudarski industriji, proizvodnji strojev in tovarnah strojev. Zaradi vsestranskosti in mo\u010di na\u0161ih hidravli\u010dnih cilindrov so primerni za te\u017eka opravila v teh sektorjih.<\/p>\n<h2>Prednosti nastavljivih cilindrov tipa Clevis<\/h2>\n<p>Nastavljivi cilindri z vidno glavo so klju\u010dni sestavni deli hidravli\u010dnih sistemov te\u017eke mehanizacije, vklju\u010dno s kmetijsko opremo, gradbenimi stroji in tovornjaki. Tukaj je nekaj prednosti uporabe nastavljivih cilindrov z vidno glavo v teh aplikacijah:<\/p>\n<h3>1. Izbolj\u0161ana zmogljivost<\/h3>\n<p>Nastavljivi cilindri z vidno glavo so zasnovani tako, da zagotavljajo visoko raven delovanja v zahtevnih okoljih. Ti cilindri so izdelani iz trpe\u017enih materialov, vklju\u010dno z nerjavnim jeklom po meri, ki zagotavlja visoko stopnjo trdnosti, odpornosti proti koroziji in vzdr\u017eljivosti. Z visoko zmogljivostjo nastavljivi cilindri z vidno glavo pomagajo te\u017ekim strojem delovati u\u010dinkovito in uspe\u0161no.<\/p>\n<h3>2. Mo\u017enosti oblikovanja po meri<\/h3>\n<p>Ena pomembnih prednosti nastavljivih cilindrov z vidno glavo je, da jih je mogo\u010de prilagoditi specifi\u010dnim aplikacijam. Ta prilagoditev vklju\u010duje izbiro materialov, velikost cilindra in konfiguracijo mo\u017enosti pritrditve. Ta prilagodljivost pri zasnovi pomaga zagotoviti, da se cilinder brezhibno prilega stroju, kar olaj\u0161a njegovo uporabo in upravljanje.<\/p>\n<h3>3. Izbolj\u0161ana varnost<\/h3>\n<p>Druga prednost nastavljivih cilindrov z vidno glavo je njihov prispevek k varnosti v te\u017ekih strojih. Ti cilindri so zasnovani za visoke obremenitve in tlake, zaradi \u010desar so idealni za uporabo v strojih, kjer je varnost pomembna. Z visoko stopnjo trdnosti in vzdr\u017eljivosti pomagajo zmanj\u0161ati tveganje za okvaro strojev, kar bi lahko povzro\u010dilo nesre\u010de ali po\u0161kodbe.<\/p>\n<h3>4. Zmanj\u0161ani stro\u0161ki vzdr\u017eevanja<\/h3>\n<p>Nastavljivi cilindri z vidno glavo so zasnovani tako, da zahtevajo malo vzdr\u017eevanja. Zaradi trpe\u017enih materialov in robustne zasnove ti cilindri zahtevajo minimalno vzdr\u017eevanje, kar zmanj\u0161uje stro\u0161ke vzdr\u017eevanja in izpade. Zaradi te lastnosti so idealni za uporabo v oddaljenih ali zahtevnih okoljih, kjer je vzdr\u017eevanje te\u017eavno ali drago.<\/p>\n<h3>5. Pove\u010dana u\u010dinkovitost<\/h3>\n<p>Nastavljivost cilindrov z vili\u010dasto glavo omogo\u010da natan\u010den nadzor nad strojem, v katerega so name\u0161\u010deni. Ta lastnost omogo\u010da u\u010dinkovito uporabo opreme, zmanj\u0161uje porabo goriva in izbolj\u0161uje splo\u0161no zmogljivost. Zmo\u017enost nadzora nad gibanjem stroja pomeni tudi, da je manj\u0161a verjetnost po\u0161kodb zaradi preobremenitve ali preobremenitve.<\/p>\n<p>Skratka, nastavljivi cilindri z vidno glavo zagotavljajo \u0161tevilne prednosti za te\u017eke stroje, vklju\u010dno z izbolj\u0161ano zmogljivostjo, mo\u017enostmi prilagojene zasnove, izbolj\u0161ano varnostjo, ni\u017ejimi stro\u0161ki vzdr\u017eevanja in ve\u010djo u\u010dinkovitostjo. Zaradi visoke stopnje trdnosti in vzdr\u017eljivosti so ti cilindri idealni za uporabo v zahtevnih okoljih, saj zagotavljajo zanesljivo in u\u010dinkovito delovanje.<img decoding=\"async\" src=\"https:\/\/fmp-components.com\/wp-content\/uploads\/2024\/12\/Adjustable-Clevis-Type-Cylinders5.webp\" alt=\"Nastavljiv valj tipa Clevis\" width=\"800\" title=\"\"><\/p>\n<h2>Uporaba nastavljivih cilindrov tipa Clevis<\/h2>\n<p>Nastavljivi cilindri z vidno glavo se pogosto uporabljajo v razli\u010dnih panogah zaradi svoje sposobnosti dvigovanja te\u017ekih bremen in vzdr\u017eevanja konstantnega tlaka. Ti cilindri so \u0161e posebej uporabni v aplikacijah, kjer sta potrebna natan\u010dnost in nadzor, na primer v gradbeni\u0161tvu, avtomobilski in predelovalni industriji.<\/p>\n<p>Tukaj je nekaj pogostih uporab nastavljivih cilindrov z vili\u010dasto glavo:<\/p>\n<h3>1. Te\u017eka mehanizacija<\/h3>\n<p>Nastavljivi cilindri z u\u0161esno glavo se pogosto uporabljajo v te\u017ekih strojih, kot so bagri, \u017eerjavi in \u200b\u200bnakladalci. Ti stroji potrebujejo veliko mo\u010di za dvigovanje te\u017ekih predmetov in opravljanje razli\u010dnih nalog. Nastavljivi cilindri z u\u0161esno glavo se uporabljajo za zagotavljanje potrebne mo\u010di in nadzora za u\u010dinkovito premikanje strojev. Prilagojen hidravli\u010dni cilinder iz nerjave\u010dega jekla za priklopnike je en tak primer nastavljivih cilindrov z u\u0161esno glavo, ki se uporabljajo v te\u017ekih strojih.<\/p>\n<h3>2. Gradnja<\/h3>\n<p>Gradbena industrija se za razli\u010dne aplikacije, kot so vrtanje, ru\u0161enje in izkopavanje, mo\u010dno zana\u0161a na nastavljive cilindre z vidno glavo. Ti cilindri se uporabljajo za zagotavljanje potrebne sile za prebijanje betona in drugih gradbenih materialov. Uporabljajo se tudi za dvigovanje te\u017ekih bremen, kot so jekleni nosilci in drugi gradbeni materiali.<\/p>\n<h3>3. Avtomobilizem<\/h3>\n<p>Nastavljivi cilindri z vidno glavo se pogosto uporabljajo v avtomobilski industriji za razli\u010dne namene, kot so dvigovanje te\u017ekih vozil in premikanje te\u017ekih komponent. Uporabljajo se tudi v proizvodnih procesih za sestavljanje delov in opravljanje drugih nalog. Ti cilindri so zasnovani tako, da so vzdr\u017eljivi in \u200b\u200bprenesejo te\u017eke pogoje v avtomobilski industriji.<\/p>\n<h3>4. Proizvodnja<\/h3>\n<p>Nastavljivi cilindri z vidno glavo se pogosto uporabljajo v predelovalni industriji za razli\u010dne aplikacije, kot so stiskanje, vpenjanje in oblikovanje. Ti cilindri se uporabljajo za enakomerno pritiskanje materialov za ustvarjanje natan\u010dnih oblik. Uporabljajo se tudi za dvigovanje te\u017ekih bremen in premikanje materialov po proizvodnem prostoru.<\/p>\n<p>Skratka, nastavljivi cilindri z vidno glavo so vsestranska in uporabna orodja, ki se pogosto uporabljajo v razli\u010dnih panogah. Zagotavljajo potrebno mo\u010d in nadzor za opravljanje razli\u010dnih nalog, kot so dvigovanje te\u017ekih bremen, prebijanje betona in oblikovanje natan\u010dnih oblik. Hidravli\u010dni cilinder iz nerjave\u010dega jekla po meri za prikolice je en primer teh cilindrov, ki se uporabljajo v te\u017ekih strojih. Ne glede na to, ali delate v gradbeni\u0161tvu, avtomobilski industriji ali proizvodnji, vam lahko nastavljivi cilindri z vidno glavo pomagajo pri u\u010dinkovitej\u0161em in uspe\u0161nej\u0161em opravljanju nalog.<img decoding=\"async\" src=\"https:\/\/fmp-components.com\/wp-content\/uploads\/2024\/12\/Application-of-Adjustable-Clevis-Type-Cylinders.webp\" alt=\"Nastavljiv valj tipa Clevis\" width=\"800\" title=\"\"><\/p>\n<h3>O FMP \u2013 hidravli\u010dnem cilindru<\/h3>\n<p>\u010ce i\u0161\u010dete zanesljive in visokokakovostne hidravli\u010dne cilindre, ste pri\u0161li na pravo mesto. FMP je ugledno podjetje, specializirano za prodajo in servis delov in celotnih strojev za gradbeno mehanizacijo. Z dolgoletnimi izku\u0161njami v panogi in profesionalno ekipo svojim strankam zagotavljamo vrhunske hidravli\u010dne cilindre, ki so zasnovani tako, da ustrezajo njihovim specifi\u010dnim potrebam.<\/p>\n<p>Tukaj je pet razlogov, zakaj bi morali izbrati FMP za va\u0161e potrebe po hidravli\u010dnih cilindrih:<\/p>\n<p>1. \u0160iroka paleta izdelkov: V podjetju FMP ponujamo \u0161iroko paleto hidravli\u010dnih cilindrov, vklju\u010dno z nastavljivimi cilindri z u\u0161esnim klobukom, varjenimi cilindri z u\u0161esnim klobukom in \u0161tevilnimi drugimi. Na\u0161i izdelki so primerni za razli\u010dne vrste gradbenih strojev, vklju\u010dno s kmetijskimi stroji, industrijskimi stroji in drugimi.<\/p>\n<p>2. Vrhunski materiali: V na\u0161ih izdelkih uporabljamo le najkakovostnej\u0161e materiale, s \u010dimer zagotavljamo, da izpolnjujejo stroge standarde kakovosti. Na\u0161i hidravli\u010dni cilindri so izdelani iz visokokakovostnega jekla, kar zagotavlja vzdr\u017eljivost in dolgotrajno delovanje.<\/p>\n<p>3. Strokovno svetovanje: Na\u0161a izku\u0161ena prodajna ekipa je vedno pripravljena zagotoviti strokovno svetovanje in nasvete. Razumemo razvojne trende in potrebe strank v industriji gradbenih strojev ter vam lahko pomagamo izbrati pravi hidravli\u010dni cilinder za va\u0161e potrebe.<\/p>\n<p>4. U\u010dinkovit logisti\u010dni distribucijski sistem: Imamo u\u010dinkovit logisti\u010dni distribucijski sistem, ki zagotavlja, da na\u0161e stranke pravo\u010dasno in natan\u010dno prejmejo potrebne dele. To pomeni, da se lahko zanesete na nas, da vam bomo dostavili hidravli\u010dni valj, ko ga potrebujete.<\/p>\n<p>5. Konkuren\u010dne cene: Pri FMP ponujamo svoje izdelke po konkuren\u010dnih cenah, ne da bi pri tem ogrozili kakovost. Verjamemo, da bi moral imeti vsakdo dostop do visokokakovostnih hidravli\u010dnih cilindrov po dostopni ceni.<\/p>\n<p>\u010ce torej i\u0161\u010dete zanesljivega in profesionalnega dobavitelja hidravli\u010dnih cilindrov, je FMP prava izbira. Za ve\u010d informacij o na\u0161ih izdelkih in storitvah nas kontaktirajte \u0161e danes.<\/p>\n<p><img decoding=\"async\" src=\"https:\/\/fmp-components.com\/wp-content\/uploads\/2024\/12\/Adjustable-Clevis-Type-Cylinders-6.webp\" alt=\"Nastavljiv valj tipa Clevis\" width=\"848\" title=\"\"><\/p>\n<h2>Pogosto zastavljena vpra\u0161anja<\/h2>\n<p><b>V: Kak\u0161na je najve\u010dja nosilnost hidravli\u010dnega cilindra?<\/b><br \/>\nA: Hidravli\u010dni cilinder lahko vle\u010de do najve\u010dje obremenitve 20 ton.<\/p>\n<p><b>V: Kak\u0161na je garancijska doba za hidravli\u010dni cilinder?<\/b><br \/>\nA: Hidravli\u010dni cilinder ima 1-letno garancijo.<\/p>\n<p><b>V: Ali je mogo\u010de hidravli\u010dni cilinder prilagoditi specifi\u010dnim zahtevam?<\/b><br \/>\nO: Da, ponujamo mo\u017enosti prilagoditve, da zadostimo va\u0161im specifi\u010dnim potrebam.<\/p>\n<p><img decoding=\"async\" src=\"https:\/\/img.jiansujichilun.com\/img\/hydrauliccylinders\/T_hydrauliccylinders-3.webp\" alt=\"hidravli\u010dni cilinder\" width=\"800\" title=\"\"><\/p>\n<p>Avtor: CX<\/p>","protected":false},"excerpt":{"rendered":"<p>Predstavljamo vam prilagojen hidravli\u010dni cilinder iz nerjave\u010dega jekla za prikolice: Prilagojeni hidravli\u010dni cilinder iz nerjave\u010dega jekla je visokokakovosten izdelek, zasnovan posebej za prikolice. Ta hidravli\u010dni cilinder je izdelan iz trpe\u017enega nerjave\u010dega jekla, kar zagotavlja njegovo dolgo \u017eivljenjsko dobo in odpornost proti rji in koroziji. S svojo prilagojeno zasnovo je ta hidravli\u010dni cilinder primeren za razli\u010dne prikolice [\u2026]<\/p>","protected":false},"featured_media":1336,"comment_status":"closed","ping_status":"closed","template":"","meta":{"_et_pb_use_builder":"","_et_pb_old_content":"","_et_gb_content_width":""},"product_brand":[],"product_cat":[39],"product_tag":[41,34],"class_list":{"0":"post-1386","1":"product","2":"type-product","3":"status-publish","4":"has-post-thumbnail","6":"product_cat-adjustable-clevis-type-cylinders","7":"product_tag-adjustable-clevis-type-cylinders","8":"product_tag-hydraulic-cylinder","10":"first","11":"instock","12":"product-type-simple"},"_links":{"self":[{"href":"https:\/\/fmp-components.com\/sl\/wp-json\/wp\/v2\/product\/1386","targetHints":{"allow":["GET"]}}],"collection":[{"href":"https:\/\/fmp-components.com\/sl\/wp-json\/wp\/v2\/product"}],"about":[{"href":"https:\/\/fmp-components.com\/sl\/wp-json\/wp\/v2\/types\/product"}],"replies":[{"embeddable":true,"href":"https:\/\/fmp-components.com\/sl\/wp-json\/wp\/v2\/comments?post=1386"}],"wp:featuredmedia":[{"embeddable":true,"href":"https:\/\/fmp-components.com\/sl\/wp-json\/wp\/v2\/media\/1336"}],"wp:attachment":[{"href":"https:\/\/fmp-components.com\/sl\/wp-json\/wp\/v2\/media?parent=1386"}],"wp:term":[{"taxonomy":"product_brand","embeddable":true,"href":"https:\/\/fmp-components.com\/sl\/wp-json\/wp\/v2\/product_brand?post=1386"},{"taxonomy":"product_cat","embeddable":true,"href":"https:\/\/fmp-components.com\/sl\/wp-json\/wp\/v2\/product_cat?post=1386"},{"taxonomy":"product_tag","embeddable":true,"href":"https:\/\/fmp-components.com\/sl\/wp-json\/wp\/v2\/product_tag?post=1386"}],"curies":[{"name":"delovni list","href":"https:\/\/api.w.org\/{rel}","templated":true}]}}