{"id":1384,"date":"2024-12-23T02:19:41","date_gmt":"2024-12-23T02:19:41","guid":{"rendered":"https:\/\/fmp-components.com\/product\/high-quality-small-adjustable-welded-hydraulic-cylinder\/"},"modified":"2024-12-23T02:36:07","modified_gmt":"2024-12-23T02:36:07","slug":"high-quality-small-adjustable-welded-hydraulic-cylinder","status":"publish","type":"product","link":"https:\/\/fmp-components.com\/sl\/product\/high-quality-small-adjustable-welded-hydraulic-cylinder\/","title":{"rendered":"Visokokakovosten majhen nastavljiv varjen hidravli\u010dni cilinder"},"content":{"rendered":"<p>Visokokakovosten majhen nastavljiv varjen hidravli\u010dni cilinder je nepogre\u0161ljiv za vsakogar, ki potrebuje zanesljiv hidravli\u010dni sistem. Njegova nastavljiva zasnova omogo\u010da enostavno prilagoditev va\u0161im specifi\u010dnim potrebam, varjena konstrukcija pa zagotavlja maksimalno vzdr\u017eljivost in dolgo \u017eivljenjsko dobo.<\/p>\n<p>Zaradi svoje kompaktne velikosti je ta hidravli\u010dni cilinder idealen za uporabo v tesnih prostorih, kjer bi bili ve\u010dji cilindri neprakti\u010dni. Njegovi visokokakovostni materiali zagotavljajo, da lahko obvladuje tudi najzahtevnej\u0161e aplikacije, zaradi \u010desar je vsestranska re\u0161itev za \u0161irok spekter hidravli\u010dnih potreb.<\/p>\n<p>Ne glede na to, ali \u017eelite izbolj\u0161ati delovanje obstoje\u010dega hidravli\u010dnega sistema ali pa potrebujete povsem nov hidravli\u010dni valj, je visokokakovosten majhen nastavljiv varjen hidravli\u010dni valj odli\u010dna izbira. Njegova izjemna kakovost, zanesljivost in zmogljivost bodo zagotovo presegle va\u0161a pri\u010dakovanja in vam zagotovile vzdr\u017eljiv in dolgotrajen hidravli\u010dni sistem, ki ga potrebujete za pravilno opravljanje dela.<\/p>\n<p><img loading=\"lazy\" decoding=\"async\" class=\"alignnone size-full wp-image-1334\" src=\"https:\/\/fmp-components.com\/wp-content\/uploads\/2024\/12\/Adjustable-Clevis-Type-Cylinders-4.webp\" alt=\"Nastavljivi cilindri tipa Clevis\" width=\"800\" height=\"800\" title=\"\" srcset=\"https:\/\/fmp-components.com\/wp-content\/uploads\/2024\/12\/Adjustable-Clevis-Type-Cylinders-4.webp 800w, https:\/\/fmp-components.com\/wp-content\/uploads\/2024\/12\/Adjustable-Clevis-Type-Cylinders-4-480x480.webp 480w\" sizes=\"(min-width: 0px) and (max-width: 480px) 480px, (min-width: 481px) 800px, 100vw\" \/><\/p>\n<h2>Prednosti nastavljivih cilindrov tipa Clevis<\/h2>\n<p>Nastavljivi cilindri z vidno glavo, zlasti visokokakovostni majhni nastavljivi varjeni hidravli\u010dni cilindri, ponujajo \u0161tevilne prednosti pred drugimi vrstami cilindrov. Tukaj je nekaj prednosti uporabe nastavljivih cilindrov z vidno glavo:<\/p>\n<ol>\n<li><strong>Prilagodljivost:<\/strong> Nastavljiva vidna glava omogo\u010da prilagodljivost pri monta\u017ei, saj jo je mogo\u010de vrteti za 360 stopinj. To omogo\u010da enostavno nastavitev cilindra v katero koli smer, zaradi \u010desar je idealen za aplikacije, kjer je prostora malo ali kjer so potrebni razli\u010dni koti monta\u017ee.<\/li>\n<li><strong>Nastavljivost:<\/strong> Kot \u017ee ime pove, je mogo\u010de nastavljive cilindre tipa clevis prilagoditi specifi\u010dnim aplikacijam. To je zato, ker se clevis lahko premika gor in dol vzdol\u017e batnice, kar omogo\u010da fino nastavitev dol\u017eine hoda. To pomeni, da je mogo\u010de cilinder prilagoditi razli\u010dnim zahtevam vgradnje, zaradi \u010desar je bolj vsestranski kot druge vrste cilindrov.<\/li>\n<li><strong>Visoka natan\u010dnost:<\/strong> Nastavljivi cilindri z vidno glavo so zasnovani za izjemno natan\u010dnost, z visoko ponovljivostjo in natan\u010dnostjo. To je posledica uporabe visokokakovostnih materialov in naprednih proizvodnih tehnik, ki zagotavljajo nemoteno in zanesljivo delovanje cilindra tudi v zahtevnih okoljih.<\/li>\n<li><strong>U\u010dinkovito:<\/strong> Nastavljivi cilindri z vidno glavo so zelo u\u010dinkoviti, kar pomeni, da lahko zagotovijo veliko mo\u010di z manj energije kot druge vrste cilindrov. To je zato, ker so zasnovani tako, da zmanj\u0161ajo trenje in obrabo, kar zmanj\u0161a koli\u010dino energije, potrebne za delovanje cilindra. Zaradi tega so idealni za aplikacije, kjer je pomembna energetska u\u010dinkovitost.<\/li>\n<li><strong>Trpe\u017eno:<\/strong> Visokokakovostni majhni nastavljivi varjeni hidravli\u010dni cilindri so izdelani za dolgo \u017eivljenjsko dobo, z robustno konstrukcijo in visokokakovostnimi materiali, ki lahko prenesejo te\u017eke delovne pogoje. Cilindri so odporni na korozijo, obrabo in ekstremne temperature, zaradi \u010desar so idealni za \u0161iroko paleto industrijskih aplikacij.<\/li>\n<\/ol>\n<p>Skratka, nastavljivi cilindri z vidno glavo ponujajo neprekosljivo fleksibilnost, prilagodljivost, natan\u010dnost, u\u010dinkovitost in vzdr\u017eljivost. Ti cilindri so idealni za \u0161iroko paleto industrijskih in komercialnih aplikacij ter so \u0161e posebej primerni za tiste, ki zahtevajo visoko natan\u010dnost in u\u010dinkovitost. Pri izbiri nastavljivih cilindrov z vidno glavo se prepri\u010dajte, da izberete visokokakovostne majhne nastavljive varjene hidravli\u010dne cilindre, ki bodo zagotovili najbolj\u0161o zmogljivost in dolgo \u017eivljenjsko dobo.<img decoding=\"async\" src=\"https:\/\/fmp-components.com\/wp-content\/uploads\/2024\/12\/Adjustable-Clevis-Type-Cylinders5.webp\" alt=\"Nastavljiv valj tipa Clevis\" width=\"800\" title=\"\"><\/p>\n<h2>Uporaba nastavljivih cilindrov tipa Clevis<\/h2>\n<p>Nastavljivi cilindri z vidno glavo so hidravli\u010dni cilindri, ki jih je mogo\u010de nastaviti za razli\u010dne polo\u017eaje vgradnje. Uporabljajo se v razli\u010dnih panogah za razli\u010dne namene. Tukaj je nekaj najpogostej\u0161ih na\u010dinov uporabe nastavljivih cilindrov z vidno glavo:<\/p>\n<ul>\n<li style=\"list-style-type: none;\">\n<ul>\n<li><strong>Industrijska avtomatizacija<\/strong><\/li>\n<\/ul>\n<\/li>\n<\/ul>\n<p>Nastavljivi cilindri z vili\u010dasto glavo se uporabljajo v razli\u010dnih industrijskih avtomatizacijskih procesih. Ti cilindri se pogosto uporabljajo za vpenjanje, stiskanje in prebijanje. Z lahkoto jih je mogo\u010de nastaviti za razli\u010dne polo\u017eaje vgradnje, zaradi \u010desar so primerni za uporabo v razli\u010dnih strojih in opremi.<\/p>\n<ul>\n<li style=\"list-style-type: none;\">\n<ul>\n<li><strong>Gradbeni stroji<\/strong><\/li>\n<\/ul>\n<\/li>\n<\/ul>\n<p>Visokokakovostni majhni nastavljivi varjeni hidravli\u010dni cilindri se pogosto uporabljajo v gradbeni mehanizaciji. Ti cilindri se uporabljajo v razli\u010dnih strojih, kot so bagri, buldo\u017eerji in nakladalci. Uporabljajo se za naloge, kot so kopanje, ravnanje in dvigovanje te\u017ekih bremen.<\/p>\n<ul>\n<li style=\"list-style-type: none;\">\n<ul>\n<li><strong>Kmetijski stroji<\/strong><\/li>\n<\/ul>\n<\/li>\n<\/ul>\n<p>Nastavljivi cilindri z vidno glavo se uporabljajo v kmetijski mehanizaciji, kot so traktorji, kombajni in kultivatorji. Uporabljajo se za naloge, kot so dvigovanje in spu\u0161\u010danje razli\u010dnih delov strojev, nastavitev vi\u0161ine pluga in nadzor pretoka teko\u010din, ki se uporabljajo v strojih.<\/p>\n<ul>\n<li style=\"list-style-type: none;\">\n<ul>\n<li><strong>Oprema za ravnanje z materiali<\/strong><\/li>\n<\/ul>\n<\/li>\n<\/ul>\n<p>Nastavljivi cilindri z vidno glavo se uporabljajo tudi v opremi za ravnanje z materiali, kot so vili\u010darji in \u017eerjavi. Uporabljajo se za naloge, kot so dvigovanje in spu\u0161\u010danje te\u017ekih bremen, nagibanje vilic in nadzor gibanja roke \u017eerjava.<\/p>\n<ul>\n<li style=\"list-style-type: none;\">\n<ul>\n<li><strong>Pomorska in priobalna oprema<\/strong><\/li>\n<\/ul>\n<\/li>\n<\/ul>\n<p>Nastavljivi cilindri z vidno glavo se uporabljajo v pomorski in priobalni opremi, kot so ladje in naftne plo\u0161\u010dadi. Uporabljajo se za naloge, kot so odpiranje in zapiranje ventilov, krmiljenje gibanja krmila ladje in krmiljenje gibanja \u017eerjava, ki se uporablja na plo\u0161\u010dadi.<\/p>\n<p>Skratka, nastavljivi cilindri z vili\u010dasto glavo so vsestranski hidravli\u010dni cilindri, ki se uporabljajo v razli\u010dnih panogah za razli\u010dne naloge. Zaradi mo\u017enosti nastavitve za razli\u010dne polo\u017eaje vgradnje so primerni za uporabo v razli\u010dnih strojih in opremi. Uporaba visokokakovostnih majhnih nastavljivih varjenih hidravli\u010dnih cilindrov zagotavlja vzdr\u017eljivost in zanesljivost cilindrov, zaradi \u010desar so primerni za uporabo v te\u017ekih in zahtevnih okoljih.<img decoding=\"async\" src=\"https:\/\/fmp-components.com\/wp-content\/uploads\/2024\/12\/Application-of-Adjustable-Clevis-Type-Cylinders.webp\" alt=\"Nastavljiv valj tipa Clevis\" width=\"800\" title=\"\"><\/p>\n<h3>O hidravli\u010dnem cilindru FMP<\/h3>\n<p>FMP je vodilno podjetje, specializirano za prodajo in servis delov in celotnih strojev za gradbeno mehanizacijo. Ponosni smo, da svojim strankam po vsem svetu ponujamo visokokakovostne re\u0161itve za hidravli\u010dne cilindre.<\/p>\n<p>Tukaj je nekaj klju\u010dnih prednosti izbire hidravli\u010dnega cilindra FMP:<\/p>\n<ul>\n<li><strong>Visokokakovostni materiali:<\/strong> Za izdelavo na\u0161ih hidravli\u010dnih cilindrov uporabljamo le visokokakovostne materiale, kar zagotavlja njihovo vzdr\u017eljivost in zanesljivost za dolgotrajno uporabo. Na\u0161i izdelki so zasnovani tako, da prenesejo tudi najte\u017eje delovne pogoje.<\/li>\n<li><strong>\u0160iroka paleta mo\u017enosti:<\/strong> Na\u0161a ponudba hidravli\u010dnih cilindrov vklju\u010duje razli\u010dne vrste cilindrov, kot so cilindri z veznimi palicami, varjeni cilindri in cilindri z nastavljivim klobukom itd. Ponujamo tudi re\u0161itve po meri, ki ustrezajo specifi\u010dnim zahtevam strank.<\/li>\n<li><strong>Strog nadzor kakovosti:<\/strong> Vzpostavili smo dolgoro\u010dne in stabilne partnerske odnose z mnogimi visokokakovostnimi dobavitelji doma in v tujini, s \u010dimer zagotavljamo, da vsi dobavljeni deli izpolnjujejo stroge standarde kakovosti. Poleg tega na\u0161i hidravli\u010dni cilindri pred dobavo opravijo stroge postopke testiranja, s katerimi zagotovimo, da izpolnjujejo na\u0161e stroge zahteve glede kakovosti.<\/li>\n<li><strong>Izku\u0161ena prodajna ekipa:<\/strong> Na\u0161a prodajna ekipa je izku\u0161ena in dobro podkovana v industriji gradbenih strojev ter lahko strankam nudi strokovne nasvete in pametne predloge za nakup.<\/li>\n<li><strong>U\u010dinkovita logisti\u010dna distribucija:<\/strong> Imamo u\u010dinkovit logisti\u010dni distribucijski sistem, ki zagotavlja, da stranke pravo\u010dasno in natan\u010dno prejmejo potrebne dele. Na\u0161a zanesljiva dostavna slu\u017eba pomaga zagotoviti nemoten potek projektov na\u0161ih strank.<\/li>\n<\/ul>\n<p>Pri FMP verjamemo v zagotavljanje visokokakovostnih in zanesljivih re\u0161itev za hidravli\u010dne cilindre na\u0161im strankam. Z dolgoletnimi izku\u0161njami v panogi in profesionalno ekipo lahko strankam zagotovimo prilagojene re\u0161itve, ki ustrezajo njihovim specifi\u010dnim potrebam. Za ve\u010d informacij o na\u0161ih izdelkih in storitvah nas kontaktirajte \u0161e danes!<\/p>\n<p><img decoding=\"async\" src=\"https:\/\/fmp-components.com\/wp-content\/uploads\/2024\/12\/Adjustable-Clevis-Type-Cylinders-6.webp\" alt=\"Nastavljiv valj tipa Clevis\" width=\"846\" title=\"\"><\/p>\n<h2>Pogosta vpra\u0161anja<\/h2>\n<p><b>V: Kak\u0161en je dobavni rok za visokokakovosten majhen nastavljiv varjen hidravli\u010dni cilinder?<\/b><br \/>\nA: Splo\u0161ni dobavni rok je 25-35 dni.<\/p>\n<p><b>V: Ali lahko dobim vzorec visokokakovostnega majhnega nastavljivega varjenega hidravli\u010dnega cilindra?<\/b><br \/>\nO: Da, ponujamo vzorce, vendar niso brezpla\u010dni.<\/p>\n<p><b>V: Ali je mogo\u010de visokokakovostni majhen nastavljiv varjeni hidravli\u010dni cilinder prilagoditi mojim zahtevam?<\/b><br \/>\nA: Da, cilindre lahko izdelamo po va\u0161ih vzorcih ali tehni\u010dnih risbah. Izdelamo lahko tudi kalupe in naprave, ki ustrezajo va\u0161im specifi\u010dnim zahtevam.<\/p>\n<p><img decoding=\"async\" src=\"https:\/\/img.jiansujichilun.com\/img\/hydrauliccylinders\/T_hydrauliccylinders-5.webp\" alt=\"hidravli\u010dni cilinder\" width=\"800\" title=\"\"><\/p>\n<p>Avtor: CX<\/p>","protected":false},"excerpt":{"rendered":"<p>The High Quality Small Adjustable Welded Hydraulic Cylinder is a must-have for anyone in need of a reliable hydraulic system. Its adjustable design allows for easy customization to fit your specific needs, and its welded construction ensures maximum durability and longevity. With its compact size, this hydraulic cylinder is perfect for use in tight spaces [&hellip;]<\/p>","protected":false},"featured_media":1338,"comment_status":"closed","ping_status":"closed","template":"","meta":{"_et_pb_use_builder":"","_et_pb_old_content":"","_et_gb_content_width":""},"product_brand":[],"product_cat":[39],"product_tag":[41,34],"class_list":{"0":"post-1384","1":"product","2":"type-product","3":"status-publish","4":"has-post-thumbnail","6":"product_cat-adjustable-clevis-type-cylinders","7":"product_tag-adjustable-clevis-type-cylinders","8":"product_tag-hydraulic-cylinder","10":"first","11":"instock","12":"product-type-simple"},"_links":{"self":[{"href":"https:\/\/fmp-components.com\/sl\/wp-json\/wp\/v2\/product\/1384","targetHints":{"allow":["GET"]}}],"collection":[{"href":"https:\/\/fmp-components.com\/sl\/wp-json\/wp\/v2\/product"}],"about":[{"href":"https:\/\/fmp-components.com\/sl\/wp-json\/wp\/v2\/types\/product"}],"replies":[{"embeddable":true,"href":"https:\/\/fmp-components.com\/sl\/wp-json\/wp\/v2\/comments?post=1384"}],"wp:featuredmedia":[{"embeddable":true,"href":"https:\/\/fmp-components.com\/sl\/wp-json\/wp\/v2\/media\/1338"}],"wp:attachment":[{"href":"https:\/\/fmp-components.com\/sl\/wp-json\/wp\/v2\/media?parent=1384"}],"wp:term":[{"taxonomy":"product_brand","embeddable":true,"href":"https:\/\/fmp-components.com\/sl\/wp-json\/wp\/v2\/product_brand?post=1384"},{"taxonomy":"product_cat","embeddable":true,"href":"https:\/\/fmp-components.com\/sl\/wp-json\/wp\/v2\/product_cat?post=1384"},{"taxonomy":"product_tag","embeddable":true,"href":"https:\/\/fmp-components.com\/sl\/wp-json\/wp\/v2\/product_tag?post=1384"}],"curies":[{"name":"delovni list","href":"https:\/\/api.w.org\/{rel}","templated":true}]}}