{"id":1381,"date":"2024-12-23T02:19:41","date_gmt":"2024-12-23T02:19:41","guid":{"rendered":"https:\/\/fmp-components.com\/product\/factory-direct-sale-piston-adjustable-hydraulic-cylinder-for-tractor\/"},"modified":"2024-12-23T02:35:52","modified_gmt":"2024-12-23T02:35:52","slug":"factory-direct-sale-piston-adjustable-hydraulic-cylinder-for-tractor","status":"publish","type":"product","link":"https:\/\/fmp-components.com\/sl\/product\/factory-direct-sale-piston-adjustable-hydraulic-cylinder-for-tractor\/","title":{"rendered":"Tovarni\u0161ka neposredna prodaja bata nastavljiv hidravli\u010dni cilinder za traktor"},"content":{"rendered":"<p>Predstavljamo tovarni\u0161ko nastavljiv hidravli\u010dni cilinder za traktor, ki je nastavljiv z batom:<\/p>\n<p>Tovarni\u0161ko nastavljiv hidravli\u010dni cilinder z batom za traktor je visokokakovosten in vsestranski izdelek, zasnovan za zadovoljevanje hidravli\u010dnih potreb traktorjev. Ta hidravli\u010dni cilinder je izdelan iz vrhunskih materialov in napredne tehnologije, kar zagotavlja njegovo vzdr\u017eljivost in zanesljivost v razli\u010dnih aplikacijah.<\/p>\n<p>Zaradi zasnove bata ta hidravli\u010dni cilinder ponuja odli\u010dno zmogljivost in natan\u010den nadzor. Omogo\u010da enostavno nastavitev, ki uporabnikom omogo\u010da doseganje \u017eelenega hidravli\u010dnega tlaka za razli\u010dna opravila. Ne glede na to, ali gre za dvigovanje te\u017ekih bremen ali zagotavljanje stabilnosti med delovanjem traktorja, ta hidravli\u010dni cilinder zagotavlja gladko in u\u010dinkovito delovanje.<\/p>\n<p>Hidravli\u010dni cilinder z batom in nastavljivim batom za traktor, ki je na voljo neposredno iz tovarne, se pona\u0161a z vrhunskimi tesnilnimi lastnostmi, kar zmanj\u0161uje tveganje pu\u0161\u010danja olja in ohranja optimalno delovanje skozi \u010das. Njegova robustna konstrukcija zagotavlja odpornost proti obrabi, kar mu omogo\u010da, da prenese zahtevne delovne pogoje v kmetijstvu in gradbeni\u0161tvu.<\/p>\n<p><img loading=\"lazy\" decoding=\"async\" class=\"alignnone size-full wp-image-1334\" src=\"https:\/\/fmp-components.com\/wp-content\/uploads\/2024\/12\/Adjustable-Clevis-Type-Cylinders-4.webp\" alt=\"Nastavljivi cilindri tipa Clevis\" width=\"800\" height=\"800\" title=\"\" srcset=\"https:\/\/fmp-components.com\/wp-content\/uploads\/2024\/12\/Adjustable-Clevis-Type-Cylinders-4.webp 800w, https:\/\/fmp-components.com\/wp-content\/uploads\/2024\/12\/Adjustable-Clevis-Type-Cylinders-4-480x480.webp 480w\" sizes=\"(min-width: 0px) and (max-width: 480px) 480px, (min-width: 481px) 800px, 100vw\" \/><\/p>\n<p>Ta hidravli\u010dni cilinder je enostaven za namestitev in zdru\u017eljiv s \u0161iroko paleto modelov traktorjev. Njegova kompaktna zasnova omogo\u010da brezhibno integracijo, kar najbolje izkoristi prostor in zagotavlja nemoteno delovanje. Poleg tega je na voljo z razli\u010dnimi mo\u017enostmi pritrditve, kar zagotavlja prilagodljivost za razli\u010dne zahteve glede namestitve.<\/p>\n<p>Skratka, tovarni\u0161ko nastavljiv hidravli\u010dni cilinder z batom za traktor je izjemen izdelek, ki zdru\u017euje vzdr\u017eljivost, natan\u010dnost in vsestranskost. Zaradi zanesljivega delovanja in enostavne uporabe je idealna izbira za lastnike in upravljavce traktorjev, ki i\u0161\u010dejo visokokakovostno hidravli\u010dno re\u0161itev.<\/p>\n<p>Predstavljamo vam na\u0161 novi, tovarni\u0161ko nastavljiv hidravli\u010dni cilinder za traktorje z batno nastavljivostjo. Ta izdelek je uporaben v razli\u010dnih panogah, kot so delavnice za popravilo strojev, kmetije, energetika in rudarstvo, proizvodnja strojev in tovarne strojev. Pona\u0161a se s standardno strukturo, hidravli\u010dnim virom energije, jeklenim ohi\u0161jem, najve\u010djim potiskom 3000 in nastavljivim valjem z vidno glavo. Poleg tega zagotavljamo videoposnetke izhodnega pregleda in poro\u010dila o preskusih strojev ter ponujamo enoletno garancijo za izdelek.<\/p>\n<h2>Vrste izdelkov, specifikacije, kakovost gradnje in uporaba<\/h2>\n<p>Na\u0161i hidravli\u010dni cilindri z batno nastavitvijo so na voljo v razli\u010dnih vrstah, vklju\u010dno z batnimi, varjenimi, teleskopskimi, enojno in dvostransko delujo\u010dimi cilindri. Ta \u0161iroka izbira zagotavlja, da lahko stranke najdejo izdelek, ki najbolj ustreza njihovim potrebam.<\/p>\n<p>Podrobne specifikacije na\u0161ega hidravli\u010dnega cilindra z batno nastavljivostjo vklju\u010dujejo velikost izvrtine 2\u20136 palcev, velikost palice 1,125\u20134 palce, velikost hoda 4\u2013100 palcev, velikost zati\u010da 0,5\u20132 palca in je na voljo v elegantni \u010drni barvi. Cilinder ima najve\u010djo vle\u010dno silo 20 ton in velikosti priklju\u010dkov, ki vklju\u010dujejo G\/SAE\/NPT\/M. Zagotavljamo celovite podatke o zmogljivosti, da zagotovimo, da so stranke dobro obve\u0161\u010dene in se lahko pravilno odlo\u010dajo.<\/p>\n<p>Kakovost je na\u0161a glavna prioriteta, zato so na\u0161i hidravli\u010dni cilindri izdelani iz trpe\u017enega jekla. Uporabljamo tudi posebne premaze in obdelave za izbolj\u0161anje \u017eivljenjske dobe in zmogljivosti, kar zagotavlja zanesljiv izdelek.<\/p>\n<p>Na\u0161i hidravli\u010dni cilindri z batno nastavitvijo imajo vsestransko uporabo, od industrijskih strojev, mobilne hidravlike do kmetijske opreme in gradbenih vozil. Prav tako jih je mogo\u010de prilagoditi specifi\u010dnim zahtevam, kar ponuja re\u0161itve, prilagojene edinstvenim potrebam na\u0161ih strank.<\/p>\n<h2>Prednosti nastavljivih cilindrov tipa Clevis<\/h2>\n<p>Nastavljivi cilindri tipa Clevis, kot je na primer tovarni\u0161ko nastavljivi hidravli\u010dni cilinder z batom za traktor, ponujajo \u0161tevilne prednosti in se pogosto uporabljajo v razli\u010dnih panogah. V tem \u010dlanku bomo podrobneje raziskali prednosti teh cilindrov.<\/p>\n<h3>1. Izbolj\u0161ana fleksibilnost in prilagodljivost<\/h3>\n<p>Ena klju\u010dnih prednosti nastavljivih cilindrov z vidno glavo je njihova sposobnost zagotavljanja ve\u010dje fleksibilnosti in prilagodljivosti v razli\u010dnih aplikacijah. Ti cilindri ponujajo nastavljive pritrdilne elemente, ki omogo\u010dajo enostavno pritrditev in odstranitev, ter mo\u017enost prilagajanja polo\u017eaja namestitve glede na posebne zahteve. Ta fleksibilnost zagotavlja, da se cilinder enostavno integrira v razli\u010dne sisteme, zaradi \u010desar je zelo vsestranski in prilagodljiv.<\/p>\n<h3>2. Natan\u010dno pozicioniranje in nadzor<\/h3>\n<p>Nastavljivi cilindri z vidno glavo omogo\u010dajo natan\u010dno pozicioniranje in nadzor. Ti cilindri so opremljeni z nastavljivimi bati in vidnimi nosilci, ki omogo\u010dajo natan\u010dno nastavitev dol\u017eine hoda in polo\u017eaja vgradnje. Ta raven nadzora zagotavlja natan\u010dne in to\u010dne gibe, zaradi \u010desar so idealni za aplikacije, ki zahtevajo natan\u010dno pozicioniranje, kot so industrijska avtomatizacija, robotika in ravnanje z materiali.<\/p>\n<h3>3. Optimalna zmogljivost in u\u010dinkovitost<\/h3>\n<p>Nastavljivi cilindri z vidno glavo so zasnovani za optimalno delovanje in u\u010dinkovitost. Nastavljiva zasnova omogo\u010da optimizacijo dol\u017eine hoda, kar pomaga dose\u010di \u017eeleno silo in hitrost za specifi\u010dne aplikacije. Z natan\u010dno nastavitvijo dol\u017eine hoda lahko ti cilindri delujejo z najve\u010djo u\u010dinkovitostjo, kar ima za posledico prihranek energije in izbolj\u0161ano splo\u0161no delovanje.<\/p>\n<h3>4. Enostavno vzdr\u017eevanje in servisiranje<\/h3>\n<p>Druga prednost nastavljivih cilindrov z vidno glavo je enostavnost vzdr\u017eevanja in servisiranja. Nastavljiva zasnova omogo\u010da enostaven dostop do razli\u010dnih komponent, zaradi \u010desar so pregledi, popravila in zamenjave enostavnej\u0161i in priro\u010dnej\u0161i. To zmanj\u0161a \u010das izpada in stro\u0161ke vzdr\u017eevanja, kar zagotavlja, da je mogo\u010de cilindre hitro servisirati in ponovno zagnati, s \u010dimer se zmanj\u0161ajo morebitne motnje v delovnem procesu.<\/p>\n<h3>5. Trpe\u017eno in dolgotrajno<\/h3>\n<p>Nastavljivi cilindri tipa Clevis so izdelani tako, da prenesejo zahtevne obratovalne pogoje in zagotavljajo dolgotrajno delovanje. Ti cilindri so izdelani iz visokokakovostnih materialov in so podvr\u017eeni strogim postopkom nadzora kakovosti, ki zagotavljajo vzdr\u017eljivost in zanesljivost. Z ustreznim vzdr\u017eevanjem in nego lahko ti cilindri prenesejo velike obremenitve, zahtevna okolja in pogosto uporabo ter zagotavljajo dolgo \u017eivljenjsko dobo.<\/p>\n<p>Skratka, nastavljivi cilindri tipa Clevis, kot je tovarni\u0161ko nastavljivi hidravli\u010dni cilinder z batom za traktor, ponujajo \u0161tevilne prednosti, zaradi katerih so zelo za\u017eeleni v razli\u010dnih panogah. Zaradi svoje izbolj\u0161ane fleksibilnosti, natan\u010dnega pozicioniranja, optimalne zmogljivosti, enostavnega vzdr\u017eevanja in vzdr\u017eljivosti so zanesljiva izbira za aplikacije, ki zahtevajo prilagodljive in u\u010dinkovite hidravli\u010dne sisteme.<\/p>\n<p><img decoding=\"async\" src=\"https:\/\/fmp-components.com\/wp-content\/uploads\/2024\/12\/Adjustable-Clevis-Type-Cylinders5.webp\" alt=\"Nastavljiv valj tipa Clevis\" width=\"800\" title=\"\"><\/p>\n<h2>Uporaba nastavljivih cilindrov tipa Clevis<\/h2>\n<p>Nastavljivi cilindri z vili\u010dasto glavo so vsestranska hidravli\u010dna orodja, ki se \u0161iroko uporabljajo v razli\u010dnih panogah. Ti cilindri se uporabljajo v strojih, ki zahtevajo natan\u010dno in nadzorovano premikanje te\u017ekih bremen. Tukaj je nekaj primerov uporabe teh cilindrov:<\/p>\n<h3>1. Gradbeni stroji<\/h3>\n<p>Nastavljivi cilindri z vidno glavo se pogosto uporabljajo v razli\u010dnih gradbenih strojih, kot so bagri, buldo\u017eerji in nakladalci. So bistveni sestavni del teh strojev in se uporabljajo za nadzor gibanja roke, \u017elice in rezila opreme. Ti cilindri so zasnovani za prena\u0161anje te\u017ekih bremen in prena\u0161anje te\u017ekih pogojev na gradbi\u0161\u010dih.<\/p>\n<p>V gradbeni industriji so tovarni\u0161ko nastavljivi hidravli\u010dni cilindri z batom za traktorje zelo iskani zaradi svoje vzdr\u017eljivosti in zanesljivosti. Ti cilindri so izdelani iz visokokakovostnih materialov in napredne tehnologije, zaradi \u010desar so idealna izbira za gradbeno mehanizacijo.<\/p>\n<h3>2. Kmetijska mehanizacija<\/h3>\n<p>Kmetijska mehanizacija, kot so traktorji, plugi in kombajni, prav tako uporablja nastavljive cilindre z vidno glavo. Ti cilindri se uporabljajo za nadzor gibanja rezil, grabljev in druge opreme, ki se uporablja v kmetijstvu. Kmetje potrebujejo opremo, ki je zanesljiva in lahko prenese te\u017eke obremenitve, zato so nastavljivi cilindri z vidno glavo odli\u010dna izbira.<\/p>\n<p>Tovarni\u0161ko nastavljiv hidravli\u010dni cilinder z batom za traktor je posebej zasnovan za kmetijsko mehanizacijo. Ti cilindri so izdelani tako, da prenesejo te\u017eke kmetijske pogoje in so izdelani za dolgo \u017eivljenjsko dobo.<\/p>\n<h3>3. Industrijski stroji<\/h3>\n<p>V predelovalni industriji se nastavljivi cilindri z vidno glavo uporabljajo v razli\u010dnih strojih, kot so stiskalnice, \u0161tancarski stroji in stroji za brizganje plastike. Ti cilindri se uporabljajo za nadzor gibanja komponent stroja in zagotavljanje natan\u010dnosti in to\u010dnosti.<\/p>\n<p>Hidravli\u010dni cilinder z batom in nastavljivim sistemom za traktorje, ki je na voljo neposredno iz tovarne, se zaradi svoje visoke zmogljivosti in zanesljivosti uporablja tudi v predelovalni industriji. Ti cilindri so izdelani tako, da izpolnjujejo zahtevne zahteve industrijskih strojev.<\/p>\n<h3>4. Rudarski stroji<\/h3>\n<p>Nastavljivi cilindri z vidno glavo se uporabljajo tudi v rudarskih strojih, kot so vrtalni stroji, bagri in bagri. Ti cilindri se uporabljajo za nadzor gibanja roke, \u017elice in roke stroja, zaradi \u010desar so bistveni sestavni del rudarske opreme.<\/p>\n<p>Hidravli\u010dni cilinder z batom in nastavljivim batom za traktor se zaradi svoje vzdr\u017eljivosti in zanesljivosti uporablja tudi v rudarskih strojih. Ti cilindri so zasnovani tako, da prenesejo te\u017eke rudarske pogoje in so izdelani za dolgo \u017eivljenjsko dobo.<\/p>\n<p>Skratka, nastavljivi cilindri z vidno glavo se pogosto uporabljajo v razli\u010dnih panogah. Ne glede na to, ali gre za gradbeni\u0161tvo, kmetijstvo, proizvodnjo ali rudarstvo, so ti cilindri bistveni sestavni del strojev, ki zahtevajo natan\u010dnost, nadzor in zanesljivost. Nastavljivi hidravli\u010dni cilinder z batom za traktor, ki je na voljo neposredno iz tovarne, je odli\u010dna izbira za vse, ki i\u0161\u010dejo visokokakovosten hidravli\u010dni cilinder, ki lahko prenese zahteve katere koli panoge.<img decoding=\"async\" src=\"https:\/\/fmp-components.com\/wp-content\/uploads\/2024\/12\/Application-of-Adjustable-Clevis-Type-Cylinders.webp\" alt=\"Nastavljiv valj tipa Clevis\" width=\"800\" title=\"\"><\/p>\n<h3>O FMP-ju<\/h3>\n<p>FMP je podjetje, specializirano za proizvodnjo in prodajo hidravli\u010dnih cilindrov. Z dolgoletnimi izku\u0161njami v industriji in profesionalno ekipo strankam zagotavljamo visokokakovostne in zanesljive hidravli\u010dne cilindre za gradbeno mehanizacijo.<\/p>\n<p><img decoding=\"async\" src=\"https:\/\/fmp-components.com\/wp-content\/uploads\/2024\/12\/Adjustable-Clevis-Type-Cylinders-6.webp\" alt=\"Nastavljiv valj tipa Clevis\" width=\"843\" title=\"\"><\/p>\n<p>Tukaj je pet razlogov, zakaj bi morali izbrati na\u0161e hidravli\u010dne cilindre:<\/p>\n<ol>\n<li><strong>Raznolika ponudba izdelkov:<\/strong> Ponujamo \u0161iroko paleto hidravli\u010dnih cilindrov, ki zadovoljujejo razli\u010dne potrebe v industriji gradbenih strojev. Na\u0161a ponudba vklju\u010duje nastavljive cilindre z vidno glavo, varjene cilindre, cilindre z vezalnimi palicami in drugo.<\/li>\n<li><strong>Vrhunska kakovost:<\/strong> Zagotavljamo, da vsi na\u0161i hidravli\u010dni cilindri izpolnjujejo stroge standarde kakovosti. Vsak valj je izdelan natan\u010dno in s pozornostjo do detajlov, kar zagotavlja odli\u010dno delovanje in vzdr\u017eljivost.<\/li>\n<li><strong>Zanesljiva zmogljivost:<\/strong> Na\u0161i hidravli\u010dni cilindri so zasnovani tako, da zagotavljajo dosledno in zanesljivo delovanje tudi v zahtevnih delovnih pogojih. Izdelani so tako, da prenesejo velike obremenitve in zagotavljajo nemoteno delovanje.<\/li>\n<li><strong>Strokovna prodajna ekipa:<\/strong> Na\u0161a izku\u0161ena prodajna ekipa je dobro podkovana v industriji gradbenih strojev in razume potrebe strank. Lahko vam nudi strokovno svetovanje o izdelkih, odgovori na vsa va\u0161a vpra\u0161anja in ponudi pametne predloge za nakup.<\/li>\n<li><strong>U\u010dinkovita logistika:<\/strong> Imamo u\u010dinkovit logisti\u010dni distribucijski sistem, ki zagotavlja, da boste potrebne hidravli\u010dne cilindre prejeli pravo\u010dasno in natan\u010dno. Razumemo pomen zmanj\u0161anja izpadov in si prizadevamo za hitro dostavo.<\/li>\n<\/ol>\n<p>Izberite FMP za vrhunske hidravli\u010dne cilindre, ki bodo ustrezali va\u0161im potrebam po gradbeni mehanizaciji. Za razpravo o va\u0161ih zahtevah nas kontaktirajte \u0161e danes in naj vam na\u0161a ekipa pomaga najti popolno re\u0161itev za hidravli\u010dne cilindre.<\/p>\n<h3>Pogosta vpra\u0161anja<\/h3>\n<p><b>V: Katere vrste hidravli\u010dnih cilindrov ponujate?<\/b><br \/>\nA: Ponujamo razli\u010dne tipe, vklju\u010dno z valji z vezalno palico, varjenimi, teleskopskimi, enojno in dvostransko delujo\u010dimi valji.<\/p>\n<p><b>V: Kak\u0161ne so specifikacije hidravli\u010dnega cilindra z nastavljivim batom?<\/b><br \/>\nA: Cilinder ima izvrtino 2-6 palcev, velikost palice 1,125-4 palca, velikost hoda 4-100 palcev, velikost zati\u010da 0,5-2 palca in je na voljo v elegantni \u010drni barvi.<\/p>\n<p><b>V: Ali je mogo\u010de hidravli\u010dne cilindre prilagoditi specifi\u010dnim zahtevam?<\/b><br \/>\nO: Da, na\u0161e hidravli\u010dne cilindre z nastavljivim batom lahko prilagodimo edinstvenim potrebam na\u0161ih strank.<\/p>\n<p>Avtor: CX<\/p>","protected":false},"excerpt":{"rendered":"<p>Introducing Factory Direct Sale Piston Adjustable Hydraulic Cylinder for Tractor: The Factory Direct Sale Piston Adjustable Hydraulic Cylinder for Tractor is a high-quality and versatile product designed to meet the hydraulic needs of tractors. This hydraulic cylinder is manufactured using top-grade materials and advanced technology, ensuring its durability and reliability in various applications. With its [&hellip;]<\/p>","protected":false},"featured_media":1338,"comment_status":"closed","ping_status":"closed","template":"","meta":{"_et_pb_use_builder":"","_et_pb_old_content":"","_et_gb_content_width":""},"product_brand":[],"product_cat":[39],"product_tag":[41,34],"class_list":{"0":"post-1381","1":"product","2":"type-product","3":"status-publish","4":"has-post-thumbnail","6":"product_cat-adjustable-clevis-type-cylinders","7":"product_tag-adjustable-clevis-type-cylinders","8":"product_tag-hydraulic-cylinder","10":"first","11":"instock","12":"product-type-simple"},"_links":{"self":[{"href":"https:\/\/fmp-components.com\/sl\/wp-json\/wp\/v2\/product\/1381","targetHints":{"allow":["GET"]}}],"collection":[{"href":"https:\/\/fmp-components.com\/sl\/wp-json\/wp\/v2\/product"}],"about":[{"href":"https:\/\/fmp-components.com\/sl\/wp-json\/wp\/v2\/types\/product"}],"replies":[{"embeddable":true,"href":"https:\/\/fmp-components.com\/sl\/wp-json\/wp\/v2\/comments?post=1381"}],"wp:featuredmedia":[{"embeddable":true,"href":"https:\/\/fmp-components.com\/sl\/wp-json\/wp\/v2\/media\/1338"}],"wp:attachment":[{"href":"https:\/\/fmp-components.com\/sl\/wp-json\/wp\/v2\/media?parent=1381"}],"wp:term":[{"taxonomy":"product_brand","embeddable":true,"href":"https:\/\/fmp-components.com\/sl\/wp-json\/wp\/v2\/product_brand?post=1381"},{"taxonomy":"product_cat","embeddable":true,"href":"https:\/\/fmp-components.com\/sl\/wp-json\/wp\/v2\/product_cat?post=1381"},{"taxonomy":"product_tag","embeddable":true,"href":"https:\/\/fmp-components.com\/sl\/wp-json\/wp\/v2\/product_tag?post=1381"}],"curies":[{"name":"delovni list","href":"https:\/\/api.w.org\/{rel}","templated":true}]}}