{"id":1379,"date":"2024-12-23T02:19:41","date_gmt":"2024-12-23T02:19:41","guid":{"rendered":"https:\/\/fmp-components.com\/product\/customized-trailer-hydraulic-cylinder-mini-hydraulic-cylinder-for-tractor\/"},"modified":"2024-12-23T08:53:11","modified_gmt":"2024-12-23T08:53:11","slug":"customized-trailer-hydraulic-cylinder-mini-hydraulic-cylinder-for-tractor","status":"publish","type":"product","link":"https:\/\/fmp-components.com\/sl\/product\/customized-trailer-hydraulic-cylinder-mini-hydraulic-cylinder-for-tractor\/","title":{"rendered":"Prilagojen hidravli\u010dni cilinder za prikolico Mini hidravli\u010dni cilinder za traktor"},"content":{"rendered":"<h2>Prilagojen hidravli\u010dni cilinder za prikolico Mini hidravli\u010dni cilinder za traktor<\/h2>\n<p>Mini hidravli\u010dni cilinder za traktor po meri je visokokakovosten izdelek, zasnovan za specifi\u010dne potrebe prikolic in traktorjev. Z napredno hidravli\u010dno tehnologijo ta cilinder ponuja izjemno zmogljivost in vzdr\u017eljivost.<\/p>\n<p>Ta hidravli\u010dni cilinder je posebej prilagojen za prikolice in traktorje ter zagotavlja zanesljivo in u\u010dinkovito delovanje. Zasnovan je tako, da prenese velike obremenitve in te\u017eke delovne pogoje, zaradi \u010desar je idealen za uporabo v kmetijstvu, gradbeni\u0161tvu in transportni industriji.<\/p>\n<p>Mini hidravli\u010dni cilinder za traktor je kompakten, vendar zagotavlja mo\u010dno hidravli\u010dno silo, kar omogo\u010da gladko in natan\u010dno delovanje. Opremljen je z visokokakovostnimi tesnili in le\u017eaji, ki zagotavljajo dolgotrajno delovanje in minimalno vzdr\u017eevanje.<\/p>\n<p><img loading=\"lazy\" decoding=\"async\" class=\"alignnone size-full wp-image-1334\" src=\"https:\/\/fmp-components.com\/wp-content\/uploads\/2024\/12\/Adjustable-Clevis-Type-Cylinders-4.webp\" alt=\"Nastavljivi cilindri tipa Clevis\" width=\"800\" height=\"800\" title=\"\" srcset=\"https:\/\/fmp-components.com\/wp-content\/uploads\/2024\/12\/Adjustable-Clevis-Type-Cylinders-4.webp 800w, https:\/\/fmp-components.com\/wp-content\/uploads\/2024\/12\/Adjustable-Clevis-Type-Cylinders-4-480x480.webp 480w\" sizes=\"(min-width: 0px) and (max-width: 480px) 480px, (min-width: 481px) 800px, 100vw\" \/><\/p>\n<p>Prilagojeni mini hidravli\u010dni cilinder za traktor je enostaven za namestitev in upravljanje, zaradi \u010desar je prakti\u010dna izbira tako za profesionalce kot za doma\u010de mojstre. Ponuja odli\u010den nadzor in stabilnost ter izbolj\u0161uje splo\u0161no zmogljivost priklopnikov in traktorjev.<\/p>\n<p>Skratka, prilagojeni hidravli\u010dni cilinder za prikolice, mini hidravli\u010dni cilinder za traktor, je zanesljiva in u\u010dinkovita hidravli\u010dna komponenta, ki je posebej zasnovana za prikolice in traktorje. Z izjemno zmogljivostjo in vzdr\u017eljivostjo zagotavlja nemoteno delovanje in izbolj\u0161uje splo\u0161no funkcionalnost teh vozil.<\/p>\n<table style=\"width: 100%;\" border=\"1\" width=\"100%\" cellspacing=\"0\" cellpadding=\"0\">\n<tbody>\n<tr>\n<th>Stanje<\/th>\n<td>Novo<\/td>\n<\/tr>\n<tr>\n<th>Garancija<\/th>\n<td>1 leto<\/td>\n<\/tr>\n<tr>\n<th>Uporabne panoge<\/th>\n<td>Strojne delavnice, Kmetije, Energetika in rudarstvo, Proizvodnja strojev, Tovarna strojev<\/td>\n<\/tr>\n<tr>\n<th>Te\u017ea (kg)<\/th>\n<td>30<\/td>\n<\/tr>\n<tr>\n<th>Video izhodni pregled<\/th>\n<td>Zagotovljeno<\/td>\n<\/tr>\n<tr>\n<th>Poro\u010dilo o preskusu strojev<\/th>\n<td>Zagotovljeno<\/td>\n<\/tr>\n<tr>\n<th>Vrsta tr\u017eenja<\/th>\n<td>Nov izdelek 2023<\/td>\n<\/tr>\n<tr>\n<th>Garancija za klju\u010dne komponente<\/th>\n<td>1 leto<\/td>\n<\/tr>\n<tr>\n<th>Osnovne komponente<\/th>\n<td>Le\u017eaj, hidravli\u010dni valj<\/td>\n<\/tr>\n<tr>\n<th>Standardno ali nestandardno<\/th>\n<td>Standardno<\/td>\n<\/tr>\n<tr>\n<th>Struktura<\/th>\n<td>Batni valj<\/td>\n<\/tr>\n<tr>\n<th>Mo\u010d<\/th>\n<td>Hidravli\u010dni<\/td>\n<\/tr>\n<tr>\n<th>Material ohi\u0161ja<\/th>\n<td>Jeklo<\/td>\n<\/tr>\n<tr>\n<th>Najve\u010dji potisk<\/th>\n<td>3000<\/td>\n<\/tr>\n<tr>\n<th>Vrsta<\/th>\n<td>Nastavljivi cilindri tipa Clevis<\/td>\n<\/tr>\n<tr>\n<th>Pristani\u0161\u010da<\/th>\n<td>G\/SAE\/NPT\/M<\/td>\n<\/tr>\n<tr>\n<th>Najve\u010dji vlek<\/th>\n<td>20 ton<\/td>\n<\/tr>\n<tr>\n<th>Certificiranje<\/th>\n<td>ISO9001:2000<\/td>\n<\/tr>\n<tr>\n<th>Velikost izvrtine<\/th>\n<td>2\u20136 palcev<\/td>\n<\/tr>\n<tr>\n<th>Velikost palice<\/th>\n<td>1,125-4 palca<\/td>\n<\/tr>\n<tr>\n<th>Velikost poteze<\/th>\n<td>4\u2013100 palcev<\/td>\n<\/tr>\n<tr>\n<th>Velikost zati\u010da<\/th>\n<td>0,5\u20132 palca<\/td>\n<\/tr>\n<tr>\n<th>Barva<\/th>\n<td>\u010crna<\/td>\n<\/tr>\n<tr>\n<th>Podrobnosti o embala\u017ei<\/th>\n<td>\u017delezno ohi\u0161je, ohi\u0161je iz vezanega lesa ali kartonska \u0161katla<\/td>\n<\/tr>\n<\/tbody>\n<\/table>\n<p>&nbsp;<\/p>\n<h2>Predstavitev funkcij in specifikacij<\/h2>\n<p>Ta hidravli\u010dni cilinder je vsestranska oprema, zasnovana za zagotavljanje visoke zmogljivosti v razli\u010dnih panogah. Na voljo je v nastavljivi obliki z vidno glavo, vsestranski zasnovi, ki jo je mogo\u010de uporabljati v \u0161irokem spektru aplikacij. Cilinder se pona\u0161a s standardno strukturo z batnim cilindrom, ki ga poganja hidravli\u010dni tlak. Izdelan je iz jekla, materiala, znanega po svoji vzdr\u017eljivosti in odpornosti.<\/p>\n<p>Cilinder ima impresiven najve\u010dji potisk 3000 in najve\u010dji vle\u010dni moment 20 ton, zaradi \u010desar je primeren za te\u017eke operacije. Certificiran je po standardu ISO9001:2000, kar zagotavlja njegovo kakovost in zanesljivost. Velikost izvrtine se giblje od 2 do 6 palcev, velikost palice pa od 1,125 do 4 palcev. Velikost hoda je prav tako nastavljiva med 4 in 100 palci, kar omogo\u010da uporabo v razli\u010dnih aplikacijah.<\/p>\n<h2>Predstavljamo hidravli\u010dne cilindre FMP<\/h2>\n<p>Podjetje FMP Hydraulic Machinery, ustanovljeno leta 2002, je ugleden proizvajalec in izvoznik hidravli\u010dnih cilindrov. FMP se pona\u0161a s proizvodnjo vrhunskih izdelkov, ki so si prislu\u017eili zaupanje strank po vsem svetu. Ta hidravli\u010dni cilinder je dokaz zavezanosti FMP k odli\u010dnosti.<\/p>\n<p>Gre za nov izdelek za leto 2023, ki odra\u017ea nenehne inovacije podjetja FMP. Enoletna garancija zagotavlja, da dobite zanesljiv izdelek, pri \u010demer podjetje stoji za svojo izdelavo. Osrednji komponenti vklju\u010dujeta le\u017eaj in sam hidravli\u010dni valj, oba standardna dela, znana po svoji vzdr\u017eljivosti.<\/p>\n<p><img decoding=\"async\" src=\"https:\/\/img.jiansujichilun.com\/img\/hydrauliccylinders\/T_hydrauliccylinders-2.webp\" alt=\"hidravli\u010dni cilinder\" width=\"800\" title=\"\"><\/p>\n<p>Ne glede na to, ali delate v delavnicah za popravilo strojev, na kmetijah, v energetiki in rudarstvu, v proizvodnji strojev ali v tovarni strojev, je ta hidravli\u010dni cilinder zasnovan tako, da ustreza va\u0161im potrebam. Z mo\u017enostjo prilagoditve naro\u010dil vam FMP omogo\u010da, da dobite hidravli\u010dni cilinder, prilagojen va\u0161im natan\u010dnim specifikacijam.<\/p>\n<p>Ste pripravljeni izkusiti mo\u010d, vsestranskost in zanesljivost hidravli\u010dnih cilindrov FMP? Razi\u0161\u010dite na\u0161o ponudbo izdelkov \u0161e danes in poi\u0161\u010dite popolno hidravli\u010dno re\u0161itev za va\u0161e poslovanje.<\/p>\n<h2>Prednosti nastavljivih cilindrov tipa Clevis<\/h2>\n<p>Nastavljivi cilindri z vidno glavo so hidravli\u010dni cilindri, ki se pogosto uporabljajo v razli\u010dnih aplikacijah, kot so kmetijstvo, gradbeni\u0161tvo in transport. Ti cilindri ponujajo \u0161tevilne prednosti pred drugimi vrstami cilindrov, vklju\u010dno z:<\/p>\n<ul>\n<li>Prilagodljiva dol\u017eina<\/li>\n<li>Visoka natan\u010dnost<\/li>\n<li>Pove\u010dana u\u010dinkovitost<\/li>\n<li>Izbolj\u0161ana vzdr\u017eljivost<\/li>\n<li>Izbolj\u0161ana varnost<\/li>\n<\/ul>\n<h3>Prilagodljiva dol\u017eina<\/h3>\n<p>Ena glavnih prednosti nastavljivih cilindrov z vili\u010dasto glavo je njihova prilagodljiva dol\u017eina. Te cilindre je mogo\u010de enostavno prilagoditi razli\u010dnim aplikacijam, vklju\u010dno s hidravli\u010dnim cilindrom za prikolice po meri in mini hidravli\u010dnim cilindrom za traktorje. To omogo\u010da nastavljiva vili\u010dasta glava, ki omogo\u010da prilagoditev dol\u017eine cilindra specifi\u010dnim potrebam aplikacije. Zaradi tega so ti cilindri odli\u010dna izbira za aplikacije, kjer je prostora malo ali kjer je potrebna re\u0161itev po meri.<\/p>\n<p>Poleg tega funkcija nastavljive dol\u017eine teh valjev omogo\u010da enostavno namestitev in vzdr\u017eevanje. Mo\u017enost prilagajanja dol\u017eine valja glede na specifi\u010dne zahteve uporabe lahko mo\u010dno skraj\u0161a \u010das namestitve in zagotovi pravilno poravnavo valja. To lahko vodi do ve\u010dje u\u010dinkovitosti in zmanj\u0161anega \u010dasa izpada, kar lahko na koncu privede do prihrankov stro\u0161kov.<\/p>\n<h3>Visoka natan\u010dnost<\/h3>\n<p>Nastavljivi cilindri z vili\u010dasto glavo so zasnovani za visoko natan\u010dno delovanje. Zasnova z vili\u010dasto glavo zagotavlja, da valj ostane poravnan in raven, tudi pri velikih obremenitvah. To omogo\u010da natan\u010den nadzor gibanja valja, kar je pomembno pri aplikacijah, kjer je natan\u010dnost klju\u010dnega pomena.<\/p>\n<p>Poleg tega funkcija nastavljive dol\u017eine teh valjev omogo\u010da natan\u010den nadzor nad dol\u017eino hoda. To je lahko \u0161e posebej koristno v aplikacijah, kjer je za doseganje optimalne zmogljivosti potrebna dolo\u010dena dol\u017eina hoda.<\/p>\n<h3>Pove\u010dana u\u010dinkovitost<\/h3>\n<p>Nastavljivi cilindri z vidno glavo so zasnovani za maksimalno u\u010dinkovitost. Zasnova z vidno glavo zagotavlja, da valj ostane poravnan in raven, tudi pri velikih obremenitvah. To zmanj\u0161a koli\u010dino energije, potrebne za premikanje bremena, kar lahko s\u010dasoma privede do znatnih prihrankov energije.<\/p>\n<p>Poleg tega funkcija nastavljive dol\u017eine teh valjev omogo\u010da optimalno izrabo razpolo\u017eljivega prostora. To je lahko \u0161e posebej koristno v aplikacijah, kjer je prostora malo, na primer v prometu ali kmetijstvu. S prilagoditvijo dol\u017eine valja specifi\u010dnim zahtevam uporabe je mogo\u010de valj namestiti na naju\u010dinkovitej\u0161i mo\u017een na\u010din, kar lahko privede do dodatnih prihrankov energije.<\/p>\n<h3>Izbolj\u0161ana vzdr\u017eljivost<\/h3>\n<p>Nastavljivi cilindri z vidno glavo so zasnovani za visoko vzdr\u017eljivost. Zasnova z vidno glavo zagotavlja, da valj ostane poravnan in raven, tudi pri velikih obremenitvah. To zmanj\u0161a obrabo valja, kar lahko podalj\u0161a njegovo \u017eivljenjsko dobo.<\/p>\n<p>Poleg tega nastavljiva dol\u017eina teh valjev omogo\u010da enostavno vzdr\u017eevanje in zamenjavo komponent. To lahko podalj\u0161a \u017eivljenjsko dobo valjev, saj omogo\u010da hitro in enostavno popravilo.<\/p>\n<h3>Izbolj\u0161ana varnost<\/h3>\n<p>Nastavljivi cilindri z vidno glavo so zasnovani z mislijo na varnost. Zasnova z vidno glavo zagotavlja, da valj ostane poravnan in raven, tudi pri velikih obremenitvah. To zmanj\u0161uje tveganje, da bi valj postal napa\u010dno poravnan, kar lahko povzro\u010di po\u0161kodbe opreme ali osebja.<\/p>\n<p>Poleg tega funkcija nastavljive dol\u017eine teh cilindrov omogo\u010da natan\u010den nadzor nad dol\u017eino hoda. To je lahko \u0161e posebej koristno v aplikacijah, kjer je varnost klju\u010dnega pomena, na primer v transportu ali gradbeni\u0161tvu. Z zagotavljanjem natan\u010dnega nadzora dol\u017eine hoda je mogo\u010de zmanj\u0161ati tveganje za okvaro opreme ali po\u0161kodbe.<\/p>\n<p>Skratka, nastavljivi cilindri z vili\u010dasto glavo ponujajo \u0161tevilne prednosti pred drugimi vrstami cilindrov. Zaradi prilagodljive dol\u017eine, visoke natan\u010dnosti, ve\u010dje u\u010dinkovitosti, izbolj\u0161ane vzdr\u017eljivosti in varnosti so odli\u010dna izbira za razli\u010dne aplikacije.<\/p>\n<p><img decoding=\"async\" src=\"https:\/\/fmp-components.com\/wp-content\/uploads\/2024\/12\/Adjustable-Clevis-Type-Cylinders5.webp\" alt=\"Nastavljiv valj tipa Clevis\" width=\"800\" title=\"\"><\/p>\n<h2>Uporaba nastavljivih cilindrov tipa Clevis<\/h2>\n<p>Nastavljiv valj z vili\u010dasto glavo je vsestranska hidravli\u010dna komponenta, ki se uporablja v najrazli\u010dnej\u0161ih panogah. Zaradi svoje edinstvene zasnove in funkcionalnosti je bistveno orodje za razli\u010dne naloge. V tem \u010dlanku bomo raziskali razli\u010dne na\u010dine uporabe nastavljivih valjev z vili\u010dasto glavo in se poglobili v njihove prednosti.<\/p>\n<p>1. Prilagojen hidravli\u010dni cilinder za prikolico:<\/p>\n<p>Ena glavnih uporab nastavljivih cilindrov z vidno glavo je izdelava hidravli\u010dnih cilindrov za prikolice po meri. Ti cilindri igrajo klju\u010dno vlogo pri premikanju in dvigovanju te\u017ekih bremen v prikolicah. Z uporabo nastavljivega cilindra z vidno glavo je mogo\u010de prikolico enostavno nastaviti na razli\u010dne vi\u0161ine, kar omogo\u010da u\u010dinkovito nakladanje in razkladanje. Prilagojena zasnova zagotavlja popolno prileganje dolo\u010denim modelom prikolic, kar zagotavlja optimalno delovanje in vzdr\u017eljivost.<\/p>\n<p>2. Mini hidravli\u010dni cilinder za traktor:<\/p>\n<p>Druga klju\u010dna uporaba nastavljivih cilindrov z vili\u010dasto glavo je v proizvodnji mini hidravli\u010dnih cilindrov za traktorje. Ti kompaktni cilindri so posebej zasnovani tako, da se prilegajo omejenemu prostoru, ki je na voljo v traktorjih, hkrati pa zagotavljajo izjemno mo\u010d in zmogljivost. Z mo\u017enostjo nastavitve vili\u010daste glave je mogo\u010de cilinder enostavno prilagoditi razli\u010dnim priklju\u010dkom traktorja, kot so nakladalniki ali bagri. Ta vsestranskost izbolj\u0161a funkcionalnost in produktivnost traktorja, zaradi \u010desar je dragoceno orodje za kmetijske in gradbene namene.<\/p>\n<p>3. Prednosti nastavljivih cilindrov s vidno glavo:<\/p>\n<p>Nastavljivi cilindri z vili\u010dasto glavo ponujajo ve\u010d prednosti, ki prispevajo k njihovi \u0161iroki uporabi v razli\u010dnih panogah. Prvi\u010d, njihova nastavljiva zasnova omogo\u010da natan\u010dno pozicioniranje in prilagoditev, kar zagotavlja optimalno delovanje za specifi\u010dne aplikacije. Mo\u017enost natan\u010dne nastavitve dol\u017eine hoda in polo\u017eaja vgradnje cilindra pove\u010duje njegovo vsestranskost in prilagodljivost.<\/p>\n<p>Poleg tega uporaba napredne hidravli\u010dne tehnologije v teh cilindrih zagotavlja nemoteno in u\u010dinkovito delovanje, kar zmanj\u0161uje porabo energije in pove\u010duje produktivnost. Visokokakovostni materiali, uporabljeni pri njihovi izdelavi, jih naredijo trpe\u017ene in odporne proti obrabi, kar ima za posledico dolgo \u017eivljenjsko dobo in ni\u017eje stro\u0161ke vzdr\u017eevanja.<\/p>\n<p>Poleg tega vklju\u010ditev varnostnih elementov, kot so tla\u010dni varnostni ventili in tesnila, zagotavlja zanesljivo in varno delovanje ter prepre\u010duje morebitne nesre\u010de in \u0161kodo.<\/p>\n<p>Skratka, nastavljivi cilindri z vili\u010dasto glavo se \u0161iroko uporabljajo v razli\u010dnih panogah. Od prilagojenih hidravli\u010dnih cilindrov za prikolice do mini hidravli\u010dnih cilindrov za traktorje, zaradi svoje vsestranskosti in funkcionalnosti so nepogre\u0161ljivo orodje za u\u010dinkovito in natan\u010dno delovanje. \u0160tevilne prednosti, ki jih ponujajo, vklju\u010dno s prilagoditvijo, vzdr\u017eljivostjo in napredno hidravli\u010dno tehnologijo, \u0161e dodatno pove\u010dujejo njihovo vrednost in jih delajo priljubljeno izbiro za \u0161tevilne strokovnjake.<\/p>\n<p><img decoding=\"async\" src=\"https:\/\/fmp-components.com\/wp-content\/uploads\/2024\/12\/Application-of-Adjustable-Clevis-Type-Cylinders.webp\" alt=\"Nastavljiv valj tipa Clevis\" width=\"800\" title=\"\"><\/p>\n<h3>O FMP-ju<\/h3>\n<p>FMP je podjetje, specializirano za proizvodnjo in prodajo hidravli\u010dnih cilindrov. Nahajamo se v Italiji, imamo dolgoletne izku\u0161nje v industriji in profesionalno ekipo, ki je predana zagotavljanju visokokakovostnih in zanesljivih hidravli\u010dnih cilindrov na\u0161im strankam.<\/p>\n<p><img decoding=\"async\" src=\"https:\/\/fmp-components.com\/wp-content\/uploads\/2024\/12\/Adjustable-Clevis-Type-Cylinders-6.webp\" alt=\"Nastavljiv valj tipa Clevis\" width=\"841\" title=\"\"><\/p>\n<p>Tukaj je pet razlogov, zakaj bi morali izbrati na\u0161e hidravli\u010dne cilindre:<\/p>\n<ol>\n<li>\u0160iroka paleta mo\u017enosti: Ponujamo \u0161iroko paleto hidravli\u010dnih cilindrov, vklju\u010dno z nastavljivimi cilindri z vili\u010dasto glavo, ki zagotavljajo prilagodljivost pri razli\u010dnih aplikacijah.<\/li>\n<li>Izjemna kakovost: Vsi na\u0161i hidravli\u010dni cilindri so izdelani po strogih standardih kakovosti, kar zagotavlja njihovo vzdr\u017eljivost in zmogljivost.<\/li>\n<li>Strokovno svetovanje: Na\u0161a izku\u0161ena prodajna ekipa ima znanje o gradbeni mehanizaciji in vam lahko nudi strokovno svetovanje o izdelkih, ki ustreza va\u0161im specifi\u010dnim potrebam.<\/li>\n<li>Pametni predlogi za nakup: Razumemo potrebe strank in vam nudimo pametne predloge za nakup, ki vam bodo pomagali pri sprejemanju premi\u0161ljenih odlo\u010ditev.<\/li>\n<li>U\u010dinkovita logistika: Z na\u0161im u\u010dinkovitim logisti\u010dnim distribucijskim sistemom zagotavljamo, da boste potrebne hidravli\u010dne cilindre prejeli pravo\u010dasno in natan\u010dno.<\/li>\n<\/ol>\n<p>Pri FMP si prizadevamo prese\u010di pri\u010dakovanja strank z na\u0161imi vrhunskimi hidravli\u010dnimi cilindri in izjemno storitvijo. Za vse va\u0161e potrebe po hidravli\u010dnih cilindrih nas kontaktirajte \u0161e danes!<\/p>\n<h2>Pogosto zastavljena vpra\u0161anja<\/h2>\n<p><strong>V: Kolik\u0161en je najve\u010dji potisk in vle\u010dna sila tega hidravli\u010dnega cilindra?<\/strong><br \/>\nA: Najve\u010dji potisk tega cilindra je 3000, najve\u010dji vle\u010dni moment pa 20 ton, zaradi \u010desar je primeren za te\u017eka dela.<\/p>\n<p><strong>V: Katere so klju\u010dne komponente tega hidravli\u010dnega cilindra?<\/strong><br \/>\nA: Osrednji sestavni deli tega hidravli\u010dnega cilindra so le\u017eaj in sam hidravli\u010dni valj.<\/p>\n<p><strong>V: Ali ima ta hidravli\u010dni cilinder garancijo?<\/strong><br \/>\nA: Da, ta hidravli\u010dni cilinder ima enoletno garancijo, ki zagotavlja zanesljivost in vzdr\u017eljivost na\u0161ega izdelka.<\/p>\n<p>Avtor: CX<\/p>","protected":false},"excerpt":{"rendered":"<p>Customized Trailer Hydraulic Cylinder Mini Hydraulic Cylinder For Tractor The Customized Trailer Hydraulic Cylinder Mini Hydraulic Cylinder For Tractor is a high-quality product designed to meet the specific needs of trailers and tractors. With its advanced hydraulic technology, this cylinder offers exceptional performance and durability. This hydraulic cylinder is specifically customized to fit trailers and [&hellip;]<\/p>","protected":false},"featured_media":1340,"comment_status":"closed","ping_status":"closed","template":"","meta":{"_et_pb_use_builder":"","_et_pb_old_content":"","_et_gb_content_width":""},"product_brand":[],"product_cat":[39],"product_tag":[41,34],"class_list":{"0":"post-1379","1":"product","2":"type-product","3":"status-publish","4":"has-post-thumbnail","6":"product_cat-adjustable-clevis-type-cylinders","7":"product_tag-adjustable-clevis-type-cylinders","8":"product_tag-hydraulic-cylinder","10":"first","11":"instock","12":"product-type-simple"},"_links":{"self":[{"href":"https:\/\/fmp-components.com\/sl\/wp-json\/wp\/v2\/product\/1379","targetHints":{"allow":["GET"]}}],"collection":[{"href":"https:\/\/fmp-components.com\/sl\/wp-json\/wp\/v2\/product"}],"about":[{"href":"https:\/\/fmp-components.com\/sl\/wp-json\/wp\/v2\/types\/product"}],"replies":[{"embeddable":true,"href":"https:\/\/fmp-components.com\/sl\/wp-json\/wp\/v2\/comments?post=1379"}],"wp:featuredmedia":[{"embeddable":true,"href":"https:\/\/fmp-components.com\/sl\/wp-json\/wp\/v2\/media\/1340"}],"wp:attachment":[{"href":"https:\/\/fmp-components.com\/sl\/wp-json\/wp\/v2\/media?parent=1379"}],"wp:term":[{"taxonomy":"product_brand","embeddable":true,"href":"https:\/\/fmp-components.com\/sl\/wp-json\/wp\/v2\/product_brand?post=1379"},{"taxonomy":"product_cat","embeddable":true,"href":"https:\/\/fmp-components.com\/sl\/wp-json\/wp\/v2\/product_cat?post=1379"},{"taxonomy":"product_tag","embeddable":true,"href":"https:\/\/fmp-components.com\/sl\/wp-json\/wp\/v2\/product_tag?post=1379"}],"curies":[{"name":"delovni list","href":"https:\/\/api.w.org\/{rel}","templated":true}]}}