{"id":1378,"date":"2024-12-23T02:19:41","date_gmt":"2024-12-23T02:19:41","guid":{"rendered":"https:\/\/fmp-components.com\/product\/excellent-quality-double-acting-cylinder-adjustable-hydraulic-cylinder-for-sale\/"},"modified":"2025-03-18T00:55:15","modified_gmt":"2025-03-18T00:55:15","slug":"excellent-quality-double-acting-cylinder-adjustable-hydraulic-cylinder-for-sale","status":"publish","type":"product","link":"https:\/\/fmp-components.com\/sl\/product\/excellent-quality-double-acting-cylinder-adjustable-hydraulic-cylinder-for-sale\/","title":{"rendered":"Odli\u010den dvosmerni delujo\u010di hidravli\u010dni cilinder z nastavljivim cilindrom za prodajo"},"content":{"rendered":"<h2>Predstavljamo vam na\u0161 odli\u010dnokakovosten dvosmerno delujo\u010di nastavljivi hidravli\u010dni cilinder za prodajo!<\/h2>\n<p>Ta vrhunski hidravli\u010dni cilinder je zasnovan za vrhunsko zmogljivost in vzdr\u017eljivost v razli\u010dnih industrijskih aplikacijah. Zahvaljujo\u010d dvojno delujo\u010di zasnovi ga je mogo\u010de z enako lahkoto uporabljati tako za potiskanje kot za vle\u010denje.<\/p>\n<p>Kar pa ta hidravli\u010dni cilinder resni\u010dno lo\u010di od drugih, je njegova prilagodljivost. Z vrsto nastavljivih hodov lahko natan\u010dno prilagodite delovanje svojim specifi\u010dnim potrebam. Zaradi tega je neverjetno vsestranska in prilagodljiva izbira za \u0161irok spekter uporabe.<\/p>\n<p>Vendar nam ne verjemite kar na besedo. Na\u0161 hidravli\u010dni valj je bil strogo preizku\u0161en in dokazano izpolnjuje najvi\u0161je standarde kakovosti in zanesljivosti. Poleg tega je na\u0161a ekipa strokovnih in\u017eenirjev vedno na voljo za strokovne nasvete in smernice, kako kar najbolje izkoristiti svoj hidravli\u010dni valj.<\/p>\n<p>\u010ce torej i\u0161\u010dete vrhunski hidravli\u010dni cilinder, ki vas ne bo razo\u010daral, potem je na\u0161 nastavljivi hidravli\u010dni cilinder odli\u010dne kakovosti za prodajo odli\u010dne kakovosti.<\/p>\n<p><img loading=\"lazy\" decoding=\"async\" class=\"alignnone size-full wp-image-1334\" src=\"https:\/\/fmp-components.com\/wp-content\/uploads\/2024\/12\/Adjustable-Clevis-Type-Cylinders-4.webp\" alt=\"Nastavljivi cilindri tipa Clevis\" width=\"800\" height=\"800\" title=\"\" srcset=\"https:\/\/fmp-components.com\/wp-content\/uploads\/2024\/12\/Adjustable-Clevis-Type-Cylinders-4.webp 800w, https:\/\/fmp-components.com\/wp-content\/uploads\/2024\/12\/Adjustable-Clevis-Type-Cylinders-4-480x480.webp 480w\" sizes=\"(min-width: 0px) and (max-width: 480px) 480px, (min-width: 481px) 800px, 100vw\" \/><\/p>\n<p>Predstavljamo vam na\u0161 vrhunski, dvosmerno delujo\u010di nastavljivi hidravli\u010dni cilinder, ki je na voljo za nakup. Ta novi izdelek je idealen za uporabo v razli\u010dnih panogah, kot so delavnice za popravilo strojev, kmetije, energetika, rudarstvo, proizvodnja strojev in tovarni\u0161ke nastavitve. Ta hidravli\u010dni cilinder, ki tehta robustnih 30 kg, ima 1-letno garancijo in je prestal vse videoposnetke izhodnega pregleda ter poro\u010dila o preizkusih strojev. Kot nov izdelek za leto 2023 ima klju\u010dne komponente, kot so le\u017eaji in hidravli\u010dni cilinder. Struktura je standardni batni cilinder s hidravli\u010dnim virom energije in trpe\u017enim jeklenim ohi\u0161jem. Njegov najve\u010dji potisk je 3000 z najve\u010djim vle\u010dnim momentom 20 ton. Cilinder je nastavljivega tipa s \u010depom in je certificiran po standardu ISO9001:2000. Velikosti izvrtine in palice se gibljejo od 2 do 6 palcev oziroma 1,125 do 4 palcev, medtem ko se velikost hoda giblje med 4 in 100 palci. Ima tudi velikost zati\u010da od 0,5 do 2 palca.<\/p>\n<p>Ta nastavljiv hidravli\u010dni cilinder ponuja razli\u010dne mo\u017enosti, ki ustrezajo va\u0161im specifi\u010dnim potrebam. Kot dvosmerno delujo\u010di cilinder zagotavlja silo v obe smeri, zaradi \u010desar je idealen za aplikacije, ki zahtevajo nadzorovano gibanje. Specifikacije cilindra so zasnovane tako, da zagotavljajo optimalno delovanje. Z velikostjo izvrtine od 2 do 6 palcev lahko prenese razli\u010dne tla\u010dne obremenitve. Dol\u017eina hoda se giblje od 4 do 100 palcev, kar zagotavlja fleksibilnost pri gibanju hoda. Poleg tega lahko cilinder prenese najve\u010dji potisk 3000 in najve\u010dji vle\u010dni napor 20 ton, kar dokazuje njegovo visoko nosilnost. Hidravli\u010dni cilinder je izdelan iz trpe\u017enega jekla, kar zagotavlja njegovo dolgo \u017eivljenjsko dobo. Kakovost materialov, uporabljenih pri njegovi izdelavi, in posebni premazi, ki so naneseni nanj, pove\u010dujejo njegovo vzdr\u017eljivost, zmogljivost in dolgo \u017eivljenjsko dobo. Poleg tega je ta cilinder prilagodljiv za uporabo v razli\u010dnih panogah, od industrijskih strojev in mobilne hidravlike do kmetijske opreme in gradbenih vozil. Na voljo so tudi mo\u017enosti prilagoditve, ki zagotavljajo re\u0161itve po meri glede na posebne zahteve. Na voljo so navodila za namestitev in vzdr\u017eevanje, ki zagotavljajo optimalno delovanje in dolgo \u017eivljenjsko dobo cilindra.<\/p>\n<p>Podjetje FMP Hydraulic Machinery, ustanovljeno leta 2002, je vodilni proizvajalec in izvoznik hidravli\u010dnih cilindrov v Italiji. Ponosni smo na zagotavljanje vrhunskih izdelkov in odli\u010dnih storitev, zaradi katerih smo si prislu\u017eili zaupanja vreden ugled pri strankah po vsem svetu. Na\u0161 nastavljivi hidravli\u010dni cilinder je eden na\u0161ih vrhunskih izdelkov, zasnovan za specifi\u010dne potrebe razli\u010dnih panog. Ne zamudite te prilo\u017enosti za nadgradnjo svojih strojev z na\u0161im odli\u010dnim dvostranskim nastavljivim hidravli\u010dnim cilindrom. Zagotavljamo vrhunsko zmogljivost in vzdr\u017eljivost, ki bosta znatno izbolj\u0161ali va\u0161e poslovanje.<\/p>\n<h2>Prednosti nastavljivih cilindrov tipa Clevis<\/h2>\n<p>Nastavljivi cilindri z vili\u010dasto glavo, kot je na primer odli\u010dnokakovosten dvosmerno delujo\u010di nastavljivi hidravli\u010dni cilinder, ki je naprodaj, ponujajo ve\u010d klju\u010dnih prednosti v razli\u010dnih aplikacijah. Ti cilindri so zasnovani natan\u010dno in inovativno ter uporabnikom zagotavljajo izbolj\u0161ano zmogljivost in vsestranskost. V tem \u010dlanku bomo podrobneje raziskali prednosti teh cilindrov.<\/p>\n<h3>1. Izbolj\u0161ana prilagodljivost<\/h3>\n<p>Nastavljivi cilindri z vili\u010dasto glavo ponujajo neprekosljivo fleksibilnost, ki uporabnikom omogo\u010da enostavno prilagajanje dol\u017eine hoda in polo\u017eaja vgradnje glede na njihove specifi\u010dne zahteve. Ta lastnost zagotavlja, da je mogo\u010de cilinder natan\u010dno prilagoditi \u0161irokemu naboru aplikacij, kar prihrani \u010das in trud pri monta\u017ei in nastavitvah.<\/p>\n<h3>2. Optimalna zmogljivost<\/h3>\n<p>Ti cilindri so izdelani z napredno hidravli\u010dno tehnologijo, kar zagotavlja izjemno zmogljivost. Nastavljiva zasnova z vili\u010dastim zglobom zagotavlja gladko in natan\u010dno gibanje, kar zmanj\u0161uje trenje in obrabo. To posledi\u010dno vodi do izbolj\u0161ane u\u010dinkovitosti, ni\u017ejih stro\u0161kov vzdr\u017eevanja in dalj\u0161e \u017eivljenjske dobe.<\/p>\n<h3>3. Vrhunsko ravnanje s tovorom<\/h3>\n<p>Zaradi robustne konstrukcije in visokokakovostnih materialov lahko nastavljivi cilindri z vili\u010dasto glavo z lahkoto prenesejo te\u017eke obremenitve. Cilindri so zasnovani tako, da prenesejo visoke tlake in zagotavljajo zanesljivo oporo v zahtevnih aplikacijah. Zaradi tega so idealni za uporabo v panogah, kot so gradbeni\u0161tvo, rudarstvo in proizvodnja.<\/p>\n<h3>4. Pove\u010dana varnost<\/h3>\n<p>Nastavljivi cilindri z vidno glavo so opremljeni z varnostnimi funkcijami, ki zagotavljajo zanesljivo in varno delovanje. Ti cilindri so zasnovani tako, da prepre\u010dujejo nepri\u010dakovane premike ali okvare, s \u010dimer se zmanj\u0161a tveganje za nesre\u010de. Poleg tega njihova nastavljivost omogo\u010da natan\u010den nadzor in pozicioniranje, kar dodatno pove\u010duje varnost pri kriti\u010dnih operacijah.<\/p>\n<h3>5. Vsestranske mo\u017enosti monta\u017ee<\/h3>\n<p>Nastavljivost teh cilindrov omogo\u010da vsestranske mo\u017enosti monta\u017ee. Z lahkoto jih je mogo\u010de integrirati v razli\u010dne sisteme in stroje, kar ponuja prilagodljivost pri zasnovi in \u200b\u200bnamestitvi. Zaradi te vsestranskosti so nastavljivi cilindri z vidno glavo primerni za \u0161irok spekter uporabe, vklju\u010dno s kmetijsko opremo, sistemi za ravnanje z materiali in industrijsko avtomatizacijo.<\/p>\n<h3>6. Stro\u0161kovno u\u010dinkovita re\u0161itev<\/h3>\n<p>Nalo\u017eba v nastavljive cilindre z vidno glavo zagotavlja dolgoro\u010dno stro\u0161kovno u\u010dinkovito re\u0161itev. Njihova vrhunska zmogljivost, vzdr\u017eljivost in zanesljivost zmanj\u0161ujejo izpade in stro\u0161ke vzdr\u017eevanja. Poleg tega mo\u017enost prilagajanja dol\u017eine hoda in polo\u017eaja vgradnje odpravlja potrebo po nakupu ve\u010d cilindrov, kar dodatno prihrani stro\u0161ke.<\/p>\n<p>Skratka, nastavljivi cilindri z vidno glavo, tako kot odli\u010dnokakovostni nastavljivi hidravli\u010dni cilindri z dvojnim delovanjem, ki so naprodaj, ponujajo znatne prednosti glede fleksibilnosti, zmogljivosti, prenosa obremenitve, varnosti, mo\u017enosti monta\u017ee in stro\u0161kovne u\u010dinkovitosti. Ti cilindri so zanesljiva in vsestranska izbira za razli\u010dne panoge in aplikacije. Z vgradnjo nastavljivih cilindrov z vidno glavo lahko podjetja izbolj\u0161ajo svoje poslovanje in dose\u017eejo optimalne rezultate.<\/p>\n<p><img decoding=\"async\" src=\"https:\/\/fmp-components.com\/wp-content\/uploads\/2024\/12\/Adjustable-Clevis-Type-Cylinders5.webp\" alt=\"Nastavljiv valj tipa Clevis\" width=\"800\" title=\"\"><\/p>\n<h2>Uporaba nastavljivih cilindrov tipa Clevis<\/h2>\n<p>Nastavljivi cilindri z vidno glavo so vrsta hidravli\u010dnega cilindra, ki se uporablja v najrazli\u010dnej\u0161ih aplikacijah. Znani so po svoji odli\u010dni kakovosti, dvojnem delovanju in prilagodljivosti. V tem \u010dlanku bomo raziskali razli\u010dne aplikacije nastavljivih cilindrov z vidno glavo in kako se uporabljajo v razli\u010dnih panogah.<\/p>\n<h3>1. Industrijski stroji<\/h3>\n<p>Nastavljivi cilindri z vidno glavo se pogosto uporabljajo v industrijskih strojih. Uporabljajo se pri izdelavi razli\u010dnih vrst strojev, kot so stiskalnice, \u0161karje in upogibni stroji. Ti cilindri zagotavljajo potrebno silo in mo\u010d za delovanje teh strojev. Dvojno delujo\u010da funkcija teh cilindrov omogo\u010da u\u010dinkovito delovanje in hitre \u010dase ciklov. Nastavljiva funkcija omogo\u010da natan\u010dno pozicioniranje, kar je bistveno pri izdelavi visokokakovostnih izdelkov.<\/p>\n<h3>2. Gradbena industrija<\/h3>\n<p>Gradbena industrija uporablja tudi nastavljive cilindre z vidno glavo. Uporabljajo se v razli\u010dni gradbeni opremi, kot so bagri, \u017eerjavi in \u200b\u200bbuldo\u017eerji. Ti cilindri zagotavljajo potrebno mo\u010d za premikanje te\u017ekih bremen in opreme. Funkcija nastavljivosti teh cilindrov omogo\u010da natan\u010dno pozicioniranje, kar je bistveno v gradbeni industriji, kjer je natan\u010dnost klju\u010dnega pomena.<\/p>\n<h3>3. Kmetijska mehanizacija<\/h3>\n<p>Druga panoga, ki uporablja nastavljive cilindre z vidno glavo, je kmetijstvo. Ti cilindri se uporabljajo v razli\u010dnih kmetijskih strojih, kot so traktorji, plugi in \u017eetveni stroji. Uporabljajo se za zagotavljanje potrebne sile in mo\u010di za u\u010dinkovito delovanje teh strojev. Nastavljivost teh cilindrov omogo\u010da natan\u010dno pozicioniranje, kar je bistveno v kmetijstvu, kjer je natan\u010dnost klju\u010dnega pomena.<\/p>\n<h3>4. Letalska in vesoljska industrija<\/h3>\n<p>Tudi letalska in vesoljska industrija uporablja nastavljive cilindre z vidno glavo. Uporabljajo se v razli\u010dnih letalskih sistemih, kot so podvozje, krmiljenje in krmilni sistemi. Ti cilindri zagotavljajo potrebno silo in mo\u010d za u\u010dinkovito delovanje teh sistemov. Funkcija nastavljivosti teh cilindrov omogo\u010da natan\u010dno pozicioniranje, kar je bistveno v letalski in vesoljski industriji, kjer je natan\u010dnost klju\u010dnega pomena.<\/p>\n<p>Skratka, nastavljivi cilindri z vidno glavo so vsestranski hidravli\u010dni cilindri, ki se uporabljajo v razli\u010dnih panogah. Znani so po svoji odli\u010dni kakovosti, dvojno delujo\u010dih zmogljivostih in prilagodljivosti. Uporabljajo se v industrijskih strojih, gradbeni\u0161tvu, kmetijstvu, vesoljski industriji in \u0161tevilnih drugih aplikacijah. Funkcija prilagodljivosti teh cilindrov omogo\u010da natan\u010dno pozicioniranje, kar je bistvenega pomena v panogah, kjer sta natan\u010dnost in preciznost klju\u010dnega pomena. \u010ce potrebujete visokokakovosten dvostransko delujo\u010d nastavljiv hidravli\u010dni cilinder, so nastavljivi cilindri z vidno glavo odli\u010dna izbira.<img decoding=\"async\" src=\"https:\/\/fmp-components.com\/wp-content\/uploads\/2024\/12\/Application-of-Adjustable-Clevis-Type-Cylinders.webp\" alt=\"Nastavljiv valj tipa Clevis\" width=\"800\" title=\"\"><\/p>\n<h3>O FMP-ju<\/h3>\n<p>FMP je podjetje, specializirano za proizvodnjo in prodajo hidravli\u010dnih cilindrov. Z bogatimi izku\u0161njami v panogi in profesionalno ekipo smo predani temu, da svojim strankam zagotavljamo visokokakovostne in zanesljive hidravli\u010dne cilindre.<\/p>\n<p><img decoding=\"async\" src=\"https:\/\/fmp-components.com\/wp-content\/uploads\/2024\/12\/Adjustable-Clevis-Type-Cylinders-6.webp\" alt=\"Nastavljiv valj tipa Clevis\" width=\"840\" title=\"\"><\/p>\n<p>1. Visokokakovostni izdelki: Pri FMP smo ponosni na to, da ponujamo vrhunske hidravli\u010dne cilindre, ki so izdelani za dolgo \u017eivljenjsko dobo. Na\u0161i izdelki so podvr\u017eeni strogim ukrepom nadzora kakovosti, ki zagotavljajo njihovo vzdr\u017eljivost in zmogljivost.<\/p>\n<p>2. \u0160iroka paleta mo\u017enosti: Ponujamo raznoliko paleto hidravli\u010dnih cilindrov, ki ustrezajo specifi\u010dnim potrebam na\u0161ih strank. Ne glede na to, ali potrebujete nastavljive cilindre z vidno glavo, cilindre z veznimi palicami ali varjene cilindre, imamo vse, kar potrebujete.<\/p>\n<p>3. Strogi standardi kakovosti: Vzdr\u017eujemo dolgoro\u010dna in stabilna partnerstva z uglednimi dobavitelji, da zagotovimo, da vsi na\u0161i hidravli\u010dni cilindri izpolnjujejo stroge standarde kakovosti. Vsak izdelek je pred dostavo na\u0161im strankam temeljito pregledan.<\/p>\n<p>4. Strokovna prodajna ekipa: Na\u0161a izku\u0161ena in dobro podkovana prodajna ekipa je dobro seznanjena z najnovej\u0161imi trendi in zahtevami strank v panogi. Vedno so pripravljeni nuditi strokovne nasvete o izdelkih in ponuditi pametne predloge za nakup, da zagotovijo zadovoljstvo strank.<\/p>\n<p>5. U\u010dinkovit logisti\u010dni sistem: Razumemo pomen pravo\u010dasne dostave. Z na\u0161im u\u010dinkovitim logisti\u010dnim distribucijskim sistemom zagotavljamo, da na\u0161e stranke prejmejo potrebne hidravli\u010dne cilindre hitro in natan\u010dno.<\/p>\n<p>Izberite FMP za va\u0161e potrebe po hidravli\u010dnih cilindrih in izkusite kakovost in zanesljivost, ki nas lo\u010dujeta od konkurence. Za za\u010detek plodnega partnerstva nas kontaktirajte \u0161e danes.<\/p>\n<h2>Pogosta vpra\u0161anja<\/h2>\n<p><strong>V: Kak\u0161en je dobavni rok za nastavljiv hidravli\u010dni cilinder?<\/strong><br \/>\nA: Splo\u0161ni dobavni rok je 25-35 dni.<\/p>\n<p><strong>V: Ali so na voljo vzorci hidravli\u010dnega cilindra?<\/strong><br \/>\nO: Da, ponujamo vzorce, vendar niso brezpla\u010dni.<\/p>\n<p><img decoding=\"async\" src=\"https:\/\/img.jiansujichilun.com\/img\/hydrauliccylinders\/C_hydrauliccylinders-3.webp\" alt=\"hidravli\u010dni cilinder\" width=\"800\" title=\"\"><\/p>\n<p><strong>V: Ali lahko prilagodim hidravli\u010dni cilinder svojim potrebam?<\/strong><br \/>\nO: Da, ponujamo mo\u017enosti prilagoditve glede na va\u0161e posebne zahteve.<\/p>\n<p>Avtor: CX<\/p>","protected":false},"excerpt":{"rendered":"<p>Introducing our Excellent Quality Double Acting Cylinder Adjustable Hydraulic Cylinder For Sale! This top-of-the-line hydraulic cylinder is built to provide superior performance and durability in a range of industrial applications. Thanks to its double acting design, it can be used in both push and pull applications with equal ease. But what really sets this hydraulic [&hellip;]<\/p>","protected":false},"featured_media":1338,"comment_status":"closed","ping_status":"closed","template":"","meta":{"_et_pb_use_builder":"","_et_pb_old_content":"","_et_gb_content_width":""},"product_brand":[],"product_cat":[39],"product_tag":[41,34],"class_list":{"0":"post-1378","1":"product","2":"type-product","3":"status-publish","4":"has-post-thumbnail","6":"product_cat-adjustable-clevis-type-cylinders","7":"product_tag-adjustable-clevis-type-cylinders","8":"product_tag-hydraulic-cylinder","10":"first","11":"instock","12":"product-type-simple"},"_links":{"self":[{"href":"https:\/\/fmp-components.com\/sl\/wp-json\/wp\/v2\/product\/1378","targetHints":{"allow":["GET"]}}],"collection":[{"href":"https:\/\/fmp-components.com\/sl\/wp-json\/wp\/v2\/product"}],"about":[{"href":"https:\/\/fmp-components.com\/sl\/wp-json\/wp\/v2\/types\/product"}],"replies":[{"embeddable":true,"href":"https:\/\/fmp-components.com\/sl\/wp-json\/wp\/v2\/comments?post=1378"}],"wp:featuredmedia":[{"embeddable":true,"href":"https:\/\/fmp-components.com\/sl\/wp-json\/wp\/v2\/media\/1338"}],"wp:attachment":[{"href":"https:\/\/fmp-components.com\/sl\/wp-json\/wp\/v2\/media?parent=1378"}],"wp:term":[{"taxonomy":"product_brand","embeddable":true,"href":"https:\/\/fmp-components.com\/sl\/wp-json\/wp\/v2\/product_brand?post=1378"},{"taxonomy":"product_cat","embeddable":true,"href":"https:\/\/fmp-components.com\/sl\/wp-json\/wp\/v2\/product_cat?post=1378"},{"taxonomy":"product_tag","embeddable":true,"href":"https:\/\/fmp-components.com\/sl\/wp-json\/wp\/v2\/product_tag?post=1378"}],"curies":[{"name":"delovni list","href":"https:\/\/api.w.org\/{rel}","templated":true}]}}