{"id":1375,"date":"2024-12-23T02:18:57","date_gmt":"2024-12-23T02:18:57","guid":{"rendered":"https:\/\/fmp-components.com\/product\/customized-adjustable-stainless-steel-hydraulic-cylinder-for-tractor\/"},"modified":"2024-12-23T03:25:05","modified_gmt":"2024-12-23T03:25:05","slug":"customized-adjustable-stainless-steel-hydraulic-cylinder-for-tractor","status":"publish","type":"product","link":"https:\/\/fmp-components.com\/sl\/product\/customized-adjustable-stainless-steel-hydraulic-cylinder-for-tractor\/","title":{"rendered":"Prilagojen nastavljiv hidravli\u010dni cilinder iz nerjave\u010dega jekla za traktor"},"content":{"rendered":"<h2>Predstavljamo prilagojen nastavljiv hidravli\u010dni cilinder iz nerjave\u010dega jekla za traktor<\/h2>\n<p>Prilagojen nastavljiv hidravli\u010dni cilinder iz nerjave\u010dega jekla za traktor je vrhunski izdelek, zasnovan za specifi\u010dne potrebe upravljavcev traktorjev. Ta hidravli\u010dni cilinder je bil zasnovan tako, da zagotavlja neprimerljivo zmogljivost in u\u010dinkovitost, zaradi \u010desar je nepogre\u0161ljiv sestavni del vsakega traktorja.<\/p>\n<p>Ena klju\u010dnih lastnosti tega izdelka je njegova prilagodljivost. Z mo\u017enostjo prilagajanja dol\u017eine hoda cilindra in obmo\u010dja tlaka je mogo\u010de ta hidravli\u010dni cilinder prilagoditi specifi\u010dnim zahtevam katerega koli delovanja traktorja. Zaradi te prilagodljivosti je vsestranska in prakti\u010dna re\u0161itev za kmete in upravljavce traktorjev za \u0161iroko paleto uporabe.<\/p>\n<p>Sam valj je izdelan iz visokokakovostnega nerjave\u010dega jekla, ki zagotavlja izjemno vzdr\u017eljivost in odpornost proti koroziji in obrabi. To pomeni, da lahko valj prenese te\u017eke pogoje v kmetijskem okolju, ne da bi pri tem izgubil svojo u\u010dinkovitost ali zmogljivost.<\/p>\n<p>Poleg tega prilagojen nastavljiv hidravli\u010dni cilinder iz nerjave\u010dega jekla za traktor vklju\u010duje napredno hidravli\u010dno tehnologijo, ki zagotavlja natan\u010dno in dosledno delovanje. To zagotavlja, da hidravli\u010dni cilinder deluje gladko in u\u010dinkovito, kar zmanj\u0161uje obrabo drugih komponent traktorja in pove\u010duje splo\u0161no produktivnost.<\/p>\n<p><img loading=\"lazy\" decoding=\"async\" class=\"alignnone size-full wp-image-1334\" src=\"https:\/\/fmp-components.com\/wp-content\/uploads\/2024\/12\/Adjustable-Clevis-Type-Cylinders-4.webp\" alt=\"Nastavljivi cilindri tipa Clevis\" width=\"800\" height=\"800\" title=\"\" srcset=\"https:\/\/fmp-components.com\/wp-content\/uploads\/2024\/12\/Adjustable-Clevis-Type-Cylinders-4.webp 800w, https:\/\/fmp-components.com\/wp-content\/uploads\/2024\/12\/Adjustable-Clevis-Type-Cylinders-4-480x480.webp 480w\" sizes=\"(min-width: 0px) and (max-width: 480px) 480px, (min-width: 481px) 800px, 100vw\" \/><\/p>\n<p>Na splo\u0161no je prilagojen nastavljiv hidravli\u010dni cilinder iz nerjave\u010dega jekla za traktor visokokakovosten in zanesljiv izdelek, zasnovan tako, da ustreza zahtevam sodobnega kmetijskega delovanja. Ne glede na to, ali morate dvigovati te\u017eke tovore, orati polja ali opravljati katero koli drugo delo, povezano s traktorjem, je ta hidravli\u010dni cilinder popolna izbira za vas.<\/p>\n<h2>Prednosti nastavljivih cilindrov tipa Clevis<\/h2>\n<p>Nastavljivi cilindri z vidno glavo, kot je na primer prilagojeni nastavljivi hidravli\u010dni cilinder iz nerjave\u010dega jekla za traktorje, ponujajo ve\u010d prednosti pred tradicionalnimi hidravli\u010dnimi cilindri. V tej objavi na blogu bomo te prednosti podrobneje raziskali.<\/p>\n<h3>1. Izbolj\u0161ana prilagodljivost<\/h3>\n<p>Ena klju\u010dnih prednosti nastavljivih cilindrov z vili\u010dasto glavo je njihova ve\u010dja fleksibilnost. Z mo\u017enostjo prilagajanja polo\u017eaja vili\u010daste glave ti cilindri ponujajo ve\u010djo vsestranskost v razli\u010dnih aplikacijah. Ne glede na to, ali gre za traktorje, kmetijske stroje ali drugo industrijsko opremo, nastavljiva funkcija omogo\u010da natan\u010dno prilagoditev specifi\u010dnim zahtevam.<\/p>\n<p>Z uporabo prilagojenega nastavljivega hidravli\u010dnega cilindra iz nerjave\u010dega jekla za traktorje lahko upravljavci enostavno prilagodijo dol\u017eino in hod cilindra razli\u010dnim nalogam. Ta prilagodljivost izbolj\u0161a splo\u0161no u\u010dinkovitost in produktivnost v razli\u010dnih delovnih okoljih.<\/p>\n<h3>2. Optimalna zmogljivost<\/h3>\n<p>Nastavljivi cilindri z vidno glavo so zasnovani za optimalno delovanje v zahtevnih pogojih. Z robustno konstrukcijo in visokokakovostnimi materiali, kot je nerjave\u010de jeklo, ponujajo izjemno trdnost in vzdr\u017eljivost. To zagotavlja zanesljivo delovanje tudi v zahtevnih okoljih ali pod velikimi obremenitvami.<\/p>\n<p>Poleg tega nastavljiva zasnova omogo\u010da fino nastavitev zmogljivosti cilindra. Upravljavci lahko prilagodijo dejavnike, kot so hitrost, sila in dol\u017eina hoda, da dose\u017eejo \u017eeleni izhod. Ta raven nadzora optimizira celotno delovanje hidravli\u010dnega sistema, kar ima za posledico izbolj\u0161ano produktivnost in u\u010dinkovitost.<\/p>\n<h3>3. Zmanj\u0161an \u010das izpada<\/h3>\n<p>Druga prednost nastavljivih cilindrov z vidno glavo je mo\u017enost zmanj\u0161anja izpadov. Zaradi prilagodljivosti jih je mogo\u010de po potrebi enostavno nastaviti ali zamenjati, kar skraj\u0161a \u010das vzdr\u017eevanja ali popravil.<\/p>\n<p>V primeru prilagojenega nastavljivega hidravli\u010dnega cilindra iz nerjave\u010dega jekla za traktorje njegova zasnova omogo\u010da hitro nastavitev ali zamenjavo kljuke, kar zagotavlja minimalen \u010das izpada. Ta lastnost je \u0161e posebej koristna v panogah, kjer so \u010dasovno ob\u010dutljive operacije klju\u010dnega pomena, kot sta kmetijstvo ali gradbeni\u0161tvo.<\/p>\n<h3>4. Izbolj\u0161ana varnost<\/h3>\n<p>Nastavljivi cilindri z vili\u010dasto glavo dajejo prednost varnosti, saj zagotavljajo natan\u010den nadzor in stabilnost. Mo\u017enost prilagajanja polo\u017eaja vili\u010daste glave zagotavlja pravilno poravnavo in prepre\u010duje nepotrebno obremenitev cilindra in drugih komponent. To zmanj\u0161uje tveganje mehanskih okvar, kar pove\u010duje splo\u0161no varnost za upravljavce in okolico.<\/p>\n<p>Poleg tega uporaba nerjave\u010dega jekla pri izdelavi teh jeklenk zagotavlja odli\u010dno odpornost proti koroziji, kar dodatno izbolj\u0161uje njihovo varnost in dolgo \u017eivljenjsko dobo. Ta odpornost proti koroziji odpravlja skrbi zaradi pu\u0161\u010danja ali okvare sistema zaradi rje ali drugih okoljskih dejavnikov.<\/p>\n<h3>Zaklju\u010dek<\/h3>\n<p>Skratka, nastavljivi cilindri z vili\u010dasto glavo, kot je na primer prilagojeni nastavljivi hidravli\u010dni cilinder iz nerjave\u010dega jekla za traktorje, ponujajo \u0161tevilne prednosti glede prilagodljivosti, zmogljivosti, zmanj\u0161anja izpadov in varnosti. Njihova nastavljiva zasnova omogo\u010da natan\u010dno prilagoditev, optimizacijo zmogljivosti in u\u010dinkovitosti. Z robustno konstrukcijo in odpornostjo proti koroziji ti cilindri zagotavljajo dolgotrajno zanesljivost v razli\u010dnih industrijskih aplikacijah.<\/p>\n<p><img decoding=\"async\" src=\"https:\/\/fmp-components.com\/wp-content\/uploads\/2024\/12\/Adjustable-Clevis-Type-Cylinders5.webp\" alt=\"Nastavljiv valj tipa Clevis\" width=\"800\" title=\"\"><\/p>\n<h2>Uporaba nastavljivih cilindrov tipa Clevis<\/h2>\n<p>Nastavljivi cilindri z vidno glavo so vsestranski hidravli\u010dni cilindri, ki jih je mogo\u010de prilagoditi razli\u010dnim aplikacijam. Sledi nekaj uporab teh cilindrov:<\/p>\n<h3>1. Kmetijska mehanizacija<\/h3>\n<p>Kmetijska mehanizacija zahteva trpe\u017ene in u\u010dinkovite hidravli\u010dne cilindre za pogon razli\u010dne opreme in strojev. Prilagojen nastavljiv hidravli\u010dni cilinder iz nerjave\u010dega jekla za traktorje je odli\u010den primer hidravli\u010dnega cilindra, ki je posebej zasnovan za kmetijsko mehanizacijo. Cilinder je mogo\u010de prilagoditi specifi\u010dnim potrebam razli\u010dnih strojev in opreme, zaradi \u010desar je idealna izbira za kmetijsko uporabo.<\/p>\n<h3>2. Gradbena oprema<\/h3>\n<p>Gradbena oprema, kot so buldo\u017eerji, bagri in \u017eerjavi, za opravljanje razli\u010dnih nalog potrebuje zmogljive in zanesljive hidravli\u010dne cilindre. Nastavljivi cilindri z u\u0161esno glavo se v teh aplikacijah pogosto uporabljajo zaradi njihove enostavne prilagoditve razli\u010dnim hidravli\u010dnim sistemom. Cilindri lahko prenesejo velike obremenitve in ekstremne delovne pogoje, zaradi \u010desar so priljubljena izbira za gradbeno opremo.<\/p>\n<h3>3. Avtomobilska industrija<\/h3>\n<p>Nastavljivi cilindri z vidno glavo se pogosto uporabljajo v avtomobilski industriji za razli\u010dne aplikacije, kot so krmilni, zavorni in vzmetni sistemi. Cilindre je mogo\u010de prilagoditi razli\u010dnim modelom in specifikacijam vozil, zaradi \u010desar so idealna izbira za avtomobilsko industrijo.<\/p>\n<h3>4. Pomorska industrija<\/h3>\n<p>Pomorska industrija zahteva hidravli\u010dne cilindre, ki so trpe\u017eni in prenesejo zahtevna morska okolja. Nastavljivi cilindri z vili\u010dasto glavo se pogosto uporabljajo v pomorstvu zaradi svojih lastnosti odpornosti proti koroziji in sposobnosti, da prenesejo ekstremne spremembe tlaka in temperature.<\/p>\n<h3>5. Letalska in vesoljska industrija<\/h3>\n<p>Letalska in vesoljska industrija zahteva hidravli\u010dne cilindre, ki so lahki, vzdr\u017eljivi in \u200b\u200bprenesejo ekstremne delovne pogoje. Nastavljivi cilindri z vili\u010dasto glavo se pogosto uporabljajo v letalski in vesoljski industriji zaradi mo\u017enosti prilagoditve specifi\u010dnim zahtevam in visokega razmerja med trdnostjo in te\u017eo.<\/p>\n<p>Skratka, nastavljivi cilindri z vidno glavo so vsestranski hidravli\u010dni cilindri, ki jih je mogo\u010de prilagoditi razli\u010dnim aplikacijam v razli\u010dnih panogah. Prilagojeni nastavljivi hidravli\u010dni cilinder iz nerjave\u010dega jekla za traktor je odli\u010den primer hidravli\u010dnega cilindra, ki ga je mogo\u010de prilagoditi kmetijski mehanizaciji. Ti cilindri so trpe\u017eni, zanesljivi in \u200b\u200blahko prenesejo ekstremne delovne pogoje, zaradi \u010desar so idealna izbira za razli\u010dne aplikacije.<img decoding=\"async\" src=\"https:\/\/fmp-components.com\/wp-content\/uploads\/2024\/12\/Application-of-Adjustable-Clevis-Type-Cylinders.webp\" alt=\"Nastavljiv valj tipa Clevis\" width=\"800\" title=\"\"><\/p>\n<h3>O FMP-ju<\/h3>\n<p>FMP je vodilno podjetje, specializirano za proizvodnjo in prodajo hidravli\u010dnih cilindrov. Z dolgoletnimi izku\u0161njami v panogi in profesionalno ekipo smo predani zagotavljanju visokokakovostnih in zanesljivih hidravli\u010dnih cilindrov ter celovitih strojnih re\u0161itev za stranke.<\/p>\n<p><img decoding=\"async\" src=\"https:\/\/fmp-components.com\/wp-content\/uploads\/2024\/12\/Adjustable-Clevis-Type-Cylinders-6.webp\" alt=\"Nastavljiv valj tipa Clevis\" width=\"837\" title=\"\"><\/p>\n<p>Tukaj je pet klju\u010dnih prednosti na\u0161ih izdelkov in podjetja:<\/p>\n<ol>\n<li>\u0160iroka paleta mo\u017enosti: Ponujamo \u0161iroko paleto hidravli\u010dnih cilindrov, primernih za razli\u010dne aplikacije v industriji gradbenih strojev. Od nastavljivih cilindrov z vili\u010dasto glavo do drugih specializiranih tipov imamo popolno re\u0161itev za va\u0161e specifi\u010dne zahteve.<\/li>\n<li>Vrhunska kakovost: Pri FMP dajemo prednost kakovosti in zagotavljamo, da vsi na\u0161i hidravli\u010dni cilindri izpolnjujejo stroge standarde kakovosti. Na\u0161i izdelki so izdelani iz vrhunskih materialov in so podvr\u017eeni strogim testiranjem, ki zagotavljajo njihovo vzdr\u017eljivost in zmogljivost.<\/li>\n<li>Strokovna prodajna ekipa: Na\u0161a izku\u0161ena prodajna ekipa ima poglobljeno znanje o industriji gradbenih strojev, sledi najnovej\u0161im trendom in razume potrebe strank. Pripravljeni so vam nuditi strokovno svetovanje o izdelkih in ponuditi pametne predloge za nakup, ki vam bodo pomagali pri sprejemanju premi\u0161ljenih odlo\u010ditev.<\/li>\n<li>U\u010dinkovita logistika: Razumemo pomen pravo\u010dasne dostave, zato smo vzpostavili u\u010dinkovit logisti\u010dni distribucijski sistem. To zagotavlja, da stranke prejmejo potrebne hidravli\u010dne cilindre pravo\u010dasno in natan\u010dno, s \u010dimer se zmanj\u0161ajo morebitne zamude ali motnje.<\/li>\n<li>Mo\u010dni odnosi z dobavitelji: Z dolgoro\u010dnimi in stabilnimi partnerskimi odnosi z visokokakovostnimi dobavitelji, tako doma kot v tujini, lahko dobavljamo najbolj\u0161e komponente in materiale za na\u0161e hidravli\u010dne cilindre. To nam omogo\u010da, da ohranjamo dosledno kakovost in zmogljivost v celotni na\u0161i ponudbi izdelkov.<\/li>\n<\/ol>\n<p>Izberite FMP za va\u0161e potrebe po hidravli\u010dnih cilindrih in izkusite zanesljivost in odli\u010dnost, ki jo zagotavljamo. Za razpravo o va\u0161ih zahtevah in za\u010detek uspe\u0161nega partnerstva nas kontaktirajte \u0161e danes.<\/p>\n<h2>Pogosta vpra\u0161anja<\/h2>\n<p><b>V: Kak\u0161en je dobavni rok za prilagojen nastavljiv hidravli\u010dni cilinder iz nerjave\u010dega jekla?<\/b><br \/>\nA: Splo\u0161ni dobavni rok je 25-35 dni.<\/p>\n<p><b>V: Ali so na voljo vzorci hidravli\u010dnega cilindra?<\/b><br \/>\nO: Da, nudimo vzorce, vendar niso brezpla\u010dni.<\/p>\n<p><b>V: Ali je mogo\u010de hidravli\u010dne cilindre prilagoditi glede na vzorce ali tehni\u010dne risbe?<\/b><br \/>\nA: Da, cilindre lahko izdelamo po va\u0161ih vzorcih ali tehni\u010dnih risbah. Izdelamo lahko tudi kalupe in vpenjala.<\/p>\n<p><img decoding=\"async\" src=\"https:\/\/img.jiansujichilun.com\/img\/hydrauliccylinders\/C_hydrauliccylinders-5.webp\" alt=\"hidravli\u010dni cilinder\" width=\"800\" title=\"\"><\/p>\n<p>Avtor: CX<\/p>","protected":false},"excerpt":{"rendered":"<p>Introducing Customized Adjustable Stainless Steel Hydraulic Cylinder For Tractor Customized Adjustable Stainless Steel Hydraulic Cylinder For Tractor is a top-of-the-line product that is designed to meet the specific needs of tractor operators. This hydraulic cylinder has been engineered to provide unparalleled performance and efficiency, making it an indispensable component of any tractor. One of the [&hellip;]<\/p>","protected":false},"featured_media":1338,"comment_status":"closed","ping_status":"closed","template":"","meta":{"_et_pb_use_builder":"","_et_pb_old_content":"","_et_gb_content_width":""},"product_brand":[],"product_cat":[39],"product_tag":[41,34],"class_list":{"0":"post-1375","1":"product","2":"type-product","3":"status-publish","4":"has-post-thumbnail","6":"product_cat-adjustable-clevis-type-cylinders","7":"product_tag-adjustable-clevis-type-cylinders","8":"product_tag-hydraulic-cylinder","10":"first","11":"instock","12":"product-type-simple"},"_links":{"self":[{"href":"https:\/\/fmp-components.com\/sl\/wp-json\/wp\/v2\/product\/1375","targetHints":{"allow":["GET"]}}],"collection":[{"href":"https:\/\/fmp-components.com\/sl\/wp-json\/wp\/v2\/product"}],"about":[{"href":"https:\/\/fmp-components.com\/sl\/wp-json\/wp\/v2\/types\/product"}],"replies":[{"embeddable":true,"href":"https:\/\/fmp-components.com\/sl\/wp-json\/wp\/v2\/comments?post=1375"}],"wp:featuredmedia":[{"embeddable":true,"href":"https:\/\/fmp-components.com\/sl\/wp-json\/wp\/v2\/media\/1338"}],"wp:attachment":[{"href":"https:\/\/fmp-components.com\/sl\/wp-json\/wp\/v2\/media?parent=1375"}],"wp:term":[{"taxonomy":"product_brand","embeddable":true,"href":"https:\/\/fmp-components.com\/sl\/wp-json\/wp\/v2\/product_brand?post=1375"},{"taxonomy":"product_cat","embeddable":true,"href":"https:\/\/fmp-components.com\/sl\/wp-json\/wp\/v2\/product_cat?post=1375"},{"taxonomy":"product_tag","embeddable":true,"href":"https:\/\/fmp-components.com\/sl\/wp-json\/wp\/v2\/product_tag?post=1375"}],"curies":[{"name":"delovni list","href":"https:\/\/api.w.org\/{rel}","templated":true}]}}