{"id":1371,"date":"2024-12-23T02:18:57","date_gmt":"2024-12-23T02:18:57","guid":{"rendered":"https:\/\/fmp-components.com\/product\/cheap-small-double-acting-welded-trailer-hydraulic-cylinder\/"},"modified":"2024-12-23T03:24:49","modified_gmt":"2024-12-23T03:24:49","slug":"cheap-small-double-acting-welded-trailer-hydraulic-cylinder","status":"publish","type":"product","link":"https:\/\/fmp-components.com\/sl\/product\/cheap-small-double-acting-welded-trailer-hydraulic-cylinder\/","title":{"rendered":"Poceni majhen dvostranski varjeni hidravli\u010dni cilinder za prikolice"},"content":{"rendered":"<p>Poceni majhen dvostransko delujo\u010di varjeni hidravli\u010dni cilinder za prikolice je zmogljiv in zanesljiv kos stroja, ki je bistvenega pomena za vsako industrijsko ali kmetijsko dejavnost. Ta hidravli\u010dni cilinder je zasnovan tako, da zagotavlja dvostransko delujo\u010do silo, kar zagotavlja maksimalno u\u010dinkovitost pri vsaki uporabi.<\/p>\n<p>Ena klju\u010dnih zna\u010dilnosti tega hidravli\u010dnega cilindra je njegova varjena zasnova, ki zagotavlja vrhunsko vzdr\u017eljivost in dolgoro\u010dno delovanje. Ta zasnova zagotavlja, da je valj sposoben prenesti najte\u017eje pogoje, vklju\u010dno z intenzivno uporabo in izpostavljenostjo vremenskim vplivom.<\/p>\n<p>Poleg robustne zasnove je poceni majhen dvostranski varjeni hidravli\u010dni cilinder za prikolice tudi neverjetno enostaven za namestitev in vzdr\u017eevanje. Zaradi tega je idealna izbira za vse, ki potrebujejo zanesljiv in u\u010dinkovit hidravli\u010dni cilinder, ki ga je mogo\u010de hitro in enostavno integrirati v njihovo obstoje\u010do opremo.<\/p>\n<p><img loading=\"lazy\" decoding=\"async\" class=\"alignnone size-full wp-image-1334\" src=\"https:\/\/fmp-components.com\/wp-content\/uploads\/2024\/12\/Adjustable-Clevis-Type-Cylinders-4.webp\" alt=\"Nastavljivi cilindri tipa Clevis\" width=\"800\" height=\"800\" title=\"\" srcset=\"https:\/\/fmp-components.com\/wp-content\/uploads\/2024\/12\/Adjustable-Clevis-Type-Cylinders-4.webp 800w, https:\/\/fmp-components.com\/wp-content\/uploads\/2024\/12\/Adjustable-Clevis-Type-Cylinders-4-480x480.webp 480w\" sizes=\"(min-width: 0px) and (max-width: 480px) 480px, (min-width: 481px) 800px, 100vw\" \/><\/p>\n<p>Na splo\u0161no je poceni majhen dvostranski varjeni hidravli\u010dni cilinder za prikolice odli\u010dna izbira za vse, ki potrebujejo visokokakovosten hidravli\u010dni cilinder, ki zagotavlja dosledno delovanje in zanesljivo delovanje. Ne glede na to, ali delate v gradbeni\u0161tvu, kmetijstvu ali kateri koli drugi panogi, ki se zana\u0161a na hidravli\u010dne sisteme, bo ta cilinder zagotovo izpolnil va\u0161e potrebe in presegel va\u0161a pri\u010dakovanja.<\/p>\n<h2>Prednosti nastavljivih cilindrov tipa Clevis<\/h2>\n<p>Nastavljivi cilindri z vidno glavo so vsestranska hidravli\u010dna komponenta, ki ponuja \u0161tevilne prednosti v razli\u010dnih aplikacijah. Ti cilindri so zasnovani z edinstvenim nastavljivim pritrdilnim sistemom, ki zagotavlja prilagodljivost in udobje v razli\u010dnih delovnih pogojih. V tem \u010dlanku bomo podrobno raziskali prednosti nastavljivih cilindrov z vidno glavo in poudarili njihove klju\u010dne lastnosti in prednosti.<\/p>\n<h3>Izbolj\u0161ana prilagodljivost<\/h3>\n<p>Ena glavnih prednosti nastavljivih cilindrov z vidno glavo je njihova izbolj\u0161ana prilagodljivost. Pritrditev z vidno glavo omogo\u010da enostavno in natan\u010dno pozicioniranje cilindra, zaradi \u010desar je primeren za aplikacije, kjer je natan\u010dna poravnava klju\u010dnega pomena. Ta lastnost zagotavlja optimalno delovanje in zmanj\u0161uje tveganje za napa\u010dno poravnavo ali nepravilno namestitev.<\/p>\n<p>Poleg tega nastavljivi cilindri z vili\u010dasto glavo ponujajo razli\u010dne mo\u017enosti monta\u017ee, kar zagotavlja prilagodljivost pri izpolnjevanju razli\u010dnih zahtev glede monta\u017ee. Ne glede na to, ali gre za vodoravno, navpi\u010dno ali pod kotom, je te cilindre mogo\u010de enostavno prilagoditi \u017eelenemu polo\u017eaju monta\u017ee.<\/p>\n<h3>Optimizirana zmogljivost<\/h3>\n<p>Nastavljivi cilindri z vidno glavo so zasnovani za optimalno delovanje hidravli\u010dnih sistemov. Cilindri so izdelani iz visokokakovostnih materialov in z uporabo naprednih in\u017eenirskih tehnik, kar zagotavlja vzdr\u017eljivost in zanesljivost v zahtevnih aplikacijah.<\/p>\n<p>Zaradi svoje robustne konstrukcije lahko ti cilindri prenesejo visoke tlake in velike obremenitve, kar zagotavlja vrhunsko zmogljivost in dolgo \u017eivljenjsko dobo. Zasnovani so tudi tako, da zmanj\u0161ujejo notranje pu\u0161\u010danje in zagotavljajo natan\u010den nadzor hidravli\u010dnih sil, kar ima za posledico nemoteno in u\u010dinkovito delovanje.<\/p>\n<h3>\u0160irok spekter uporabe<\/h3>\n<p>Zaradi svoje vsestranskosti se nastavljivi cilindri z vili\u010dasto glavo uporabljajo v razli\u010dnih panogah in sektorjih. Pogosto se uporabljajo v kmetijski mehanizaciji, gradbeni opremi, sistemih za ravnanje z materiali in industrijski avtomatizaciji.<\/p>\n<p>Ti cilindri so \u0161e posebej primerni za aplikacije, ki zahtevajo natan\u010den nadzor in nastavitev, kot so sistemi za pozicioniranje, dvi\u017eni mehanizmi in stabilizacija bremena. Zaradi svoje prilagodljivosti in nastavljivosti so priljubljena izbira mnogih oblikovalcev in in\u017eenirjev hidravli\u010dnih sistemov.<\/p>\n<h3>Stro\u0161kovno u\u010dinkovita re\u0161itev<\/h3>\n<p>Druga prednost nastavljivih cilindrov z vidno glavo je njihova stro\u0161kovna u\u010dinkovitost. V primerjavi z drugimi vrstami cilindrov ti cilindri ponujajo cenovno ugodnej\u0161o re\u0161itev brez kompromisov glede zmogljivosti ali kakovosti.<\/p>\n<p>Njihova nastavljiva zasnova odpravlja potrebo po dodatnih monta\u017enih nosilcih ali prilagoditvah po meri, kar skraj\u0161a \u010das in stro\u0161ke namestitve. Poleg tega vzdr\u017eljivost in zanesljivost teh valjev zmanj\u0161ujeta stro\u0161ke vzdr\u017eevanja in zamenjave, zaradi \u010desar so dolgoro\u010dno stro\u0161kovno u\u010dinkovita izbira.<\/p>\n<p>Nastavljivi cilindri z vili\u010dasto glavo zagotavljajo \u0161tevilne prednosti v hidravli\u010dnih sistemih. Z izbolj\u0161ano prilagodljivostjo, optimizirano zmogljivostjo, \u0161irokim naborom aplikacij in stro\u0161kovno u\u010dinkovitostjo ponujajo zanesljivo in u\u010dinkovito re\u0161itev za razli\u010dne panoge. Ne glede na to, ali gre za natan\u010dno pozicioniranje, stabilizacijo obremenitve ali vsestransko namestitev, nastavljivi cilindri z vili\u010dasto glavo odli\u010dno izpolnjujejo zahteve sodobnih hidravli\u010dnih sistemov.<\/p>\n<p><img decoding=\"async\" src=\"https:\/\/fmp-components.com\/wp-content\/uploads\/2024\/12\/Adjustable-Clevis-Type-Cylinders5.webp\" alt=\"Nastavljiv valj tipa Clevis\" width=\"800\" title=\"\"><\/p>\n<h2>Uporaba nastavljivih cilindrov tipa Clevis<\/h2>\n<p>Nastavljivi cilindri z vidno glavo so hidravli\u010dni cilindri z vidno glavo, ki jih je mogo\u010de prilagoditi razli\u010dnim polo\u017eajem vgradnje. Ti cilindri se pogosto uporabljajo v razli\u010dnih industrijskih aplikacijah, kjer je potrebno natan\u010dno in zanesljivo linearno gibanje. Spodaj je navedenih nekaj pogostih uporab nastavljivih cilindrov z vidno glavo:<\/p>\n<ol>\n<li><strong>Gradbena oprema:<\/strong> Nastavljivi cilindri z vidno glavo se pogosto uporabljajo v gradbeni opremi, kot so bagri, buldo\u017eerji, nakladalci in bagri. Ti cilindri zagotavljajo potrebno silo za enostavno dvigovanje in premikanje te\u017ekih bremen. Njihovi nastavljivi konci z vidno glavo omogo\u010dajo enostavno namestitev in poravnavo, zaradi \u010desar so priljubljena izbira med proizvajalci gradbene opreme. V gradbeni opremi je poceni majhen dvostranski varjeni hidravli\u010dni cilinder za prikolice priljubljena mo\u017enost zaradi svoje stro\u0161kovne u\u010dinkovitosti in zanesljivosti. Ti cilindri so zasnovani tako, da prenesejo te\u017eke delovne pogoje in zagotavljajo dosledno delovanje.<\/li>\n<li><strong>Kmetijska mehanizacija:<\/strong> Druga pogosta uporaba nastavljivih cilindrov z vidno glavo je v kmetijski mehanizaciji, kot so traktorji, kombajni in \u0161kropilnice. Ti cilindri se uporabljajo za nadzor gibanja razli\u010dnih orodij, kot so plugi, kultivatorji in sejalnice. Nastavljivi konci z vidno glavo omogo\u010dajo enostavno pritrditev in nastavitev teh orodij, zaradi \u010desar so idealni za uporabo v razli\u010dnih kmetijskih dejavnostih. Poceni majhen dvostranski varjeni hidravli\u010dni cilinder za prikolice se zaradi svoje vzdr\u017eljivosti in nizkih zahtev glede vzdr\u017eevanja pogosto uporablja tudi v kmetijski mehanizaciji. Ti cilindri so odporni na umazanijo, prah in druge okoljske dejavnike, ki se pogosto pojavljajo v kmetijskih dejavnostih.<\/li>\n<li><strong>Ravnanje z materiali:<\/strong> Nastavljivi cilindri tipa Clevis se uporabljajo tudi v aplikacijah za ravnanje z materiali, kot so transportni sistemi, dvi\u017ena oprema in avtomatizacija skladi\u0161\u010d. Ti cilindri zagotavljajo potrebno silo za premikanje te\u017ekih bremen, prilagajanje vi\u0161ine transportnih trakov in nadzor gibanja razli\u010dnih dvi\u017enih naprav. Poceni majhen dvostranski varjeni hidravli\u010dni cilinder za prikolice je zaradi svoje kompaktne velikosti in visoke zmogljivosti priljubljena mo\u017enost pri aplikacijah za ravnanje z materiali. Te cilindre je mogo\u010de enostavno integrirati v obstoje\u010de sisteme in zagotavljajo gladko in natan\u010dno linearno gibanje.<\/li>\n<li><strong>Industrijski stroji:<\/strong> Nastavljivi cilindri tipa Clevis se uporabljajo tudi v razli\u010dnih industrijskih strojih, kot so stiskalnice, stroji za \u0161tancanje in stroji za brizganje plastike. Ti cilindri zagotavljajo potrebno silo za nadzor gibanja razli\u010dnih komponent in zagotavljajo natan\u010dno in zanesljivo delovanje. Poceni majhen dvostranski varjeni hidravli\u010dni cilinder za prikolice je zaradi svoje visoke sile in hitrega odzivnega \u010dasa priljubljena izbira v industrijskih strojih. Te cilindre je mogo\u010de prilagoditi specifi\u010dnim zahtevam uporabe in zagotavljati dosledno delovanje tudi pri visokih obremenitvah in tlakih.<\/li>\n<\/ol>\n<p>Skratka, nastavljivi cilindri z vidno glavo so vsestranski hidravli\u010dni cilindri, ki se uporabljajo v razli\u010dnih panogah. Njihovi nastavljivi konci z vidno glavo, kompaktna velikost in visoka zmogljivost jih naredijo priljubljeno izbiro tako med proizvajalci opreme kot kon\u010dnimi uporabniki. Z razpolo\u017eljivostjo poceni majhnih dvostransko delujo\u010dih varjenih hidravli\u010dnih cilindrov za prikolice je zdaj mogo\u010de dose\u010di zanesljivo in natan\u010dno linearno gibanje na cenovno dostopen na\u010din.<img decoding=\"async\" src=\"https:\/\/fmp-components.com\/wp-content\/uploads\/2024\/12\/Application-of-Adjustable-Clevis-Type-Cylinders.webp\" alt=\"Nastavljiv valj tipa Clevis\" width=\"800\" title=\"\"><\/p>\n<h3>O podjetju FMP \u2013 profesionalnem proizvajalcu in prodajalcu hidravli\u010dnih cilindrov<\/h3>\n<p>I\u0161\u010dete zanesljiv in visokokakovosten hidravli\u010dni valj za svojo gradbeno mehanizacijo? FMP je prava izbira za vas! Kot profesionalni proizvajalec in prodajalec delov in celotnih strojev za gradbeno mehanizacijo ponujamo \u0161iroko paleto hidravli\u010dnih valjev, zasnovanih za potrebe razli\u010dnih aplikacij.<\/p>\n<p>Tukaj je nekaj razlogov, zakaj bi morali izbrati hidravli\u010dne cilindre FMP:<\/p>\n<p>1. Visokokakovostni materiali \u2013 Na\u0161i hidravli\u010dni cilindri so izdelani iz vrhunskih materialov, kar zagotavlja vzdr\u017eljivost, zanesljivost in dolgo \u017eivljenjsko dobo. Materiale dobavljamo od visokokakovostnih dobaviteljev doma in v tujini ter jih podvr\u017eemo strogim standardom nadzora kakovosti.<\/p>\n<p>2. Prilagodljive zasnove \u2013 Ponujamo \u0161iroko paleto zasnov hidravli\u010dnih cilindrov in jih lahko prilagodimo tudi potrebam in specifikacijam strank. Ne glede na to, ali potrebujete standardni cilinder ali re\u0161itev po meri, vam lahko pomagamo najti pravi izdelek.<\/p>\n<p>3. \u0160irok spekter uporabe \u2013 Na\u0161i hidravli\u010dni cilindri so primerni za razli\u010dne gradbene stroje, vklju\u010dno s kmetijskimi stroji, industrijsko opremo in drugo. Od cilindrov sejalnic do cilindrov bagrov imamo pravi izdelek za va\u0161e potrebe.<\/p>\n<p>4. Strokovno svetovanje \u2013 Na\u0161a izku\u0161ena prodajna ekipa je vedno na voljo za strokovno svetovanje o izdelkih in pametne predloge za nakup. Sproti spremljamo najnovej\u0161e trende in potrebe strank v industriji gradbenih strojev, da bi na\u0161im strankam zagotovili najbolj\u0161o storitev.<\/p>\n<p>5. U\u010dinkovita logistika \u2013 Imamo u\u010dinkovit logisti\u010dni distribucijski sistem, ki zagotavlja, da stranke pravo\u010dasno in natan\u010dno prejmejo potrebne dele. Razumemo pomen zmanj\u0161anja izpadov in nemotenega delovanja va\u0161ih strojev.<\/p>\n<p>S hidravli\u010dnimi cilindri FMP ste lahko prepri\u010dani v kakovost in zanesljivost svoje gradbene mehanizacije. Za ve\u010d informacij o na\u0161ih izdelkih in o tem, kako vam lahko pomagamo najti pravo re\u0161itev za va\u0161e potrebe, nas kontaktirajte \u0161e danes.<\/p>\n<p><img decoding=\"async\" src=\"https:\/\/fmp-components.com\/wp-content\/uploads\/2024\/12\/Adjustable-Clevis-Type-Cylinders-6.webp\" alt=\"Nastavljiv valj tipa Clevis\" width=\"833\" title=\"\"><\/p>\n<h4>Pogosta vpra\u0161anja<\/h4>\n<p><b>V:<\/b> Kak\u0161no najve\u010djo vle\u010dno silo lahko prenese ta hidravli\u010dni cilinder?<br \/>\n<b>O:<\/b> Ta hidravli\u010dni cilinder lahko prenese najve\u010djo vle\u010dno silo 20 ton.<br \/>\n<b>V:<\/b> Kak\u0161en je razpon velikosti izvrtine tega hidravli\u010dnega cilindra?<br \/>\n<b>O:<\/b> Velikost izvrtine tega hidravli\u010dnega cilindra se giblje od 2 do 6 palcev.<br \/>\n<b>V:<\/b> Ali je ta hidravli\u010dni cilinder primeren za te\u017eke industrijske aplikacije?<br \/>\n<b>O:<\/b> Da, s potiskom 3000 in najve\u010djo vle\u010dno silo 20 ton je ta hidravli\u010dni cilinder idealen za te\u017eke industrijske aplikacije.<\/p>\n<p><img decoding=\"async\" src=\"https:\/\/img.jiansujichilun.com\/img\/hydrauliccylinders\/C_hydrauliccylinders-5.webp\" alt=\"hidravli\u010dni cilinder\" width=\"800\" title=\"\"><\/p>\n<p>Avtor: CX<\/p>","protected":false},"excerpt":{"rendered":"<p>The Cheap Small Double Acting Welded Trailer Hydraulic Cylinder is a powerful and reliable piece of machinery that is essential for any industrial or agricultural operation. This hydraulic cylinder is designed to provide double-acting force, ensuring maximum efficiency in every application. One of the key features of this hydraulic cylinder is its welded design, which [&hellip;]<\/p>","protected":false},"featured_media":1336,"comment_status":"closed","ping_status":"closed","template":"","meta":{"_et_pb_use_builder":"","_et_pb_old_content":"","_et_gb_content_width":""},"product_brand":[],"product_cat":[39],"product_tag":[41,34],"class_list":{"0":"post-1371","1":"product","2":"type-product","3":"status-publish","4":"has-post-thumbnail","6":"product_cat-adjustable-clevis-type-cylinders","7":"product_tag-adjustable-clevis-type-cylinders","8":"product_tag-hydraulic-cylinder","10":"first","11":"instock","12":"product-type-simple"},"_links":{"self":[{"href":"https:\/\/fmp-components.com\/sl\/wp-json\/wp\/v2\/product\/1371","targetHints":{"allow":["GET"]}}],"collection":[{"href":"https:\/\/fmp-components.com\/sl\/wp-json\/wp\/v2\/product"}],"about":[{"href":"https:\/\/fmp-components.com\/sl\/wp-json\/wp\/v2\/types\/product"}],"replies":[{"embeddable":true,"href":"https:\/\/fmp-components.com\/sl\/wp-json\/wp\/v2\/comments?post=1371"}],"wp:featuredmedia":[{"embeddable":true,"href":"https:\/\/fmp-components.com\/sl\/wp-json\/wp\/v2\/media\/1336"}],"wp:attachment":[{"href":"https:\/\/fmp-components.com\/sl\/wp-json\/wp\/v2\/media?parent=1371"}],"wp:term":[{"taxonomy":"product_brand","embeddable":true,"href":"https:\/\/fmp-components.com\/sl\/wp-json\/wp\/v2\/product_brand?post=1371"},{"taxonomy":"product_cat","embeddable":true,"href":"https:\/\/fmp-components.com\/sl\/wp-json\/wp\/v2\/product_cat?post=1371"},{"taxonomy":"product_tag","embeddable":true,"href":"https:\/\/fmp-components.com\/sl\/wp-json\/wp\/v2\/product_tag?post=1371"}],"curies":[{"name":"delovni list","href":"https:\/\/api.w.org\/{rel}","templated":true}]}}