{"id":1359,"date":"2024-12-23T02:18:57","date_gmt":"2024-12-23T02:18:57","guid":{"rendered":"https:\/\/fmp-components.com\/product\/wholesale-customized-double-acting-welded-hydraulic-cylinder-for-tractor\/"},"modified":"2025-03-18T00:55:35","modified_gmt":"2025-03-18T00:55:35","slug":"wholesale-customized-double-acting-welded-hydraulic-cylinder-for-tractor","status":"publish","type":"product","link":"https:\/\/fmp-components.com\/sl\/product\/wholesale-customized-double-acting-welded-hydraulic-cylinder-for-tractor\/","title":{"rendered":"Veleprodajni prilagojeni dvostranski varjeni hidravli\u010dni cilinder za traktor"},"content":{"rendered":"<p>Dvosmerno delujo\u010di varjeni hidravli\u010dni cilinder za traktor na debelo po meri je visokokakovosten izdelek, zasnovan za specifi\u010dne potrebe traktorjev. Ta hidravli\u010dni cilinder je izdelan z mislijo na natan\u010dnost in vzdr\u017eljivost, kar zagotavlja njegovo zanesljivo delovanje tudi v zahtevnih pogojih.<\/p>\n<p>Ena klju\u010dnih zna\u010dilnosti tega hidravli\u010dnega cilindra je njegova dvojno delovanje. To pomeni, da lahko ustvarja silo v obe smeri, kar omogo\u010da u\u010dinkovito in vsestransko delovanje. Ne glede na to, ali gre za dvigovanje te\u017ekih bremen ali opravljanje razli\u010dnih nalog na terenu, je ta hidravli\u010dni cilinder zasnovan za optimalno delovanje.<\/p>\n<p>Varjena konstrukcija tega hidravli\u010dnega cilindra zagotavlja njegovo trdnost in dolgo \u017eivljenjsko dobo. Zasnovan je tako, da prenese velike obremenitve in ekstremne pritiske, zaradi \u010desar je primeren za uporabo v zahtevnih kmetijskih okoljih. Trdna konstrukcija pomaga tudi zmanj\u0161ati tveganje pu\u0161\u010danja, kar zagotavlja nemoteno in u\u010dinkovito delovanje hidravli\u010dnega cilindra.<\/p>\n<p>S svojo prilagojeno zasnovo je mogo\u010de ta hidravli\u010dni cilinder prilagoditi specifi\u010dnim zahtevam razli\u010dnih modelov traktorjev. To zagotavlja popolno prileganje in optimalno delovanje, kar ima za posledico izbolj\u0161ano produktivnost in u\u010dinkovitost.<\/p>\n<p><img loading=\"lazy\" decoding=\"async\" class=\"alignnone size-full wp-image-1334\" src=\"https:\/\/fmp-components.com\/wp-content\/uploads\/2024\/12\/Adjustable-Clevis-Type-Cylinders-4.webp\" alt=\"Nastavljivi cilindri tipa Clevis\" width=\"800\" height=\"800\" title=\"\" srcset=\"https:\/\/fmp-components.com\/wp-content\/uploads\/2024\/12\/Adjustable-Clevis-Type-Cylinders-4.webp 800w, https:\/\/fmp-components.com\/wp-content\/uploads\/2024\/12\/Adjustable-Clevis-Type-Cylinders-4-480x480.webp 480w\" sizes=\"(min-width: 0px) and (max-width: 480px) 480px, (min-width: 481px) 800px, 100vw\" \/><\/p>\n<table style=\"width: 100%;\" border=\"1\" width=\"100%\" cellspacing=\"0\" cellpadding=\"0\">\n<tbody>\n<tr>\n<th>Ime izdelka<\/th>\n<td>Veleprodajni prilagojeni dvostransko delujo\u010di varjeni hidravli\u010dni cilinder za traktor<\/td>\n<\/tr>\n<tr>\n<th>Stanje<\/th>\n<td>\u010cisto novo<\/td>\n<\/tr>\n<tr>\n<th>Garancija<\/th>\n<td>1 leto<\/td>\n<\/tr>\n<tr>\n<th>Uporabne panoge<\/th>\n<td>Strojne delavnice, Kmetije, Energetika in rudarstvo, Proizvodnja strojev, Tovarna strojev<\/td>\n<\/tr>\n<tr>\n<th>Te\u017ea (kg)<\/th>\n<td>85<\/td>\n<\/tr>\n<tr>\n<th>Material ohi\u0161ja<\/th>\n<td>Visokokakovostno jeklo<\/td>\n<\/tr>\n<tr>\n<th>Najve\u010dji potisk<\/th>\n<td>3000<\/td>\n<\/tr>\n<tr>\n<th>Vrsta<\/th>\n<td>Standardni batni valj<\/td>\n<\/tr>\n<tr>\n<th>Mo\u010d<\/th>\n<td>Hidravli\u010dni<\/td>\n<\/tr>\n<tr>\n<th>Nastavljiv tip<\/th>\n<td>Vrsta Clevis<\/td>\n<\/tr>\n<tr>\n<th>Pristani\u0161\u010da<\/th>\n<td>G\/SAE\/NPT\/M<\/td>\n<\/tr>\n<tr>\n<th>Najve\u010dja vle\u010dna zmogljivost<\/th>\n<td>20 ton<\/td>\n<\/tr>\n<tr>\n<th>Certificiranje<\/th>\n<td>ISO9001:2000<\/td>\n<\/tr>\n<tr>\n<th>Velikost izvrtine<\/th>\n<td>2 \u2013 6 palcev<\/td>\n<\/tr>\n<tr>\n<th>Velikost palice<\/th>\n<td>1,125 \u2013 4 palce<\/td>\n<\/tr>\n<tr>\n<th>Velikost poteze<\/th>\n<td>4 \u2013 100 palcev<\/td>\n<\/tr>\n<tr>\n<th>Velikost zati\u010da<\/th>\n<td>0,5 \u2013 2 palca<\/td>\n<\/tr>\n<tr>\n<th>Barva<\/th>\n<td>\u010crna<\/td>\n<\/tr>\n<tr>\n<th>Podrobnosti o embala\u017ei<\/th>\n<td>\u017delezno ohi\u0161je, ohi\u0161je iz vezanega lesa ali kartonska \u0161katla<\/td>\n<\/tr>\n<tr>\n<th><\/th>\n<td><\/td>\n<\/tr>\n<\/tbody>\n<\/table>\n<h2>Prednosti nastavljivih cilindrov tipa Clevis<\/h2>\n<p>Nastavljivi cilindri z vidno glavo, kot je na primer dvodelni varjeni hidravli\u010dni cilinder za traktorje na debelo, ponujajo \u0161tevilne prednosti v razli\u010dnih aplikacijah. Ti cilindri so zasnovani z vpetjem z vidno glavo, kar omogo\u010da enostavno nastavitev in prilagajanje. Spodaj so navedene klju\u010dne prednosti uporabe nastavljivih cilindrov z vidno glavo:<\/p>\n<p>1. Izbolj\u0161ana prilagodljivost: Nastavljiva vidna glava teh cilindrov omogo\u010da enostavno prilagajanje in prilagodljivost razli\u010dnim polo\u017eajem in kotom vgradnje. Ta prilagodljivost zagotavlja optimalno delovanje in u\u010dinkovitost pri razli\u010dnih aplikacijah, vklju\u010dno s kmetijsko mehanizacijo, kot so traktorji. Mo\u017enost natan\u010dnih nastavitev omogo\u010da natan\u010den nadzor in delovanje.<\/p>\n<p>2. Pove\u010dana vzdr\u017eljivost: Dvosmerno delujo\u010di varjeni hidravli\u010dni cilinder za traktorje, izdelan na debelo po meri, je zasnovan za izjemno vzdr\u017eljivost in dolgo \u017eivljenjsko dobo. Ti cilindri so izdelani iz visokokakovostnih materialov in so podvr\u017eeni strogim testiranjem, da se zagotovi, da prenesejo zahtevne pogoje. Varjena zasnova pove\u010duje trdnost in odpornost na velike obremenitve, vibracije in okoljske dejavnike, kar maksimizira njihovo \u017eivljenjsko dobo.<\/p>\n<p>3. Izbolj\u0161ana u\u010dinkovitost: Z uporabo nastavljivih cilindrov z vidno glavo lahko upravljavci optimizirajo delovanje in u\u010dinkovitost svoje opreme. Natan\u010dne nastavitve omogo\u010dajo fino nastavitev za doseganje \u017eelene sile, hitrosti in dol\u017eine hoda. Ta raven nadzora pomaga zmanj\u0161ati porabo energije, zmanj\u0161ati obrabo in pove\u010dati splo\u0161no produktivnost.<\/p>\n<p>4. Enostavna namestitev in vzdr\u017eevanje: Zasnova teh valjev s pritrjevanjem z vidnim vijakom poenostavlja postopek namestitve, saj omogo\u010da hitro in enostavno pritrditev na razli\u010dno opremo. Poleg tega so zaradi dostopne zasnove la\u017eji tudi vzdr\u017eevalni postopki, kot sta pregled in zamenjava tesnil ali drugih komponent. To skraj\u0161a \u010das izpada in zagotavlja nemoteno delovanje.<\/p>\n<p>5. Vsestranska uporaba: Nastavljivi cilindri z vidno glavo se uporabljajo v \u0161tevilnih panogah, vklju\u010dno s kmetijstvom, gradbeni\u0161tvom in proizvodnjo. V kmetijskem sektorju se ti cilindri pogosto uporabljajo v traktorjih, nakladalnikih in drugih kmetijskih strojih za naloge, kot so dvigovanje, potiskanje in vle\u010denje te\u017ekih bremen. Zaradi svoje vsestranskosti so primerni za razli\u010dne hidravli\u010dne sisteme in opremo.<\/p>\n<p>Na splo\u0161no veleprodajni dvosmerni varjeni hidravli\u010dni cilinder za traktor po meri z nastavljivo glavo ponuja \u0161tevilne prednosti v smislu fleksibilnosti, vzdr\u017eljivosti, u\u010dinkovitosti, enostavne namestitve in vzdr\u017eevanja ter vsestranske uporabe. Ti cilindri zagotavljajo potrebno zanesljivost in zmogljivost za izpolnjevanje zahtev sodobnih hidravli\u010dnih sistemov v kmetijski industriji in drugih sektorjih.<\/p>\n<p><img decoding=\"async\" src=\"https:\/\/fmp-components.com\/wp-content\/uploads\/2024\/12\/Adjustable-Clevis-Type-Cylinders5.webp\" alt=\"Nastavljiv valj tipa Clevis\" width=\"800\" title=\"\"><\/p>\n<h2>Uporaba nastavljivih cilindrov tipa Clevis<\/h2>\n<p>Nastavljivi cilindri z vidno glavo, kot je na primer dvodelni varjeni hidravli\u010dni cilinder za traktorje na debelo, so vsestranske hidravli\u010dne naprave, ki se \u0161iroko uporabljajo v razli\u010dnih panogah. Ti cilindri so posebej zasnovani za zagotavljanje natan\u010dnega in zanesljivega linearnega krmiljenja gibanja, zaradi \u010desar so nepogre\u0161ljivi v \u0161tevilnih industrijskih procesih. V tem \u010dlanku bomo raziskali razli\u010dne na\u010dine uporabe nastavljivih cilindrov z vidno glavo in izpostavili njihove prednosti in koristi.<\/p>\n<h3>1. Industrijski stroji<\/h3>\n<p>Nastavljivi cilindri z vidno glavo se pogosto uporabljajo v industrijskih strojih za natan\u010dno pozicioniranje in nadzor gibanja. Ti cilindri so sposobni izvajati velike sile in zagotavljati gladko, nadzorovano linearno gibanje, zaradi \u010desar so idealni za uporabo, kot so ravnanje z materiali, monta\u017ene linije in avtomatizirani stroji. Zlasti dvostranski varjeni hidravli\u010dni cilinder za traktorje, izdelan po meri, je zasnovan tako, da prenese velike obremenitve in te\u017eke obratovalne pogoje, kar zagotavlja zanesljivo delovanje v zahtevnih industrijskih okoljih.<\/p>\n<h3>2. Gradbena oprema<\/h3>\n<p>Nastavljivi cilindri z vidno glavo se pogosto uporabljajo v gradbeni opremi za razli\u010dna opravila, ki zahtevajo natan\u010dno in mo\u010dno linearno gibanje. Od bagrov do \u017eerjavov imajo ti cilindri klju\u010dno vlogo pri nadzoru gibanja rok, \u017elic in drugih hidravli\u010dnih priklju\u010dkov. Z nastavljivimi konci z vidno glavo ti cilindri ponujajo prilagodljivost pri namestitvi in \u200b\u200bomogo\u010dajo enostavno prilagoditev glede na specifi\u010dne zahteve opreme. Ta prilagodljivost zagotavlja optimalno delovanje in pove\u010duje splo\u0161no u\u010dinkovitost gradbenih strojev.<\/p>\n<h3>3. Kmetijska mehanizacija<\/h3>\n<p>Kmetijski sektor ima velike koristi od uporabe nastavljivih cilindrov z vidno glavo, kot je na primer dvosmerno delujo\u010di varjeni hidravli\u010dni cilinder za traktor po meri. Ti cilindri se pogosto uporabljajo v kmetijski mehanizaciji, kot so traktorji in \u017eetveni stroji, za krmiljenje razli\u010dnih hidravli\u010dnih funkcij. Od nastavitve vi\u0161ine priklju\u010dkov do krmiljenja gibanja priklju\u010dkov, ti cilindri omogo\u010dajo natan\u010dno in u\u010dinkovito delovanje na polju. Poleg tega so zaradi svoje robustne konstrukcije in odpornosti na te\u017eke okoljske razmere zelo primerni za zahtevne kmetijske aplikacije.<\/p>\n<h3>4. Ravnanje z materiali<\/h3>\n<p>Nastavljivi cilindri z vidno glavo igrajo klju\u010dno vlogo pri ravnanju z materiali, kjer sta natan\u010den nadzor in zanesljivo delovanje bistvenega pomena. Ti cilindri se pogosto uporabljajo v transportnih sistemih, dvi\u017eni opremi in avtomatiziranih skladi\u0161\u010dih za la\u017eje premikanje blaga in materialov. Dvosmerno delujo\u010di varjeni hidravli\u010dni cilinder za traktor, izdelan po meri na debelo, s svojo dvosmerno zasnovo omogo\u010da dvosmerno gibanje, zaradi \u010desar je primeren tako za potiskanje kot vle\u010denje. Ta vsestranskost zagotavlja u\u010dinkovito ravnanje z materiali in prispeva k ve\u010dji produktivnosti v razli\u010dnih panogah.<\/p>\n<h3>5. Mobilna oprema<\/h3>\n<p>Nastavljivi cilindri z vidno glavo se nahajajo tudi v razli\u010dni mobilni opremi, vklju\u010dno s tovornjaki, prikolicami in kmetijskimi vozili. Ti cilindri zagotavljajo zanesljivo in nadzorovano gibanje za funkcije, kot so nagibanje kesonov, dvigovanje in spu\u0161\u010danje plo\u0161\u010dadi ter prilagajanje krmilnih mehanizmov. Zaradi svoje robustne konstrukcije in sposobnosti prena\u0161anja te\u017ekih obremenitev so nepogre\u0161ljivi v mobilnih aplikacijah, kjer sta vzdr\u017eljivost in varnost najpomembnej\u0161i.<\/p>\n<p>Skratka, dvostransko delujo\u010di varjeni hidravli\u010dni cilinder za traktor na debelo po meri, nastavljiv cilinder z vidno glavo, se \u0161iroko uporablja v najrazli\u010dnej\u0161ih panogah. Ne glede na to, ali gre za industrijske stroje, gradbeno opremo, kmetijske stroje, ravnanje z materiali ali mobilno opremo, ti cilindri ponujajo natan\u010den nadzor, zanesljivost in vzdr\u017eljivost. Z vklju\u010ditvijo dvostransko delujo\u010dega varjenega hidravli\u010dnega cilindra za traktor na debelo po meri v razli\u010dne hidravli\u010dne sisteme lahko industrije izbolj\u0161ajo u\u010dinkovitost, produktivnost in splo\u0161no delovanje.<\/p>\n<p><img decoding=\"async\" src=\"https:\/\/fmp-components.com\/wp-content\/uploads\/2024\/12\/Application-of-Adjustable-Clevis-Type-Cylinders.webp\" alt=\"Nastavljiv valj tipa Clevis\" width=\"800\" title=\"\"><\/p>\n<h3>O FMP-ju<\/h3>\n<p>FMP je va\u0161 zaupanja vreden vir visokokakovostnih hidravli\u010dnih cilindrov v industriji gradbenih strojev. Z dolgoletnimi izku\u0161njami v industriji in profesionalno ekipo smo predani zagotavljanju vrhunskih delov za gradbene stroje in celovitih strojnih re\u0161itev na\u0161im cenjenim strankam.<\/p>\n<p>Tukaj je pet razlogov, zakaj bi morali izbrati FMP za va\u0161e potrebe po hidravli\u010dnih cilindrih:<\/p>\n<ol>\n<li><strong>\u0160iroka paleta mo\u017enosti:<\/strong> Na\u0161a ponudba izdelkov vklju\u010duje razli\u010dne hidravli\u010dne cilindre, primerne za razli\u010dne vrste gradbenih strojev. Ne glede na to, ali potrebujete enosmerne ali dvosmerne cilindre, teleskopske ali ojnice, imamo pravo re\u0161itev za va\u0161e potrebe.<\/li>\n<li><strong>Vrhunska kakovost:<\/strong> Vzpostavili smo dolgoro\u010dne in stabilne odnose z visokokakovostnimi dobavitelji, tako doma kot v tujini. To zagotavlja, da vsi na\u0161i hidravli\u010dni cilindri izpolnjujejo stroge standarde kakovosti, kar vam zagotavlja zanesljive in trpe\u017ene komponente, ki bodo kos zahtevam va\u0161ih projektov.<\/li>\n<li><strong>Strokovna prodajna ekipa:<\/strong> Na\u0161a izku\u0161ena in dobro podkovana prodajna ekipa dobro pozna najnovej\u0161e trende in potrebe strank v industriji gradbenih strojev. Pripravljeni so vam nuditi strokovno svetovanje o izdelkih in pametne predloge za nakup, kar vam bo pomagalo pri sprejemanju premi\u0161ljenih odlo\u010ditev.<\/li>\n<li><strong>U\u010dinkovita logistika:<\/strong> Razumemo pomen pravo\u010dasne dostave. Z na\u0161im u\u010dinkovitim logisti\u010dnim distribucijskim sistemom zagotavljamo, da boste potrebne hidravli\u010dne cilindre prejeli pravo\u010dasno in natan\u010dno. Lahko se zanesete na nas, da bomo va\u0161e projekte izpeljali v skladu z urnikom.<\/li>\n<li><strong>Izjemna storitev za stranke:<\/strong> Pri FMP cenimo na\u0161e stranke in si prizadevamo zagotavljati izjemne storitve. Na\u0161a predana ekipa je zavezana k temu, da bo va\u0161e poizvedbe in pomisleke obravnavala hitro in zagotavljala nemoteno ter zadovoljivo izku\u0161njo med va\u0161im sodelovanjem z nami.<\/li>\n<\/ol>\n<p>Spodaj si podrobneje oglejte na\u0161 nastavljiv valj tipa Clevis:<\/p>\n<p><img decoding=\"async\" src=\"https:\/\/fmp-components.com\/wp-content\/uploads\/2024\/12\/Adjustable-Clevis-Type-Cylinders-6.webp\" alt=\"Nastavljiv valj tipa Clevis\" width=\"821\" title=\"\"><\/p>\n<h2>Pogosta vpra\u0161anja<\/h2>\n<p><b>V: Katere razli\u010dne vrste hidravli\u010dnih cilindrov ponujate?<\/b><br \/>\nA: Ponujamo cilindre z vezno palico, varjene, teleskopske, enosmerne in dvosmerne cilindre.<\/p>\n<p><b>V: Kak\u0161na je nosilnost hidravli\u010dnega cilindra?<\/b><br \/>\nA: Na\u0161 hidravli\u010dni cilinder ima nosilnost najve\u010d 20 ton.<\/p>\n<p><b>V: Ali ponujate mo\u017enosti prilagoditve za hidravli\u010dni cilinder?<\/b><br \/>\nA: Da, imamo. Jeklenke lahko prilagodimo va\u0161im specifi\u010dnim zahtevam.<\/p>\n<p><img decoding=\"async\" src=\"https:\/\/img.jiansujichilun.com\/img\/hydrauliccylinders\/B_hydrauliccylinders-5.webp\" alt=\"hidravli\u010dni cilinder\" width=\"800\" title=\"\"><\/p>\n<p>Avtor: CX<\/p>","protected":false},"excerpt":{"rendered":"<p>The Wholesale Customized Double Acting Welded Hydraulic Cylinder For Tractor is a high-quality product that is designed to meet the specific needs of tractors. This hydraulic cylinder is built with precision and durability in mind, ensuring its reliable performance even in demanding conditions. One of the key features of this hydraulic cylinder is its double-acting [&hellip;]<\/p>","protected":false},"featured_media":1336,"comment_status":"closed","ping_status":"closed","template":"","meta":{"_et_pb_use_builder":"","_et_pb_old_content":"","_et_gb_content_width":""},"product_brand":[],"product_cat":[39],"product_tag":[41,34],"class_list":{"0":"post-1359","1":"product","2":"type-product","3":"status-publish","4":"has-post-thumbnail","6":"product_cat-adjustable-clevis-type-cylinders","7":"product_tag-adjustable-clevis-type-cylinders","8":"product_tag-hydraulic-cylinder","10":"first","11":"instock","12":"product-type-simple"},"_links":{"self":[{"href":"https:\/\/fmp-components.com\/sl\/wp-json\/wp\/v2\/product\/1359","targetHints":{"allow":["GET"]}}],"collection":[{"href":"https:\/\/fmp-components.com\/sl\/wp-json\/wp\/v2\/product"}],"about":[{"href":"https:\/\/fmp-components.com\/sl\/wp-json\/wp\/v2\/types\/product"}],"replies":[{"embeddable":true,"href":"https:\/\/fmp-components.com\/sl\/wp-json\/wp\/v2\/comments?post=1359"}],"wp:featuredmedia":[{"embeddable":true,"href":"https:\/\/fmp-components.com\/sl\/wp-json\/wp\/v2\/media\/1336"}],"wp:attachment":[{"href":"https:\/\/fmp-components.com\/sl\/wp-json\/wp\/v2\/media?parent=1359"}],"wp:term":[{"taxonomy":"product_brand","embeddable":true,"href":"https:\/\/fmp-components.com\/sl\/wp-json\/wp\/v2\/product_brand?post=1359"},{"taxonomy":"product_cat","embeddable":true,"href":"https:\/\/fmp-components.com\/sl\/wp-json\/wp\/v2\/product_cat?post=1359"},{"taxonomy":"product_tag","embeddable":true,"href":"https:\/\/fmp-components.com\/sl\/wp-json\/wp\/v2\/product_tag?post=1359"}],"curies":[{"name":"delovni list","href":"https:\/\/api.w.org\/{rel}","templated":true}]}}