{"id":1355,"date":"2024-12-23T02:18:07","date_gmt":"2024-12-23T02:18:07","guid":{"rendered":"https:\/\/fmp-components.com\/product\/factory-direct-sale-hydraulic-cylinder-small-trailer-hydraulic-cylinder-for-sale\/"},"modified":"2024-12-23T03:39:26","modified_gmt":"2024-12-23T03:39:26","slug":"factory-direct-sale-hydraulic-cylinder-small-trailer-hydraulic-cylinder-for-sale","status":"publish","type":"product","link":"https:\/\/fmp-components.com\/sl\/product\/factory-direct-sale-hydraulic-cylinder-small-trailer-hydraulic-cylinder-for-sale\/","title":{"rendered":"Hidravli\u010dni cilinder neposredno od tovarne Hidravli\u010dni cilinder za majhne prikolice za prodajo"},"content":{"rendered":"<p>Hidravli\u010dni cilinder, ki je na voljo neposredno iz tovarne, je visokokakovosten hidravli\u010dni cilinder, zasnovan posebej za majhne prikolice. Zaradi svoje trpe\u017ene konstrukcije in zanesljivega delovanja je ta hidravli\u010dni cilinder idealen za razli\u010dne aplikacije v industrijskem in komercialnem sektorju.<\/p>\n<p>Ena klju\u010dnih lastnosti tega hidravli\u010dnega cilindra je njegova impresivna dvi\u017ena zmogljivost. Zmo\u017een je ustvariti znatno silo, kar mu omogo\u010da enostavno dvigovanje in premikanje te\u017ekih bremen. Ne glede na to, ali morate dvigniti gradbene materiale, industrijsko opremo ali kmetijsko mehanizacijo, bo ta hidravli\u010dni cilinder u\u010dinkovito opravil delo.<\/p>\n<p>Drug pomemben vidik tega hidravli\u010dnega cilindra je njegova kompaktna velikost. Kljub majhni zasnovi zagotavlja izjemno mo\u010d in zmogljivost. Zaradi tega je idealna izbira za aplikacije, kjer je prostor omejen, vendar je potreba po zanesljivi hidravli\u010dni mo\u010di klju\u010dnega pomena.<\/p>\n<p><img loading=\"lazy\" decoding=\"async\" class=\"alignnone size-full wp-image-1334\" src=\"https:\/\/fmp-components.com\/wp-content\/uploads\/2024\/12\/Adjustable-Clevis-Type-Cylinders-4.webp\" alt=\"Nastavljivi cilindri tipa Clevis\" width=\"800\" height=\"800\" title=\"\" srcset=\"https:\/\/fmp-components.com\/wp-content\/uploads\/2024\/12\/Adjustable-Clevis-Type-Cylinders-4.webp 800w, https:\/\/fmp-components.com\/wp-content\/uploads\/2024\/12\/Adjustable-Clevis-Type-Cylinders-4-480x480.webp 480w\" sizes=\"(min-width: 0px) and (max-width: 480px) 480px, (min-width: 481px) 800px, 100vw\" \/><\/p>\n<p>Hidravli\u010dni cilinder, ki je na voljo neposredno iz tovarne, je zasnovan za gladke in natan\u010dne gibe. Uporablja napredno hidravli\u010dno tehnologijo, ki zagotavlja, da se postopki dvigovanja in spu\u0161\u010danja izvajajo z najve\u010djo natan\u010dnostjo. To ne le pove\u010da u\u010dinkovitost, temve\u010d tudi zmanj\u0161a tveganje za nesre\u010de in po\u0161kodbe tovora ali opreme, ki se premika.<\/p>\n<p>Poleg tega je ta hidravli\u010dni cilinder zasnovan za vzdr\u017eljivost in dolgo \u017eivljenjsko dobo. Izdelan je iz visokokakovostnih materialov, ki lahko prenesejo intenzivno uporabo in te\u017eke okoljske razmere. To zagotavlja, da cilinder ostane zanesljiv in funkcionalen dlje \u010dasa, kar zmanj\u0161uje stro\u0161ke vzdr\u017eevanja in zamenjave.<\/p>\n<p>Skratka, hidravli\u010dni cilinder, ki je na voljo neposredno iz tovarne, je vrhunski hidravli\u010dni cilinder, ki ponuja odli\u010dno dvi\u017eno zmogljivost, kompaktno velikost, gladke gibe in vzdr\u017eljivost. Ne glede na to, ali delate v gradbeni\u0161tvu, industriji ali kmetijstvu, je ta hidravli\u010dni cilinder zanesljiva izbira, ki bo u\u010dinkovito zadovoljila va\u0161e potrebe po hidravli\u010dni mo\u010di.<\/p>\n<table style=\"width: 100%;\" border=\"1\" width=\"100%\" cellspacing=\"0\" cellpadding=\"0\">\n<tbody>\n<tr>\n<th>Stanje<\/th>\n<td>Novo<\/td>\n<\/tr>\n<tr>\n<th>Garancija<\/th>\n<td>1 leto<\/td>\n<\/tr>\n<tr>\n<th>Uporabne panoge<\/th>\n<td>Strojne delavnice, Kmetije, Energetika in rudarstvo, Proizvodnja strojev, Tovarna strojev<\/td>\n<\/tr>\n<tr>\n<th>Te\u017ea (kg)<\/th>\n<td>85<\/td>\n<\/tr>\n<tr>\n<th>Video izhodni pregled<\/th>\n<td>Zagotovljeno<\/td>\n<\/tr>\n<tr>\n<th>Poro\u010dilo o preskusu strojev<\/th>\n<td>Zagotovljeno<\/td>\n<\/tr>\n<tr>\n<th>Vrsta tr\u017eenja<\/th>\n<td>Nov izdelek 2023<\/td>\n<\/tr>\n<tr>\n<th>Garancija za klju\u010dne komponente<\/th>\n<td>1 leto<\/td>\n<\/tr>\n<tr>\n<th>Osnovne komponente<\/th>\n<td>Le\u017eaj, hidravli\u010dni valj<\/td>\n<\/tr>\n<tr>\n<th>Standardno ali nestandardno<\/th>\n<td>Standardno<\/td>\n<\/tr>\n<tr>\n<th>Struktura<\/th>\n<td>Batni valj<\/td>\n<\/tr>\n<tr>\n<th>Mo\u010d<\/th>\n<td>Hidravli\u010dni<\/td>\n<\/tr>\n<tr>\n<th>Material ohi\u0161ja<\/th>\n<td>Jeklo<\/td>\n<\/tr>\n<tr>\n<th>Najve\u010dji potisk<\/th>\n<td>3000<\/td>\n<\/tr>\n<tr>\n<th>Vrsta<\/th>\n<td>Nastavljivi cilindri tipa Clevis<\/td>\n<\/tr>\n<tr>\n<th>Pristani\u0161\u010da<\/th>\n<td>G\/SAE\/NPT\/M<\/td>\n<\/tr>\n<tr>\n<th>Najve\u010dji vlek<\/th>\n<td>20 ton<\/td>\n<\/tr>\n<tr>\n<th>Certificiranje<\/th>\n<td>ISO 9001:2000<\/td>\n<\/tr>\n<tr>\n<th>Velikost izvrtine<\/th>\n<td>2 \u2013 6 palcev<\/td>\n<\/tr>\n<tr>\n<th>Velikost palice<\/th>\n<td>1,125 \u2013 4 palce<\/td>\n<\/tr>\n<tr>\n<th>Velikost poteze<\/th>\n<td>4 \u2013 100 palcev<\/td>\n<\/tr>\n<tr>\n<th>Velikost zati\u010da<\/th>\n<td>0,5 \u2013 2 palca<\/td>\n<\/tr>\n<tr>\n<th>Barva<\/th>\n<td>\u010crna<\/td>\n<\/tr>\n<tr>\n<th>Podrobnosti o embala\u017ei<\/th>\n<td>\u017delezno ohi\u0161je, ohi\u0161je iz vezanega lesa ali kartonska \u0161katla<\/td>\n<\/tr>\n<\/tbody>\n<\/table>\n<p>&nbsp;<\/p>\n<h2>Prednosti nastavljivih cilindrov tipa Clevis<\/h2>\n<p>Nastavljivi cilindri z vidno glavo se zaradi svoje fleksibilnosti in vzdr\u017eljivosti pogosto uporabljajo v razli\u010dnih panogah. Ti cilindri imajo \u0161tevilne prednosti pred drugimi vrstami cilindrov. V tem \u010dlanku bomo raziskali prednosti nastavljivih cilindrov z vidno glavo in zakaj so priljubljena izbira za \u0161tevilne aplikacije.<\/p>\n<h3>1. Vsestranskost<\/h3>\n<p>Ena klju\u010dnih prednosti nastavljivih cilindrov z vidno glavo je njihova vsestranskost. Ti cilindri se lahko uporabljajo v razli\u010dnih aplikacijah, od majhnih hidravli\u010dnih cilindrov za prikolice do velikih industrijskih strojev. Primerni so za \u0161irok spekter obratovalnih pogojev, vklju\u010dno z visokimi temperaturami in ekstremnim tlakom.<\/p>\n<h3>2. Prilagodljivost<\/h3>\n<p>Druga prednost nastavljivih cilindrov z vidno glavo je njihova prilagodljivost. Te cilindre je mogo\u010de prilagoditi specifi\u010dnim potrebam razli\u010dnih aplikacij. Proizvajalci ponujajo \u0161iroko paleto mo\u017enosti, vklju\u010dno z razli\u010dnimi velikostmi izvrtin, dol\u017einami hodov in na\u010dini monta\u017ee. To uporabnikom omogo\u010da, da izberejo idealen valj za svojo uporabo.<\/p>\n<h3>3. Vzdr\u017eljivost<\/h3>\n<p>Nastavljivi cilindri z vidno glavo so znani po svoji vzdr\u017eljivosti. Zasnovani so tako, da prenesejo te\u017eke delovne pogoje, vklju\u010dno z visokimi temperaturami, ekstremnim tlakom in velikimi obremenitvami. Ti cilindri so izdelani iz visokokakovostnih materialov, kot je jeklo, ki so odporni proti obrabi. Posledi\u010dno imajo dolgo \u017eivljenjsko dobo in zahtevajo minimalno vzdr\u017eevanje.<\/p>\n<h3>4. U\u010dinkovito delovanje<\/h3>\n<p>Nastavljivi cilindri z vidno glavo so znani tudi po svoji u\u010dinkovitosti. Ti cilindri so zasnovani za gladko in natan\u010dno delovanje. Opremljeni so z naprednimi funkcijami, kot je nastavljivo bla\u017eenje, ki omogo\u010dajo natan\u010den nadzor gibanja cilindra. To se posledi\u010dno odrazi v izbolj\u0161ani u\u010dinkovitosti in zmanj\u0161ani porabi energije.<\/p>\n<h3>5. Stro\u0161kovno u\u010dinkovito<\/h3>\n<p>Kon\u010dno so nastavljivi cilindri tipa clevis stro\u0161kovno u\u010dinkoviti. Na voljo so po tovarni\u0161kih cenah, zaradi \u010desar so cenovno dostopna izbira za \u0161tevilne aplikacije. Poleg tega so zaradi dolge \u017eivljenjske dobe in nizkih zahtev glede vzdr\u017eevanja dolgoro\u010dno stro\u0161kovno u\u010dinkovita nalo\u017eba.<\/p>\n<p>Skratka, nastavljivi cilindri z vili\u010dasto glavo so vsestranska, prilagodljiva, trpe\u017ena, u\u010dinkovita in stro\u0161kovno u\u010dinkovita izbira za \u0161tevilne aplikacije. Ne glede na to, ali potrebujete majhen hidravli\u010dni cilinder za prikolico ali velik hidravli\u010dni cilinder za industrijski stroj, so nastavljivi cilindri z vili\u010dasto glavo zanesljiva in u\u010dinkovita re\u0161itev.<img decoding=\"async\" src=\"https:\/\/fmp-components.com\/wp-content\/uploads\/2024\/12\/Adjustable-Clevis-Type-Cylinders5.webp\" alt=\"Nastavljiv valj tipa Clevis\" width=\"800\" title=\"\"><\/p>\n<h2>Uporaba nastavljivih cilindrov tipa Clevis<\/h2>\n<p>Nastavljivi cilindri z vidno glavo, kot sta tovarni\u0161ko prodajni hidravli\u010dni cilinder in hidravli\u010dni cilinder za majhne prikolice, so vsestranske hidravli\u010dne naprave, ki se uporabljajo v razli\u010dnih panogah. Ti posebej zasnovani cilindri ponujajo edinstvene lastnosti in prednosti, zaradi katerih so idealna izbira za dolo\u010dene naloge. Oglejmo si nekaj klju\u010dnih uporab nastavljivih cilindrov z vidno glavo:<\/p>\n<h3>1. Industrijska avtomatizacija<\/h3>\n<p>V industrijskih avtomatizacijskih procesih imajo nastavljivi cilindri z vili\u010dastim klobukom klju\u010dno vlogo pri zagotavljanju natan\u010dnega in nadzorovanega linearnega gibanja. Ti cilindri se pogosto uporabljajo v robotskih sistemih, monta\u017enih linijah in opremi za ravnanje z materiali. Edinstvena zasnova nastavljivega vili\u010dastega klobuka omogo\u010da enostavno namestitev in nastavitev, zaradi \u010desar je priro\u010dno integrirati ga v avtomatizirane sisteme.<\/p>\n<p>Na primer, pri robotskem varjenju nastavljiv valj z vili\u010dasto glavo zagotavlja natan\u010dno pozicioniranje varilnega orodja, kar omogo\u010da natan\u010dne in enakomerne vare. Zmo\u017enost valja za prilagajanje polo\u017eaja vili\u010daste glave omogo\u010da prilagodljivost pri prilagajanju razli\u010dnim dimenzijam in oblikam obdelovancev.<\/p>\n<h3>2. Gradbeni\u0161tvo in te\u017eka mehanizacija<\/h3>\n<p>Nastavljivi cilindri z vidno glavo se pogosto uporabljajo v gradbeni\u0161tvu in industriji te\u017ekih strojev, kjer prispevajo k u\u010dinkovitemu delovanju opreme. Ti cilindri se pogosto uporabljajo v bagrih, nakladalnikih in buldo\u017eerjih za nadzor gibanja roke, nagibanja \u017elice in drugih aplikacijah, ki zahtevajo mo\u010dno in natan\u010dno linearno gibanje.<\/p>\n<p>Na primer, pri hidravli\u010dnem bagru se nastavljivi valj z u\u0161esom uporablja za nadzor iztegovanja in vvla\u010devanja roke ter odpiranja in zapiranja \u017elice. Zmo\u017enost cilindra za prilagajanje dol\u017eine u\u0161esa omogo\u010da natan\u010dno nastavitev globine kopanja in optimizacijo delovanja stroja.<\/p>\n<h3>3. Kmetijska mehanizacija<\/h3>\n<p>Kmetijski sektor ima koristi od nastavljivih cilindrov z vidno glavo pri razli\u010dnih kmetijskih opravilih. Ti cilindri se pogosto nahajajo v kmetijski mehanizaciji, kot so traktorji, plugi in \u017eetveni stroji, kjer prispevajo k nalogam, kot so nadzor vi\u0161ine priklju\u010dkov, prilagajanje globine obdelave tal ali odpiranje in zapiranje zalogovnikov semena.<\/p>\n<p>Na primer, pri sejalnici se za nadzor globine setve semen v zemljo uporablja nastavljiv valj z vidno glavo. To kmetom omogo\u010da, da prilagodijo globino setve glede na razmere v tleh, kar optimizira kalitev semen in pridelek.<\/p>\n<h3>4. Mobilna oprema<\/h3>\n<p>Nastavljivi cilindri z vidno glavo se uporabljajo tudi v mobilni opremi, vklju\u010dno s prikolicami, prekucniki in dvi\u017enimi plo\u0161\u010dadmi. Ti cilindri zagotavljajo zanesljive in natan\u010dne zmogljivosti dvigovanja, nagibanja in iztegovanja, kar izbolj\u0161uje splo\u0161no funkcionalnost in varnost opreme.<\/p>\n<p>Na primer, v hidravli\u010dnem sistemu majhne prikolice se za nadzor dvigovanja in spu\u0161\u010danja kesona prikolice uporablja nastavljiv valj z vidno glavo. To omogo\u010da u\u010dinkovito natovarjanje in raztovarjanje tovora, kar uporabnikom zagotavlja udobje in prihranek \u010dasa.<\/p>\n<p>Skratka, nastavljivi cilindri z vidno glavo, kot sta tovarni\u0161ko prodajni hidravli\u010dni cilinder in hidravli\u010dni cilinder za majhne prikolice, imajo \u0161iroko paleto uporabe v razli\u010dnih panogah. Zaradi svoje sposobnosti zagotavljanja natan\u010dnega in nadzorovanega linearnega gibanja, skupaj s priro\u010dnostjo nastavitve, so neprecenljivi v industrijski avtomatizaciji, gradbeni\u0161tvu, kmetijstvu in mobilni opremi. S svojo vrhunsko zmogljivostjo in vsestranskostjo ti cilindri prispevajo k u\u010dinkovitosti, zanesljivosti in varnosti \u0161tevilnih procesov in operacij.<\/p>\n<p><img decoding=\"async\" src=\"https:\/\/fmp-components.com\/wp-content\/uploads\/2024\/12\/Application-of-Adjustable-Clevis-Type-Cylinders.webp\" alt=\"Nastavljiv valj tipa Clevis\" width=\"800\" title=\"\"><\/p>\n<h3>O FMP-ju<\/h3>\n<p>FMP je podjetje, specializirano za proizvodnjo in prodajo hidravli\u010dnih cilindrov. S sede\u017eem v Italiji ponujamo visokokakovostne in zanesljive hidravli\u010dne cilindre, ki jih izdelujemo z dolgoletnimi izku\u0161njami v industriji in profesionalno ekipo.<\/p>\n<p><img decoding=\"async\" src=\"https:\/\/fmp-components.com\/wp-content\/uploads\/2024\/12\/Adjustable-Clevis-Type-Cylinders-6.webp\" alt=\"Nastavljiv valj tipa Clevis\" width=\"817\" title=\"\"><\/p>\n<ol>\n<li>\u0160iroka paleta izdelkov: Ponujamo raznoliko paleto hidravli\u010dnih cilindrov, primernih za razli\u010dne aplikacije v gradbeni mehanizaciji.<\/li>\n<li>Vrhunska kakovost: Vsi na\u0161i hidravli\u010dni cilindri so izdelani iz vrhunskih materialov in so podvr\u017eeni strogim kontrolam kakovosti, da se zagotovi njihova vzdr\u017eljivost in zmogljivost.<\/li>\n<li>Mo\u017enosti prilagajanja: Ponujamo storitve prilagajanja, da zadostimo specifi\u010dnim zahtevam na\u0161ih strank in zagotovimo re\u0161itve po meri za njihove potrebe glede gradbenih strojev.<\/li>\n<li>Strokovna prodajna ekipa: Na\u0161a izku\u0161ena prodajna ekipa ima poglobljeno znanje o industriji gradbenih strojev in lahko nudi strokovna svetovanja o izdelkih, da bi strankam pomagala pri sprejemanju premi\u0161ljenih odlo\u010ditev o nakupu.<\/li>\n<li>U\u010dinkovita logistika: Z na\u0161im u\u010dinkovitim logisti\u010dnim distribucijskim sistemom zagotavljamo pravo\u010dasno in natan\u010dno dobavo hidravli\u010dnih cilindrov na\u0161im strankam, s \u010dimer zagotavljamo nemoten potek projektov brez zamud.<\/li>\n<\/ol>\n<p>Za vse va\u0161e potrebe po hidravli\u010dnih cilindrih sodelujte s podjetjem FMP in izkusite zanesljivost, kakovost in profesionalnost, ki nas lo\u010dijo od drugih v industriji gradbenih strojev.<\/p>\n<p>Avtor: CX<\/p>","protected":false},"excerpt":{"rendered":"<p>The Factory Direct Sale Hydraulic Cylinder is a high-quality hydraulic cylinder designed specifically for small trailers. With its durable construction and reliable performance, this hydraulic cylinder is perfect for various applications in the industrial and commercial sectors. One of the key features of this hydraulic cylinder is its impressive lifting capacity. It is capable of [&hellip;]<\/p>","protected":false},"featured_media":1340,"comment_status":"closed","ping_status":"closed","template":"","meta":{"_et_pb_use_builder":"","_et_pb_old_content":"","_et_gb_content_width":""},"product_brand":[],"product_cat":[39],"product_tag":[41,34],"class_list":{"0":"post-1355","1":"product","2":"type-product","3":"status-publish","4":"has-post-thumbnail","6":"product_cat-adjustable-clevis-type-cylinders","7":"product_tag-adjustable-clevis-type-cylinders","8":"product_tag-hydraulic-cylinder","10":"first","11":"instock","12":"product-type-simple"},"_links":{"self":[{"href":"https:\/\/fmp-components.com\/sl\/wp-json\/wp\/v2\/product\/1355","targetHints":{"allow":["GET"]}}],"collection":[{"href":"https:\/\/fmp-components.com\/sl\/wp-json\/wp\/v2\/product"}],"about":[{"href":"https:\/\/fmp-components.com\/sl\/wp-json\/wp\/v2\/types\/product"}],"replies":[{"embeddable":true,"href":"https:\/\/fmp-components.com\/sl\/wp-json\/wp\/v2\/comments?post=1355"}],"wp:featuredmedia":[{"embeddable":true,"href":"https:\/\/fmp-components.com\/sl\/wp-json\/wp\/v2\/media\/1340"}],"wp:attachment":[{"href":"https:\/\/fmp-components.com\/sl\/wp-json\/wp\/v2\/media?parent=1355"}],"wp:term":[{"taxonomy":"product_brand","embeddable":true,"href":"https:\/\/fmp-components.com\/sl\/wp-json\/wp\/v2\/product_brand?post=1355"},{"taxonomy":"product_cat","embeddable":true,"href":"https:\/\/fmp-components.com\/sl\/wp-json\/wp\/v2\/product_cat?post=1355"},{"taxonomy":"product_tag","embeddable":true,"href":"https:\/\/fmp-components.com\/sl\/wp-json\/wp\/v2\/product_tag?post=1355"}],"curies":[{"name":"delovni list","href":"https:\/\/api.w.org\/{rel}","templated":true}]}}