{"id":1352,"date":"2024-12-23T02:18:07","date_gmt":"2024-12-23T02:18:07","guid":{"rendered":"https:\/\/fmp-components.com\/product\/quality-assurance-trailer-tractor-welded-hydraulic-cylinder-for-agricultural-machinery\/"},"modified":"2024-12-23T03:39:05","modified_gmt":"2024-12-23T03:39:05","slug":"quality-assurance-trailer-tractor-welded-hydraulic-cylinder-for-agricultural-machinery","status":"publish","type":"product","link":"https:\/\/fmp-components.com\/sl\/product\/quality-assurance-trailer-tractor-welded-hydraulic-cylinder-for-agricultural-machinery\/","title":{"rendered":"Zagotavljanje kakovosti priklopnega traktorja varjeni hidravli\u010dni cilinder za kmetijsko mehanizacijo"},"content":{"rendered":"<p>Hidravli\u010dni cilinder za kmetijsko mehanizacijo s certifikatom kakovosti je visokozmogljiv in zanesljiv hidravli\u010dni cilinder, posebej zasnovan za uporabo v kmetijski mehanizaciji. S svojo robustno konstrukcijo in naprednimi funkcijami zagotavlja nemoteno in u\u010dinkovito delovanje v razli\u010dnih kmetijskih aplikacijah.<\/p>\n<p>Klju\u010dne lastnosti:<br \/>\n1. Robustna konstrukcija: Hidravli\u010dni cilinder je izdelan iz visokokakovostnih materialov, zaradi \u010desar je vzdr\u017eljiv in sposoben prenesti visok tlak in velike obremenitve.<br \/>\n2. Precizna izdelava: Cilinder je natan\u010dno izdelan, da zagotavlja natan\u010dno in zanesljivo delovanje, kar omogo\u010da natan\u010den nadzor in nemoteno delovanje.<br \/>\n3. Visokokakovostna tesnila: Ta hidravli\u010dni cilinder je opremljen z visokokakovostnimi tesnili in u\u010dinkovito prepre\u010duje pu\u0161\u010danje ter zagotavlja dolgotrajno delovanje.<br \/>\n4. Enostavna namestitev: Cilinder je zasnovan za enostavno namestitev, kar omogo\u010da hitro in enostavno integracijo v kmetijsko mehanizacijo.<br \/>\n5. Vsestranska uporaba: Ta hidravli\u010dni cilinder je primeren za \u0161iroko paleto kmetijske mehanizacije, vklju\u010dno s prikolicami, traktorji in drugo kmetijsko opremo.<\/p>\n<p><img loading=\"lazy\" decoding=\"async\" class=\"alignnone size-full wp-image-1334\" src=\"https:\/\/fmp-components.com\/wp-content\/uploads\/2024\/12\/Adjustable-Clevis-Type-Cylinders-4.webp\" alt=\"Nastavljivi cilindri tipa Clevis\" width=\"800\" height=\"800\" title=\"\" srcset=\"https:\/\/fmp-components.com\/wp-content\/uploads\/2024\/12\/Adjustable-Clevis-Type-Cylinders-4.webp 800w, https:\/\/fmp-components.com\/wp-content\/uploads\/2024\/12\/Adjustable-Clevis-Type-Cylinders-4-480x480.webp 480w\" sizes=\"(min-width: 0px) and (max-width: 480px) 480px, (min-width: 481px) 800px, 100vw\" \/><\/p>\n<p>Prednosti:<br \/>\n1. Izbolj\u0161ana produktivnost: U\u010dinkovito delovanje hidravli\u010dnega cilindra pomaga optimizirati delovanje kmetijske mehanizacije, kar ima za posledico ve\u010djo produktivnost in izbolj\u0161ano u\u010dinkovitost.<br \/>\n2. Izbolj\u0161ana stabilnost: S svojo napredno zasnovo ta hidravli\u010dni cilinder zagotavlja izbolj\u0161ano stabilnost in nadzor, kar omogo\u010da natan\u010dno in varno delovanje pri razli\u010dnih kmetijskih opravilih.<br \/>\n3. Dolga \u017eivljenjska doba: Visokokakovostna konstrukcija in komponente zagotavljajo dolgo \u017eivljenjsko dobo hidravli\u010dnega cilindra, kar zmanj\u0161uje potrebo po pogostih zamenjavah in vzdr\u017eevanju, s \u010dimer prihranite \u010das in stro\u0161ke.<br \/>\n4. Zanesljivo delovanje: Cilinder je podvr\u017een strogim postopkom zagotavljanja kakovosti, ki zagotavljajo zanesljivo delovanje in izpolnjevanje zahtevnih zahtev kmetijske uporabe.<\/p>\n<p>Skratka, varjeni hidravli\u010dni cilinder za kmetijsko mehanizacijo s certifikatom kakovosti je izjemen hidravli\u010dni cilinder, ki ponuja zanesljivo in u\u010dinkovito delovanje kmetijske mehanizacije. Zaradi svoje robustne konstrukcije, natan\u010dnega in\u017eeniringa in vsestranske uporabe je ta hidravli\u010dni cilinder idealna izbira za optimizacijo kmetijskih operacij.<\/p>\n<p>Na\u0161e podjetje predstavlja kakovosten varjeni hidravli\u010dni cilinder za traktorske prikolice, ki je zasnovan posebej za kmetijsko mehanizacijo. Ta hidravli\u010dni cilinder je povsem nov in ima enoletno garancijo. Je klju\u010dnega pomena za delavnice za popravilo strojev, kmetije, energetski in rudarski sektor, proizvodnjo strojev in tovarne strojev. Hidravli\u010dni cilinder je znan po svoji te\u017ei 104 kg in je standardni batni cilinder, ki ga poganja hidravli\u010dna energija. Ima robustno jekleno ohi\u0161je in lahko dose\u017ee najve\u010dji potisk 3000 ton ter vle\u010dno silo do 20 ton. Cilinder je nastavljiv in je na voljo v elegantni \u010drni barvi, skrbno pakiran v \u017eeleznem ohi\u0161ju, ohi\u0161ju iz vezanega lesa ali kartonski \u0161katli.<\/p>\n<h2>Prednosti nastavljivih cilindrov tipa Clevis<\/h2>\n<p>Nastavljivi cilindri z vidno glavo so pomemben sestavni del hidravli\u010dnih sistemov v kmetijski mehanizaciji, vklju\u010dno s traktorji in priklopniki. Ti cilindri imajo pred drugimi vrstami cilindrov ve\u010d prednosti, vklju\u010dno z njihovo nastavljivostjo, vzdr\u017eljivostjo in enostavnim vzdr\u017eevanjem. V tem \u010dlanku bomo podrobneje obravnavali razli\u010dne prednosti nastavljivih cilindrov z vidno glavo.<\/p>\n<h3>1. Nastavljiva dol\u017eina<\/h3>\n<p>Ena glavnih prednosti nastavljivih cilindrov z vidno glavo je njihova mo\u017enost prilagajanja razli\u010dnim dol\u017einam. Zaradi te mo\u017enosti prilagajanja so idealni za uporabo v kmetijski mehanizaciji, kjer je treba dol\u017eino cilindra spreminjati za razli\u010dne naloge. Na primer, cilinder je morda treba podalj\u0161ati za dvigovanje te\u017ekega predmeta ali zlo\u017eiti, da ga premaknete na drugo mesto. Mo\u017enost prilagajanja dol\u017eine cilindra omogo\u010da stroju opravljanje \u0161irokega nabora nalog, zaradi \u010desar je bolj vsestranski in u\u010dinkovit.<\/p>\n<h3>2. Vzdr\u017eljivost<\/h3>\n<p>Druga prednost nastavljivih cilindrov z vidno glavo je njihova vzdr\u017eljivost. Ti cilindri so obi\u010dajno izdelani iz visokokakovostnih materialov, kot sta jeklo ali aluminij, zaradi \u010desar so mo\u010dni in odporni proti obrabi. Poleg tega varjena konstrukcija teh cilindrov zagotavlja, da lahko prenesejo visoke tlake in sile, s katerimi se pogosto sre\u010dujemo v kmetijski mehanizaciji. Posledi\u010dno nastavljivi cilindri z vidno glavo trajajo dlje kot druge vrste cilindrov, kar zmanj\u0161uje stro\u0161ke vzdr\u017eevanja in izpade.<\/p>\n<h3>3. Enostavno vzdr\u017eevanje<\/h3>\n<p>Nastavljivi cilindri z vidno glavo so tudi enostavni za vzdr\u017eevanje. Ker so zasnovani tako, da so nastavljivi, jih je obi\u010dajno la\u017eje razstaviti in ponovno sestaviti kot druge vrste cilindrov. Poleg tega zasnova teh cilindrov omogo\u010da enostaven dostop do notranjih komponent, kar olaj\u0161a diagnosticiranje in odpravljanje morebitnih te\u017eav. Zaradi enostavnosti vzdr\u017eevanja je stroj v dobrem delovnem stanju in se zmanj\u0161a \u010das izpada.<\/p>\n<h3>4. Zagotavljanje kakovosti<\/h3>\n<p>Pri izbiri hidravli\u010dnih cilindrov za kmetijsko mehanizacijo je pomembno izbrati cilindre, ki so izdelani po visokih standardih kakovosti. Nastavljivi cilindri z vidno glavo so pogosto izdelani po strogih standardih nadzora kakovosti, kar zagotavlja, da izpolnjujejo potrebne specifikacije in zanesljivo delujejo na terenu. To zagotavljanje kakovosti je \u0161e posebej pomembno pri kmetijski mehanizaciji, kjer lahko izpad stroja pomembno vpliva na produktivnost in dobi\u010dkonosnost.<\/p>\n<h3>Zaklju\u010dek<\/h3>\n<p>Skratka, nastavljivi cilindri z vili\u010dasto glavo ponujajo ve\u010d prednosti pred drugimi vrstami cilindrov v kmetijski mehanizaciji. Zaradi njihove prilagodljivosti, vzdr\u017eljivosti, enostavnosti vzdr\u017eevanja in zagotavljanja kakovosti so idealna izbira za uporabo v traktorjih, priklopnikih in drugih kmetijskih strojih. \u010ce i\u0161\u010dete hidravli\u010dne cilindre za svojo kmetijsko mehanizacijo, razmislite o nastavljivih cilindrih z vili\u010dasto glavo, da zagotovite zanesljivo in u\u010dinkovito delovanje va\u0161e mehanizacije.<img decoding=\"async\" src=\"https:\/\/fmp-components.com\/wp-content\/uploads\/2024\/12\/Adjustable-Clevis-Type-Cylinders5.webp\" alt=\"Nastavljiv valj tipa Clevis\" width=\"800\" title=\"\"><\/p>\n<h2>Uporaba nastavljivih cilindrov tipa Clevis<\/h2>\n<p>Nastavljivi cilindri z vidno glavo so zelo vsestranski in imajo \u0161tevilne aplikacije v razli\u010dnih panogah. Tukaj je nekaj najpogostej\u0161ih aplikacij nastavljivih cilindrov z vidno glavo:<\/p>\n<h3>1. Kmetijska mehanizacija<\/h3>\n<p>Nastavljivi cilindri tipa clevis se pogosto uporabljajo v kmetijski mehanizaciji. Zagotavljanje kakovosti Varjeni hidravli\u010dni cilinder za traktorske prikolice za kmetijsko mehanizacijo je zasnovan tako, da zagotavlja visoko zmogljivost in dolgotrajno delovanje v te\u017ekih in zahtevnih okoljih. Ti cilindri so sposobni prenesti te\u017eke obremenitve in jih je mogo\u010de prilagoditi specifi\u010dnim zahtevam razli\u010dnih kmetijskih aplikacij.<\/p>\n<h4>1.1 Traktorji<\/h4>\n<p>Traktorji so bistveni del sodobnega kmetijstva. Uporabljajo se za oranje, sajenje in \u017eetev pridelkov. Nastavljivi cilindri z u\u0161esno glavo se v traktorjih uporabljajo za natan\u010den nadzor nad priklju\u010denimi priklju\u010dki. Ti cilindri se uporabljajo za dvigovanje in spu\u0161\u010danje priklju\u010dkov, nastavitev njihovega kota in nadzor njihove globine.<\/p>\n<h4>1.2 Oprema za spravilo<\/h4>\n<p>\u017detvena oprema, kot so kombajni in \u017eetveni stroji, zahteva natan\u010den nadzor nad rezalnimi glavami. V teh strojih se uporabljajo nastavljivi cilindri z vili\u010dasto glavo za nadzor vi\u0161ine in kota rezalnih glav. Ti cilindri se uporabljajo tudi za prilagajanje hitrosti rezalnih glav za optimizacijo postopka \u017eetve.<\/p>\n<h3>2. Gradbeni stroji<\/h3>\n<p>Nastavljivi cilindri z vidno glavo se pogosto uporabljajo tudi v gradbenih strojih. Ti cilindri so zasnovani tako, da zagotavljajo veliko silo in natan\u010den nadzor v zahtevnih gradbenih okoljih.<\/p>\n<h4>2.1 Bagri<\/h4>\n<p>Bagri se uporabljajo za kopanje, ru\u0161enje in zemeljska dela. Nastavljivi cilindri z u\u0161esno glavo se v bagrih uporabljajo za nadzor gibanja roke, roke in \u017elice. Ti cilindri so zasnovani za prena\u0161anje te\u017ekih bremen in zagotavljajo natan\u010den nadzor nad gibanjem bagra.<\/p>\n<h4>2.2 \u017derjavi<\/h4>\n<p>\u017derjavi se uporabljajo za dvigovanje te\u017ekih bremen na gradbi\u0161\u010dih. Za nadzor gibanja roke se v \u017eerjavih uporabljajo nastavljivi cilindri z u\u0161esom. Ti cilindri so zasnovani tako, da zagotavljajo veliko silo in natan\u010den nadzor nad gibanjem \u017eerjava.<\/p>\n<h3>3. Industrijski stroji<\/h3>\n<p>Nastavljivi cilindri z vidno glavo se uporabljajo tudi v razli\u010dnih industrijskih aplikacijah. Ti cilindri so zasnovani tako, da omogo\u010dajo natan\u010den nadzor nad gibanjem strojev, kar zagotavlja visoko zmogljivost in u\u010dinkovitost.<\/p>\n<h4>3.1 Proizvodna oprema<\/h4>\n<p>Proizvodna oprema, kot so stiskalnice in \u0161tancarski stroji, zahteva natan\u010den nadzor nad svojim gibanjem. V teh strojih se uporabljajo nastavljivi cilindri z vidno glavo, ki zagotavljajo natan\u010den nadzor nad njihovim gibanjem. Ti cilindri se uporabljajo tudi za uporabo velike sile v proizvodnem procesu, kar zagotavlja visokokakovostne izdelke.<\/p>\n<h4>3.2 Oprema za pakiranje<\/h4>\n<p>Pakirna oprema, kot so polnilni in ovijalni stroji, zahteva natan\u010den nadzor nad svojim gibanjem. V teh strojih se uporabljajo nastavljivi cilindri z vili\u010dasto glavo, ki zagotavljajo natan\u010den nadzor nad njihovim gibanjem. Ti cilindri se uporabljajo tudi za uporabo velike sile v procesu pakiranja, kar zagotavlja visokokakovostno pakiranje.<\/p>\n<p>Skratka, nastavljivi cilindri z vili\u010dasto glavo imajo \u0161tevilne aplikacije v razli\u010dnih panogah. Ti cilindri so zasnovani tako, da zagotavljajo visoko zmogljivost, natan\u010den nadzor in dolgotrajno uporabo v te\u017ekih in zahtevnih okoljih. Zagotavljanje kakovosti Varjeni hidravli\u010dni cilinder za priklopnike in traktorje za kmetijsko mehanizacijo je eden najpogosteje uporabljenih nastavljivih cilindrov z vili\u010dasto glavo v kmetijski mehanizaciji, ki zagotavlja visoko zmogljivost in dolgotrajno uporabo.<img decoding=\"async\" src=\"https:\/\/fmp-components.com\/wp-content\/uploads\/2024\/12\/Application-of-Adjustable-Clevis-Type-Cylinders.webp\" alt=\"Nastavljiv valj tipa Clevis\" width=\"800\" title=\"\"><\/p>\n<h3>O hidravli\u010dnem cilindru FMP<\/h3>\n<p>FMP je zaupanja vredno podjetje, specializirano za prodajo in servis delov in celotnih strojev za gradbeno mehanizacijo. Na\u0161i hidravli\u010dni cilindri so zasnovani in izdelani tako, da izpolnjujejo visoke zahteve gradbene industrije. Imamo \u0161iroko paleto izdelkov, ki vklju\u010duje razli\u010dne vrste hidravli\u010dnih cilindrov, kot so nastavljivi cilindri z vidno glavo, varjeni cilindri, teleskopski cilindri in mnogi drugi.<\/p>\n<p>Tukaj je nekaj razlogov, zakaj bi morali izbrati hidravli\u010dni cilinder FMP:<\/p>\n<ol>\n<li><strong>Visokokakovostne komponente:<\/strong> Na\u0161i hidravli\u010dni cilindri so izdelani iz visokokakovostnih komponent, ki izpolnjujejo stroge standarde kakovosti. Materiale dobavljamo od zanesljivih dobaviteljev doma in v tujini, da zagotovimo najvi\u0161jo kakovost na\u0161ih izdelkov.<\/li>\n<li><strong>Zanesljiva zmogljivost:<\/strong> Uporabljamo napredne proizvodne tehnike in tehnologijo, da zagotovimo zanesljivo delovanje na\u0161ih hidravli\u010dnih cilindrov tudi v najte\u017ejih okoljih.<\/li>\n<li><strong>Prilagoditev:<\/strong> Ponujamo storitve prilagajanja, da zadostimo specifi\u010dnim potrebam na\u0161ih strank. Na\u0161a ekipa usposobljenih in\u017eenirjev lahko zasnuje in izdela hidravli\u010dne cilindre, ki natan\u010dno ustrezajo va\u0161im zahtevam.<\/li>\n<li><strong>Konkuren\u010dne cene:<\/strong> Na\u0161e izdelke ponujamo po konkuren\u010dnih cenah brez kompromisov pri kakovosti. Na\u0161 cilj je strankam zagotoviti stro\u0161kovno u\u010dinkovite re\u0161itve.<\/li>\n<li><strong>Odli\u010dna storitev za stranke:<\/strong> Na\u0161a prodajna ekipa ima znanje in izku\u0161nje v industriji gradbenih strojev. Zagotavljajo vam lahko strokovno svetovanje o izdelkih in pametne predloge za nakup. Imamo tudi u\u010dinkovit logisti\u010dni distribucijski sistem, ki zagotavlja, da stranke pravo\u010dasno in natan\u010dno prejmejo potrebne dele.<\/li>\n<\/ol>\n<p>Stopite v stik z nami in izvedite ve\u010d o na\u0161ih hidravli\u010dnih cilindrih ter o tem, kako vam lahko pomagamo pri va\u0161ih potrebah po gradbeni mehanizaciji.<\/p>\n<p><img decoding=\"async\" src=\"https:\/\/fmp-components.com\/wp-content\/uploads\/2024\/12\/Adjustable-Clevis-Type-Cylinders-6.webp\" alt=\"Nastavljiv valj tipa Clevis\" width=\"814\" title=\"\"><\/p>\n<h3>O hidravli\u010dnem cilindru FMP<\/h3>\n<p>FMP je zaupanja vredno podjetje, specializirano za prodajo in servis delov in celotnih strojev za gradbeno mehanizacijo. Na\u0161i hidravli\u010dni cilindri so zasnovani in izdelani tako, da izpolnjujejo visoke zahteve gradbene industrije. Imamo \u0161iroko paleto izdelkov, ki vklju\u010duje razli\u010dne vrste hidravli\u010dnih cilindrov, kot so nastavljivi cilindri z vidno glavo, varjeni cilindri, teleskopski cilindri in mnogi drugi.<\/p>\n<p>Tukaj je nekaj razlogov, zakaj bi morali izbrati hidravli\u010dni cilinder FMP:<\/p>\n<ol>\n<li><strong>Visokokakovostne komponente:<\/strong> Na\u0161i hidravli\u010dni cilindri so izdelani iz visokokakovostnih komponent, ki izpolnjujejo stroge standarde kakovosti. Materiale dobavljamo od zanesljivih dobaviteljev doma in v tujini, da zagotovimo najvi\u0161jo kakovost na\u0161ih izdelkov.<\/li>\n<li><strong>Zanesljiva zmogljivost:<\/strong> Uporabljamo napredne proizvodne tehnike in tehnologijo, da zagotovimo zanesljivo delovanje na\u0161ih hidravli\u010dnih cilindrov tudi v najte\u017ejih okoljih.<\/li>\n<li><strong>Prilagoditev:<\/strong> Ponujamo storitve prilagajanja, da zadostimo specifi\u010dnim potrebam na\u0161ih strank. Na\u0161a ekipa usposobljenih in\u017eenirjev lahko zasnuje in izdela hidravli\u010dne cilindre, ki natan\u010dno ustrezajo va\u0161im zahtevam.<\/li>\n<li><strong>Konkuren\u010dne cene:<\/strong> Na\u0161e izdelke ponujamo po konkuren\u010dnih cenah brez kompromisov pri kakovosti. Na\u0161 cilj je strankam zagotoviti stro\u0161kovno u\u010dinkovite re\u0161itve.<\/li>\n<li><strong>Odli\u010dna storitev za stranke:<\/strong> Na\u0161a prodajna ekipa ima znanje in izku\u0161nje v industriji gradbenih strojev. Zagotavljajo vam lahko strokovno svetovanje o izdelkih in pametne predloge za nakup. Imamo tudi u\u010dinkovit logisti\u010dni distribucijski sistem, ki zagotavlja, da stranke pravo\u010dasno in natan\u010dno prejmejo potrebne dele.<\/li>\n<\/ol>\n<p>Stopite v stik z nami in izvedite ve\u010d o na\u0161ih hidravli\u010dnih cilindrih ter o tem, kako vam lahko pomagamo pri va\u0161ih potrebah po gradbeni mehanizaciji.<\/p>\n<p><img decoding=\"async\" src=\"https:\/\/fmp-components.com\/wp-content\/uploads\/2024\/12\/Adjustable-Clevis-Type-Cylinders-6.webp\" alt=\"Nastavljiv valj tipa Clevis\" width=\"814\" title=\"\"><\/p>\n<p>Avtor: CX<\/p>","protected":false},"excerpt":{"rendered":"<p>The Quality Assurance Trailer Tractor Welded Hydraulic Cylinder for Agricultural Machinery is a high-performance and reliable hydraulic cylinder specifically designed for use in agricultural machinery. With its robust construction and advanced features, this hydraulic cylinder ensures smooth and efficient operation in various agricultural applications. Key Features: 1. Robust Construction: The hydraulic cylinder is built with [&hellip;]<\/p>","protected":false},"featured_media":1340,"comment_status":"closed","ping_status":"closed","template":"","meta":{"_et_pb_use_builder":"","_et_pb_old_content":"","_et_gb_content_width":""},"product_brand":[],"product_cat":[39],"product_tag":[41,34],"class_list":{"0":"post-1352","1":"product","2":"type-product","3":"status-publish","4":"has-post-thumbnail","6":"product_cat-adjustable-clevis-type-cylinders","7":"product_tag-adjustable-clevis-type-cylinders","8":"product_tag-hydraulic-cylinder","10":"first","11":"instock","12":"product-type-simple"},"_links":{"self":[{"href":"https:\/\/fmp-components.com\/sl\/wp-json\/wp\/v2\/product\/1352","targetHints":{"allow":["GET"]}}],"collection":[{"href":"https:\/\/fmp-components.com\/sl\/wp-json\/wp\/v2\/product"}],"about":[{"href":"https:\/\/fmp-components.com\/sl\/wp-json\/wp\/v2\/types\/product"}],"replies":[{"embeddable":true,"href":"https:\/\/fmp-components.com\/sl\/wp-json\/wp\/v2\/comments?post=1352"}],"wp:featuredmedia":[{"embeddable":true,"href":"https:\/\/fmp-components.com\/sl\/wp-json\/wp\/v2\/media\/1340"}],"wp:attachment":[{"href":"https:\/\/fmp-components.com\/sl\/wp-json\/wp\/v2\/media?parent=1352"}],"wp:term":[{"taxonomy":"product_brand","embeddable":true,"href":"https:\/\/fmp-components.com\/sl\/wp-json\/wp\/v2\/product_brand?post=1352"},{"taxonomy":"product_cat","embeddable":true,"href":"https:\/\/fmp-components.com\/sl\/wp-json\/wp\/v2\/product_cat?post=1352"},{"taxonomy":"product_tag","embeddable":true,"href":"https:\/\/fmp-components.com\/sl\/wp-json\/wp\/v2\/product_tag?post=1352"}],"curies":[{"name":"delovni list","href":"https:\/\/api.w.org\/{rel}","templated":true}]}}