{"id":1345,"date":"2024-12-23T02:18:07","date_gmt":"2024-12-23T02:18:07","guid":{"rendered":"https:\/\/fmp-components.com\/product\/high-quality-double-acting-welded-hydraulic-cylinders-for-sale\/"},"modified":"2024-12-23T03:39:35","modified_gmt":"2024-12-23T03:39:35","slug":"high-quality-double-acting-welded-hydraulic-cylinders-for-sale","status":"publish","type":"product","link":"https:\/\/fmp-components.com\/sl\/product\/high-quality-double-acting-welded-hydraulic-cylinders-for-sale\/","title":{"rendered":"Visokokakovostni dvostransko delujo\u010di varjeni hidravli\u010dni cilindri za prodajo"},"content":{"rendered":"<h2>Visokokakovostni dvostransko delujo\u010di varjeni hidravli\u010dni cilindri za prodajo:<\/h2>\n<p>Na\u0161i visokokakovostni dvostransko delujo\u010di varjeni hidravli\u010dni cilindri so popolna re\u0161itev za vse va\u0161e potrebe po hidravli\u010dni mo\u010di. Ti cilindri so zasnovani tako, da zagotavljajo izjemno zmogljivost in zanesljivost v \u0161irokem spektru aplikacij.<\/p>\n<p>Na\u0161i hidravli\u010dni cilindri z dvojnim delovanjem ponujajo vrhunsko funkcionalnost in vsestranskost. Izvajajo silo v obe smeri, kar omogo\u010da u\u010dinkovito delovanje in natan\u010den nadzor. Ne glede na to, ali morate dvigovati te\u017eke tovore, premikati stroje ali upravljati hidravli\u010dne sisteme, so na\u0161i cilindri prava izbira za vas.<\/p>\n<p>Na\u0161i hidravli\u010dni cilindri so izdelani z mislijo na vzdr\u017eljivost, zato so izdelani iz visokokakovostnih materialov in podvr\u017eeni strogim testiranjem, da se zagotovi dolgotrajno delovanje. Varjena konstrukcija jim doda dodatno trdnost in stabilnost, zaradi \u010desar so sposobni prenesti intenzivno uporabo in ekstremne pogoje. Na\u0161im cilindrom lahko zaupate, da bodo zagotavljali dosledno in zanesljivo hidravli\u010dno mo\u010d, ko jo boste najbolj potrebovali.<\/p>\n<p><img loading=\"lazy\" decoding=\"async\" class=\"alignnone size-full wp-image-1334\" src=\"https:\/\/fmp-components.com\/wp-content\/uploads\/2024\/12\/Adjustable-Clevis-Type-Cylinders-4.webp\" alt=\"Nastavljivi cilindri tipa Clevis\" width=\"800\" height=\"800\" title=\"\" srcset=\"https:\/\/fmp-components.com\/wp-content\/uploads\/2024\/12\/Adjustable-Clevis-Type-Cylinders-4.webp 800w, https:\/\/fmp-components.com\/wp-content\/uploads\/2024\/12\/Adjustable-Clevis-Type-Cylinders-4-480x480.webp 480w\" sizes=\"(min-width: 0px) and (max-width: 480px) 480px, (min-width: 481px) 800px, 100vw\" \/><\/p>\n<p>Na\u0161i dvostransko delujo\u010di varjeni hidravli\u010dni cilindri so enostavni za namestitev in vzdr\u017eevanje. Na voljo so z razli\u010dnimi mo\u017enostmi monta\u017ee, ki ustrezajo va\u0161im specifi\u010dnim zahtevam. Z ustrezno nego in rednim vzdr\u017eevanjem bodo ti cilindri zagotavljali leta brezhibne uporabe.<\/p>\n<p>Ne glede na to, ali delate v gradbeni\u0161tvu, kmetijstvu ali predelovalni industriji, so na\u0161i visokokakovostni dvostransko delujo\u010di varjeni hidravli\u010dni cilindri idealna izbira za va\u0161e potrebe po hidravli\u010dni mo\u010di. Ne zadovoljite se z ni\u010demer manj kot najbolj\u0161im. Investirajte v na\u0161e cilindre in izkusite zmogljivost in zanesljivost, ki si jo zaslu\u017eite.<\/p>\n<table style=\"width: 100%;\" border=\"1\" width=\"100%\" cellspacing=\"0\" cellpadding=\"0\">\n<tbody>\n<tr>\n<th>Ime izdelka<\/th>\n<td>Novi dvostransko delujo\u010di varjeni hidravli\u010dni cilindri<\/td>\n<\/tr>\n<tr>\n<th>Garancija<\/th>\n<td>1 leto<\/td>\n<\/tr>\n<tr>\n<th>Uporabne panoge<\/th>\n<td>Strojne delavnice, kmetije, energetika in rudarstvo, proizvodnja strojev, tovarne strojev<\/td>\n<\/tr>\n<tr>\n<th>Te\u017ea (kg)<\/th>\n<td>30<\/td>\n<\/tr>\n<tr>\n<th>Video izhodni pregled<\/th>\n<td>Zagotovljeno<\/td>\n<\/tr>\n<tr>\n<th>Poro\u010dilo o preskusu strojev<\/th>\n<td>Zagotovljeno<\/td>\n<\/tr>\n<tr>\n<th>Vrsta tr\u017eenja<\/th>\n<td>Nov izdelek 2023<\/td>\n<\/tr>\n<tr>\n<th>Garancija za klju\u010dne komponente<\/th>\n<td>1 leto<\/td>\n<\/tr>\n<tr>\n<th>Osnovne komponente<\/th>\n<td>Le\u017eaji, hidravli\u010dni cilindri<\/td>\n<\/tr>\n<tr>\n<th>Struktura<\/th>\n<td>Batni valj<\/td>\n<\/tr>\n<tr>\n<th>Mo\u010d<\/th>\n<td>Hidravli\u010dni<\/td>\n<\/tr>\n<tr>\n<th>Material ohi\u0161ja<\/th>\n<td>Trdno jeklo<\/td>\n<\/tr>\n<tr>\n<th>Najve\u010dji potisk<\/th>\n<td>3000<\/td>\n<\/tr>\n<tr>\n<th>Vrsta<\/th>\n<td>Nastavljiv valj tipa Clevis<\/td>\n<\/tr>\n<tr>\n<th>Pristani\u0161\u010da<\/th>\n<td>G\/SAE\/NPT\/M<\/td>\n<\/tr>\n<tr>\n<th>Najve\u010dji vlek<\/th>\n<td>20 ton<\/td>\n<\/tr>\n<tr>\n<th>Certificiranje<\/th>\n<td>ISO 9001:2000<\/td>\n<\/tr>\n<tr>\n<th>Velikost izvrtine<\/th>\n<td>2 \u2013 6 palcev<\/td>\n<\/tr>\n<tr>\n<th>Velikost palice<\/th>\n<td>1,125 \u2013 4 palce<\/td>\n<\/tr>\n<tr>\n<th>Velikost poteze<\/th>\n<td>4 \u2013 100 palcev<\/td>\n<\/tr>\n<tr>\n<th>Velikost zati\u010da<\/th>\n<td>0,5 \u2013 2 palca<\/td>\n<\/tr>\n<tr>\n<th>Barva<\/th>\n<td>\u010crna<\/td>\n<\/tr>\n<\/tbody>\n<\/table>\n<h2>Raziskovanje dvostransko delujo\u010dih varjenih hidravli\u010dnih cilindrov<\/h2>\n<p>Izdelek je v bistvu dvosmerno delujo\u010di hidravli\u010dni cilinder, kar pomeni, da uporablja hidravli\u010dno mo\u010d za iztegovanje in vle\u010denje batnice, kar omogo\u010da natan\u010dno gibanje in nadzor. Te vrste cilindrov se zaradi visoke mo\u010di in vzdr\u017eljivosti pogosto uporabljajo v industrijskih strojih in mobilni hidravliki, pa tudi v kmetijski opremi in gradbenih vozilih.<\/p>\n<p>Na\u0161i cilindri se pona\u0161ajo z impresivnimi specifikacijami in podatki o zmogljivosti. Z izvrtino od 2 do 6 palcev, velikostjo palice od 1,125 do 4 palcev, velikostjo hoda od 4 do 100 palcev in velikostjo sornika od 0,5 do 2 palcev so ti cilindri zasnovani za opravljanje razli\u010dnih te\u017ekih nalog. Cilindri lahko dose\u017eejo najve\u010dji potisk 3000 in vle\u010dno silo najve\u010d 20 ton, zaradi \u010desar so mo\u010dan dodatek k vsaki strojni postavitvi.<\/p>\n<p>Dvostransko delujo\u010di hidravli\u010dni cilindri so izdelani iz visokokakovostnega jekla, kar zagotavlja vzdr\u017eljivost in dolgo \u017eivljenjsko dobo. Poleg tega \u010drna barva cilindrov doda plast odpornosti proti koroziji, kar \u0161e podalj\u0161a \u017eivljenjsko dobo in zmogljivost izdelka.<\/p>\n<p>Za tiste, ki potrebujejo bolj prilagojeno re\u0161itev, ponujamo mo\u017enosti prilagoditve na\u0161ih hidravli\u010dnih cilindrov. Ne glede na to, ali potrebujete dolo\u010deno velikost izvrtine, velikost palice ali velikost hoda, se lahko prilagodimo va\u0161im potrebam in zagotovimo optimalno delovanje.<\/p>\n<h2>Prednosti nastavljivih cilindrov tipa Clevis<\/h2>\n<p>Nastavljivi cilindri z vidno glavo, kot so visokokakovostni dvostransko delujo\u010di varjeni hidravli\u010dni cilindri, ki so naprodaj, ponujajo \u0161tevilne prednosti v razli\u010dnih aplikacijah. Ti cilindri so zasnovani z natan\u010dnostjo in strokovnim znanjem, da zagotavljajo vrhunsko zmogljivost in zanesljivost. V tem \u010dlanku bomo raziskali edinstvene lastnosti in prednosti nastavljivih cilindrov z vidno glavo.<\/p>\n<p>1. Izbolj\u0161ana fleksibilnost in prilagodljivost<\/p>\n<p>Nastavljivi cilindri z vidno glavo so znani po svoji izjemni fleksibilnosti in prilagodljivosti. Z mo\u017enostjo spreminjanja dol\u017eine cilindra in polo\u017eaja vidne glave je te cilindre mogo\u010de enostavno prilagoditi specifi\u010dnim zahtevam. Ta fleksibilnost omogo\u010da brezhibno integracijo v razli\u010dne sisteme in zagotavlja optimalno delovanje v razli\u010dnih aplikacijah.<\/p>\n<p>2. Pove\u010dana nosilnost<\/p>\n<p>Ena klju\u010dnih prednosti nastavljivih cilindrov z vidno glavo je njihova sposobnost enostavnega prevleke te\u017ekih bremen. Ti cilindri so zasnovani tako, da prenesejo visoke tlake in zagotavljajo robustne dvi\u017ene zmogljivosti. Napredna zasnova in konstrukcija teh cilindrov jim omogo\u010data, da prenesejo ekstremne obremenitve brez kompromisov glede zmogljivosti ali varnosti.<\/p>\n<p>3. Natan\u010dno pozicioniranje in nadzor<\/p>\n<p>Nastavljivi cilindri z vili\u010dasto glavo so odli\u010dni pri zagotavljanju natan\u010dnega pozicioniranja in nadzora. S svojimi natan\u010dno nastavljenimi hidravli\u010dnimi sistemi ti cilindri ponujajo natan\u010dno in gladko gibanje, kar omogo\u010da natan\u010den nadzor nad obremenitvijo. Ta raven nadzora je klju\u010dnega pomena v aplikacijah, kjer je potrebno natan\u010dno pozicioniranje, na primer pri opremi za ravnanje z materiali ali industrijskih strojih.<\/p>\n<p>4. Izjemna vzdr\u017eljivost in dolgo\u017eivost<\/p>\n<p>Visokokakovostni dvostransko delujo\u010di varjeni hidravli\u010dni cilindri, vklju\u010dno z nastavljivimi cilindri z vidno glavo, so izdelani za dolgo \u017eivljenjsko dobo. Ti cilindri so izdelani iz trpe\u017enih materialov in so podvr\u017eeni strogim ukrepom nadzora kakovosti, ki zagotavljajo njihovo dolgo \u017eivljenjsko dobo in zanesljivost. Zasnovani so tako, da prenesejo te\u017eke obratovalne pogoje, vklju\u010dno z ekstremnimi temperaturami, velikimi obremenitvami in pogosto uporabo, ne da bi pri tem ogrozili njihovo delovanje ali strukturno celovitost.<\/p>\n<p>5. Izbolj\u0161ana u\u010dinkovitost in zmogljivost<\/p>\n<p>Nastavljivi cilindri z vili\u010dasto glavo prispevajo k izbolj\u0161ani u\u010dinkovitosti in zmogljivosti v razli\u010dnih sistemih in aplikacijah. Z zagotavljanjem natan\u010dnega nadzora in zanesljivega delovanja ti cilindri pomagajo poenostaviti procese in optimizirati produktivnost. Njihova sposobnost obvladovanja te\u017ekih bremen in prilagajanja razli\u010dnim zahtevam zagotavlja nemoteno in u\u010dinkovito delovanje, kar prihrani \u010das in zmanj\u0161a \u010das izpada.<\/p>\n<p>Skratka, nastavljivi cilindri z vidno glavo, kot so visokokakovostni dvostransko delujo\u010di varjeni hidravli\u010dni cilindri, ki so naprodaj, ponujajo \u0161tevilne prednosti glede fleksibilnosti, nosilnosti, pozicioniranja, vzdr\u017eljivosti in u\u010dinkovitosti. Ti cilindri so zasnovani tako, da izpolnjujejo najvi\u0161je standarde zmogljivosti in zanesljivosti, zaradi \u010desar so odli\u010dna izbira za \u0161irok spekter uporabe. Ne glede na to, ali gre za opremo za ravnanje z materiali, industrijske stroje ali druge hidravli\u010dne sisteme, nastavljivi cilindri z vidno glavo zagotavljajo vsestranskost in zmogljivost, potrebno za optimalne rezultate.<img decoding=\"async\" src=\"https:\/\/fmp-components.com\/wp-content\/uploads\/2024\/12\/Adjustable-Clevis-Type-Cylinders5.webp\" alt=\"Nastavljiv valj tipa Clevis\" width=\"800\" title=\"\"><\/p>\n<h2>Uporaba nastavljivih cilindrov tipa Clevis<\/h2>\n<p>Nastavljivi cilindri z vili\u010dasto glavo so vsestranske hidravli\u010dne komponente, ki se uporabljajo v razli\u010dnih panogah. Tukaj je nekaj najpogostej\u0161ih uporab teh cilindrov:<\/p>\n<ul>\n<li><strong>Proizvodnja:<\/strong> Nastavljivi cilindri z vidno glavo se pogosto uporabljajo v proizvodnih procesih, kot so \u0161tancanje, oblikovanje kovin in strojna obdelava. Uporabljajo se za nana\u0161anje sile, dr\u017eanje delov na mestu in nadzor gibanja. Visokokakovostni dvostransko delujo\u010di varjeni hidravli\u010dni cilindri, ki so naprodaj, so \u0161e posebej uporabni v proizvodnih okoljih, saj lahko prenesejo visok tlak in zagotavljajo dosledno delovanje.<\/li>\n<li><strong>Gradnja:<\/strong> Nastavljivi cilindri z vidno glavo se pogosto uporabljajo tudi v gradbeni opremi, kot so bagri, buldo\u017eerji in \u017eerjavi. Ti cilindri se uporabljajo za pogon te\u017ekih strojev, dvigovanje in spu\u0161\u010danje bremen ter manipulacijo razli\u010dnih priklju\u010dkov. V gradbenih okoljih je vzdr\u017eljivost klju\u010dnega pomena, zato so pogosto prednostni visokokakovostni dvostransko delujo\u010di varjeni hidravli\u010dni cilindri.<\/li>\n<li><strong>Kmetijstvo:<\/strong> Nastavljivi cilindri z vidno glavo igrajo klju\u010dno vlogo v sodobni kmetijski opremi, kot so traktorji, kombajni in plugi. Ti cilindri se uporabljajo za nadzor gibanja plugov in drugih priklju\u010dkov, kar kmetom omogo\u010da u\u010dinkovitej\u0161o obdelavo zemlje in sajenje polj\u0161\u010din. Visokokakovostni dvostransko delujo\u010di varjeni hidravli\u010dni cilindri, ki so naprodaj, so zaradi svoje zanesljivosti in vzdr\u017eljivosti priljubljeni tudi v kmetijskih okoljih.<\/li>\n<li><strong>Rudarstvo:<\/strong> Nastavljivi cilindri z vidno glavo so bistveni v rudarski opremi, kjer se uporabljajo za pogon vrtalnikov, bagrov in drugih te\u017ekih strojev. Ti cilindri morajo biti sposobni prenesti ekstremni pritisk in delovati v zahtevnih okoljih, zato so visokokakovostni dvostransko delujo\u010di varjeni hidravli\u010dni cilindri, ki so naprodaj, pogosto prednostna izbira.<\/li>\n<li><strong>Prevoz:<\/strong> Nastavljivi cilindri z vidno glavo se uporabljajo tudi v razli\u010dnih transportnih aplikacijah, kot so tovornjaki, avtobusi in letala. Ti cilindri se uporabljajo za pogon razli\u010dnih komponent, kot so podvozje, vrata in rampe, kar omogo\u010da nemoteno in u\u010dinkovito delovanje. Visokokakovostni dvostransko delujo\u010di varjeni hidravli\u010dni cilindri, ki so naprodaj, so bistveni v transportnih okoljih, kjer sta zanesljivost in varnost klju\u010dnega pomena.<\/li>\n<\/ul>\n<p>Skratka, uporaba nastavljivih cilindrov z vidno glavo je \u0161iroka in raznolika ter se uporablja v proizvodnji, gradbeni\u0161tvu, kmetijstvu, rudarstvu in transportu. Pri izbiri teh cilindrov je pomembno izbrati visokokakovostne dvostransko delujo\u010de varjene hidravli\u010dne cilindre, da se zagotovi optimalno delovanje in vzdr\u017eljivost v vsakem okolju.<img decoding=\"async\" src=\"https:\/\/fmp-components.com\/wp-content\/uploads\/2024\/12\/Application-of-Adjustable-Clevis-Type-Cylinders.webp\" alt=\"Nastavljiv valj tipa Clevis\" width=\"800\" title=\"\"><\/p>\n<h3>O FMP \u2013 hidravli\u010dnem cilindru<\/h3>\n<p>FMP je vodilno podjetje na podro\u010dju prodaje in servisa delov in celotnih strojev za gradbeno mehanizacijo. Imamo dolgoletne izku\u0161nje v panogi in ekipo strokovnih strokovnjakov, ki zagotavljajo visokokakovostne in zanesljive dele za gradbeno mehanizacijo ter celovite strojne re\u0161itve. Na\u0161a \u0161iroka paleta izdelkov vklju\u010duje menjalnike za kmetijsko mehanizacijo, planetne menjalnike, industrijske menjalnike, dele za kmetijsko mehanizacijo in vrsto vrhunske dodatne opreme, ki se ujema z njimi. Zavezani smo k zagotavljanju najbolj\u0161ih izdelkov in storitev strankam. Tukaj je nekaj razlogov, zakaj bi morali izbrati FMP za hidravli\u010dne cilindre:<\/p>\n<ol>\n<li><strong>Visokokakovostni in zanesljivi izdelki:<\/strong> Pri FMP dajemo prednost kakovosti na\u0161ih izdelkov. Vzpostavljamo dolgoro\u010dne in stabilne odnose sodelovanja z visokokakovostnimi dobavitelji z vsega sveta. Vsi na\u0161i dobavljeni deli izpolnjujejo stroge standarde kakovosti.<\/li>\n<li><strong>\u0160iroka paleta izdelkov:<\/strong> Ponujamo \u0161iroko paleto hidravli\u010dnih cilindrov, vklju\u010dno s standardnimi in prilagojenimi cilindri. Na\u0161 nastavljiv valj z vili\u010dasto glavo je priljubljen izdelek, ki je zelo vzdr\u017eljiv in prilagodljiv razli\u010dnim potrebam.<\/li>\n<li><strong>Profesionalna prodajna ekipa:<\/strong> Na\u0161a prodajna ekipa je izku\u0161ena in usposobljena v industriji gradbenih strojev. Poznajo najnovej\u0161e razvojne trende in potrebe strank ter vam lahko nudijo strokovno svetovanje o izdelkih in pametne predloge za nakup.<\/li>\n<li><strong>U\u010dinkovita logisti\u010dna distribucija:<\/strong> Razumemo, da je pravo\u010dasna dostava klju\u010dnega pomena za na\u0161e stranke. Zato smo vzpostavili u\u010dinkovit logisti\u010dni distribucijski sistem, ki zagotavlja, da stranke pravo\u010dasno in natan\u010dno prejmejo potrebne dele.<\/li>\n<li><strong>Konkuren\u010dne cene:<\/strong> Pri FMP ponujamo konkuren\u010dne cene brez kompromisov pri kakovosti. Prizadevamo si, da strankam zagotovimo najbolj\u0161e razmerje med ceno in kakovostjo.<\/li>\n<\/ol>\n<p><img decoding=\"async\" src=\"https:\/\/fmp-components.com\/wp-content\/uploads\/2024\/12\/Adjustable-Clevis-Type-Cylinders-6.webp\" alt=\"Nastavljiv valj tipa Clevis\" width=\"807\" title=\"\"><\/p>\n<p>Predani smo zagotavljanju visokokakovostnih izdelkov in storitev na\u0161im strankam in prepri\u010dani smo, da lahko izpolnimo va\u0161e potrebe po hidravli\u010dnih cilindrih. Za dodatna vpra\u0161anja ali naro\u010dilo nas kontaktirajte.<\/p>\n<h2>Pogosta vpra\u0161anja<\/h2>\n<p><strong>V: Ali je mogo\u010de hidravli\u010dne cilindre prilagoditi specifi\u010dnim zahtevam?<\/strong><br \/>\nO: Da, ponujamo mo\u017enosti prilagoditve na\u0161ih hidravli\u010dnih cilindrov va\u0161im specifi\u010dnim potrebam.<\/p>\n<p><strong>V: Kak\u0161no garancijo imajo hidravli\u010dni cilindri?<\/strong><br \/>\nA: Na\u0161i hidravli\u010dni cilindri imajo enoletno garancijo na klju\u010dne komponente \u2013 le\u017eaje in hidravli\u010dni valj.<\/p>\n<p><strong>V: Kak\u0161en je dobavni rok za hidravli\u010dne cilindre?<\/strong><br \/>\nA: Obi\u010dajno je na\u0161 dobavni rok 25-35 dni po potrditvi naro\u010dila.<\/p>\n<p><img decoding=\"async\" src=\"https:\/\/img.jiansujichilun.com\/img\/hydrauliccylinders\/T_hydrauliccylinders-5.webp\" alt=\"hidravli\u010dni cilinder\" width=\"800\" title=\"\"><\/p>\n<p>Avtor: CX<\/p>","protected":false},"excerpt":{"rendered":"<p>High Quality Double Acting Welded Hydraulic Cylinders For Sale: Our High Quality Double Acting Welded Hydraulic Cylinders are the perfect solution for all your hydraulic power needs. These cylinders are designed to provide exceptional performance and reliability in a wide range of applications. With their double acting design, our hydraulic cylinders offer superior functionality and [&hellip;]<\/p>","protected":false},"featured_media":1338,"comment_status":"closed","ping_status":"closed","template":"","meta":{"_et_pb_use_builder":"","_et_pb_old_content":"","_et_gb_content_width":""},"product_brand":[],"product_cat":[39],"product_tag":[41,34],"class_list":{"0":"post-1345","1":"product","2":"type-product","3":"status-publish","4":"has-post-thumbnail","6":"product_cat-adjustable-clevis-type-cylinders","7":"product_tag-adjustable-clevis-type-cylinders","8":"product_tag-hydraulic-cylinder","10":"first","11":"instock","12":"product-type-simple"},"_links":{"self":[{"href":"https:\/\/fmp-components.com\/sl\/wp-json\/wp\/v2\/product\/1345","targetHints":{"allow":["GET"]}}],"collection":[{"href":"https:\/\/fmp-components.com\/sl\/wp-json\/wp\/v2\/product"}],"about":[{"href":"https:\/\/fmp-components.com\/sl\/wp-json\/wp\/v2\/types\/product"}],"replies":[{"embeddable":true,"href":"https:\/\/fmp-components.com\/sl\/wp-json\/wp\/v2\/comments?post=1345"}],"wp:featuredmedia":[{"embeddable":true,"href":"https:\/\/fmp-components.com\/sl\/wp-json\/wp\/v2\/media\/1338"}],"wp:attachment":[{"href":"https:\/\/fmp-components.com\/sl\/wp-json\/wp\/v2\/media?parent=1345"}],"wp:term":[{"taxonomy":"product_brand","embeddable":true,"href":"https:\/\/fmp-components.com\/sl\/wp-json\/wp\/v2\/product_brand?post=1345"},{"taxonomy":"product_cat","embeddable":true,"href":"https:\/\/fmp-components.com\/sl\/wp-json\/wp\/v2\/product_cat?post=1345"},{"taxonomy":"product_tag","embeddable":true,"href":"https:\/\/fmp-components.com\/sl\/wp-json\/wp\/v2\/product_tag?post=1345"}],"curies":[{"name":"delovni list","href":"https:\/\/api.w.org\/{rel}","templated":true}]}}