{"id":1342,"date":"2024-12-23T02:18:07","date_gmt":"2024-12-23T02:18:07","guid":{"rendered":"https:\/\/fmp-components.com\/product\/factory-price-double-acting-hydraulic-cylinder-customized-hydraulic-cylinders-for-sale\/"},"modified":"2024-12-23T03:49:45","modified_gmt":"2024-12-23T03:49:45","slug":"factory-price-double-acting-hydraulic-cylinder-customized-hydraulic-cylinders-for-sale","status":"publish","type":"product","link":"https:\/\/fmp-components.com\/sl\/product\/factory-price-double-acting-hydraulic-cylinder-customized-hydraulic-cylinders-for-sale\/","title":{"rendered":"Tovarni\u0161ka cena dvojno delujo\u010di hidravli\u010dni cilinder po meri hidravli\u010dni cilindri za prodajo"},"content":{"rendered":"<h2>Tovarni\u0161ka cena dvojno delujo\u010di hidravli\u010dni cilinder po meri hidravli\u010dni cilindri za prodajo<\/h2>\n<p>Ta hidravli\u010dni cilinder je zasnovan tako, da ustreza zahtevam te\u017ekih industrijskih aplikacij. Izdelan je iz visokokakovostnih materialov in natan\u010dnega in\u017eeniringa, kar zagotavlja maksimalno vzdr\u017eljivost in zmogljivost.<\/p>\n<p>Dvostransko delujo\u010da zasnova omogo\u010da tako iztegovanje kot umikanje bata, zaradi \u010desar je primeren za \u0161irok spekter uporabe. Hidravli\u010dni cilinder je tudi zelo prilagodljiv, z mo\u017enostmi za dol\u017eino hoda, velikost izvrtine in konfiguracijo monta\u017ee.<\/p>\n<p>Tovarni\u0161ka cena tega hidravli\u010dnega cilindra zagotavlja, da dobite najbolj\u0161e razmerje med ceno in kakovostjo, ne da bi pri tem \u017ertvovali kakovost ali zmogljivost. Ne glede na to, ali potrebujete hidravli\u010dni cilinder za kmetijstvo, gradbeni\u0161tvo ali proizvodnjo, je ta izdelek zanesljiva in stro\u0161kovno u\u010dinkovita izbira.<\/p>\n<p><img loading=\"lazy\" decoding=\"async\" class=\"alignnone size-full wp-image-1334\" src=\"https:\/\/fmp-components.com\/wp-content\/uploads\/2024\/12\/Adjustable-Clevis-Type-Cylinders-4.webp\" alt=\"Nastavljivi cilindri tipa Clevis\" width=\"800\" height=\"800\" title=\"\" srcset=\"https:\/\/fmp-components.com\/wp-content\/uploads\/2024\/12\/Adjustable-Clevis-Type-Cylinders-4.webp 800w, https:\/\/fmp-components.com\/wp-content\/uploads\/2024\/12\/Adjustable-Clevis-Type-Cylinders-4-480x480.webp 480w\" sizes=\"(min-width: 0px) and (max-width: 480px) 480px, (min-width: 481px) 800px, 100vw\" \/><\/p>\n<p>Z nalo\u017ebo v hidravli\u010dni cilinder po meri pri na\u0161em podjetju boste dobili izdelek, ki je prilagojen va\u0161im specifi\u010dnim potrebam in zahtevam. Na\u0161a ekipa strokovnjakov bo tesno sodelovala z vami, da bi zagotovila, da boste prejeli hidravli\u010dni cilinder, ki natan\u010dno ustreza va\u0161im specifikacijam in presega va\u0161a pri\u010dakovanja.<\/p>\n<p>Izberite na\u0161e hidravli\u010dne cilindre z dvojnim delovanjem po meri po tovarni\u0161ki ceni za zanesljivo in visoko zmogljivo hidravli\u010dno re\u0161itev, ki vam bo slu\u017eila \u0161e vrsto let.<\/p>\n<table style=\"width: 100%;\" border=\"1\" width=\"100%\" cellspacing=\"0\" cellpadding=\"0\">\n<tbody>\n<tr>\n<th>Stanje<\/th>\n<td>Novo<\/td>\n<\/tr>\n<tr>\n<th>Garancija<\/th>\n<td>1 leto<\/td>\n<\/tr>\n<tr>\n<th>Uporabne panoge<\/th>\n<td>Strojne delavnice, Kmetije, Energetika in rudarstvo, Proizvodnja strojev, Tovarna strojev<\/td>\n<\/tr>\n<tr>\n<th>Te\u017ea (kg)<\/th>\n<td>30<\/td>\n<\/tr>\n<tr>\n<th>Video izhodni pregled<\/th>\n<td>Zagotovljeno<\/td>\n<\/tr>\n<tr>\n<th>Poro\u010dilo o preskusu strojev<\/th>\n<td>Zagotovljeno<\/td>\n<\/tr>\n<tr>\n<th>Vrsta tr\u017eenja<\/th>\n<td>Nov izdelek 2023<\/td>\n<\/tr>\n<tr>\n<th>Garancija za klju\u010dne komponente<\/th>\n<td>1 leto<\/td>\n<\/tr>\n<tr>\n<th>Osnovne komponente<\/th>\n<td>Le\u017eaj, hidravli\u010dni valj<\/td>\n<\/tr>\n<tr>\n<th>Standardno ali nestandardno<\/th>\n<td>Standardno<\/td>\n<\/tr>\n<tr>\n<th>Struktura<\/th>\n<td>Batni valj<\/td>\n<\/tr>\n<tr>\n<th>Mo\u010d<\/th>\n<td>Hidravli\u010dni<\/td>\n<\/tr>\n<tr>\n<th>Material ohi\u0161ja<\/th>\n<td>Jeklo<\/td>\n<\/tr>\n<tr>\n<th>Najve\u010dji potisk<\/th>\n<td>3000<\/td>\n<\/tr>\n<tr>\n<th>Vrsta<\/th>\n<td>Nastavljivi cilindri tipa Clevis<\/td>\n<\/tr>\n<tr>\n<th>Pristani\u0161\u010da<\/th>\n<td>G\/SAE\/NPT\/M<\/td>\n<\/tr>\n<tr>\n<th>Najve\u010dji vlek<\/th>\n<td>20 ton<\/td>\n<\/tr>\n<tr>\n<th>Certificiranje<\/th>\n<td>ISO 9001:2000<\/td>\n<\/tr>\n<tr>\n<th>Velikost izvrtine<\/th>\n<td>2 \u2013 6 palcev<\/td>\n<\/tr>\n<tr>\n<th>Velikost palice<\/th>\n<td>1,125 \u2013 4 palce<\/td>\n<\/tr>\n<tr>\n<th>Velikost poteze<\/th>\n<td>4 \u2013 100 palcev<\/td>\n<\/tr>\n<tr>\n<th>Velikost zati\u010da<\/th>\n<td>0,5 \u2013 2 palca<\/td>\n<\/tr>\n<tr>\n<th>Barva<\/th>\n<td>\u010crna<\/td>\n<\/tr>\n<tr>\n<th>Podrobnosti o embala\u017ei<\/th>\n<td>\u017delezno ohi\u0161je, ohi\u0161je iz vezanega lesa ali kartonska \u0161katla<\/td>\n<\/tr>\n<\/tbody>\n<\/table>\n<p>Na\u0161i nastavljivi hidravli\u010dni cilindri z vidno glavo so na voljo v standardni obliki z razli\u010dnimi specifikacijami in lastnostmi. Primerni so za \u0161tevilne aplikacije v razli\u010dnih panogah. Izdelek je nov, ponuja enoletno garancijo in ima klju\u010dne komponente, vklju\u010dno z le\u017eajem in hidravli\u010dnim cilindrom. Ima robustno strukturo z batnim cilindrom in deluje na hidravli\u010dno energijo. Ohi\u0161je je izdelano iz jekla, kar zagotavlja vzdr\u017eljivost in dolgotrajno delovanje.<\/p>\n<h2>Prednosti nastavljivih cilindrov tipa Clevis<\/h2>\n<ul>\n<li style=\"list-style-type: none;\">\n<ul>\n<li>Ve\u010dja prilagodljivost pri namestitvi<\/li>\n<\/ul>\n<\/li>\n<\/ul>\n<p>Nastavljiv valj z vili\u010dasto glavo je hidravli\u010dni aktuator, ki je zasnovan z vili\u010dasto glavo na koncu palice. Ta zasnova omogo\u010da namestitev valja v razli\u010dne polo\u017eaje, saj je vili\u010dasto glavo mogo\u010de enostavno nastaviti na \u017eeleni kot. Zaradi te ve\u010dje prilagodljivosti pri namestitvi so ti cilindri idealni za uporabo v razli\u010dnih panogah, vklju\u010dno s proizvodnjo, gradbeni\u0161tvom in kmetijstvom.<\/p>\n<ul>\n<li style=\"list-style-type: none;\">\n<ul>\n<li>Optimizirana zmogljivost<\/li>\n<\/ul>\n<\/li>\n<\/ul>\n<p>Nastavljivi cilindri z vidno glavo so zasnovani za optimizirano delovanje v razli\u010dnih aplikacijah. Ti cilindri so na voljo v enojni in dvostranski izvedbi in jih je mogo\u010de prilagoditi specifi\u010dnim zahtevam glede delovanja. Z lastnostmi, kot sta visoko trdnostna jeklena konstrukcija in natan\u010dna obdelava, so ti cilindri izdelani za vzdr\u017eljivost in dolgotrajno delovanje.<\/p>\n<ul>\n<li style=\"list-style-type: none;\">\n<ul>\n<li>Tovarni\u0161ka cena dvosmernega hidravli\u010dnega cilindra<\/li>\n<\/ul>\n<\/li>\n<\/ul>\n<p>Ena glavnih prednosti nastavljivih cilindrov z vidno glavo je njihova cenovna dostopnost. Ti cilindri so izdelani po poenostavljenem proizvodnem procesu, ki omogo\u010da njihovo proizvodnjo po ni\u017ejih stro\u0161kih kot druge vrste hidravli\u010dnih cilindrov. Zaradi tega so privla\u010dna mo\u017enost za podjetja, ki i\u0161\u010dejo visokokakovostne hidravli\u010dne sisteme po dostopni ceni.<\/p>\n<ul>\n<li style=\"list-style-type: none;\">\n<ul>\n<li>Prilagojeni hidravli\u010dni cilindri za prodajo<\/li>\n<\/ul>\n<\/li>\n<\/ul>\n<p>Nastavljivi cilindri z vidno glavo so na voljo v \u0161iroki paleti velikosti in konfiguracij, kar olaj\u0161a iskanje pravega cilindra za vsako uporabo. Poleg tega je te cilindre mogo\u010de prilagoditi specifi\u010dnim zahtevam, kot so velikost izvrtine, dol\u017eina hoda in mo\u017enosti monta\u017ee. Zaradi te prilagodljivosti pri prilagajanju so nastavljivi cilindri z vidno glavo idealna izbira za podjetja, ki potrebujejo hidravli\u010dne sisteme, prilagojene njihovim specifi\u010dnim potrebam.<\/p>\n<ul>\n<li style=\"list-style-type: none;\">\n<ul>\n<li>Izbolj\u0161ana varnost<\/li>\n<\/ul>\n<\/li>\n<\/ul>\n<p>Nastavljivi cilindri z vidno glavo so zasnovani z mislijo na varnost. Ti cilindri so opremljeni s funkcijami, kot je nastavljivo bla\u017eenje, ki pomaga zmanj\u0161ati udarce in vibracije med delovanjem. Poleg tega so ti cilindri lahko opremljeni s senzorji in drugimi varnostnimi napravami, ki pomagajo prepre\u010diti nesre\u010de in zagotavljajo varno delovanje v razli\u010dnih aplikacijah.<\/p>\n<ul>\n<li style=\"list-style-type: none;\">\n<ul>\n<li>Enostavno vzdr\u017eevanje<\/li>\n<\/ul>\n<\/li>\n<\/ul>\n<p>Nastavljivi cilindri z vidno glavo so zasnovani za enostavno vzdr\u017eevanje. Z lastnostmi, kot so odstranljivi kon\u010dni pokrovi in \u200b\u200bzamenljiva tesnila, je te cilindre mogo\u010de enostavno servisirati in vzdr\u017eevati na terenu. To skraj\u0161a \u010das izpada in pomaga ohranjati hidravli\u010dne sisteme z optimalno zmogljivostjo.<\/p>\n<p>Skratka, nastavljivi cilindri z vidno glavo ponujajo vrsto prednosti, zaradi katerih so idealna izbira za podjetja v razli\u010dnih panogah. Od ve\u010dje prilagodljivosti pri namestitvi do izbolj\u0161anih varnostnih funkcij in enostavnega vzdr\u017eevanja, ti cilindri ponujajo vrsto prednosti, ki lahko pomagajo izbolj\u0161ati delovanje in zmanj\u0161ati stro\u0161ke. Ne glede na to, ali potrebujete dvosmerni hidravli\u010dni cilinder po tovarni\u0161ki ceni ali re\u0161itev po meri, prilagojeno va\u0161im specifi\u010dnim potrebam, so nastavljivi cilindri z vidno glavo vsestranska in zanesljiva izbira za hidravli\u010dne sisteme.<img decoding=\"async\" src=\"https:\/\/fmp-components.com\/wp-content\/uploads\/2024\/12\/Adjustable-Clevis-Type-Cylinders5.webp\" alt=\"Nastavljiv valj tipa Clevis\" width=\"800\" title=\"\"><\/p>\n<h2>Uporaba nastavljivih cilindrov tipa Clevis<\/h2>\n<p>Nastavljivi cilindri z vidno glavo so hidravli\u010dni cilindri, ki jih je mogo\u010de prilagoditi po dol\u017eini, da ustrezajo specifi\u010dnim zahtevam uporabe. Ti cilindri so zasnovani tako, da zagotavljajo zanesljivo in u\u010dinkovito delovanje v \u0161irokem naboru industrijskih aplikacij. V tem \u010dlanku bomo obravnavali razli\u010dne uporabe nastavljivih cilindrov z vidno glavo.<\/p>\n<h3>1. Gradbena industrija<\/h3>\n<p>Gradbena industrija je ena najpogostej\u0161ih uporab nastavljivih cilindrov z vidno glavo. Ti cilindri se uporabljajo za pogon razli\u010dnih te\u017ekih strojev, kot so \u017eerjavi, buldo\u017eerji in bagri. Za to panogo so idealni zaradi svoje sposobnosti, da prenesejo visoke obremenitve, in svoje vzdr\u017eljivosti. Nastavljive cilindre z vidno glavo je mogo\u010de prilagoditi specifi\u010dnim zahtevam gradbene opreme, zaradi \u010desar so zelo vsestranski.<\/p>\n<h3>2. Predelovalna industrija<\/h3>\n<p>Nastavljivi cilindri z vidno glavo se uporabljajo tudi v predelovalni industriji za razli\u010dne namene. Uporabljajo se za pogon stiskalnic, strojev in transportnih sistemov. Ti cilindri so zelo zanesljivi, zaradi \u010desar so idealni za uporabo v visokohitrostnih proizvodnih okoljih. Poleg tega njihova nastavljiva dol\u017eina omogo\u010da enostavno integracijo v obstoje\u010de proizvodne sisteme.<\/p>\n<h3>3. Kmetijska industrija<\/h3>\n<p>Kmetijska industrija uporablja tudi nastavljive cilindre z vidno glavo. Ti cilindri se uporabljajo v kmetijski opremi, kot so plugi, kultivatorji in \u017eetveni stroji. Zaradi svoje vzdr\u017eljivosti in odpornosti na te\u017eke okoljske razmere so idealni za to panogo. Poleg tega njihova nastavljiva dol\u017eina omogo\u010da enostavno integracijo v najrazli\u010dnej\u0161e kmetijske aplikacije.<\/p>\n<h3>4. Prometna industrija<\/h3>\n<p>Nastavljivi cilindri z vidno glavo se uporabljajo tudi v transportni industriji za razli\u010dne namene. Uporabljajo se v tovornjakih, priklopnikih in avtobusih za zagotavljanje zanesljive in u\u010dinkovite mo\u010di hidravli\u010dnih sistemov. Ti cilindri so zelo prilagodljivi, zaradi \u010desar so idealni za uporabo v najrazli\u010dnej\u0161ih transportnih aplikacijah.<\/p>\n<h3>5. Pomorska industrija<\/h3>\n<p>Pomorska industrija je \u0161e ena pogosta uporaba nastavljivih cilindrov z vidno glavo. Ti cilindri se uporabljajo v razli\u010dnih pomorskih aplikacijah, kot so dvigala za \u010dolne, \u017eerjavi in \u200b\u200bvitli. Za to industrijo so idealni zaradi svoje odpornosti na zahtevna morska okolja in korozije.<\/p>\n<p>Skratka, nastavljivi cilindri z vidno glavo so bistvena komponenta v \u0161tevilnih industrijskih aplikacijah. Zaradi svoje vzdr\u017eljivosti, zanesljivosti in nastavljive dol\u017eine so zelo vsestranski in prilagodljivi. Ne glede na to, ali gre za gradbeni\u0161tvo, proizvodnjo, kmetijstvo, transport ali pomorsko industrijo, so nastavljivi cilindri z vidno glavo zanesljiv in u\u010dinkovit vir energije za hidravli\u010dne sisteme.<\/p>\n<p>Klju\u010dne besede: Dvosmerni hidravli\u010dni cilinder po tovarni\u0161ki ceni, Hidravli\u010dni cilindri po meri za prodajo.<img decoding=\"async\" src=\"https:\/\/fmp-components.com\/wp-content\/uploads\/2024\/12\/Application-of-Adjustable-Clevis-Type-Cylinders.webp\" alt=\"Nastavljiv valj tipa Clevis\" width=\"800\" title=\"\"><\/p>\n<h3>O podjetju FMP \u2013 va\u0161em profesionalnem dobavitelju hidravli\u010dnih cilindrov<\/h3>\n<p>I\u0161\u010dete zanesljive in visokokakovostne hidravli\u010dne cilindre za va\u0161o gradbeno mehanizacijo? FMP je prava izbira za vas! Kot podjetje z dolgoletnimi izku\u0161njami v industriji in profesionalno ekipo smo specializirani za prodajo in servis delov za gradbeno mehanizacijo in celotnih strojev. Na\u0161a \u0161iroka paleta izdelkov vklju\u010duje menjalnike za kmetijsko mehanizacijo, industrijske menjalnike, planetarne menjalnike, dele za kmetijsko mehanizacijo in vrsto vrhunske dodatne opreme, ki se ujema z njimi.<\/p>\n<p>Tukaj je le nekaj razlogov, zakaj bi morali izbrati FMP za dobavitelja hidravli\u010dnih cilindrov:<\/p>\n<p>1. Visokokakovostni izdelki \u2013 Sodelujemo s \u0161tevilnimi visokokakovostnimi dobavitelji doma in v tujini, da zagotovimo, da vsi na\u0161i hidravli\u010dni cilindri izpolnjujejo stroge standarde kakovosti. Na\u0161i izdelki so trpe\u017eni, zanesljivi in \u200b\u200bizdelani za dolgo \u017eivljenjsko dobo.<\/p>\n<p>2. Profesionalna prodajna ekipa \u2013 Na\u0161a izku\u0161ena in usposobljena prodajna ekipa je seznanjena z razvojnimi trendi in potrebami strank v industriji gradbenih strojev. Zagotavlja vam lahko strokovno svetovanje o izdelkih in pametne predloge za nakup, da vam pomaga najti pravi hidravli\u010dni cilinder za va\u0161e potrebe.<\/p>\n<p>3. U\u010dinkovita logisti\u010dna distribucija \u2013 Imamo u\u010dinkovit logisti\u010dni distribucijski sistem, ki zagotavlja, da stranke pravo\u010dasno in natan\u010dno prejmejo potrebne dele. Lahko nam zaupate, da vam bomo hidravli\u010dne cilindre dostavili, ko jih boste potrebovali.<\/p>\n<p>4. Prilagodljive mo\u017enosti \u2013 Pri FMP razumemo, da ima vsaka stranka edinstvene potrebe, ko gre za hidravli\u010dne cilindre. Zato ponujamo prilagodljive mo\u017enosti, ki ustrezajo va\u0161im specifi\u010dnim zahtevam.<\/p>\n<p>5. \u0160iroka paleta izdelkov \u2013 Ponujamo \u0161iroko paleto hidravli\u010dnih cilindrov, med katerimi lahko izbirate, vklju\u010dno z nastavljivimi cilindri z vidno glavo, varjenimi cilindri, cilindri z vezno palico in drugimi. To pomeni, da lahko najdete popoln hidravli\u010dni cilinder, ki ustreza va\u0161im potrebam po gradbeni mehanizaciji.<\/p>\n<p>Poleg tega lahko s FMP u\u017eivate v brezskrbnosti, ki jo prina\u0161a sodelovanje z zaupanja vrednim in zanesljivim dobaviteljem. Zakaj bi torej \u010dakali? Kontaktirajte nas \u0161e danes in izvedite ve\u010d o na\u0161ih hidravli\u010dnih cilindrih ter o tem, kako vam lahko pomagamo izpolniti va\u0161e potrebe po gradbeni mehanizaciji.<\/p>\n<p><img decoding=\"async\" src=\"https:\/\/fmp-components.com\/wp-content\/uploads\/2024\/12\/Adjustable-Clevis-Type-Cylinders-6.webp\" alt=\"Nastavljiv valj tipa Clevis\" width=\"804\" title=\"\"><\/p>\n<h2>Pogosta vpra\u0161anja<\/h2>\n<p><strong>V: Koliko \u010dasa velja garancija za va\u0161e hidravli\u010dne cilindre?<\/strong><br \/>\nA: Na na\u0161e hidravli\u010dne cilindre nudimo enoletno garancijo.<\/p>\n<p><strong>V: Iz katerih materialov so izdelani va\u0161i hidravli\u010dni cilindri?<\/strong><br \/>\nA: Na\u0161i hidravli\u010dni cilindri so izdelani iz trpe\u017enega in robustnega jekla.<\/p>\n<p><strong>V: Katere panoge lahko uporabljajo va\u0161e hidravli\u010dne cilindre?<\/strong><br \/>\nA: Na\u0161e hidravli\u010dne cilindre lahko uporabljamo v delavnicah za popravilo strojev, na kmetijah, v energetiki in rudarstvu, proizvodnji strojev ter v tovarnah.<\/p>\n<p><img decoding=\"async\" src=\"https:\/\/img.jiansujichilun.com\/img\/hydrauliccylinders\/B_hydrauliccylinders-4.webp\" alt=\"hidravli\u010dni cilinder\" width=\"800\" title=\"\"><\/p>\n<p>Avtor: CX<\/p>","protected":false},"excerpt":{"rendered":"<p>Factory Price Double Acting Hydraulic Cylinder Customized Hydraulic Cylinders For Sale This hydraulic cylinder is designed to meet the demands of heavy-duty industrial applications. It is built with high-quality materials and precision engineering to ensure maximum durability and performance. The double-acting design allows for both extension and retraction of the piston, making it suitable for [&hellip;]<\/p>","protected":false},"featured_media":1338,"comment_status":"closed","ping_status":"closed","template":"","meta":{"_et_pb_use_builder":"","_et_pb_old_content":"","_et_gb_content_width":""},"product_brand":[],"product_cat":[39],"product_tag":[41,34],"class_list":{"0":"post-1342","1":"product","2":"type-product","3":"status-publish","4":"has-post-thumbnail","6":"product_cat-adjustable-clevis-type-cylinders","7":"product_tag-adjustable-clevis-type-cylinders","8":"product_tag-hydraulic-cylinder","10":"first","11":"instock","12":"product-type-simple"},"_links":{"self":[{"href":"https:\/\/fmp-components.com\/sl\/wp-json\/wp\/v2\/product\/1342","targetHints":{"allow":["GET"]}}],"collection":[{"href":"https:\/\/fmp-components.com\/sl\/wp-json\/wp\/v2\/product"}],"about":[{"href":"https:\/\/fmp-components.com\/sl\/wp-json\/wp\/v2\/types\/product"}],"replies":[{"embeddable":true,"href":"https:\/\/fmp-components.com\/sl\/wp-json\/wp\/v2\/comments?post=1342"}],"wp:featuredmedia":[{"embeddable":true,"href":"https:\/\/fmp-components.com\/sl\/wp-json\/wp\/v2\/media\/1338"}],"wp:attachment":[{"href":"https:\/\/fmp-components.com\/sl\/wp-json\/wp\/v2\/media?parent=1342"}],"wp:term":[{"taxonomy":"product_brand","embeddable":true,"href":"https:\/\/fmp-components.com\/sl\/wp-json\/wp\/v2\/product_brand?post=1342"},{"taxonomy":"product_cat","embeddable":true,"href":"https:\/\/fmp-components.com\/sl\/wp-json\/wp\/v2\/product_cat?post=1342"},{"taxonomy":"product_tag","embeddable":true,"href":"https:\/\/fmp-components.com\/sl\/wp-json\/wp\/v2\/product_tag?post=1342"}],"curies":[{"name":"delovni list","href":"https:\/\/api.w.org\/{rel}","templated":true}]}}