{"id":1339,"date":"2024-12-23T02:18:07","date_gmt":"2024-12-23T02:18:07","guid":{"rendered":"https:\/\/fmp-components.com\/product\/quality-assurance-10-ton-hydraulic-cylinder-welded-hydraulic-cylinder-for-sale\/"},"modified":"2024-12-23T03:50:08","modified_gmt":"2024-12-23T03:50:08","slug":"quality-assurance-10-ton-hydraulic-cylinder-welded-hydraulic-cylinder-for-sale","status":"publish","type":"product","link":"https:\/\/fmp-components.com\/sl\/product\/quality-assurance-10-ton-hydraulic-cylinder-welded-hydraulic-cylinder-for-sale\/","title":{"rendered":"Zagotavljanje kakovosti 10-tonski hidravli\u010dni cilinder Varjeni hidravli\u010dni cilinder za prodajo"},"content":{"rendered":"<h2>Predstavljamo 10-tonski hidravli\u010dni cilinder, varjeni hidravli\u010dni cilinder za prodajo:<\/h2>\n<p>10-tonski hidravli\u010dni cilinder Varjeni hidravli\u010dni cilinder je visokokakovosten izdelek, zasnovan za razli\u010dne industrijske aplikacije. Ta hidravli\u010dni cilinder ponuja izjemno zmogljivost in vzdr\u017eljivost, zaradi \u010desar je zanesljiva izbira za te\u017eka opravila.<\/p>\n<p>Klju\u010dne lastnosti:<br \/>\n1. Visokokakovostna konstrukcija: Hidravli\u010dni cilinder je izdelan natan\u010dno iz vrhunskih materialov, kar zagotavlja dolgo \u017eivljenjsko dobo in odpornost proti obrabi.<br \/>\n2. Robustno in zanesljivo: Z najve\u010djo nosilnostjo 10 ton lahko ta hidravli\u010dni cilinder brez napora prenese te\u017eke obremenitve ter zagotavlja u\u010dinkovito in zanesljivo delovanje.<br \/>\n3. Varjena zasnova: Varjena zasnova izbolj\u0161a strukturno celovitost jeklenke in zagotavlja, da lahko prenese visok tlak in zahtevne obratovalne pogoje.<br \/>\n4. Gladko delovanje: Opremljen z napredno hidravli\u010dno tehnologijo, ta valj ponuja gladko in natan\u010dno delovanje, kar omogo\u010da natan\u010den nadzor in okretnost.<br \/>\n5. Vsestranska uporaba: 10-tonski hidravli\u010dni cilinder Varjeni hidravli\u010dni cilinder je primeren za \u0161iroko paleto uporabe, vklju\u010dno z dvi\u017eno opremo, gradbenimi stroji in industrijskimi avtomatizacijskimi sistemi.<\/p>\n<p><img loading=\"lazy\" decoding=\"async\" class=\"alignnone size-full wp-image-1334\" src=\"https:\/\/fmp-components.com\/wp-content\/uploads\/2024\/12\/Adjustable-Clevis-Type-Cylinders-4.webp\" alt=\"Nastavljivi cilindri tipa Clevis\" width=\"800\" height=\"800\" title=\"\" srcset=\"https:\/\/fmp-components.com\/wp-content\/uploads\/2024\/12\/Adjustable-Clevis-Type-Cylinders-4.webp 800w, https:\/\/fmp-components.com\/wp-content\/uploads\/2024\/12\/Adjustable-Clevis-Type-Cylinders-4-480x480.webp 480w\" sizes=\"(min-width: 0px) and (max-width: 480px) 480px, (min-width: 481px) 800px, 100vw\" \/><\/p>\n<p>Zakaj izbrati 10-tonski hidravli\u010dni cilinder Varjeni hidravli\u010dni cilinder:<br \/>\n1. Vrhunska kakovost: Ta hidravli\u010dni cilinder je izdelan po najvi\u0161jih industrijskih standardih, kar zagotavlja izjemno kakovost in zanesljivost.<br \/>\n2. Izbolj\u0161ana u\u010dinkovitost: Napredna zasnova in tehnologija cilindra optimizirata zmogljivost in u\u010dinkovitost, kar zmanj\u0161uje \u010das izpada in pove\u010duje produktivnost.<br \/>\n3. Stro\u0161kovno u\u010dinkovita re\u0161itev: Z dolgo \u017eivljenjsko dobo in nizkimi zahtevami po vzdr\u017eevanju ta hidravli\u010dni cilinder ponuja stro\u0161kovno u\u010dinkovito re\u0161itev za razli\u010dne panoge.<br \/>\n4. Zaupanja vredna blagovna znamka: 10-tonski hidravli\u010dni cilinder Varjeni hidravli\u010dni cilinder proizvaja ugleden proizvajalec, znan po proizvodnji visokokakovostne hidravli\u010dne opreme.<\/p>\n<p>Skratka, 10-tonski hidravli\u010dni cilinder Varjeni hidravli\u010dni cilinder je vrhunski izdelek, ki ponuja zanesljivo delovanje, vzdr\u017eljivost in vsestranskost. Ne glede na to, ali ga potrebujete za dvigovanje te\u017ekih bremen, gradbeni\u0161tvo ali industrijsko avtomatizacijo, je ta hidravli\u010dni cilinder odli\u010dna izbira.<\/p>\n<p>Odkrijte na\u0161 novi 10-tonski hidravli\u010dni cilinder, ki ponuja najvi\u0161je standarde zagotavljanja kakovosti. Ta varjeni hidravli\u010dni cilinder je idealen za uporabo v razli\u010dnih panogah, vklju\u010dno s servisnimi delavnicami, kmetijstvom, energetiko in rudarstvom ter proizvodnjo strojev. Izdelek s te\u017eo 30 kg je opremljen z videom izhodnega pregleda in poro\u010dilom o preizkusu strojev. Je del na\u0161e nove linije izdelkov za leto 2023, ki zagotavlja najsodobnej\u0161o tehnologijo in zasnovo. Osrednje komponente vklju\u010dujejo le\u017eaj in hidravli\u010dni cilinder z 1-letno garancijo. Ta standardni batni cilinder deluje na hidravli\u010dno energijo, je izdelan iz jekla in ima najve\u010djo potisno silo 3000. Gre za nastavljiv cilinder s \u010delno glavo, priklju\u010dki G\/SAE\/NPT\/M in najve\u010djo vle\u010dno silo 20 ton. Cilinder ima certifikat ISO9001:2000 in je na voljo v elegantni \u010drni barvi. Pona\u0161a se z velikostjo izvrtine 2-6 palcev, velikostjo palice 1,125-4 palca, velikostjo hoda 4-100 palcev in velikostjo zati\u010da 0,5-2 palca.<\/p>\n<h2>Prednosti nastavljivih cilindrov tipa Clevis<\/h2>\n<p>Nastavljivi cilindri z vili\u010dasto glavo, kot je 10-tonski hidravli\u010dni cilinder Quality Assurance, so zaradi svojih edinstvenih lastnosti in prednosti priljubljena izbira v razli\u010dnih panogah. V tem \u010dlanku bomo raziskali prednosti uporabe teh cilindrov in zakaj so bolj\u0161i od drugih mo\u017enosti.<\/p>\n<h3>1. Izbolj\u0161ana fleksibilnost in prilagodljivost<\/h3>\n<p>Ena klju\u010dnih prednosti nastavljivih cilindrov z vidno glavo je njihova sposobnost prilagajanja razli\u010dnim aplikacijam in zahtevam. Ti cilindri ponujajo \u0161irok razpon nastavljivih hodov, kar omogo\u010da natan\u010dno pozicioniranje in fino nastavitev delovanja cilindra. Zaradi te prilagodljivosti so primerni za razli\u010dne naloge, od dvigovanja te\u017ekih bremen do natan\u010dnega pozicioniranja v industrijskih strojih.<\/p>\n<h3>2. Izbolj\u0161ana vzdr\u017eljivost in trdnost<\/h3>\n<p>Varjeni hidravli\u010dni cilindri, kot je 10-tonski hidravli\u010dni cilinder Quality Assurance, so znani po svoji izjemni vzdr\u017eljivosti in trdnosti. Ti cilindri so izdelani tako, da prenesejo visoke tlake in velike obremenitve, zaradi \u010desar so idealni za zahtevne aplikacije. Postopek varjenja, uporabljen pri njihovi konstrukciji, zagotavlja mo\u010dno in neprepustno zasnovo, kar zmanj\u0161uje tveganje okvare in zagotavlja zanesljivo delovanje na dolgi rok.<\/p>\n<h3>3. Optimalna porazdelitev obremenitve<\/h3>\n<p>Nastavljivi cilindri z vili\u010dasto glavo so zasnovani tako, da zagotavljajo optimalno porazdelitev obremenitve in enakomerno porazdelitev te\u017ee po cilindru in njegovih pritrdilnih to\u010dkah. Ta lastnost je \u0161e posebej pomembna v aplikacijah, kjer lahko neenakomerna porazdelitev obremenitve povzro\u010di prezgodnjo obrabo opreme. Z enakomerno porazdelitvijo obremenitve ti cilindri pomagajo izbolj\u0161ati splo\u0161no u\u010dinkovitost in \u017eivljenjsko dobo strojev.<\/p>\n<h3>4. Vsestranskost mo\u017enosti monta\u017ee<\/h3>\n<p>Druga prednost nastavljivih cilindrov z vili\u010dastim kljukico je njihova vsestranskost pri mo\u017enostih monta\u017ee. Zaradi nastavljive zasnove z vili\u010dastim kljukico je te cilindre mogo\u010de enostavno namestiti v razli\u010dne orientacije in polo\u017eaje. Ta prilagodljivost omogo\u010da brezhibno integracijo v razli\u010dne sisteme in stroje, zaradi \u010desar so priljubljena izbira v \u0161tevilnih panogah.<\/p>\n<h3>5. Natan\u010den nadzor in pozicioniranje<\/h3>\n<p>Z nastavljivimi dol\u017einami hoda omogo\u010dajo nastavljivi cilindri z vili\u010dasto glavo natan\u010den nadzor in pozicioniranje. Ta raven natan\u010dnosti je klju\u010dnega pomena v aplikacijah, kjer je potrebno natan\u010dno gibanje in pozicioniranje. Mo\u017enost natan\u010dne nastavitve dol\u017eine hoda omogo\u010da operaterjem, da dose\u017eejo \u017eeleno raven nadzora, kar izbolj\u0161a splo\u0161no u\u010dinkovitost in zmogljivost opreme.<\/p>\n<h3>6. Stro\u0161kovno u\u010dinkovita re\u0161itev<\/h3>\n<p>Kljub naprednim lastnostim in prednostim ponujajo nastavljivi cilindri z vidno glavo stro\u0161kovno u\u010dinkovito re\u0161itev za razli\u010dne panoge. Ti cilindri so zasnovani tako, da so zelo u\u010dinkoviti in vzdr\u017eljivi, kar zmanj\u0161uje potrebo po pogostih popravilih ali zamenjavah. Njihova vsestranskost in prilagodljivost prispevata tudi k prihranku stro\u0161kov, saj zmanj\u0161ujeta potrebo po ve\u010d tipih cilindrov za razli\u010dne aplikacije.<\/p>\n<h3>Zaklju\u010dek<\/h3>\n<p>Skratka, nastavljivi cilindri z vili\u010dasto glavo, kot je 10-tonski hidravli\u010dni cilinder Quality Assurance, ponujajo \u0161tevilne prednosti, zaradi katerih so priljubljena izbira v razli\u010dnih panogah. Od ve\u010dje fleksibilnosti in prilagodljivosti do izbolj\u0161ane vzdr\u017eljivosti in trdnosti ti cilindri zagotavljajo optimalno porazdelitev obremenitve, vsestranske mo\u017enosti pritrditve, natan\u010den nadzor in pozicioniranje, vse po stro\u0161kovno u\u010dinkoviti ceni. Razmislite o vgradnji nastavljivih cilindrov z vili\u010dasto glavo v svoje stroje, da pove\u010date zmogljivost in u\u010dinkovitost.<\/p>\n<p><img decoding=\"async\" src=\"https:\/\/fmp-components.com\/wp-content\/uploads\/2024\/12\/Adjustable-Clevis-Type-Cylinders5.webp\" alt=\"Nastavljiv valj tipa Clevis\" width=\"800\" title=\"\"><\/p>\n<h2>Uporaba nastavljivih cilindrov tipa Clevis<\/h2>\n<p>Nastavljivi cilindri z vidno glavo so hidravli\u010dni cilindri, zasnovani za zagotavljanje zanesljivih in visokozmogljivih rezultatov. Ti cilindri se pogosto uporabljajo v \u0161tevilnih panogah, vklju\u010dno s kmetijstvom, gradbeni\u0161tvom in proizvodnjo. V tej objavi na blogu bomo obravnavali razli\u010dne na\u010dine uporabe nastavljivih cilindrov z vidno glavo in kako ti izbolj\u0161ajo delovanje razli\u010dnih strojev.<\/p>\n<h3>1. Kmetijske aplikacije<\/h3>\n<p>Nastavljivi cilindri z vidno glavo se pogosto uporabljajo v kmetijski mehanizaciji, kot so traktorji, kultivatorji, plugi in \u017eetveni stroji. Uporabljajo se za dvigovanje, potiskanje in vleko te\u017eke opreme ter lahko delujejo v zahtevnih okoljih, kjer so prisotni prah, umazanija in vlaga. Cilindri so zasnovani tako, da prenesejo te\u017eke pogoje, njihova nastavljiva zasnova pa omogo\u010da natan\u010dno pozicioniranje, kar je bistveno za natan\u010dna kmetijska dela. Zagotavljanje kakovosti 10-tonski hidravli\u010dni cilinder Varjeni hidravli\u010dni cilinder za prodajo sta dva primera nastavljivih cilindrov z vidno glavo, ki se pogosto uporabljajo v kmetijski mehanizaciji.<\/p>\n<h3>2. Gradbena uporaba<\/h3>\n<p>V gradbeni industriji se nastavljivi cilindri z vidno glavo uporabljajo v najrazli\u010dnej\u0161ih aplikacijah, vklju\u010dno z bagri, nakladalniki, buldo\u017eerji in \u017eerjavi. Ti cilindri se uporabljajo za dvigovanje in premikanje te\u017ekih bremen, prebijanje trdih povr\u0161in in kopanje jarkov. Uporabljajo se tudi za upravljanje priklju\u010dkov, kot so \u017elice, kladiva in svedri. Nastavljiva zasnova teh cilindrov omogo\u010da enostavno namestitev in vzdr\u017eevanje, kar je bistvenega pomena za gradbeno industrijo. Zagotavljanje kakovosti 10-tonski hidravli\u010dni cilinder Varjeni hidravli\u010dni cilinder za prodajo sta dva primera nastavljivih cilindrov z vidno glavo, ki se pogosto uporabljajo v gradbenih strojih.<\/p>\n<h3>3. Proizvodne aplikacije<\/h3>\n<p>Nastavljivi cilindri z vidno glavo se pogosto uporabljajo v proizvodnih strojih, kot so stiskalnice, stroji za \u0161tancanje in stroji za brizganje plastike. Uporabljajo se za nana\u0161anje sile na razli\u010dne komponente strojev, da se zagotovi natan\u010dnost in to\u010dnost v proizvodnem procesu. Ti cilindri so zasnovani za delovanje pod visokim tlakom in zagotavljanje ponovljive zmogljivosti, kar je bistveno za dosledne in u\u010dinkovite proizvodne operacije. Zagotavljanje kakovosti 10-tonski hidravli\u010dni cilinder Varjeni hidravli\u010dni cilinder za prodajo sta dva primera nastavljivih cilindrov z vidno glavo, ki se pogosto uporabljajo v proizvodnih strojih.<\/p>\n<p>Skratka, nastavljivi cilindri z vidno glavo so bistveni sestavni deli v \u0161tevilnih panogah. Njihova nastavljiva zasnova omogo\u010da natan\u010dno pozicioniranje, enostavno namestitev in vzdr\u017eevanje. Zasnovani so tako, da prenesejo zahtevna okolja in delujejo pod visokim tlakom, kar zagotavlja zanesljivo in dosledno delovanje. Zagotavljanje kakovosti 10-tonski hidravli\u010dni cilinder Varjeni hidravli\u010dni cilinder za prodajo sta dva primera nastavljivih cilindrov z vidno glavo, ki se pogosto uporabljajo v razli\u010dnih panogah. Z uporabo teh cilindrov se lahko mo\u010dno izbolj\u0161a delovanje in u\u010dinkovitost razli\u010dnih strojev.<img decoding=\"async\" src=\"https:\/\/fmp-components.com\/wp-content\/uploads\/2024\/12\/Application-of-Adjustable-Clevis-Type-Cylinders.webp\" alt=\"Nastavljiv valj tipa Clevis\" width=\"800\" title=\"\"><\/p>\n<h3>O hidravli\u010dnem cilindru FMP<\/h3>\n<p><img decoding=\"async\" src=\"https:\/\/fmp-components.com\/wp-content\/uploads\/2024\/12\/Adjustable-Clevis-Type-Cylinders-6.webp\" alt=\"Nastavljiv valj tipa Clevis\" width=\"802\" title=\"\"><\/p>\n<p>V podjetju FMP smo specializirani za proizvodnjo in prodajo visokokakovostnih hidravli\u010dnih cilindrov. Z bogatimi izku\u0161njami v panogi in profesionalno ekipo smo zavezani k zagotavljanju zanesljivih in u\u010dinkovitih re\u0161itev za na\u0161e stranke na podro\u010dju gradbenih strojev. Tukaj je pet klju\u010dnih prednosti na\u0161ih izdelkov in podjetja:<\/p>\n<p>1. \u0160iroka paleta hidravli\u010dnih cilindrov: Ponujamo raznoliko paleto hidravli\u010dnih cilindrov, ki ustrezajo razli\u010dnim zahtevam gradbenih strojev. Od standardnih cilindrov do re\u0161itev po meri \u2013 imamo strokovno znanje, ki zadosti va\u0161im specifi\u010dnim potrebam.<\/p>\n<p>2. Vrhunska kakovost: Na\u0161i hidravli\u010dni cilindri so izdelani iz vrhunskih materialov in napredne tehnologije, kar zagotavlja izjemno vzdr\u017eljivost in zmogljivost. Vsak valj je podvr\u017een strogim pregledom kakovosti, da izpolnjuje najvi\u0161je industrijske standarde.<\/p>\n<p>3. Strokovna prodajna ekipa: Na\u0161a izku\u0161ena prodajna ekipa je dobro seznanjena z najnovej\u0161imi trendi in zahtevami strank v industriji gradbenih strojev. Zagotavljajo vam strokovna svetovanja o izdelkih in dragocene nasvete za nakup, ki vam pomagajo pri sprejemanju premi\u0161ljenih odlo\u010ditev.<\/p>\n<p>4. U\u010dinkovita logisti\u010dna distribucija: Razumemo pomen pravo\u010dasne dostave. Na\u0161 u\u010dinkovit logisti\u010dni distribucijski sistem zagotavlja, da boste potrebne hidravli\u010dne cilindre prejeli pravo\u010dasno in natan\u010dno, s \u010dimer se zmanj\u0161a \u010das izpada in pove\u010da produktivnost.<\/p>\n<p>5. Mo\u010dna partnerstva z dobavitelji: Vzpostavili smo dolgoro\u010dne in stabilne odnose z visokokakovostnimi dobavitelji po vsem svetu. To nam omogo\u010da, da dobavljamo dele za gradbeno mehanizacijo, ki izpolnjujejo stroge standarde kakovosti, kar zagotavlja zanesljivost in dolgo \u017eivljenjsko dobo na\u0161ih hidravli\u010dnih cilindrov.<\/p>\n<p>Izberite hidravli\u010dni cilinder FMP za izjemno kakovost, zanesljivo delovanje in odli\u010dno storitev za stranke. Sodelujte z nami \u0161e danes in izkusite razliko pri delu z gradbenimi stroji.<\/p>\n<h2>Pogosto zastavljena vpra\u0161anja<\/h2>\n<p><strong>V: Za katere panoge je primeren 10-tonski hidravli\u010dni cilinder?<\/strong><br \/>\nA: 10-tonski hidravli\u010dni cilinder je vsestranski in primeren za razli\u010dne panoge, vklju\u010dno s servisnimi delavnicami, kmetijstvom, energetiko in rudarstvom ter proizvodnjo strojev.<\/p>\n<p><strong>V: Katere mo\u017enosti prilagoditve so na voljo za 10-tonski hidravli\u010dni cilinder?<\/strong><br \/>\nA: Pri FMP ponujamo mo\u017enosti prilagoditve velikosti izvrtine, dol\u017eine hoda in nosilnosti, s \u010dimer prilagodimo na\u0161e cilindre va\u0161im natan\u010dnim specifikacijam.<\/p>\n<p><strong>V: Kak\u0161na je garancijska doba za 10-tonski hidravli\u010dni cilinder?<\/strong><\/p>\n<p>A: 10-tonski hidravli\u010dni cilinder ima 1-letno garancijo, ki zagotavlja za\u0161\u010dito va\u0161e nalo\u017ebe.<\/p>\n<p><img decoding=\"async\" src=\"https:\/\/img.jiansujichilun.com\/img\/hydrauliccylinders\/C_hydrauliccylinders-5.webp\" alt=\"hidravli\u010dni cilinder\" width=\"800\" title=\"\"><\/p>\n<p>Avtor: CX<\/p>","protected":false},"excerpt":{"rendered":"<p>Introducing the 10 Ton Hydraulic Cylinder Welded Hydraulic Cylinder For Sale: The 10 Ton Hydraulic Cylinder Welded Hydraulic Cylinder is a high-quality product designed for various industrial applications. This hydraulic cylinder offers exceptional performance and durability, making it a reliable choice for heavy-duty tasks. Key Features: 1. High-Quality Construction: The hydraulic cylinder is constructed with [&hellip;]<\/p>","protected":false},"featured_media":1340,"comment_status":"closed","ping_status":"closed","template":"","meta":{"_et_pb_use_builder":"","_et_pb_old_content":"","_et_gb_content_width":""},"product_brand":[],"product_cat":[39],"product_tag":[41,34],"class_list":{"0":"post-1339","1":"product","2":"type-product","3":"status-publish","4":"has-post-thumbnail","6":"product_cat-adjustable-clevis-type-cylinders","7":"product_tag-adjustable-clevis-type-cylinders","8":"product_tag-hydraulic-cylinder","10":"first","11":"instock","12":"product-type-simple"},"_links":{"self":[{"href":"https:\/\/fmp-components.com\/sl\/wp-json\/wp\/v2\/product\/1339","targetHints":{"allow":["GET"]}}],"collection":[{"href":"https:\/\/fmp-components.com\/sl\/wp-json\/wp\/v2\/product"}],"about":[{"href":"https:\/\/fmp-components.com\/sl\/wp-json\/wp\/v2\/types\/product"}],"replies":[{"embeddable":true,"href":"https:\/\/fmp-components.com\/sl\/wp-json\/wp\/v2\/comments?post=1339"}],"wp:featuredmedia":[{"embeddable":true,"href":"https:\/\/fmp-components.com\/sl\/wp-json\/wp\/v2\/media\/1340"}],"wp:attachment":[{"href":"https:\/\/fmp-components.com\/sl\/wp-json\/wp\/v2\/media?parent=1339"}],"wp:term":[{"taxonomy":"product_brand","embeddable":true,"href":"https:\/\/fmp-components.com\/sl\/wp-json\/wp\/v2\/product_brand?post=1339"},{"taxonomy":"product_cat","embeddable":true,"href":"https:\/\/fmp-components.com\/sl\/wp-json\/wp\/v2\/product_cat?post=1339"},{"taxonomy":"product_tag","embeddable":true,"href":"https:\/\/fmp-components.com\/sl\/wp-json\/wp\/v2\/product_tag?post=1339"}],"curies":[{"name":"delovni list","href":"https:\/\/api.w.org\/{rel}","templated":true}]}}