{"id":1058,"date":"2024-12-19T06:17:44","date_gmt":"2024-12-19T06:17:44","guid":{"rendered":"https:\/\/fmp-components.com\/product\/10050-factory-price-trailer-hydraulic-ram-cylinder-hydraulic-cylinder-for-sale\/"},"modified":"2024-12-23T09:01:24","modified_gmt":"2024-12-23T09:01:24","slug":"10050-factory-price-trailer-hydraulic-ram-cylinder-hydraulic-cylinder-for-sale","status":"publish","type":"product","link":"https:\/\/fmp-components.com\/sl\/product\/10050-factory-price-trailer-hydraulic-ram-cylinder-hydraulic-cylinder-for-sale\/","title":{"rendered":"10050 Tovarni\u0161ka cena Prikolica Hidravli\u010dni cilinder hidravli\u010dnega cilindra Hidravli\u010dni cilinder za prodajo"},"content":{"rendered":"<h2>Predstavitev izdelka:<\/h2>\n<p>Hidravli\u010dni cilinder za prikolice 10050 po tovarni\u0161ki ceni je zanesljiv in u\u010dinkovit hidravli\u010dni cilinder, zasnovan za uporabo v razli\u010dnih vrstah prikolic. Zaradi robustne konstrukcije in vrhunske zmogljivosti je ta hidravli\u010dni cilinder priljubljena izbira v \u0161tevilnih panogah.<\/p>\n<h3>Zna\u010dilnosti in prednosti:<\/h3>\n<p>\u2013 Mo\u010dna in vzdr\u017eljiva konstrukcija: Hidravli\u010dni cilinder 10050 je izdelan iz visokokakovostnih materialov, ki zagotavljajo njegovo trdnost in vzdr\u017eljivost, zaradi \u010desar je dolgoro\u010dna nalo\u017eba za va\u0161e podjetje.<\/p>\n<p>\u2013 U\u010dinkovita zmogljivost: Ta hidravli\u010dni cilinder je zasnovan tako, da zagotavlja neprekosljivo zmogljivost in u\u010dinkovitost, kar zagotavlja nemoteno in zanesljivo delovanje va\u0161e prikolice.<\/p>\n<p>\u2013 Enostavna namestitev: Cilinder je enostaven za namestitev, kar vam prihrani \u010das in denar pri stro\u0161kih namestitve.<\/p>\n<p>\u2013 Nizko vzdr\u017eevanje: Cilinder zahteva minimalno vzdr\u017eevanje, kar skraj\u0161a \u010das izpada in zagotavlja nemoteno delovanje va\u0161ega podjetja.<\/p>\n<p><img decoding=\"async\" src=\"https:\/\/hzpt.com\/wp-content\/uploads\/2023\/12\/insert-1.webp\" alt=\"\" title=\"\"><\/p>\n<h3>Uporaba:<\/h3>\n<p>Hidravli\u010dni cilinder 10050 je primeren za \u0161iroko paleto aplikacij, vklju\u010dno z:<\/p>\n<p>\u2013 Prikolice za prekucnike<br \/>\n\u2013 Prikolice s plo\u0161\u010dadjo<br \/>\n\u2013 Prikolice za te\u017eka vozila<br \/>\n\u2013 Prikolice za prevoz \u017eivine<br \/>\n\u2013 Prikolice za prevoz lesa<br \/>\n\u2013 In \u0161e ve\u010d<\/p>\n<p>Hidravli\u010dni cilinder za prikolico 10050 po tovarni\u0161ki ceni je odli\u010dna nalo\u017eba za vsako podjetje, ki potrebuje zanesljive in visokozmogljive hidravli\u010dne cilindre. Zaradi svoje mo\u010dne konstrukcije, u\u010dinkovitega delovanja in enostavne namestitve je ta hidravli\u010dni cilinder priljubljena izbira za \u0161tevilne panoge. FMP ponuja \u0161iroko izbiro hidravli\u010dnih cilindrov po konkuren\u010dnih tovarni\u0161kih cenah. Ti cilindri so zasnovani tako, da zagotavljajo optimalno delovanje, vzdr\u017eljivost in zanesljivost, kar zagotavlja izjemne rezultate za vse va\u0161e hidravli\u010dne aplikacije.<\/p>\n<p>FMP hidravli\u010dni cilindri: kaj so in njihova funkcija<br \/>\nHidravli\u010dni cilindri podjetja FMP so mehanske naprave, ki pretvarjajo hidravli\u010dno energijo v mehansko mo\u010d. Zaradi svoje u\u010dinkovitosti in uspe\u0161nosti so zelo iskani v razli\u010dnih panogah.<\/p>\n<p>Specifikacije izdelka<br \/>\nNa\u0161i hidravli\u010dni cilindri imajo naslednje tehni\u010dne parametre:<br \/>\n\u2013 Dimenzije: Prilagodljive glede na specifikacije naro\u010dnika<br \/>\n\u2013 Kapaciteta: Odvisno od modela<br \/>\n\u2013 Nosilnost: Zasnovano za te\u017eke aplikacije<\/p>\n<p>Edinstvene lastnosti in prednosti<br \/>\nS hidravli\u010dnimi cilindri FMP lahko u\u017eivate v naslednjih lastnostih:<br \/>\n\u2013 Energetsko u\u010dinkoviti: Na\u0161i cilindri so zasnovani tako, da porabijo manj energije, zaradi \u010desar so stro\u0161kovno u\u010dinkoviti.<br \/>\n\u2013 Visoka zmogljivost: Zasnovano za uporabo pri visoki zmogljivosti in visokem tlaku.<br \/>\n\u2013 Varnost: Opremljen z varnostnimi funkcijami za prepre\u010devanje nesre\u010d med delovanjem.<\/p>\n<p>Razumevanje hidravli\u010dnega sistema in na\u010dela delovanja<br \/>\nHidravli\u010dni cilindri FMP delujejo na preprostem principu tla\u010dne razlike. Visokotla\u010dna hidravli\u010dna teko\u010dina se uporablja za povzro\u010danje gibanja bata, ki nato premika breme.<\/p>\n<p>Uporaba hidravli\u010dnih cilindrov<br \/>\nHidravli\u010dni cilindri podjetja FMP se \u0161iroko uporabljajo v razli\u010dnih panogah, kot so gradbeni\u0161tvo, proizvodnja in transport. Idealni so za dvigovanje, potiskanje ali vle\u010denje te\u017ekih bremen.<\/p>\n<p><img loading=\"lazy\" decoding=\"async\" class=\"alignnone size-full wp-image-1074\" src=\"https:\/\/fmp-components.com\/wp-content\/uploads\/2024\/12\/Welded-Clevis-Type-Cylinder1.webp\" alt=\"Varjeni valj tipa Clevis\" width=\"800\" height=\"800\" title=\"\" srcset=\"https:\/\/fmp-components.com\/wp-content\/uploads\/2024\/12\/Welded-Clevis-Type-Cylinder1.webp 800w, https:\/\/fmp-components.com\/wp-content\/uploads\/2024\/12\/Welded-Clevis-Type-Cylinder1-480x480.webp 480w\" sizes=\"(min-width: 0px) and (max-width: 480px) 480px, (min-width: 481px) 800px, 100vw\" \/><\/p>\n<h3>O FMP-ju<\/h3>\n<p>FMP je vodilni akter na trgu mobilnih hidravli\u010dnih cilindrov v Italiji. S proizvodno zmogljivostjo 200.000 kompletov smo opremljeni s 300 kompleti popolnoma avtomatske CNC proizvodne opreme, kot tudi s popolnoma avtomatsko opremo za monta\u017eo hidravli\u010dnih cilindrov.<\/p>\n<p>Zakaj izbrati FMP<br \/>\nKo izberete FMP, ne dobite le izdelka, temve\u010d tudi kakovost, cenovno ugodnost in zanesljivo storitev. Ponujamo \u0161iroko paleto izdelkov, vklju\u010dno s hidravli\u010dnimi cilindri za dvi\u017ene plo\u0161\u010dadi, industrijska vozila, rotacijske vrtalne stroje, avtodvigala, gradbeno mehanizacijo, vili\u010darje, rudarske prekucnike in sanitarne stroje. Dobrodo\u0161la so tudi naro\u010dila po meri.<\/p>\n<p>Pogosto zastavljena vpra\u0161anja<br \/>\nV: Kak\u0161na je nosilnost va\u0161ih valjev?<br \/>\nA: Odvisno od modela se razlikuje, vendar so na\u0161i cilindri zasnovani za te\u017eke aplikacije.<\/p>\n<p>V: Ali lahko naro\u010dim hidravli\u010dni cilinder po meri?<br \/>\nO: Da, sprejemamo naro\u010dila po meri. Prosimo, posredujte nam svoje specifikacije ali vzorec.<\/p>\n<p>V: Kako vzdr\u017eujem svoj hidravli\u010dni cilinder?<br \/>\nA: Redno preverjanje in menjava hidravli\u010dnega olja in tesnil lahko podalj\u0161a \u017eivljenjsko dobo va\u0161ega cilindra.<\/p>\n<p>V: Kako deluje hidravli\u010dni cilinder?<br \/>\nA: Deluje na principu tla\u010dne razlike. Visokotla\u010dna hidravli\u010dna teko\u010dina se uporablja za povzro\u010danje gibanja bata, ki nato premika breme.<\/p>\n<p>V: Ali lahko obi\u0161\u010dem va\u0161o tovarno?<br \/>\nA: Da, na\u0161o tovarno lahko obi\u0161\u010dete virtualno s klikom na zgornjo povezavo do na\u0161e tovarne VR.<\/p>\n<h2>Prednosti varjenega cilindra s kle\u0161\u010dami<\/h2>\n<p>Varjeni cilindri z vidno glavo so zaradi svojih edinstvenih prednosti in koristi priljubljena izbira za \u0161tevilne industrijske aplikacije. Tukaj je nekaj klju\u010dnih prednosti varjenih cilindrov z vidno glavo:<\/p>\n<h3>1. Pove\u010dana trdnost in vzdr\u017eljivost<\/h3>\n<p>Varjeni cilindri z vidno glavo so izdelani z varjenim kon\u010dnim pokrovom, ki zagotavlja ve\u010djo trdnost in vzdr\u017eljivost v primerjavi z drugimi vrstami cilindrov. Zaradi tega so idealni za te\u017eke aplikacije, ki zahtevajo visoko stopnjo trdnosti in vzdr\u017eljivosti.<\/p>\n<p>Poleg tega varjena zasnova teh jeklenk pomeni, da je manj verjetno, da bodo pu\u0161\u010dale ali odpovedale, kar lahko pomaga zmanj\u0161ati izpade in stro\u0161ke vzdr\u017eevanja.<\/p>\n<h3>2. Sposobnost obvladovanja visokega pritiska<\/h3>\n<p>Varjeni cilindri z vidno glavo so primerni tudi za visokotla\u010dne aplikacije, zaradi \u010desar so priljubljena izbira v panogah, kot so gradbeni\u0161tvo, rudarstvo ter naftna in plinska industrija. Njihova sposobnost obvladovanja visokega tlaka zagotavlja zanesljivo delovanje v zahtevnih okoljih.<\/p>\n<h3>3. Prilagodljiva oblika<\/h3>\n<p>Varjene cilindre z vidno glavo je mogo\u010de oblikovati po meri, da ustrezajo specifi\u010dnim potrebam aplikacije. To pomeni, da jih je mogo\u010de prilagoditi dolo\u010deni velikosti, obliki ali zahtevam glede zmogljivosti. Prilagodljiva zasnova omogo\u010da tudi ve\u010djo fleksibilnost v proizvodnem procesu, kar lahko privede do prihranka stro\u0161kov.<\/p>\n<h3>4. Enostavna namestitev<\/h3>\n<p>Varjeni cilindri z vidno glavo so zasnovani za enostavno namestitev, kar pomaga skraj\u0161ati \u010das nastavitve in stro\u0161ke dela. Obi\u010dajno so vnaprej sestavljeni in pripravljeni za uporabo takoj po razpakiranju, kar zmanj\u0161a potrebo po dodatnih delih ali komponentah.<\/p>\n<h3>5. Izbolj\u0161ana zmogljivost<\/h3>\n<p>Zasnova varjenih cilindrov z vidno glavo omogo\u010da bolj\u0161o zmogljivost v primerjavi z drugimi vrstami cilindrov. Sposobni so ustvariti ve\u010djo silo na enoto tlaka, kar lahko pomaga izbolj\u0161ati u\u010dinkovitost in produktivnost v industrijskih aplikacijah.<\/p>\n<p>Na splo\u0161no varjeni cilindri z vidno glavo ponujajo vrsto prednosti in koristi, zaradi katerih so priljubljena izbira za \u0161tevilne industrijske aplikacije. Zaradi ve\u010dje trdnosti in vzdr\u017eljivosti, sposobnosti prena\u0161anja visokega tlaka, prilagodljive zasnove, enostavne namestitve in izbolj\u0161ane zmogljivosti so idealna izbira za zahtevna okolja, kjer sta zanesljivost in zmogljivost klju\u010dnega pomena.<\/p>\n<h2>Uporaba varjenega cilindra tipa Clevis<\/h2>\n<ul>\n<li><strong>Industrijski stroji:<\/strong> Varjeni cilindri z vidno glavo se pogosto uporabljajo v razli\u010dnih industrijskih strojih za te\u017eke aplikacije. Ti cilindri so sposobni ustvariti veliko silo za dvigovanje in stiskanje komponent v strojih. Varjena zasnova z vidno glavo omogo\u010da enostavno namestitev in u\u010dinkovito delovanje, zaradi \u010desar so priljubljena izbira med proizvajalci.\n<ul>\n<li>V predelovalni industriji se varjeni cilindri s \u010depnim zglobom uporabljajo v hidravli\u010dnih stiskalnicah, strojih za brizganje plastike in opremi za vtiskovanje kovin, da zagotovijo potrebno silo za oblikovanje kovinskih plo\u0161\u010d.<\/li>\n<li>V avtomobilski industriji se ti cilindri uporabljajo v avtomobilskih dvigalkah, dvigalih in monta\u017enih strojih za dvigovanje te\u017ekih komponent med proizvodnim procesom.<\/li>\n<li>V gradbeni industriji se varjeni cilindri tipa Clevis uporabljajo v \u017eerjavih, bagrih in buldo\u017eerjih za pogon hidravli\u010dnih sistemov, ki dvigujejo in premikajo te\u017eke tovore.<\/li>\n<\/ul>\n<\/li>\n<li><strong>Kmetijska mehanizacija:<\/strong> Kmetijska mehanizacija je eno najpomembnej\u0161ih podro\u010dij, kjer se uporabljajo varjeni cilindri z vidno glavo. Ti cilindri se uporabljajo v razli\u010dnih kmetijskih strojih, vklju\u010dno s traktorji, \u017eetvenimi stroji in plugi, da zagotovijo potrebno silo za pripravo tal, sajenje in \u017eetev.\n<ul>\n<li>V kmetijski industriji se varjeni cilindri tipa Clevis uporabljajo v plugih, kultivatorjih in sejalnicah, da zagotovijo potrebno silo za pripravo tal in setev semen.<\/li>\n<li>V industriji \u017eetve se ti cilindri uporabljajo v \u017eetvenih strojih, balirnih strojih in kosilnicah za pogon hidravli\u010dnih sistemov, ki zbirajo in preva\u017eajo pridelke.<\/li>\n<\/ul>\n<\/li>\n<li><strong>Vesoljska in obrambna industrija:<\/strong> Varjeni cilindri s vidno glavo se uporabljajo tudi v letalski in obrambni industriji, kjer se uporabljajo v \u0161tevilnih aplikacijah za letala, rakete, izstrelke in obrambne sisteme.\n<ul>\n<li>V letalski in vesoljski industriji se varjeni cilindri z vidno glavo uporabljajo v podvozjih letal, zakrilcih in zavorah, da zagotovijo potrebno silo za vzlet in pristanek.<\/li>\n<li>V obrambni industriji se ti cilindri uporabljajo v raketnih izstrelitvah, topovskih kupolah in tankovskih sistemih za pogon hidravli\u010dnih sistemov, ki nadzorujejo gibanje oro\u017eja in streliva.<\/li>\n<\/ul>\n<\/li>\n<li><strong>Pomorska industrija:<\/strong> Varjeni cilindri s vidno glavo se pogosto uporabljajo tudi v pomorski industriji, kjer se uporabljajo v razli\u010dnih aplikacijah za ladje, \u010dolne in podvodna vozila.\n<ul>\n<li>V ladijski industriji se varjeni cilindri tipa Clevis uporabljajo v \u017eerjavih, vitlih in opremi za ravnanje s tovorom, da zagotovijo potrebno silo za nakladanje in razkladanje tovora.<\/li>\n<li>V \u010dolnarstvu se ti cilindri uporabljajo v krmilnih sistemih, propelerjih in sidrnih sistemih za zagotavljanje potrebne sile za nadzor gibanja \u010dolnov in ladij.<\/li>\n<li>V industriji podvodnih vozil se varjeni cilindri s vidno glavo uporabljajo v podmornicah, daljinsko upravljanih vozilih (ROV) in potaplja\u0161ki opremi za zagotavljanje potrebne sile za podvodne operacije.<\/li>\n<\/ul>\n<\/li>\n<li><strong>Rudarska industrija:<\/strong> Varjeni cilindri s vidno glavo se uporabljajo tudi v rudarski industriji, kjer se uporabljajo v razli\u010dnih aplikacijah za pridobivanje mineralov in ravnanje z materiali.\n<ul>\n<li>V rudarski industriji se varjeni cilindri tipa Clevis uporabljajo v transportnih sistemih, vrtalnih strojih in hidravli\u010dnih bagrih, da zagotovijo potrebno silo za pridobivanje mineralov in materialov iz rudnikov in kamnolomov.<\/li>\n<\/ul>\n<\/li>\n<\/ul>\n<p><img decoding=\"async\" src=\"https:\/\/hzpt.com\/wp-content\/uploads\/2023\/12\/insert-2.webp\" alt=\"\" title=\"\"><\/p>\n<p>Avtor: CX<\/p>","protected":false},"excerpt":{"rendered":"<p>Product Introduction: The 10050 Factory Price Trailer Hydraulic Ram Cylinder Hydraulic Cylinder For Sale is a reliable and efficient hydraulic cylinder designed for use in various types of trailers. With a sturdy construction and superior performance, this hydraulic cylinder is a preferred choice for many industries. Features and Benefits: &#8211; Strong and durable construction: The [&hellip;]<\/p>","protected":false},"featured_media":1127,"comment_status":"closed","ping_status":"closed","template":"","meta":{"_et_pb_use_builder":"","_et_pb_old_content":"","_et_gb_content_width":""},"product_brand":[],"product_cat":[36],"product_tag":[34,38],"class_list":{"0":"post-1058","1":"product","2":"type-product","3":"status-publish","4":"has-post-thumbnail","6":"product_cat-welded-clevis-type-cylinder","7":"product_tag-hydraulic-cylinder","8":"product_tag-welded-clevis-type-cylinder","10":"first","11":"instock","12":"product-type-simple"},"_links":{"self":[{"href":"https:\/\/fmp-components.com\/sl\/wp-json\/wp\/v2\/product\/1058","targetHints":{"allow":["GET"]}}],"collection":[{"href":"https:\/\/fmp-components.com\/sl\/wp-json\/wp\/v2\/product"}],"about":[{"href":"https:\/\/fmp-components.com\/sl\/wp-json\/wp\/v2\/types\/product"}],"replies":[{"embeddable":true,"href":"https:\/\/fmp-components.com\/sl\/wp-json\/wp\/v2\/comments?post=1058"}],"wp:featuredmedia":[{"embeddable":true,"href":"https:\/\/fmp-components.com\/sl\/wp-json\/wp\/v2\/media\/1127"}],"wp:attachment":[{"href":"https:\/\/fmp-components.com\/sl\/wp-json\/wp\/v2\/media?parent=1058"}],"wp:term":[{"taxonomy":"product_brand","embeddable":true,"href":"https:\/\/fmp-components.com\/sl\/wp-json\/wp\/v2\/product_brand?post=1058"},{"taxonomy":"product_cat","embeddable":true,"href":"https:\/\/fmp-components.com\/sl\/wp-json\/wp\/v2\/product_cat?post=1058"},{"taxonomy":"product_tag","embeddable":true,"href":"https:\/\/fmp-components.com\/sl\/wp-json\/wp\/v2\/product_tag?post=1058"}],"curies":[{"name":"delovni list","href":"https:\/\/api.w.org\/{rel}","templated":true}]}}