{"id":1051,"date":"2024-12-19T06:17:44","date_gmt":"2024-12-19T06:17:44","guid":{"rendered":"https:\/\/fmp-components.com\/product\/10043-guaranteed-quality-hydraulic-ram-cylinder-hydraulic-cylinder-for-sale\/"},"modified":"2025-03-18T00:43:31","modified_gmt":"2025-03-18T00:43:31","slug":"10043-guaranteed-quality-hydraulic-ram-cylinder-hydraulic-cylinder-for-sale","status":"publish","type":"product","link":"https:\/\/fmp-components.com\/sl\/product\/10043-guaranteed-quality-hydraulic-ram-cylinder-hydraulic-cylinder-for-sale\/","title":{"rendered":"10043 Hidravli\u010dni cilinder z zagotovljeno kakovostjo Hidravli\u010dni cilinder za prodajo"},"content":{"rendered":"<h2>Predstavitev izdelka:<\/h2>\n<p>Hidravli\u010dni cilinder 10043 z zagotovljeno kakovostjo je vrhunski hidravli\u010dni cilinder, zasnovan za izjemno zmogljivost in zanesljivost. S svojo vrhunsko kakovostjo in napredno tehnologijo je ta hidravli\u010dni cilinder prelomnica v panogi.<\/p>\n<p>Zna\u010dilnosti:<br \/>\n1. Neprimerljiva vzdr\u017eljivost: Hidravli\u010dni cilinder 10043 je izdelan iz visokokakovostnih materialov in zagotavlja dolgotrajno vzdr\u017eljivost, zaradi \u010desar lahko prenese tudi najte\u017eje delovne pogoje.<br \/>\n2. Zagotovljena kakovost: Vsak hidravli\u010dni valj je podvr\u017een strogim ukrepom nadzora kakovosti, da se zagotovi izpolnjevanje najvi\u0161jih industrijskih standardov in vam zagotovi zanesljivo in brezhibno izku\u0161njo.<br \/>\n3. Zmogljiva zmogljivost: Opremljen z napredno hidravli\u010dno tehnologijo, ta valj zagotavlja izjemno mo\u010d in natan\u010dnost, zaradi \u010desar je popoln za zahtevne aplikacije.<br \/>\n4. Gladko delovanje: Hidravli\u010dni cilinder 10043 ponuja gladko in natan\u010dno delovanje, zahvaljujo\u010d optimizirani zasnovi in \u200b\u200bnatan\u010dnemu in\u017eeniringu.<br \/>\n5. Vsestranska uporaba: Ta hidravli\u010dni cilinder je primeren za \u0161iroko paleto uporabe, vklju\u010dno z gradbenimi stroji, kmetijstvom, rudarstvom in \u0161e ve\u010d.<\/p>\n<p><img loading=\"lazy\" decoding=\"async\" class=\"alignnone size-full wp-image-1073\" src=\"https:\/\/fmp-components.com\/wp-content\/uploads\/2024\/12\/Welded-Clevis-Type-Cylinder2.webp\" alt=\"Varjeni valj tipa Clevis\" width=\"800\" height=\"800\" title=\"\" srcset=\"https:\/\/fmp-components.com\/wp-content\/uploads\/2024\/12\/Welded-Clevis-Type-Cylinder2.webp 800w, https:\/\/fmp-components.com\/wp-content\/uploads\/2024\/12\/Welded-Clevis-Type-Cylinder2-480x480.webp 480w\" sizes=\"(min-width: 0px) and (max-width: 480px) 480px, (min-width: 481px) 800px, 100vw\" \/><\/p>\n<p>Prednosti:<br \/>\n1. Izbolj\u0161ana u\u010dinkovitost: Vrhunska zmogljivost hidravli\u010dnega cilindra 10043 omogo\u010da u\u010dinkovito delovanje, kar ima za posledico ve\u010djo produktivnost in kraj\u0161i \u010das izpada.<br \/>\n2. Stro\u0161kovno u\u010dinkovita re\u0161itev: Z dolgo \u017eivljenjsko dobo in zanesljivim delovanjem ta hidravli\u010dni cilinder ponuja stro\u0161kovno u\u010dinkovito re\u0161itev, ki vam dolgoro\u010dno prihrani denar.<br \/>\n3. Enostavno vzdr\u017eevanje: Hidravli\u010dni cilinder 10043 je zasnovan z mislijo na udobje uporabnika in zahteva minimalno vzdr\u017eevanje, kar skraj\u0161a \u010das izpada in zagotavlja maksimalno u\u010dinkovitost.<br \/>\n4. Izbolj\u0161ana varnost: Hidravli\u010dni cilinder je opremljen z naprednimi varnostnimi funkcijami, ki zagotavljajo varno in zanesljivo delovanje v katerem koli delovnem okolju.<br \/>\n5. Zadovoljstvo strank: Hidravli\u010dni cilinder 10043 ima odli\u010dno podporo strankam, kar zagotavlja, da so va\u0161e potrebe izpolnjene in va\u0161e zadovoljstvo zagotovljeno.<\/p>\n<p>Skratka, 10043 hidravli\u010dni cilinder z zagotovljeno kakovostjo, ki je naprodaj, je vrhunski hidravli\u010dni cilinder, ki ponuja izjemno zmogljivost, vzdr\u017eljivost in zanesljivost. Z naprednimi funkcijami in vsestransko uporabnostjo je odli\u010dna izbira za vsako panogo, ki zahteva zanesljivo hidravli\u010dno mo\u010d.<\/p>\n<h2>Uvod v na\u0161 hidravli\u010dni cilinder<\/h2>\n<p>V podjetju FMP smo ponosni na proizvodnjo vrhunskih hidravli\u010dnih cilindrov. Na\u0161e strokovno znanje in predanost kakovosti zagotavljata, da na\u0161e stranke prejmejo le najbolj\u0161e. S sede\u017eem v Italiji smo vodilni v industriji hidravli\u010dnih cilindrov.<\/p>\n<h2>Zna\u010dilnosti in prednosti na\u0161ega hidravli\u010dnega cilindra<\/h2>\n<p>Na\u0161i hidravli\u010dni cilindri so zasnovani za u\u010dinkovitost in var\u010devanje z energijo. Znani so tudi po svojih varnostnih funkcijah. Zanesete se lahko na visoko nosilnost na\u0161ih hidravli\u010dnih cilindrov pri opravljanju te\u017ekih nalog. Podrobnosti izdelka, kot so dimenzije in zmogljivost, so podrobno opisane v razdelku s tehni\u010dnimi parametri.<\/p>\n<ol>\n<li><img decoding=\"async\" src=\"https:\/\/hzpt.com\/wp-content\/uploads\/2023\/12\/insert-1.webp\" alt=\"\" title=\"\"><\/li>\n<\/ol>\n<h2>Tehni\u010dni parametri na\u0161ega hidravli\u010dnega cilindra<\/h2>\n<ul>\n<li>Dimenzije: za polnjenje<\/li>\n<li>Kapaciteta: \u0161e ni zapolnjena<\/li>\n<li>Nosilnost: za polnjenje<\/li>\n<\/ul>\n<h2>Edinstvene lastnosti na\u0161ega hidravli\u010dnega cilindra<\/h2>\n<p>Hidravli\u010dni cilindri FMP niso le u\u010dinkoviti in varni, temve\u010d so tudi zasnovani tako, da so okolju prijazni. Izdelani so za delovanje pod visokim tlakom brez kompromisov pri zmogljivosti.<\/p>\n<h2>Na\u010delo delovanja hidravli\u010dnih sistemov<\/h2>\n<p>Na\u010delo delovanja hidravli\u010dnih sistemov temelji na Pascalovem zakonu. Tlak, ki deluje na eni to\u010dki v zaprti teko\u010dini, se enakomerno prena\u0161a v vse smeri, kar omogo\u010da delovanje hidravli\u010dnih valjev.<\/p>\n<h2>Izbira, namestitev in vzdr\u017eevanje na\u0161ega hidravli\u010dnega cilindra<\/h2>\n<p>Izbira pravega hidravli\u010dnega olja in oljnega tesnila je klju\u010dnega pomena za u\u010dinkovito delovanje hidravli\u010dnih cilindrov. Pomembno je upo\u0161tevati tudi merjenje in delovanje hidravli\u010dnih cilindrov. Na vseh teh podro\u010djih nudimo podrobne informacije in pomo\u010d.<\/p>\n<p>&nbsp;<\/p>\n<p><img decoding=\"async\" src=\"https:\/\/hzpt.com\/wp-content\/uploads\/2023\/12\/insert-3.webp\" alt=\"\" title=\"\"><\/p>\n<p>O: Da, ponujamo storitve prilagajanja. Lahko nam posredujete svoje zahteve in izdelek bomo izdelali v skladu s tem.<\/p>\n<h2>Prednosti varjenega cilindra s kle\u0161\u010dami<\/h2>\n<p>Varjeni cilindri z vidno glavo so zaradi svojih edinstvenih prednosti in koristi priljubljena izbira za \u0161tevilne industrijske aplikacije. Tukaj je nekaj klju\u010dnih prednosti varjenih cilindrov z vidno glavo:<\/p>\n<h3>1. Pove\u010dana trdnost in vzdr\u017eljivost<\/h3>\n<p>Varjeni cilindri z vidno glavo so izdelani z varjenim kon\u010dnim pokrovom, ki zagotavlja ve\u010djo trdnost in vzdr\u017eljivost v primerjavi z drugimi vrstami cilindrov. Zaradi tega so idealni za te\u017eke aplikacije, ki zahtevajo visoko stopnjo trdnosti in vzdr\u017eljivosti.<\/p>\n<p>Poleg tega varjena zasnova teh jeklenk pomeni, da je manj verjetno, da bodo pu\u0161\u010dale ali odpovedale, kar lahko pomaga zmanj\u0161ati izpade in stro\u0161ke vzdr\u017eevanja.<\/p>\n<h3>2. Sposobnost obvladovanja visokega pritiska<\/h3>\n<p>Varjeni cilindri z vidno glavo so primerni tudi za visokotla\u010dne aplikacije, zaradi \u010desar so priljubljena izbira v panogah, kot so gradbeni\u0161tvo, rudarstvo ter naftna in plinska industrija. Njihova sposobnost obvladovanja visokega tlaka zagotavlja zanesljivo delovanje v zahtevnih okoljih.<\/p>\n<h3>3. Prilagodljiva oblika<\/h3>\n<p>Varjene cilindre z vidno glavo je mogo\u010de oblikovati po meri, da ustrezajo specifi\u010dnim potrebam aplikacije. To pomeni, da jih je mogo\u010de prilagoditi dolo\u010deni velikosti, obliki ali zahtevam glede zmogljivosti. Prilagodljiva zasnova omogo\u010da tudi ve\u010djo fleksibilnost v proizvodnem procesu, kar lahko privede do prihranka stro\u0161kov.<\/p>\n<h3>4. Enostavna namestitev<\/h3>\n<p>Varjeni cilindri z vidno glavo so zasnovani za enostavno namestitev, kar pomaga skraj\u0161ati \u010das nastavitve in stro\u0161ke dela. Obi\u010dajno so vnaprej sestavljeni in pripravljeni za uporabo takoj po razpakiranju, kar zmanj\u0161a potrebo po dodatnih delih ali komponentah.<\/p>\n<h3>5. Izbolj\u0161ana zmogljivost<\/h3>\n<p>Zasnova varjenih cilindrov z vidno glavo omogo\u010da bolj\u0161o zmogljivost v primerjavi z drugimi vrstami cilindrov. Sposobni so ustvariti ve\u010djo silo na enoto tlaka, kar lahko pomaga izbolj\u0161ati u\u010dinkovitost in produktivnost v industrijskih aplikacijah.<\/p>\n<p>Na splo\u0161no varjeni cilindri z vidno glavo ponujajo vrsto prednosti in koristi, zaradi katerih so priljubljena izbira za \u0161tevilne industrijske aplikacije. Zaradi ve\u010dje trdnosti in vzdr\u017eljivosti, sposobnosti prena\u0161anja visokega tlaka, prilagodljive zasnove, enostavne namestitve in izbolj\u0161ane zmogljivosti so idealna izbira za zahtevna okolja, kjer sta zanesljivost in zmogljivost klju\u010dnega pomena.<\/p>\n<p><img decoding=\"async\" src=\"https:\/\/hzpt.com\/wp-content\/uploads\/2023\/12\/insert-2.webp\" alt=\"\" title=\"\"><\/p>\n<h2>Uporaba varjenega cilindra tipa Clevis<\/h2>\n<ul>\n<li><strong>Industrijski stroji:<\/strong> Varjeni cilindri z vidno glavo se pogosto uporabljajo v razli\u010dnih industrijskih strojih za te\u017eke aplikacije. Ti cilindri so sposobni ustvariti veliko silo za dvigovanje in stiskanje komponent v strojih. Varjena zasnova z vidno glavo omogo\u010da enostavno namestitev in u\u010dinkovito delovanje, zaradi \u010desar so priljubljena izbira med proizvajalci.\n<ul>\n<li>V predelovalni industriji se varjeni cilindri s \u010depnim zglobom uporabljajo v hidravli\u010dnih stiskalnicah, strojih za brizganje plastike in opremi za vtiskovanje kovin, da zagotovijo potrebno silo za oblikovanje kovinskih plo\u0161\u010d.<\/li>\n<li>V avtomobilski industriji se ti cilindri uporabljajo v avtomobilskih dvigalkah, dvigalih in monta\u017enih strojih za dvigovanje te\u017ekih komponent med proizvodnim procesom.<\/li>\n<li>V gradbeni industriji se varjeni cilindri tipa Clevis uporabljajo v \u017eerjavih, bagrih in buldo\u017eerjih za pogon hidravli\u010dnih sistemov, ki dvigujejo in premikajo te\u017eke tovore.<\/li>\n<\/ul>\n<\/li>\n<li><strong>Kmetijska mehanizacija:<\/strong> Kmetijska mehanizacija je eno najpomembnej\u0161ih podro\u010dij, kjer se uporabljajo varjeni cilindri z vidno glavo. Ti cilindri se uporabljajo v razli\u010dnih kmetijskih strojih, vklju\u010dno s traktorji, \u017eetvenimi stroji in plugi, da zagotovijo potrebno silo za pripravo tal, sajenje in \u017eetev.\n<ul>\n<li>V kmetijski industriji se varjeni cilindri tipa Clevis uporabljajo v plugih, kultivatorjih in sejalnicah, da zagotovijo potrebno silo za pripravo tal in setev semen.<\/li>\n<li>V industriji \u017eetve se ti cilindri uporabljajo v \u017eetvenih strojih, balirnih strojih in kosilnicah za pogon hidravli\u010dnih sistemov, ki zbirajo in preva\u017eajo pridelke.<\/li>\n<\/ul>\n<\/li>\n<li><strong>Vesoljska in obrambna industrija:<\/strong> Varjeni cilindri s vidno glavo se uporabljajo tudi v letalski in obrambni industriji, kjer se uporabljajo v \u0161tevilnih aplikacijah za letala, rakete, izstrelke in obrambne sisteme.\n<ul>\n<li>V letalski in vesoljski industriji se varjeni cilindri z vidno glavo uporabljajo v podvozjih letal, zakrilcih in zavorah, da zagotovijo potrebno silo za vzlet in pristanek.<\/li>\n<li>V obrambni industriji se ti cilindri uporabljajo v raketnih izstrelitvah, topovskih kupolah in tankovskih sistemih za pogon hidravli\u010dnih sistemov, ki nadzorujejo gibanje oro\u017eja in streliva.<\/li>\n<\/ul>\n<\/li>\n<li><strong>Pomorska industrija:<\/strong> Varjeni cilindri s vidno glavo se pogosto uporabljajo tudi v pomorski industriji, kjer se uporabljajo v razli\u010dnih aplikacijah za ladje, \u010dolne in podvodna vozila.\n<ul>\n<li>V ladijski industriji se varjeni cilindri tipa Clevis uporabljajo v \u017eerjavih, vitlih in opremi za ravnanje s tovorom, da zagotovijo potrebno silo za nakladanje in razkladanje tovora.<\/li>\n<li>V \u010dolnarstvu se ti cilindri uporabljajo v krmilnih sistemih, propelerjih in sidrnih sistemih za zagotavljanje potrebne sile za nadzor gibanja \u010dolnov in ladij.<\/li>\n<li>V industriji podvodnih vozil se varjeni cilindri s vidno glavo uporabljajo v podmornicah, daljinsko upravljanih vozilih (ROV) in potaplja\u0161ki opremi za zagotavljanje potrebne sile za podvodne operacije.<\/li>\n<\/ul>\n<\/li>\n<li><strong>Rudarska industrija:<\/strong> Varjeni cilindri s vidno glavo se uporabljajo tudi v rudarski industriji, kjer se uporabljajo v razli\u010dnih aplikacijah za pridobivanje mineralov in ravnanje z materiali.\n<ul>\n<li>V rudarski industriji se varjeni cilindri tipa Clevis uporabljajo v transportnih sistemih, vrtalnih strojih in hidravli\u010dnih bagrih, da zagotovijo potrebno silo za pridobivanje mineralov in materialov iz rudnikov in kamnolomov.<\/li>\n<\/ul>\n<\/li>\n<\/ul>\n<h2>O FMP-ju<\/h2>\n<p>FMP je vodilni proizvajalec hidravli\u010dnih cilindrov v Italiji. Imamo proizvodno zmogljivost 200.000 kompletov in 300 kompletov razli\u010dnih vrst popolnoma avtomatske CNC proizvodne opreme. Na\u0161a ponudba izdelkov vklju\u010duje hidravli\u010dne nagibne cilindre, hidravli\u010dne krmilne cilindre in hidravli\u010dne dvi\u017ene cilindre.<\/p>\n<p>Ponujamo visokokakovostne izdelke, konkuren\u010dne cene in odli\u010dno storitev. Na\u0161i hidravli\u010dni cilindri, cilindri za delovne plo\u0161\u010dadi, hidravli\u010dni cilindri za industrijska vozila, cilindri za rotacijske vrtalne stroje, cilindri za avtodvigala, hidravli\u010dni cilindri za gradbeno mehanizacijo, <b>Hidravli\u010dni cilindri za vili\u010darje<\/b>, cilindri za rudarske prekucnike, hidravli\u010dni cilindri za sanitarne stroje so na voljo za prilagoditev glede na va\u0161e zahteve.<\/p>\n<p><img decoding=\"async\" src=\"https:\/\/hzpt.com\/wp-content\/uploads\/2023\/12\/insert-5.webp\" alt=\"Tovarna FMP\" title=\"\"><\/p>\n<p>Avtor: CX<\/p>","protected":false},"excerpt":{"rendered":"<p>Product Introduction: The 10043 Guaranteed Quality Hydraulic Ram Cylinder Hydraulic Cylinder For Sale is a top-notch hydraulic cylinder designed to deliver exceptional performance and reliability. With its superior quality and advanced technology, this hydraulic cylinder is a game-changer in the industry. Features: 1. Unparalleled Durability: Built with high-quality materials, the 10043 hydraulic cylinder ensures long-lasting [&hellip;]<\/p>","protected":false},"featured_media":1127,"comment_status":"closed","ping_status":"closed","template":"","meta":{"_et_pb_use_builder":"","_et_pb_old_content":"","_et_gb_content_width":""},"product_brand":[],"product_cat":[36],"product_tag":[34,38],"class_list":{"0":"post-1051","1":"product","2":"type-product","3":"status-publish","4":"has-post-thumbnail","6":"product_cat-welded-clevis-type-cylinder","7":"product_tag-hydraulic-cylinder","8":"product_tag-welded-clevis-type-cylinder","10":"first","11":"instock","12":"product-type-simple"},"_links":{"self":[{"href":"https:\/\/fmp-components.com\/sl\/wp-json\/wp\/v2\/product\/1051","targetHints":{"allow":["GET"]}}],"collection":[{"href":"https:\/\/fmp-components.com\/sl\/wp-json\/wp\/v2\/product"}],"about":[{"href":"https:\/\/fmp-components.com\/sl\/wp-json\/wp\/v2\/types\/product"}],"replies":[{"embeddable":true,"href":"https:\/\/fmp-components.com\/sl\/wp-json\/wp\/v2\/comments?post=1051"}],"wp:featuredmedia":[{"embeddable":true,"href":"https:\/\/fmp-components.com\/sl\/wp-json\/wp\/v2\/media\/1127"}],"wp:attachment":[{"href":"https:\/\/fmp-components.com\/sl\/wp-json\/wp\/v2\/media?parent=1051"}],"wp:term":[{"taxonomy":"product_brand","embeddable":true,"href":"https:\/\/fmp-components.com\/sl\/wp-json\/wp\/v2\/product_brand?post=1051"},{"taxonomy":"product_cat","embeddable":true,"href":"https:\/\/fmp-components.com\/sl\/wp-json\/wp\/v2\/product_cat?post=1051"},{"taxonomy":"product_tag","embeddable":true,"href":"https:\/\/fmp-components.com\/sl\/wp-json\/wp\/v2\/product_tag?post=1051"}],"curies":[{"name":"delovni list","href":"https:\/\/api.w.org\/{rel}","templated":true}]}}