{"id":1046,"date":"2024-12-19T06:17:09","date_gmt":"2024-12-19T06:17:09","guid":{"rendered":"https:\/\/fmp-components.com\/product\/10038-factory-direct-sale-1200mm-stroke-hydraulic-cylinder-mini-hydraulic-cylinder-for-trailer\/"},"modified":"2024-12-24T00:35:48","modified_gmt":"2024-12-24T00:35:48","slug":"10038-factory-direct-sale-1200mm-stroke-hydraulic-cylinder-mini-hydraulic-cylinder-for-trailer","status":"publish","type":"product","link":"https:\/\/fmp-components.com\/sl\/product\/10038-factory-direct-sale-1200mm-stroke-hydraulic-cylinder-mini-hydraulic-cylinder-for-trailer\/","title":{"rendered":"10038 Tovarni\u0161ka neposredna prodaja Hidravli\u010dni cilinder s hodom 1200 mm Mini hidravli\u010dni cilinder za prikolico"},"content":{"rendered":"<h2>Predstavitev izdelka:<\/h2>\n<p>Mini hidravli\u010dni cilinder 10038 z dol\u017eino hoda 1200 mm za prikolico, neposredna prodaja iz tovarne, je zelo u\u010dinkovit in zanesljiv hidravli\u010dni cilinder, zasnovan za prikolice. Z dol\u017eino hoda 1200 mm ta hidravli\u010dni cilinder ponuja izjemno zmogljivost in vzdr\u017eljivost.<\/p>\n<p>Ta mini hidravli\u010dni cilinder s kompaktno zasnovo je idealen za prikolice, ki zahtevajo natan\u010dno dvigovanje in spu\u0161\u010danje. Zasnovan je z napredno tehnologijo, ki zagotavlja gladke in nadzorovane gibe, zaradi \u010desar je idealen za razli\u010dne aplikacije v industriji prikolic.<\/p>\n<p>Hidravli\u010dni cilinder 10038 s hodom 1200 mm, ki je naprodaj neposredno iz tovarne, je izdelan iz visokokakovostnih materialov in s strogimi postopki nadzora kakovosti. To zagotavlja njegovo dolgo \u017eivljenjsko dobo in sposobnost prena\u0161anja velikih obremenitev ter te\u017ekih delovnih pogojev. Zaradi robustne konstrukcije in komponent, odpornih proti koroziji, je zanesljiva izbira za lastnike in upravljavce priklopnikov.<\/p>\n<p><img decoding=\"async\" src=\"https:\/\/hzpt.com\/wp-content\/uploads\/2023\/12\/insert-4.webp?v=1694163707\" alt=\"\" title=\"\"><\/p>\n<p>Poleg vzdr\u017eljivosti ta hidravli\u010dni cilinder ponuja enostavno namestitev in vzdr\u017eevanje. Zasnovan je za enostavno integracijo v sisteme prikolic, kar prihrani \u010das in trud med postopkom nastavitve. Redno vzdr\u017eevanje zagotavlja optimalno delovanje in podalj\u0161uje \u017eivljenjsko dobo hidravli\u010dnega cilindra.<\/p>\n<p>Z odli\u010dno zmogljivostjo, vzdr\u017eljivostjo in uporabniku prijazno zasnovo je 10038 Mini hidravli\u010dni cilinder s 1200 mm hodom za prikolico, ki je naprodaj neposredno iz tovarne, odli\u010dna izbira za posameznike in podjetja, ki potrebujejo zanesljivo re\u0161itev s hidravli\u010dnim cilindrom.<\/p>\n<h2>Funkcije in lastnosti<\/h2>\n<p>Ta hidravli\u010dni cilinder se pona\u0161a z vrsto impresivnih lastnosti, zaradi katerih je odli\u010dna izbira za prikolice. Ima dol\u017eino hoda 1200 mm, zaradi \u010desar je idealen za uporabo v razli\u010dnih aplikacijah.<\/p>\n<h3>Tehni\u010dne specifikacije<\/h3>\n<ul>\n<li>Dol\u017eina hoda: 1200 mm<\/li>\n<li>Zmogljivost: Visoka<\/li>\n<li>Zmogljivost: U\u010dinkovita in zanesljiva<\/li>\n<\/ul>\n<h3>Edinstvene lastnosti in prednosti<\/h3>\n<p>Ta hidravli\u010dni cilinder je energetsko u\u010dinkovit, visoko zmogljiv in varen. Zaradi teh lastnosti je na trgu zelo iskan izdelek.<\/p>\n<p><img decoding=\"async\" src=\"https:\/\/hzpt.com\/wp-content\/uploads\/2023\/12\/insert-1.webp\" alt=\"\" title=\"\"><\/p>\n<h2>Hidravli\u010dni sistem in princip delovanja<\/h2>\n<p>Delovanje hidravli\u010dnega cilindra temelji na na\u010delih mehanike teko\u010din. Za ustvarjanje sile in gibanja uporablja hidravli\u010dno olje, zaradi \u010desar je bistveni sestavni del vsakega hidravli\u010dnega sistema.<\/p>\n<p>Mini hidravli\u010dni cilinder za prikolico s 1200 mm hodom ima bogato zgodovino, saj so na voljo razli\u010dni tipi. Namestitev, vzdr\u017eevanje in popravilo so preprosti, zaradi \u010desar je uporabniku prijazen izdelek.<\/p>\n<h2>Izbira izdelka<\/h2>\n<p>Izbira pravega hidravli\u010dnega olja in oljnega tesnila je klju\u010dnega pomena za optimalno delovanje hidravli\u010dnega cilindra. Meritve in postopki zamenjave so preprosti, kar zagotavlja, da va\u0161 hidravli\u010dni valj vedno zagotavlja vrhunsko zmogljivost.<\/p>\n<h2>Prednosti varjenega cilindra s kle\u0161\u010dami<\/h2>\n<p>Varjeni cilindri z vidno glavo so zaradi svojih edinstvenih prednosti in koristi priljubljena izbira za \u0161tevilne industrijske aplikacije. Tukaj je nekaj klju\u010dnih prednosti varjenih cilindrov z vidno glavo:<\/p>\n<h3>1. Pove\u010dana trdnost in vzdr\u017eljivost<\/h3>\n<p>Varjeni cilindri z vidno glavo so izdelani z varjenim kon\u010dnim pokrovom, ki zagotavlja ve\u010djo trdnost in vzdr\u017eljivost v primerjavi z drugimi vrstami cilindrov. Zaradi tega so idealni za te\u017eke aplikacije, ki zahtevajo visoko stopnjo trdnosti in vzdr\u017eljivosti.<\/p>\n<p>Poleg tega varjena zasnova teh jeklenk pomeni, da je manj verjetno, da bodo pu\u0161\u010dale ali odpovedale, kar lahko pomaga zmanj\u0161ati izpade in stro\u0161ke vzdr\u017eevanja.<\/p>\n<h3>2. Sposobnost obvladovanja visokega pritiska<\/h3>\n<p>Varjeni cilindri z vidno glavo so primerni tudi za visokotla\u010dne aplikacije, zaradi \u010desar so priljubljena izbira v panogah, kot so gradbeni\u0161tvo, rudarstvo ter naftna in plinska industrija. Njihova sposobnost obvladovanja visokega tlaka zagotavlja zanesljivo delovanje v zahtevnih okoljih.<\/p>\n<h3>3. Prilagodljiva oblika<\/h3>\n<p>Varjene cilindre z vidno glavo je mogo\u010de oblikovati po meri, da ustrezajo specifi\u010dnim potrebam aplikacije. To pomeni, da jih je mogo\u010de prilagoditi dolo\u010deni velikosti, obliki ali zahtevam glede zmogljivosti. Prilagodljiva zasnova omogo\u010da tudi ve\u010djo fleksibilnost v proizvodnem procesu, kar lahko privede do prihranka stro\u0161kov.<\/p>\n<h3>4. Enostavna namestitev<\/h3>\n<p>Varjeni cilindri z vidno glavo so zasnovani za enostavno namestitev, kar pomaga skraj\u0161ati \u010das nastavitve in stro\u0161ke dela. Obi\u010dajno so vnaprej sestavljeni in pripravljeni za uporabo takoj po razpakiranju, kar zmanj\u0161a potrebo po dodatnih delih ali komponentah.<\/p>\n<h3>5. Izbolj\u0161ana zmogljivost<\/h3>\n<p>Zasnova varjenih cilindrov z vidno glavo omogo\u010da bolj\u0161o zmogljivost v primerjavi z drugimi vrstami cilindrov. Sposobni so ustvariti ve\u010djo silo na enoto tlaka, kar lahko pomaga izbolj\u0161ati u\u010dinkovitost in produktivnost v industrijskih aplikacijah.<\/p>\n<p>Na splo\u0161no varjeni cilindri z vidno glavo ponujajo vrsto prednosti in koristi, zaradi katerih so priljubljena izbira za \u0161tevilne industrijske aplikacije. Zaradi ve\u010dje trdnosti in vzdr\u017eljivosti, sposobnosti prena\u0161anja visokega tlaka, prilagodljive zasnove, enostavne namestitve in izbolj\u0161ane zmogljivosti so idealna izbira za zahtevna okolja, kjer sta zanesljivost in zmogljivost klju\u010dnega pomena.<\/p>\n<p><img decoding=\"async\" src=\"https:\/\/hzpt.com\/wp-content\/uploads\/2023\/12\/insert-2.webp\" alt=\"\" title=\"\"><\/p>\n<h2>Uporaba varjenega cilindra tipa Clevis<\/h2>\n<ul>\n<li><strong>Industrijski stroji:<\/strong> Varjeni cilindri z vidno glavo se pogosto uporabljajo v razli\u010dnih industrijskih strojih za te\u017eke aplikacije. Ti cilindri so sposobni ustvariti veliko silo za dvigovanje in stiskanje komponent v strojih. Varjena zasnova z vidno glavo omogo\u010da enostavno namestitev in u\u010dinkovito delovanje, zaradi \u010desar so priljubljena izbira med proizvajalci.\n<ul>\n<li>V predelovalni industriji se varjeni cilindri s \u010depnim zglobom uporabljajo v hidravli\u010dnih stiskalnicah, strojih za brizganje plastike in opremi za vtiskovanje kovin, da zagotovijo potrebno silo za oblikovanje kovinskih plo\u0161\u010d.<\/li>\n<li>V avtomobilski industriji se ti cilindri uporabljajo v avtomobilskih dvigalkah, dvigalih in monta\u017enih strojih za dvigovanje te\u017ekih komponent med proizvodnim procesom.<\/li>\n<li>V gradbeni industriji se varjeni cilindri tipa Clevis uporabljajo v \u017eerjavih, bagrih in buldo\u017eerjih za pogon hidravli\u010dnih sistemov, ki dvigujejo in premikajo te\u017eke tovore.<\/li>\n<\/ul>\n<\/li>\n<li><strong>Kmetijska mehanizacija:<\/strong> Kmetijska mehanizacija je eno najpomembnej\u0161ih podro\u010dij, kjer se uporabljajo varjeni cilindri z vidno glavo. Ti cilindri se uporabljajo v razli\u010dnih kmetijskih strojih, vklju\u010dno s traktorji, \u017eetvenimi stroji in plugi, da zagotovijo potrebno silo za pripravo tal, sajenje in \u017eetev.\n<ul>\n<li>V kmetijski industriji se varjeni cilindri tipa Clevis uporabljajo v plugih, kultivatorjih in sejalnicah, da zagotovijo potrebno silo za pripravo tal in setev semen.<\/li>\n<li>V industriji \u017eetve se ti cilindri uporabljajo v \u017eetvenih strojih, balirnih strojih in kosilnicah za pogon hidravli\u010dnih sistemov, ki zbirajo in preva\u017eajo pridelke.<\/li>\n<\/ul>\n<\/li>\n<li><strong>Vesoljska in obrambna industrija:<\/strong> Varjeni cilindri s vidno glavo se uporabljajo tudi v letalski in obrambni industriji, kjer se uporabljajo v \u0161tevilnih aplikacijah za letala, rakete, izstrelke in obrambne sisteme.\n<ul>\n<li>V letalski in vesoljski industriji se varjeni cilindri z vidno glavo uporabljajo v podvozjih letal, zakrilcih in zavorah, da zagotovijo potrebno silo za vzlet in pristanek.<\/li>\n<li>V obrambni industriji se ti cilindri uporabljajo v raketnih izstrelitvah, topovskih kupolah in tankovskih sistemih za pogon hidravli\u010dnih sistemov, ki nadzorujejo gibanje oro\u017eja in streliva.<\/li>\n<\/ul>\n<\/li>\n<li><strong>Pomorska industrija:<\/strong> Varjeni cilindri s vidno glavo se pogosto uporabljajo tudi v pomorski industriji, kjer se uporabljajo v razli\u010dnih aplikacijah za ladje, \u010dolne in podvodna vozila.\n<ul>\n<li>V ladijski industriji se varjeni cilindri tipa Clevis uporabljajo v \u017eerjavih, vitlih in opremi za ravnanje s tovorom, da zagotovijo potrebno silo za nakladanje in razkladanje tovora.<\/li>\n<li>V \u010dolnarstvu se ti cilindri uporabljajo v krmilnih sistemih, propelerjih in sidrnih sistemih za zagotavljanje potrebne sile za nadzor gibanja \u010dolnov in ladij.<\/li>\n<li>V industriji podvodnih vozil se varjeni cilindri s vidno glavo uporabljajo v podmornicah, daljinsko upravljanih vozilih (ROV) in potaplja\u0161ki opremi za zagotavljanje potrebne sile za podvodne operacije.<\/li>\n<\/ul>\n<\/li>\n<li><strong>Rudarska industrija:<\/strong> Varjeni cilindri s vidno glavo se uporabljajo tudi v rudarski industriji, kjer se uporabljajo v razli\u010dnih aplikacijah za pridobivanje mineralov in ravnanje z materiali.\n<ul>\n<li>V rudarski industriji se varjeni cilindri tipa Clevis uporabljajo v transportnih sistemih, vrtalnih strojih in hidravli\u010dnih bagrih, da zagotovijo potrebno silo za pridobivanje mineralov in materialov iz rudnikov in kamnolomov.<\/li>\n<\/ul>\n<\/li>\n<\/ul>\n<h2>O FMP-ju<\/h2>\n<p>FMP je vodilni na trgu hidravli\u010dnih cilindrov za mobilne stroje v Italiji. Na\u0161a ponudba izdelkov vklju\u010duje hidravli\u010dne nagibne cilindre, hidravli\u010dne krmilne cilindre in hidravli\u010dne dvi\u017ene cilindre. FMP ima projektno zmogljivost 200.000 kompletov, od tega se pona\u0161a s 300 kompleti razli\u010dnih vrst popolnoma avtomatske CNC proizvodne opreme in popolnoma avtomatske opreme za monta\u017eo hidravli\u010dnih cilindrov.<\/p>\n<h2>Zakaj izbrati FMP?<\/h2>\n<p>FMP ponuja kakovostne izdelke po konkuren\u010dnih cenah, podprte z izjemno storitvijo. Poleg zgoraj omenjenih izdelkov ponujamo tudi cilindre za delovne plo\u0161\u010dadi, hidravli\u010dne cilindre za industrijska vozila, cilindre za rotacijske vrtalne stroje, cilindre za avtomobilske \u017eerjave, hidravli\u010dne cilindre za gradbeno mehanizacijo, <b>Hidravli\u010dni cilindri za vili\u010darje<\/b>, cilindri za rudni\u0161ke prekucnike in hidravli\u010dni cilindri za sanitarne stroje. Stranke vabimo, da svoja naro\u010dila prilagodijo svojim zahtevam.<\/p>\n<p><img decoding=\"async\" src=\"https:\/\/hzpt.com\/wp-content\/uploads\/2023\/12\/insert-5.webp\" alt=\"Tovarni\u0161ka slika FMP\" title=\"\"><\/p>\n<h2>Pogosta vpra\u0161anja<\/h2>\n<dl>\n<dt>V: Kak\u0161na je dol\u017eina hoda tega hidravli\u010dnega cilindra?<\/dt>\n<dd>A: Dol\u017eina hoda tega hidravli\u010dnega cilindra je 1200 mm.<\/dd>\n<dt>V: Katere so edinstvene lastnosti tega izdelka?<\/dt>\n<dd>A: Ta hidravli\u010dni cilinder je energetsko u\u010dinkovit, visoko zmogljiv in varen.<\/dd>\n<\/dl>\n<dl>\n<dt>V: Kak\u0161ne so aplikacije tega hidravli\u010dnega cilindra?<\/dt>\n<dd>A: Ta hidravli\u010dni cilinder je idealen za uporabo v priklopnikih.<\/dd>\n<dt>V: Kako izberem pravo hidravli\u010dno olje in oljno tesnilo za ta hidravli\u010dni valj?<\/dt>\n<dd>A: Za nasvet o pravem hidravli\u010dnem olju in oljnem tesnilu za ta hidravli\u010dni valj se lahko posvetujete z na\u0161imi strokovnjaki.<\/dd>\n<dt>V: Zakaj naj izberem FMP?<\/dt>\n<dd>A: FMP ponuja kakovostne izdelke po konkuren\u010dnih cenah, skupaj z izjemno storitvijo.<\/dd>\n<\/dl>\n<p>Avtor: CX<\/p>","protected":false},"excerpt":{"rendered":"<p>Product Introduction: The 10038 Factory Direct Sale 1200mm Stroke Hydraulic Cylinder Mini Hydraulic Cylinder For Trailer is a highly efficient and reliable hydraulic cylinder designed for trailers. With a stroke length of 1200mm, this hydraulic cylinder offers exceptional performance and durability. Featuring a compact design, this mini hydraulic cylinder is perfect for trailers that require [&hellip;]<\/p>","protected":false},"featured_media":1127,"comment_status":"closed","ping_status":"closed","template":"","meta":{"_et_pb_use_builder":"","_et_pb_old_content":"","_et_gb_content_width":""},"product_brand":[],"product_cat":[36],"product_tag":[34,38],"class_list":{"0":"post-1046","1":"product","2":"type-product","3":"status-publish","4":"has-post-thumbnail","6":"product_cat-welded-clevis-type-cylinder","7":"product_tag-hydraulic-cylinder","8":"product_tag-welded-clevis-type-cylinder","10":"first","11":"instock","12":"product-type-simple"},"_links":{"self":[{"href":"https:\/\/fmp-components.com\/sl\/wp-json\/wp\/v2\/product\/1046","targetHints":{"allow":["GET"]}}],"collection":[{"href":"https:\/\/fmp-components.com\/sl\/wp-json\/wp\/v2\/product"}],"about":[{"href":"https:\/\/fmp-components.com\/sl\/wp-json\/wp\/v2\/types\/product"}],"replies":[{"embeddable":true,"href":"https:\/\/fmp-components.com\/sl\/wp-json\/wp\/v2\/comments?post=1046"}],"wp:featuredmedia":[{"embeddable":true,"href":"https:\/\/fmp-components.com\/sl\/wp-json\/wp\/v2\/media\/1127"}],"wp:attachment":[{"href":"https:\/\/fmp-components.com\/sl\/wp-json\/wp\/v2\/media?parent=1046"}],"wp:term":[{"taxonomy":"product_brand","embeddable":true,"href":"https:\/\/fmp-components.com\/sl\/wp-json\/wp\/v2\/product_brand?post=1046"},{"taxonomy":"product_cat","embeddable":true,"href":"https:\/\/fmp-components.com\/sl\/wp-json\/wp\/v2\/product_cat?post=1046"},{"taxonomy":"product_tag","embeddable":true,"href":"https:\/\/fmp-components.com\/sl\/wp-json\/wp\/v2\/product_tag?post=1046"}],"curies":[{"name":"delovni list","href":"https:\/\/api.w.org\/{rel}","templated":true}]}}