{"id":1039,"date":"2024-12-19T06:17:09","date_gmt":"2024-12-19T06:17:09","guid":{"rendered":"https:\/\/fmp-components.com\/product\/10031-excellent-quality-welded-double-acting-hydraulic-cylinder\/"},"modified":"2025-03-18T02:22:12","modified_gmt":"2025-03-18T02:22:12","slug":"10031-excellent-quality-welded-double-acting-hydraulic-cylinder","status":"publish","type":"product","link":"https:\/\/fmp-components.com\/sl\/product\/10031-excellent-quality-welded-double-acting-hydraulic-cylinder\/","title":{"rendered":"10031 Odli\u010dno kakovosten varjen dvosmerni hidravli\u010dni cilinder"},"content":{"rendered":"<h2>Opis izdelka:<\/h2>\n<p>Dvosmerno delujo\u010di varjeni hidravli\u010dni cilinder odli\u010dne kakovosti 10031 je visokozmogljiv hidravli\u010dni cilinder, zasnovan za izpolnjevanje strogih zahtev razli\u010dnih industrijskih aplikacij. Zaradi izjemne kakovosti in robustne konstrukcije je ta hidravli\u010dni cilinder zasnovan za u\u010dinkovitost, vzdr\u017eljivost in zanesljivost.<\/p>\n<p>Klju\u010dne lastnosti:<\/p>\n<p>1. Vrhunska vzdr\u017eljivost: Hidravli\u010dni cilinder 10031 je izdelan tako, da prenese te\u017eko uporabo in zagotavlja dolgotrajno delovanje v zahtevnih okoljih. Zaradi robustne varjene konstrukcije in visokokakovostnih materialov je odporen na obrabo, korozijo in po\u0161kodbe.<\/p>\n<p>2. Dvosmerno delujo\u010da zasnova: Ta hidravli\u010dni cilinder deluje v obe smeri, kar zagotavlja u\u010dinkovito in natan\u010dno gibanje tako pri iztegovanju kot pri vvla\u010devanju. Njegov dvosmerno delujo\u010di mehanizem omogo\u010da ve\u010djo produktivnost in vsestranskost pri razli\u010dnih aplikacijah.<\/p>\n<p>3. Odli\u010dna zmogljivost: Opremljen z napredno hidravli\u010dno tehnologijo, cilinder 10031 zagotavlja izjemno zmogljivost. Ponuja gladko in nadzorovano gibanje, kar zagotavlja natan\u010dno pozicioniranje in u\u010dinkovit prenos mo\u010di.<\/p>\n<p>4. Enostavna namestitev in vzdr\u017eevanje: Hidravli\u010dni cilinder 10031 je zasnovan za udobje uporabnika in se odlikuje po enostavni namestitvi. Prav tako ne zahteva veliko vzdr\u017eevanja, kar skraj\u0161a \u010das izpada in pove\u010da splo\u0161no operativno u\u010dinkovitost.<\/p>\n<p>5. \u0160irok spekter uporabe: Ta hidravli\u010dni cilinder je primeren za \u0161iroko paleto industrijskih aplikacij, vklju\u010dno z gradbenimi stroji, kmetijsko opremo, sistemi za ravnanje z materiali in \u0161e ve\u010d. Zaradi svoje vsestranskosti je odli\u010dna izbira za razli\u010dne panoge.<\/p>\n<p>Zaupajte varjenemu dvosmernemu hidravli\u010dnemu cilindru 10031 odli\u010dne kakovosti, ki vam bo zagotovil izjemno zmogljivost, vzdr\u017eljivost in zanesljivost v va\u0161ih hidravli\u010dnih aplikacijah. Izkusite razliko v u\u010dinkovitosti in produktivnosti s tem izjemnim izdelkom.<img decoding=\"async\" src=\"https:\/\/hzpt.com\/wp-content\/uploads\/2023\/12\/insert-4.webp?v=1694163707\" alt=\"\" title=\"\"><\/p>\n<h2>Prednosti varjenega cilindra s kle\u0161\u010dami<\/h2>\n<p>Varjeni cilindri z vidno glavo so zaradi svojih edinstvenih prednosti in koristi priljubljena izbira za \u0161tevilne industrijske aplikacije. Tukaj je nekaj klju\u010dnih prednosti varjenih cilindrov z vidno glavo:<\/p>\n<h3>1. Pove\u010dana trdnost in vzdr\u017eljivost<\/h3>\n<p>Varjeni cilindri z vidno glavo so izdelani z varjenim kon\u010dnim pokrovom, ki zagotavlja ve\u010djo trdnost in vzdr\u017eljivost v primerjavi z drugimi vrstami cilindrov. Zaradi tega so idealni za te\u017eke aplikacije, ki zahtevajo visoko stopnjo trdnosti in vzdr\u017eljivosti.<\/p>\n<p>Poleg tega varjena zasnova teh jeklenk pomeni, da je manj verjetno, da bodo pu\u0161\u010dale ali odpovedale, kar lahko pomaga zmanj\u0161ati izpade in stro\u0161ke vzdr\u017eevanja.<\/p>\n<h3>2. Sposobnost obvladovanja visokega pritiska<\/h3>\n<p>Varjeni cilindri z vidno glavo so primerni tudi za visokotla\u010dne aplikacije, zaradi \u010desar so priljubljena izbira v panogah, kot so gradbeni\u0161tvo, rudarstvo ter naftna in plinska industrija. Njihova sposobnost obvladovanja visokega tlaka zagotavlja zanesljivo delovanje v zahtevnih okoljih.<\/p>\n<h3>3. Prilagodljiva oblika<\/h3>\n<p>Varjene cilindre z vidno glavo je mogo\u010de oblikovati po meri, da ustrezajo specifi\u010dnim potrebam aplikacije. To pomeni, da jih je mogo\u010de prilagoditi dolo\u010deni velikosti, obliki ali zahtevam glede zmogljivosti. Prilagodljiva zasnova omogo\u010da tudi ve\u010djo fleksibilnost v proizvodnem procesu, kar lahko privede do prihranka stro\u0161kov.<\/p>\n<h3>4. Enostavna namestitev<\/h3>\n<p>Varjeni cilindri z vidno glavo so zasnovani za enostavno namestitev, kar pomaga skraj\u0161ati \u010das nastavitve in stro\u0161ke dela. Obi\u010dajno so vnaprej sestavljeni in pripravljeni za uporabo takoj po razpakiranju, kar zmanj\u0161a potrebo po dodatnih delih ali komponentah.<\/p>\n<h3>5. Izbolj\u0161ana zmogljivost<\/h3>\n<p>Zasnova varjenih cilindrov z vidno glavo omogo\u010da bolj\u0161o zmogljivost v primerjavi z drugimi vrstami cilindrov. Sposobni so ustvariti ve\u010djo silo na enoto tlaka, kar lahko pomaga izbolj\u0161ati u\u010dinkovitost in produktivnost v industrijskih aplikacijah.<\/p>\n<p>Na splo\u0161no varjeni cilindri z vidno glavo ponujajo vrsto prednosti in koristi, zaradi katerih so priljubljena izbira za \u0161tevilne industrijske aplikacije. Zaradi ve\u010dje trdnosti in vzdr\u017eljivosti, sposobnosti prena\u0161anja visokega tlaka, prilagodljive zasnove, enostavne namestitve in izbolj\u0161ane zmogljivosti so idealna izbira za zahtevna okolja, kjer sta zanesljivost in zmogljivost klju\u010dnega pomena.<\/p>\n<p><img decoding=\"async\" src=\"https:\/\/hzpt.com\/wp-content\/uploads\/2023\/12\/insert-2.webp\" alt=\"\" title=\"\"><\/p>\n<h2>Uporaba varjenega cilindra tipa Clevis<\/h2>\n<ul>\n<li><strong>Industrijski stroji:<\/strong> Varjeni cilindri z vidno glavo se pogosto uporabljajo v razli\u010dnih industrijskih strojih za te\u017eke aplikacije. Ti cilindri so sposobni ustvariti veliko silo za dvigovanje in stiskanje komponent v strojih. Varjena zasnova z vidno glavo omogo\u010da enostavno namestitev in u\u010dinkovito delovanje, zaradi \u010desar so priljubljena izbira med proizvajalci.\n<ul>\n<li>V predelovalni industriji se varjeni cilindri s \u010depnim zglobom uporabljajo v hidravli\u010dnih stiskalnicah, strojih za brizganje plastike in opremi za vtiskovanje kovin, da zagotovijo potrebno silo za oblikovanje kovinskih plo\u0161\u010d.<\/li>\n<li>V avtomobilski industriji se ti cilindri uporabljajo v avtomobilskih dvigalkah, dvigalih in monta\u017enih strojih za dvigovanje te\u017ekih komponent med proizvodnim procesom.<\/li>\n<li>V gradbeni industriji se varjeni cilindri tipa Clevis uporabljajo v \u017eerjavih, bagrih in buldo\u017eerjih za pogon hidravli\u010dnih sistemov, ki dvigujejo in premikajo te\u017eke tovore.<\/li>\n<\/ul>\n<\/li>\n<li><strong>Kmetijska mehanizacija:<\/strong> Kmetijska mehanizacija je eno najpomembnej\u0161ih podro\u010dij, kjer se uporabljajo varjeni cilindri z vidno glavo. Ti cilindri se uporabljajo v razli\u010dnih kmetijskih strojih, vklju\u010dno s traktorji, \u017eetvenimi stroji in plugi, da zagotovijo potrebno silo za pripravo tal, sajenje in \u017eetev.\n<ul>\n<li>V kmetijski industriji se varjeni cilindri tipa Clevis uporabljajo v plugih, kultivatorjih in sejalnicah, da zagotovijo potrebno silo za pripravo tal in setev semen.<\/li>\n<li>V industriji \u017eetve se ti cilindri uporabljajo v \u017eetvenih strojih, balirnih strojih in kosilnicah za pogon hidravli\u010dnih sistemov, ki zbirajo in preva\u017eajo pridelke.<\/li>\n<\/ul>\n<\/li>\n<li><strong>Vesoljska in obrambna industrija:<\/strong> Varjeni cilindri s vidno glavo se uporabljajo tudi v letalski in obrambni industriji, kjer se uporabljajo v \u0161tevilnih aplikacijah za letala, rakete, izstrelke in obrambne sisteme.\n<ul>\n<li>V letalski in vesoljski industriji se varjeni cilindri z vidno glavo uporabljajo v podvozjih letal, zakrilcih in zavorah, da zagotovijo potrebno silo za vzlet in pristanek.<\/li>\n<li>V obrambni industriji se ti cilindri uporabljajo v raketnih izstrelitvah, topovskih kupolah in tankovskih sistemih za pogon hidravli\u010dnih sistemov, ki nadzorujejo gibanje oro\u017eja in streliva.<\/li>\n<\/ul>\n<\/li>\n<li><strong>Pomorska industrija:<\/strong> Varjeni cilindri s vidno glavo se pogosto uporabljajo tudi v pomorski industriji, kjer se uporabljajo v razli\u010dnih aplikacijah za ladje, \u010dolne in podvodna vozila.\n<ul>\n<li>V ladijski industriji se varjeni cilindri tipa Clevis uporabljajo v \u017eerjavih, vitlih in opremi za ravnanje s tovorom, da zagotovijo potrebno silo za nakladanje in razkladanje tovora.<\/li>\n<li>V \u010dolnarstvu se ti cilindri uporabljajo v krmilnih sistemih, propelerjih in sidrnih sistemih za zagotavljanje potrebne sile za nadzor gibanja \u010dolnov in ladij.<\/li>\n<li>V industriji podvodnih vozil se varjeni cilindri s vidno glavo uporabljajo v podmornicah, daljinsko upravljanih vozilih (ROV) in potaplja\u0161ki opremi za zagotavljanje potrebne sile za podvodne operacije.<\/li>\n<\/ul>\n<\/li>\n<li><strong>Rudarska industrija:<\/strong> Varjeni cilindri s vidno glavo se uporabljajo tudi v rudarski industriji, kjer se uporabljajo v razli\u010dnih aplikacijah za pridobivanje mineralov in ravnanje z materiali.\n<ul>\n<li>V rudarski industriji se varjeni cilindri tipa Clevis uporabljajo v transportnih sistemih, vrtalnih strojih in hidravli\u010dnih bagrih, da zagotovijo potrebno silo za pridobivanje mineralov in materialov iz rudnikov in kamnolomov.<\/li>\n<\/ul>\n<\/li>\n<\/ul>\n<h2>O FMP-ju<\/h2>\n<p>FMP je vodilni akter na italijanskem trgu hidravli\u010dnih cilindrov za mobilno mehanizacijo. Na\u0161a ponudba izdelkov vklju\u010duje hidravli\u010dne nagibne cilindre, hidravli\u010dne krmilne cilindre, hidravli\u010dne dvi\u017ene cilindre in drugo. Z zmogljivostjo 200.000 kompletov imamo na voljo 300 kompletov razli\u010dne avtomatske CNC proizvodne opreme in popolnoma avtomatsko opremo za monta\u017eo hidravli\u010dnih cilindrov.<\/p>\n<p>V podjetju FMP smo ponosni na to, da ponujamo vrhunske izdelke, konkuren\u010dne cene in odli\u010dno storitev za stranke. Poleg zgoraj omenjenih cilindrov dobavljamo tudi hidravli\u010dne cilindre za delovne plo\u0161\u010dadi na visokih vi\u0161inah, industrijska vozila, rotacijske vrtalne plo\u0161\u010dadi, avtodvigala, in\u017eenirske stroje, vili\u010darje, rudni\u0161ke prekucnike, sanitarne stroje in drugo. Sprejemamo prilagoditve glede na zahteve strank.<\/p>\n<p><img decoding=\"async\" src=\"https:\/\/hzpt.com\/wp-content\/uploads\/2023\/12\/insert-5.webp\" alt=\"Slika tovarne FMP\" title=\"\"><\/p>\n<h2>Pogosta vpra\u0161anja<\/h2>\n<p>1. V: Kak\u0161na je nosilnost hidravli\u010dnega cilindra?<br \/>\nA: Nosilnost presega industrijske standarde.<\/p>\n<p>2. V: Kak\u0161ne so dimenzije hidravli\u010dnega cilindra?<br \/>\nA: Dimenzije bodo posredovane na zahtevo.<\/p>\n<p>3. V: V katerem mestu je ustanovljen FMP?<br \/>\nA: FMP ima sede\u017e v Italiji.<\/p>\n<p>4. V: Kak\u0161na je prostornina hidravli\u010dnega cilindra?<br \/>\nA: Zmogljivost bo dolo\u010dena na zahtevo.<\/p>\n<p>5. V: Katere izdelke dobavlja FMP?<br \/>\nA: FMP dobavlja hidravli\u010dne nagibne cilindre, hidravli\u010dne krmilne cilindre, hidravli\u010dne dvi\u017ene cilindre in druge vrste cilindrov.<\/p>\n<p>Avtor: CX<\/p>","protected":false},"excerpt":{"rendered":"<p>Product Description: The 10031 Excellent Quality Welded Double Acting Hydraulic Cylinder is a high-performance hydraulic cylinder designed to meet the rigorous demands of various industrial applications. With its exceptional quality and robust construction, this hydraulic cylinder is engineered for efficiency, durability, and reliability. Key Features: 1. Superior Durability: The 10031 Hydraulic Cylinder is built to [&hellip;]<\/p>","protected":false},"featured_media":1127,"comment_status":"closed","ping_status":"closed","template":"","meta":{"_et_pb_use_builder":"","_et_pb_old_content":"","_et_gb_content_width":""},"product_brand":[],"product_cat":[36],"product_tag":[34,38],"class_list":{"0":"post-1039","1":"product","2":"type-product","3":"status-publish","4":"has-post-thumbnail","6":"product_cat-welded-clevis-type-cylinder","7":"product_tag-hydraulic-cylinder","8":"product_tag-welded-clevis-type-cylinder","10":"first","11":"instock","12":"product-type-simple"},"_links":{"self":[{"href":"https:\/\/fmp-components.com\/sl\/wp-json\/wp\/v2\/product\/1039","targetHints":{"allow":["GET"]}}],"collection":[{"href":"https:\/\/fmp-components.com\/sl\/wp-json\/wp\/v2\/product"}],"about":[{"href":"https:\/\/fmp-components.com\/sl\/wp-json\/wp\/v2\/types\/product"}],"replies":[{"embeddable":true,"href":"https:\/\/fmp-components.com\/sl\/wp-json\/wp\/v2\/comments?post=1039"}],"wp:featuredmedia":[{"embeddable":true,"href":"https:\/\/fmp-components.com\/sl\/wp-json\/wp\/v2\/media\/1127"}],"wp:attachment":[{"href":"https:\/\/fmp-components.com\/sl\/wp-json\/wp\/v2\/media?parent=1039"}],"wp:term":[{"taxonomy":"product_brand","embeddable":true,"href":"https:\/\/fmp-components.com\/sl\/wp-json\/wp\/v2\/product_brand?post=1039"},{"taxonomy":"product_cat","embeddable":true,"href":"https:\/\/fmp-components.com\/sl\/wp-json\/wp\/v2\/product_cat?post=1039"},{"taxonomy":"product_tag","embeddable":true,"href":"https:\/\/fmp-components.com\/sl\/wp-json\/wp\/v2\/product_tag?post=1039"}],"curies":[{"name":"delovni list","href":"https:\/\/api.w.org\/{rel}","templated":true}]}}