{"id":1037,"date":"2024-12-19T06:17:09","date_gmt":"2024-12-19T06:17:09","guid":{"rendered":"https:\/\/fmp-components.com\/product\/10029-high-end-small-piston-hydraulic-cylinder-for-trailer\/"},"modified":"2025-03-18T02:22:30","modified_gmt":"2025-03-18T02:22:30","slug":"10029-high-end-small-piston-hydraulic-cylinder-for-trailer","status":"publish","type":"product","link":"https:\/\/fmp-components.com\/sl\/product\/10029-high-end-small-piston-hydraulic-cylinder-for-trailer\/","title":{"rendered":"10029 Visokokakovostni hidravli\u010dni cilinder z majhnim batom za prikolico"},"content":{"rendered":"<h2>Ime izdelka: 10029 Visokokakovostni hidravli\u010dni cilinder z majhnim batom za prikolico<\/h2>\n<p>Opis izdelka:<br \/>\nHidravli\u010dni cilinder High End z majhnim batom 10029 je vrhunski hidravli\u010dni cilinder, zasnovan posebej za prikolice. S svojo robustno konstrukcijo in naprednimi funkcijami je ta hidravli\u010dni cilinder izdelan tako, da prenese velike obremenitve in zahtevne aplikacije.<\/p>\n<p>Klju\u010dne lastnosti:<br \/>\n1. Visokozmogljiv bat: Majhna zasnova bata zagotavlja u\u010dinkovito in zanesljivo hidravli\u010dno delovanje ter gladko in natan\u010dno gibanje.<br \/>\n2. Trpe\u017ena konstrukcija: Ta hidravli\u010dni cilinder je izdelan iz visokokakovostnih materialov in ponuja izjemno trdnost in dolgo \u017eivljenjsko dobo, kar zagotavlja dolgotrajno delovanje v ekstremnih pogojih.<br \/>\n3. Izbolj\u0161ana varnost: Ta hidravli\u010dni cilinder je opremljen z naprednimi varnostnimi ukrepi, kot sta za\u0161\u010dita pred preobremenitvijo in tla\u010dni varnostni ventili, kar zagotavlja varno in zanesljivo delovanje.<br \/>\n4. Enostavna namestitev: Visokokakovostni hidravli\u010dni cilinder z majhnim batom 10029 ima uporabniku prijazno zasnovo, ki zagotavlja enostavno namestitev in zdru\u017eljivost z razli\u010dnimi modeli priklopnikov.<br \/>\n5. Vsestranska uporaba: Ta hidravli\u010dni cilinder je primeren za \u0161iroko paleto uporabe priklopnikov, vklju\u010dno s kmetijstvom, gradbeni\u0161tvom in industrijskim sektorjem.<\/p>\n<p><img loading=\"lazy\" decoding=\"async\" class=\"alignnone size-full wp-image-1073\" src=\"https:\/\/fmp-components.com\/wp-content\/uploads\/2024\/12\/Welded-Clevis-Type-Cylinder2.webp\" alt=\"Varjeni valj tipa Clevis\" width=\"800\" height=\"800\" title=\"\" srcset=\"https:\/\/fmp-components.com\/wp-content\/uploads\/2024\/12\/Welded-Clevis-Type-Cylinder2.webp 800w, https:\/\/fmp-components.com\/wp-content\/uploads\/2024\/12\/Welded-Clevis-Type-Cylinder2-480x480.webp 480w\" sizes=\"(min-width: 0px) and (max-width: 480px) 480px, (min-width: 481px) 800px, 100vw\" \/><\/p>\n<p>Prednosti:<br \/>\n1. Pove\u010dana u\u010dinkovitost: Natan\u010dno in gladko delovanje tega hidravli\u010dnega cilindra zagotavlja ve\u010djo produktivnost, skraj\u0161a \u010das izpada in izbolj\u0161a splo\u0161no u\u010dinkovitost.<br \/>\n2. Izbolj\u0161ana zmogljivost: S svojo vrhunsko zasnovo in naprednimi funkcijami ta hidravli\u010dni cilinder zagotavlja vrhunsko zmogljivost, kar omogo\u010da priklopnikom brez napora preva\u017eanje te\u017ekih tovorov.<br \/>\n3. Izbolj\u0161ana varnost: Vklju\u010ditev varnostnih ukrepov zagotavlja za\u0161\u010dito osebja in opreme ter zmanj\u0161uje tveganje za nesre\u010de in \u0161kodo.<br \/>\n4. Dolgo\u017eivost: Trpe\u017ena konstrukcija tega hidravli\u010dnega cilindra zagotavlja dolgo \u017eivljenjsko dobo in ponuja stro\u0161kovno u\u010dinkovito re\u0161itev za lastnike priklopnikov.<br \/>\n5. Vsestranskost: Visokokakovostni hidravli\u010dni cilinder z majhnim batom 10029 je zdru\u017eljiv z razli\u010dnimi modeli priklopnikov, zaradi \u010desar je vsestranska izbira za razli\u010dne aplikacije.<\/p>\n<p>Hidravli\u010dni cilinder High End z majhnim batom 10029 je vrhunski izdelek, posebej zasnovan za prikolice. Z izjemno zmogljivostjo, vzdr\u017eljivostjo in varnostnimi lastnostmi ponuja zanesljivo in u\u010dinkovito re\u0161itev za razli\u010dne aplikacije priklopnikov.<\/p>\n<h2>Prednosti varjenega cilindra s kle\u0161\u010dami<\/h2>\n<p>Varjeni cilindri z vidno glavo so zaradi svojih edinstvenih prednosti in koristi priljubljena izbira za \u0161tevilne industrijske aplikacije. Tukaj je nekaj klju\u010dnih prednosti varjenih cilindrov z vidno glavo:<\/p>\n<h3>1. Pove\u010dana trdnost in vzdr\u017eljivost<\/h3>\n<p>Varjeni cilindri z vidno glavo so izdelani z varjenim kon\u010dnim pokrovom, ki zagotavlja ve\u010djo trdnost in vzdr\u017eljivost v primerjavi z drugimi vrstami cilindrov. Zaradi tega so idealni za te\u017eke aplikacije, ki zahtevajo visoko stopnjo trdnosti in vzdr\u017eljivosti.<\/p>\n<p>Poleg tega varjena zasnova teh jeklenk pomeni, da je manj verjetno, da bodo pu\u0161\u010dale ali odpovedale, kar lahko pomaga zmanj\u0161ati izpade in stro\u0161ke vzdr\u017eevanja.<\/p>\n<h3>2. Sposobnost obvladovanja visokega pritiska<\/h3>\n<p>Varjeni cilindri z vidno glavo so primerni tudi za visokotla\u010dne aplikacije, zaradi \u010desar so priljubljena izbira v panogah, kot so gradbeni\u0161tvo, rudarstvo ter naftna in plinska industrija. Njihova sposobnost obvladovanja visokega tlaka zagotavlja zanesljivo delovanje v zahtevnih okoljih.<\/p>\n<h3>3. Prilagodljiva oblika<\/h3>\n<p>Varjene cilindre z vidno glavo je mogo\u010de oblikovati po meri, da ustrezajo specifi\u010dnim potrebam aplikacije. To pomeni, da jih je mogo\u010de prilagoditi dolo\u010deni velikosti, obliki ali zahtevam glede zmogljivosti. Prilagodljiva zasnova omogo\u010da tudi ve\u010djo fleksibilnost v proizvodnem procesu, kar lahko privede do prihranka stro\u0161kov.<\/p>\n<h3>4. Enostavna namestitev<\/h3>\n<p>Varjeni cilindri z vidno glavo so zasnovani za enostavno namestitev, kar pomaga skraj\u0161ati \u010das nastavitve in stro\u0161ke dela. Obi\u010dajno so vnaprej sestavljeni in pripravljeni za uporabo takoj po razpakiranju, kar zmanj\u0161a potrebo po dodatnih delih ali komponentah.<\/p>\n<h3>5. Izbolj\u0161ana zmogljivost<\/h3>\n<p>Zasnova varjenih cilindrov z vidno glavo omogo\u010da bolj\u0161o zmogljivost v primerjavi z drugimi vrstami cilindrov. Sposobni so ustvariti ve\u010djo silo na enoto tlaka, kar lahko pomaga izbolj\u0161ati u\u010dinkovitost in produktivnost v industrijskih aplikacijah.<\/p>\n<p>Na splo\u0161no varjeni cilindri z vidno glavo ponujajo vrsto prednosti in koristi, zaradi katerih so priljubljena izbira za \u0161tevilne industrijske aplikacije. Zaradi ve\u010dje trdnosti in vzdr\u017eljivosti, sposobnosti prena\u0161anja visokega tlaka, prilagodljive zasnove, enostavne namestitve in izbolj\u0161ane zmogljivosti so idealna izbira za zahtevna okolja, kjer sta zanesljivost in zmogljivost klju\u010dnega pomena.<\/p>\n<h2>Uporaba varjenega cilindra tipa Clevis<\/h2>\n<ul>\n<li><strong>Industrijski stroji:<\/strong> Varjeni cilindri z vidno glavo se pogosto uporabljajo v razli\u010dnih industrijskih strojih za te\u017eke aplikacije. Ti cilindri so sposobni ustvariti veliko silo za dvigovanje in stiskanje komponent v strojih. Varjena zasnova z vidno glavo omogo\u010da enostavno namestitev in u\u010dinkovito delovanje, zaradi \u010desar so priljubljena izbira med proizvajalci.\n<ul>\n<li>V predelovalni industriji se varjeni cilindri s \u010depnim zglobom uporabljajo v hidravli\u010dnih stiskalnicah, strojih za brizganje plastike in opremi za vtiskovanje kovin, da zagotovijo potrebno silo za oblikovanje kovinskih plo\u0161\u010d.<\/li>\n<li>V avtomobilski industriji se ti cilindri uporabljajo v avtomobilskih dvigalkah, dvigalih in monta\u017enih strojih za dvigovanje te\u017ekih komponent med proizvodnim procesom.<\/li>\n<li>V gradbeni industriji se varjeni cilindri tipa Clevis uporabljajo v \u017eerjavih, bagrih in buldo\u017eerjih za pogon hidravli\u010dnih sistemov, ki dvigujejo in premikajo te\u017eke tovore.<\/li>\n<\/ul>\n<\/li>\n<li><strong>Kmetijska mehanizacija:<\/strong> Kmetijska mehanizacija je eno najpomembnej\u0161ih podro\u010dij, kjer se uporabljajo varjeni cilindri z vidno glavo. Ti cilindri se uporabljajo v razli\u010dnih kmetijskih strojih, vklju\u010dno s traktorji, \u017eetvenimi stroji in plugi, da zagotovijo potrebno silo za pripravo tal, sajenje in \u017eetev.\n<ul>\n<li>V kmetijski industriji se varjeni cilindri tipa Clevis uporabljajo v plugih, kultivatorjih in sejalnicah, da zagotovijo potrebno silo za pripravo tal in setev semen.<\/li>\n<li>V industriji \u017eetve se ti cilindri uporabljajo v \u017eetvenih strojih, balirnih strojih in kosilnicah za pogon hidravli\u010dnih sistemov, ki zbirajo in preva\u017eajo pridelke.<\/li>\n<\/ul>\n<\/li>\n<li><strong>Vesoljska in obrambna industrija:<\/strong> Varjeni cilindri s vidno glavo se uporabljajo tudi v letalski in obrambni industriji, kjer se uporabljajo v \u0161tevilnih aplikacijah za letala, rakete, izstrelke in obrambne sisteme.\n<ul>\n<li>V letalski in vesoljski industriji se varjeni cilindri z vidno glavo uporabljajo v podvozjih letal, zakrilcih in zavorah, da zagotovijo potrebno silo za vzlet in pristanek.<\/li>\n<li>V obrambni industriji se ti cilindri uporabljajo v raketnih izstrelitvah, topovskih kupolah in tankovskih sistemih za pogon hidravli\u010dnih sistemov, ki nadzorujejo gibanje oro\u017eja in streliva.<\/li>\n<\/ul>\n<\/li>\n<li><strong>Pomorska industrija:<\/strong> Varjeni cilindri s vidno glavo se pogosto uporabljajo tudi v pomorski industriji, kjer se uporabljajo v razli\u010dnih aplikacijah za ladje, \u010dolne in podvodna vozila.\n<ul>\n<li>V ladijski industriji se varjeni cilindri tipa Clevis uporabljajo v \u017eerjavih, vitlih in opremi za ravnanje s tovorom, da zagotovijo potrebno silo za nakladanje in razkladanje tovora.<\/li>\n<li>V \u010dolnarstvu se ti cilindri uporabljajo v krmilnih sistemih, propelerjih in sidrnih sistemih za zagotavljanje potrebne sile za nadzor gibanja \u010dolnov in ladij.<\/li>\n<li>V industriji podvodnih vozil se varjeni cilindri s vidno glavo uporabljajo v podmornicah, daljinsko upravljanih vozilih (ROV) in potaplja\u0161ki opremi za zagotavljanje potrebne sile za podvodne operacije.<\/li>\n<\/ul>\n<\/li>\n<li><strong>Rudarska industrija:<\/strong> Varjeni cilindri s vidno glavo se uporabljajo tudi v rudarski industriji, kjer se uporabljajo v razli\u010dnih aplikacijah za pridobivanje mineralov in ravnanje z materiali.\n<ul>\n<li>V rudarski industriji se varjeni cilindri tipa Clevis uporabljajo v transportnih sistemih, vrtalnih strojih in hidravli\u010dnih bagrih, da zagotovijo potrebno silo za pridobivanje mineralov in materialov iz rudnikov in kamnolomov.<\/li>\n<\/ul>\n<\/li>\n<\/ul>\n<h2>O FMP-ju<\/h2>\n<p>FMP je vodilno podjetje na italijanskem trgu hidravli\u010dnih cilindrov za mobilno mehanizacijo. Na\u0161i izdelki vklju\u010dujejo hidravli\u010dne nagibne cilindre, hidravli\u010dne krmilne cilindre in hidravli\u010dne dvi\u017ene cilindre. Imamo projektno zmogljivost 200.000 kompletov, od tega 300 kompletov razli\u010dnih vrst popolnoma avtomatske CNC proizvodne opreme in popolnoma avtomatske opreme za monta\u017eo hidravli\u010dnih cilindrov. Zavezani smo k zagotavljanju kakovostnih izdelkov, dostopnih cen in odli\u010dne storitve.<\/p>\n<p>Poleg hidravli\u010dnih cilindrov dobavljamo tudi cilindre za delovne plo\u0161\u010dadi, hidravli\u010dne cilindre za industrijska vozila, cilindre za rotacijske vrtalne stroje, cilindre za avtodvigala, hidravli\u010dne cilindre za gradbeno mehanizacijo, <b>Hidravli\u010dni cilindri za vili\u010darje<\/b>, cilindri za rudarske prekucnike in hidravli\u010dni cilindri za stroje za okoljsko sanacijo. Kupce vabimo, da svoja naro\u010dila prilagodijo svojim zahtevam.<\/p>\n<p><img decoding=\"async\" src=\"https:\/\/hzpt.com\/wp-content\/uploads\/2023\/12\/insert-5.webp\" alt=\"Tovarni\u0161ka slika\" title=\"\"><\/p>\n<h2>Vpra\u0161anja in odgovori<\/h2>\n<ol>\n<li>V: Kaj je hidravli\u010dni cilinder? O: Hidravli\u010dni cilinder je mehanski aktuator, ki se uporablja za ustvarjanje linearne sile z linearnim hodom.<\/li>\n<li>V: Kak\u0161na je funkcija hidravli\u010dnega cilindra v traktorju? O: Pomaga pri nadzoru gibanja traktorja.<\/li>\n<li>V: Katere so edinstvene lastnosti hidravli\u010dnih cilindrov FMP? O: So energetsko u\u010dinkoviti, zelo u\u010dinkoviti in varni za uporabo.<\/li>\n<li>V: Kako vzdr\u017eevati hidravli\u010dni valj? O: Redno vzdr\u017eevanje vklju\u010duje preverjanje pu\u0161\u010danja in zagotavljanje \u010disto\u010de hidravli\u010dnega olja.<\/li>\n<li>V: Ali lahko prilagodim svoje naro\u010dilo? O: Da, stranke lahko prilagodijo svoja naro\u010dila glede na svoje zahteve.<\/li>\n<\/ol>\n<p>Avtor: CX<\/p>","protected":false},"excerpt":{"rendered":"<p>Product Name: 10029 High End Small Piston Hydraulic Cylinder For Trailer Product Description: The 10029 High End Small Piston Hydraulic Cylinder is a top-of-the-line hydraulic cylinder designed specifically for trailers. With its robust construction and advanced features, this hydraulic cylinder is built to withstand heavy loads and demanding applications. Key Features: 1. High-Performance Piston: The [&hellip;]<\/p>","protected":false},"featured_media":1127,"comment_status":"closed","ping_status":"closed","template":"","meta":{"_et_pb_use_builder":"","_et_pb_old_content":"","_et_gb_content_width":""},"product_brand":[],"product_cat":[36],"product_tag":[34,38],"class_list":{"0":"post-1037","1":"product","2":"type-product","3":"status-publish","4":"has-post-thumbnail","6":"product_cat-welded-clevis-type-cylinder","7":"product_tag-hydraulic-cylinder","8":"product_tag-welded-clevis-type-cylinder","10":"first","11":"instock","12":"product-type-simple"},"_links":{"self":[{"href":"https:\/\/fmp-components.com\/sl\/wp-json\/wp\/v2\/product\/1037","targetHints":{"allow":["GET"]}}],"collection":[{"href":"https:\/\/fmp-components.com\/sl\/wp-json\/wp\/v2\/product"}],"about":[{"href":"https:\/\/fmp-components.com\/sl\/wp-json\/wp\/v2\/types\/product"}],"replies":[{"embeddable":true,"href":"https:\/\/fmp-components.com\/sl\/wp-json\/wp\/v2\/comments?post=1037"}],"wp:featuredmedia":[{"embeddable":true,"href":"https:\/\/fmp-components.com\/sl\/wp-json\/wp\/v2\/media\/1127"}],"wp:attachment":[{"href":"https:\/\/fmp-components.com\/sl\/wp-json\/wp\/v2\/media?parent=1037"}],"wp:term":[{"taxonomy":"product_brand","embeddable":true,"href":"https:\/\/fmp-components.com\/sl\/wp-json\/wp\/v2\/product_brand?post=1037"},{"taxonomy":"product_cat","embeddable":true,"href":"https:\/\/fmp-components.com\/sl\/wp-json\/wp\/v2\/product_cat?post=1037"},{"taxonomy":"product_tag","embeddable":true,"href":"https:\/\/fmp-components.com\/sl\/wp-json\/wp\/v2\/product_tag?post=1037"}],"curies":[{"name":"delovni list","href":"https:\/\/api.w.org\/{rel}","templated":true}]}}