{"id":1034,"date":"2024-12-19T06:17:09","date_gmt":"2024-12-19T06:17:09","guid":{"rendered":"https:\/\/fmp-components.com\/product\/10026-hot-selling-agricultural-hydraulic-double-acting-cylinder-for-tractor\/"},"modified":"2024-12-26T08:51:35","modified_gmt":"2024-12-26T08:51:35","slug":"10026-hot-selling-agricultural-hydraulic-double-acting-cylinder-for-tractor","status":"publish","type":"product","link":"https:\/\/fmp-components.com\/sl\/product\/10026-hot-selling-agricultural-hydraulic-double-acting-cylinder-for-tractor\/","title":{"rendered":"10026 Vro\u010de prodajan kmetijski hidravli\u010dni dvojno delujo\u010di cilinder za traktor"},"content":{"rendered":"<h2>Izdelek 10026 Vro\u010de prodajan kmetijski hidravli\u010dni dvosmerni cilinder za traktor:<\/h2>\n<p>Visokokakovosten in u\u010dinkovit hidravli\u010dni valj z dvojnim delovanjem za kmetijsko hidravliko 10026 je visokokakovosten in u\u010dinkovit hidravli\u010dni element, posebej zasnovan za traktorje. Ta valj je izdelan z mislijo na natan\u010dnost in vzdr\u017eljivost, zaradi \u010desar je odli\u010dna izbira za kmetijsko uporabo.<\/p>\n<p>Klju\u010dne lastnosti:<br \/>\n1. Dvojno delujo\u010da zasnova: Cilinder je zasnovan tako, da zagotavlja tako potisne kot vle\u010dne sile, kar omogo\u010da bolj vsestransko in u\u010dinkovitej\u0161e delovanje.<br \/>\n2. Hidravli\u010dna mo\u010d: S pomo\u010djo hidravli\u010dne teko\u010dine lahko ta valj ustvari znatno silo, zaradi \u010desar je primeren za te\u017eka opravila.<br \/>\n3. Robustna konstrukcija: Cilinder je izdelan tako, da prenese zahtevna kmetijska okolja in zagotavlja zanesljivo delovanje tudi v zahtevnih pogojih.<br \/>\n4. Enostavna namestitev: Ta valj je zasnovan za priro\u010dno namestitev in ga je mogo\u010de hitro integrirati v traktorske sisteme brez obse\u017enih sprememb.<br \/>\n5. Izbolj\u0161ana u\u010dinkovitost: Z zagotavljanjem mo\u010dne in natan\u010dne hidravli\u010dne sile ta cilinder izbolj\u0161a splo\u0161no u\u010dinkovitost delovanja traktorja, s \u010dimer prihrani \u010das in trud.<\/p>\n<p>Uporaba:<br \/>\nVisoko prodajan kmetijski hidravli\u010dni dvosmerni cilinder 10026 je idealen za razli\u010dna kmetijska opravila, vklju\u010dno z:<br \/>\n1. Upravljanje priklju\u010dkov: Uporablja se lahko za upravljanje priklju\u010dkov, kot so plugi, brane in freze, kar zagotavlja potrebno silo za u\u010dinkovito pripravo tal.<br \/>\n2. Dvigovanje in spu\u0161\u010danje: Ta valj se lahko uporablja za dvigovanje in spu\u0161\u010danje te\u017ekih bremen, kar olaj\u0161a naloge, kot sta nakladanje in razkladanje materialov.<br \/>\n3. Pomo\u010d pri krmiljenju: Z integracijo s krmilnim sistemom traktorja lahko ta valj zagotovi izbolj\u0161an nadzor krmiljenja, kar olaj\u0161a manevriranje v tesnih prostorih.<br \/>\n4. Druge kmetijske aplikacije: Uporablja se lahko tudi pri aplikacijah, kot so sejanje, \u0161kropljenje in baliranje sena, kjer je potrebna hidravli\u010dna sila.<\/p>\n<p>Skratka, 10026 vro\u010de prodajan kmetijski hidravli\u010dni dvosmerni cilinder je zanesljiva in u\u010dinkovita hidravli\u010dna komponenta, ki izbolj\u0161uje zmogljivost traktorjev pri razli\u010dnih kmetijskih opravilih. S svojo robustno konstrukcijo in vsestransko zasnovo ponuja potrebno silo in natan\u010dnost za \u0161irok spekter uporabe v kmetijski industriji.<\/p>\n<p><img decoding=\"async\" src=\"https:\/\/hzpt.com\/wp-content\/uploads\/2023\/12\/insert-4.webp?v=1694163707\" alt=\"\" title=\"\"><\/p>\n<h2>Prednosti varjenega cilindra s kle\u0161\u010dami<\/h2>\n<p>Varjeni cilindri z vidno glavo so zaradi svojih edinstvenih prednosti in koristi priljubljena izbira za \u0161tevilne industrijske aplikacije. Tukaj je nekaj klju\u010dnih prednosti varjenih cilindrov z vidno glavo:<\/p>\n<h3>1. Pove\u010dana trdnost in vzdr\u017eljivost<\/h3>\n<p>Varjeni cilindri z vidno glavo so izdelani z varjenim kon\u010dnim pokrovom, ki zagotavlja ve\u010djo trdnost in vzdr\u017eljivost v primerjavi z drugimi vrstami cilindrov. Zaradi tega so idealni za te\u017eke aplikacije, ki zahtevajo visoko stopnjo trdnosti in vzdr\u017eljivosti.<\/p>\n<p>Poleg tega varjena zasnova teh jeklenk pomeni, da je manj verjetno, da bodo pu\u0161\u010dale ali odpovedale, kar lahko pomaga zmanj\u0161ati izpade in stro\u0161ke vzdr\u017eevanja.<\/p>\n<h3>2. Sposobnost obvladovanja visokega pritiska<\/h3>\n<p>Varjeni cilindri z vidno glavo so primerni tudi za visokotla\u010dne aplikacije, zaradi \u010desar so priljubljena izbira v panogah, kot so gradbeni\u0161tvo, rudarstvo ter naftna in plinska industrija. Njihova sposobnost obvladovanja visokega tlaka zagotavlja zanesljivo delovanje v zahtevnih okoljih.<\/p>\n<h3>3. Prilagodljiva oblika<\/h3>\n<p>Varjene cilindre z vidno glavo je mogo\u010de oblikovati po meri, da ustrezajo specifi\u010dnim potrebam aplikacije. To pomeni, da jih je mogo\u010de prilagoditi dolo\u010deni velikosti, obliki ali zahtevam glede zmogljivosti. Prilagodljiva zasnova omogo\u010da tudi ve\u010djo fleksibilnost v proizvodnem procesu, kar lahko privede do prihranka stro\u0161kov.<\/p>\n<h3>4. Enostavna namestitev<\/h3>\n<p>Varjeni cilindri z vidno glavo so zasnovani za enostavno namestitev, kar pomaga skraj\u0161ati \u010das nastavitve in stro\u0161ke dela. Obi\u010dajno so vnaprej sestavljeni in pripravljeni za uporabo takoj po razpakiranju, kar zmanj\u0161a potrebo po dodatnih delih ali komponentah.<\/p>\n<h3>5. Izbolj\u0161ana zmogljivost<\/h3>\n<p>Zasnova varjenih cilindrov z vidno glavo omogo\u010da bolj\u0161o zmogljivost v primerjavi z drugimi vrstami cilindrov. Sposobni so ustvariti ve\u010djo silo na enoto tlaka, kar lahko pomaga izbolj\u0161ati u\u010dinkovitost in produktivnost v industrijskih aplikacijah.<\/p>\n<p>Na splo\u0161no varjeni cilindri z vidno glavo ponujajo vrsto prednosti in koristi, zaradi katerih so priljubljena izbira za \u0161tevilne industrijske aplikacije. Zaradi ve\u010dje trdnosti in vzdr\u017eljivosti, sposobnosti prena\u0161anja visokega tlaka, prilagodljive zasnove, enostavne namestitve in izbolj\u0161ane zmogljivosti so idealna izbira za zahtevna okolja, kjer sta zanesljivost in zmogljivost klju\u010dnega pomena.<\/p>\n<p><img decoding=\"async\" src=\"https:\/\/hzpt.com\/wp-content\/uploads\/2023\/12\/insert-2.webp\" alt=\"\" title=\"\"><\/p>\n<h2>Uporaba varjenega cilindra tipa Clevis<\/h2>\n<ul>\n<li><strong>Industrijski stroji:<\/strong> Varjeni cilindri z vidno glavo se pogosto uporabljajo v razli\u010dnih industrijskih strojih za te\u017eke aplikacije. Ti cilindri so sposobni ustvariti veliko silo za dvigovanje in stiskanje komponent v strojih. Varjena zasnova z vidno glavo omogo\u010da enostavno namestitev in u\u010dinkovito delovanje, zaradi \u010desar so priljubljena izbira med proizvajalci.\n<ul>\n<li>V predelovalni industriji se varjeni cilindri s \u010depnim zglobom uporabljajo v hidravli\u010dnih stiskalnicah, strojih za brizganje plastike in opremi za vtiskovanje kovin, da zagotovijo potrebno silo za oblikovanje kovinskih plo\u0161\u010d.<\/li>\n<li>V avtomobilski industriji se ti cilindri uporabljajo v avtomobilskih dvigalkah, dvigalih in monta\u017enih strojih za dvigovanje te\u017ekih komponent med proizvodnim procesom.<\/li>\n<li>V gradbeni industriji se varjeni cilindri tipa Clevis uporabljajo v \u017eerjavih, bagrih in buldo\u017eerjih za pogon hidravli\u010dnih sistemov, ki dvigujejo in premikajo te\u017eke tovore.<\/li>\n<\/ul>\n<\/li>\n<li><strong>Kmetijska mehanizacija:<\/strong> Kmetijska mehanizacija je eno najpomembnej\u0161ih podro\u010dij, kjer se uporabljajo varjeni cilindri z vidno glavo. Ti cilindri se uporabljajo v razli\u010dnih kmetijskih strojih, vklju\u010dno s traktorji, \u017eetvenimi stroji in plugi, da zagotovijo potrebno silo za pripravo tal, sajenje in \u017eetev.\n<ul>\n<li>V kmetijski industriji se varjeni cilindri tipa Clevis uporabljajo v plugih, kultivatorjih in sejalnicah, da zagotovijo potrebno silo za pripravo tal in setev semen.<\/li>\n<li>V industriji \u017eetve se ti cilindri uporabljajo v \u017eetvenih strojih, balirnih strojih in kosilnicah za pogon hidravli\u010dnih sistemov, ki zbirajo in preva\u017eajo pridelke.<\/li>\n<\/ul>\n<\/li>\n<li><strong>Vesoljska in obrambna industrija:<\/strong> Varjeni cilindri s vidno glavo se uporabljajo tudi v letalski in obrambni industriji, kjer se uporabljajo v \u0161tevilnih aplikacijah za letala, rakete, izstrelke in obrambne sisteme.\n<ul>\n<li>V letalski in vesoljski industriji se varjeni cilindri z vidno glavo uporabljajo v podvozjih letal, zakrilcih in zavorah, da zagotovijo potrebno silo za vzlet in pristanek.<\/li>\n<li>V obrambni industriji se ti cilindri uporabljajo v raketnih izstrelitvah, topovskih kupolah in tankovskih sistemih za pogon hidravli\u010dnih sistemov, ki nadzorujejo gibanje oro\u017eja in streliva.<\/li>\n<\/ul>\n<\/li>\n<li><strong>Pomorska industrija:<\/strong> Varjeni cilindri s vidno glavo se pogosto uporabljajo tudi v pomorski industriji, kjer se uporabljajo v razli\u010dnih aplikacijah za ladje, \u010dolne in podvodna vozila.\n<ul>\n<li>V ladijski industriji se varjeni cilindri tipa Clevis uporabljajo v \u017eerjavih, vitlih in opremi za ravnanje s tovorom, da zagotovijo potrebno silo za nakladanje in razkladanje tovora.<\/li>\n<li>V \u010dolnarstvu se ti cilindri uporabljajo v krmilnih sistemih, propelerjih in sidrnih sistemih za zagotavljanje potrebne sile za nadzor gibanja \u010dolnov in ladij.<\/li>\n<li>V industriji podvodnih vozil se varjeni cilindri s vidno glavo uporabljajo v podmornicah, daljinsko upravljanih vozilih (ROV) in potaplja\u0161ki opremi za zagotavljanje potrebne sile za podvodne operacije.<\/li>\n<\/ul>\n<\/li>\n<li><strong>Rudarska industrija:<\/strong> Varjeni cilindri s vidno glavo se uporabljajo tudi v rudarski industriji, kjer se uporabljajo v razli\u010dnih aplikacijah za pridobivanje mineralov in ravnanje z materiali.\n<ul>\n<li>V rudarski industriji se varjeni cilindri tipa Clevis uporabljajo v transportnih sistemih, vrtalnih strojih in hidravli\u010dnih bagrih, da zagotovijo potrebno silo za pridobivanje mineralov in materialov iz rudnikov in kamnolomov.<\/li>\n<\/ul>\n<\/li>\n<\/ul>\n<h2>Kako izbrati in zamenjati hidravli\u010dno olje in tesnila?<\/h2>\n<p>Izbira pravega hidravli\u010dnega olja in tesnil je odvisna od delovnih pogojev in priporo\u010dil proizvajalca. Za pravo\u010dasno zamenjavo je potreben redni pregled.<\/p>\n<h2>Promocija podjetja in izdelka<\/h2>\n<p>FMP je vodilni ponudnik hidravli\u010dnih cilindrov v Italiji. Na\u0161a ponudba izdelkov vklju\u010duje hidravli\u010dne nagibne cilindre, hidravli\u010dne krmilne cilindre in hidravli\u010dne dvi\u017ene cilindre. S proizvodno zmogljivostjo 200.000 kompletov imamo 300 kompletov razli\u010dne avtomatske CNC proizvodne opreme in popolnoma avtomatsko opremo za monta\u017eo hidravli\u010dnih cilindrov.<\/p>\n<p>Pri FMP smo ponosni na to, da zagotavljamo kakovostne izdelke po dostopnih cenah in izjemno storitev za stranke. Dobavljamo tudi cilindre za delovne plo\u0161\u010dadi, hidravli\u010dne cilindre za industrijska vozila, cilindre za rotacijske vrtalne stroje, cilindre za avtodvigala, hidravli\u010dne cilindre za gradbeno mehanizacijo, <b>Hidravli\u010dni cilindri za vili\u010darje<\/b>, cilindri za rudarske prekucnike, hidravli\u010dni cilindri za sanitarne stroje. Naro\u010dila po meri so dobrodo\u0161la.<\/p>\n<p><img decoding=\"async\" src=\"https:\/\/hzpt.com\/wp-content\/uploads\/2023\/12\/insert-5.webp\" alt=\"Na\u0161a tovarna\" title=\"\"><\/p>\n<h2>Pogosto zastavljena vpra\u0161anja<\/h2>\n<h3>Kak\u0161na je garancijska doba za hidravli\u010dni dvosmerni cilinder FMP?<\/h3>\n<p>Garancijska doba za na\u0161 izdelek je eno leto.<\/p>\n<h3>Ali lahko dobim prilagojen hidravli\u010dni dvosmerni cilinder?<\/h3>\n<p>Da, ponujamo prilagoditve za izpolnjevanje posebnih zahtev.<\/p>\n<h3>Kak\u0161en je dobavni rok?<\/h3>\n<p>Dobavni rok se razlikuje glede na koli\u010dino naro\u010dila in prilagoditve.<\/p>\n<h3>Ali ponujate tehni\u010dno podporo?<\/h3>\n<p>Da, na\u0161im strankam nudimo celovito tehni\u010dno podporo.<\/p>\n<h3>Kako pogosto naj menjam hidravli\u010dno olje?<\/h3>\n<p>Hidravli\u010dno olje je treba zamenjati v skladu z navodili proizvajalca ali \u010de je olje onesna\u017eeno.<\/p>\n<p>Avtor: CX<\/p>","protected":false},"excerpt":{"rendered":"<p>Product 10026 Hot Selling Agricultural Hydraulic Double Acting Cylinder For Tractor: The 10026 Hot Selling Agricultural Hydraulic Double Acting Cylinder is a high-quality and efficient hydraulic component specifically designed for tractors. This cylinder is built with precision and durability in mind, making it an excellent choice for agricultural applications. Key Features: 1. Double Acting Design: [&hellip;]<\/p>","protected":false},"featured_media":1127,"comment_status":"closed","ping_status":"closed","template":"","meta":{"_et_pb_use_builder":"","_et_pb_old_content":"","_et_gb_content_width":""},"product_brand":[],"product_cat":[36],"product_tag":[34,38],"class_list":{"0":"post-1034","1":"product","2":"type-product","3":"status-publish","4":"has-post-thumbnail","6":"product_cat-welded-clevis-type-cylinder","7":"product_tag-hydraulic-cylinder","8":"product_tag-welded-clevis-type-cylinder","10":"first","11":"instock","12":"product-type-simple"},"_links":{"self":[{"href":"https:\/\/fmp-components.com\/sl\/wp-json\/wp\/v2\/product\/1034","targetHints":{"allow":["GET"]}}],"collection":[{"href":"https:\/\/fmp-components.com\/sl\/wp-json\/wp\/v2\/product"}],"about":[{"href":"https:\/\/fmp-components.com\/sl\/wp-json\/wp\/v2\/types\/product"}],"replies":[{"embeddable":true,"href":"https:\/\/fmp-components.com\/sl\/wp-json\/wp\/v2\/comments?post=1034"}],"wp:featuredmedia":[{"embeddable":true,"href":"https:\/\/fmp-components.com\/sl\/wp-json\/wp\/v2\/media\/1127"}],"wp:attachment":[{"href":"https:\/\/fmp-components.com\/sl\/wp-json\/wp\/v2\/media?parent=1034"}],"wp:term":[{"taxonomy":"product_brand","embeddable":true,"href":"https:\/\/fmp-components.com\/sl\/wp-json\/wp\/v2\/product_brand?post=1034"},{"taxonomy":"product_cat","embeddable":true,"href":"https:\/\/fmp-components.com\/sl\/wp-json\/wp\/v2\/product_cat?post=1034"},{"taxonomy":"product_tag","embeddable":true,"href":"https:\/\/fmp-components.com\/sl\/wp-json\/wp\/v2\/product_tag?post=1034"}],"curies":[{"name":"delovni list","href":"https:\/\/api.w.org\/{rel}","templated":true}]}}